{"id":23701,"date":"2022-05-26T13:58:10","date_gmt":"2022-05-26T13:58:10","guid":{"rendered":"https:\/\/amrtop.com\/B2B\/?post_type=product&#038;p=23701"},"modified":"2023-06-16T13:11:51","modified_gmt":"2023-06-16T13:11:51","slug":"bride-de-serrage-a-bande-en-acier-inox","status":"publish","type":"product","link":"https:\/\/amrtop.net\/de\/produit\/bride-de-serrage-a-bande-en-acier-inox\/","title":{"rendered":"Bandspanner aus Edelstahl"},"content":{"rendered":"<h3>Bandspanner aus Edelstahl<\/h3>\n<p>Collier de serrage \u00e0 bande en acier inoxydable pour tubes en acier inoxydable mono paroi et double paroi isol\u00e9s. Il existe aussi en cuivre pour les conduits de fum\u00e9e isol\u00e9s rev\u00eatus de cuivre, les conduits normaux sont normalement en acier inox 316L et sont disponibles dans les diam\u00e8tres suivants\u00a0: 80 mm, 100 mm, 110 mm, 120 mm, 130 mm, 130 mm, 140 mm, 150 mm, 150 mm, 160 mm Journal officiel de l\u2019Union europ\u00e9enne, n\u00ba 230, n\u00ba 250, n\u00ba 300, n\u00ba 350, n\u00ba 400, n\u00ba 450, n\u00ba 500.<\/p>\n<p>Le fornemm 550 sur demande &#8211; Disponible jusqu\u2019au diam\u00e8tre int\u00e9rieur 800 sur demande<\/p>\n<h3><strong>Verwendung des <\/strong>Bandspanner aus Edelstahl<\/h3>\n<p>Le collier de serrage en acier inoxydable est n\u00e9cessaire pour serrer la jonction de deux tuyaux dans la r\u00e9alisation de conduits de chemin\u00e9e. Le collier de serrage permet de cr\u00e9er une continuit\u00e9 au point de jonction des deux canalisations et d\u2019\u00e9viter qu\u2019elles ne s\u2019\u00e9ventrent une fois install\u00e9es mais surtout pendant la phase de r\u00e9-ablation.<\/p>\n<h3><strong>Innen<\/strong><\/h3>\n<p><a href=\"https:\/\/wekos.it\/\">\u00d6fen, Herde und Holzherde<\/a>\u00a0-\u00a0<a href=\"https:\/\/www.greenpuros.com\/\">Kamine, \u00d6fen und Pelletkessel.<\/a><\/p>\n<h3><strong>Amrtop Ersatzteile und Zubeh\u00f6r Sortiment<\/strong><strong> \u00a0 \u00a0 \u00a0 \u00a0 \u00a0 \u00a0 \u00a0 \u00a0 \u00a0 \u00a0 \u00a0 \u00a0 \u00a0 \u00a0 \u00a0 \u00a0 \u00a0 \u00a0 \u00a0 \u00a0 \u00a0 \u00a0 \u00a0 \u00a0 \u00a0 \u00a0 \u00a0 \u00a0 \u00a0 \u00a0 \u00a0 \u00a0 \u00a0 \u00a0 \u00a0 \u00a0 \u00a0 \u00a0 \u00a0 \u00a0 \u00a0 \u00a0 \u00a0 \u00a0 \u00a0 \u00a0 \u00a0 \u00a0 \u00a0\u00a0<\/strong><\/h3>\n<p><a href=\"https:\/\/amrtop.com\/B2B\/categoria-prodotto\/canne-fumarie\/top-flex-sp-tubi-flessibili-inox\/\"><strong>Top flex SP - Tubi flessibili inox corrugati mono e doppia parete<\/strong><\/a><\/p>\n<p><a href=\"https:\/\/amrtop.com\/B2B\/categoria-prodotto\/canne-fumarie\/tubo-monoparete-acciaio-inox\/\"><strong>Sp - Tubo rigido mono parete inox aisi 316L<\/strong><\/a><\/p>\n<p><a href=\"https:\/\/amrtop.com\/B2B\/categoria-prodotto\/canne-fumarie\/isotop-flex-flessibile-coibentato\/\"><strong>Iso top flex - Tubo flessisbile doppia parete interno liscio coibentato<\/strong><\/a><\/p>\n<p><a href=\"https:\/\/amrtop.com\/B2B\/categoria-prodotto\/canne-fumarie\/dp-aria-doppia-parete-aria\/\"><strong>Dp air - Tubo doppia parete inox a camera d'aria<\/strong><\/a><\/p>\n<p><a href=\"https:\/\/amrtop.com\/B2B\/categoria-prodotto\/canne-fumarie\/dp-doppia-parete\/\"><strong>Dp - Tubo doppia parete inox coibentati 10 mm - 25 mm<\/strong><\/a><\/p>\n<p><a href=\"https:\/\/amrtop.com\/B2B\/categoria-prodotto\/canne-fumarie\/coax-top-coassiale\/\"><strong>Coax top - Tubo coassiale inox<\/strong><\/a><\/p>\n<p><a href=\"https:\/\/amrtop.com\/B2B\/categoria-prodotto\/canne-fumarie\/coax-pellet-tubo-coassiale-inox\/\"><strong>Coax pellet - Koaxialrohr aus rostfreiem Stahl<\/strong><\/a><\/p>\n<p><a href=\"https:\/\/amrtop.com\/B2B\/categoria-prodotto\/canne-fumarie\/biom-top\/\"><strong>Biom top - Tubi per stufe a pellet<\/strong><\/a><\/p>\n<p><a href=\"https:\/\/amrtop.com\/B2B\/categoria-prodotto\/canne-fumarie\/alutop-alluminio-estensibile\/\"><strong>Alu top - Tubo alluminio flessibile estensibile<\/strong><\/a><\/p>","protected":false},"excerpt":{"rendered":"<p>Bride de serrage \u00e0 bande en acier inox Collier de serrage \u00e0 bande en acier inoxydable pour tubes en acier inoxydable mono paroi et double paroi isol\u00e9s. Il existe aussi en cuivre pour les conduits de fum\u00e9e isol\u00e9s rev\u00eatus de cuivre, les conduits normaux sont normalement en acier inox 316L et sont disponibles dans les [&hellip;]<\/p>\n","protected":false},"featured_media":27765,"comment_status":"open","ping_status":"closed","template":"","meta":[],"product_brand":[],"product_cat":[1532],"product_tag":[],"class_list":{"0":"post-23701","1":"product","2":"type-product","3":"status-publish","4":"has-post-thumbnail","6":"product_cat-alutop-tube-en-aluminium-flexible-extensible","8":"first","9":"instock","10":"shipping-taxable","11":"purchasable","12":"product-type-variable"},"yoast_head":"<!-- This site is optimized with the Yoast SEO plugin v27.5 - https:\/\/yoast.com\/product\/yoast-seo-wordpress\/ -->\n<title>Bride de serrage \u00e0 bande en acier inox<\/title>\n<meta name=\"description\" content=\"Bride de serrage \u00e0 bande en acier inox - Bride de serrage des tuyaux de tuyau-chemin\u00e9e est n\u00e9cessaire pour serrer la jonction de deux tuyaux dans la phase de r\u00e9alisation de conduits de chemin\u00e9e\" \/>\n<meta name=\"robots\" content=\"index, follow, max-snippet:-1, max-image-preview:large, max-video-preview:-1\" \/>\n<link rel=\"canonical\" href=\"https:\/\/amrtop.net\/de\/produkt\/bride-de-serrage-a-bande-en-acier-inox\/\" \/>\n<meta property=\"og:locale\" content=\"de_DE\" \/>\n<meta property=\"og:type\" content=\"article\" \/>\n<meta property=\"og:title\" content=\"Bride de serrage \u00e0 bande en acier inox\" \/>\n<meta property=\"og:description\" content=\"Bride de serrage \u00e0 bande en acier inox - Bride de serrage des tuyaux de tuyau-chemin\u00e9e est n\u00e9cessaire pour serrer la jonction de deux tuyaux dans la phase de r\u00e9alisation de conduits de chemin\u00e9e\" \/>\n<meta property=\"og:url\" content=\"https:\/\/amrtop.net\/de\/produkt\/bride-de-serrage-a-bande-en-acier-inox\/\" \/>\n<meta property=\"og:site_name\" content=\"AMRTOP B2B \u00c9tranger - Achats r\u00e9serv\u00e9s au professionnel\" \/>\n<meta property=\"article:modified_time\" content=\"2023-06-16T13:11:51+00:00\" \/>\n<meta property=\"og:image\" content=\"https:\/\/amrtop.net\/wp-content\/uploads\/2022\/06\/AL107.jpg\" \/>\n\t<meta property=\"og:image:width\" content=\"640\" \/>\n\t<meta property=\"og:image:height\" content=\"640\" \/>\n\t<meta property=\"og:image:type\" content=\"image\/jpeg\" \/>\n<meta name=\"twitter:card\" content=\"summary_large_image\" \/>\n<meta name=\"twitter:label1\" content=\"Gesch\u00e4tzte Lesezeit\" \/>\n\t<meta name=\"twitter:data1\" content=\"2\u00a0Minuten\" \/>\n<script type=\"application\/ld+json\" class=\"yoast-schema-graph\">{\"@context\":\"https:\\\/\\\/schema.org\",\"@graph\":[{\"@type\":\"WebPage\",\"@id\":\"https:\\\/\\\/amrtop.net\\\/produit\\\/bride-de-serrage-a-bande-en-acier-inox\\\/\",\"url\":\"https:\\\/\\\/amrtop.net\\\/produit\\\/bride-de-serrage-a-bande-en-acier-inox\\\/\",\"name\":\"Bride de serrage \u00e0 bande en acier inox\",\"isPartOf\":{\"@id\":\"https:\\\/\\\/amrtop.net\\\/#website\"},\"primaryImageOfPage\":{\"@id\":\"https:\\\/\\\/amrtop.net\\\/produit\\\/bride-de-serrage-a-bande-en-acier-inox\\\/#primaryimage\"},\"image\":{\"@id\":\"https:\\\/\\\/amrtop.net\\\/produit\\\/bride-de-serrage-a-bande-en-acier-inox\\\/#primaryimage\"},\"thumbnailUrl\":\"https:\\\/\\\/amrtop.net\\\/wp-content\\\/uploads\\\/2022\\\/06\\\/AL107.jpg\",\"datePublished\":\"2022-05-26T13:58:10+00:00\",\"dateModified\":\"2023-06-16T13:11:51+00:00\",\"description\":\"Bride de serrage \u00e0 bande en acier inox - Bride de serrage des tuyaux de tuyau-chemin\u00e9e est n\u00e9cessaire pour serrer la jonction de deux tuyaux dans la phase de r\u00e9alisation de conduits de chemin\u00e9e\",\"breadcrumb\":{\"@id\":\"https:\\\/\\\/amrtop.net\\\/produit\\\/bride-de-serrage-a-bande-en-acier-inox\\\/#breadcrumb\"},\"inLanguage\":\"de\",\"potentialAction\":[{\"@type\":\"ReadAction\",\"target\":[\"https:\\\/\\\/amrtop.net\\\/produit\\\/bride-de-serrage-a-bande-en-acier-inox\\\/\"]}]},{\"@type\":\"ImageObject\",\"inLanguage\":\"de\",\"@id\":\"https:\\\/\\\/amrtop.net\\\/produit\\\/bride-de-serrage-a-bande-en-acier-inox\\\/#primaryimage\",\"url\":\"https:\\\/\\\/amrtop.net\\\/wp-content\\\/uploads\\\/2022\\\/06\\\/AL107.jpg\",\"contentUrl\":\"https:\\\/\\\/amrtop.net\\\/wp-content\\\/uploads\\\/2022\\\/06\\\/AL107.jpg\",\"width\":640,\"height\":640,\"caption\":\"Bride de serrage \u00e0 bande en acier inox - Bride de serrage des tuyaux de tuyau-chemin\u00e9e est n\u00e9cessaire pour serrer la jonction de deux tuyaux dans la phase de r\u00e9alisation de conduits de chemin\u00e9e\"},{\"@type\":\"BreadcrumbList\",\"@id\":\"https:\\\/\\\/amrtop.net\\\/produit\\\/bride-de-serrage-a-bande-en-acier-inox\\\/#breadcrumb\",\"itemListElement\":[{\"@type\":\"ListItem\",\"position\":1,\"name\":\"Home\",\"item\":\"https:\\\/\\\/amrtop.net\\\/\"},{\"@type\":\"ListItem\",\"position\":2,\"name\":\"Shop\",\"item\":\"https:\\\/\\\/amrtop.net\\\/negozio\\\/\"},{\"@type\":\"ListItem\",\"position\":3,\"name\":\"Bride de serrage \u00e0 bande en acier inox\"}]},{\"@type\":\"WebSite\",\"@id\":\"https:\\\/\\\/amrtop.net\\\/#website\",\"url\":\"https:\\\/\\\/amrtop.net\\\/\",\"name\":\"AMRTOP B2B \u00c9tranger - Achats r\u00e9serv\u00e9s au professionnel\",\"description\":\"Pi\u00e8ces de rechange et accessoires pour po\u00eales et chaudi\u00e8res - eCommerce B2B pour Clients Professionnels\",\"potentialAction\":[{\"@type\":\"SearchAction\",\"target\":{\"@type\":\"EntryPoint\",\"urlTemplate\":\"https:\\\/\\\/amrtop.net\\\/?s={search_term_string}\"},\"query-input\":{\"@type\":\"PropertyValueSpecification\",\"valueRequired\":true,\"valueName\":\"search_term_string\"}}],\"inLanguage\":\"de\"}]}<\/script>\n<!-- \/ Yoast SEO plugin. -->","yoast_head_json":{"title":"Bandspanner aus Edelstahl","description":"Bandklemme aus Edelstahl - Rohrklemme f\u00fcr Schornsteinrohre wird ben\u00f6tigt, um die Verbindung zweier Rohre in der Phase der Herstellung von Schornsteinkan\u00e4len zu klemmen.","robots":{"index":"index","follow":"follow","max-snippet":"max-snippet:-1","max-image-preview":"max-image-preview:large","max-video-preview":"max-video-preview:-1"},"canonical":"https:\/\/amrtop.net\/de\/produkt\/bride-de-serrage-a-bande-en-acier-inox\/","og_locale":"de_DE","og_type":"article","og_title":"Bride de serrage \u00e0 bande en acier inox","og_description":"Bride de serrage \u00e0 bande en acier inox - Bride de serrage des tuyaux de tuyau-chemin\u00e9e est n\u00e9cessaire pour serrer la jonction de deux tuyaux dans la phase de r\u00e9alisation de conduits de chemin\u00e9e","og_url":"https:\/\/amrtop.net\/de\/produkt\/bride-de-serrage-a-bande-en-acier-inox\/","og_site_name":"AMRTOP B2B \u00c9tranger - Achats r\u00e9serv\u00e9s au professionnel","article_modified_time":"2023-06-16T13:11:51+00:00","og_image":[{"width":640,"height":640,"url":"https:\/\/amrtop.net\/wp-content\/uploads\/2022\/06\/AL107.jpg","type":"image\/jpeg"}],"twitter_card":"summary_large_image","twitter_misc":{"Gesch\u00e4tzte Lesezeit":"2\u00a0Minuten"},"schema":{"@context":"https:\/\/schema.org","@graph":[{"@type":"WebPage","@id":"https:\/\/amrtop.net\/produit\/bride-de-serrage-a-bande-en-acier-inox\/","url":"https:\/\/amrtop.net\/produit\/bride-de-serrage-a-bande-en-acier-inox\/","name":"Bandspanner aus Edelstahl","isPartOf":{"@id":"https:\/\/amrtop.net\/#website"},"primaryImageOfPage":{"@id":"https:\/\/amrtop.net\/produit\/bride-de-serrage-a-bande-en-acier-inox\/#primaryimage"},"image":{"@id":"https:\/\/amrtop.net\/produit\/bride-de-serrage-a-bande-en-acier-inox\/#primaryimage"},"thumbnailUrl":"https:\/\/amrtop.net\/wp-content\/uploads\/2022\/06\/AL107.jpg","datePublished":"2022-05-26T13:58:10+00:00","dateModified":"2023-06-16T13:11:51+00:00","description":"Bandklemme aus Edelstahl - Rohrklemme f\u00fcr Schornsteinrohre wird ben\u00f6tigt, um die Verbindung zweier Rohre in der Phase der Herstellung von Schornsteinkan\u00e4len zu klemmen.","breadcrumb":{"@id":"https:\/\/amrtop.net\/produit\/bride-de-serrage-a-bande-en-acier-inox\/#breadcrumb"},"inLanguage":"de","potentialAction":[{"@type":"ReadAction","target":["https:\/\/amrtop.net\/produit\/bride-de-serrage-a-bande-en-acier-inox\/"]}]},{"@type":"ImageObject","inLanguage":"de","@id":"https:\/\/amrtop.net\/produit\/bride-de-serrage-a-bande-en-acier-inox\/#primaryimage","url":"https:\/\/amrtop.net\/wp-content\/uploads\/2022\/06\/AL107.jpg","contentUrl":"https:\/\/amrtop.net\/wp-content\/uploads\/2022\/06\/AL107.jpg","width":640,"height":640,"caption":"Bride de serrage \u00e0 bande en acier inox - Bride de serrage des tuyaux de tuyau-chemin\u00e9e est n\u00e9cessaire pour serrer la jonction de deux tuyaux dans la phase de r\u00e9alisation de conduits de chemin\u00e9e"},{"@type":"BreadcrumbList","@id":"https:\/\/amrtop.net\/produit\/bride-de-serrage-a-bande-en-acier-inox\/#breadcrumb","itemListElement":[{"@type":"ListItem","position":1,"name":"Home","item":"https:\/\/amrtop.net\/"},{"@type":"ListItem","position":2,"name":"Shop","item":"https:\/\/amrtop.net\/negozio\/"},{"@type":"ListItem","position":3,"name":"Bride de serrage \u00e0 bande en acier inox"}]},{"@type":"WebSite","@id":"https:\/\/amrtop.net\/#website","url":"https:\/\/amrtop.net\/","name":"AMRTOP B2B Ausland - Einkaufen nur f\u00fcr Fachleute","description":"Ersatzteile und Zubeh\u00f6r f\u00fcr \u00d6fen und Heizkessel - B2B eCommerce f\u00fcr Gesch\u00e4ftskunden","potentialAction":[{"@type":"SearchAction","target":{"@type":"EntryPoint","urlTemplate":"https:\/\/amrtop.net\/?s={search_term_string}"},"query-input":{"@type":"PropertyValueSpecification","valueRequired":true,"valueName":"search_term_string"}}],"inLanguage":"de"}]}},"_links":{"self":[{"href":"https:\/\/amrtop.net\/de\/wp-json\/wp\/v2\/product\/23701","targetHints":{"allow":["GET"]}}],"collection":[{"href":"https:\/\/amrtop.net\/de\/wp-json\/wp\/v2\/product"}],"about":[{"href":"https:\/\/amrtop.net\/de\/wp-json\/wp\/v2\/types\/product"}],"replies":[{"embeddable":true,"href":"https:\/\/amrtop.net\/de\/wp-json\/wp\/v2\/comments?post=23701"}],"wp:featuredmedia":[{"embeddable":true,"href":"https:\/\/amrtop.net\/de\/wp-json\/wp\/v2\/media\/27765"}],"wp:attachment":[{"href":"https:\/\/amrtop.net\/de\/wp-json\/wp\/v2\/media?parent=23701"}],"wp:term":[{"taxonomy":"product_brand","embeddable":true,"href":"https:\/\/amrtop.net\/de\/wp-json\/wp\/v2\/product_brand?post=23701"},{"taxonomy":"product_cat","embeddable":true,"href":"https:\/\/amrtop.net\/de\/wp-json\/wp\/v2\/product_cat?post=23701"},{"taxonomy":"product_tag","embeddable":true,"href":"https:\/\/amrtop.net\/de\/wp-json\/wp\/v2\/product_tag?post=23701"}],"curies":[{"name":"wp","href":"https:\/\/api.w.org\/{rel}","templated":true}]}}