{"id":23722,"date":"2022-05-26T14:47:07","date_gmt":"2022-05-26T14:47:07","guid":{"rendered":"https:\/\/amrtop.com\/B2B\/?post_type=product&#038;p=23722"},"modified":"2023-06-10T13:52:25","modified_gmt":"2023-06-10T13:52:25","slug":"f2l02-lineares-rohr-von-075-m","status":"publish","type":"product","link":"https:\/\/amrtop.net\/de\/produit\/f2l02-tube-lineaire-de-075-m\/","title":{"rendered":"F2L02... - Lineares Rohr mit 0,75 m L\u00e4nge"},"content":{"rendered":"<p><strong>Schwarze R\u00f6hren linear 0.75 m FERTOP 2.0<\/strong><\/p>\n<p>Das einseitige System FERTOP 2.0 LEGNA besteht aus starren modularen Elementen aus mattschwarz lackiertem Kohlenstoffstahl mit einer Dicke von 2 mm, die sich verj\u00fcngen, um neben der perfekten Dichtigkeit des Rauchabzugs auch eine hohe \u00e4sthetische Qualit\u00e4t zu gew\u00e4hrleisten.<\/p>\n<p>Die Elemente erf\u00fcllen die Anforderungen f\u00fcr die CE-Kennzeichnung gem\u00e4\u00df EN 1856-2 und haben eine Pfropfung mit verj\u00fcngtem m\u00e4nnlichem Becher.<\/p>\n<p>Ideal f\u00fcr Generatoren, die im Unterdruck mit festen Brennstoffen und sehr hohen Temperaturen (bis 600 \u00baC) betrieben werden.<strong>Riferimento<\/strong><strong> normativo e designazione<\/strong><\/p>\n<p><strong>Rechtsverweis und Bezeichnung<\/strong><\/p>\n<p>Kennzeichnung des Produkts nach der europ\u00e4ischen Vorschrift EN 1856-2.<\/p>\n<p>T600 N1 D Vm L01200 Gxxx NM (xxx = \u00d8 X 3)<\/p>\n<p>T600 N1 D Vm L01200 G800 M \u00d8 200<\/p>\n<p><strong>Anwendung<\/strong><\/p>\n<p>Innere Installation.<\/p>\n<p><strong>Verwendung Schwarze R\u00f6hren linear 0.75 m FERTOP 2.0<\/strong><\/p>\n<p>Sch\u00e4chte, Rauchabz\u00fcge, Metallschornsteine, gekoppelt mit W\u00e4rmeerzeugern vom Typ Ofen und Schornstein.<\/p>\n<p><strong>Verf\u00fcgbare Durchmesser - mm 120 - 130 - 140 - 150 - 180 - 200<\/strong><\/p>\n<p><strong>Sortiment an Rauchsystemen von AMR TOP\u00a0\u00a0\u00a0\u00a0\u00a0\u00a0 <\/strong><\/p>\n<p><a href=\"https:\/\/amrtop.net\/de\/produktkategorie\/rauchkanale-2\/tuyaux-flexibles-en-acier-inoxydable\/\"><strong>TOP FLEX SP - Flexible Rohre aus gewelltem Edelstahl, ein- und doppelwandig<\/strong><\/a><\/p>\n<p><a href=\"https:\/\/amrtop.net\/de\/produktkategorie\/rauchkanale-2\/tube-rigide-monoparete-en-acier-inoxydable\/\"><strong>SP - Einwandiges starres Rohr aus Edelstahl AISI 316L<\/strong><\/a><\/p>\n<p><strong><u><a href=\"https:\/\/amrtop.net\/de\/produktkategorie\/rauchkanale-2\/tube-flexible-inox-aisi-316-l-interieur-lisse-isole\/\">ISOTOP FLEX - Flexibles Rohr aus Edelstahl AISI 316L innen glatt isoliert \u00a0<\/a><\/u><\/strong><\/p>\n<p><strong><u><a href=\"https:\/\/amrtop.net\/de\/produktkategorie\/rauchkanale-2\/dp-air-tube-double-paroi-inox-a-chambre-dair\/\">DP AIR - Doppelwandiges Edelstahlrohr mit Luftkammern<\/a><\/u><\/strong><\/p>\n<p><strong><u><a href=\"https:\/\/amrtop.net\/de\/produktkategorie\/rauchkanale-2\/tube-coaxial-inox\/\">DP - Isoliertes doppelwandiges Rohr 10 mm - 25 mm<\/a><\/u><\/strong><\/p>\n<p><strong><a href=\"https:\/\/amrtop.net\/de\/produktkategorie\/rauchkanale-2\/tube-coaxial-inox\/\">COAX TOP - Koaxialrohr aus Edelstahl aus PPS und PPS\/Edelstahl<\/a><\/strong><\/p>\n<p><strong><u><a href=\"https:\/\/amrtop.net\/de\/produktkategorie\/rauchkanale-2\/tuyau-coaxial-inox-inox-black\/\">COAX PELLET - Koaxialrohr aus rostfreiem Stahl<\/a><\/u><\/strong><\/p>\n<p><strong><u><a href=\"https:\/\/amrtop.net\/de\/produktkategorie\/rauchkanale-2\/conduits-de-fumee-des-appareils-a-biomasse\/\">BIOM TOP - Rohre f\u00fcr Pellet- und Holz\u00f6fen<\/a><\/u><\/strong><\/p>\n<p><strong><u>\u00a0<\/u><\/strong><\/p>","protected":false},"excerpt":{"rendered":"<p>Tubes-noirs lin\u00e9aire de 0.75 m FERTOP 2.0 Le syst\u00e8me monoparete FERTOP 2.0 LEGNA est compos\u00e9 par des \u00e9l\u00e9ments modulaires rigides, r\u00e9alis\u00e9s en acier au carbone verni noir mat d\u2019une \u00e9paisseur de 2 mm effil\u00e9 pour assurer, avec l\u2019\u00e9tanch\u00e9it\u00e9 parfaite dans l\u2019\u00e9vacuation des fum\u00e9es, haute qualit\u00e9 esth\u00e9tique. Les \u00e9l\u00e9ments sont conformes aux normes pr\u00e9vues par marquage [&hellip;]<\/p>\n","protected":false},"featured_media":30887,"comment_status":"open","ping_status":"closed","template":"","meta":[],"product_brand":[],"product_cat":[1547,1550],"product_tag":[],"class_list":{"0":"post-23722","1":"product","2":"type-product","3":"status-publish","4":"has-post-thumbnail","6":"product_cat-conduits-de-fumee-des-appareils-a-biomasse","7":"product_cat-fertop-2-0-tubes-pour-poeles-a-bois-epaisseur-2-mm","9":"first","10":"instock","11":"shipping-taxable","12":"purchasable","13":"product-type-variable"},"yoast_head":"<!-- This site is optimized with the Yoast SEO plugin v27.5 - https:\/\/yoast.com\/product\/yoast-seo-wordpress\/ -->\n<title>Tubes-noirs lin\u00e9aire de 0.75 m FERTOP 2.0<\/title>\n<meta name=\"description\" content=\"Tubes-noirs lin\u00e9aire de 0.75 m FERTOP 2.0 - Conduit de fum\u00e9e pour appareils \u00e0 biomasse \u00e9paisseur 0,4 - 0,8 - 1,2 - 2,0 mm pour po\u00eales \u00e0 pellets et bois - Conduit de chemin\u00e9e en m\u00e9tal et acier inox peint noir mat et brillant - Tuyau de vidange des fum\u00e9es de diff\u00e9rents diam\u00e8tres.\" \/>\n<meta name=\"robots\" content=\"index, follow, max-snippet:-1, max-image-preview:large, max-video-preview:-1\" \/>\n<link rel=\"canonical\" href=\"https:\/\/amrtop.net\/de\/produkt\/f2l02-lineares-rohr-von-075-m\/\" \/>\n<meta property=\"og:locale\" content=\"de_DE\" \/>\n<meta property=\"og:type\" content=\"article\" \/>\n<meta property=\"og:title\" content=\"Tubes-noirs lin\u00e9aire de 0.75 m FERTOP 2.0\" \/>\n<meta property=\"og:description\" content=\"Tubes-noirs lin\u00e9aire de 0.75 m FERTOP 2.0 - Conduit de fum\u00e9e pour appareils \u00e0 biomasse \u00e9paisseur 0,4 - 0,8 - 1,2 - 2,0 mm pour po\u00eales \u00e0 pellets et bois - Conduit de chemin\u00e9e en m\u00e9tal et acier inox peint noir mat et brillant - Tuyau de vidange des fum\u00e9es de diff\u00e9rents diam\u00e8tres.\" \/>\n<meta property=\"og:url\" content=\"https:\/\/amrtop.net\/de\/produkt\/f2l02-lineares-rohr-von-075-m\/\" \/>\n<meta property=\"og:site_name\" content=\"AMRTOP B2B \u00c9tranger - Achats r\u00e9serv\u00e9s au professionnel\" \/>\n<meta property=\"article:modified_time\" content=\"2023-06-10T13:52:25+00:00\" \/>\n<meta property=\"og:image\" content=\"https:\/\/amrtop.net\/wp-content\/uploads\/2022\/05\/f2l02.jpg\" \/>\n\t<meta property=\"og:image:width\" content=\"640\" \/>\n\t<meta property=\"og:image:height\" content=\"640\" \/>\n\t<meta property=\"og:image:type\" content=\"image\/jpeg\" \/>\n<meta name=\"twitter:card\" content=\"summary_large_image\" \/>\n<meta name=\"twitter:label1\" content=\"Gesch\u00e4tzte Lesezeit\" \/>\n\t<meta name=\"twitter:data1\" content=\"2\u00a0Minuten\" \/>\n<script type=\"application\/ld+json\" class=\"yoast-schema-graph\">{\"@context\":\"https:\\\/\\\/schema.org\",\"@graph\":[{\"@type\":\"WebPage\",\"@id\":\"https:\\\/\\\/amrtop.net\\\/produit\\\/f2l02-tube-lineaire-de-075-m\\\/\",\"url\":\"https:\\\/\\\/amrtop.net\\\/produit\\\/f2l02-tube-lineaire-de-075-m\\\/\",\"name\":\"Tubes-noirs lin\u00e9aire de 0.75 m FERTOP 2.0\",\"isPartOf\":{\"@id\":\"https:\\\/\\\/amrtop.net\\\/#website\"},\"primaryImageOfPage\":{\"@id\":\"https:\\\/\\\/amrtop.net\\\/produit\\\/f2l02-tube-lineaire-de-075-m\\\/#primaryimage\"},\"image\":{\"@id\":\"https:\\\/\\\/amrtop.net\\\/produit\\\/f2l02-tube-lineaire-de-075-m\\\/#primaryimage\"},\"thumbnailUrl\":\"https:\\\/\\\/amrtop.net\\\/wp-content\\\/uploads\\\/2022\\\/05\\\/f2l02.jpg\",\"datePublished\":\"2022-05-26T14:47:07+00:00\",\"dateModified\":\"2023-06-10T13:52:25+00:00\",\"description\":\"Tubes-noirs lin\u00e9aire de 0.75 m FERTOP 2.0 - Conduit de fum\u00e9e pour appareils \u00e0 biomasse \u00e9paisseur 0,4 - 0,8 - 1,2 - 2,0 mm pour po\u00eales \u00e0 pellets et bois - Conduit de chemin\u00e9e en m\u00e9tal et acier inox peint noir mat et brillant - Tuyau de vidange des fum\u00e9es de diff\u00e9rents diam\u00e8tres.\",\"breadcrumb\":{\"@id\":\"https:\\\/\\\/amrtop.net\\\/produit\\\/f2l02-tube-lineaire-de-075-m\\\/#breadcrumb\"},\"inLanguage\":\"de\",\"potentialAction\":[{\"@type\":\"ReadAction\",\"target\":[\"https:\\\/\\\/amrtop.net\\\/produit\\\/f2l02-tube-lineaire-de-075-m\\\/\"]}]},{\"@type\":\"ImageObject\",\"inLanguage\":\"de\",\"@id\":\"https:\\\/\\\/amrtop.net\\\/produit\\\/f2l02-tube-lineaire-de-075-m\\\/#primaryimage\",\"url\":\"https:\\\/\\\/amrtop.net\\\/wp-content\\\/uploads\\\/2022\\\/05\\\/f2l02.jpg\",\"contentUrl\":\"https:\\\/\\\/amrtop.net\\\/wp-content\\\/uploads\\\/2022\\\/05\\\/f2l02.jpg\",\"width\":640,\"height\":640,\"caption\":\"Tubes-noirs lin\u00e9aire de 0.75 m FERTOP 2.0 - Conduit de fum\u00e9e pour appareils \u00e0 biomasse \u00e9paisseur 0,4 - 0,8 - 1,2 - 2,0 mm pour po\u00eales \u00e0 pellets et bois - Conduit de chemin\u00e9e en m\u00e9tal et acier inox peint noir mat et brillant - Tuyau de vidange des fum\u00e9es de diff\u00e9rents diam\u00e8tres.\"},{\"@type\":\"BreadcrumbList\",\"@id\":\"https:\\\/\\\/amrtop.net\\\/produit\\\/f2l02-tube-lineaire-de-075-m\\\/#breadcrumb\",\"itemListElement\":[{\"@type\":\"ListItem\",\"position\":1,\"name\":\"Home\",\"item\":\"https:\\\/\\\/amrtop.net\\\/\"},{\"@type\":\"ListItem\",\"position\":2,\"name\":\"Shop\",\"item\":\"https:\\\/\\\/amrtop.net\\\/negozio\\\/\"},{\"@type\":\"ListItem\",\"position\":3,\"name\":\"F2L02&#8230; &#8211; Tube lin\u00e9aire de 0,75 m\"}]},{\"@type\":\"WebSite\",\"@id\":\"https:\\\/\\\/amrtop.net\\\/#website\",\"url\":\"https:\\\/\\\/amrtop.net\\\/\",\"name\":\"AMRTOP B2B \u00c9tranger - Achats r\u00e9serv\u00e9s au professionnel\",\"description\":\"Pi\u00e8ces de rechange et accessoires pour po\u00eales et chaudi\u00e8res - eCommerce B2B pour Clients Professionnels\",\"potentialAction\":[{\"@type\":\"SearchAction\",\"target\":{\"@type\":\"EntryPoint\",\"urlTemplate\":\"https:\\\/\\\/amrtop.net\\\/?s={search_term_string}\"},\"query-input\":{\"@type\":\"PropertyValueSpecification\",\"valueRequired\":true,\"valueName\":\"search_term_string\"}}],\"inLanguage\":\"de\"}]}<\/script>\n<!-- \/ Yoast SEO plugin. -->","yoast_head_json":{"title":"Schwarze R\u00f6hren linear 0.75 m FERTOP 2.0","description":"Schwarze Rohre linear 0.75 m FERTOP 2.0 - Rauchrohr f\u00fcr Biomasseger\u00e4te Dicke 0,4 - 0,8 - 1,2 - 2,0 mm f\u00fcr Pellet- und Holz\u00f6fen - Kaminrohr aus Metall und Edelstahl, mattschwarz und gl\u00e4nzend lackiert - Rauchabzugsrohr in verschiedenen Durchmessern.","robots":{"index":"index","follow":"follow","max-snippet":"max-snippet:-1","max-image-preview":"max-image-preview:large","max-video-preview":"max-video-preview:-1"},"canonical":"https:\/\/amrtop.net\/de\/produkt\/f2l02-lineares-rohr-von-075-m\/","og_locale":"de_DE","og_type":"article","og_title":"Tubes-noirs lin\u00e9aire de 0.75 m FERTOP 2.0","og_description":"Tubes-noirs lin\u00e9aire de 0.75 m FERTOP 2.0 - Conduit de fum\u00e9e pour appareils \u00e0 biomasse \u00e9paisseur 0,4 - 0,8 - 1,2 - 2,0 mm pour po\u00eales \u00e0 pellets et bois - Conduit de chemin\u00e9e en m\u00e9tal et acier inox peint noir mat et brillant - Tuyau de vidange des fum\u00e9es de diff\u00e9rents diam\u00e8tres.","og_url":"https:\/\/amrtop.net\/de\/produkt\/f2l02-lineares-rohr-von-075-m\/","og_site_name":"AMRTOP B2B \u00c9tranger - Achats r\u00e9serv\u00e9s au professionnel","article_modified_time":"2023-06-10T13:52:25+00:00","og_image":[{"width":640,"height":640,"url":"https:\/\/amrtop.net\/wp-content\/uploads\/2022\/05\/f2l02.jpg","type":"image\/jpeg"}],"twitter_card":"summary_large_image","twitter_misc":{"Gesch\u00e4tzte Lesezeit":"2\u00a0Minuten"},"schema":{"@context":"https:\/\/schema.org","@graph":[{"@type":"WebPage","@id":"https:\/\/amrtop.net\/produit\/f2l02-tube-lineaire-de-075-m\/","url":"https:\/\/amrtop.net\/produit\/f2l02-tube-lineaire-de-075-m\/","name":"Schwarze R\u00f6hren linear 0.75 m FERTOP 2.0","isPartOf":{"@id":"https:\/\/amrtop.net\/#website"},"primaryImageOfPage":{"@id":"https:\/\/amrtop.net\/produit\/f2l02-tube-lineaire-de-075-m\/#primaryimage"},"image":{"@id":"https:\/\/amrtop.net\/produit\/f2l02-tube-lineaire-de-075-m\/#primaryimage"},"thumbnailUrl":"https:\/\/amrtop.net\/wp-content\/uploads\/2022\/05\/f2l02.jpg","datePublished":"2022-05-26T14:47:07+00:00","dateModified":"2023-06-10T13:52:25+00:00","description":"Schwarze Rohre linear 0.75 m FERTOP 2.0 - Rauchrohr f\u00fcr Biomasseger\u00e4te Dicke 0,4 - 0,8 - 1,2 - 2,0 mm f\u00fcr Pellet- und Holz\u00f6fen - Kaminrohr aus Metall und Edelstahl, mattschwarz und gl\u00e4nzend lackiert - Rauchabzugsrohr in verschiedenen Durchmessern.","breadcrumb":{"@id":"https:\/\/amrtop.net\/produit\/f2l02-tube-lineaire-de-075-m\/#breadcrumb"},"inLanguage":"de","potentialAction":[{"@type":"ReadAction","target":["https:\/\/amrtop.net\/produit\/f2l02-tube-lineaire-de-075-m\/"]}]},{"@type":"ImageObject","inLanguage":"de","@id":"https:\/\/amrtop.net\/produit\/f2l02-tube-lineaire-de-075-m\/#primaryimage","url":"https:\/\/amrtop.net\/wp-content\/uploads\/2022\/05\/f2l02.jpg","contentUrl":"https:\/\/amrtop.net\/wp-content\/uploads\/2022\/05\/f2l02.jpg","width":640,"height":640,"caption":"Tubes-noirs lin\u00e9aire de 0.75 m FERTOP 2.0 - Conduit de fum\u00e9e pour appareils \u00e0 biomasse \u00e9paisseur 0,4 - 0,8 - 1,2 - 2,0 mm pour po\u00eales \u00e0 pellets et bois - Conduit de chemin\u00e9e en m\u00e9tal et acier inox peint noir mat et brillant - Tuyau de vidange des fum\u00e9es de diff\u00e9rents diam\u00e8tres."},{"@type":"BreadcrumbList","@id":"https:\/\/amrtop.net\/produit\/f2l02-tube-lineaire-de-075-m\/#breadcrumb","itemListElement":[{"@type":"ListItem","position":1,"name":"Home","item":"https:\/\/amrtop.net\/"},{"@type":"ListItem","position":2,"name":"Shop","item":"https:\/\/amrtop.net\/negozio\/"},{"@type":"ListItem","position":3,"name":"F2L02&#8230; &#8211; Tube lin\u00e9aire de 0,75 m"}]},{"@type":"WebSite","@id":"https:\/\/amrtop.net\/#website","url":"https:\/\/amrtop.net\/","name":"AMRTOP B2B Ausland - Einkaufen nur f\u00fcr Fachleute","description":"Ersatzteile und Zubeh\u00f6r f\u00fcr \u00d6fen und Heizkessel - B2B eCommerce f\u00fcr Gesch\u00e4ftskunden","potentialAction":[{"@type":"SearchAction","target":{"@type":"EntryPoint","urlTemplate":"https:\/\/amrtop.net\/?s={search_term_string}"},"query-input":{"@type":"PropertyValueSpecification","valueRequired":true,"valueName":"search_term_string"}}],"inLanguage":"de"}]}},"_links":{"self":[{"href":"https:\/\/amrtop.net\/de\/wp-json\/wp\/v2\/product\/23722","targetHints":{"allow":["GET"]}}],"collection":[{"href":"https:\/\/amrtop.net\/de\/wp-json\/wp\/v2\/product"}],"about":[{"href":"https:\/\/amrtop.net\/de\/wp-json\/wp\/v2\/types\/product"}],"replies":[{"embeddable":true,"href":"https:\/\/amrtop.net\/de\/wp-json\/wp\/v2\/comments?post=23722"}],"wp:featuredmedia":[{"embeddable":true,"href":"https:\/\/amrtop.net\/de\/wp-json\/wp\/v2\/media\/30887"}],"wp:attachment":[{"href":"https:\/\/amrtop.net\/de\/wp-json\/wp\/v2\/media?parent=23722"}],"wp:term":[{"taxonomy":"product_brand","embeddable":true,"href":"https:\/\/amrtop.net\/de\/wp-json\/wp\/v2\/product_brand?post=23722"},{"taxonomy":"product_cat","embeddable":true,"href":"https:\/\/amrtop.net\/de\/wp-json\/wp\/v2\/product_cat?post=23722"},{"taxonomy":"product_tag","embeddable":true,"href":"https:\/\/amrtop.net\/de\/wp-json\/wp\/v2\/product_tag?post=23722"}],"curies":[{"name":"wp","href":"https:\/\/api.w.org\/{rel}","templated":true}]}}