{"id":24719,"date":"2022-05-28T14:40:05","date_gmt":"2022-05-28T14:40:05","guid":{"rendered":"https:\/\/amrtop.com\/B2B\/?post_type=product&#038;p=24719"},"modified":"2023-06-13T13:05:18","modified_gmt":"2023-06-13T13:05:18","slug":"sp137-zwischenplatte","status":"publish","type":"product","link":"https:\/\/amrtop.net\/de\/produit\/sp137-plaque-intermediaire\/","title":{"rendered":"SP137... - Zwischenplatte"},"content":{"rendered":"<h3><strong> Zwischenplatte<\/strong><strong>\u00a0Edelstahl einwandig SP<\/strong><\/h3>\n<p>Das einwandige rostfreie System SP besteht aus starren, modularen Elementen mit einer klaren BA-Oberfl\u00e4che aus austenitischem Stahl AISI 316L BA (1.4404) mit einer Mindestst\u00e4rke von 0,4 mm.<\/p>\n<p>Entspricht den vorgeschriebenen Standards der CE-Kennzeichnung gem\u00e4\u00df EN 1856-1 und EN 1856-2.<\/p>\n<p>Modulare Elemente haben das klassische kalibrierte m\u00e4nnlich-weibliche Transplantat mit dreifacher Lippendichtung.<\/p>\n<p>Entsprechend der europ\u00e4ischen Vorschrift EN 14241-1 und mechanische Verbindung mit Sicherheitsflansch.<\/p>\n<h3><strong>Anwendung<\/strong><\/h3>\n<p>Innen- oder Au\u00dfeninstallation.<\/p>\n<h3><strong>Verwendung der einwandigen Edelstahl-Zwischenplatte SP<\/strong><\/h3>\n<p>Sch\u00e4chte, Rauchabz\u00fcge, Metallschornsteine, die von W\u00e4rmeerzeugern des atmosph\u00e4rischen Druck-, Gebl\u00e4se-, herk\u00f6mmlichen oder Kondensationstyps gesteuert werden, K\u00fcchenhauben f\u00fcr den industriellen oder h\u00e4uslichen Gebrauch, Holz\u00f6fen, Kamine, Pellet\u00f6fen.<\/p>\n<h3><strong>Verf\u00fcgbare Durchmesser<\/strong><\/h3>\n<p><strong>SP04 Dicke<\/strong> 0,4 mm - 50 - 60 - 80 - 100 - 120 - 125 - 130 - 140 - 150 - 160 - 180 - 200<\/p>\n<p><strong>SP05 Dicke<\/strong> 0,5 mm - 220 - 250 - 300 - 350 - 400<\/p>\n<p><strong>Durchmesser 450 - 500 auf Anfrage - Verf\u00fcgbar bis zu einem Durchmesser von 800 AUF ANFRAGE<\/strong><\/p>\n<p><strong>Sortiment an Rauchsystemen von AMR TOP\u00a0\u00a0\u00a0\u00a0\u00a0\u00a0 <\/strong><\/p>\n<p><a href=\"https:\/\/amrtop.net\/de\/produktkategorie\/rauchkanale-2\/tuyaux-flexibles-en-acier-inoxydable\/\"><strong>TOP FLEX SP - Flexible Rohre aus gewelltem Edelstahl, ein- und doppelwandig<\/strong><\/a><\/p>\n<p><a href=\"https:\/\/amrtop.net\/de\/produktkategorie\/rauchkanale-2\/tube-rigide-monoparete-en-acier-inoxydable\/\"><strong>SP - Einwandiges starres Rohr aus Edelstahl AISI 316L<\/strong><\/a><\/p>\n<p><a href=\"https:\/\/amrtop.net\/de\/produktkategorie\/rauchkanale-2\/tube-flexible-inox-aisi-316-l-interieur-lisse-isole\/\"><strong>ISOTOP FLEX - Flexibles Rohr aus Edelstahl AISI 316L innen glatt isoliert \u00a0<\/strong><\/a><\/p>\n<p><a href=\"https:\/\/amrtop.net\/de\/produktkategorie\/rauchkanale-2\/dp-air-tube-double-paroi-inox-a-chambre-dair\/\"><strong>DP AIR - Doppelwandiges Edelstahlrohr mit Luftkammern<\/strong><\/a><\/p>\n<p><a href=\"https:\/\/amrtop.net\/de\/produktkategorie\/rauchkanale-2\/tube-coaxial-inox\/\"><strong>DP - Isoliertes doppelwandiges Rohr 10 mm - 25 mm<\/strong><\/a><\/p>\n<p><a href=\"https:\/\/amrtop.net\/de\/produktkategorie\/rauchkanale-2\/tube-coaxial-inox\/\"><strong>COAX TOP - Koaxialrohr aus Edelstahl aus PPS und PPS\/Edelstahl<\/strong><\/a><\/p>\n<p><a href=\"https:\/\/amrtop.net\/de\/produktkategorie\/rauchkanale-2\/tuyau-coaxial-inox-inox-black\/\"><strong>COAX PELLET - Koaxialrohr aus rostfreiem Stahl<\/strong><\/a><\/p>\n<p><strong><a href=\"https:\/\/amrtop.net\/de\/produktkategorie\/rauchkanale-2\/conduits-de-fumee-des-appareils-a-biomasse\/\">BIOM TOP - Rohre f\u00fcr Pellet- und Holz\u00f6fen<\/a><\/strong><\/p>\n<p><strong><a href=\"https:\/\/amrtop.net\/de\/produktkategorie\/rauchkanale-2\/alutop-tube-en-aluminium-flexible-extensible\/\">ALU TOP - Flexible ausziehbare Aluminiumrohre<\/a><\/strong><strong>\u00a0 \u00a0<\/strong><\/p>","protected":false},"excerpt":{"rendered":"<p>Plaque interm\u00e9diaire\u00a0inox simple paroi SP Le syst\u00e8me inoxydable simple paroi SP est compos\u00e9 d\u2019\u00e9l\u00e9ments modulables rigides avec finition lucide BA, r\u00e9alis\u00e9s en acier aust\u00e9nitique AISI 316L BA (1.4404) de \u00e9paisseur minimale 0,4 mm. Conformes aux normes prescrites du marquage CE selon les normes EN 1856-1 et EN 1856-2. Les \u00e9l\u00e9ments modulaires ont la greffe classique [&hellip;]<\/p>\n","protected":false},"featured_media":25835,"comment_status":"open","ping_status":"closed","template":"","meta":[],"product_brand":[],"product_cat":[1531],"product_tag":[],"class_list":{"0":"post-24719","1":"product","2":"type-product","3":"status-publish","4":"has-post-thumbnail","6":"product_cat-sp-tube-rigide-mono-paroi-inox-aisi-316l","8":"first","9":"instock","10":"shipping-taxable","11":"purchasable","12":"product-type-variable"},"yoast_head":"<!-- This site is optimized with the Yoast SEO plugin v27.5 - https:\/\/yoast.com\/product\/yoast-seo-wordpress\/ -->\n<title>Plaque interm\u00e9diaire\u00a0inox simple paroi SP<\/title>\n<meta name=\"description\" content=\"Plaque interm\u00e9diaire\u00a0inox simple paroi SP - Tubes - Conduits de fum\u00e9e - Chemin\u00e9es - Syst\u00e8mes d\u2019extraction de l\u2019air et des fum\u00e9es en mono et double paroi interne lisses et flexibles dans divers diam\u00e8tres vendus au m\u00e8tre et en rouleaux avec bo\u00eetes am\u00e9ricaines et dispencer avec \u00e9paisseur minimum de 0.10 mm en aciaio inox aisi 316L - 304L - 904L\" \/>\n<meta name=\"robots\" content=\"index, follow, max-snippet:-1, max-image-preview:large, max-video-preview:-1\" \/>\n<link rel=\"canonical\" href=\"https:\/\/amrtop.net\/de\/produkt\/sp137-zwischenplatte\/\" \/>\n<meta property=\"og:locale\" content=\"de_DE\" \/>\n<meta property=\"og:type\" content=\"article\" \/>\n<meta property=\"og:title\" content=\"Plaque interm\u00e9diaire\u00a0inox simple paroi SP\" \/>\n<meta property=\"og:description\" content=\"Plaque interm\u00e9diaire\u00a0inox simple paroi SP - Tubes - Conduits de fum\u00e9e - Chemin\u00e9es - Syst\u00e8mes d\u2019extraction de l\u2019air et des fum\u00e9es en mono et double paroi interne lisses et flexibles dans divers diam\u00e8tres vendus au m\u00e8tre et en rouleaux avec bo\u00eetes am\u00e9ricaines et dispencer avec \u00e9paisseur minimum de 0.10 mm en aciaio inox aisi 316L - 304L - 904L\" \/>\n<meta property=\"og:url\" content=\"https:\/\/amrtop.net\/de\/produkt\/sp137-zwischenplatte\/\" \/>\n<meta property=\"og:site_name\" content=\"AMRTOP B2B \u00c9tranger - Achats r\u00e9serv\u00e9s au professionnel\" \/>\n<meta property=\"article:modified_time\" content=\"2023-06-13T13:05:18+00:00\" \/>\n<meta property=\"og:image\" content=\"https:\/\/amrtop.net\/wp-content\/uploads\/2022\/05\/sp137.jpg\" \/>\n\t<meta property=\"og:image:width\" content=\"640\" \/>\n\t<meta property=\"og:image:height\" content=\"640\" \/>\n\t<meta property=\"og:image:type\" content=\"image\/jpeg\" \/>\n<meta name=\"twitter:card\" content=\"summary_large_image\" \/>\n<meta name=\"twitter:label1\" content=\"Gesch\u00e4tzte Lesezeit\" \/>\n\t<meta name=\"twitter:data1\" content=\"2\u00a0Minuten\" \/>\n<script type=\"application\/ld+json\" class=\"yoast-schema-graph\">{\"@context\":\"https:\\\/\\\/schema.org\",\"@graph\":[{\"@type\":\"WebPage\",\"@id\":\"https:\\\/\\\/amrtop.net\\\/produit\\\/sp137-plaque-intermediaire\\\/\",\"url\":\"https:\\\/\\\/amrtop.net\\\/produit\\\/sp137-plaque-intermediaire\\\/\",\"name\":\"Plaque interm\u00e9diaire\u00a0inox simple paroi SP\",\"isPartOf\":{\"@id\":\"https:\\\/\\\/amrtop.net\\\/#website\"},\"primaryImageOfPage\":{\"@id\":\"https:\\\/\\\/amrtop.net\\\/produit\\\/sp137-plaque-intermediaire\\\/#primaryimage\"},\"image\":{\"@id\":\"https:\\\/\\\/amrtop.net\\\/produit\\\/sp137-plaque-intermediaire\\\/#primaryimage\"},\"thumbnailUrl\":\"https:\\\/\\\/amrtop.net\\\/wp-content\\\/uploads\\\/2022\\\/05\\\/sp137.jpg\",\"datePublished\":\"2022-05-28T14:40:05+00:00\",\"dateModified\":\"2023-06-13T13:05:18+00:00\",\"description\":\"Plaque interm\u00e9diaire\u00a0inox simple paroi SP - Tubes - Conduits de fum\u00e9e - Chemin\u00e9es - Syst\u00e8mes d\u2019extraction de l\u2019air et des fum\u00e9es en mono et double paroi interne lisses et flexibles dans divers diam\u00e8tres vendus au m\u00e8tre et en rouleaux avec bo\u00eetes am\u00e9ricaines et dispencer avec \u00e9paisseur minimum de 0.10 mm en aciaio inox aisi 316L - 304L - 904L\",\"breadcrumb\":{\"@id\":\"https:\\\/\\\/amrtop.net\\\/produit\\\/sp137-plaque-intermediaire\\\/#breadcrumb\"},\"inLanguage\":\"de\",\"potentialAction\":[{\"@type\":\"ReadAction\",\"target\":[\"https:\\\/\\\/amrtop.net\\\/produit\\\/sp137-plaque-intermediaire\\\/\"]}]},{\"@type\":\"ImageObject\",\"inLanguage\":\"de\",\"@id\":\"https:\\\/\\\/amrtop.net\\\/produit\\\/sp137-plaque-intermediaire\\\/#primaryimage\",\"url\":\"https:\\\/\\\/amrtop.net\\\/wp-content\\\/uploads\\\/2022\\\/05\\\/sp137.jpg\",\"contentUrl\":\"https:\\\/\\\/amrtop.net\\\/wp-content\\\/uploads\\\/2022\\\/05\\\/sp137.jpg\",\"width\":640,\"height\":640,\"caption\":\"Plaque interm\u00e9diaire\u00a0inox simple paroi SP - Tubes - Conduits de fum\u00e9e - Chemin\u00e9es - Syst\u00e8mes d\u2019extraction de l\u2019air et des fum\u00e9es en mono et double paroi interne lisses et flexibles dans divers diam\u00e8tres vendus au m\u00e8tre et en rouleaux avec bo\u00eetes am\u00e9ricaines et dispencer avec \u00e9paisseur minimum de 0.10 mm en aciaio inox aisi 316L - 304L - 904L\"},{\"@type\":\"BreadcrumbList\",\"@id\":\"https:\\\/\\\/amrtop.net\\\/produit\\\/sp137-plaque-intermediaire\\\/#breadcrumb\",\"itemListElement\":[{\"@type\":\"ListItem\",\"position\":1,\"name\":\"Home\",\"item\":\"https:\\\/\\\/amrtop.net\\\/\"},{\"@type\":\"ListItem\",\"position\":2,\"name\":\"Shop\",\"item\":\"https:\\\/\\\/amrtop.net\\\/negozio\\\/\"},{\"@type\":\"ListItem\",\"position\":3,\"name\":\"SP137&#8230; &#8211; Plaque interm\u00e9diaire\"}]},{\"@type\":\"WebSite\",\"@id\":\"https:\\\/\\\/amrtop.net\\\/#website\",\"url\":\"https:\\\/\\\/amrtop.net\\\/\",\"name\":\"AMRTOP B2B \u00c9tranger - Achats r\u00e9serv\u00e9s au professionnel\",\"description\":\"Pi\u00e8ces de rechange et accessoires pour po\u00eales et chaudi\u00e8res - eCommerce B2B pour Clients Professionnels\",\"potentialAction\":[{\"@type\":\"SearchAction\",\"target\":{\"@type\":\"EntryPoint\",\"urlTemplate\":\"https:\\\/\\\/amrtop.net\\\/?s={search_term_string}\"},\"query-input\":{\"@type\":\"PropertyValueSpecification\",\"valueRequired\":true,\"valueName\":\"search_term_string\"}}],\"inLanguage\":\"de\"}]}<\/script>\n<!-- \/ Yoast SEO plugin. -->","yoast_head_json":{"title":"Einwandige Edelstahl-Zwischenplatte SP","description":"Zwischenplatte aus Edelstahl einwandig SP - Rohre - Rauchabz\u00fcge - Schornsteine - Luft- und Rauchabzugssysteme aus mono- und doppelwandigem Innenrohr glatt und flexibel in verschiedenen Durchmessern verkauft als Meterware und in Rollen mit amerikanischen Boxen und Dispensern mit einer Mindestdicke von 0.10 mm aus aciaio inox aisi 316L - 304L - 904L","robots":{"index":"index","follow":"follow","max-snippet":"max-snippet:-1","max-image-preview":"max-image-preview:large","max-video-preview":"max-video-preview:-1"},"canonical":"https:\/\/amrtop.net\/de\/produkt\/sp137-zwischenplatte\/","og_locale":"de_DE","og_type":"article","og_title":"Plaque interm\u00e9diaire\u00a0inox simple paroi SP","og_description":"Plaque interm\u00e9diaire\u00a0inox simple paroi SP - Tubes - Conduits de fum\u00e9e - Chemin\u00e9es - Syst\u00e8mes d\u2019extraction de l\u2019air et des fum\u00e9es en mono et double paroi interne lisses et flexibles dans divers diam\u00e8tres vendus au m\u00e8tre et en rouleaux avec bo\u00eetes am\u00e9ricaines et dispencer avec \u00e9paisseur minimum de 0.10 mm en aciaio inox aisi 316L - 304L - 904L","og_url":"https:\/\/amrtop.net\/de\/produkt\/sp137-zwischenplatte\/","og_site_name":"AMRTOP B2B \u00c9tranger - Achats r\u00e9serv\u00e9s au professionnel","article_modified_time":"2023-06-13T13:05:18+00:00","og_image":[{"width":640,"height":640,"url":"https:\/\/amrtop.net\/wp-content\/uploads\/2022\/05\/sp137.jpg","type":"image\/jpeg"}],"twitter_card":"summary_large_image","twitter_misc":{"Gesch\u00e4tzte Lesezeit":"2\u00a0Minuten"},"schema":{"@context":"https:\/\/schema.org","@graph":[{"@type":"WebPage","@id":"https:\/\/amrtop.net\/produit\/sp137-plaque-intermediaire\/","url":"https:\/\/amrtop.net\/produit\/sp137-plaque-intermediaire\/","name":"Einwandige Edelstahl-Zwischenplatte SP","isPartOf":{"@id":"https:\/\/amrtop.net\/#website"},"primaryImageOfPage":{"@id":"https:\/\/amrtop.net\/produit\/sp137-plaque-intermediaire\/#primaryimage"},"image":{"@id":"https:\/\/amrtop.net\/produit\/sp137-plaque-intermediaire\/#primaryimage"},"thumbnailUrl":"https:\/\/amrtop.net\/wp-content\/uploads\/2022\/05\/sp137.jpg","datePublished":"2022-05-28T14:40:05+00:00","dateModified":"2023-06-13T13:05:18+00:00","description":"Zwischenplatte aus Edelstahl einwandig SP - Rohre - Rauchabz\u00fcge - Schornsteine - Luft- und Rauchabzugssysteme aus mono- und doppelwandigem Innenrohr glatt und flexibel in verschiedenen Durchmessern verkauft als Meterware und in Rollen mit amerikanischen Boxen und Dispensern mit einer Mindestdicke von 0.10 mm aus aciaio inox aisi 316L - 304L - 904L","breadcrumb":{"@id":"https:\/\/amrtop.net\/produit\/sp137-plaque-intermediaire\/#breadcrumb"},"inLanguage":"de","potentialAction":[{"@type":"ReadAction","target":["https:\/\/amrtop.net\/produit\/sp137-plaque-intermediaire\/"]}]},{"@type":"ImageObject","inLanguage":"de","@id":"https:\/\/amrtop.net\/produit\/sp137-plaque-intermediaire\/#primaryimage","url":"https:\/\/amrtop.net\/wp-content\/uploads\/2022\/05\/sp137.jpg","contentUrl":"https:\/\/amrtop.net\/wp-content\/uploads\/2022\/05\/sp137.jpg","width":640,"height":640,"caption":"Plaque interm\u00e9diaire\u00a0inox simple paroi SP - Tubes - Conduits de fum\u00e9e - Chemin\u00e9es - Syst\u00e8mes d\u2019extraction de l\u2019air et des fum\u00e9es en mono et double paroi interne lisses et flexibles dans divers diam\u00e8tres vendus au m\u00e8tre et en rouleaux avec bo\u00eetes am\u00e9ricaines et dispencer avec \u00e9paisseur minimum de 0.10 mm en aciaio inox aisi 316L - 304L - 904L"},{"@type":"BreadcrumbList","@id":"https:\/\/amrtop.net\/produit\/sp137-plaque-intermediaire\/#breadcrumb","itemListElement":[{"@type":"ListItem","position":1,"name":"Home","item":"https:\/\/amrtop.net\/"},{"@type":"ListItem","position":2,"name":"Shop","item":"https:\/\/amrtop.net\/negozio\/"},{"@type":"ListItem","position":3,"name":"SP137&#8230; &#8211; Plaque interm\u00e9diaire"}]},{"@type":"WebSite","@id":"https:\/\/amrtop.net\/#website","url":"https:\/\/amrtop.net\/","name":"AMRTOP B2B Ausland - Einkaufen nur f\u00fcr Fachleute","description":"Ersatzteile und Zubeh\u00f6r f\u00fcr \u00d6fen und Heizkessel - B2B eCommerce f\u00fcr Gesch\u00e4ftskunden","potentialAction":[{"@type":"SearchAction","target":{"@type":"EntryPoint","urlTemplate":"https:\/\/amrtop.net\/?s={search_term_string}"},"query-input":{"@type":"PropertyValueSpecification","valueRequired":true,"valueName":"search_term_string"}}],"inLanguage":"de"}]}},"_links":{"self":[{"href":"https:\/\/amrtop.net\/de\/wp-json\/wp\/v2\/product\/24719","targetHints":{"allow":["GET"]}}],"collection":[{"href":"https:\/\/amrtop.net\/de\/wp-json\/wp\/v2\/product"}],"about":[{"href":"https:\/\/amrtop.net\/de\/wp-json\/wp\/v2\/types\/product"}],"replies":[{"embeddable":true,"href":"https:\/\/amrtop.net\/de\/wp-json\/wp\/v2\/comments?post=24719"}],"wp:featuredmedia":[{"embeddable":true,"href":"https:\/\/amrtop.net\/de\/wp-json\/wp\/v2\/media\/25835"}],"wp:attachment":[{"href":"https:\/\/amrtop.net\/de\/wp-json\/wp\/v2\/media?parent=24719"}],"wp:term":[{"taxonomy":"product_brand","embeddable":true,"href":"https:\/\/amrtop.net\/de\/wp-json\/wp\/v2\/product_brand?post=24719"},{"taxonomy":"product_cat","embeddable":true,"href":"https:\/\/amrtop.net\/de\/wp-json\/wp\/v2\/product_cat?post=24719"},{"taxonomy":"product_tag","embeddable":true,"href":"https:\/\/amrtop.net\/de\/wp-json\/wp\/v2\/product_tag?post=24719"}],"curies":[{"name":"wp","href":"https:\/\/api.w.org\/{rel}","templated":true}]}}