{"id":26024,"date":"2022-05-31T07:43:40","date_gmt":"2022-05-31T07:43:40","guid":{"rendered":"https:\/\/amrtop.com\/B2B\/?post_type=product&#038;p=26024"},"modified":"2023-06-09T15:26:19","modified_gmt":"2023-06-09T15:26:19","slug":"collier-mural-avec-cheville-sp-black","status":"publish","type":"product","link":"https:\/\/amrtop.net\/de\/produit\/collier-mural-avec-cheville-sp-black\/","title":{"rendered":"SPB23&#8230; &#8211; Collier mural avec cheville"},"content":{"rendered":"<h3><strong>Collier mural avec cheville SP-BLACK<\/strong><\/h3>\n<p>Das Monoparettsystem SP BLACK besteht aus starren modularen Elementen, die aus Edelstahl AISI 316L gefertigt sind.<\/p>\n<p>mit einer Mindestdicke von 0,4 mm und mit einer bis 550 best\u00e4ndigen Farbe lackiert , die den Normen entsprechen CE-Kennzeichnung gem\u00e4\u00df EN 1856-1.<\/p>\n<p>Die modularen Elemente haben eine klassische kalibrierte m\u00e4nnlich-weibliche Glasverbindung mit einer Dichtung aus<\/p>\n<p>dreifache Lippe, nur zur Verwendung bei Temperaturen bis zu 200 \u00baC und \u00dcberdruck bis zu 200 Pa, entspricht der europ\u00e4ischen Norm EN 14241-1 und mechanische Verbindung mit Sicherheitsschelle.<\/p>\n<p><strong>Anwendung<\/strong><\/p>\n<h3><strong>Utilisation de Collier mural avec cheville<\/strong><strong>\u00a0SP-BLACK<\/strong><\/h3>\n<p>Alle Elemente der Reihe SP BLACK mattschwarz lackiert 0,4 mm dick, wird verwendet, um Kan\u00e4le, Rauchkan\u00e4le, Metallschornsteine, Luftd\u00e4mpfe zu realisieren, die von W\u00e4rmeerzeugern des atmosph\u00e4rischen Typs, unter Druck, mit Gebl\u00e4se, traditionell oder mit Kondensation, K\u00fcchenhauben f\u00fcr den industriellen oder h\u00e4uslichen Gebrauch, Holz\u00f6fen, Kaminen, Pellet\u00f6fen gesteuert werden.<\/p>\n<p><strong>Verf\u00fcgbare Durchmesser - mm <\/strong><\/p>\n<p><strong>\u00f8 80 mm |\u00f8 100 mm<\/strong><\/p>\n<p><strong>\u00f8i 80 mm - \u00f8e 100 mm | \u00f8i 100 mm - \u00f8e 120 mm\u00a0<\/strong><\/p>\n<p><strong>Sortiment an Rauchsystemen von AMR TOP\u00a0\u00a0\u00a0\u00a0\u00a0\u00a0 <\/strong><\/p>\n<p><a href=\"https:\/\/amrtop.net\/de\/produktkategorie\/rauchkanale-2\/tuyaux-flexibles-en-acier-inoxydable\/\"><strong>TOP FLEX SP - Flexible Rohre aus gewelltem Edelstahl, ein- und doppelwandig<\/strong><\/a><\/p>\n<p><a href=\"https:\/\/amrtop.net\/de\/produktkategorie\/rauchkanale-2\/tube-rigide-monoparete-en-acier-inoxydable\/\"><strong>SP - Einwandiges starres Rohr aus Edelstahl AISI 316L<\/strong><\/a><\/p>\n<p><strong><u><a href=\"https:\/\/amrtop.net\/de\/produktkategorie\/rauchkanale-2\/tube-flexible-inox-aisi-316-l-interieur-lisse-isole\/\">ISOTOP FLEX - Flexibles Rohr aus Edelstahl AISI 316L innen glatt isoliert \u00a0<\/a><\/u><\/strong><\/p>\n<p><strong><u><a href=\"https:\/\/amrtop.net\/de\/produktkategorie\/rauchkanale-2\/dp-air-tube-double-paroi-inox-a-chambre-dair\/\">DP AIR - Doppelwandiges Edelstahlrohr mit Luftkammern<\/a><\/u><\/strong><\/p>\n<p><strong><u><a href=\"https:\/\/amrtop.net\/de\/produktkategorie\/rauchkanale-2\/tube-coaxial-inox\/\">DP - Isoliertes doppelwandiges Rohr 10 mm - 25 mm<\/a><\/u><\/strong><\/p>\n<p><strong><a href=\"https:\/\/amrtop.net\/de\/produktkategorie\/rauchkanale-2\/tube-coaxial-inox\/\">COAX TOP - Koaxialrohr aus Edelstahl aus PPS und PPS\/Edelstahl<\/a><\/strong><\/p>\n<p><strong><u><a href=\"https:\/\/amrtop.net\/de\/produktkategorie\/rauchkanale-2\/tuyau-coaxial-inox-inox-black\/\">COAX PELLET - Koaxialrohr aus rostfreiem Stahl<\/a><\/u><\/strong><\/p>\n<p><strong><u><a href=\"https:\/\/amrtop.net\/de\/produktkategorie\/rauchkanale-2\/conduits-de-fumee-des-appareils-a-biomasse\/\">BIOM TOP - Rohre f\u00fcr Pellet- und Holz\u00f6fen<\/a><\/u><\/strong><\/p>\n<h3><strong><u><a href=\"https:\/\/amrtop.net\/de\/produktkategorie\/rauchkanale-2\/alutop-tube-en-aluminium-flexible-extensible\/\">ALU TOP - Flexibles, ausziehbares Aluminiumrohr<\/a><\/u>\u00a0 \u00a0 \u00a0 \u00a0 \u00a0 \u00a0 \u00a0 \u00a0 \u00a0 \u00a0 \u00a0 \u00a0 \u00a0 \u00a0 \u00a0 \u00a0 \u00a0 \u00a0 \u00a0 \u00a0 \u00a0 \u00a0 \u00a0 \u00a0 \u00a0 \u00a0 \u00a0 \u00a0 \u00a0 \u00a0 \u00a0 \u00a0 \u00a0 \u00a0 \u00a0 \u00a0 \u00a0 \u00a0 \u00a0 \u00a0 \u00a0 \u00a0 \u00a0 \u00a0 \u00a0 \u00a0 \u00a0<\/strong><\/h3>","protected":false},"excerpt":{"rendered":"<p>Collier mural avec cheville SP-BLACK Le syst\u00e8me monoparet SP BLACK est compos\u00e9 d\u2019\u00e9l\u00e9ments modulaires rigides, r\u00e9alis\u00e9s en acier inox AISI 316L d\u2019une \u00e9paisseur minimale de 0,4 mm et peints avec une peinture r\u00e9sistante jusqu\u2019\u00e0 550\u00a0 , conformes aux normes marquage CE conform\u00e9ment \u00e0 la norme EN 1856-1. Les \u00e9l\u00e9ments modulaires ont un raccord classique \u00e0 [&hellip;]<\/p>\n","protected":false},"featured_media":26977,"comment_status":"open","ping_status":"closed","template":"","meta":[],"product_brand":[],"product_cat":[1547,1551],"product_tag":[],"class_list":{"0":"post-26024","1":"product","2":"type-product","3":"status-publish","4":"has-post-thumbnail","6":"product_cat-conduits-de-fumee-des-appareils-a-biomasse","7":"product_cat-tubes-noirs-pour-poele-a-pellets-epaisseur-04-mm","9":"first","10":"instock","11":"shipping-taxable","12":"purchasable","13":"product-type-variable"},"yoast_head":"<!-- This site is optimized with the Yoast SEO plugin v27.5 - https:\/\/yoast.com\/product\/yoast-seo-wordpress\/ -->\n<title>Collier mural avec cheville SP-BLACK<\/title>\n<meta name=\"description\" content=\"Collier mural avec cheville SP-BLACK - Conduit de fum\u00e9e ou syst\u00e8me d\u2019\u00e9vacuation de fum\u00e9e lin\u00e9aire monoparete de 2 m-SP-BLACK peint noir mat de 0,4 mm d\u2019\u00e9paisseur, utilis\u00e9 pour la fabrication de conduits, canaux de fum\u00e9e\" \/>\n<meta name=\"robots\" content=\"index, follow, max-snippet:-1, max-image-preview:large, max-video-preview:-1\" \/>\n<link rel=\"canonical\" href=\"https:\/\/amrtop.net\/de\/produkt\/collier-mural-avec-cheville-sp-black\/\" \/>\n<meta property=\"og:locale\" content=\"de_DE\" \/>\n<meta property=\"og:type\" content=\"article\" \/>\n<meta property=\"og:title\" content=\"Collier mural avec cheville SP-BLACK\" \/>\n<meta property=\"og:description\" content=\"Collier mural avec cheville SP-BLACK - Conduit de fum\u00e9e ou syst\u00e8me d\u2019\u00e9vacuation de fum\u00e9e lin\u00e9aire monoparete de 2 m-SP-BLACK peint noir mat de 0,4 mm d\u2019\u00e9paisseur, utilis\u00e9 pour la fabrication de conduits, canaux de fum\u00e9e\" \/>\n<meta property=\"og:url\" content=\"https:\/\/amrtop.net\/de\/produkt\/collier-mural-avec-cheville-sp-black\/\" \/>\n<meta property=\"og:site_name\" content=\"AMRTOP B2B \u00c9tranger - Achats r\u00e9serv\u00e9s au professionnel\" \/>\n<meta property=\"article:modified_time\" content=\"2023-06-09T15:26:19+00:00\" \/>\n<meta property=\"og:image\" content=\"https:\/\/amrtop.net\/wp-content\/uploads\/2022\/06\/SPB23.jpg\" \/>\n\t<meta property=\"og:image:width\" content=\"640\" \/>\n\t<meta property=\"og:image:height\" content=\"640\" \/>\n\t<meta property=\"og:image:type\" content=\"image\/jpeg\" \/>\n<meta name=\"twitter:card\" content=\"summary_large_image\" \/>\n<meta name=\"twitter:label1\" content=\"Gesch\u00e4tzte Lesezeit\" \/>\n\t<meta name=\"twitter:data1\" content=\"2\u00a0Minuten\" \/>\n<script type=\"application\/ld+json\" class=\"yoast-schema-graph\">{\"@context\":\"https:\\\/\\\/schema.org\",\"@graph\":[{\"@type\":\"WebPage\",\"@id\":\"https:\\\/\\\/amrtop.net\\\/produit\\\/collier-mural-avec-cheville-sp-black\\\/\",\"url\":\"https:\\\/\\\/amrtop.net\\\/produit\\\/collier-mural-avec-cheville-sp-black\\\/\",\"name\":\"Collier mural avec cheville SP-BLACK\",\"isPartOf\":{\"@id\":\"https:\\\/\\\/amrtop.net\\\/#website\"},\"primaryImageOfPage\":{\"@id\":\"https:\\\/\\\/amrtop.net\\\/produit\\\/collier-mural-avec-cheville-sp-black\\\/#primaryimage\"},\"image\":{\"@id\":\"https:\\\/\\\/amrtop.net\\\/produit\\\/collier-mural-avec-cheville-sp-black\\\/#primaryimage\"},\"thumbnailUrl\":\"https:\\\/\\\/amrtop.net\\\/wp-content\\\/uploads\\\/2022\\\/06\\\/SPB23.jpg\",\"datePublished\":\"2022-05-31T07:43:40+00:00\",\"dateModified\":\"2023-06-09T15:26:19+00:00\",\"description\":\"Collier mural avec cheville SP-BLACK - Conduit de fum\u00e9e ou syst\u00e8me d\u2019\u00e9vacuation de fum\u00e9e lin\u00e9aire monoparete de 2 m-SP-BLACK peint noir mat de 0,4 mm d\u2019\u00e9paisseur, utilis\u00e9 pour la fabrication de conduits, canaux de fum\u00e9e\",\"breadcrumb\":{\"@id\":\"https:\\\/\\\/amrtop.net\\\/produit\\\/collier-mural-avec-cheville-sp-black\\\/#breadcrumb\"},\"inLanguage\":\"de\",\"potentialAction\":[{\"@type\":\"ReadAction\",\"target\":[\"https:\\\/\\\/amrtop.net\\\/produit\\\/collier-mural-avec-cheville-sp-black\\\/\"]}]},{\"@type\":\"ImageObject\",\"inLanguage\":\"de\",\"@id\":\"https:\\\/\\\/amrtop.net\\\/produit\\\/collier-mural-avec-cheville-sp-black\\\/#primaryimage\",\"url\":\"https:\\\/\\\/amrtop.net\\\/wp-content\\\/uploads\\\/2022\\\/06\\\/SPB23.jpg\",\"contentUrl\":\"https:\\\/\\\/amrtop.net\\\/wp-content\\\/uploads\\\/2022\\\/06\\\/SPB23.jpg\",\"width\":640,\"height\":640,\"caption\":\"Collier mural avec cheville SP-BLACK - Conduit de fum\u00e9e ou syst\u00e8me d\u2019\u00e9vacuation de fum\u00e9e lin\u00e9aire monoparete de 2 m-SP-BLACK peint noir mat de 0,4 mm d\u2019\u00e9paisseur, utilis\u00e9 pour la fabrication de conduits, canaux de fum\u00e9e\"},{\"@type\":\"BreadcrumbList\",\"@id\":\"https:\\\/\\\/amrtop.net\\\/produit\\\/collier-mural-avec-cheville-sp-black\\\/#breadcrumb\",\"itemListElement\":[{\"@type\":\"ListItem\",\"position\":1,\"name\":\"Home\",\"item\":\"https:\\\/\\\/amrtop.net\\\/\"},{\"@type\":\"ListItem\",\"position\":2,\"name\":\"Shop\",\"item\":\"https:\\\/\\\/amrtop.net\\\/negozio\\\/\"},{\"@type\":\"ListItem\",\"position\":3,\"name\":\"SPB23&#8230; &#8211; Collier mural avec cheville\"}]},{\"@type\":\"WebSite\",\"@id\":\"https:\\\/\\\/amrtop.net\\\/#website\",\"url\":\"https:\\\/\\\/amrtop.net\\\/\",\"name\":\"AMRTOP B2B \u00c9tranger - Achats r\u00e9serv\u00e9s au professionnel\",\"description\":\"Pi\u00e8ces de rechange et accessoires pour po\u00eales et chaudi\u00e8res - eCommerce B2B pour Clients Professionnels\",\"potentialAction\":[{\"@type\":\"SearchAction\",\"target\":{\"@type\":\"EntryPoint\",\"urlTemplate\":\"https:\\\/\\\/amrtop.net\\\/?s={search_term_string}\"},\"query-input\":{\"@type\":\"PropertyValueSpecification\",\"valueRequired\":true,\"valueName\":\"search_term_string\"}}],\"inLanguage\":\"de\"}]}<\/script>\n<!-- \/ Yoast SEO plugin. -->","yoast_head_json":{"title":"Collier mural avec cheville SP-BLACK","description":"Collier mural avec cheville SP-BLACK - Conduit de fum\u00e9e ou syst\u00e8me d\u2019\u00e9vacuation de fum\u00e9e lin\u00e9aire monoparete de 2 m-SP-BLACK peint noir mat de 0,4 mm d\u2019\u00e9paisseur, utilis\u00e9 pour la fabrication de conduits, canaux de fum\u00e9e","robots":{"index":"index","follow":"follow","max-snippet":"max-snippet:-1","max-image-preview":"max-image-preview:large","max-video-preview":"max-video-preview:-1"},"canonical":"https:\/\/amrtop.net\/de\/produkt\/collier-mural-avec-cheville-sp-black\/","og_locale":"de_DE","og_type":"article","og_title":"Collier mural avec cheville SP-BLACK","og_description":"Collier mural avec cheville SP-BLACK - Conduit de fum\u00e9e ou syst\u00e8me d\u2019\u00e9vacuation de fum\u00e9e lin\u00e9aire monoparete de 2 m-SP-BLACK peint noir mat de 0,4 mm d\u2019\u00e9paisseur, utilis\u00e9 pour la fabrication de conduits, canaux de fum\u00e9e","og_url":"https:\/\/amrtop.net\/de\/produkt\/collier-mural-avec-cheville-sp-black\/","og_site_name":"AMRTOP B2B \u00c9tranger - Achats r\u00e9serv\u00e9s au professionnel","article_modified_time":"2023-06-09T15:26:19+00:00","og_image":[{"width":640,"height":640,"url":"https:\/\/amrtop.net\/wp-content\/uploads\/2022\/06\/SPB23.jpg","type":"image\/jpeg"}],"twitter_card":"summary_large_image","twitter_misc":{"Gesch\u00e4tzte Lesezeit":"2\u00a0Minuten"},"schema":{"@context":"https:\/\/schema.org","@graph":[{"@type":"WebPage","@id":"https:\/\/amrtop.net\/produit\/collier-mural-avec-cheville-sp-black\/","url":"https:\/\/amrtop.net\/produit\/collier-mural-avec-cheville-sp-black\/","name":"Collier mural avec cheville SP-BLACK","isPartOf":{"@id":"https:\/\/amrtop.net\/#website"},"primaryImageOfPage":{"@id":"https:\/\/amrtop.net\/produit\/collier-mural-avec-cheville-sp-black\/#primaryimage"},"image":{"@id":"https:\/\/amrtop.net\/produit\/collier-mural-avec-cheville-sp-black\/#primaryimage"},"thumbnailUrl":"https:\/\/amrtop.net\/wp-content\/uploads\/2022\/06\/SPB23.jpg","datePublished":"2022-05-31T07:43:40+00:00","dateModified":"2023-06-09T15:26:19+00:00","description":"Collier mural avec cheville SP-BLACK - Conduit de fum\u00e9e ou syst\u00e8me d\u2019\u00e9vacuation de fum\u00e9e lin\u00e9aire monoparete de 2 m-SP-BLACK peint noir mat de 0,4 mm d\u2019\u00e9paisseur, utilis\u00e9 pour la fabrication de conduits, canaux de fum\u00e9e","breadcrumb":{"@id":"https:\/\/amrtop.net\/produit\/collier-mural-avec-cheville-sp-black\/#breadcrumb"},"inLanguage":"de","potentialAction":[{"@type":"ReadAction","target":["https:\/\/amrtop.net\/produit\/collier-mural-avec-cheville-sp-black\/"]}]},{"@type":"ImageObject","inLanguage":"de","@id":"https:\/\/amrtop.net\/produit\/collier-mural-avec-cheville-sp-black\/#primaryimage","url":"https:\/\/amrtop.net\/wp-content\/uploads\/2022\/06\/SPB23.jpg","contentUrl":"https:\/\/amrtop.net\/wp-content\/uploads\/2022\/06\/SPB23.jpg","width":640,"height":640,"caption":"Collier mural avec cheville SP-BLACK - Conduit de fum\u00e9e ou syst\u00e8me d\u2019\u00e9vacuation de fum\u00e9e lin\u00e9aire monoparete de 2 m-SP-BLACK peint noir mat de 0,4 mm d\u2019\u00e9paisseur, utilis\u00e9 pour la fabrication de conduits, canaux de fum\u00e9e"},{"@type":"BreadcrumbList","@id":"https:\/\/amrtop.net\/produit\/collier-mural-avec-cheville-sp-black\/#breadcrumb","itemListElement":[{"@type":"ListItem","position":1,"name":"Home","item":"https:\/\/amrtop.net\/"},{"@type":"ListItem","position":2,"name":"Shop","item":"https:\/\/amrtop.net\/negozio\/"},{"@type":"ListItem","position":3,"name":"SPB23&#8230; &#8211; Collier mural avec cheville"}]},{"@type":"WebSite","@id":"https:\/\/amrtop.net\/#website","url":"https:\/\/amrtop.net\/","name":"AMRTOP B2B Ausland - Einkaufen nur f\u00fcr Fachleute","description":"Ersatzteile und Zubeh\u00f6r f\u00fcr \u00d6fen und Heizkessel - B2B eCommerce f\u00fcr Gesch\u00e4ftskunden","potentialAction":[{"@type":"SearchAction","target":{"@type":"EntryPoint","urlTemplate":"https:\/\/amrtop.net\/?s={search_term_string}"},"query-input":{"@type":"PropertyValueSpecification","valueRequired":true,"valueName":"search_term_string"}}],"inLanguage":"de"}]}},"_links":{"self":[{"href":"https:\/\/amrtop.net\/de\/wp-json\/wp\/v2\/product\/26024","targetHints":{"allow":["GET"]}}],"collection":[{"href":"https:\/\/amrtop.net\/de\/wp-json\/wp\/v2\/product"}],"about":[{"href":"https:\/\/amrtop.net\/de\/wp-json\/wp\/v2\/types\/product"}],"replies":[{"embeddable":true,"href":"https:\/\/amrtop.net\/de\/wp-json\/wp\/v2\/comments?post=26024"}],"wp:featuredmedia":[{"embeddable":true,"href":"https:\/\/amrtop.net\/de\/wp-json\/wp\/v2\/media\/26977"}],"wp:attachment":[{"href":"https:\/\/amrtop.net\/de\/wp-json\/wp\/v2\/media?parent=26024"}],"wp:term":[{"taxonomy":"product_brand","embeddable":true,"href":"https:\/\/amrtop.net\/de\/wp-json\/wp\/v2\/product_brand?post=26024"},{"taxonomy":"product_cat","embeddable":true,"href":"https:\/\/amrtop.net\/de\/wp-json\/wp\/v2\/product_cat?post=26024"},{"taxonomy":"product_tag","embeddable":true,"href":"https:\/\/amrtop.net\/de\/wp-json\/wp\/v2\/product_tag?post=26024"}],"curies":[{"name":"wp","href":"https:\/\/api.w.org\/{rel}","templated":true}]}}