{"id":26579,"date":"2022-06-01T08:02:39","date_gmt":"2022-06-01T08:02:39","guid":{"rendered":"https:\/\/amrtop.com\/B2B\/?post_type=product&#038;p=26579"},"modified":"2023-06-12T12:56:17","modified_gmt":"2023-06-12T12:56:17","slug":"dpc107-coude-a-45","status":"publish","type":"product","link":"https:\/\/amrtop.net\/de\/produit\/dpc107-coude-a-45\/","title":{"rendered":"DPC107... - 45\u00b0-Winkelst\u00fcck"},"content":{"rendered":"<div class=\"page\" title=\"Page 65\">\n<div class=\"section\">\n<div class=\"layoutArea\">\n<div class=\"column\">\n<h3><strong>Coude a\u0300 45\u00b0acier inox<\/strong><\/h3>\n<\/div>\n<\/div>\n<\/div>\n<\/div>\n<p>DOPPELWANDIGES RAUCHROHR AUS EDELSTAHL INNEN AISI 316 L AUSSEN AISI 304 SCHWARZ LACKIERTER STAHL ISOLIERUNG AUS MINERALWOLLE DICKE 10 MM<\/p>\n<p>Das Doppelwandsystem DP10 besteht aus steifen, modularen Elementen mit polierter Oberfl\u00e4che BA, die mit einer Innenwand aus rostfreiem Stahl AISI 316L mit einer Mindestst\u00e4rke von 0,4 mm und einer Au\u00dfenwand aus rostfreiem Stahl gefertigt sind.<br \/>\nAISI 304, die den Normen entsprechen, die f\u00fcr die CE-Kennzeichnung gem\u00e4\u00df EN 1856\/1 vorgesehen sind.<\/p>\n<p>Die D\u00e4mmung besteht aus 10 mm dicker Mineralwolle hoher Dichte, die gepresst und zwischen den W\u00e4nden ohne<br \/>\nVerbindungselemente zwischen denselben (W\u00e4rmebr\u00fccke).<\/p>\n<p>Die modularen Elemente haben ein klassisches Becherglas, das f\u00fcr beide W\u00e4nde kalibriert ist, mit einer dreifachen Lippendichtung, die auf die Innenwand aufgesetzt wird,<br \/>\ngem\u00e4\u00df der europ\u00e4ischen Norm EN 14241-1, und mechanische Verbindung mit Sicherheitsflansch<\/p>\n<p><b>Rechtsverweis und Bezeichnung<\/b><\/p>\n<p>Kennzeichnung des Produkts gem\u00e4\u00df der europ\u00e4ischen Gesetzgebung CE 0476 EN 1856-1 \/ EN 1856-2.<br \/>\nT200 P1 W V2 L50040* O 20 mit Dichtung<br \/>\nT600 N1 W V2 L50040 G500 M<\/p>\n<p><b>Utilisation du\u00a0Coude \u00e0 45\u00b0<\/b><\/p>\n<p>Sch\u00e4chte, Rauchabz\u00fcge, Metallschornsteine, Abluft, die mit W\u00e4rmeerzeugern des atmosph\u00e4rischen Typs, des Drucktyps, des Gebl\u00e4ses, des herk\u00f6mmlichen Typs oder des Kondensationstyps gekoppelt ist, K\u00fcchenabzugshauben f\u00fcr industrielle Zwecke oder<br \/>\nHaushalt, Holz\u00f6fen, Kamine, Pellet\u00f6fen.<\/p>\n<p><b>Innen<\/b><\/p>\n<p><a href=\"https:\/\/wekos.it\/\">\u00d6fen, Herde und Holzherde<\/a>\u00a0-\u00a0<a href=\"https:\/\/www.greenpuros.com\/\">Kamine, \u00d6fen und Pelletkessel.<\/a><\/p>\n<p><b>Anwendung<\/b><\/p>\n<p>Innen- oder Au\u00dfenaufstellung<\/p>\n<p><b>Verf\u00fcgbare Durchmesser - mm 80\/100<\/b><\/p>\n<p><b>100\/120 AUF ANFRAGE<\/b><\/p>\n<p><b>Sortiment an Rauchsystemen von AMR TOP\u00a0\u00a0\u00a0\u00a0\u00a0\u00a0<\/b><\/p>\n<p><a href=\"https:\/\/amrtop.net\/de\/produktkategorie\/rauchkanale-2\/tuyaux-flexibles-en-acier-inoxydable\/\"><b>TOP FLEX SP - Flexible Rohre aus gewelltem Edelstahl, ein- und doppelwandig<\/b><\/a><\/p>\n<p><a href=\"https:\/\/amrtop.net\/de\/produktkategorie\/rauchkanale-2\/tube-rigide-monoparete-en-acier-inoxydable\/\"><b>SP - Einwandiges starres Rohr aus Edelstahl AISI 316L<\/b><\/a><\/p>\n<p><a href=\"https:\/\/amrtop.net\/de\/produktkategorie\/rauchkanale-2\/tube-flexible-inox-aisi-316-l-interieur-lisse-isole\/\"><b>ISOTOP FLEX - Flexibles Rohr aus Edelstahl AISI 316L innen glatt isoliert \u00a0<\/b><\/a><\/p>\n<p><a href=\"https:\/\/amrtop.net\/de\/produktkategorie\/rauchkanale-2\/dp-air-tube-double-paroi-inox-a-chambre-dair\/\"><b>DP AIR - Doppelwandiges Edelstahlrohr mit Luftkammern<\/b><\/a><\/p>\n<p><a href=\"https:\/\/amrtop.net\/de\/produktkategorie\/rauchkanale-2\/tube-coaxial-inox\/\"><b>DP - Isoliertes doppelwandiges Rohr 10 mm - 25 mm<\/b><\/a><\/p>\n<p><a href=\"https:\/\/amrtop.net\/de\/produktkategorie\/rauchkanale-2\/tube-coaxial-inox\/\"><b>COAX TOP - Koaxialrohr aus Edelstahl aus PPS und PPS\/Edelstahl<\/b><\/a><\/p>\n<p><a href=\"https:\/\/amrtop.net\/de\/produktkategorie\/rauchkanale-2\/tuyau-coaxial-inox-inox-black\/\"><b>COAX PELLET - Koaxialrohr aus rostfreiem Stahl<\/b><\/a><\/p>\n<p><a href=\"https:\/\/amrtop.net\/de\/produktkategorie\/rauchkanale-2\/conduits-de-fumee-des-appareils-a-biomasse\/\"><b>BIOM TOP - Rohre f\u00fcr Pellet- und Holz\u00f6fen<\/b><\/a><\/p>\n<p><a href=\"https:\/\/amrtop.net\/de\/produktkategorie\/rauchkanale-2\/alutop-tube-en-aluminium-flexible-extensible\/\"><b>ALU TOP - Flexibles, ausziehbares Aluminiumrohr<\/b><\/a><b>\u00a0 \u00a0 \u00a0 \u00a0 \u00a0 \u00a0<\/b><\/p>\n<p>&nbsp;<\/p>","protected":false},"excerpt":{"rendered":"<p>Coude a\u0300 45\u00b0acier inox CONDUIT DE FUM\u00c9E DOUBLE PAROI EN ACIER INOXYDABLE INT\u00c9RIEUR AISI 316 L EXT\u00c9RIEUR ACIER AISI 304 PEINT NOIR ISOLATION EN LAINE MIN\u00c9RALE \u00c9PAISSEUR 10 MM Le syst\u00e8me double paroi DP10 est compos\u00e9 d\u2019\u00e9l\u00e9ments modulables rigides avec finition polie BA, r\u00e9alis\u00e9s avec paroi int\u00e9rieure en acier inoxydable AISI 316L d\u2019\u00e9paisseur minimum 0,4 [&hellip;]<\/p>\n","protected":false},"featured_media":27883,"comment_status":"open","ping_status":"closed","template":"","meta":[],"product_brand":[],"product_cat":[1533,1534],"product_tag":[],"class_list":{"0":"post-26579","1":"product","2":"type-product","3":"status-publish","4":"has-post-thumbnail","6":"product_cat-tubes-isoles-exterieur-cuivre-inox","7":"product_cat-dp10-tubo-doppia-parete-inox-esterno-inox-spessore-coibentazione-10-mm","9":"first","10":"instock","11":"shipping-taxable","12":"purchasable","13":"product-type-variable"},"yoast_head":"<!-- This site is optimized with the Yoast SEO plugin v27.4 - https:\/\/yoast.com\/product\/yoast-seo-wordpress\/ -->\n<title>Coude \u00e0 45\u00b0acier inox<\/title>\n<meta name=\"description\" content=\"Coude \u00e0 45\u00b0acier inox - \u00c9l\u00e9ment - Syst\u00e8me - Conduit de chemin\u00e9e ou conduit de chemin\u00e9e \u00e0 double paroi isol\u00e9 \u00e9paisseur 10 ou 25 mm en laine de roche\" \/>\n<meta name=\"robots\" content=\"index, follow, max-snippet:-1, max-image-preview:large, max-video-preview:-1\" \/>\n<link rel=\"canonical\" href=\"https:\/\/amrtop.net\/de\/produkt\/dpc107-coude-a-45\/\" \/>\n<meta property=\"og:locale\" content=\"de_DE\" \/>\n<meta property=\"og:type\" content=\"article\" \/>\n<meta property=\"og:title\" content=\"Coude \u00e0 45\u00b0acier inox\" \/>\n<meta property=\"og:description\" content=\"Coude \u00e0 45\u00b0acier inox - \u00c9l\u00e9ment - Syst\u00e8me - Conduit de chemin\u00e9e ou conduit de chemin\u00e9e \u00e0 double paroi isol\u00e9 \u00e9paisseur 10 ou 25 mm en laine de roche\" \/>\n<meta property=\"og:url\" content=\"https:\/\/amrtop.net\/de\/produkt\/dpc107-coude-a-45\/\" \/>\n<meta property=\"og:site_name\" content=\"AMRTOP B2B \u00c9tranger - Achats r\u00e9serv\u00e9s au professionnel\" \/>\n<meta property=\"article:modified_time\" content=\"2023-06-12T12:56:17+00:00\" \/>\n<meta property=\"og:image\" content=\"https:\/\/amrtop.net\/wp-content\/uploads\/2022\/06\/dpc107.jpg\" \/>\n\t<meta property=\"og:image:width\" content=\"640\" \/>\n\t<meta property=\"og:image:height\" content=\"640\" \/>\n\t<meta property=\"og:image:type\" content=\"image\/jpeg\" \/>\n<meta name=\"twitter:card\" content=\"summary_large_image\" \/>\n<meta name=\"twitter:label1\" content=\"Gesch\u00e4tzte Lesezeit\" \/>\n\t<meta name=\"twitter:data1\" content=\"2\u00a0Minuten\" \/>\n<script type=\"application\/ld+json\" class=\"yoast-schema-graph\">{\"@context\":\"https:\\\/\\\/schema.org\",\"@graph\":[{\"@type\":\"WebPage\",\"@id\":\"https:\\\/\\\/amrtop.net\\\/produit\\\/dpc107-coude-a-45\\\/\",\"url\":\"https:\\\/\\\/amrtop.net\\\/produit\\\/dpc107-coude-a-45\\\/\",\"name\":\"Coude \u00e0 45\u00b0acier inox\",\"isPartOf\":{\"@id\":\"https:\\\/\\\/amrtop.net\\\/#website\"},\"primaryImageOfPage\":{\"@id\":\"https:\\\/\\\/amrtop.net\\\/produit\\\/dpc107-coude-a-45\\\/#primaryimage\"},\"image\":{\"@id\":\"https:\\\/\\\/amrtop.net\\\/produit\\\/dpc107-coude-a-45\\\/#primaryimage\"},\"thumbnailUrl\":\"https:\\\/\\\/amrtop.net\\\/wp-content\\\/uploads\\\/2022\\\/06\\\/dpc107.jpg\",\"datePublished\":\"2022-06-01T08:02:39+00:00\",\"dateModified\":\"2023-06-12T12:56:17+00:00\",\"description\":\"Coude \u00e0 45\u00b0acier inox - \u00c9l\u00e9ment - Syst\u00e8me - Conduit de chemin\u00e9e ou conduit de chemin\u00e9e \u00e0 double paroi isol\u00e9 \u00e9paisseur 10 ou 25 mm en laine de roche\",\"breadcrumb\":{\"@id\":\"https:\\\/\\\/amrtop.net\\\/produit\\\/dpc107-coude-a-45\\\/#breadcrumb\"},\"inLanguage\":\"de\",\"potentialAction\":[{\"@type\":\"ReadAction\",\"target\":[\"https:\\\/\\\/amrtop.net\\\/produit\\\/dpc107-coude-a-45\\\/\"]}]},{\"@type\":\"ImageObject\",\"inLanguage\":\"de\",\"@id\":\"https:\\\/\\\/amrtop.net\\\/produit\\\/dpc107-coude-a-45\\\/#primaryimage\",\"url\":\"https:\\\/\\\/amrtop.net\\\/wp-content\\\/uploads\\\/2022\\\/06\\\/dpc107.jpg\",\"contentUrl\":\"https:\\\/\\\/amrtop.net\\\/wp-content\\\/uploads\\\/2022\\\/06\\\/dpc107.jpg\",\"width\":640,\"height\":640,\"caption\":\"Coude \u00e0 45\u00b0acier inox - \u00c9l\u00e9ment - Syst\u00e8me - Conduit de chemin\u00e9e ou conduit de chemin\u00e9e \u00e0 double paroi isol\u00e9 \u00e9paisseur 10 ou 25 mm en laine de roche int\u00e9rieure en acier 316 L et ext\u00e9rieur en acier 304 rev\u00eatement ext\u00e9rieur en acier - cuivre - peint en noir\"},{\"@type\":\"BreadcrumbList\",\"@id\":\"https:\\\/\\\/amrtop.net\\\/produit\\\/dpc107-coude-a-45\\\/#breadcrumb\",\"itemListElement\":[{\"@type\":\"ListItem\",\"position\":1,\"name\":\"Home\",\"item\":\"https:\\\/\\\/amrtop.net\\\/\"},{\"@type\":\"ListItem\",\"position\":2,\"name\":\"Shop\",\"item\":\"https:\\\/\\\/amrtop.net\\\/negozio\\\/\"},{\"@type\":\"ListItem\",\"position\":3,\"name\":\"DPC107&#8230; &#8211; Coude \u00e0 45\u00b0\"}]},{\"@type\":\"WebSite\",\"@id\":\"https:\\\/\\\/amrtop.net\\\/#website\",\"url\":\"https:\\\/\\\/amrtop.net\\\/\",\"name\":\"AMRTOP B2B \u00c9tranger - Achats r\u00e9serv\u00e9s au professionnel\",\"description\":\"Pi\u00e8ces de rechange et accessoires pour po\u00eales et chaudi\u00e8res - eCommerce B2B pour Clients Professionnels\",\"potentialAction\":[{\"@type\":\"SearchAction\",\"target\":{\"@type\":\"EntryPoint\",\"urlTemplate\":\"https:\\\/\\\/amrtop.net\\\/?s={search_term_string}\"},\"query-input\":{\"@type\":\"PropertyValueSpecification\",\"valueRequired\":true,\"valueName\":\"search_term_string\"}}],\"inLanguage\":\"de\"}]}<\/script>\n<!-- \/ Yoast SEO plugin. -->","yoast_head_json":{"title":"Coude \u00e0 45\u00b0acier inox","description":"Coude \u00e0 45\u00b0acier inox - \u00c9l\u00e9ment - Syst\u00e8me - Conduit de chemin\u00e9e ou conduit de chemin\u00e9e \u00e0 double paroi isol\u00e9 \u00e9paisseur 10 ou 25 mm en laine de roche","robots":{"index":"index","follow":"follow","max-snippet":"max-snippet:-1","max-image-preview":"max-image-preview:large","max-video-preview":"max-video-preview:-1"},"canonical":"https:\/\/amrtop.net\/de\/produkt\/dpc107-coude-a-45\/","og_locale":"de_DE","og_type":"article","og_title":"Coude \u00e0 45\u00b0acier inox","og_description":"Coude \u00e0 45\u00b0acier inox - \u00c9l\u00e9ment - Syst\u00e8me - Conduit de chemin\u00e9e ou conduit de chemin\u00e9e \u00e0 double paroi isol\u00e9 \u00e9paisseur 10 ou 25 mm en laine de roche","og_url":"https:\/\/amrtop.net\/de\/produkt\/dpc107-coude-a-45\/","og_site_name":"AMRTOP B2B \u00c9tranger - Achats r\u00e9serv\u00e9s au professionnel","article_modified_time":"2023-06-12T12:56:17+00:00","og_image":[{"width":640,"height":640,"url":"https:\/\/amrtop.net\/wp-content\/uploads\/2022\/06\/dpc107.jpg","type":"image\/jpeg"}],"twitter_card":"summary_large_image","twitter_misc":{"Gesch\u00e4tzte Lesezeit":"2\u00a0Minuten"},"schema":{"@context":"https:\/\/schema.org","@graph":[{"@type":"WebPage","@id":"https:\/\/amrtop.net\/produit\/dpc107-coude-a-45\/","url":"https:\/\/amrtop.net\/produit\/dpc107-coude-a-45\/","name":"Coude \u00e0 45\u00b0acier inox","isPartOf":{"@id":"https:\/\/amrtop.net\/#website"},"primaryImageOfPage":{"@id":"https:\/\/amrtop.net\/produit\/dpc107-coude-a-45\/#primaryimage"},"image":{"@id":"https:\/\/amrtop.net\/produit\/dpc107-coude-a-45\/#primaryimage"},"thumbnailUrl":"https:\/\/amrtop.net\/wp-content\/uploads\/2022\/06\/dpc107.jpg","datePublished":"2022-06-01T08:02:39+00:00","dateModified":"2023-06-12T12:56:17+00:00","description":"Coude \u00e0 45\u00b0acier inox - \u00c9l\u00e9ment - Syst\u00e8me - Conduit de chemin\u00e9e ou conduit de chemin\u00e9e \u00e0 double paroi isol\u00e9 \u00e9paisseur 10 ou 25 mm en laine de roche","breadcrumb":{"@id":"https:\/\/amrtop.net\/produit\/dpc107-coude-a-45\/#breadcrumb"},"inLanguage":"de","potentialAction":[{"@type":"ReadAction","target":["https:\/\/amrtop.net\/produit\/dpc107-coude-a-45\/"]}]},{"@type":"ImageObject","inLanguage":"de","@id":"https:\/\/amrtop.net\/produit\/dpc107-coude-a-45\/#primaryimage","url":"https:\/\/amrtop.net\/wp-content\/uploads\/2022\/06\/dpc107.jpg","contentUrl":"https:\/\/amrtop.net\/wp-content\/uploads\/2022\/06\/dpc107.jpg","width":640,"height":640,"caption":"Coude \u00e0 45\u00b0acier inox - \u00c9l\u00e9ment - Syst\u00e8me - Conduit de chemin\u00e9e ou conduit de chemin\u00e9e \u00e0 double paroi isol\u00e9 \u00e9paisseur 10 ou 25 mm en laine de roche int\u00e9rieure en acier 316 L et ext\u00e9rieur en acier 304 rev\u00eatement ext\u00e9rieur en acier - cuivre - peint en noir"},{"@type":"BreadcrumbList","@id":"https:\/\/amrtop.net\/produit\/dpc107-coude-a-45\/#breadcrumb","itemListElement":[{"@type":"ListItem","position":1,"name":"Home","item":"https:\/\/amrtop.net\/"},{"@type":"ListItem","position":2,"name":"Shop","item":"https:\/\/amrtop.net\/negozio\/"},{"@type":"ListItem","position":3,"name":"DPC107&#8230; &#8211; Coude \u00e0 45\u00b0"}]},{"@type":"WebSite","@id":"https:\/\/amrtop.net\/#website","url":"https:\/\/amrtop.net\/","name":"AMRTOP B2B Ausland - Einkaufen nur f\u00fcr Fachleute","description":"Ersatzteile und Zubeh\u00f6r f\u00fcr \u00d6fen und Heizkessel - B2B eCommerce f\u00fcr Gesch\u00e4ftskunden","potentialAction":[{"@type":"SearchAction","target":{"@type":"EntryPoint","urlTemplate":"https:\/\/amrtop.net\/?s={search_term_string}"},"query-input":{"@type":"PropertyValueSpecification","valueRequired":true,"valueName":"search_term_string"}}],"inLanguage":"de"}]}},"_links":{"self":[{"href":"https:\/\/amrtop.net\/de\/wp-json\/wp\/v2\/product\/26579","targetHints":{"allow":["GET"]}}],"collection":[{"href":"https:\/\/amrtop.net\/de\/wp-json\/wp\/v2\/product"}],"about":[{"href":"https:\/\/amrtop.net\/de\/wp-json\/wp\/v2\/types\/product"}],"replies":[{"embeddable":true,"href":"https:\/\/amrtop.net\/de\/wp-json\/wp\/v2\/comments?post=26579"}],"wp:featuredmedia":[{"embeddable":true,"href":"https:\/\/amrtop.net\/de\/wp-json\/wp\/v2\/media\/27883"}],"wp:attachment":[{"href":"https:\/\/amrtop.net\/de\/wp-json\/wp\/v2\/media?parent=26579"}],"wp:term":[{"taxonomy":"product_brand","embeddable":true,"href":"https:\/\/amrtop.net\/de\/wp-json\/wp\/v2\/product_brand?post=26579"},{"taxonomy":"product_cat","embeddable":true,"href":"https:\/\/amrtop.net\/de\/wp-json\/wp\/v2\/product_cat?post=26579"},{"taxonomy":"product_tag","embeddable":true,"href":"https:\/\/amrtop.net\/de\/wp-json\/wp\/v2\/product_tag?post=26579"}],"curies":[{"name":"wp","href":"https:\/\/api.w.org\/{rel}","templated":true}]}}