{"id":26768,"date":"2022-06-01T09:20:37","date_gmt":"2022-06-01T09:20:37","guid":{"rendered":"https:\/\/amrtop.com\/B2B\/?post_type=product&#038;p=26768"},"modified":"2023-06-13T07:23:43","modified_gmt":"2023-06-13T07:23:43","slug":"dpcn136-collier-mural-avec-cheville","status":"publish","type":"product","link":"https:\/\/amrtop.net\/de\/produit\/dpcn136-collier-mural-avec-cheville\/","title":{"rendered":"DPCN136... - Wandschelle mit D\u00fcbel"},"content":{"rendered":"<h3><strong>Collier mural avec cheville noire DP10 BLACK<\/strong><\/h3>\n<p>Das Doppelwandsystem DP10 BLACK besteht aus steifen, modularen Elementen mit polierter Oberfl\u00e4che BA, die mit einer Innenwand aus Edelstahl AISI 316L gefertigt sind.<\/p>\n<p>Mit einer Mindestdicke von 0,4 mm und einer Au\u00dfenwand aus schwarz lackiertem Edelstahl AISI 304, die den Normen f\u00fcr die CE-Kennzeichnung gem\u00e4\u00df EN 1856\/1l' entspricht.<\/p>\n<p>Die D\u00e4mmung besteht aus hochdichter Mineralwolle mit einer Dicke von 10 mm, die gepresst und zwischen den W\u00e4nden ohne Verbindungselemente zwischen den W\u00e4nden (W\u00e4rmebr\u00fccken) eingef\u00fcgt wird.<\/p>\n<p>Die modularen Elemente verf\u00fcgen \u00fcber die klassische Transplantation von kalibriertem Glas f\u00fcr beide Seitenw\u00e4nde mit einer Dreilippendichtung, die in die Innenwand eingef\u00fcgt wird und der europ\u00e4ischen Norm EN 14241-1 entspricht, sowie \u00fcber eine mechanische Verbindung mit einem Sicherheitsflansch.<\/p>\n<h3><strong>Anwendung<\/strong><\/h3>\n<p>Innen- oder Au\u00dfeninstallation.<\/p>\n<h3><strong>Utilisation du Collier mural avec cheville noire DP10 BLACK<\/strong><\/h3>\n<p>Sch\u00e4chte, Rauchabz\u00fcge, Metallschornsteine, Abgase Luft, die mit W\u00e4rmeerzeugern des atmosph\u00e4rischen Typs, des Drucktyps, des Gebl\u00e4ses, des herk\u00f6mmlichen Typs oder des Kondensationstyps gekoppelt ist, K\u00fcchenhauben f\u00fcr den industriellen oder h\u00e4uslichen Gebrauch, Holz\u00f6fen, Kamine, Pellet\u00f6fen.<\/p>\n<p><strong>Verf\u00fcgbare Durchmesser<\/strong> - mm 80\/100 100\/120 AUF ANFRAGE<\/p>\n<p><strong>Sortiment an Rauchsystemen von AMR TOP\u00a0\u00a0\u00a0\u00a0\u00a0\u00a0 <\/strong><\/p>\n<p><a href=\"https:\/\/amrtop.net\/de\/produktkategorie\/rauchkanale-2\/tuyaux-flexibles-en-acier-inoxydable\/\"><strong>TOP FLEX SP - Flexible Rohre aus gewelltem Edelstahl, ein- und doppelwandig<\/strong><\/a><\/p>\n<p><a href=\"https:\/\/amrtop.net\/de\/produktkategorie\/rauchkanale-2\/tube-rigide-monoparete-en-acier-inoxydable\/\"><strong>SP - Einwandiges starres Rohr aus Edelstahl AISI 316L<\/strong><\/a><\/p>\n<p><a href=\"https:\/\/amrtop.net\/de\/produktkategorie\/rauchkanale-2\/tube-flexible-inox-aisi-316-l-interieur-lisse-isole\/\"><strong>ISOTOP FLEX - Flexibles Rohr aus Edelstahl AISI 316L innen glatt isoliert \u00a0<\/strong><\/a><\/p>\n<p><a href=\"https:\/\/amrtop.net\/de\/produktkategorie\/rauchkanale-2\/dp-air-tube-double-paroi-inox-a-chambre-dair\/\"><strong>DP AIR - Doppelwandiges Edelstahlrohr mit Luftkammern<\/strong><\/a><\/p>\n<p><a href=\"https:\/\/amrtop.net\/de\/produktkategorie\/rauchkanale-2\/tube-coaxial-inox\/\"><strong>DP - Isoliertes doppelwandiges Rohr 10 mm - 25 mm<\/strong><\/a><\/p>\n<p><a href=\"https:\/\/amrtop.net\/de\/produktkategorie\/rauchkanale-2\/tube-coaxial-inox\/\"><strong>COAX TOP - Koaxialrohr aus Edelstahl aus PPS und PPS\/Edelstahl<\/strong><\/a><\/p>\n<p><a href=\"https:\/\/amrtop.net\/de\/produktkategorie\/rauchkanale-2\/tuyau-coaxial-inox-inox-black\/\"><strong>COAX PELLET - Koaxialrohr aus rostfreiem Stahl<\/strong><\/a><\/p>\n<p><strong><a href=\"https:\/\/amrtop.net\/de\/produktkategorie\/rauchkanale-2\/conduits-de-fumee-des-appareils-a-biomasse\/\">BIOM TOP - Rohre f\u00fcr Pellet- und Holz\u00f6fen<\/a><\/strong><\/p>\n<p><strong><a href=\"https:\/\/amrtop.net\/de\/produktkategorie\/rauchkanale-2\/alutop-tube-en-aluminium-flexible-extensible\/\">ALU TOP - Flexible ausziehbare Aluminiumrohre<\/a><\/strong><strong>\u00a0 \u00a0<\/strong><\/p>\n<p><strong><u>\u00a0<\/u><\/strong><\/p>\n<p><strong><u>\u00a0<\/u><\/strong><\/p>\n<p><strong><u>\u00a0<\/u><\/strong><\/p>\n<p><strong>\u00a0<\/strong><\/p>","protected":false},"excerpt":{"rendered":"<p>Collier mural avec cheville noire DP10 BLACK Le syst\u00e8me double paroi DP10 BLACK est compos\u00e9 par des \u00e9l\u00e9ments modulaires rigides avec finition polie BA,r\u00e9alis\u00e9s avec paroi int\u00e9rieure en acier inox AISI 316L De \u00e9paisseur minimale 0,4 mm et paroi ext\u00e9rieure en acier inox AISI 304 peint en noir, conformes aux normes pr\u00e9vues du marquage CE [&hellip;]<\/p>\n","protected":false},"featured_media":31986,"comment_status":"open","ping_status":"closed","template":"","meta":[],"product_brand":[],"product_cat":[1533,1535],"product_tag":[],"class_list":{"0":"post-26768","1":"product","2":"type-product","3":"status-publish","4":"has-post-thumbnail","6":"product_cat-tubes-isoles-exterieur-cuivre-inox","7":"product_cat-dp10-black-tube-double-paroi-inox-exterieur-inox-peint-noir-epaisseur-disolation-10-mm","9":"first","10":"instock","11":"shipping-taxable","12":"purchasable","13":"product-type-variable"},"yoast_head":"<!-- This site is optimized with the Yoast SEO plugin v27.4 - https:\/\/yoast.com\/product\/yoast-seo-wordpress\/ -->\n<title>Collier mural avec cheville noire DP10 BLACK<\/title>\n<meta name=\"description\" content=\"Collier mural avec cheville noire DP10 BLACK - \u00c9l\u00e9ment - Syst\u00e8me - Conduit de chemin\u00e9e ou conduit de chemin\u00e9e \u00e0 double paroi isol\u00e9 \u00e9paisseur 10 ou 25 mm en laine de roche int\u00e9rieure en acier 316 L et ext\u00e9rieur en acier 304 rev\u00eatement ext\u00e9rieur en acier - cuivre - peint en noir.\" \/>\n<meta name=\"robots\" content=\"index, follow, max-snippet:-1, max-image-preview:large, max-video-preview:-1\" \/>\n<link rel=\"canonical\" href=\"https:\/\/amrtop.net\/de\/produkt\/dpcn136-collier-mural-avec-cheville\/\" \/>\n<meta property=\"og:locale\" content=\"de_DE\" \/>\n<meta property=\"og:type\" content=\"article\" \/>\n<meta property=\"og:title\" content=\"Collier mural avec cheville noire DP10 BLACK\" \/>\n<meta property=\"og:description\" content=\"Collier mural avec cheville noire DP10 BLACK - \u00c9l\u00e9ment - Syst\u00e8me - Conduit de chemin\u00e9e ou conduit de chemin\u00e9e \u00e0 double paroi isol\u00e9 \u00e9paisseur 10 ou 25 mm en laine de roche int\u00e9rieure en acier 316 L et ext\u00e9rieur en acier 304 rev\u00eatement ext\u00e9rieur en acier - cuivre - peint en noir.\" \/>\n<meta property=\"og:url\" content=\"https:\/\/amrtop.net\/de\/produkt\/dpcn136-collier-mural-avec-cheville\/\" \/>\n<meta property=\"og:site_name\" content=\"AMRTOP B2B \u00c9tranger - Achats r\u00e9serv\u00e9s au professionnel\" \/>\n<meta property=\"article:modified_time\" content=\"2023-06-13T07:23:43+00:00\" \/>\n<meta property=\"og:image\" content=\"https:\/\/amrtop.net\/wp-content\/uploads\/2022\/06\/dpcn136.jpg\" \/>\n\t<meta property=\"og:image:width\" content=\"640\" \/>\n\t<meta property=\"og:image:height\" content=\"640\" \/>\n\t<meta property=\"og:image:type\" content=\"image\/jpeg\" \/>\n<meta name=\"twitter:card\" content=\"summary_large_image\" \/>\n<meta name=\"twitter:label1\" content=\"Gesch\u00e4tzte Lesezeit\" \/>\n\t<meta name=\"twitter:data1\" content=\"2\u00a0Minuten\" \/>\n<script type=\"application\/ld+json\" class=\"yoast-schema-graph\">{\"@context\":\"https:\\\/\\\/schema.org\",\"@graph\":[{\"@type\":\"WebPage\",\"@id\":\"https:\\\/\\\/amrtop.net\\\/produit\\\/dpcn136-collier-mural-avec-cheville\\\/\",\"url\":\"https:\\\/\\\/amrtop.net\\\/produit\\\/dpcn136-collier-mural-avec-cheville\\\/\",\"name\":\"Collier mural avec cheville noire DP10 BLACK\",\"isPartOf\":{\"@id\":\"https:\\\/\\\/amrtop.net\\\/#website\"},\"primaryImageOfPage\":{\"@id\":\"https:\\\/\\\/amrtop.net\\\/produit\\\/dpcn136-collier-mural-avec-cheville\\\/#primaryimage\"},\"image\":{\"@id\":\"https:\\\/\\\/amrtop.net\\\/produit\\\/dpcn136-collier-mural-avec-cheville\\\/#primaryimage\"},\"thumbnailUrl\":\"https:\\\/\\\/amrtop.net\\\/wp-content\\\/uploads\\\/2022\\\/06\\\/dpcn136.jpg\",\"datePublished\":\"2022-06-01T09:20:37+00:00\",\"dateModified\":\"2023-06-13T07:23:43+00:00\",\"description\":\"Collier mural avec cheville noire DP10 BLACK - \u00c9l\u00e9ment - Syst\u00e8me - Conduit de chemin\u00e9e ou conduit de chemin\u00e9e \u00e0 double paroi isol\u00e9 \u00e9paisseur 10 ou 25 mm en laine de roche int\u00e9rieure en acier 316 L et ext\u00e9rieur en acier 304 rev\u00eatement ext\u00e9rieur en acier - cuivre - peint en noir.\",\"breadcrumb\":{\"@id\":\"https:\\\/\\\/amrtop.net\\\/produit\\\/dpcn136-collier-mural-avec-cheville\\\/#breadcrumb\"},\"inLanguage\":\"de\",\"potentialAction\":[{\"@type\":\"ReadAction\",\"target\":[\"https:\\\/\\\/amrtop.net\\\/produit\\\/dpcn136-collier-mural-avec-cheville\\\/\"]}]},{\"@type\":\"ImageObject\",\"inLanguage\":\"de\",\"@id\":\"https:\\\/\\\/amrtop.net\\\/produit\\\/dpcn136-collier-mural-avec-cheville\\\/#primaryimage\",\"url\":\"https:\\\/\\\/amrtop.net\\\/wp-content\\\/uploads\\\/2022\\\/06\\\/dpcn136.jpg\",\"contentUrl\":\"https:\\\/\\\/amrtop.net\\\/wp-content\\\/uploads\\\/2022\\\/06\\\/dpcn136.jpg\",\"width\":640,\"height\":640,\"caption\":\"Collier mural avec cheville noire DP10 BLACK - \u00c9l\u00e9ment - Syst\u00e8me - Conduit de chemin\u00e9e ou conduit de chemin\u00e9e \u00e0 double paroi isol\u00e9 \u00e9paisseur 10 ou 25 mm en laine de roche int\u00e9rieure en acier 316 L et ext\u00e9rieur en acier 304 rev\u00eatement ext\u00e9rieur en acier - cuivre - peint en noir.\"},{\"@type\":\"BreadcrumbList\",\"@id\":\"https:\\\/\\\/amrtop.net\\\/produit\\\/dpcn136-collier-mural-avec-cheville\\\/#breadcrumb\",\"itemListElement\":[{\"@type\":\"ListItem\",\"position\":1,\"name\":\"Home\",\"item\":\"https:\\\/\\\/amrtop.net\\\/\"},{\"@type\":\"ListItem\",\"position\":2,\"name\":\"Shop\",\"item\":\"https:\\\/\\\/amrtop.net\\\/negozio\\\/\"},{\"@type\":\"ListItem\",\"position\":3,\"name\":\"DPCN136&#8230; &#8211; Collier mural avec cheville\"}]},{\"@type\":\"WebSite\",\"@id\":\"https:\\\/\\\/amrtop.net\\\/#website\",\"url\":\"https:\\\/\\\/amrtop.net\\\/\",\"name\":\"AMRTOP B2B \u00c9tranger - Achats r\u00e9serv\u00e9s au professionnel\",\"description\":\"Pi\u00e8ces de rechange et accessoires pour po\u00eales et chaudi\u00e8res - eCommerce B2B pour Clients Professionnels\",\"potentialAction\":[{\"@type\":\"SearchAction\",\"target\":{\"@type\":\"EntryPoint\",\"urlTemplate\":\"https:\\\/\\\/amrtop.net\\\/?s={search_term_string}\"},\"query-input\":{\"@type\":\"PropertyValueSpecification\",\"valueRequired\":true,\"valueName\":\"search_term_string\"}}],\"inLanguage\":\"de\"}]}<\/script>\n<!-- \/ Yoast SEO plugin. -->","yoast_head_json":{"title":"Collier mural avec cheville noire DP10 BLACK","description":"Wandschelle mit schwarzem D\u00fcbel DP10 BLACK - Element - System - Kaminrohr oder doppelwandiges Kaminrohr isoliert Dicke 10 oder 25 mm Steinwolle innen Stahl 316 L und au\u00dfen Stahl 304 Au\u00dfenverkleidung Stahl - Kupfer - schwarz lackiert.","robots":{"index":"index","follow":"follow","max-snippet":"max-snippet:-1","max-image-preview":"max-image-preview:large","max-video-preview":"max-video-preview:-1"},"canonical":"https:\/\/amrtop.net\/de\/produkt\/dpcn136-collier-mural-avec-cheville\/","og_locale":"de_DE","og_type":"article","og_title":"Collier mural avec cheville noire DP10 BLACK","og_description":"Collier mural avec cheville noire DP10 BLACK - \u00c9l\u00e9ment - Syst\u00e8me - Conduit de chemin\u00e9e ou conduit de chemin\u00e9e \u00e0 double paroi isol\u00e9 \u00e9paisseur 10 ou 25 mm en laine de roche int\u00e9rieure en acier 316 L et ext\u00e9rieur en acier 304 rev\u00eatement ext\u00e9rieur en acier - cuivre - peint en noir.","og_url":"https:\/\/amrtop.net\/de\/produkt\/dpcn136-collier-mural-avec-cheville\/","og_site_name":"AMRTOP B2B \u00c9tranger - Achats r\u00e9serv\u00e9s au professionnel","article_modified_time":"2023-06-13T07:23:43+00:00","og_image":[{"width":640,"height":640,"url":"https:\/\/amrtop.net\/wp-content\/uploads\/2022\/06\/dpcn136.jpg","type":"image\/jpeg"}],"twitter_card":"summary_large_image","twitter_misc":{"Gesch\u00e4tzte Lesezeit":"2\u00a0Minuten"},"schema":{"@context":"https:\/\/schema.org","@graph":[{"@type":"WebPage","@id":"https:\/\/amrtop.net\/produit\/dpcn136-collier-mural-avec-cheville\/","url":"https:\/\/amrtop.net\/produit\/dpcn136-collier-mural-avec-cheville\/","name":"Collier mural avec cheville noire DP10 BLACK","isPartOf":{"@id":"https:\/\/amrtop.net\/#website"},"primaryImageOfPage":{"@id":"https:\/\/amrtop.net\/produit\/dpcn136-collier-mural-avec-cheville\/#primaryimage"},"image":{"@id":"https:\/\/amrtop.net\/produit\/dpcn136-collier-mural-avec-cheville\/#primaryimage"},"thumbnailUrl":"https:\/\/amrtop.net\/wp-content\/uploads\/2022\/06\/dpcn136.jpg","datePublished":"2022-06-01T09:20:37+00:00","dateModified":"2023-06-13T07:23:43+00:00","description":"Wandschelle mit schwarzem D\u00fcbel DP10 BLACK - Element - System - Kaminrohr oder doppelwandiges Kaminrohr isoliert Dicke 10 oder 25 mm Steinwolle innen Stahl 316 L und au\u00dfen Stahl 304 Au\u00dfenverkleidung Stahl - Kupfer - schwarz lackiert.","breadcrumb":{"@id":"https:\/\/amrtop.net\/produit\/dpcn136-collier-mural-avec-cheville\/#breadcrumb"},"inLanguage":"de","potentialAction":[{"@type":"ReadAction","target":["https:\/\/amrtop.net\/produit\/dpcn136-collier-mural-avec-cheville\/"]}]},{"@type":"ImageObject","inLanguage":"de","@id":"https:\/\/amrtop.net\/produit\/dpcn136-collier-mural-avec-cheville\/#primaryimage","url":"https:\/\/amrtop.net\/wp-content\/uploads\/2022\/06\/dpcn136.jpg","contentUrl":"https:\/\/amrtop.net\/wp-content\/uploads\/2022\/06\/dpcn136.jpg","width":640,"height":640,"caption":"Collier mural avec cheville noire DP10 BLACK - \u00c9l\u00e9ment - Syst\u00e8me - Conduit de chemin\u00e9e ou conduit de chemin\u00e9e \u00e0 double paroi isol\u00e9 \u00e9paisseur 10 ou 25 mm en laine de roche int\u00e9rieure en acier 316 L et ext\u00e9rieur en acier 304 rev\u00eatement ext\u00e9rieur en acier - cuivre - peint en noir."},{"@type":"BreadcrumbList","@id":"https:\/\/amrtop.net\/produit\/dpcn136-collier-mural-avec-cheville\/#breadcrumb","itemListElement":[{"@type":"ListItem","position":1,"name":"Home","item":"https:\/\/amrtop.net\/"},{"@type":"ListItem","position":2,"name":"Shop","item":"https:\/\/amrtop.net\/negozio\/"},{"@type":"ListItem","position":3,"name":"DPCN136&#8230; &#8211; Collier mural avec cheville"}]},{"@type":"WebSite","@id":"https:\/\/amrtop.net\/#website","url":"https:\/\/amrtop.net\/","name":"AMRTOP B2B Ausland - Einkaufen nur f\u00fcr Fachleute","description":"Ersatzteile und Zubeh\u00f6r f\u00fcr \u00d6fen und Heizkessel - B2B eCommerce f\u00fcr Gesch\u00e4ftskunden","potentialAction":[{"@type":"SearchAction","target":{"@type":"EntryPoint","urlTemplate":"https:\/\/amrtop.net\/?s={search_term_string}"},"query-input":{"@type":"PropertyValueSpecification","valueRequired":true,"valueName":"search_term_string"}}],"inLanguage":"de"}]}},"_links":{"self":[{"href":"https:\/\/amrtop.net\/de\/wp-json\/wp\/v2\/product\/26768","targetHints":{"allow":["GET"]}}],"collection":[{"href":"https:\/\/amrtop.net\/de\/wp-json\/wp\/v2\/product"}],"about":[{"href":"https:\/\/amrtop.net\/de\/wp-json\/wp\/v2\/types\/product"}],"replies":[{"embeddable":true,"href":"https:\/\/amrtop.net\/de\/wp-json\/wp\/v2\/comments?post=26768"}],"wp:featuredmedia":[{"embeddable":true,"href":"https:\/\/amrtop.net\/de\/wp-json\/wp\/v2\/media\/31986"}],"wp:attachment":[{"href":"https:\/\/amrtop.net\/de\/wp-json\/wp\/v2\/media?parent=26768"}],"wp:term":[{"taxonomy":"product_brand","embeddable":true,"href":"https:\/\/amrtop.net\/de\/wp-json\/wp\/v2\/product_brand?post=26768"},{"taxonomy":"product_cat","embeddable":true,"href":"https:\/\/amrtop.net\/de\/wp-json\/wp\/v2\/product_cat?post=26768"},{"taxonomy":"product_tag","embeddable":true,"href":"https:\/\/amrtop.net\/de\/wp-json\/wp\/v2\/product_tag?post=26768"}],"curies":[{"name":"wp","href":"https:\/\/api.w.org\/{rel}","templated":true}]}}