{"id":29026,"date":"2022-06-05T15:25:08","date_gmt":"2022-06-05T15:25:08","guid":{"rendered":"https:\/\/amrtop.com\/B2B\/?post_type=product&#038;p=29026"},"modified":"2023-06-13T13:45:23","modified_gmt":"2023-06-13T13:45:23","slug":"dpc2567-diameter-reduction","status":"publish","type":"product","link":"https:\/\/amrtop.net\/de\/produit\/dpc2567-reduction-de-diametre\/","title":{"rendered":"DPC2567... - Reduzierung des Durchmessers"},"content":{"rendered":"<h3>Verkleinerung des Durchmessers<\/h3>\n<p>Das Doppelwandsystem DPC25 besteht aus starren modularen Elementen mit polierter Oberfl\u00e4che aus nat\u00fcrlichem Kupfer, hergestellt mit einer Innenwand aus rostfreiem Stahl AISI 316L mit einer Mindestdicke von 0,4 mm und einer Au\u00dfenwand aus nat\u00fcrlichem Kupfer mit einer Dicke von 0,5 mm.<\/p>\n<p>Entspricht den Standards f\u00fcr die CE-Kennzeichnung gem\u00e4\u00df EN 1856\/1.<\/p>\n<p>Die D\u00e4mmung besteht aus hochdichter Mineralwolle mit einer Dicke von 25 mm, die gepresst und zwischen den W\u00e4nden ohne Verbindungselemente zwischen den W\u00e4nden (W\u00e4rmebr\u00fccke) eingelegt wird.<\/p>\n<p>Die modularen Elemente haben eine klassische Glaskupplung, die f\u00fcr beide W\u00e4nde kalibriert ist und eine dreifache Lippendichtung, die in die Innenwand eingesetzt wird.<\/p>\n<p>Gem\u00e4\u00df der europ\u00e4ischen Norm EN 14241-1 und mechanische Verbindung mit Sicherheitsflansch.<\/p>\n<p>Rechtsverweis und Bezeichnung Produktkennzeichnung gem\u00e4\u00df den europ\u00e4ischen Vorschriften CE 0476 EN 1856-1. T200 H1 W V2 L50040* O xx auf Anfrage T200 P1 W V2 L50040* O xx mit Dichtung T600 N1 W V2 L50040 O zz \/ G yy ohne Dichtung<\/p>\n<h3><strong>Anwendung<\/strong><\/h3>\n<p>Innen- oder Au\u00dfeninstallation.<\/p>\n<h3><strong>Verwendung von <\/strong>Durchmesserreduzierung doppelwandig au\u00dfen Stahl DP<\/h3>\n<p>Sch\u00e4chte, Rauchabz\u00fcge, Metallschornsteine, Auspuffanlagen Luft, die mit W\u00e4rmeerzeugern vom Typ atmosph\u00e4risch, Druck, Gebl\u00e4se gekoppelt ist.<\/p>\n<p>Traditionell oder mit Brennwerttechnik, K\u00fcchenabzugshauben f\u00fcr den industriellen oder privaten Gebrauch, Holz\u00f6fen, Kamine, Pellet\u00f6fen.<\/p>\n<p><strong>Verf\u00fcgbare Durchmesser<\/strong>\u00a0- mm 80\/130 - 100\/150 - 130\/180 - 150\/200 - 180\/230 - 200\/250 - 250\/300 - 300\/350 350\/400\u00a0<strong>AUF ANFRAGE<\/strong>\u00a0- Erh\u00e4ltlich bis zu einem Innendurchmesser von 800\u00a0<strong>AUF ANFRAGE<\/strong><\/p>\n<h3><strong>Sortiment an Rauchsystemen von AMR TOP\u00a0\u00a0\u00a0\u00a0\u00a0\u00a0<\/strong><\/h3>\n<p><a href=\"https:\/\/amrtop.net\/de\/produktkategorie\/rauchkanale-2\/tuyaux-flexibles-en-acier-inoxydable\/\"><strong>TOP FLEX SP - Flexible Rohre aus gewelltem Edelstahl, ein- und doppelwandig<\/strong><\/a><\/p>\n<p><a href=\"https:\/\/amrtop.net\/de\/produktkategorie\/rauchkanale-2\/tube-rigide-monoparete-en-acier-inoxydable\/\"><strong>SP - Einwandiges starres Rohr aus Edelstahl AISI 316L<\/strong><\/a><\/p>\n<p><a href=\"https:\/\/amrtop.net\/de\/produktkategorie\/rauchkanale-2\/tube-flexible-inox-aisi-316-l-interieur-lisse-isole\/\"><strong>ISOTOP FLEX - Flexibles Rohr aus Edelstahl AISI 316L innen glatt isoliert \u00a0<\/strong><\/a><\/p>\n<p><a href=\"https:\/\/amrtop.net\/de\/produktkategorie\/rauchkanale-2\/dp-air-tube-double-paroi-inox-a-chambre-dair\/\"><strong>DP AIR - Doppelwandiges Edelstahlrohr mit Luftkammern<\/strong><\/a><\/p>\n<p><a href=\"https:\/\/amrtop.net\/de\/produktkategorie\/rauchkanale-2\/tube-coaxial-inox\/\"><strong>DP - Isoliertes doppelwandiges Rohr 10 mm - 25 mm<\/strong><\/a><\/p>\n<p><a href=\"https:\/\/amrtop.net\/de\/produktkategorie\/rauchkanale-2\/tube-coaxial-inox\/\"><strong>COAX TOP - Koaxialrohr aus Edelstahl aus PPS und PPS\/Edelstahl<\/strong><\/a><\/p>\n<p><a href=\"https:\/\/amrtop.net\/de\/produktkategorie\/rauchkanale-2\/tuyau-coaxial-inox-inox-black\/\"><strong>COAX PELLET - Koaxialrohr aus rostfreiem Stahl<\/strong><\/a><\/p>\n<p><strong><a href=\"https:\/\/amrtop.net\/de\/produktkategorie\/rauchkanale-2\/conduits-de-fumee-des-appareils-a-biomasse\/\">BIOM TOP - Rohre f\u00fcr Pellet- und Holz\u00f6fen<\/a><\/strong><\/p>","protected":false},"excerpt":{"rendered":"<p>R\u00e9duction de diam\u00e8tre Le syst\u00e8me double paroi DPC25 est compos\u00e9 de \u00e9l\u00e9ments modulaires rigides avec finition polie en cuivre naturel, fabriqu\u00e9 avec paroi int\u00e9rieure en acier inoxydable AISI 316L d\u2019une \u00e9paisseur minimale de 0,4 mm et paroi ext\u00e9rieure en cuivre naturel d\u2019une \u00e9paisseur de 0,5 mm. Conforme aux normespr\u00e9vues par le marquage CE conform\u00e9ment \u00e0 [&hellip;]<\/p>\n","protected":false},"featured_media":32089,"comment_status":"open","ping_status":"closed","template":"","meta":[],"product_brand":[],"product_cat":[1533,1537],"product_tag":[],"class_list":{"0":"post-29026","1":"product","2":"type-product","3":"status-publish","4":"has-post-thumbnail","6":"product_cat-tubes-isoles-exterieur-cuivre-inox","7":"product_cat-dp25-tube-double-paroi-inox-exterieur-inox-epaisseur-disolation-25-mm","9":"first","10":"instock","11":"shipping-taxable","12":"purchasable","13":"product-type-variable"},"yoast_head":"<!-- This site is optimized with the Yoast SEO plugin v27.4 - https:\/\/yoast.com\/product\/yoast-seo-wordpress\/ -->\n<title>R\u00e9duction de diam\u00e8tre\u00a0double paroi externe acier DP<\/title>\n<meta name=\"description\" content=\"R\u00e9duction de diam\u00e8tre\u00a0double paroi externe acier DP \u00c9l\u00e9ment - Syst\u00e8me - Conduit de chemin\u00e9e ou conduit de chemin\u00e9e \u00e0 double paroi isol\u00e9 \u00e9paisseur 10 ou 25 mm en laine de roche int\u00e9rieure en acier 316 L et ext\u00e9rieur en acier 304 rev\u00eatement ext\u00e9rieur en acier - cuivre - peint en noir.\" \/>\n<meta name=\"robots\" content=\"index, follow, max-snippet:-1, max-image-preview:large, max-video-preview:-1\" \/>\n<link rel=\"canonical\" href=\"https:\/\/amrtop.net\/de\/produkt\/dpc2567-diameter-reduction\/\" \/>\n<meta property=\"og:locale\" content=\"de_DE\" \/>\n<meta property=\"og:type\" content=\"article\" \/>\n<meta property=\"og:title\" content=\"R\u00e9duction de diam\u00e8tre\u00a0double paroi externe acier DP\" \/>\n<meta property=\"og:description\" content=\"R\u00e9duction de diam\u00e8tre\u00a0double paroi externe acier DP \u00c9l\u00e9ment - Syst\u00e8me - Conduit de chemin\u00e9e ou conduit de chemin\u00e9e \u00e0 double paroi isol\u00e9 \u00e9paisseur 10 ou 25 mm en laine de roche int\u00e9rieure en acier 316 L et ext\u00e9rieur en acier 304 rev\u00eatement ext\u00e9rieur en acier - cuivre - peint en noir.\" \/>\n<meta property=\"og:url\" content=\"https:\/\/amrtop.net\/de\/produkt\/dpc2567-diameter-reduction\/\" \/>\n<meta property=\"og:site_name\" content=\"AMRTOP B2B \u00c9tranger - Achats r\u00e9serv\u00e9s au professionnel\" \/>\n<meta property=\"article:modified_time\" content=\"2023-06-13T13:45:23+00:00\" \/>\n<meta property=\"og:image\" content=\"https:\/\/amrtop.net\/wp-content\/uploads\/2022\/06\/dpc2567.jpg\" \/>\n\t<meta property=\"og:image:width\" content=\"640\" \/>\n\t<meta property=\"og:image:height\" content=\"640\" \/>\n\t<meta property=\"og:image:type\" content=\"image\/jpeg\" \/>\n<meta name=\"twitter:card\" content=\"summary_large_image\" \/>\n<meta name=\"twitter:label1\" content=\"Gesch\u00e4tzte Lesezeit\" \/>\n\t<meta name=\"twitter:data1\" content=\"2\u00a0Minuten\" \/>\n<script type=\"application\/ld+json\" class=\"yoast-schema-graph\">{\"@context\":\"https:\\\/\\\/schema.org\",\"@graph\":[{\"@type\":\"WebPage\",\"@id\":\"https:\\\/\\\/amrtop.net\\\/produit\\\/dpc2567-reduction-de-diametre\\\/\",\"url\":\"https:\\\/\\\/amrtop.net\\\/produit\\\/dpc2567-reduction-de-diametre\\\/\",\"name\":\"R\u00e9duction de diam\u00e8tre\u00a0double paroi externe acier DP\",\"isPartOf\":{\"@id\":\"https:\\\/\\\/amrtop.net\\\/#website\"},\"primaryImageOfPage\":{\"@id\":\"https:\\\/\\\/amrtop.net\\\/produit\\\/dpc2567-reduction-de-diametre\\\/#primaryimage\"},\"image\":{\"@id\":\"https:\\\/\\\/amrtop.net\\\/produit\\\/dpc2567-reduction-de-diametre\\\/#primaryimage\"},\"thumbnailUrl\":\"https:\\\/\\\/amrtop.net\\\/wp-content\\\/uploads\\\/2022\\\/06\\\/dpc2567.jpg\",\"datePublished\":\"2022-06-05T15:25:08+00:00\",\"dateModified\":\"2023-06-13T13:45:23+00:00\",\"description\":\"R\u00e9duction de diam\u00e8tre\u00a0double paroi externe acier DP \u00c9l\u00e9ment - Syst\u00e8me - Conduit de chemin\u00e9e ou conduit de chemin\u00e9e \u00e0 double paroi isol\u00e9 \u00e9paisseur 10 ou 25 mm en laine de roche int\u00e9rieure en acier 316 L et ext\u00e9rieur en acier 304 rev\u00eatement ext\u00e9rieur en acier - cuivre - peint en noir.\",\"breadcrumb\":{\"@id\":\"https:\\\/\\\/amrtop.net\\\/produit\\\/dpc2567-reduction-de-diametre\\\/#breadcrumb\"},\"inLanguage\":\"de\",\"potentialAction\":[{\"@type\":\"ReadAction\",\"target\":[\"https:\\\/\\\/amrtop.net\\\/produit\\\/dpc2567-reduction-de-diametre\\\/\"]}]},{\"@type\":\"ImageObject\",\"inLanguage\":\"de\",\"@id\":\"https:\\\/\\\/amrtop.net\\\/produit\\\/dpc2567-reduction-de-diametre\\\/#primaryimage\",\"url\":\"https:\\\/\\\/amrtop.net\\\/wp-content\\\/uploads\\\/2022\\\/06\\\/dpc2567.jpg\",\"contentUrl\":\"https:\\\/\\\/amrtop.net\\\/wp-content\\\/uploads\\\/2022\\\/06\\\/dpc2567.jpg\",\"width\":640,\"height\":640,\"caption\":\"Riduzione diametro in acciaio-inox\"},{\"@type\":\"BreadcrumbList\",\"@id\":\"https:\\\/\\\/amrtop.net\\\/produit\\\/dpc2567-reduction-de-diametre\\\/#breadcrumb\",\"itemListElement\":[{\"@type\":\"ListItem\",\"position\":1,\"name\":\"Home\",\"item\":\"https:\\\/\\\/amrtop.net\\\/\"},{\"@type\":\"ListItem\",\"position\":2,\"name\":\"Shop\",\"item\":\"https:\\\/\\\/amrtop.net\\\/negozio\\\/\"},{\"@type\":\"ListItem\",\"position\":3,\"name\":\"DPC2567&#8230; &#8211; R\u00e9duction de diam\u00e8tre\"}]},{\"@type\":\"WebSite\",\"@id\":\"https:\\\/\\\/amrtop.net\\\/#website\",\"url\":\"https:\\\/\\\/amrtop.net\\\/\",\"name\":\"AMRTOP B2B \u00c9tranger - Achats r\u00e9serv\u00e9s au professionnel\",\"description\":\"Pi\u00e8ces de rechange et accessoires pour po\u00eales et chaudi\u00e8res - eCommerce B2B pour Clients Professionnels\",\"potentialAction\":[{\"@type\":\"SearchAction\",\"target\":{\"@type\":\"EntryPoint\",\"urlTemplate\":\"https:\\\/\\\/amrtop.net\\\/?s={search_term_string}\"},\"query-input\":{\"@type\":\"PropertyValueSpecification\",\"valueRequired\":true,\"valueName\":\"search_term_string\"}}],\"inLanguage\":\"de\"}]}<\/script>\n<!-- \/ Yoast SEO plugin. -->","yoast_head_json":{"title":"Durchmesserreduzierung doppelwandig au\u00dfen Stahl DP","description":"Durchmesserreduzierung doppelwandig au\u00dfen Stahl DP Element - System - Kaminrohr oder doppelwandig isoliertes Kaminrohr Dicke 10 oder 25 mm Steinwolle innen Stahl 316 L und au\u00dfen Stahl 304 Au\u00dfenverkleidung Stahl - Kupfer - schwarz lackiert.","robots":{"index":"index","follow":"follow","max-snippet":"max-snippet:-1","max-image-preview":"max-image-preview:large","max-video-preview":"max-video-preview:-1"},"canonical":"https:\/\/amrtop.net\/de\/produkt\/dpc2567-diameter-reduction\/","og_locale":"de_DE","og_type":"article","og_title":"R\u00e9duction de diam\u00e8tre\u00a0double paroi externe acier DP","og_description":"R\u00e9duction de diam\u00e8tre\u00a0double paroi externe acier DP \u00c9l\u00e9ment - Syst\u00e8me - Conduit de chemin\u00e9e ou conduit de chemin\u00e9e \u00e0 double paroi isol\u00e9 \u00e9paisseur 10 ou 25 mm en laine de roche int\u00e9rieure en acier 316 L et ext\u00e9rieur en acier 304 rev\u00eatement ext\u00e9rieur en acier - cuivre - peint en noir.","og_url":"https:\/\/amrtop.net\/de\/produkt\/dpc2567-diameter-reduction\/","og_site_name":"AMRTOP B2B \u00c9tranger - Achats r\u00e9serv\u00e9s au professionnel","article_modified_time":"2023-06-13T13:45:23+00:00","og_image":[{"width":640,"height":640,"url":"https:\/\/amrtop.net\/wp-content\/uploads\/2022\/06\/dpc2567.jpg","type":"image\/jpeg"}],"twitter_card":"summary_large_image","twitter_misc":{"Gesch\u00e4tzte Lesezeit":"2\u00a0Minuten"},"schema":{"@context":"https:\/\/schema.org","@graph":[{"@type":"WebPage","@id":"https:\/\/amrtop.net\/produit\/dpc2567-reduction-de-diametre\/","url":"https:\/\/amrtop.net\/produit\/dpc2567-reduction-de-diametre\/","name":"Durchmesserreduzierung doppelwandig au\u00dfen Stahl DP","isPartOf":{"@id":"https:\/\/amrtop.net\/#website"},"primaryImageOfPage":{"@id":"https:\/\/amrtop.net\/produit\/dpc2567-reduction-de-diametre\/#primaryimage"},"image":{"@id":"https:\/\/amrtop.net\/produit\/dpc2567-reduction-de-diametre\/#primaryimage"},"thumbnailUrl":"https:\/\/amrtop.net\/wp-content\/uploads\/2022\/06\/dpc2567.jpg","datePublished":"2022-06-05T15:25:08+00:00","dateModified":"2023-06-13T13:45:23+00:00","description":"Durchmesserreduzierung doppelwandig au\u00dfen Stahl DP Element - System - Kaminrohr oder doppelwandig isoliertes Kaminrohr Dicke 10 oder 25 mm Steinwolle innen Stahl 316 L und au\u00dfen Stahl 304 Au\u00dfenverkleidung Stahl - Kupfer - schwarz lackiert.","breadcrumb":{"@id":"https:\/\/amrtop.net\/produit\/dpc2567-reduction-de-diametre\/#breadcrumb"},"inLanguage":"de","potentialAction":[{"@type":"ReadAction","target":["https:\/\/amrtop.net\/produit\/dpc2567-reduction-de-diametre\/"]}]},{"@type":"ImageObject","inLanguage":"de","@id":"https:\/\/amrtop.net\/produit\/dpc2567-reduction-de-diametre\/#primaryimage","url":"https:\/\/amrtop.net\/wp-content\/uploads\/2022\/06\/dpc2567.jpg","contentUrl":"https:\/\/amrtop.net\/wp-content\/uploads\/2022\/06\/dpc2567.jpg","width":640,"height":640,"caption":"Riduzione diametro in acciaio-inox"},{"@type":"BreadcrumbList","@id":"https:\/\/amrtop.net\/produit\/dpc2567-reduction-de-diametre\/#breadcrumb","itemListElement":[{"@type":"ListItem","position":1,"name":"Home","item":"https:\/\/amrtop.net\/"},{"@type":"ListItem","position":2,"name":"Shop","item":"https:\/\/amrtop.net\/negozio\/"},{"@type":"ListItem","position":3,"name":"DPC2567&#8230; &#8211; R\u00e9duction de diam\u00e8tre"}]},{"@type":"WebSite","@id":"https:\/\/amrtop.net\/#website","url":"https:\/\/amrtop.net\/","name":"AMRTOP B2B Ausland - Einkaufen nur f\u00fcr Fachleute","description":"Ersatzteile und Zubeh\u00f6r f\u00fcr \u00d6fen und Heizkessel - B2B eCommerce f\u00fcr Gesch\u00e4ftskunden","potentialAction":[{"@type":"SearchAction","target":{"@type":"EntryPoint","urlTemplate":"https:\/\/amrtop.net\/?s={search_term_string}"},"query-input":{"@type":"PropertyValueSpecification","valueRequired":true,"valueName":"search_term_string"}}],"inLanguage":"de"}]}},"_links":{"self":[{"href":"https:\/\/amrtop.net\/de\/wp-json\/wp\/v2\/product\/29026","targetHints":{"allow":["GET"]}}],"collection":[{"href":"https:\/\/amrtop.net\/de\/wp-json\/wp\/v2\/product"}],"about":[{"href":"https:\/\/amrtop.net\/de\/wp-json\/wp\/v2\/types\/product"}],"replies":[{"embeddable":true,"href":"https:\/\/amrtop.net\/de\/wp-json\/wp\/v2\/comments?post=29026"}],"wp:featuredmedia":[{"embeddable":true,"href":"https:\/\/amrtop.net\/de\/wp-json\/wp\/v2\/media\/32089"}],"wp:attachment":[{"href":"https:\/\/amrtop.net\/de\/wp-json\/wp\/v2\/media?parent=29026"}],"wp:term":[{"taxonomy":"product_brand","embeddable":true,"href":"https:\/\/amrtop.net\/de\/wp-json\/wp\/v2\/product_brand?post=29026"},{"taxonomy":"product_cat","embeddable":true,"href":"https:\/\/amrtop.net\/de\/wp-json\/wp\/v2\/product_cat?post=29026"},{"taxonomy":"product_tag","embeddable":true,"href":"https:\/\/amrtop.net\/de\/wp-json\/wp\/v2\/product_tag?post=29026"}],"curies":[{"name":"wp","href":"https:\/\/api.w.org\/{rel}","templated":true}]}}