{"id":29411,"date":"2022-06-06T08:46:46","date_gmt":"2022-06-06T08:46:46","guid":{"rendered":"https:\/\/amrtop.com\/B2B\/?post_type=product&#038;p=29411"},"modified":"2023-06-15T12:17:29","modified_gmt":"2023-06-15T12:17:29","slug":"dpac19-tampon-avec-poignee","status":"publish","type":"product","link":"https:\/\/amrtop.net\/de\/produit\/dpac19-tampon-avec-poignee\/","title":{"rendered":"DPAC19... - Tampon mit Griff"},"content":{"rendered":"<h3><strong>Tampon avec poign\u00e9e double paroi arabis\u00e9e DPAC10<\/strong><\/h3>\n<p>DOPPELWANDIGES SCHORNSTEINROHR MIT LUFTKAMMER AUS EDELSTAHL AISI INNEN 316 L AUSSEN 304 ARABESCATO - ABSTAND 10 MM<\/p>\n<h3><strong>Externes isoliertes Luftrohr in Arabeskenform<\/strong><\/h3>\n<p>Das doppelwandige Luftsystem DPAC10 besteht aus steifen modularen Elementen mit polierter Oberfl\u00e4che BA, die mit einer Innenwand aus austenitischem Edelstahl AISI 316L BA (EN 1.4404) mit einer Mindestdicke von 0,4 mm und einer arabischen Au\u00dfenwand hergestellt werden, die den Normen entsprechen, die f\u00fcr die Kennzeichnung gem\u00e4\u00df der Vorschrift EN 1856\/1-2 vorgesehen sind.<\/p>\n<p>Die Isolierung erfolgt mit einer statischen \"Luftschicht\" mit einer Dicke von 10 mm. Die Elemente<br \/>\nDie modularen Transplantate haben ein klassisches Becherglas, das f\u00fcr beide W\u00e4nde kalibriert ist, mit einer dreifachen Lippendichtung, die in die Innenwand eingelegt wird, gem\u00e4\u00df der europ\u00e4ischen Norm EN 14241-1, und einer mechanischen Verbindung mit einem Sicherheitsflansch.<\/p>\n<h3><strong>Anwendung<\/strong><\/h3>\n<p>Innen- oder Au\u00dfenaufstellung<\/p>\n<h3><strong>Utilisation du Tampon avec poign\u00e9e double paroi arabis\u00e9e DPAC10<\/strong><\/h3>\n<p>Sch\u00e4chte, Rauchabz\u00fcge, Metallschornsteine, Abluft, die mit W\u00e4rmeerzeugern des atmosph\u00e4rischen Typs, des Drucktyps, des Gebl\u00e4ses, des herk\u00f6mmlichen Typs oder des Kondensationstyps gekoppelt ist, K\u00fcchenhauben f\u00fcr den industriellen oder h\u00e4uslichen Gebrauch, Pellet\u00f6fen.<\/p>\n<p><strong>Verf\u00fcgbare Durchmesser - mm 60\/80 AUF ANFRAGE<\/strong><\/p>\n<p>80\/100 &#8211; 100\/120 &#8211; 130\/150 &#8211; 160\/180 &#8211; 180\/200 &#8211; 200\/220<\/p>\n<p><strong>230\/250 AUF ANFRAGE - Durchmesser 250\/270 verf\u00fcgbar AUF ANFRAGE<\/strong><\/p>\n<h3><strong>Sortiment an Rauchsystemen von AMR TOP\u00a0\u00a0\u00a0\u00a0\u00a0\u00a0 <\/strong><\/h3>\n<p><a href=\"https:\/\/amrtop.net\/de\/produktkategorie\/rauchkanale-2\/tuyaux-flexibles-en-acier-inoxydable\/\"><strong>TOP FLEX SP - Flexible Rohre aus gewelltem Edelstahl, ein- und doppelwandig<\/strong><\/a><\/p>\n<p><a href=\"https:\/\/amrtop.net\/de\/produktkategorie\/rauchkanale-2\/tube-rigide-monoparete-en-acier-inoxydable\/\"><strong>SP - Einwandiges starres Rohr aus Edelstahl AISI 316L<\/strong><\/a><\/p>\n<p><a href=\"https:\/\/amrtop.net\/de\/produktkategorie\/rauchkanale-2\/tube-flexible-inox-aisi-316-l-interieur-lisse-isole\/\"><strong>ISOTOP FLEX - Flexibles Rohr aus Edelstahl AISI 316L innen glatt isoliert \u00a0<\/strong><\/a><\/p>\n<p><a href=\"https:\/\/amrtop.net\/de\/produktkategorie\/rauchkanale-2\/dp-air-tube-double-paroi-inox-a-chambre-dair\/\"><strong>DP AIR - Doppelwandiges Edelstahlrohr mit Luftkammern<\/strong><\/a><\/p>\n<p><a href=\"https:\/\/amrtop.net\/de\/produktkategorie\/rauchkanale-2\/tube-coaxial-inox\/\"><strong>DP - Isoliertes doppelwandiges Rohr 10 mm - 25 mm<\/strong><\/a><\/p>\n<p><a href=\"https:\/\/amrtop.net\/de\/produktkategorie\/rauchkanale-2\/tube-coaxial-inox\/\"><strong>COAX TOP - Koaxialrohr aus Edelstahl aus PPS und PPS\/Edelstahl<\/strong><\/a><\/p>\n<p><a href=\"https:\/\/amrtop.net\/de\/produktkategorie\/rauchkanale-2\/tuyau-coaxial-inox-inox-black\/\"><strong>COAX PELLET - Koaxialrohr aus rostfreiem Stahl<\/strong><\/a><\/p>\n<p><strong><a href=\"https:\/\/amrtop.net\/de\/produktkategorie\/rauchkanale-2\/conduits-de-fumee-des-appareils-a-biomasse\/\">BIOM TOP - Rohre f\u00fcr Pellet- und Holz\u00f6fen<\/a><\/strong><\/p>\n<h3><strong><a href=\"https:\/\/amrtop.net\/de\/produktkategorie\/rauchkanale-2\/alutop-tube-en-aluminium-flexible-extensible\/\">ALU TOP - Flexible ausziehbare Aluminiumrohre<\/a><\/strong><\/h3>","protected":false},"excerpt":{"rendered":"<p>Tampon avec poign\u00e9e double paroi arabis\u00e9e DPAC10 CONDUIT DE CHEMIN\u00c9E \u00c0 DOUBLE PAROI \u00c0 CHAMBRE \u00c0 AIR EN ACIER INOX AISI INT\u00c9RIEUR 316 L EXT\u00c9RIEUR 304 ARABESCATO \u2013 ESPACE DE 10 MM Tube isol\u00e9-air externe en arabesque Le syst\u00e8me double paroi air DPAC10 est compos\u00e9 par des \u00e9l\u00e9ments modulaires rigides avec finition polie BA, fabriqu\u00e9s [&hellip;]<\/p>\n","protected":false},"featured_media":32381,"comment_status":"open","ping_status":"closed","template":"","meta":[],"product_brand":[],"product_cat":[1541],"product_tag":[],"class_list":{"0":"post-29411","1":"product","2":"type-product","3":"status-publish","4":"has-post-thumbnail","6":"product_cat-tube-double-paroi-en-acier-inoxydable-a-chambre-a-air-exterieur-en-arabesque","8":"first","9":"instock","10":"shipping-taxable","11":"purchasable","12":"product-type-variable"},"yoast_head":"<!-- This site is optimized with the Yoast SEO plugin v27.4 - https:\/\/yoast.com\/product\/yoast-seo-wordpress\/ -->\n<title>Tampon avec poign\u00e9e double paroi arabis\u00e9e DPAC10<\/title>\n<meta name=\"description\" content=\"Tampon avec poign\u00e9e double paroi arabis\u00e9e DPAC10 - Tuyau - Conduit de fum\u00e9e - Conduit de fum\u00e9e - Syst\u00e8me d\u2019extraction des fum\u00e9es en acier inoxydable paroi int\u00e9rieure en acier inoxydable aust\u00e9nitique AISI 316L \u00e9paisseur minimum 0,4 mm - paroi ext\u00e9rieure arabis\u00e9e - Isolation avec &quot;lame d\u2019air&quot; statique d\u2019\u00e9paisseur 10 mm embo\u00eet\u00e9 au b\u00e9lier aver\u00e9alis\u00e9e c joint d\u2019\u00e9tanch\u00e9it\u00e9 \u00e0 triple l\u00e8vre\" \/>\n<meta name=\"robots\" content=\"index, follow, max-snippet:-1, max-image-preview:large, max-video-preview:-1\" \/>\n<link rel=\"canonical\" href=\"https:\/\/amrtop.net\/de\/produkt\/dpac19-tampon-avec-poignee\/\" \/>\n<meta property=\"og:locale\" content=\"de_DE\" \/>\n<meta property=\"og:type\" content=\"article\" \/>\n<meta property=\"og:title\" content=\"Tampon avec poign\u00e9e double paroi arabis\u00e9e DPAC10\" \/>\n<meta property=\"og:description\" content=\"Tampon avec poign\u00e9e double paroi arabis\u00e9e DPAC10 - Tuyau - Conduit de fum\u00e9e - Conduit de fum\u00e9e - Syst\u00e8me d\u2019extraction des fum\u00e9es en acier inoxydable paroi int\u00e9rieure en acier inoxydable aust\u00e9nitique AISI 316L \u00e9paisseur minimum 0,4 mm - paroi ext\u00e9rieure arabis\u00e9e - Isolation avec &quot;lame d\u2019air&quot; statique d\u2019\u00e9paisseur 10 mm embo\u00eet\u00e9 au b\u00e9lier aver\u00e9alis\u00e9e c joint d\u2019\u00e9tanch\u00e9it\u00e9 \u00e0 triple l\u00e8vre\" \/>\n<meta property=\"og:url\" content=\"https:\/\/amrtop.net\/de\/produkt\/dpac19-tampon-avec-poignee\/\" \/>\n<meta property=\"og:site_name\" content=\"AMRTOP B2B \u00c9tranger - Achats r\u00e9serv\u00e9s au professionnel\" \/>\n<meta property=\"article:modified_time\" content=\"2023-06-15T12:17:29+00:00\" \/>\n<meta property=\"og:image\" content=\"https:\/\/amrtop.net\/wp-content\/uploads\/2022\/06\/dpac19.jpg\" \/>\n\t<meta property=\"og:image:width\" content=\"640\" \/>\n\t<meta property=\"og:image:height\" content=\"640\" \/>\n\t<meta property=\"og:image:type\" content=\"image\/jpeg\" \/>\n<meta name=\"twitter:card\" content=\"summary_large_image\" \/>\n<meta name=\"twitter:label1\" content=\"Gesch\u00e4tzte Lesezeit\" \/>\n\t<meta name=\"twitter:data1\" content=\"2\u00a0Minuten\" \/>\n<script type=\"application\/ld+json\" class=\"yoast-schema-graph\">{\"@context\":\"https:\\\/\\\/schema.org\",\"@graph\":[{\"@type\":\"WebPage\",\"@id\":\"https:\\\/\\\/amrtop.net\\\/produit\\\/dpac19-tampon-avec-poignee\\\/\",\"url\":\"https:\\\/\\\/amrtop.net\\\/produit\\\/dpac19-tampon-avec-poignee\\\/\",\"name\":\"Tampon avec poign\u00e9e double paroi arabis\u00e9e DPAC10\",\"isPartOf\":{\"@id\":\"https:\\\/\\\/amrtop.net\\\/#website\"},\"primaryImageOfPage\":{\"@id\":\"https:\\\/\\\/amrtop.net\\\/produit\\\/dpac19-tampon-avec-poignee\\\/#primaryimage\"},\"image\":{\"@id\":\"https:\\\/\\\/amrtop.net\\\/produit\\\/dpac19-tampon-avec-poignee\\\/#primaryimage\"},\"thumbnailUrl\":\"https:\\\/\\\/amrtop.net\\\/wp-content\\\/uploads\\\/2022\\\/06\\\/dpac19.jpg\",\"datePublished\":\"2022-06-06T08:46:46+00:00\",\"dateModified\":\"2023-06-15T12:17:29+00:00\",\"description\":\"Tampon avec poign\u00e9e double paroi arabis\u00e9e DPAC10 - Tuyau - Conduit de fum\u00e9e - Conduit de fum\u00e9e - Syst\u00e8me d\u2019extraction des fum\u00e9es en acier inoxydable paroi int\u00e9rieure en acier inoxydable aust\u00e9nitique AISI 316L \u00e9paisseur minimum 0,4 mm - paroi ext\u00e9rieure arabis\u00e9e - Isolation avec \\\"lame d\u2019air\\\" statique d\u2019\u00e9paisseur 10 mm embo\u00eet\u00e9 au b\u00e9lier aver\u00e9alis\u00e9e c joint d\u2019\u00e9tanch\u00e9it\u00e9 \u00e0 triple l\u00e8vre\",\"breadcrumb\":{\"@id\":\"https:\\\/\\\/amrtop.net\\\/produit\\\/dpac19-tampon-avec-poignee\\\/#breadcrumb\"},\"inLanguage\":\"de\",\"potentialAction\":[{\"@type\":\"ReadAction\",\"target\":[\"https:\\\/\\\/amrtop.net\\\/produit\\\/dpac19-tampon-avec-poignee\\\/\"]}]},{\"@type\":\"ImageObject\",\"inLanguage\":\"de\",\"@id\":\"https:\\\/\\\/amrtop.net\\\/produit\\\/dpac19-tampon-avec-poignee\\\/#primaryimage\",\"url\":\"https:\\\/\\\/amrtop.net\\\/wp-content\\\/uploads\\\/2022\\\/06\\\/dpac19.jpg\",\"contentUrl\":\"https:\\\/\\\/amrtop.net\\\/wp-content\\\/uploads\\\/2022\\\/06\\\/dpac19.jpg\",\"width\":640,\"height\":640,\"caption\":\"Tampon avec poign\u00e9e double paroi arabis\u00e9e DPAC10 - Tuyau - Conduit de fum\u00e9e - Conduit de fum\u00e9e - Syst\u00e8me d\u2019extraction des fum\u00e9es en acier inoxydable paroi int\u00e9rieure en acier inoxydable aust\u00e9nitique AISI 316L \u00e9paisseur minimum 0,4 mm - paroi ext\u00e9rieure arabis\u00e9e - Isolation avec \\\"lame d\u2019air\\\" statique d\u2019\u00e9paisseur 10 mm embo\u00eet\u00e9 au b\u00e9lier aver\u00e9alis\u00e9e c joint d\u2019\u00e9tanch\u00e9it\u00e9 \u00e0 triple l\u00e8vre\"},{\"@type\":\"BreadcrumbList\",\"@id\":\"https:\\\/\\\/amrtop.net\\\/produit\\\/dpac19-tampon-avec-poignee\\\/#breadcrumb\",\"itemListElement\":[{\"@type\":\"ListItem\",\"position\":1,\"name\":\"Home\",\"item\":\"https:\\\/\\\/amrtop.net\\\/\"},{\"@type\":\"ListItem\",\"position\":2,\"name\":\"Shop\",\"item\":\"https:\\\/\\\/amrtop.net\\\/negozio\\\/\"},{\"@type\":\"ListItem\",\"position\":3,\"name\":\"DPAC19&#8230; &#8211; Tampon avec poign\u00e9e\"}]},{\"@type\":\"WebSite\",\"@id\":\"https:\\\/\\\/amrtop.net\\\/#website\",\"url\":\"https:\\\/\\\/amrtop.net\\\/\",\"name\":\"AMRTOP B2B \u00c9tranger - Achats r\u00e9serv\u00e9s au professionnel\",\"description\":\"Pi\u00e8ces de rechange et accessoires pour po\u00eales et chaudi\u00e8res - eCommerce B2B pour Clients Professionnels\",\"potentialAction\":[{\"@type\":\"SearchAction\",\"target\":{\"@type\":\"EntryPoint\",\"urlTemplate\":\"https:\\\/\\\/amrtop.net\\\/?s={search_term_string}\"},\"query-input\":{\"@type\":\"PropertyValueSpecification\",\"valueRequired\":true,\"valueName\":\"search_term_string\"}}],\"inLanguage\":\"de\"}]}<\/script>\n<!-- \/ Yoast SEO plugin. -->","yoast_head_json":{"title":"Tampon avec poign\u00e9e double paroi arabis\u00e9e DPAC10","description":"DPAC10 - Rohr - Rauchrohr - Rauchrohr - Rauchabzugssystem aus Edelstahl Innenwand aus austenitischem Edelstahl AISI 316L Mindestdicke 0,4 mm - Au\u00dfenwand aus Edelstahl - Isolierung mit statischem \"Luftspalt\", Dicke 10 mm, auf den Rammbock aufgesteckt averealisiert c Dreilippendichtung","robots":{"index":"index","follow":"follow","max-snippet":"max-snippet:-1","max-image-preview":"max-image-preview:large","max-video-preview":"max-video-preview:-1"},"canonical":"https:\/\/amrtop.net\/de\/produkt\/dpac19-tampon-avec-poignee\/","og_locale":"de_DE","og_type":"article","og_title":"Tampon avec poign\u00e9e double paroi arabis\u00e9e DPAC10","og_description":"Tampon avec poign\u00e9e double paroi arabis\u00e9e DPAC10 - Tuyau - Conduit de fum\u00e9e - Conduit de fum\u00e9e - Syst\u00e8me d\u2019extraction des fum\u00e9es en acier inoxydable paroi int\u00e9rieure en acier inoxydable aust\u00e9nitique AISI 316L \u00e9paisseur minimum 0,4 mm - paroi ext\u00e9rieure arabis\u00e9e - Isolation avec \"lame d\u2019air\" statique d\u2019\u00e9paisseur 10 mm embo\u00eet\u00e9 au b\u00e9lier aver\u00e9alis\u00e9e c joint d\u2019\u00e9tanch\u00e9it\u00e9 \u00e0 triple l\u00e8vre","og_url":"https:\/\/amrtop.net\/de\/produkt\/dpac19-tampon-avec-poignee\/","og_site_name":"AMRTOP B2B \u00c9tranger - Achats r\u00e9serv\u00e9s au professionnel","article_modified_time":"2023-06-15T12:17:29+00:00","og_image":[{"width":640,"height":640,"url":"https:\/\/amrtop.net\/wp-content\/uploads\/2022\/06\/dpac19.jpg","type":"image\/jpeg"}],"twitter_card":"summary_large_image","twitter_misc":{"Gesch\u00e4tzte Lesezeit":"2\u00a0Minuten"},"schema":{"@context":"https:\/\/schema.org","@graph":[{"@type":"WebPage","@id":"https:\/\/amrtop.net\/produit\/dpac19-tampon-avec-poignee\/","url":"https:\/\/amrtop.net\/produit\/dpac19-tampon-avec-poignee\/","name":"Tampon avec poign\u00e9e double paroi arabis\u00e9e DPAC10","isPartOf":{"@id":"https:\/\/amrtop.net\/#website"},"primaryImageOfPage":{"@id":"https:\/\/amrtop.net\/produit\/dpac19-tampon-avec-poignee\/#primaryimage"},"image":{"@id":"https:\/\/amrtop.net\/produit\/dpac19-tampon-avec-poignee\/#primaryimage"},"thumbnailUrl":"https:\/\/amrtop.net\/wp-content\/uploads\/2022\/06\/dpac19.jpg","datePublished":"2022-06-06T08:46:46+00:00","dateModified":"2023-06-15T12:17:29+00:00","description":"DPAC10 - Rohr - Rauchrohr - Rauchrohr - Rauchabzugssystem aus Edelstahl Innenwand aus austenitischem Edelstahl AISI 316L Mindestdicke 0,4 mm - Au\u00dfenwand aus Edelstahl - Isolierung mit statischem \"Luftspalt\", Dicke 10 mm, auf den Rammbock aufgesteckt averealisiert c Dreilippendichtung","breadcrumb":{"@id":"https:\/\/amrtop.net\/produit\/dpac19-tampon-avec-poignee\/#breadcrumb"},"inLanguage":"de","potentialAction":[{"@type":"ReadAction","target":["https:\/\/amrtop.net\/produit\/dpac19-tampon-avec-poignee\/"]}]},{"@type":"ImageObject","inLanguage":"de","@id":"https:\/\/amrtop.net\/produit\/dpac19-tampon-avec-poignee\/#primaryimage","url":"https:\/\/amrtop.net\/wp-content\/uploads\/2022\/06\/dpac19.jpg","contentUrl":"https:\/\/amrtop.net\/wp-content\/uploads\/2022\/06\/dpac19.jpg","width":640,"height":640,"caption":"Tampon avec poign\u00e9e double paroi arabis\u00e9e DPAC10 - Tuyau - Conduit de fum\u00e9e - Conduit de fum\u00e9e - Syst\u00e8me d\u2019extraction des fum\u00e9es en acier inoxydable paroi int\u00e9rieure en acier inoxydable aust\u00e9nitique AISI 316L \u00e9paisseur minimum 0,4 mm - paroi ext\u00e9rieure arabis\u00e9e - Isolation avec \"lame d\u2019air\" statique d\u2019\u00e9paisseur 10 mm embo\u00eet\u00e9 au b\u00e9lier aver\u00e9alis\u00e9e c joint d\u2019\u00e9tanch\u00e9it\u00e9 \u00e0 triple l\u00e8vre"},{"@type":"BreadcrumbList","@id":"https:\/\/amrtop.net\/produit\/dpac19-tampon-avec-poignee\/#breadcrumb","itemListElement":[{"@type":"ListItem","position":1,"name":"Home","item":"https:\/\/amrtop.net\/"},{"@type":"ListItem","position":2,"name":"Shop","item":"https:\/\/amrtop.net\/negozio\/"},{"@type":"ListItem","position":3,"name":"DPAC19&#8230; &#8211; Tampon avec poign\u00e9e"}]},{"@type":"WebSite","@id":"https:\/\/amrtop.net\/#website","url":"https:\/\/amrtop.net\/","name":"AMRTOP B2B Ausland - Einkaufen nur f\u00fcr Fachleute","description":"Ersatzteile und Zubeh\u00f6r f\u00fcr \u00d6fen und Heizkessel - B2B eCommerce f\u00fcr Gesch\u00e4ftskunden","potentialAction":[{"@type":"SearchAction","target":{"@type":"EntryPoint","urlTemplate":"https:\/\/amrtop.net\/?s={search_term_string}"},"query-input":{"@type":"PropertyValueSpecification","valueRequired":true,"valueName":"search_term_string"}}],"inLanguage":"de"}]}},"_links":{"self":[{"href":"https:\/\/amrtop.net\/de\/wp-json\/wp\/v2\/product\/29411","targetHints":{"allow":["GET"]}}],"collection":[{"href":"https:\/\/amrtop.net\/de\/wp-json\/wp\/v2\/product"}],"about":[{"href":"https:\/\/amrtop.net\/de\/wp-json\/wp\/v2\/types\/product"}],"replies":[{"embeddable":true,"href":"https:\/\/amrtop.net\/de\/wp-json\/wp\/v2\/comments?post=29411"}],"wp:featuredmedia":[{"embeddable":true,"href":"https:\/\/amrtop.net\/de\/wp-json\/wp\/v2\/media\/32381"}],"wp:attachment":[{"href":"https:\/\/amrtop.net\/de\/wp-json\/wp\/v2\/media?parent=29411"}],"wp:term":[{"taxonomy":"product_brand","embeddable":true,"href":"https:\/\/amrtop.net\/de\/wp-json\/wp\/v2\/product_brand?post=29411"},{"taxonomy":"product_cat","embeddable":true,"href":"https:\/\/amrtop.net\/de\/wp-json\/wp\/v2\/product_cat?post=29411"},{"taxonomy":"product_tag","embeddable":true,"href":"https:\/\/amrtop.net\/de\/wp-json\/wp\/v2\/product_tag?post=29411"}],"curies":[{"name":"wp","href":"https:\/\/api.w.org\/{rel}","templated":true}]}}