{"id":29594,"date":"2022-06-06T11:27:35","date_gmt":"2022-06-06T11:27:35","guid":{"rendered":"https:\/\/amrtop.com\/B2B\/?post_type=product&#038;p=29594"},"modified":"2023-06-14T14:42:36","modified_gmt":"2023-06-14T14:42:36","slug":"1-m-linearschlauch","status":"publish","type":"product","link":"https:\/\/amrtop.net\/de\/produit\/tuyau-lineaire-de-1-m\/","title":{"rendered":"CXP01... - 1 m linearer Schlauch"},"content":{"rendered":"<h3>Linearer Schlauch von 1 m<\/h3>\n<p>Das Koaxialsystem pps-inox CXP besteht aus steifen, koaxialen, zusammensetzbaren Elementen aus Polypropylen.<\/p>\n<p>und durch eine Au\u00dfenwand aus 0,4 mm dickem, poliertem AISI 304-Edelstahl mit BA-Finish gesch\u00fctzt, die Folgendes bildet<\/p>\n<p>die Containment-Kammer f\u00fcr die einfache Bel\u00fcftung und\/oder die Zufuhr von Verbrennungsluft zum Generator,<\/p>\n<p>den Normen entsprechen, die f\u00fcr die CE-Kennzeichnung nach EN 14471 vorgesehen sind. Die modularen Elemente haben<\/p>\n<p>Klassische kalibrierte m\u00e4nnlich-weibliche Spatenverbindung mit dreifacher Lippendichtung, konform mit der<\/p>\n<p>Europ\u00e4ische Norm EN 14241-1.<\/p>\n<p>Das System eignet sich zur Aufnahme von Rauch mit der maximalen Betriebstemperatur bis zu 120 p.c., und dem maximalen Druck 200<\/p>\n<h3>Verweis auf Rechtsvorschriften und Bezeichnung<\/h3>\n<p>Produktkennzeichnung nach der europ\u00e4ischen Norm CE 0476 EN 1856-1<\/p>\n<h3>Verwendung des koaxialen 1-m-Linearrohrs<\/h3>\n<p>Das 1 m lange Koaxialrohr aus 0,4 mm dickem Edelstahl AISI 304 au\u00dfen wird zur Herstellung von Kan\u00e4len, Rauchkan\u00e4len, Metallschornsteinen, Luftd\u00e4mpfen verwendet, die von atmosph\u00e4rischen, Druck-, Gebl\u00e4se-, herk\u00f6mmlichen oder Kondensations-W\u00e4rmeerzeugern, Dunstabzugshauben f\u00fcr Industrie und Haushalt, Holz\u00f6fen, Kaminen, Pellet\u00f6fen gesteuert werden.<\/p>\n<h3>Anwendung<\/h3>\n<p>Interne oder externe Installation<\/p>\n<h3>Verf\u00fcgbare Durchmesser - mm<\/h3>\n<p><strong>\u00f8i 60 mm - \u00f8e 100 mm | \u00f8i 80 mm - \u00f8e 125 mm | \u00f8i 100 mm - \u00f8e 150 mm | \u00f8i 125 mm - \u00f8e 200 mm | \u00f8i 160 mm - \u00f8e 250 mm<\/strong><\/p>\n<h3><strong>Sortiment an Rauchsystemen von AMR TOP\u00a0\u00a0\u00a0\u00a0\u00a0\u00a0<\/strong><\/h3>\n<p><a href=\"https:\/\/amrtop.net\/de\/produktkategorie\/rauchkanale-2\/tuyaux-flexibles-en-acier-inoxydable\/\"><strong>TOP FLEX SP - Flexible Rohre aus gewelltem Edelstahl, ein- und doppelwandig<\/strong><\/a><\/p>\n<p><a href=\"https:\/\/amrtop.net\/de\/produktkategorie\/rauchkanale-2\/tube-rigide-monoparete-en-acier-inoxydable\/\"><strong>SP - Einwandiges starres Rohr aus Edelstahl AISI 316L<\/strong><\/a><\/p>\n<p><strong><u><a href=\"https:\/\/amrtop.net\/de\/produktkategorie\/rauchkanale-2\/tube-flexible-inox-aisi-316-l-interieur-lisse-isole\/\">ISOTOP FLEX - Flexibles Rohr aus Edelstahl AISI 316L innen glatt isoliert \u00a0<\/a><\/u><\/strong><\/p>\n<p><strong><u><a href=\"https:\/\/amrtop.net\/de\/produktkategorie\/rauchkanale-2\/dp-air-tube-double-paroi-inox-a-chambre-dair\/\">DP AIR - Doppelwandiges Edelstahlrohr mit Luftkammern<\/a><\/u><\/strong><\/p>\n<p><strong><u><a href=\"https:\/\/amrtop.net\/de\/produktkategorie\/rauchkanale-2\/tube-coaxial-inox\/\">DP - Isoliertes doppelwandiges Rohr 10 mm - 25 mm<\/a><\/u><\/strong><\/p>\n<p><strong><a href=\"https:\/\/amrtop.net\/de\/produktkategorie\/rauchkanale-2\/tube-coaxial-inox\/\">COAX TOP - Koaxialrohr aus Edelstahl aus PPS und PPS\/Edelstahl<\/a><\/strong><\/p>\n<p><strong><u><a href=\"https:\/\/amrtop.net\/de\/produktkategorie\/rauchkanale-2\/tuyau-coaxial-inox-inox-black\/\">COAX PELLET - Koaxialrohr aus rostfreiem Stahl<\/a><\/u><\/strong><\/p>\n<p><strong><u><a href=\"https:\/\/amrtop.net\/de\/produktkategorie\/rauchkanale-2\/conduits-de-fumee-des-appareils-a-biomasse\/\">BIOM TOP - Rohre f\u00fcr Pellet- und Holz\u00f6fen<\/a><\/u><\/strong><\/p>\n<p><strong><u><a href=\"https:\/\/amrtop.net\/de\/produktkategorie\/rauchkanale-2\/alutop-tube-en-aluminium-flexible-extensible\/\">ALU TOP - Flexibles, ausziehbares Aluminiumrohr<\/a><\/u><\/strong><strong>\u00a0 \u00a0\u00a0<\/strong><\/p>","protected":false},"excerpt":{"rendered":"<p>Tuyau lin\u00e9aire de 1 m Le syst\u00e8me coaxial pps-inox CXP est compos\u00e9 d\u2019\u00e9l\u00e9ments composables rigides coaxiaux, r\u00e9alis\u00e9s en polypropyl\u00e8ne et prot\u00e9g\u00e9s par une paroi ext\u00e9rieure en acier inox AISI 304, avec finition polie BA de 0,4 mm d\u2019\u00e9paisseur, formant la chambre de confinement pour la ventilation simple et\/ou l\u2019alimentation en air comburant du g\u00e9n\u00e9rateur, conformes [&hellip;]<\/p>\n","protected":false},"featured_media":32486,"comment_status":"open","ping_status":"closed","template":"","meta":[],"product_brand":[],"product_cat":[1542,1543],"product_tag":[],"class_list":{"0":"post-29594","1":"product","2":"type-product","3":"status-publish","4":"has-post-thumbnail","6":"product_cat-tube-coaxial-inox","7":"product_cat-cxp-tube-coaxial-en-propylene-exterieur-inox","9":"first","10":"instock","11":"shipping-taxable","12":"purchasable","13":"product-type-variable"},"yoast_head":"<!-- This site is optimized with the Yoast SEO plugin v27.4 - https:\/\/yoast.com\/product\/yoast-seo-wordpress\/ -->\n<title>Tuyau lin\u00e9aire de 1 m<\/title>\n<meta name=\"description\" content=\"Tuyau lin\u00e9aire de 1 m Chemin\u00e9e Conduit de fum\u00e9e Syst\u00e8me d\u2019extraction des fum\u00e9es double paroi compos\u00e9 d\u2019\u00e9l\u00e9ments modulables rigides r\u00e9alis\u00e9s en acier inoxydable AISI 304 \u00e9paisseur minimum 0.4 mm et int\u00e9rieur en \u00e9l\u00e9ments modulaires rigides coaxiaux r\u00e9alis\u00e9s en polypropyl\u00e8ne avec embo\u00eetement en gobelet avec joint d\u2019\u00e9tanch\u00e9it\u00e9 \u00e0 riplice l\u00e8vre\" \/>\n<meta name=\"robots\" content=\"index, follow, max-snippet:-1, max-image-preview:large, max-video-preview:-1\" \/>\n<link rel=\"canonical\" href=\"https:\/\/amrtop.net\/de\/produkt\/1-m-linearschlauch\/\" \/>\n<meta property=\"og:locale\" content=\"de_DE\" \/>\n<meta property=\"og:type\" content=\"article\" \/>\n<meta property=\"og:title\" content=\"Tuyau lin\u00e9aire de 1 m\" \/>\n<meta property=\"og:description\" content=\"Tuyau lin\u00e9aire de 1 m Chemin\u00e9e Conduit de fum\u00e9e Syst\u00e8me d\u2019extraction des fum\u00e9es double paroi compos\u00e9 d\u2019\u00e9l\u00e9ments modulables rigides r\u00e9alis\u00e9s en acier inoxydable AISI 304 \u00e9paisseur minimum 0.4 mm et int\u00e9rieur en \u00e9l\u00e9ments modulaires rigides coaxiaux r\u00e9alis\u00e9s en polypropyl\u00e8ne avec embo\u00eetement en gobelet avec joint d\u2019\u00e9tanch\u00e9it\u00e9 \u00e0 riplice l\u00e8vre\" \/>\n<meta property=\"og:url\" content=\"https:\/\/amrtop.net\/de\/produkt\/1-m-linearschlauch\/\" \/>\n<meta property=\"og:site_name\" content=\"AMRTOP B2B \u00c9tranger - Achats r\u00e9serv\u00e9s au professionnel\" \/>\n<meta property=\"article:modified_time\" content=\"2023-06-14T14:42:36+00:00\" \/>\n<meta property=\"og:image\" content=\"https:\/\/amrtop.net\/wp-content\/uploads\/2022\/06\/cxp01.jpg\" \/>\n\t<meta property=\"og:image:width\" content=\"640\" \/>\n\t<meta property=\"og:image:height\" content=\"640\" \/>\n\t<meta property=\"og:image:type\" content=\"image\/jpeg\" \/>\n<meta name=\"twitter:card\" content=\"summary_large_image\" \/>\n<meta name=\"twitter:label1\" content=\"Gesch\u00e4tzte Lesezeit\" \/>\n\t<meta name=\"twitter:data1\" content=\"2\u00a0Minuten\" \/>\n<script type=\"application\/ld+json\" class=\"yoast-schema-graph\">{\"@context\":\"https:\\\/\\\/schema.org\",\"@graph\":[{\"@type\":\"WebPage\",\"@id\":\"https:\\\/\\\/amrtop.net\\\/produit\\\/tuyau-lineaire-de-1-m\\\/\",\"url\":\"https:\\\/\\\/amrtop.net\\\/produit\\\/tuyau-lineaire-de-1-m\\\/\",\"name\":\"Tuyau lin\u00e9aire de 1 m\",\"isPartOf\":{\"@id\":\"https:\\\/\\\/amrtop.net\\\/#website\"},\"primaryImageOfPage\":{\"@id\":\"https:\\\/\\\/amrtop.net\\\/produit\\\/tuyau-lineaire-de-1-m\\\/#primaryimage\"},\"image\":{\"@id\":\"https:\\\/\\\/amrtop.net\\\/produit\\\/tuyau-lineaire-de-1-m\\\/#primaryimage\"},\"thumbnailUrl\":\"https:\\\/\\\/amrtop.net\\\/wp-content\\\/uploads\\\/2022\\\/06\\\/cxp01.jpg\",\"datePublished\":\"2022-06-06T11:27:35+00:00\",\"dateModified\":\"2023-06-14T14:42:36+00:00\",\"description\":\"Tuyau lin\u00e9aire de 1 m Chemin\u00e9e Conduit de fum\u00e9e Syst\u00e8me d\u2019extraction des fum\u00e9es double paroi compos\u00e9 d\u2019\u00e9l\u00e9ments modulables rigides r\u00e9alis\u00e9s en acier inoxydable AISI 304 \u00e9paisseur minimum 0.4 mm et int\u00e9rieur en \u00e9l\u00e9ments modulaires rigides coaxiaux r\u00e9alis\u00e9s en polypropyl\u00e8ne avec embo\u00eetement en gobelet avec joint d\u2019\u00e9tanch\u00e9it\u00e9 \u00e0 riplice l\u00e8vre\",\"breadcrumb\":{\"@id\":\"https:\\\/\\\/amrtop.net\\\/produit\\\/tuyau-lineaire-de-1-m\\\/#breadcrumb\"},\"inLanguage\":\"de\",\"potentialAction\":[{\"@type\":\"ReadAction\",\"target\":[\"https:\\\/\\\/amrtop.net\\\/produit\\\/tuyau-lineaire-de-1-m\\\/\"]}]},{\"@type\":\"ImageObject\",\"inLanguage\":\"de\",\"@id\":\"https:\\\/\\\/amrtop.net\\\/produit\\\/tuyau-lineaire-de-1-m\\\/#primaryimage\",\"url\":\"https:\\\/\\\/amrtop.net\\\/wp-content\\\/uploads\\\/2022\\\/06\\\/cxp01.jpg\",\"contentUrl\":\"https:\\\/\\\/amrtop.net\\\/wp-content\\\/uploads\\\/2022\\\/06\\\/cxp01.jpg\",\"width\":640,\"height\":640,\"caption\":\"Elemento lineare da 1-m\"},{\"@type\":\"BreadcrumbList\",\"@id\":\"https:\\\/\\\/amrtop.net\\\/produit\\\/tuyau-lineaire-de-1-m\\\/#breadcrumb\",\"itemListElement\":[{\"@type\":\"ListItem\",\"position\":1,\"name\":\"Home\",\"item\":\"https:\\\/\\\/amrtop.net\\\/\"},{\"@type\":\"ListItem\",\"position\":2,\"name\":\"Shop\",\"item\":\"https:\\\/\\\/amrtop.net\\\/negozio\\\/\"},{\"@type\":\"ListItem\",\"position\":3,\"name\":\"CXP01&#8230; &#8211; Tuyau lin\u00e9aire de 1 m\"}]},{\"@type\":\"WebSite\",\"@id\":\"https:\\\/\\\/amrtop.net\\\/#website\",\"url\":\"https:\\\/\\\/amrtop.net\\\/\",\"name\":\"AMRTOP B2B \u00c9tranger - Achats r\u00e9serv\u00e9s au professionnel\",\"description\":\"Pi\u00e8ces de rechange et accessoires pour po\u00eales et chaudi\u00e8res - eCommerce B2B pour Clients Professionnels\",\"potentialAction\":[{\"@type\":\"SearchAction\",\"target\":{\"@type\":\"EntryPoint\",\"urlTemplate\":\"https:\\\/\\\/amrtop.net\\\/?s={search_term_string}\"},\"query-input\":{\"@type\":\"PropertyValueSpecification\",\"valueRequired\":true,\"valueName\":\"search_term_string\"}}],\"inLanguage\":\"de\"}]}<\/script>\n<!-- \/ Yoast SEO plugin. -->","yoast_head_json":{"title":"Linearer Schlauch von 1 m","description":"1 m lineares Rohr Schornstein Rauchabzug Doppelwandiges Rauchabzugssystem, bestehend aus starren modularen Elementen aus rostfreiem Stahl AISI 304 mit einer Mindestst\u00e4rke von 0,4 mm und koaxialen starren modularen Elementen aus Polypropylen mit Becherverschraubung mit Lippendichtung.","robots":{"index":"index","follow":"follow","max-snippet":"max-snippet:-1","max-image-preview":"max-image-preview:large","max-video-preview":"max-video-preview:-1"},"canonical":"https:\/\/amrtop.net\/de\/produkt\/1-m-linearschlauch\/","og_locale":"de_DE","og_type":"article","og_title":"Tuyau lin\u00e9aire de 1 m","og_description":"Tuyau lin\u00e9aire de 1 m Chemin\u00e9e Conduit de fum\u00e9e Syst\u00e8me d\u2019extraction des fum\u00e9es double paroi compos\u00e9 d\u2019\u00e9l\u00e9ments modulables rigides r\u00e9alis\u00e9s en acier inoxydable AISI 304 \u00e9paisseur minimum 0.4 mm et int\u00e9rieur en \u00e9l\u00e9ments modulaires rigides coaxiaux r\u00e9alis\u00e9s en polypropyl\u00e8ne avec embo\u00eetement en gobelet avec joint d\u2019\u00e9tanch\u00e9it\u00e9 \u00e0 riplice l\u00e8vre","og_url":"https:\/\/amrtop.net\/de\/produkt\/1-m-linearschlauch\/","og_site_name":"AMRTOP B2B \u00c9tranger - Achats r\u00e9serv\u00e9s au professionnel","article_modified_time":"2023-06-14T14:42:36+00:00","og_image":[{"width":640,"height":640,"url":"https:\/\/amrtop.net\/wp-content\/uploads\/2022\/06\/cxp01.jpg","type":"image\/jpeg"}],"twitter_card":"summary_large_image","twitter_misc":{"Gesch\u00e4tzte Lesezeit":"2\u00a0Minuten"},"schema":{"@context":"https:\/\/schema.org","@graph":[{"@type":"WebPage","@id":"https:\/\/amrtop.net\/produit\/tuyau-lineaire-de-1-m\/","url":"https:\/\/amrtop.net\/produit\/tuyau-lineaire-de-1-m\/","name":"Linearer Schlauch von 1 m","isPartOf":{"@id":"https:\/\/amrtop.net\/#website"},"primaryImageOfPage":{"@id":"https:\/\/amrtop.net\/produit\/tuyau-lineaire-de-1-m\/#primaryimage"},"image":{"@id":"https:\/\/amrtop.net\/produit\/tuyau-lineaire-de-1-m\/#primaryimage"},"thumbnailUrl":"https:\/\/amrtop.net\/wp-content\/uploads\/2022\/06\/cxp01.jpg","datePublished":"2022-06-06T11:27:35+00:00","dateModified":"2023-06-14T14:42:36+00:00","description":"1 m lineares Rohr Schornstein Rauchabzug Doppelwandiges Rauchabzugssystem, bestehend aus starren modularen Elementen aus rostfreiem Stahl AISI 304 mit einer Mindestst\u00e4rke von 0,4 mm und koaxialen starren modularen Elementen aus Polypropylen mit Becherverschraubung mit Lippendichtung.","breadcrumb":{"@id":"https:\/\/amrtop.net\/produit\/tuyau-lineaire-de-1-m\/#breadcrumb"},"inLanguage":"de","potentialAction":[{"@type":"ReadAction","target":["https:\/\/amrtop.net\/produit\/tuyau-lineaire-de-1-m\/"]}]},{"@type":"ImageObject","inLanguage":"de","@id":"https:\/\/amrtop.net\/produit\/tuyau-lineaire-de-1-m\/#primaryimage","url":"https:\/\/amrtop.net\/wp-content\/uploads\/2022\/06\/cxp01.jpg","contentUrl":"https:\/\/amrtop.net\/wp-content\/uploads\/2022\/06\/cxp01.jpg","width":640,"height":640,"caption":"Elemento lineare da 1-m"},{"@type":"BreadcrumbList","@id":"https:\/\/amrtop.net\/produit\/tuyau-lineaire-de-1-m\/#breadcrumb","itemListElement":[{"@type":"ListItem","position":1,"name":"Home","item":"https:\/\/amrtop.net\/"},{"@type":"ListItem","position":2,"name":"Shop","item":"https:\/\/amrtop.net\/negozio\/"},{"@type":"ListItem","position":3,"name":"CXP01&#8230; &#8211; Tuyau lin\u00e9aire de 1 m"}]},{"@type":"WebSite","@id":"https:\/\/amrtop.net\/#website","url":"https:\/\/amrtop.net\/","name":"AMRTOP B2B Ausland - Einkaufen nur f\u00fcr Fachleute","description":"Ersatzteile und Zubeh\u00f6r f\u00fcr \u00d6fen und Heizkessel - B2B eCommerce f\u00fcr Gesch\u00e4ftskunden","potentialAction":[{"@type":"SearchAction","target":{"@type":"EntryPoint","urlTemplate":"https:\/\/amrtop.net\/?s={search_term_string}"},"query-input":{"@type":"PropertyValueSpecification","valueRequired":true,"valueName":"search_term_string"}}],"inLanguage":"de"}]}},"_links":{"self":[{"href":"https:\/\/amrtop.net\/de\/wp-json\/wp\/v2\/product\/29594","targetHints":{"allow":["GET"]}}],"collection":[{"href":"https:\/\/amrtop.net\/de\/wp-json\/wp\/v2\/product"}],"about":[{"href":"https:\/\/amrtop.net\/de\/wp-json\/wp\/v2\/types\/product"}],"replies":[{"embeddable":true,"href":"https:\/\/amrtop.net\/de\/wp-json\/wp\/v2\/comments?post=29594"}],"wp:featuredmedia":[{"embeddable":true,"href":"https:\/\/amrtop.net\/de\/wp-json\/wp\/v2\/media\/32486"}],"wp:attachment":[{"href":"https:\/\/amrtop.net\/de\/wp-json\/wp\/v2\/media?parent=29594"}],"wp:term":[{"taxonomy":"product_brand","embeddable":true,"href":"https:\/\/amrtop.net\/de\/wp-json\/wp\/v2\/product_brand?post=29594"},{"taxonomy":"product_cat","embeddable":true,"href":"https:\/\/amrtop.net\/de\/wp-json\/wp\/v2\/product_cat?post=29594"},{"taxonomy":"product_tag","embeddable":true,"href":"https:\/\/amrtop.net\/de\/wp-json\/wp\/v2\/product_tag?post=29594"}],"curies":[{"name":"wp","href":"https:\/\/api.w.org\/{rel}","templated":true}]}}