{"id":30165,"date":"2022-06-07T08:42:25","date_gmt":"2022-06-07T08:42:25","guid":{"rendered":"https:\/\/amrtop.com\/B2B\/?post_type=product&#038;p=30165"},"modified":"2023-06-15T08:11:55","modified_gmt":"2023-06-15T08:11:55","slug":"ifx111-zwischenplatte","status":"publish","type":"product","link":"https:\/\/amrtop.net\/de\/produit\/ifx111-plaque-intermediaire\/","title":{"rendered":"IFX111... - Zwischenplatte"},"content":{"rendered":"<h3>Zwischenplatte<\/h3>\n<p>FLEXIBEL ISOLIERT POLYCOMBUSTIBLE OHNE W\u00c4RMEBR\u00dcCKEN BIS 30 M<\/p>\n<ul>\n<li>Glatte doppelwandige Innenwand INOX AISI 316L<\/li>\n<li>Monoparate Au\u00dfenwand INOX AISI 304<\/li>\n<li>Isolierung 25 mm Steinwolle mit hoher Dichte<\/li>\n<li>Einfach zu verwenden H\u00e4lt die Temperatur dank der Isolierung perfekt aufrecht<\/li>\n<li>Begrenzt das Risiko der Ru\u00dfansammlung<\/li>\n<li>Verhindert die Bildung von Kondenswasser in der Leitung<\/li>\n<li>Verbessert die Leistung des Ger\u00e4ts<\/li>\n<li>Erleichtert das Ziehen des Schornsteins<\/li>\n<li>Die Installationskosten sind sehr gering: Da es vorisoliert ist, entf\u00e4llt die zus\u00e4tzliche Arbeit der Montage zwischen dem Flexrohr und den D\u00e4mmstoffen, die normalerweise auf der Baustelle durch den Installateur erfolgt.<\/li>\n<\/ul>\n<h3><strong>Anwendung<\/strong><\/h3>\n<p>Innere Installation.<\/p>\n<h3><strong>Utilisation du Plaque interm\u00e9diaire<\/strong><\/h3>\n<p>Schlauch - Abgasrohr - Rauchabzugsrohr - Rauchabzugssystem aus Edelstahl innen glatt au\u00dfen gewellter flexibler Schlauch mit Innenisolierung mit Zubeh\u00f6r f\u00fcr isolierte Schl\u00e4uche<\/p>\n<h3><strong>Sortiment an Rauchsystemen von AMR TOP\u00a0\u00a0\u00a0\u00a0\u00a0\u00a0 <\/strong><\/h3>\n<p><a href=\"https:\/\/amrtop.net\/de\/produktkategorie\/rauchkanale-2\/tuyaux-flexibles-en-acier-inoxydable\/\"><strong>TOP FLEX SP - Flexible Rohre aus gewelltem Edelstahl, ein- und doppelwandig<\/strong><\/a><\/p>\n<p><a href=\"https:\/\/amrtop.net\/de\/produktkategorie\/rauchkanale-2\/tube-rigide-monoparete-en-acier-inoxydable\/\"><strong>SP - Einwandiges starres Rohr aus Edelstahl AISI 316L<\/strong><\/a><\/p>\n<p><a href=\"https:\/\/amrtop.net\/de\/produktkategorie\/rauchkanale-2\/tube-flexible-inox-aisi-316-l-interieur-lisse-isole\/\"><strong>ISOTOP FLEX - Flexibles Rohr aus Edelstahl AISI 316L innen glatt isoliert \u00a0<\/strong><\/a><\/p>\n<p><a href=\"https:\/\/amrtop.net\/de\/produktkategorie\/rauchkanale-2\/dp-air-tube-double-paroi-inox-a-chambre-dair\/\"><strong>DP AIR - Doppelwandiges Edelstahlrohr mit Luftkammern<\/strong><\/a><\/p>\n<p><a href=\"https:\/\/amrtop.net\/de\/produktkategorie\/rauchkanale-2\/tube-coaxial-inox\/\"><strong>DP - Isoliertes doppelwandiges Rohr 10 mm - 25 mm<\/strong><\/a><\/p>\n<p><a href=\"https:\/\/amrtop.net\/de\/produktkategorie\/rauchkanale-2\/tube-coaxial-inox\/\"><strong>COAX TOP - Koaxialrohr aus Edelstahl aus PPS und PPS\/Edelstahl<\/strong><\/a><\/p>\n<p><a href=\"https:\/\/amrtop.net\/de\/produktkategorie\/rauchkanale-2\/tuyau-coaxial-inox-inox-black\/\"><strong>COAX PELLET - Koaxialrohr aus rostfreiem Stahl<\/strong><\/a><\/p>\n<p><strong><a href=\"https:\/\/amrtop.net\/de\/produktkategorie\/rauchkanale-2\/conduits-de-fumee-des-appareils-a-biomasse\/\">BIOM TOP - Rohre f\u00fcr Pellet- und Holz\u00f6fen<\/a><\/strong><\/p>\n<h3><strong><a href=\"https:\/\/amrtop.net\/de\/produktkategorie\/rauchkanale-2\/alutop-tube-en-aluminium-flexible-extensible\/\">ALU TOP - Flexible ausziehbare Aluminiumrohre<\/a><\/strong><\/h3>","protected":false},"excerpt":{"rendered":"<p>Plaque interm\u00e9diaire FLEXIBLE ISOL\u00c9 POLYCOMBUSTIBLE SANS PONTS THERMIQUES JUSQU\u2019\u00c0 30 M Paroi int\u00e9rieure double paroi lisse INOX AISI 316L Paroi ext\u00e9rieure monoparete INOX AISI 304 Isolation 25 mm de laine de roche haute densit\u00e9 Simple \u00e0 utiliser Maintient parfaitement la temp\u00e9rature gr\u00e2ce \u00e0 l\u2019isolant Limite les risques d\u2019accumulation de suie Entrave la formation de condensation [&hellip;]<\/p>\n","protected":false},"featured_media":32628,"comment_status":"open","ping_status":"closed","template":"","meta":[],"product_brand":[],"product_cat":[1536],"product_tag":[],"class_list":{"0":"post-30165","1":"product","2":"type-product","3":"status-publish","4":"has-post-thumbnail","6":"product_cat-tube-flexible-inox-aisi-316-l-interieur-lisse-isole","8":"first","9":"instock","10":"shipping-taxable","11":"purchasable","12":"product-type-variable"},"yoast_head":"<!-- This site is optimized with the Yoast SEO plugin v27.5 - https:\/\/yoast.com\/product\/yoast-seo-wordpress\/ -->\n<title>Plaque interm\u00e9diaire<\/title>\n<meta name=\"description\" content=\"Plaque interm\u00e9diaire - Tuyau flexible en acier inoxydable isol\u00e9 - Tuyau - Conduit d\u2019\u00e9vacuation des fum\u00e9es - Syst\u00e8me d\u2019extraction des fum\u00e9es en acier inoxydable lisse \u00e0 l\u2019int\u00e9rieur flexible ondul\u00e9 \u00e0 l\u2019ext\u00e9rieur avec isolation int\u00e9rieure avec accessoires de tuyau isol\u00e9\" \/>\n<meta name=\"robots\" content=\"index, follow, max-snippet:-1, max-image-preview:large, max-video-preview:-1\" \/>\n<link rel=\"canonical\" href=\"https:\/\/amrtop.net\/de\/produkt\/ifx111-zwischenplatte\/\" \/>\n<meta property=\"og:locale\" content=\"de_DE\" \/>\n<meta property=\"og:type\" content=\"article\" \/>\n<meta property=\"og:title\" content=\"Plaque interm\u00e9diaire\" \/>\n<meta property=\"og:description\" content=\"Plaque interm\u00e9diaire - Tuyau flexible en acier inoxydable isol\u00e9 - Tuyau - Conduit d\u2019\u00e9vacuation des fum\u00e9es - Syst\u00e8me d\u2019extraction des fum\u00e9es en acier inoxydable lisse \u00e0 l\u2019int\u00e9rieur flexible ondul\u00e9 \u00e0 l\u2019ext\u00e9rieur avec isolation int\u00e9rieure avec accessoires de tuyau isol\u00e9\" \/>\n<meta property=\"og:url\" content=\"https:\/\/amrtop.net\/de\/produkt\/ifx111-zwischenplatte\/\" \/>\n<meta property=\"og:site_name\" content=\"AMRTOP B2B \u00c9tranger - Achats r\u00e9serv\u00e9s au professionnel\" \/>\n<meta property=\"article:modified_time\" content=\"2023-06-15T08:11:55+00:00\" \/>\n<meta property=\"og:image\" content=\"https:\/\/amrtop.net\/wp-content\/uploads\/2022\/06\/ifx111.jpg\" \/>\n\t<meta property=\"og:image:width\" content=\"640\" \/>\n\t<meta property=\"og:image:height\" content=\"640\" \/>\n\t<meta property=\"og:image:type\" content=\"image\/jpeg\" \/>\n<meta name=\"twitter:card\" content=\"summary_large_image\" \/>\n<meta name=\"twitter:label1\" content=\"Gesch\u00e4tzte Lesezeit\" \/>\n\t<meta name=\"twitter:data1\" content=\"2\u00a0Minuten\" \/>\n<script type=\"application\/ld+json\" class=\"yoast-schema-graph\">{\"@context\":\"https:\\\/\\\/schema.org\",\"@graph\":[{\"@type\":\"WebPage\",\"@id\":\"https:\\\/\\\/amrtop.net\\\/produit\\\/ifx111-plaque-intermediaire\\\/\",\"url\":\"https:\\\/\\\/amrtop.net\\\/produit\\\/ifx111-plaque-intermediaire\\\/\",\"name\":\"Plaque interm\u00e9diaire\",\"isPartOf\":{\"@id\":\"https:\\\/\\\/amrtop.net\\\/#website\"},\"primaryImageOfPage\":{\"@id\":\"https:\\\/\\\/amrtop.net\\\/produit\\\/ifx111-plaque-intermediaire\\\/#primaryimage\"},\"image\":{\"@id\":\"https:\\\/\\\/amrtop.net\\\/produit\\\/ifx111-plaque-intermediaire\\\/#primaryimage\"},\"thumbnailUrl\":\"https:\\\/\\\/amrtop.net\\\/wp-content\\\/uploads\\\/2022\\\/06\\\/ifx111.jpg\",\"datePublished\":\"2022-06-07T08:42:25+00:00\",\"dateModified\":\"2023-06-15T08:11:55+00:00\",\"description\":\"Plaque interm\u00e9diaire - Tuyau flexible en acier inoxydable isol\u00e9 - Tuyau - Conduit d\u2019\u00e9vacuation des fum\u00e9es - Syst\u00e8me d\u2019extraction des fum\u00e9es en acier inoxydable lisse \u00e0 l\u2019int\u00e9rieur flexible ondul\u00e9 \u00e0 l\u2019ext\u00e9rieur avec isolation int\u00e9rieure avec accessoires de tuyau isol\u00e9\",\"breadcrumb\":{\"@id\":\"https:\\\/\\\/amrtop.net\\\/produit\\\/ifx111-plaque-intermediaire\\\/#breadcrumb\"},\"inLanguage\":\"de\",\"potentialAction\":[{\"@type\":\"ReadAction\",\"target\":[\"https:\\\/\\\/amrtop.net\\\/produit\\\/ifx111-plaque-intermediaire\\\/\"]}]},{\"@type\":\"ImageObject\",\"inLanguage\":\"de\",\"@id\":\"https:\\\/\\\/amrtop.net\\\/produit\\\/ifx111-plaque-intermediaire\\\/#primaryimage\",\"url\":\"https:\\\/\\\/amrtop.net\\\/wp-content\\\/uploads\\\/2022\\\/06\\\/ifx111.jpg\",\"contentUrl\":\"https:\\\/\\\/amrtop.net\\\/wp-content\\\/uploads\\\/2022\\\/06\\\/ifx111.jpg\",\"width\":640,\"height\":640,\"caption\":\"Plaque interm\u00e9diaire - Tuyau flexible en acier inoxydable isol\u00e9 - Tuyau - Conduit d\u2019\u00e9vacuation des fum\u00e9es - Syst\u00e8me d\u2019extraction des fum\u00e9es en acier inoxydable lisse \u00e0 l\u2019int\u00e9rieur flexible ondul\u00e9 \u00e0 l\u2019ext\u00e9rieur avec isolation int\u00e9rieure avec accessoires de tuyau isol\u00e9\"},{\"@type\":\"BreadcrumbList\",\"@id\":\"https:\\\/\\\/amrtop.net\\\/produit\\\/ifx111-plaque-intermediaire\\\/#breadcrumb\",\"itemListElement\":[{\"@type\":\"ListItem\",\"position\":1,\"name\":\"Home\",\"item\":\"https:\\\/\\\/amrtop.net\\\/\"},{\"@type\":\"ListItem\",\"position\":2,\"name\":\"Shop\",\"item\":\"https:\\\/\\\/amrtop.net\\\/negozio\\\/\"},{\"@type\":\"ListItem\",\"position\":3,\"name\":\"IFX111&#8230; &#8211; Plaque interm\u00e9diaire\"}]},{\"@type\":\"WebSite\",\"@id\":\"https:\\\/\\\/amrtop.net\\\/#website\",\"url\":\"https:\\\/\\\/amrtop.net\\\/\",\"name\":\"AMRTOP B2B \u00c9tranger - Achats r\u00e9serv\u00e9s au professionnel\",\"description\":\"Pi\u00e8ces de rechange et accessoires pour po\u00eales et chaudi\u00e8res - eCommerce B2B pour Clients Professionnels\",\"potentialAction\":[{\"@type\":\"SearchAction\",\"target\":{\"@type\":\"EntryPoint\",\"urlTemplate\":\"https:\\\/\\\/amrtop.net\\\/?s={search_term_string}\"},\"query-input\":{\"@type\":\"PropertyValueSpecification\",\"valueRequired\":true,\"valueName\":\"search_term_string\"}}],\"inLanguage\":\"de\"}]}<\/script>\n<!-- \/ Yoast SEO plugin. -->","yoast_head_json":{"title":"Zwischenplatte","description":"Zwischenplatte - Isoliertes flexibles Edelstahlrohr - Rohr - Rauchabzugskanal - Rauchabzugssystem aus Edelstahl innen glatt innen flexibel au\u00dfen gewellt mit Innenisolierung mit isoliertem Rohrzubeh\u00f6r","robots":{"index":"index","follow":"follow","max-snippet":"max-snippet:-1","max-image-preview":"max-image-preview:large","max-video-preview":"max-video-preview:-1"},"canonical":"https:\/\/amrtop.net\/de\/produkt\/ifx111-zwischenplatte\/","og_locale":"de_DE","og_type":"article","og_title":"Plaque interm\u00e9diaire","og_description":"Plaque interm\u00e9diaire - Tuyau flexible en acier inoxydable isol\u00e9 - Tuyau - Conduit d\u2019\u00e9vacuation des fum\u00e9es - Syst\u00e8me d\u2019extraction des fum\u00e9es en acier inoxydable lisse \u00e0 l\u2019int\u00e9rieur flexible ondul\u00e9 \u00e0 l\u2019ext\u00e9rieur avec isolation int\u00e9rieure avec accessoires de tuyau isol\u00e9","og_url":"https:\/\/amrtop.net\/de\/produkt\/ifx111-zwischenplatte\/","og_site_name":"AMRTOP B2B \u00c9tranger - Achats r\u00e9serv\u00e9s au professionnel","article_modified_time":"2023-06-15T08:11:55+00:00","og_image":[{"width":640,"height":640,"url":"https:\/\/amrtop.net\/wp-content\/uploads\/2022\/06\/ifx111.jpg","type":"image\/jpeg"}],"twitter_card":"summary_large_image","twitter_misc":{"Gesch\u00e4tzte Lesezeit":"2\u00a0Minuten"},"schema":{"@context":"https:\/\/schema.org","@graph":[{"@type":"WebPage","@id":"https:\/\/amrtop.net\/produit\/ifx111-plaque-intermediaire\/","url":"https:\/\/amrtop.net\/produit\/ifx111-plaque-intermediaire\/","name":"Zwischenplatte","isPartOf":{"@id":"https:\/\/amrtop.net\/#website"},"primaryImageOfPage":{"@id":"https:\/\/amrtop.net\/produit\/ifx111-plaque-intermediaire\/#primaryimage"},"image":{"@id":"https:\/\/amrtop.net\/produit\/ifx111-plaque-intermediaire\/#primaryimage"},"thumbnailUrl":"https:\/\/amrtop.net\/wp-content\/uploads\/2022\/06\/ifx111.jpg","datePublished":"2022-06-07T08:42:25+00:00","dateModified":"2023-06-15T08:11:55+00:00","description":"Zwischenplatte - Isoliertes flexibles Edelstahlrohr - Rohr - Rauchabzugskanal - Rauchabzugssystem aus Edelstahl innen glatt innen flexibel au\u00dfen gewellt mit Innenisolierung mit isoliertem Rohrzubeh\u00f6r","breadcrumb":{"@id":"https:\/\/amrtop.net\/produit\/ifx111-plaque-intermediaire\/#breadcrumb"},"inLanguage":"de","potentialAction":[{"@type":"ReadAction","target":["https:\/\/amrtop.net\/produit\/ifx111-plaque-intermediaire\/"]}]},{"@type":"ImageObject","inLanguage":"de","@id":"https:\/\/amrtop.net\/produit\/ifx111-plaque-intermediaire\/#primaryimage","url":"https:\/\/amrtop.net\/wp-content\/uploads\/2022\/06\/ifx111.jpg","contentUrl":"https:\/\/amrtop.net\/wp-content\/uploads\/2022\/06\/ifx111.jpg","width":640,"height":640,"caption":"Plaque interm\u00e9diaire - Tuyau flexible en acier inoxydable isol\u00e9 - Tuyau - Conduit d\u2019\u00e9vacuation des fum\u00e9es - Syst\u00e8me d\u2019extraction des fum\u00e9es en acier inoxydable lisse \u00e0 l\u2019int\u00e9rieur flexible ondul\u00e9 \u00e0 l\u2019ext\u00e9rieur avec isolation int\u00e9rieure avec accessoires de tuyau isol\u00e9"},{"@type":"BreadcrumbList","@id":"https:\/\/amrtop.net\/produit\/ifx111-plaque-intermediaire\/#breadcrumb","itemListElement":[{"@type":"ListItem","position":1,"name":"Home","item":"https:\/\/amrtop.net\/"},{"@type":"ListItem","position":2,"name":"Shop","item":"https:\/\/amrtop.net\/negozio\/"},{"@type":"ListItem","position":3,"name":"IFX111&#8230; &#8211; Plaque interm\u00e9diaire"}]},{"@type":"WebSite","@id":"https:\/\/amrtop.net\/#website","url":"https:\/\/amrtop.net\/","name":"AMRTOP B2B Ausland - Einkaufen nur f\u00fcr Fachleute","description":"Ersatzteile und Zubeh\u00f6r f\u00fcr \u00d6fen und Heizkessel - B2B eCommerce f\u00fcr Gesch\u00e4ftskunden","potentialAction":[{"@type":"SearchAction","target":{"@type":"EntryPoint","urlTemplate":"https:\/\/amrtop.net\/?s={search_term_string}"},"query-input":{"@type":"PropertyValueSpecification","valueRequired":true,"valueName":"search_term_string"}}],"inLanguage":"de"}]}},"_links":{"self":[{"href":"https:\/\/amrtop.net\/de\/wp-json\/wp\/v2\/product\/30165","targetHints":{"allow":["GET"]}}],"collection":[{"href":"https:\/\/amrtop.net\/de\/wp-json\/wp\/v2\/product"}],"about":[{"href":"https:\/\/amrtop.net\/de\/wp-json\/wp\/v2\/types\/product"}],"replies":[{"embeddable":true,"href":"https:\/\/amrtop.net\/de\/wp-json\/wp\/v2\/comments?post=30165"}],"wp:featuredmedia":[{"embeddable":true,"href":"https:\/\/amrtop.net\/de\/wp-json\/wp\/v2\/media\/32628"}],"wp:attachment":[{"href":"https:\/\/amrtop.net\/de\/wp-json\/wp\/v2\/media?parent=30165"}],"wp:term":[{"taxonomy":"product_brand","embeddable":true,"href":"https:\/\/amrtop.net\/de\/wp-json\/wp\/v2\/product_brand?post=30165"},{"taxonomy":"product_cat","embeddable":true,"href":"https:\/\/amrtop.net\/de\/wp-json\/wp\/v2\/product_cat?post=30165"},{"taxonomy":"product_tag","embeddable":true,"href":"https:\/\/amrtop.net\/de\/wp-json\/wp\/v2\/product_tag?post=30165"}],"curies":[{"name":"wp","href":"https:\/\/api.w.org\/{rel}","templated":true}]}}