{"id":30420,"date":"2022-06-07T13:20:05","date_gmt":"2022-06-07T13:20:05","guid":{"rendered":"https:\/\/amrtop.com\/B2B\/?post_type=product&#038;p=30420"},"modified":"2023-06-16T09:38:36","modified_gmt":"2023-06-16T09:38:36","slug":"cxpg07-coude-a-90","status":"publish","type":"product","link":"https:\/\/amrtop.net\/de\/produit\/cxpg07-coude-a-90\/","title":{"rendered":"CXPG07... - 90\u00b0-Winkelst\u00fcck"},"content":{"rendered":"<h3>Coude 90\u00b0\u00a0<b>COAXIALE COAXIALE<\/b><\/h3>\n<p>Les coudes 90\u00b0 COAXIALES avec pr\u00e9l\u00e8vement des fum\u00e9es sont 60 mm &#8211;<span class=\"Apple-converted-space\">\u00a0 <\/span>mes 100 mm, 80 mm -<span class=\"Apple-converted-space\">\u00a0 <\/span>mes 125 mm f\u00fcr Brennwertkessel,<span class=\"Apple-converted-space\">\u00a0 <\/span>f\u00fcr den Anschluss an den Heizkessel. Sie sind au\u00dferdem alle mit einer kleinen Pr\u00e4disposition f\u00fcr die Entnahme von Rauchgasen ausgestattet.<\/p>\n<h3><b>Kompatibilit\u00e4t mit den folgenden Herstellern<\/b><\/h3>\n<p>Ferroli - Baltur - Biasi - Radiant - Joannes - Ici - Savio - Unical - Euroterm- Arca - Lamborghini - Sime - Fondital - Stargas - Mcn - Italtherm - Artherm - Beretta - Riello - Sylber - Baxi - Argo - Roca - Viessmann - Bosch - Junkers - Vaillant - Chaffeteaux - Ariston - Radi - Simat - NewFar - Ecoflam - Elco - Saunier Duval - Hermann - Cosmogas - Intergas - Atlantique<\/p>\n<h3><b>Verwendung der <\/b><strong>Coude 90\u00b0 <\/strong><b>COAXIALE<\/b><\/h3>\n<p>Dieses koaxiale Rauchabzugssystem wird ausschlie\u00dflich f\u00fcr zivile W\u00e4rmeerzeuger verwendet, die mit herk\u00f6mmlichen gasf\u00f6rmigen Brennstoffen betrieben werden. Die maximale Temperatur der Verbrennungsgase darf 200 \u00baC mit maximal zul\u00e4ssigen Spitzenwerten von 250 \u00baC nicht \u00fcberschreiten.<\/p>\n<h3><b>Sortiment an Rauchsystemen von AMR TOP\u00a0 \u00a0 \u00a0 \u00a0 \u00a0 \u00a0 \u00a0 \u00a0 \u00a0 \u00a0 \u00a0 \u00a0 \u00a0 \u00a0 \u00a0 \u00a0 \u00a0 \u00a0 \u00a0 \u00a0 \u00a0 \u00a0 \u00a0 \u00a0 \u00a0 \u00a0 \u00a0 \u00a0 \u00a0 \u00a0 \u00a0 \u00a0 \u00a0 \u00a0 \u00a0 \u00a0 \u00a0 \u00a0 \u00a0 \u00a0 \u00a0 \u00a0 \u00a0 \u00a0 \u00a0 \u00a0 \u00a0 \u00a0 \u00a0 \u00a0 \u00a0 \u00a0 \u00a0 \u00a0 \u00a0 \u00a0 \u00a0<\/b><\/h3>\n<p><a href=\"https:\/\/amrtop.net\/de\/produktkategorie\/rauchkanale-2\/tuyaux-flexibles-en-acier-inoxydable\/\"><b>TOP FLEX SP - Flexible Rohre aus gewelltem Edelstahl, ein- und doppelwandig<\/b><\/a><\/p>\n<p><a href=\"https:\/\/amrtop.net\/de\/produktkategorie\/rauchkanale-2\/tube-rigide-monoparete-en-acier-inoxydable\/\"><b>SP - Einwandiges starres Rohr aus Edelstahl AISI 316L<\/b><\/a><\/p>\n<p><a href=\"https:\/\/amrtop.net\/de\/produktkategorie\/rauchkanale-2\/tube-flexible-inox-aisi-316-l-interieur-lisse-isole\/\"><b>ISOTOP FLEX - Flexibles Rohr aus Edelstahl AISI 316L innen glatt isoliert \u00a0<\/b><\/a><\/p>\n<p><a href=\"https:\/\/amrtop.net\/de\/produktkategorie\/rauchkanale-2\/dp-air-tube-double-paroi-inox-a-chambre-dair\/\"><b>DP AIR - Doppelwandiges Edelstahlrohr mit Luftkammern<\/b><\/a><\/p>\n<p><a href=\"https:\/\/amrtop.net\/de\/produktkategorie\/rauchkanale-2\/tube-coaxial-inox\/\"><b>DP - Isoliertes doppelwandiges Rohr 10 mm - 25 mm<\/b><\/a><\/p>\n<p><a href=\"https:\/\/amrtop.net\/de\/produktkategorie\/rauchkanale-2\/tube-coaxial-inox\/\"><b>COAX TOP - Koaxialrohr aus Edelstahl aus PPS und PPS\/Edelstahl<\/b><\/a><\/p>\n<p><a href=\"https:\/\/amrtop.net\/de\/produktkategorie\/rauchkanale-2\/tuyau-coaxial-inox-inox-black\/\"><b>COAX PELLET - Koaxialrohr aus rostfreiem Stahl<\/b><\/a><\/p>\n<p><a href=\"https:\/\/amrtop.net\/de\/produktkategorie\/rauchkanale-2\/conduits-de-fumee-des-appareils-a-biomasse\/\"><b>BIOM TOP - Rohre f\u00fcr Pellet- und Holz\u00f6fen<\/b><\/a><\/p>\n<p><a href=\"https:\/\/amrtop.net\/de\/produktkategorie\/rauchkanale-2\/alutop-tube-en-aluminium-flexible-extensible\/\"><b>ALU TOP - Flexibles, ausziehbares Aluminiumrohr<\/b><\/a><\/p>\n<h3><b>H\u00e4uslich \u00a0 \u00a0 \u00a0 \u00a0 \u00a0 <\/b><\/h3>\n<h3><\/h3>","protected":false},"excerpt":{"rendered":"<p>Coude 90\u00b0\u00a0COAXIALE COAXIALE Les coudes 90\u00b0 COAXIALES avec pr\u00e9l\u00e8vement des fum\u00e9es sont 60 mm &#8211;\u00a0 mes 100 mm, 80 mm &#8211;\u00a0 mes 125 mm pour chaudi\u00e8res \u00e0 condensation,\u00a0 pour le raccordement \u00e0 la chaudi\u00e8re. Elles sont \u00e9galement toutes \u00e9quip\u00e9es d\u2019une petite pr\u00e9disposition pour le pr\u00e9l\u00e8vement des fum\u00e9es Compatibilit\u00e9 avec les fabricants suivants Ferroli \u2013 Baltur [&hellip;]<\/p>\n","protected":false},"featured_media":27960,"comment_status":"open","ping_status":"closed","template":"","meta":[],"product_brand":[],"product_cat":[1542,1563,1546],"product_tag":[],"class_list":{"0":"post-30420","1":"product","2":"type-product","3":"status-publish","4":"has-post-thumbnail","6":"product_cat-tube-coaxial-inox","7":"product_cat-couds-et-rallonges-pour-changement-de-direction","8":"product_cat-cxp-gas-kit-kits-coaxiaux-et-accessoires-pour-chaudieres-a-condensation","10":"first","11":"instock","12":"shipping-taxable","13":"purchasable","14":"product-type-variable"},"yoast_head":"<!-- This site is optimized with the Yoast SEO plugin v27.4 - https:\/\/yoast.com\/product\/yoast-seo-wordpress\/ -->\n<title>Coude 90\u00b0\u00a0COAXIALE COAXIALE<\/title>\n<meta name=\"description\" content=\"Coude 90\u00b0\u00a0COAXIALE COAXIALE s\u2019utilise exclusivement pour les g\u00e9n\u00e9rateurs de chaleur civils fonctionnant avec des combustibles\" \/>\n<meta name=\"robots\" content=\"index, follow, max-snippet:-1, max-image-preview:large, max-video-preview:-1\" \/>\n<link rel=\"canonical\" href=\"https:\/\/amrtop.net\/de\/produkt\/cxpg07-coude-a-90\/\" \/>\n<meta property=\"og:locale\" content=\"de_DE\" \/>\n<meta property=\"og:type\" content=\"article\" \/>\n<meta property=\"og:title\" content=\"Coude 90\u00b0\u00a0COAXIALE COAXIALE\" \/>\n<meta property=\"og:description\" content=\"Coude 90\u00b0\u00a0COAXIALE COAXIALE s\u2019utilise exclusivement pour les g\u00e9n\u00e9rateurs de chaleur civils fonctionnant avec des combustibles\" \/>\n<meta property=\"og:url\" content=\"https:\/\/amrtop.net\/de\/produkt\/cxpg07-coude-a-90\/\" \/>\n<meta property=\"og:site_name\" content=\"AMRTOP B2B \u00c9tranger - Achats r\u00e9serv\u00e9s au professionnel\" \/>\n<meta property=\"article:modified_time\" content=\"2023-06-16T09:38:36+00:00\" \/>\n<meta property=\"og:image\" content=\"https:\/\/amrtop.net\/wp-content\/uploads\/2022\/06\/CATEGORIA-IN-ALLESTIMENTO-1.jpg\" \/>\n\t<meta property=\"og:image:width\" content=\"640\" \/>\n\t<meta property=\"og:image:height\" content=\"640\" \/>\n\t<meta property=\"og:image:type\" content=\"image\/jpeg\" \/>\n<meta name=\"twitter:card\" content=\"summary_large_image\" \/>\n<meta name=\"twitter:label1\" content=\"Gesch\u00e4tzte Lesezeit\" \/>\n\t<meta name=\"twitter:data1\" content=\"1\u00a0Minute\" \/>\n<script type=\"application\/ld+json\" class=\"yoast-schema-graph\">{\"@context\":\"https:\\\/\\\/schema.org\",\"@graph\":[{\"@type\":\"WebPage\",\"@id\":\"https:\\\/\\\/amrtop.net\\\/produit\\\/cxpg07-coude-a-90\\\/\",\"url\":\"https:\\\/\\\/amrtop.net\\\/produit\\\/cxpg07-coude-a-90\\\/\",\"name\":\"Coude 90\u00b0\u00a0COAXIALE COAXIALE\",\"isPartOf\":{\"@id\":\"https:\\\/\\\/amrtop.net\\\/#website\"},\"primaryImageOfPage\":{\"@id\":\"https:\\\/\\\/amrtop.net\\\/produit\\\/cxpg07-coude-a-90\\\/#primaryimage\"},\"image\":{\"@id\":\"https:\\\/\\\/amrtop.net\\\/produit\\\/cxpg07-coude-a-90\\\/#primaryimage\"},\"thumbnailUrl\":\"https:\\\/\\\/amrtop.net\\\/wp-content\\\/uploads\\\/2022\\\/06\\\/CATEGORIA-IN-ALLESTIMENTO-1.jpg\",\"datePublished\":\"2022-06-07T13:20:05+00:00\",\"dateModified\":\"2023-06-16T09:38:36+00:00\",\"description\":\"Coude 90\u00b0\u00a0COAXIALE COAXIALE s\u2019utilise exclusivement pour les g\u00e9n\u00e9rateurs de chaleur civils fonctionnant avec des combustibles\",\"breadcrumb\":{\"@id\":\"https:\\\/\\\/amrtop.net\\\/produit\\\/cxpg07-coude-a-90\\\/#breadcrumb\"},\"inLanguage\":\"de\",\"potentialAction\":[{\"@type\":\"ReadAction\",\"target\":[\"https:\\\/\\\/amrtop.net\\\/produit\\\/cxpg07-coude-a-90\\\/\"]}]},{\"@type\":\"ImageObject\",\"inLanguage\":\"de\",\"@id\":\"https:\\\/\\\/amrtop.net\\\/produit\\\/cxpg07-coude-a-90\\\/#primaryimage\",\"url\":\"https:\\\/\\\/amrtop.net\\\/wp-content\\\/uploads\\\/2022\\\/06\\\/CATEGORIA-IN-ALLESTIMENTO-1.jpg\",\"contentUrl\":\"https:\\\/\\\/amrtop.net\\\/wp-content\\\/uploads\\\/2022\\\/06\\\/CATEGORIA-IN-ALLESTIMENTO-1.jpg\",\"width\":640,\"height\":640,\"caption\":\"Rallonge 1000 mm COAXIALE s\u2019utilise exclusivement pour les g\u00e9n\u00e9rateurs de chaleur civils fonctionnant avec des combustibles\"},{\"@type\":\"BreadcrumbList\",\"@id\":\"https:\\\/\\\/amrtop.net\\\/produit\\\/cxpg07-coude-a-90\\\/#breadcrumb\",\"itemListElement\":[{\"@type\":\"ListItem\",\"position\":1,\"name\":\"Home\",\"item\":\"https:\\\/\\\/amrtop.net\\\/\"},{\"@type\":\"ListItem\",\"position\":2,\"name\":\"Shop\",\"item\":\"https:\\\/\\\/amrtop.net\\\/negozio\\\/\"},{\"@type\":\"ListItem\",\"position\":3,\"name\":\"CXPG07&#8230; &#8211; Coude a 90\u00b0\"}]},{\"@type\":\"WebSite\",\"@id\":\"https:\\\/\\\/amrtop.net\\\/#website\",\"url\":\"https:\\\/\\\/amrtop.net\\\/\",\"name\":\"AMRTOP B2B \u00c9tranger - Achats r\u00e9serv\u00e9s au professionnel\",\"description\":\"Pi\u00e8ces de rechange et accessoires pour po\u00eales et chaudi\u00e8res - eCommerce B2B pour Clients Professionnels\",\"potentialAction\":[{\"@type\":\"SearchAction\",\"target\":{\"@type\":\"EntryPoint\",\"urlTemplate\":\"https:\\\/\\\/amrtop.net\\\/?s={search_term_string}\"},\"query-input\":{\"@type\":\"PropertyValueSpecification\",\"valueRequired\":true,\"valueName\":\"search_term_string\"}}],\"inLanguage\":\"de\"}]}<\/script>\n<!-- \/ Yoast SEO plugin. -->","yoast_head_json":{"title":"Coude 90\u00b0\u00a0COAXIALE COAXIALE","description":"Coude 90\u00b0\u00a0COAXIALE COAXIALE s\u2019utilise exclusivement pour les g\u00e9n\u00e9rateurs de chaleur civils fonctionnant avec des combustibles","robots":{"index":"index","follow":"follow","max-snippet":"max-snippet:-1","max-image-preview":"max-image-preview:large","max-video-preview":"max-video-preview:-1"},"canonical":"https:\/\/amrtop.net\/de\/produkt\/cxpg07-coude-a-90\/","og_locale":"de_DE","og_type":"article","og_title":"Coude 90\u00b0\u00a0COAXIALE COAXIALE","og_description":"Coude 90\u00b0\u00a0COAXIALE COAXIALE s\u2019utilise exclusivement pour les g\u00e9n\u00e9rateurs de chaleur civils fonctionnant avec des combustibles","og_url":"https:\/\/amrtop.net\/de\/produkt\/cxpg07-coude-a-90\/","og_site_name":"AMRTOP B2B \u00c9tranger - Achats r\u00e9serv\u00e9s au professionnel","article_modified_time":"2023-06-16T09:38:36+00:00","og_image":[{"width":640,"height":640,"url":"https:\/\/amrtop.net\/wp-content\/uploads\/2022\/06\/CATEGORIA-IN-ALLESTIMENTO-1.jpg","type":"image\/jpeg"}],"twitter_card":"summary_large_image","twitter_misc":{"Gesch\u00e4tzte Lesezeit":"1\u00a0Minute"},"schema":{"@context":"https:\/\/schema.org","@graph":[{"@type":"WebPage","@id":"https:\/\/amrtop.net\/produit\/cxpg07-coude-a-90\/","url":"https:\/\/amrtop.net\/produit\/cxpg07-coude-a-90\/","name":"Coude 90\u00b0\u00a0COAXIALE COAXIALE","isPartOf":{"@id":"https:\/\/amrtop.net\/#website"},"primaryImageOfPage":{"@id":"https:\/\/amrtop.net\/produit\/cxpg07-coude-a-90\/#primaryimage"},"image":{"@id":"https:\/\/amrtop.net\/produit\/cxpg07-coude-a-90\/#primaryimage"},"thumbnailUrl":"https:\/\/amrtop.net\/wp-content\/uploads\/2022\/06\/CATEGORIA-IN-ALLESTIMENTO-1.jpg","datePublished":"2022-06-07T13:20:05+00:00","dateModified":"2023-06-16T09:38:36+00:00","description":"Coude 90\u00b0\u00a0COAXIALE COAXIALE s\u2019utilise exclusivement pour les g\u00e9n\u00e9rateurs de chaleur civils fonctionnant avec des combustibles","breadcrumb":{"@id":"https:\/\/amrtop.net\/produit\/cxpg07-coude-a-90\/#breadcrumb"},"inLanguage":"de","potentialAction":[{"@type":"ReadAction","target":["https:\/\/amrtop.net\/produit\/cxpg07-coude-a-90\/"]}]},{"@type":"ImageObject","inLanguage":"de","@id":"https:\/\/amrtop.net\/produit\/cxpg07-coude-a-90\/#primaryimage","url":"https:\/\/amrtop.net\/wp-content\/uploads\/2022\/06\/CATEGORIA-IN-ALLESTIMENTO-1.jpg","contentUrl":"https:\/\/amrtop.net\/wp-content\/uploads\/2022\/06\/CATEGORIA-IN-ALLESTIMENTO-1.jpg","width":640,"height":640,"caption":"Rallonge 1000 mm COAXIALE s\u2019utilise exclusivement pour les g\u00e9n\u00e9rateurs de chaleur civils fonctionnant avec des combustibles"},{"@type":"BreadcrumbList","@id":"https:\/\/amrtop.net\/produit\/cxpg07-coude-a-90\/#breadcrumb","itemListElement":[{"@type":"ListItem","position":1,"name":"Home","item":"https:\/\/amrtop.net\/"},{"@type":"ListItem","position":2,"name":"Shop","item":"https:\/\/amrtop.net\/negozio\/"},{"@type":"ListItem","position":3,"name":"CXPG07&#8230; &#8211; Coude a 90\u00b0"}]},{"@type":"WebSite","@id":"https:\/\/amrtop.net\/#website","url":"https:\/\/amrtop.net\/","name":"AMRTOP B2B Ausland - Einkaufen nur f\u00fcr Fachleute","description":"Ersatzteile und Zubeh\u00f6r f\u00fcr \u00d6fen und Heizkessel - B2B eCommerce f\u00fcr Gesch\u00e4ftskunden","potentialAction":[{"@type":"SearchAction","target":{"@type":"EntryPoint","urlTemplate":"https:\/\/amrtop.net\/?s={search_term_string}"},"query-input":{"@type":"PropertyValueSpecification","valueRequired":true,"valueName":"search_term_string"}}],"inLanguage":"de"}]}},"_links":{"self":[{"href":"https:\/\/amrtop.net\/de\/wp-json\/wp\/v2\/product\/30420","targetHints":{"allow":["GET"]}}],"collection":[{"href":"https:\/\/amrtop.net\/de\/wp-json\/wp\/v2\/product"}],"about":[{"href":"https:\/\/amrtop.net\/de\/wp-json\/wp\/v2\/types\/product"}],"replies":[{"embeddable":true,"href":"https:\/\/amrtop.net\/de\/wp-json\/wp\/v2\/comments?post=30420"}],"wp:featuredmedia":[{"embeddable":true,"href":"https:\/\/amrtop.net\/de\/wp-json\/wp\/v2\/media\/27960"}],"wp:attachment":[{"href":"https:\/\/amrtop.net\/de\/wp-json\/wp\/v2\/media?parent=30420"}],"wp:term":[{"taxonomy":"product_brand","embeddable":true,"href":"https:\/\/amrtop.net\/de\/wp-json\/wp\/v2\/product_brand?post=30420"},{"taxonomy":"product_cat","embeddable":true,"href":"https:\/\/amrtop.net\/de\/wp-json\/wp\/v2\/product_cat?post=30420"},{"taxonomy":"product_tag","embeddable":true,"href":"https:\/\/amrtop.net\/de\/wp-json\/wp\/v2\/product_tag?post=30420"}],"curies":[{"name":"wp","href":"https:\/\/api.w.org\/{rel}","templated":true}]}}