{"id":30540,"date":"2022-06-07T14:20:58","date_gmt":"2022-06-07T14:20:58","guid":{"rendered":"https:\/\/amrtop.com\/B2B\/?post_type=product&#038;p=30540"},"modified":"2023-06-15T14:17:06","modified_gmt":"2023-06-15T14:17:06","slug":"cxpg0820-koaxiale-90-abgangskurve-mit-rauchprobenentnahme","status":"publish","type":"product","link":"https:\/\/amrtop.net\/de\/produit\/cxpg0820-courbe-de-depart-coaxiale-a-90-avec-prelevement-des-fumees\/","title":{"rendered":"CXPG0820 - Koaxiale 90\u00b0-Vorlaufkurve mit Rauchgasentnahme"},"content":{"rendered":"<p><strong>Geeignet f\u00fcr Gaskessel<\/strong> : Chaffeteaux - Ariston - Radi - Simat - NewFar - Ecoflam - Elco<\/p>\n<h3 class=\"product_title entry-title\">Koaxiale 90\u00b0-Vorlaufkurve mit Rauchgasentnahme<\/h3>\n<p>Le curve coassiale 90\u00b0 sono girevoli a 360\u00b0 con passo 45\u00b0 \u00f8i 60 mm - \u00f8e 100 mm per caldaie a condensazione. Le curve coassiali 90\u00b0 in partenza sono dotate di raccordo per il collegamento con la caldaia. Sie sind au\u00dferdem alle mit einer kleinen \u00d6ffnung f\u00fcr den Rauchabzug ausgestattet.<\/p>\n<ul>\n<li>Spessore materiale: Alluminio interno 1 mm ed alluminio esterno 1,2 mm<\/li>\n<li>Materialart: Alluminio interno ed alluminio bianco esterno<\/li>\n<li>Durchmesser der Rohre: \u00f8i 60 mm - \u00f8e 100 mm<\/li>\n<li>Colore esterno ed interno: Bianco lucido<\/li>\n<\/ul>\n<h3>Compatibilit\u00e0 con i seguenti fabbricanti<\/h3>\n<p>Ferroli - Baltur - Biasi - Radiant - Joannes - Ici - Savio - Unical - Euroterm- Arca - Lamborghini - Sime - Fondital - Stargas - Mcn - Italtherm - Artherm - Beretta - Riello - Sylber - Baxi - Argo - Roca - Viessmann - Bosch - Junkers - Vaillant - Chaffeteaux - Ariston - Radi - Simat - NewFar - Ecoflam - Elco - Saunier Duval - Hermann - Cosmogas - Intergas - Atlantique<\/p>\n<h3>Utilizzo delle curve partenza coassiali 90\u00b0<\/h3>\n<p>Dieses Rauchgasabsaugsystem wird ausschlie\u00dflich f\u00fcr zivile W\u00e4rmeerzeuger verwendet, die mit herk\u00f6mmlichen gasf\u00f6rmigen Brennstoffen betrieben werden. Die maximale Temperatur der Verbrennungsgase darf 200\u00b0C nicht \u00fcberschreiten, mit einer maximalen Verbrennungstemperatur von 250\u00b0C .<\/p>\n<p><strong>Domestico<\/strong><\/p>\n<p><a href=\"https:\/\/wekos.it\/\">stufe, cucine e termocucine a legna<\/a>\u00a0-\u00a0<a href=\"https:\/\/www.greenpuros.com\/\">caminetti, stufe, termostufe und caldaie a pellet.<\/a><\/p>\n<p><a href=\"https:\/\/amrtop.com\/B2B\/categoria-prodotto\/canne-fumarie\/top-flex-sp-tubi-flessibili-inox\/\"><strong>Top flex SP - Tubi flessibili inox corrugati mono e doppia parete<\/strong><\/a><\/p>\n<p><a href=\"https:\/\/amrtop.com\/B2B\/categoria-prodotto\/canne-fumarie\/tubo-monoparete-acciaio-inox\/\"><strong>Sp - Tubo rigido mono parete inox aisi 316L<\/strong><\/a><\/p>\n<p><a href=\"https:\/\/amrtop.com\/B2B\/categoria-prodotto\/canne-fumarie\/isotop-flex-flessibile-coibentato\/\"><strong>Iso top flex - Tubo flessisbile doppia parete interno liscio coibentato<\/strong><\/a><\/p>\n<p><a href=\"https:\/\/amrtop.com\/B2B\/categoria-prodotto\/canne-fumarie\/dp-aria-doppia-parete-aria\/\"><strong>Dp air - Tubo doppia parete inox a camera d'aria<\/strong><\/a><\/p>\n<p><a href=\"https:\/\/amrtop.com\/B2B\/categoria-prodotto\/canne-fumarie\/dp-doppia-parete\/\"><strong>Dp - Tubo doppia parete inox coibentati 10 mm - 25 mm<\/strong><\/a><\/p>\n<p><a href=\"https:\/\/amrtop.com\/B2B\/categoria-prodotto\/canne-fumarie\/coax-top-coassiale\/\"><strong>Coax top - Tubo coassiale inox<\/strong><\/a><\/p>\n<p><a href=\"https:\/\/amrtop.com\/B2B\/categoria-prodotto\/canne-fumarie\/coax-pellet-tubo-coassiale-inox\/\"><strong>Coax pellet - Koaxialrohr aus rostfreiem Stahl<\/strong><\/a><\/p>\n<p><a href=\"https:\/\/amrtop.com\/B2B\/categoria-prodotto\/canne-fumarie\/biom-top\/\"><strong>Biom top - Tubi per stufe a pellet<\/strong><\/a><\/p>\n<p><a href=\"https:\/\/amrtop.com\/B2B\/categoria-prodotto\/canne-fumarie\/alutop-alluminio-estensibile\/\"><strong>Alu top - Tubo alluminio flessibile estensibile<\/strong><\/a><\/p>","protected":false},"excerpt":{"rendered":"<p>Adaptables aux chaudi\u00e8res \u00e0 gaz : Chaffeteaux &#8211; Ariston &#8211; Radi &#8211; Simat &#8211; NewFar &#8211; Ecoflam &#8211; Elco Courbe de d\u00e9part coaxiale \u00e0 90\u00b0 avec pr\u00e9l\u00e8vement des fum\u00e9es Le curve coassiale 90\u00b0 sono girevoli a 360\u00b0 con passo 45\u00b0 \u00f8i 60 mm \u2013 \u00f8e 100 mm per caldaie a condensazione. Le curve coassiali 90\u00b0 [&hellip;]<\/p>\n","protected":false},"featured_media":33493,"comment_status":"open","ping_status":"closed","template":"","meta":[],"product_brand":[],"product_cat":[1542,1569,1546],"product_tag":[],"class_list":{"0":"post-30540","1":"product","2":"type-product","3":"status-publish","4":"has-post-thumbnail","6":"product_cat-tube-coaxial-inox","7":"product_cat-couds-de-depart-coaxiales-90","8":"product_cat-cxp-gas-kit-kits-coaxiaux-et-accessoires-pour-chaudieres-a-condensation","10":"first","11":"instock","12":"shipping-taxable","13":"purchasable","14":"product-type-simple"},"yoast_head":"<!-- This site is optimized with the Yoast SEO plugin v27.5 - https:\/\/yoast.com\/product\/yoast-seo-wordpress\/ -->\n<title>Courbe de d\u00e9part coaxiale \u00e0 90\u00b0 avec pr\u00e9l\u00e8vement des fum\u00e9es<\/title>\n<meta name=\"description\" content=\"Courbe de d\u00e9part coaxiale \u00e0 90\u00b0 avec pr\u00e9l\u00e8vement des fum\u00e9es, Majorations Coaxiales De 60\/100 \u00c0 80\/125 cxp gas kit est un ligne de produits sp\u00e9cialement r\u00e9alis\u00e9e pour etre adaptable\u00e0 la plupart des chaudi\u00e8res \u00e0 condensation\" \/>\n<meta name=\"robots\" content=\"index, follow, max-snippet:-1, max-image-preview:large, max-video-preview:-1\" \/>\n<link rel=\"canonical\" href=\"https:\/\/amrtop.net\/de\/produkt\/cxpg0820-koaxiale-90-abgangskurve-mit-rauchprobenentnahme\/\" \/>\n<meta property=\"og:locale\" content=\"de_DE\" \/>\n<meta property=\"og:type\" content=\"article\" \/>\n<meta property=\"og:title\" content=\"Courbe de d\u00e9part coaxiale \u00e0 90\u00b0 avec pr\u00e9l\u00e8vement des fum\u00e9es\" \/>\n<meta property=\"og:description\" content=\"Courbe de d\u00e9part coaxiale \u00e0 90\u00b0 avec pr\u00e9l\u00e8vement des fum\u00e9es, Majorations Coaxiales De 60\/100 \u00c0 80\/125 cxp gas kit est un ligne de produits sp\u00e9cialement r\u00e9alis\u00e9e pour etre adaptable\u00e0 la plupart des chaudi\u00e8res \u00e0 condensation\" \/>\n<meta property=\"og:url\" content=\"https:\/\/amrtop.net\/de\/produkt\/cxpg0820-koaxiale-90-abgangskurve-mit-rauchprobenentnahme\/\" \/>\n<meta property=\"og:site_name\" content=\"AMRTOP B2B \u00c9tranger - Achats r\u00e9serv\u00e9s au professionnel\" \/>\n<meta property=\"article:modified_time\" content=\"2023-06-15T14:17:06+00:00\" \/>\n<meta property=\"og:image\" content=\"https:\/\/amrtop.net\/wp-content\/uploads\/2022\/06\/cxpg0820.jpg\" \/>\n\t<meta property=\"og:image:width\" content=\"640\" \/>\n\t<meta property=\"og:image:height\" content=\"640\" \/>\n\t<meta property=\"og:image:type\" content=\"image\/jpeg\" \/>\n<meta name=\"twitter:card\" content=\"summary_large_image\" \/>\n<meta name=\"twitter:label1\" content=\"Gesch\u00e4tzte Lesezeit\" \/>\n\t<meta name=\"twitter:data1\" content=\"2\u00a0Minuten\" \/>\n<script type=\"application\/ld+json\" class=\"yoast-schema-graph\">{\"@context\":\"https:\\\/\\\/schema.org\",\"@graph\":[{\"@type\":\"WebPage\",\"@id\":\"https:\\\/\\\/amrtop.net\\\/produit\\\/cxpg0820-courbe-de-depart-coaxiale-a-90-avec-prelevement-des-fumees\\\/\",\"url\":\"https:\\\/\\\/amrtop.net\\\/produit\\\/cxpg0820-courbe-de-depart-coaxiale-a-90-avec-prelevement-des-fumees\\\/\",\"name\":\"Courbe de d\u00e9part coaxiale \u00e0 90\u00b0 avec pr\u00e9l\u00e8vement des fum\u00e9es\",\"isPartOf\":{\"@id\":\"https:\\\/\\\/amrtop.net\\\/#website\"},\"primaryImageOfPage\":{\"@id\":\"https:\\\/\\\/amrtop.net\\\/produit\\\/cxpg0820-courbe-de-depart-coaxiale-a-90-avec-prelevement-des-fumees\\\/#primaryimage\"},\"image\":{\"@id\":\"https:\\\/\\\/amrtop.net\\\/produit\\\/cxpg0820-courbe-de-depart-coaxiale-a-90-avec-prelevement-des-fumees\\\/#primaryimage\"},\"thumbnailUrl\":\"https:\\\/\\\/amrtop.net\\\/wp-content\\\/uploads\\\/2022\\\/06\\\/cxpg0820.jpg\",\"datePublished\":\"2022-06-07T14:20:58+00:00\",\"dateModified\":\"2023-06-15T14:17:06+00:00\",\"description\":\"Courbe de d\u00e9part coaxiale \u00e0 90\u00b0 avec pr\u00e9l\u00e8vement des fum\u00e9es, Majorations Coaxiales De 60\\\/100 \u00c0 80\\\/125 cxp gas kit est un ligne de produits sp\u00e9cialement r\u00e9alis\u00e9e pour etre adaptable\u00e0 la plupart des chaudi\u00e8res \u00e0 condensation\",\"breadcrumb\":{\"@id\":\"https:\\\/\\\/amrtop.net\\\/produit\\\/cxpg0820-courbe-de-depart-coaxiale-a-90-avec-prelevement-des-fumees\\\/#breadcrumb\"},\"inLanguage\":\"de\",\"potentialAction\":[{\"@type\":\"ReadAction\",\"target\":[\"https:\\\/\\\/amrtop.net\\\/produit\\\/cxpg0820-courbe-de-depart-coaxiale-a-90-avec-prelevement-des-fumees\\\/\"]}]},{\"@type\":\"ImageObject\",\"inLanguage\":\"de\",\"@id\":\"https:\\\/\\\/amrtop.net\\\/produit\\\/cxpg0820-courbe-de-depart-coaxiale-a-90-avec-prelevement-des-fumees\\\/#primaryimage\",\"url\":\"https:\\\/\\\/amrtop.net\\\/wp-content\\\/uploads\\\/2022\\\/06\\\/cxpg0820.jpg\",\"contentUrl\":\"https:\\\/\\\/amrtop.net\\\/wp-content\\\/uploads\\\/2022\\\/06\\\/cxpg0820.jpg\",\"width\":640,\"height\":640,\"caption\":\"Curva-partenza coassiale 90\u00b0 prelievo-fumi\"},{\"@type\":\"BreadcrumbList\",\"@id\":\"https:\\\/\\\/amrtop.net\\\/produit\\\/cxpg0820-courbe-de-depart-coaxiale-a-90-avec-prelevement-des-fumees\\\/#breadcrumb\",\"itemListElement\":[{\"@type\":\"ListItem\",\"position\":1,\"name\":\"Home\",\"item\":\"https:\\\/\\\/amrtop.net\\\/\"},{\"@type\":\"ListItem\",\"position\":2,\"name\":\"Shop\",\"item\":\"https:\\\/\\\/amrtop.net\\\/negozio\\\/\"},{\"@type\":\"ListItem\",\"position\":3,\"name\":\"CXPG0820 &#8211; Courbe de d\u00e9part coaxiale \u00e0 90\u00b0 avec pr\u00e9l\u00e8vement des fum\u00e9es\"}]},{\"@type\":\"WebSite\",\"@id\":\"https:\\\/\\\/amrtop.net\\\/#website\",\"url\":\"https:\\\/\\\/amrtop.net\\\/\",\"name\":\"AMRTOP B2B \u00c9tranger - Achats r\u00e9serv\u00e9s au professionnel\",\"description\":\"Pi\u00e8ces de rechange et accessoires pour po\u00eales et chaudi\u00e8res - eCommerce B2B pour Clients Professionnels\",\"potentialAction\":[{\"@type\":\"SearchAction\",\"target\":{\"@type\":\"EntryPoint\",\"urlTemplate\":\"https:\\\/\\\/amrtop.net\\\/?s={search_term_string}\"},\"query-input\":{\"@type\":\"PropertyValueSpecification\",\"valueRequired\":true,\"valueName\":\"search_term_string\"}}],\"inLanguage\":\"de\"}]}<\/script>\n<!-- \/ Yoast SEO plugin. -->","yoast_head_json":{"title":"Koaxiale 90\u00b0-Vorlaufkurve mit Rauchgasentnahme","description":"Koaxiale Vorlaufkurve 90\u00b0 mit Rauchgasentnahme, Koaxiale Aufpreise Von 60\/100 Bis 80\/125 cxp gas kit ist eine Produktlinie, die speziell f\u00fcr die meisten Brennwertkessel entwickelt wurde.","robots":{"index":"index","follow":"follow","max-snippet":"max-snippet:-1","max-image-preview":"max-image-preview:large","max-video-preview":"max-video-preview:-1"},"canonical":"https:\/\/amrtop.net\/de\/produkt\/cxpg0820-koaxiale-90-abgangskurve-mit-rauchprobenentnahme\/","og_locale":"de_DE","og_type":"article","og_title":"Courbe de d\u00e9part coaxiale \u00e0 90\u00b0 avec pr\u00e9l\u00e8vement des fum\u00e9es","og_description":"Courbe de d\u00e9part coaxiale \u00e0 90\u00b0 avec pr\u00e9l\u00e8vement des fum\u00e9es, Majorations Coaxiales De 60\/100 \u00c0 80\/125 cxp gas kit est un ligne de produits sp\u00e9cialement r\u00e9alis\u00e9e pour etre adaptable\u00e0 la plupart des chaudi\u00e8res \u00e0 condensation","og_url":"https:\/\/amrtop.net\/de\/produkt\/cxpg0820-koaxiale-90-abgangskurve-mit-rauchprobenentnahme\/","og_site_name":"AMRTOP B2B \u00c9tranger - Achats r\u00e9serv\u00e9s au professionnel","article_modified_time":"2023-06-15T14:17:06+00:00","og_image":[{"width":640,"height":640,"url":"https:\/\/amrtop.net\/wp-content\/uploads\/2022\/06\/cxpg0820.jpg","type":"image\/jpeg"}],"twitter_card":"summary_large_image","twitter_misc":{"Gesch\u00e4tzte Lesezeit":"2\u00a0Minuten"},"schema":{"@context":"https:\/\/schema.org","@graph":[{"@type":"WebPage","@id":"https:\/\/amrtop.net\/produit\/cxpg0820-courbe-de-depart-coaxiale-a-90-avec-prelevement-des-fumees\/","url":"https:\/\/amrtop.net\/produit\/cxpg0820-courbe-de-depart-coaxiale-a-90-avec-prelevement-des-fumees\/","name":"Koaxiale 90\u00b0-Vorlaufkurve mit Rauchgasentnahme","isPartOf":{"@id":"https:\/\/amrtop.net\/#website"},"primaryImageOfPage":{"@id":"https:\/\/amrtop.net\/produit\/cxpg0820-courbe-de-depart-coaxiale-a-90-avec-prelevement-des-fumees\/#primaryimage"},"image":{"@id":"https:\/\/amrtop.net\/produit\/cxpg0820-courbe-de-depart-coaxiale-a-90-avec-prelevement-des-fumees\/#primaryimage"},"thumbnailUrl":"https:\/\/amrtop.net\/wp-content\/uploads\/2022\/06\/cxpg0820.jpg","datePublished":"2022-06-07T14:20:58+00:00","dateModified":"2023-06-15T14:17:06+00:00","description":"Koaxiale Vorlaufkurve 90\u00b0 mit Rauchgasentnahme, Koaxiale Aufpreise Von 60\/100 Bis 80\/125 cxp gas kit ist eine Produktlinie, die speziell f\u00fcr die meisten Brennwertkessel entwickelt wurde.","breadcrumb":{"@id":"https:\/\/amrtop.net\/produit\/cxpg0820-courbe-de-depart-coaxiale-a-90-avec-prelevement-des-fumees\/#breadcrumb"},"inLanguage":"de","potentialAction":[{"@type":"ReadAction","target":["https:\/\/amrtop.net\/produit\/cxpg0820-courbe-de-depart-coaxiale-a-90-avec-prelevement-des-fumees\/"]}]},{"@type":"ImageObject","inLanguage":"de","@id":"https:\/\/amrtop.net\/produit\/cxpg0820-courbe-de-depart-coaxiale-a-90-avec-prelevement-des-fumees\/#primaryimage","url":"https:\/\/amrtop.net\/wp-content\/uploads\/2022\/06\/cxpg0820.jpg","contentUrl":"https:\/\/amrtop.net\/wp-content\/uploads\/2022\/06\/cxpg0820.jpg","width":640,"height":640,"caption":"Curva-partenza coassiale 90\u00b0 prelievo-fumi"},{"@type":"BreadcrumbList","@id":"https:\/\/amrtop.net\/produit\/cxpg0820-courbe-de-depart-coaxiale-a-90-avec-prelevement-des-fumees\/#breadcrumb","itemListElement":[{"@type":"ListItem","position":1,"name":"Home","item":"https:\/\/amrtop.net\/"},{"@type":"ListItem","position":2,"name":"Shop","item":"https:\/\/amrtop.net\/negozio\/"},{"@type":"ListItem","position":3,"name":"CXPG0820 &#8211; Courbe de d\u00e9part coaxiale \u00e0 90\u00b0 avec pr\u00e9l\u00e8vement des fum\u00e9es"}]},{"@type":"WebSite","@id":"https:\/\/amrtop.net\/#website","url":"https:\/\/amrtop.net\/","name":"AMRTOP B2B Ausland - Einkaufen nur f\u00fcr Fachleute","description":"Ersatzteile und Zubeh\u00f6r f\u00fcr \u00d6fen und Heizkessel - B2B eCommerce f\u00fcr Gesch\u00e4ftskunden","potentialAction":[{"@type":"SearchAction","target":{"@type":"EntryPoint","urlTemplate":"https:\/\/amrtop.net\/?s={search_term_string}"},"query-input":{"@type":"PropertyValueSpecification","valueRequired":true,"valueName":"search_term_string"}}],"inLanguage":"de"}]}},"_links":{"self":[{"href":"https:\/\/amrtop.net\/de\/wp-json\/wp\/v2\/product\/30540","targetHints":{"allow":["GET"]}}],"collection":[{"href":"https:\/\/amrtop.net\/de\/wp-json\/wp\/v2\/product"}],"about":[{"href":"https:\/\/amrtop.net\/de\/wp-json\/wp\/v2\/types\/product"}],"replies":[{"embeddable":true,"href":"https:\/\/amrtop.net\/de\/wp-json\/wp\/v2\/comments?post=30540"}],"wp:featuredmedia":[{"embeddable":true,"href":"https:\/\/amrtop.net\/de\/wp-json\/wp\/v2\/media\/33493"}],"wp:attachment":[{"href":"https:\/\/amrtop.net\/de\/wp-json\/wp\/v2\/media?parent=30540"}],"wp:term":[{"taxonomy":"product_brand","embeddable":true,"href":"https:\/\/amrtop.net\/de\/wp-json\/wp\/v2\/product_brand?post=30540"},{"taxonomy":"product_cat","embeddable":true,"href":"https:\/\/amrtop.net\/de\/wp-json\/wp\/v2\/product_cat?post=30540"},{"taxonomy":"product_tag","embeddable":true,"href":"https:\/\/amrtop.net\/de\/wp-json\/wp\/v2\/product_tag?post=30540"}],"curies":[{"name":"wp","href":"https:\/\/api.w.org\/{rel}","templated":true}]}}