{"id":30632,"date":"2022-06-07T15:11:25","date_gmt":"2022-06-07T15:11:25","guid":{"rendered":"https:\/\/amrtop.com\/B2B\/?post_type=product&#038;p=30632"},"modified":"2023-06-16T12:56:14","modified_gmt":"2023-06-16T12:56:14","slug":"cxpg0931-koaxiale-vertikalschachte-durch-rauchprobenentnahme-60-100-80-125","status":"publish","type":"product","link":"https:\/\/amrtop.net\/de\/produit\/cxpg0931-departe-verticales-coaxiales-par-prelevement-de-fumees-60-100-80-125\/","title":{"rendered":"CXPG0931 - Koaxiale vertikale Rauchabz\u00fcge durch Rauchentnahme 60\/100 - 80\/125"},"content":{"rendered":"<p><strong>Koaxiale vertikale Weiche CXPG0931 <\/strong><\/p>\n<p><strong>Vertikale koaxiale Abz\u00fcge \u00f8 60 - 100 mm mit Rauchgasentnahme<\/strong><\/p>\n<p>Die koaxialen vertikalen Abg\u00e4nge mit Rauchgasentnahme sind 60 mm - 100 mm, 80 mm - und 125 mm f\u00fcr Brennwertkessel.<\/p>\n<p>Koaxialverteiler mit Rauchgasentnahme sind mit einem Anschluss f\u00fcr die Verbindung mit dem Heizkessel ausgestattet.<\/p>\n<p>Materialst\u00e4rke: Aluminium innen 1 mm und Aluminium au\u00dfen 1,2 mm<\/p>\n<ul>\n<li>Materialtyp: Aluminium innen und wei\u00dfes Aluminium au\u00dfen<\/li>\n<li>Rohrdurchmesser: pl 60 mm - pl 100 mm<\/li>\n<li>Au\u00dfen- und Innenfarbe: Wei\u00df gl\u00e4nzend<\/li>\n<\/ul>\n<p><strong>Geeignet f\u00fcr Gaskessel :<\/strong><\/p>\n<p>Bosch - Junkers - Buderus<\/p>\n<p><strong>Verwendung von Koaxialer Vertikaler Splitter CXPG0931 <\/strong><\/p>\n<p>Dieses koaxiale Rauchabzugssystem wird ausschlie\u00dflich f\u00fcr zivile W\u00e4rmeerzeuger verwendet, die mit herk\u00f6mmlichen gasf\u00f6rmigen Brennstoffen betrieben werden. Die maximale Temperatur der Verbrennungsgase darf 200 oC mit maximal zul\u00e4ssigen Spitzenwerten von 250 oC nicht \u00fcberschreiten.<\/p>\n<p><strong>Sortiment an Rauchsystemen von AMR TOP\u00a0\u00a0\u00a0\u00a0\u00a0\u00a0 <\/strong><\/p>\n<p><a href=\"https:\/\/amrtop.net\/de\/produktkategorie\/rauchkanale-2\/tuyaux-flexibles-en-acier-inoxydable\/\"><strong>TOP FLEX SP - Flexible Rohre aus gewelltem Edelstahl, ein- und doppelwandig<\/strong><\/a><\/p>\n<p><a href=\"https:\/\/amrtop.net\/de\/produktkategorie\/rauchkanale-2\/tube-rigide-monoparete-en-acier-inoxydable\/\"><strong>SP - Einwandiges starres Rohr aus Edelstahl AISI 316L<\/strong><\/a><\/p>\n<p><a href=\"https:\/\/amrtop.net\/de\/produktkategorie\/rauchkanale-2\/tube-flexible-inox-aisi-316-l-interieur-lisse-isole\/\"><strong>ISOTOP FLEX - Flexibles Rohr aus Edelstahl AISI 316L innen glatt isoliert \u00a0<\/strong><\/a><\/p>\n<p><a href=\"https:\/\/amrtop.net\/de\/produktkategorie\/rauchkanale-2\/dp-air-tube-double-paroi-inox-a-chambre-dair\/\"><strong>DP AIR - Doppelwandiges Edelstahlrohr mit Luftkammern<\/strong><\/a><\/p>\n<p><a href=\"https:\/\/amrtop.net\/de\/produktkategorie\/rauchkanale-2\/tube-coaxial-inox\/\"><strong>DP - Isoliertes doppelwandiges Rohr 10 mm - 25 mm<\/strong><\/a><\/p>\n<p><a href=\"https:\/\/amrtop.net\/de\/produktkategorie\/rauchkanale-2\/tube-coaxial-inox\/\"><strong>COAX TOP - Koaxialrohr aus Edelstahl aus PPS und PPS\/Edelstahl<\/strong><\/a><\/p>\n<p><a href=\"https:\/\/amrtop.net\/de\/produktkategorie\/rauchkanale-2\/tuyau-coaxial-inox-inox-black\/\"><strong>COAX PELLET - Koaxialrohr aus rostfreiem Stahl<\/strong><\/a><\/p>\n<p><strong><a href=\"https:\/\/amrtop.net\/de\/produktkategorie\/rauchkanale-2\/conduits-de-fumee-des-appareils-a-biomasse\/\">BIOM TOP - Rohre f\u00fcr Pellet- und Holz\u00f6fen<\/a><\/strong><\/p>\n<p><strong><a href=\"https:\/\/amrtop.net\/de\/produktkategorie\/rauchkanale-2\/alutop-tube-en-aluminium-flexible-extensible\/\">ALU TOP - Flexible ausziehbare Aluminiumrohre<\/a><\/strong><\/p>","protected":false},"excerpt":{"rendered":"<p>D\u00e9parte vertical coaxial CXPG0931 D\u00e9parts verticaux coaxiaux \u00f8 60 &#8211; 100 mm avec pr\u00e9l\u00e8vement des fum\u00e9es Les d\u00e9parts verticaux coaxiaux avec pr\u00e9l\u00e8vement des fum\u00e9es sont de 60 mm &#8211; pl es 100 mm, de 80 mm &#8211; et de 125 mm pour chaudi\u00e8res \u00e0 condensation. Les r\u00e9partiteurs coaxiaux avec pr\u00e9l\u00e8vement des fum\u00e9es sont \u00e9quip\u00e9s d\u2019un [&hellip;]<\/p>\n","protected":false},"featured_media":33501,"comment_status":"open","ping_status":"closed","template":"","meta":[],"product_brand":[],"product_cat":[1542,1546,1564],"product_tag":[],"class_list":{"0":"post-30632","1":"product","2":"type-product","3":"status-publish","4":"has-post-thumbnail","6":"product_cat-tube-coaxial-inox","7":"product_cat-cxp-gas-kit-kits-coaxiaux-et-accessoires-pour-chaudieres-a-condensation","8":"product_cat-departe-vertical-coaxial-avec-prelevement-des-fumees","10":"first","11":"instock","12":"shipping-taxable","13":"purchasable","14":"product-type-simple"},"yoast_head":"<!-- This site is optimized with the Yoast SEO plugin v27.4 - https:\/\/yoast.com\/product\/yoast-seo-wordpress\/ -->\n<title>D\u00e9parte vertical coaxial CXPG0931<\/title>\n<meta name=\"description\" content=\"D\u00e9parte vertical coaxial CXPG0931 - D\u00e9marrage vertical coaxial CXP-GAS-KIT est utilis\u00e9 exclusivement pour les g\u00e9n\u00e9rateurs de chaleur civils fonctionnant avec des combustibles\" \/>\n<meta name=\"robots\" content=\"index, follow, max-snippet:-1, max-image-preview:large, max-video-preview:-1\" \/>\n<link rel=\"canonical\" href=\"https:\/\/amrtop.net\/de\/produkt\/cxpg0931-koaxiale-vertikalschachte-durch-rauchprobenentnahme-60-100-80-125\/\" \/>\n<meta property=\"og:locale\" content=\"de_DE\" \/>\n<meta property=\"og:type\" content=\"article\" \/>\n<meta property=\"og:title\" content=\"D\u00e9parte vertical coaxial CXPG0931\" \/>\n<meta property=\"og:description\" content=\"D\u00e9parte vertical coaxial CXPG0931 - D\u00e9marrage vertical coaxial CXP-GAS-KIT est utilis\u00e9 exclusivement pour les g\u00e9n\u00e9rateurs de chaleur civils fonctionnant avec des combustibles\" \/>\n<meta property=\"og:url\" content=\"https:\/\/amrtop.net\/de\/produkt\/cxpg0931-koaxiale-vertikalschachte-durch-rauchprobenentnahme-60-100-80-125\/\" \/>\n<meta property=\"og:site_name\" content=\"AMRTOP B2B \u00c9tranger - Achats r\u00e9serv\u00e9s au professionnel\" \/>\n<meta property=\"article:modified_time\" content=\"2023-06-16T12:56:14+00:00\" \/>\n<meta property=\"og:image\" content=\"https:\/\/amrtop.net\/wp-content\/uploads\/2022\/06\/cxpg0931.jpg\" \/>\n\t<meta property=\"og:image:width\" content=\"640\" \/>\n\t<meta property=\"og:image:height\" content=\"640\" \/>\n\t<meta property=\"og:image:type\" content=\"image\/jpeg\" \/>\n<meta name=\"twitter:card\" content=\"summary_large_image\" \/>\n<meta name=\"twitter:label1\" content=\"Gesch\u00e4tzte Lesezeit\" \/>\n\t<meta name=\"twitter:data1\" content=\"2\u00a0Minuten\" \/>\n<script type=\"application\/ld+json\" class=\"yoast-schema-graph\">{\"@context\":\"https:\\\/\\\/schema.org\",\"@graph\":[{\"@type\":\"WebPage\",\"@id\":\"https:\\\/\\\/amrtop.net\\\/produit\\\/cxpg0931-departe-verticales-coaxiales-par-prelevement-de-fumees-60-100-80-125\\\/\",\"url\":\"https:\\\/\\\/amrtop.net\\\/produit\\\/cxpg0931-departe-verticales-coaxiales-par-prelevement-de-fumees-60-100-80-125\\\/\",\"name\":\"D\u00e9parte vertical coaxial CXPG0931\",\"isPartOf\":{\"@id\":\"https:\\\/\\\/amrtop.net\\\/#website\"},\"primaryImageOfPage\":{\"@id\":\"https:\\\/\\\/amrtop.net\\\/produit\\\/cxpg0931-departe-verticales-coaxiales-par-prelevement-de-fumees-60-100-80-125\\\/#primaryimage\"},\"image\":{\"@id\":\"https:\\\/\\\/amrtop.net\\\/produit\\\/cxpg0931-departe-verticales-coaxiales-par-prelevement-de-fumees-60-100-80-125\\\/#primaryimage\"},\"thumbnailUrl\":\"https:\\\/\\\/amrtop.net\\\/wp-content\\\/uploads\\\/2022\\\/06\\\/cxpg0931.jpg\",\"datePublished\":\"2022-06-07T15:11:25+00:00\",\"dateModified\":\"2023-06-16T12:56:14+00:00\",\"description\":\"D\u00e9parte vertical coaxial CXPG0931 - D\u00e9marrage vertical coaxial CXP-GAS-KIT est utilis\u00e9 exclusivement pour les g\u00e9n\u00e9rateurs de chaleur civils fonctionnant avec des combustibles\",\"breadcrumb\":{\"@id\":\"https:\\\/\\\/amrtop.net\\\/produit\\\/cxpg0931-departe-verticales-coaxiales-par-prelevement-de-fumees-60-100-80-125\\\/#breadcrumb\"},\"inLanguage\":\"de\",\"potentialAction\":[{\"@type\":\"ReadAction\",\"target\":[\"https:\\\/\\\/amrtop.net\\\/produit\\\/cxpg0931-departe-verticales-coaxiales-par-prelevement-de-fumees-60-100-80-125\\\/\"]}]},{\"@type\":\"ImageObject\",\"inLanguage\":\"de\",\"@id\":\"https:\\\/\\\/amrtop.net\\\/produit\\\/cxpg0931-departe-verticales-coaxiales-par-prelevement-de-fumees-60-100-80-125\\\/#primaryimage\",\"url\":\"https:\\\/\\\/amrtop.net\\\/wp-content\\\/uploads\\\/2022\\\/06\\\/cxpg0931.jpg\",\"contentUrl\":\"https:\\\/\\\/amrtop.net\\\/wp-content\\\/uploads\\\/2022\\\/06\\\/cxpg0931.jpg\",\"width\":640,\"height\":640,\"caption\":\"D\u00e9parte vertical coaxial CXPG0932 - D\u00e9marrage vertical coaxial CXP-GAS-KIT est utilis\u00e9 exclusivement pour les g\u00e9n\u00e9rateurs de chaleur civils fonctionnant avec des combustibles\"},{\"@type\":\"BreadcrumbList\",\"@id\":\"https:\\\/\\\/amrtop.net\\\/produit\\\/cxpg0931-departe-verticales-coaxiales-par-prelevement-de-fumees-60-100-80-125\\\/#breadcrumb\",\"itemListElement\":[{\"@type\":\"ListItem\",\"position\":1,\"name\":\"Home\",\"item\":\"https:\\\/\\\/amrtop.net\\\/\"},{\"@type\":\"ListItem\",\"position\":2,\"name\":\"Shop\",\"item\":\"https:\\\/\\\/amrtop.net\\\/negozio\\\/\"},{\"@type\":\"ListItem\",\"position\":3,\"name\":\"CXPG0931 &#8211; D\u00e9parte verticales coaxiales par pr\u00e9l\u00e8vement de fum\u00e9es 60\\\/100 &#8211; 80\\\/125\"}]},{\"@type\":\"WebSite\",\"@id\":\"https:\\\/\\\/amrtop.net\\\/#website\",\"url\":\"https:\\\/\\\/amrtop.net\\\/\",\"name\":\"AMRTOP B2B \u00c9tranger - Achats r\u00e9serv\u00e9s au professionnel\",\"description\":\"Pi\u00e8ces de rechange et accessoires pour po\u00eales et chaudi\u00e8res - eCommerce B2B pour Clients Professionnels\",\"potentialAction\":[{\"@type\":\"SearchAction\",\"target\":{\"@type\":\"EntryPoint\",\"urlTemplate\":\"https:\\\/\\\/amrtop.net\\\/?s={search_term_string}\"},\"query-input\":{\"@type\":\"PropertyValueSpecification\",\"valueRequired\":true,\"valueName\":\"search_term_string\"}}],\"inLanguage\":\"de\"}]}<\/script>\n<!-- \/ Yoast SEO plugin. -->","yoast_head_json":{"title":"Koaxiale vertikale Weiche CXPG0931","description":"D\u00e9parte vertical coaxial CXPG0931 - D\u00e9marrage vertical coaxial CXP-GAS-KIT est utilis\u00e9 exclusivement pour les g\u00e9n\u00e9rateurs de chaleur civils fonctionnant avec des combustibles","robots":{"index":"index","follow":"follow","max-snippet":"max-snippet:-1","max-image-preview":"max-image-preview:large","max-video-preview":"max-video-preview:-1"},"canonical":"https:\/\/amrtop.net\/de\/produkt\/cxpg0931-koaxiale-vertikalschachte-durch-rauchprobenentnahme-60-100-80-125\/","og_locale":"de_DE","og_type":"article","og_title":"D\u00e9parte vertical coaxial CXPG0931","og_description":"D\u00e9parte vertical coaxial CXPG0931 - D\u00e9marrage vertical coaxial CXP-GAS-KIT est utilis\u00e9 exclusivement pour les g\u00e9n\u00e9rateurs de chaleur civils fonctionnant avec des combustibles","og_url":"https:\/\/amrtop.net\/de\/produkt\/cxpg0931-koaxiale-vertikalschachte-durch-rauchprobenentnahme-60-100-80-125\/","og_site_name":"AMRTOP B2B \u00c9tranger - Achats r\u00e9serv\u00e9s au professionnel","article_modified_time":"2023-06-16T12:56:14+00:00","og_image":[{"width":640,"height":640,"url":"https:\/\/amrtop.net\/wp-content\/uploads\/2022\/06\/cxpg0931.jpg","type":"image\/jpeg"}],"twitter_card":"summary_large_image","twitter_misc":{"Gesch\u00e4tzte Lesezeit":"2\u00a0Minuten"},"schema":{"@context":"https:\/\/schema.org","@graph":[{"@type":"WebPage","@id":"https:\/\/amrtop.net\/produit\/cxpg0931-departe-verticales-coaxiales-par-prelevement-de-fumees-60-100-80-125\/","url":"https:\/\/amrtop.net\/produit\/cxpg0931-departe-verticales-coaxiales-par-prelevement-de-fumees-60-100-80-125\/","name":"Koaxiale vertikale Weiche CXPG0931","isPartOf":{"@id":"https:\/\/amrtop.net\/#website"},"primaryImageOfPage":{"@id":"https:\/\/amrtop.net\/produit\/cxpg0931-departe-verticales-coaxiales-par-prelevement-de-fumees-60-100-80-125\/#primaryimage"},"image":{"@id":"https:\/\/amrtop.net\/produit\/cxpg0931-departe-verticales-coaxiales-par-prelevement-de-fumees-60-100-80-125\/#primaryimage"},"thumbnailUrl":"https:\/\/amrtop.net\/wp-content\/uploads\/2022\/06\/cxpg0931.jpg","datePublished":"2022-06-07T15:11:25+00:00","dateModified":"2023-06-16T12:56:14+00:00","description":"D\u00e9parte vertical coaxial CXPG0931 - D\u00e9marrage vertical coaxial CXP-GAS-KIT est utilis\u00e9 exclusivement pour les g\u00e9n\u00e9rateurs de chaleur civils fonctionnant avec des combustibles","breadcrumb":{"@id":"https:\/\/amrtop.net\/produit\/cxpg0931-departe-verticales-coaxiales-par-prelevement-de-fumees-60-100-80-125\/#breadcrumb"},"inLanguage":"de","potentialAction":[{"@type":"ReadAction","target":["https:\/\/amrtop.net\/produit\/cxpg0931-departe-verticales-coaxiales-par-prelevement-de-fumees-60-100-80-125\/"]}]},{"@type":"ImageObject","inLanguage":"de","@id":"https:\/\/amrtop.net\/produit\/cxpg0931-departe-verticales-coaxiales-par-prelevement-de-fumees-60-100-80-125\/#primaryimage","url":"https:\/\/amrtop.net\/wp-content\/uploads\/2022\/06\/cxpg0931.jpg","contentUrl":"https:\/\/amrtop.net\/wp-content\/uploads\/2022\/06\/cxpg0931.jpg","width":640,"height":640,"caption":"D\u00e9parte vertical coaxial CXPG0932 - D\u00e9marrage vertical coaxial CXP-GAS-KIT est utilis\u00e9 exclusivement pour les g\u00e9n\u00e9rateurs de chaleur civils fonctionnant avec des combustibles"},{"@type":"BreadcrumbList","@id":"https:\/\/amrtop.net\/produit\/cxpg0931-departe-verticales-coaxiales-par-prelevement-de-fumees-60-100-80-125\/#breadcrumb","itemListElement":[{"@type":"ListItem","position":1,"name":"Home","item":"https:\/\/amrtop.net\/"},{"@type":"ListItem","position":2,"name":"Shop","item":"https:\/\/amrtop.net\/negozio\/"},{"@type":"ListItem","position":3,"name":"CXPG0931 &#8211; D\u00e9parte verticales coaxiales par pr\u00e9l\u00e8vement de fum\u00e9es 60\/100 &#8211; 80\/125"}]},{"@type":"WebSite","@id":"https:\/\/amrtop.net\/#website","url":"https:\/\/amrtop.net\/","name":"AMRTOP B2B Ausland - Einkaufen nur f\u00fcr Fachleute","description":"Ersatzteile und Zubeh\u00f6r f\u00fcr \u00d6fen und Heizkessel - B2B eCommerce f\u00fcr Gesch\u00e4ftskunden","potentialAction":[{"@type":"SearchAction","target":{"@type":"EntryPoint","urlTemplate":"https:\/\/amrtop.net\/?s={search_term_string}"},"query-input":{"@type":"PropertyValueSpecification","valueRequired":true,"valueName":"search_term_string"}}],"inLanguage":"de"}]}},"_links":{"self":[{"href":"https:\/\/amrtop.net\/de\/wp-json\/wp\/v2\/product\/30632","targetHints":{"allow":["GET"]}}],"collection":[{"href":"https:\/\/amrtop.net\/de\/wp-json\/wp\/v2\/product"}],"about":[{"href":"https:\/\/amrtop.net\/de\/wp-json\/wp\/v2\/types\/product"}],"replies":[{"embeddable":true,"href":"https:\/\/amrtop.net\/de\/wp-json\/wp\/v2\/comments?post=30632"}],"wp:featuredmedia":[{"embeddable":true,"href":"https:\/\/amrtop.net\/de\/wp-json\/wp\/v2\/media\/33501"}],"wp:attachment":[{"href":"https:\/\/amrtop.net\/de\/wp-json\/wp\/v2\/media?parent=30632"}],"wp:term":[{"taxonomy":"product_brand","embeddable":true,"href":"https:\/\/amrtop.net\/de\/wp-json\/wp\/v2\/product_brand?post=30632"},{"taxonomy":"product_cat","embeddable":true,"href":"https:\/\/amrtop.net\/de\/wp-json\/wp\/v2\/product_cat?post=30632"},{"taxonomy":"product_tag","embeddable":true,"href":"https:\/\/amrtop.net\/de\/wp-json\/wp\/v2\/product_tag?post=30632"}],"curies":[{"name":"wp","href":"https:\/\/api.w.org\/{rel}","templated":true}]}}