{"id":30747,"date":"2022-06-08T09:56:56","date_gmt":"2022-06-08T09:56:56","guid":{"rendered":"https:\/\/amrtop.com\/B2B\/?post_type=product&#038;p=30747"},"modified":"2023-06-16T09:38:57","modified_gmt":"2023-06-16T09:38:57","slug":"cxpg1149-repartiteur-coaxial-de-60-100-80-125f-a-80-80-avec-prelevement-des-fumees","status":"publish","type":"product","link":"https:\/\/amrtop.net\/de\/produit\/cxpg1149-repartiteur-coaxial-de-60-100-80-125f-a-80-80-avec-prelevement-des-fumees\/","title":{"rendered":"CXPG1149 - Koaxialer Verteiler von 60\/100 - 80\/125F a 80\/80 mit Rauchgasentnahme"},"content":{"rendered":"<p><strong>Geeignet f\u00fcr Gaskessel :<\/strong> Saunier Duval &#8211; Hermann<\/p>\n<h3>Koaxialverteiler von 60\/100 - 80\/125F a 80\/80 mit Rauchgasentnahme<\/h3>\n<p>Die Koaxialverteiler mit Rauchgasentnahme sind 60 mm - m\u00b2 100 mm, 80 mm - m\u00b2 und 125 mm f\u00fcr Brennwertkessel.  Die Koaxialverteiler mit Rauchgasentnahme sind mit einem Anschluss f\u00fcr die Verbindung mit dem Heizkessel ausgestattet. Sie sind au\u00dferdem alle mit einer kleinen Pr\u00e4disposition f\u00fcr die Rauchgasentnahme ausgestattet.<\/p>\n<ul>\n<li>Materialst\u00e4rke: Aluminium innen 1 mm und Aluminium au\u00dfen 1,2 mm<\/li>\n<li>Materialtyp: Aluminium innen und wei\u00dfes Aluminium au\u00dfen<\/li>\n<li>Rohrdurchmesser: pl 60 mm - pl 100 mm<\/li>\n<li>Au\u00dfen- und Innenfarbe: Wei\u00df gl\u00e4nzend<\/li>\n<\/ul>\n<h3>Kompatibilit\u00e4t mit den folgenden Herstellern<\/h3>\n<p>Ferroli - Baltur - Biasi - Radiant - Joannes - Ici - Savio - Unical - Euroterm- Arca - Lamborghini - Sime - Fondital - Stargas - Mcn - Italtherm - Artherm - Beretta - Riello - Sylber - Baxi - Argo - Roca - Viessmann - Bosch - Junkers - Vaillant - Chaffeteaux - Ariston - Radi - Simat - NewFar - Ecoflam - Elco - Saunier Duval - Hermann - Cosmogas - Intergas - Atlantique<\/p>\n<h3>Verwendung des Koaxialverteilers 60\/100-80\/125F-80\/80<\/h3>\n<p>Dieses koaxiale Rauchabzugssystem wird ausschlie\u00dflich f\u00fcr zivile W\u00e4rmeerzeuger verwendet, die mit herk\u00f6mmlichen gasf\u00f6rmigen Brennstoffen betrieben werden. Die maximale Temperatur der Verbrennungsgase darf 200 \u00baC mit maximal zul\u00e4ssigen Spitzenwerten von 250 \u00baC nicht \u00fcberschreiten.<\/p>\n<h3>H\u00e4uslich<\/h3>\n<p><a href=\"https:\/\/wekos.it\/\">Holz\u00f6fen, Herde und Heizk\u00f6rper - Kamine, \u00d6fen, Heizk\u00f6rper und Pelletkessel.<\/a><\/p>\n<h3><strong>Sortiment an Rauchsystemen von AMR TOP \u00a0\u00a0\u00a0 \u00a0 \u00a0 \u00a0 \u00a0 \u00a0 \u00a0 \u00a0 \u00a0 \u00a0 \u00a0 \u00a0 \u00a0 \u00a0 \u00a0 \u00a0 \u00a0 \u00a0 \u00a0 \u00a0 \u00a0 \u00a0 \u00a0 \u00a0 \u00a0 \u00a0 \u00a0 \u00a0 \u00a0 \u00a0 \u00a0 \u00a0 \u00a0 \u00a0 \u00a0 \u00a0 \u00a0 \u00a0 \u00a0 \u00a0 \u00a0 \u00a0 \u00a0 \u00a0 \u00a0 \u00a0 \u00a0 \u00a0 \u00a0 \u00a0 \u00a0 \u00a0 \u00a0 \u00a0 \u00a0 \u00a0<\/strong><\/h3>\n<p><a href=\"https:\/\/amrtop.net\/de\/produktkategorie\/rauchkanale-2\/tuyaux-flexibles-en-acier-inoxydable\/\"><strong>TOP FLEX SP - Flexible Rohre aus gewelltem Edelstahl, ein- und doppelwandig<\/strong><\/a><\/p>\n<p><a href=\"https:\/\/amrtop.net\/de\/produktkategorie\/rauchkanale-2\/tube-rigide-monoparete-en-acier-inoxydable\/\"><strong>SP - Einwandiges starres Rohr aus Edelstahl AISI 316L<\/strong><\/a><\/p>\n<p><strong><u><a href=\"https:\/\/amrtop.net\/de\/produktkategorie\/rauchkanale-2\/tube-flexible-inox-aisi-316-l-interieur-lisse-isole\/\">ISOTOP FLEX - Flexibles Rohr aus Edelstahl AISI 316L innen glatt isoliert \u00a0<\/a><\/u><\/strong><\/p>\n<p><strong><u><a href=\"https:\/\/amrtop.net\/de\/produktkategorie\/rauchkanale-2\/dp-air-tube-double-paroi-inox-a-chambre-dair\/\">DP AIR - Doppelwandiges Edelstahlrohr mit Luftkammern<\/a><\/u><\/strong><\/p>\n<p><strong><u><a href=\"https:\/\/amrtop.net\/de\/produktkategorie\/rauchkanale-2\/tube-coaxial-inox\/\">DP - Isoliertes doppelwandiges Rohr 10 mm - 25 mm<\/a><\/u><\/strong><\/p>\n<p><strong><a href=\"https:\/\/amrtop.net\/de\/produktkategorie\/rauchkanale-2\/tube-coaxial-inox\/\">COAX TOP - Koaxialrohr aus Edelstahl aus PPS und PPS\/Edelstahl<\/a><\/strong><\/p>\n<p><strong><u><a href=\"https:\/\/amrtop.net\/de\/produktkategorie\/rauchkanale-2\/tuyau-coaxial-inox-inox-black\/\">COAX PELLET - Koaxialrohr aus rostfreiem Stahl<\/a><\/u><\/strong><\/p>\n<p><strong><u><a href=\"https:\/\/amrtop.net\/de\/produktkategorie\/rauchkanale-2\/conduits-de-fumee-des-appareils-a-biomasse\/\">BIOM TOP - Rohre f\u00fcr Pellet- und Holz\u00f6fen<\/a><\/u><\/strong><\/p>\n<p><strong><u><a href=\"https:\/\/amrtop.net\/de\/produktkategorie\/rauchkanale-2\/alutop-tube-en-aluminium-flexible-extensible\/\">ALU TOP - Flexibles, ausziehbares Aluminiumrohr<\/a><\/u><\/strong><strong>\u00a0 \u00a0\u00a0<\/strong><\/p>","protected":false},"excerpt":{"rendered":"<p>Adaptables aux chaudi\u00e8res \u00e0 gaz\u00a0: Saunier Duval &#8211; Hermann R\u00e9partiteur coaxial de 60\/100 \u2013 80\/125F a 80\/80 avec pr\u00e9l\u00e8vement des fum\u00e9es Les r\u00e9partiteurs coaxiaux avec pr\u00e9l\u00e8vement des fum\u00e9es sont de 60 mm \u2013 m\u00b2 100 mm, de 80 mm \u2013 m\u00b2 et de 125 mm pour chaudi\u00e8res \u00e0 condensation.\u00a0 Les r\u00e9partiteurs coaxiaux avec pr\u00e9l\u00e8vement des [&hellip;]<\/p>\n","protected":false},"featured_media":33512,"comment_status":"open","ping_status":"closed","template":"","meta":[],"product_brand":[],"product_cat":[1542,1546,1565],"product_tag":[],"class_list":{"0":"post-30747","1":"product","2":"type-product","3":"status-publish","4":"has-post-thumbnail","6":"product_cat-tube-coaxial-inox","7":"product_cat-cxp-gas-kit-kits-coaxiaux-et-accessoires-pour-chaudieres-a-condensation","8":"product_cat-separateurs-coasssiaux-avec-prelevement-des-fumees","10":"first","11":"instock","12":"shipping-taxable","13":"purchasable","14":"product-type-simple"},"yoast_head":"<!-- This site is optimized with the Yoast SEO plugin v27.5 - https:\/\/yoast.com\/product\/yoast-seo-wordpress\/ -->\n<title>R\u00e9partiteur coaxial de 60\/100 \u2013 80\/125F a 80\/80 avec pr\u00e9l\u00e8vement des fum\u00e9es<\/title>\n<meta name=\"description\" content=\"R\u00e9partiteur coaxial de 60\/100 \u2013 80\/125F a 80\/80 avec pr\u00e9l\u00e8vement des fum\u00e9es Majorations Coaxiales De 60\/100 \u00c0 80\/125 cxp gas kit est un ligne de produits sp\u00e9cialement r\u00e9alis\u00e9e pour etre adaptable\u00e0 la plupart des chaudi\u00e8res \u00e0 condensation\" \/>\n<meta name=\"robots\" content=\"index, follow, max-snippet:-1, max-image-preview:large, max-video-preview:-1\" \/>\n<link rel=\"canonical\" href=\"https:\/\/amrtop.net\/de\/produkt\/cxpg1149-repartiteur-coaxial-de-60-100-80-125f-a-80-80-avec-prelevement-des-fumees\/\" \/>\n<meta property=\"og:locale\" content=\"de_DE\" \/>\n<meta property=\"og:type\" content=\"article\" \/>\n<meta property=\"og:title\" content=\"R\u00e9partiteur coaxial de 60\/100 \u2013 80\/125F a 80\/80 avec pr\u00e9l\u00e8vement des fum\u00e9es\" \/>\n<meta property=\"og:description\" content=\"R\u00e9partiteur coaxial de 60\/100 \u2013 80\/125F a 80\/80 avec pr\u00e9l\u00e8vement des fum\u00e9es Majorations Coaxiales De 60\/100 \u00c0 80\/125 cxp gas kit est un ligne de produits sp\u00e9cialement r\u00e9alis\u00e9e pour etre adaptable\u00e0 la plupart des chaudi\u00e8res \u00e0 condensation\" \/>\n<meta property=\"og:url\" content=\"https:\/\/amrtop.net\/de\/produkt\/cxpg1149-repartiteur-coaxial-de-60-100-80-125f-a-80-80-avec-prelevement-des-fumees\/\" \/>\n<meta property=\"og:site_name\" content=\"AMRTOP B2B \u00c9tranger - Achats r\u00e9serv\u00e9s au professionnel\" \/>\n<meta property=\"article:modified_time\" content=\"2023-06-16T09:38:57+00:00\" \/>\n<meta property=\"og:image\" content=\"https:\/\/amrtop.net\/wp-content\/uploads\/2022\/06\/cxpg1149.jpg\" \/>\n\t<meta property=\"og:image:width\" content=\"640\" \/>\n\t<meta property=\"og:image:height\" content=\"640\" \/>\n\t<meta property=\"og:image:type\" content=\"image\/jpeg\" \/>\n<meta name=\"twitter:card\" content=\"summary_large_image\" \/>\n<meta name=\"twitter:label1\" content=\"Gesch\u00e4tzte Lesezeit\" \/>\n\t<meta name=\"twitter:data1\" content=\"2\u00a0Minuten\" \/>\n<script type=\"application\/ld+json\" class=\"yoast-schema-graph\">{\"@context\":\"https:\\\/\\\/schema.org\",\"@graph\":[{\"@type\":\"WebPage\",\"@id\":\"https:\\\/\\\/amrtop.net\\\/produit\\\/cxpg1149-repartiteur-coaxial-de-60-100-80-125f-a-80-80-avec-prelevement-des-fumees\\\/\",\"url\":\"https:\\\/\\\/amrtop.net\\\/produit\\\/cxpg1149-repartiteur-coaxial-de-60-100-80-125f-a-80-80-avec-prelevement-des-fumees\\\/\",\"name\":\"R\u00e9partiteur coaxial de 60\\\/100 \u2013 80\\\/125F a 80\\\/80 avec pr\u00e9l\u00e8vement des fum\u00e9es\",\"isPartOf\":{\"@id\":\"https:\\\/\\\/amrtop.net\\\/#website\"},\"primaryImageOfPage\":{\"@id\":\"https:\\\/\\\/amrtop.net\\\/produit\\\/cxpg1149-repartiteur-coaxial-de-60-100-80-125f-a-80-80-avec-prelevement-des-fumees\\\/#primaryimage\"},\"image\":{\"@id\":\"https:\\\/\\\/amrtop.net\\\/produit\\\/cxpg1149-repartiteur-coaxial-de-60-100-80-125f-a-80-80-avec-prelevement-des-fumees\\\/#primaryimage\"},\"thumbnailUrl\":\"https:\\\/\\\/amrtop.net\\\/wp-content\\\/uploads\\\/2022\\\/06\\\/cxpg1149.jpg\",\"datePublished\":\"2022-06-08T09:56:56+00:00\",\"dateModified\":\"2023-06-16T09:38:57+00:00\",\"description\":\"R\u00e9partiteur coaxial de 60\\\/100 \u2013 80\\\/125F a 80\\\/80 avec pr\u00e9l\u00e8vement des fum\u00e9es Majorations Coaxiales De 60\\\/100 \u00c0 80\\\/125 cxp gas kit est un ligne de produits sp\u00e9cialement r\u00e9alis\u00e9e pour etre adaptable\u00e0 la plupart des chaudi\u00e8res \u00e0 condensation\",\"breadcrumb\":{\"@id\":\"https:\\\/\\\/amrtop.net\\\/produit\\\/cxpg1149-repartiteur-coaxial-de-60-100-80-125f-a-80-80-avec-prelevement-des-fumees\\\/#breadcrumb\"},\"inLanguage\":\"de\",\"potentialAction\":[{\"@type\":\"ReadAction\",\"target\":[\"https:\\\/\\\/amrtop.net\\\/produit\\\/cxpg1149-repartiteur-coaxial-de-60-100-80-125f-a-80-80-avec-prelevement-des-fumees\\\/\"]}]},{\"@type\":\"ImageObject\",\"inLanguage\":\"de\",\"@id\":\"https:\\\/\\\/amrtop.net\\\/produit\\\/cxpg1149-repartiteur-coaxial-de-60-100-80-125f-a-80-80-avec-prelevement-des-fumees\\\/#primaryimage\",\"url\":\"https:\\\/\\\/amrtop.net\\\/wp-content\\\/uploads\\\/2022\\\/06\\\/cxpg1149.jpg\",\"contentUrl\":\"https:\\\/\\\/amrtop.net\\\/wp-content\\\/uploads\\\/2022\\\/06\\\/cxpg1149.jpg\",\"width\":640,\"height\":640,\"caption\":\"Sdoppiatore coassiale-da 60\\\/100 80\\\/125F-80\\\/80\"},{\"@type\":\"BreadcrumbList\",\"@id\":\"https:\\\/\\\/amrtop.net\\\/produit\\\/cxpg1149-repartiteur-coaxial-de-60-100-80-125f-a-80-80-avec-prelevement-des-fumees\\\/#breadcrumb\",\"itemListElement\":[{\"@type\":\"ListItem\",\"position\":1,\"name\":\"Home\",\"item\":\"https:\\\/\\\/amrtop.net\\\/\"},{\"@type\":\"ListItem\",\"position\":2,\"name\":\"Shop\",\"item\":\"https:\\\/\\\/amrtop.net\\\/negozio\\\/\"},{\"@type\":\"ListItem\",\"position\":3,\"name\":\"CXPG1149 &#8211; R\u00e9partiteur coaxial de 60\\\/100 \u2013 80\\\/125F a 80\\\/80 avec pr\u00e9l\u00e8vement des fum\u00e9es\"}]},{\"@type\":\"WebSite\",\"@id\":\"https:\\\/\\\/amrtop.net\\\/#website\",\"url\":\"https:\\\/\\\/amrtop.net\\\/\",\"name\":\"AMRTOP B2B \u00c9tranger - Achats r\u00e9serv\u00e9s au professionnel\",\"description\":\"Pi\u00e8ces de rechange et accessoires pour po\u00eales et chaudi\u00e8res - eCommerce B2B pour Clients Professionnels\",\"potentialAction\":[{\"@type\":\"SearchAction\",\"target\":{\"@type\":\"EntryPoint\",\"urlTemplate\":\"https:\\\/\\\/amrtop.net\\\/?s={search_term_string}\"},\"query-input\":{\"@type\":\"PropertyValueSpecification\",\"valueRequired\":true,\"valueName\":\"search_term_string\"}}],\"inLanguage\":\"de\"}]}<\/script>\n<!-- \/ Yoast SEO plugin. -->","yoast_head_json":{"title":"Koaxialverteiler von 60\/100 - 80\/125F a 80\/80 mit Rauchgasentnahme","description":"R\u00e9partiteur coaxial de 60\/100 \u2013 80\/125F a 80\/80 avec pr\u00e9l\u00e8vement des fum\u00e9es Majorations Coaxiales De 60\/100 \u00c0 80\/125 cxp gas kit est un ligne de produits sp\u00e9cialement r\u00e9alis\u00e9e pour etre adaptable\u00e0 la plupart des chaudi\u00e8res \u00e0 condensation","robots":{"index":"index","follow":"follow","max-snippet":"max-snippet:-1","max-image-preview":"max-image-preview:large","max-video-preview":"max-video-preview:-1"},"canonical":"https:\/\/amrtop.net\/de\/produkt\/cxpg1149-repartiteur-coaxial-de-60-100-80-125f-a-80-80-avec-prelevement-des-fumees\/","og_locale":"de_DE","og_type":"article","og_title":"R\u00e9partiteur coaxial de 60\/100 \u2013 80\/125F a 80\/80 avec pr\u00e9l\u00e8vement des fum\u00e9es","og_description":"R\u00e9partiteur coaxial de 60\/100 \u2013 80\/125F a 80\/80 avec pr\u00e9l\u00e8vement des fum\u00e9es Majorations Coaxiales De 60\/100 \u00c0 80\/125 cxp gas kit est un ligne de produits sp\u00e9cialement r\u00e9alis\u00e9e pour etre adaptable\u00e0 la plupart des chaudi\u00e8res \u00e0 condensation","og_url":"https:\/\/amrtop.net\/de\/produkt\/cxpg1149-repartiteur-coaxial-de-60-100-80-125f-a-80-80-avec-prelevement-des-fumees\/","og_site_name":"AMRTOP B2B \u00c9tranger - Achats r\u00e9serv\u00e9s au professionnel","article_modified_time":"2023-06-16T09:38:57+00:00","og_image":[{"width":640,"height":640,"url":"https:\/\/amrtop.net\/wp-content\/uploads\/2022\/06\/cxpg1149.jpg","type":"image\/jpeg"}],"twitter_card":"summary_large_image","twitter_misc":{"Gesch\u00e4tzte Lesezeit":"2\u00a0Minuten"},"schema":{"@context":"https:\/\/schema.org","@graph":[{"@type":"WebPage","@id":"https:\/\/amrtop.net\/produit\/cxpg1149-repartiteur-coaxial-de-60-100-80-125f-a-80-80-avec-prelevement-des-fumees\/","url":"https:\/\/amrtop.net\/produit\/cxpg1149-repartiteur-coaxial-de-60-100-80-125f-a-80-80-avec-prelevement-des-fumees\/","name":"Koaxialverteiler von 60\/100 - 80\/125F a 80\/80 mit Rauchgasentnahme","isPartOf":{"@id":"https:\/\/amrtop.net\/#website"},"primaryImageOfPage":{"@id":"https:\/\/amrtop.net\/produit\/cxpg1149-repartiteur-coaxial-de-60-100-80-125f-a-80-80-avec-prelevement-des-fumees\/#primaryimage"},"image":{"@id":"https:\/\/amrtop.net\/produit\/cxpg1149-repartiteur-coaxial-de-60-100-80-125f-a-80-80-avec-prelevement-des-fumees\/#primaryimage"},"thumbnailUrl":"https:\/\/amrtop.net\/wp-content\/uploads\/2022\/06\/cxpg1149.jpg","datePublished":"2022-06-08T09:56:56+00:00","dateModified":"2023-06-16T09:38:57+00:00","description":"R\u00e9partiteur coaxial de 60\/100 \u2013 80\/125F a 80\/80 avec pr\u00e9l\u00e8vement des fum\u00e9es Majorations Coaxiales De 60\/100 \u00c0 80\/125 cxp gas kit est un ligne de produits sp\u00e9cialement r\u00e9alis\u00e9e pour etre adaptable\u00e0 la plupart des chaudi\u00e8res \u00e0 condensation","breadcrumb":{"@id":"https:\/\/amrtop.net\/produit\/cxpg1149-repartiteur-coaxial-de-60-100-80-125f-a-80-80-avec-prelevement-des-fumees\/#breadcrumb"},"inLanguage":"de","potentialAction":[{"@type":"ReadAction","target":["https:\/\/amrtop.net\/produit\/cxpg1149-repartiteur-coaxial-de-60-100-80-125f-a-80-80-avec-prelevement-des-fumees\/"]}]},{"@type":"ImageObject","inLanguage":"de","@id":"https:\/\/amrtop.net\/produit\/cxpg1149-repartiteur-coaxial-de-60-100-80-125f-a-80-80-avec-prelevement-des-fumees\/#primaryimage","url":"https:\/\/amrtop.net\/wp-content\/uploads\/2022\/06\/cxpg1149.jpg","contentUrl":"https:\/\/amrtop.net\/wp-content\/uploads\/2022\/06\/cxpg1149.jpg","width":640,"height":640,"caption":"Sdoppiatore coassiale-da 60\/100 80\/125F-80\/80"},{"@type":"BreadcrumbList","@id":"https:\/\/amrtop.net\/produit\/cxpg1149-repartiteur-coaxial-de-60-100-80-125f-a-80-80-avec-prelevement-des-fumees\/#breadcrumb","itemListElement":[{"@type":"ListItem","position":1,"name":"Home","item":"https:\/\/amrtop.net\/"},{"@type":"ListItem","position":2,"name":"Shop","item":"https:\/\/amrtop.net\/negozio\/"},{"@type":"ListItem","position":3,"name":"CXPG1149 &#8211; R\u00e9partiteur coaxial de 60\/100 \u2013 80\/125F a 80\/80 avec pr\u00e9l\u00e8vement des fum\u00e9es"}]},{"@type":"WebSite","@id":"https:\/\/amrtop.net\/#website","url":"https:\/\/amrtop.net\/","name":"AMRTOP B2B Ausland - Einkaufen nur f\u00fcr Fachleute","description":"Ersatzteile und Zubeh\u00f6r f\u00fcr \u00d6fen und Heizkessel - B2B eCommerce f\u00fcr Gesch\u00e4ftskunden","potentialAction":[{"@type":"SearchAction","target":{"@type":"EntryPoint","urlTemplate":"https:\/\/amrtop.net\/?s={search_term_string}"},"query-input":{"@type":"PropertyValueSpecification","valueRequired":true,"valueName":"search_term_string"}}],"inLanguage":"de"}]}},"_links":{"self":[{"href":"https:\/\/amrtop.net\/de\/wp-json\/wp\/v2\/product\/30747","targetHints":{"allow":["GET"]}}],"collection":[{"href":"https:\/\/amrtop.net\/de\/wp-json\/wp\/v2\/product"}],"about":[{"href":"https:\/\/amrtop.net\/de\/wp-json\/wp\/v2\/types\/product"}],"replies":[{"embeddable":true,"href":"https:\/\/amrtop.net\/de\/wp-json\/wp\/v2\/comments?post=30747"}],"wp:featuredmedia":[{"embeddable":true,"href":"https:\/\/amrtop.net\/de\/wp-json\/wp\/v2\/media\/33512"}],"wp:attachment":[{"href":"https:\/\/amrtop.net\/de\/wp-json\/wp\/v2\/media?parent=30747"}],"wp:term":[{"taxonomy":"product_brand","embeddable":true,"href":"https:\/\/amrtop.net\/de\/wp-json\/wp\/v2\/product_brand?post=30747"},{"taxonomy":"product_cat","embeddable":true,"href":"https:\/\/amrtop.net\/de\/wp-json\/wp\/v2\/product_cat?post=30747"},{"taxonomy":"product_tag","embeddable":true,"href":"https:\/\/amrtop.net\/de\/wp-json\/wp\/v2\/product_tag?post=30747"}],"curies":[{"name":"wp","href":"https:\/\/api.w.org\/{rel}","templated":true}]}}