{"id":30828,"date":"2022-06-08T13:01:26","date_gmt":"2022-06-08T13:01:26","guid":{"rendered":"https:\/\/amrtop.com\/B2B\/?post_type=product&#038;p=30828"},"modified":"2023-06-16T12:23:41","modified_gmt":"2023-06-16T12:23:41","slug":"getrennter-kanal-pp-80-80-ohne-rauchprobenentnahme-7","status":"publish","type":"product","link":"https:\/\/amrtop.net\/de\/produit\/conduit-separe-pp-80-80-sans-prelevement-fumees-7\/","title":{"rendered":"CXPG1862 - Bausatz f\u00fcr separates Rohr aus PP 80-80 ohne Rauchgasentnahme"},"content":{"rendered":"<p><strong>Geeignet f\u00fcr Gaskessel<\/strong> : Ariston - Elco - Ecoflam - Chaffeteaux - Simat<\/p>\n<h3>Separater Schacht PP-80-80 ohne Rauchabzug<\/h3>\n<p><strong>KIT SEPARATER SCHORNSTEIN PP-80-80 OHNE RAUCHABZUG (AUF ANFRAGE)<\/strong><\/p>\n<p>PPS ist ein einwandiges EN14471 T120 P1 oder W 2 010 i l\/l Schornsteinsystem aus 2 mm dickem, selbstl\u00f6schendem Polypropylen (PPS), das im h\u00e4uslichen Bereich zur Ableitung von Verbrennungsprodukten (Rauch) aus Brennwertkesseln verwendet wird. Das Produkt ist CE-gekennzeichnet gem\u00e4\u00df EN 14471. Verwendbar in Anlagen mit Betriebstemperaturen unter 120 iqua, mit Silikondichtung.m\u00e4nnliche\/weibliche H\u00fclsendichtung mit Pr\u00e4disposition f\u00fcr Silikondichtung (mitgeliefert) mechanische Dichtung mit Klemmring<\/p>\n<h3>Art des Brennstoffs:<\/h3>\n<p>Gas<\/p>\n<h3>Kompatibilit\u00e4t mit den folgenden Herstellern<\/h3>\n<p>Ferroli - Baltur - Biasi - Radiant - Joannes - Ici - Savio - Unical - Euroterm- Arca - Lamborghini - Sime - Fondital - Stargas - Mcn - Italtherm - Artherm - Beretta - Riello - Sylber - Baxi - Argo - Roca - Viessmann - Bosch - Junkers - Vaillant - Chaffeteaux - Ariston - Radi - Simat - NewFar - Ecoflam - Elco - Saunier Duval - Hermann - Cosmogas - Intergas - Atlantique<\/p>\n<h3><strong>Innen<\/strong><\/h3>\n<p><a href=\"https:\/\/wekos.it\/\">\u00d6fen, Herde und Holzherde<\/a>\u00a0-\u00a0<a href=\"https:\/\/www.greenpuros.com\/\">Kamine, \u00d6fen und Pelletkessel.<\/a><\/p>\n<p><b>Sortiment an Rauchsystemen von AMR TOP\u00a0<\/b><\/p>\n<p><a href=\"https:\/\/amrtop.net\/de\/produktkategorie\/rauchkanale-2\/tuyaux-flexibles-en-acier-inoxydable\/\"><b>TOP FLEX SP - Flexible Rohre aus gewelltem Edelstahl, ein- und doppelwandig<\/b><\/a><\/p>\n<p><a href=\"https:\/\/amrtop.net\/de\/produktkategorie\/rauchkanale-2\/tube-rigide-monoparete-en-acier-inoxydable\/\"><b>SP - Einwandiges starres Rohr aus Edelstahl AISI 316L<\/b><\/a><\/p>\n<p><a href=\"https:\/\/amrtop.net\/de\/produktkategorie\/rauchkanale-2\/tube-flexible-inox-aisi-316-l-interieur-lisse-isole\/\"><b>ISOTOP FLEX - Flexibles Rohr aus Edelstahl AISI 316L innen glatt isoliert \u00a0<\/b><\/a><\/p>\n<p><a href=\"https:\/\/amrtop.net\/de\/produktkategorie\/rauchkanale-2\/dp-air-tube-double-paroi-inox-a-chambre-dair\/\"><b>DP AIR - Doppelwandiges Edelstahlrohr mit Luftkammern<\/b><\/a><\/p>\n<p><a href=\"https:\/\/amrtop.net\/de\/produktkategorie\/rauchkanale-2\/tube-coaxial-inox\/\"><b>DP - Isoliertes doppelwandiges Rohr 10 mm - 25 mm<\/b><\/a><\/p>\n<p><a href=\"https:\/\/amrtop.net\/de\/produktkategorie\/rauchkanale-2\/tube-coaxial-inox\/\"><b>COAX TOP - Koaxialrohr aus Edelstahl aus PPS und PPS\/Edelstahl<\/b><\/a><\/p>\n<p><a href=\"https:\/\/amrtop.net\/de\/produktkategorie\/rauchkanale-2\/tuyau-coaxial-inox-inox-black\/\"><b>COAX PELLET - Koaxialrohr aus rostfreiem Stahl<\/b><\/a><\/p>\n<p><a href=\"https:\/\/amrtop.net\/de\/produktkategorie\/rauchkanale-2\/conduits-de-fumee-des-appareils-a-biomasse\/\"><b>BIOM TOP - Rohre f\u00fcr Pellet- und Holz\u00f6fen<\/b><\/a><\/p>\n<p><a href=\"https:\/\/amrtop.net\/de\/produktkategorie\/rauchkanale-2\/alutop-tube-en-aluminium-flexible-extensible\/\"><b>ALU TOP - Flexibles, ausziehbares Aluminiumrohr<\/b><\/a><b>\u00a0 \u00a0 \u00a0 \u00a0 \u00a0 \u00a0 \u00a0 \u00a0 \u00a0 \u00a0 \u00a0 \u00a0 \u00a0\u00a0<\/b><\/p>\n<p>&nbsp;<\/p>","protected":false},"excerpt":{"rendered":"<p>Adaptables aux chaudi\u00e8res \u00e0 gaz : Ariston &#8211; Elco &#8211; Ecoflam &#8211; Chaffeteaux &#8211; Simat Conduit s\u00e9par\u00e9 PP-80-80 sans-pr\u00e9l\u00e8vement-fum\u00e9es KIT CONDUIT S\u00c9PAR\u00c9\u00a0 PP-80-80 SANS-PR\u00c9L\u00c8VEMENT DES FUM\u00c9ES (SUR DEMANDE) PPS est un syst\u00e8me de chemin\u00e9e EN14471 T120 P1 ou W 2\u00a0010 i l\/l \u00e0 paroi simple construit en polypropyl\u00e8ne (PPS) auto-extinguible 2 mm d\u2019\u00e9paisseur utilis\u00e9 dans [&hellip;]<\/p>\n","protected":false},"featured_media":33516,"comment_status":"open","ping_status":"closed","template":"","meta":[],"product_brand":[],"product_cat":[1542,1546,1567],"product_tag":[],"class_list":{"0":"post-30828","1":"product","2":"type-product","3":"status-publish","4":"has-post-thumbnail","6":"product_cat-tube-coaxial-inox","7":"product_cat-cxp-gas-kit-kits-coaxiaux-et-accessoires-pour-chaudieres-a-condensation","8":"product_cat-conduits-separes-avec-prelevement-des-fumees","10":"first","11":"instock","12":"shipping-taxable","13":"purchasable","14":"product-type-simple"},"yoast_head":"<!-- This site is optimized with the Yoast SEO plugin v27.4 - https:\/\/yoast.com\/product\/yoast-seo-wordpress\/ -->\n<title>Conduit s\u00e9par\u00e9 PP-80-80 sans-pr\u00e9l\u00e8vement-fum\u00e9es<\/title>\n<meta name=\"description\" content=\"Conduit s\u00e9par\u00e9 PP-80-80 sans-pr\u00e9l\u00e8vement-fum\u00e9es est utilis\u00e9 dans le secteur domestique d\u2019\u00e9vacuation des produits de combustion (fum\u00e9es)\" \/>\n<meta name=\"robots\" content=\"index, follow, max-snippet:-1, max-image-preview:large, max-video-preview:-1\" \/>\n<link rel=\"canonical\" href=\"https:\/\/amrtop.net\/de\/produkt\/getrennter-kanal-pp-80-80-ohne-rauchprobenentnahme-7\/\" \/>\n<meta property=\"og:locale\" content=\"de_DE\" \/>\n<meta property=\"og:type\" content=\"article\" \/>\n<meta property=\"og:title\" content=\"Conduit s\u00e9par\u00e9 PP-80-80 sans-pr\u00e9l\u00e8vement-fum\u00e9es\" \/>\n<meta property=\"og:description\" content=\"Conduit s\u00e9par\u00e9 PP-80-80 sans-pr\u00e9l\u00e8vement-fum\u00e9es est utilis\u00e9 dans le secteur domestique d\u2019\u00e9vacuation des produits de combustion (fum\u00e9es)\" \/>\n<meta property=\"og:url\" content=\"https:\/\/amrtop.net\/de\/produkt\/getrennter-kanal-pp-80-80-ohne-rauchprobenentnahme-7\/\" \/>\n<meta property=\"og:site_name\" content=\"AMRTOP B2B \u00c9tranger - Achats r\u00e9serv\u00e9s au professionnel\" \/>\n<meta property=\"article:modified_time\" content=\"2023-06-16T12:23:41+00:00\" \/>\n<meta property=\"og:image\" content=\"https:\/\/amrtop.net\/wp-content\/uploads\/2022\/06\/cxpg1862.jpg\" \/>\n\t<meta property=\"og:image:width\" content=\"640\" \/>\n\t<meta property=\"og:image:height\" content=\"640\" \/>\n\t<meta property=\"og:image:type\" content=\"image\/jpeg\" \/>\n<meta name=\"twitter:card\" content=\"summary_large_image\" \/>\n<meta name=\"twitter:label1\" content=\"Gesch\u00e4tzte Lesezeit\" \/>\n\t<meta name=\"twitter:data1\" content=\"2\u00a0Minuten\" \/>\n<script type=\"application\/ld+json\" class=\"yoast-schema-graph\">{\"@context\":\"https:\\\/\\\/schema.org\",\"@graph\":[{\"@type\":\"WebPage\",\"@id\":\"https:\\\/\\\/amrtop.net\\\/produit\\\/conduit-separe-pp-80-80-sans-prelevement-fumees-7\\\/\",\"url\":\"https:\\\/\\\/amrtop.net\\\/produit\\\/conduit-separe-pp-80-80-sans-prelevement-fumees-7\\\/\",\"name\":\"Conduit s\u00e9par\u00e9 PP-80-80 sans-pr\u00e9l\u00e8vement-fum\u00e9es\",\"isPartOf\":{\"@id\":\"https:\\\/\\\/amrtop.net\\\/#website\"},\"primaryImageOfPage\":{\"@id\":\"https:\\\/\\\/amrtop.net\\\/produit\\\/conduit-separe-pp-80-80-sans-prelevement-fumees-7\\\/#primaryimage\"},\"image\":{\"@id\":\"https:\\\/\\\/amrtop.net\\\/produit\\\/conduit-separe-pp-80-80-sans-prelevement-fumees-7\\\/#primaryimage\"},\"thumbnailUrl\":\"https:\\\/\\\/amrtop.net\\\/wp-content\\\/uploads\\\/2022\\\/06\\\/cxpg1862.jpg\",\"datePublished\":\"2022-06-08T13:01:26+00:00\",\"dateModified\":\"2023-06-16T12:23:41+00:00\",\"description\":\"Conduit s\u00e9par\u00e9 PP-80-80 sans-pr\u00e9l\u00e8vement-fum\u00e9es est utilis\u00e9 dans le secteur domestique d\u2019\u00e9vacuation des produits de combustion (fum\u00e9es)\",\"breadcrumb\":{\"@id\":\"https:\\\/\\\/amrtop.net\\\/produit\\\/conduit-separe-pp-80-80-sans-prelevement-fumees-7\\\/#breadcrumb\"},\"inLanguage\":\"de\",\"potentialAction\":[{\"@type\":\"ReadAction\",\"target\":[\"https:\\\/\\\/amrtop.net\\\/produit\\\/conduit-separe-pp-80-80-sans-prelevement-fumees-7\\\/\"]}]},{\"@type\":\"ImageObject\",\"inLanguage\":\"de\",\"@id\":\"https:\\\/\\\/amrtop.net\\\/produit\\\/conduit-separe-pp-80-80-sans-prelevement-fumees-7\\\/#primaryimage\",\"url\":\"https:\\\/\\\/amrtop.net\\\/wp-content\\\/uploads\\\/2022\\\/06\\\/cxpg1862.jpg\",\"contentUrl\":\"https:\\\/\\\/amrtop.net\\\/wp-content\\\/uploads\\\/2022\\\/06\\\/cxpg1862.jpg\",\"width\":640,\"height\":640,\"caption\":\"Condotto-PP 80-80 senza prelievo-fumi\"},{\"@type\":\"BreadcrumbList\",\"@id\":\"https:\\\/\\\/amrtop.net\\\/produit\\\/conduit-separe-pp-80-80-sans-prelevement-fumees-7\\\/#breadcrumb\",\"itemListElement\":[{\"@type\":\"ListItem\",\"position\":1,\"name\":\"Home\",\"item\":\"https:\\\/\\\/amrtop.net\\\/\"},{\"@type\":\"ListItem\",\"position\":2,\"name\":\"Shop\",\"item\":\"https:\\\/\\\/amrtop.net\\\/negozio\\\/\"},{\"@type\":\"ListItem\",\"position\":3,\"name\":\"CXPG1862 &#8211; Kit conduit s\u00e9par\u00e9 en PP 80-80 sans pr\u00e9l\u00e8vement de fum\u00e9es\"}]},{\"@type\":\"WebSite\",\"@id\":\"https:\\\/\\\/amrtop.net\\\/#website\",\"url\":\"https:\\\/\\\/amrtop.net\\\/\",\"name\":\"AMRTOP B2B \u00c9tranger - Achats r\u00e9serv\u00e9s au professionnel\",\"description\":\"Pi\u00e8ces de rechange et accessoires pour po\u00eales et chaudi\u00e8res - eCommerce B2B pour Clients Professionnels\",\"potentialAction\":[{\"@type\":\"SearchAction\",\"target\":{\"@type\":\"EntryPoint\",\"urlTemplate\":\"https:\\\/\\\/amrtop.net\\\/?s={search_term_string}\"},\"query-input\":{\"@type\":\"PropertyValueSpecification\",\"valueRequired\":true,\"valueName\":\"search_term_string\"}}],\"inLanguage\":\"de\"}]}<\/script>\n<!-- \/ Yoast SEO plugin. -->","yoast_head_json":{"title":"Separater Schacht PP-80-80 ohne Rauchabzug","description":"Separates Rohr PP-80-80 ohne Abzug-Rauchgas wird im h\u00e4uslichen Bereich zur Abf\u00fchrung von Verbrennungsprodukten (Rauchgasen) verwendet.","robots":{"index":"index","follow":"follow","max-snippet":"max-snippet:-1","max-image-preview":"max-image-preview:large","max-video-preview":"max-video-preview:-1"},"canonical":"https:\/\/amrtop.net\/de\/produkt\/getrennter-kanal-pp-80-80-ohne-rauchprobenentnahme-7\/","og_locale":"de_DE","og_type":"article","og_title":"Conduit s\u00e9par\u00e9 PP-80-80 sans-pr\u00e9l\u00e8vement-fum\u00e9es","og_description":"Conduit s\u00e9par\u00e9 PP-80-80 sans-pr\u00e9l\u00e8vement-fum\u00e9es est utilis\u00e9 dans le secteur domestique d\u2019\u00e9vacuation des produits de combustion (fum\u00e9es)","og_url":"https:\/\/amrtop.net\/de\/produkt\/getrennter-kanal-pp-80-80-ohne-rauchprobenentnahme-7\/","og_site_name":"AMRTOP B2B \u00c9tranger - Achats r\u00e9serv\u00e9s au professionnel","article_modified_time":"2023-06-16T12:23:41+00:00","og_image":[{"width":640,"height":640,"url":"https:\/\/amrtop.net\/wp-content\/uploads\/2022\/06\/cxpg1862.jpg","type":"image\/jpeg"}],"twitter_card":"summary_large_image","twitter_misc":{"Gesch\u00e4tzte Lesezeit":"2\u00a0Minuten"},"schema":{"@context":"https:\/\/schema.org","@graph":[{"@type":"WebPage","@id":"https:\/\/amrtop.net\/produit\/conduit-separe-pp-80-80-sans-prelevement-fumees-7\/","url":"https:\/\/amrtop.net\/produit\/conduit-separe-pp-80-80-sans-prelevement-fumees-7\/","name":"Separater Schacht PP-80-80 ohne Rauchabzug","isPartOf":{"@id":"https:\/\/amrtop.net\/#website"},"primaryImageOfPage":{"@id":"https:\/\/amrtop.net\/produit\/conduit-separe-pp-80-80-sans-prelevement-fumees-7\/#primaryimage"},"image":{"@id":"https:\/\/amrtop.net\/produit\/conduit-separe-pp-80-80-sans-prelevement-fumees-7\/#primaryimage"},"thumbnailUrl":"https:\/\/amrtop.net\/wp-content\/uploads\/2022\/06\/cxpg1862.jpg","datePublished":"2022-06-08T13:01:26+00:00","dateModified":"2023-06-16T12:23:41+00:00","description":"Separates Rohr PP-80-80 ohne Abzug-Rauchgas wird im h\u00e4uslichen Bereich zur Abf\u00fchrung von Verbrennungsprodukten (Rauchgasen) verwendet.","breadcrumb":{"@id":"https:\/\/amrtop.net\/produit\/conduit-separe-pp-80-80-sans-prelevement-fumees-7\/#breadcrumb"},"inLanguage":"de","potentialAction":[{"@type":"ReadAction","target":["https:\/\/amrtop.net\/produit\/conduit-separe-pp-80-80-sans-prelevement-fumees-7\/"]}]},{"@type":"ImageObject","inLanguage":"de","@id":"https:\/\/amrtop.net\/produit\/conduit-separe-pp-80-80-sans-prelevement-fumees-7\/#primaryimage","url":"https:\/\/amrtop.net\/wp-content\/uploads\/2022\/06\/cxpg1862.jpg","contentUrl":"https:\/\/amrtop.net\/wp-content\/uploads\/2022\/06\/cxpg1862.jpg","width":640,"height":640,"caption":"Condotto-PP 80-80 senza prelievo-fumi"},{"@type":"BreadcrumbList","@id":"https:\/\/amrtop.net\/produit\/conduit-separe-pp-80-80-sans-prelevement-fumees-7\/#breadcrumb","itemListElement":[{"@type":"ListItem","position":1,"name":"Home","item":"https:\/\/amrtop.net\/"},{"@type":"ListItem","position":2,"name":"Shop","item":"https:\/\/amrtop.net\/negozio\/"},{"@type":"ListItem","position":3,"name":"CXPG1862 &#8211; Kit conduit s\u00e9par\u00e9 en PP 80-80 sans pr\u00e9l\u00e8vement de fum\u00e9es"}]},{"@type":"WebSite","@id":"https:\/\/amrtop.net\/#website","url":"https:\/\/amrtop.net\/","name":"AMRTOP B2B Ausland - Einkaufen nur f\u00fcr Fachleute","description":"Ersatzteile und Zubeh\u00f6r f\u00fcr \u00d6fen und Heizkessel - B2B eCommerce f\u00fcr Gesch\u00e4ftskunden","potentialAction":[{"@type":"SearchAction","target":{"@type":"EntryPoint","urlTemplate":"https:\/\/amrtop.net\/?s={search_term_string}"},"query-input":{"@type":"PropertyValueSpecification","valueRequired":true,"valueName":"search_term_string"}}],"inLanguage":"de"}]}},"_links":{"self":[{"href":"https:\/\/amrtop.net\/de\/wp-json\/wp\/v2\/product\/30828","targetHints":{"allow":["GET"]}}],"collection":[{"href":"https:\/\/amrtop.net\/de\/wp-json\/wp\/v2\/product"}],"about":[{"href":"https:\/\/amrtop.net\/de\/wp-json\/wp\/v2\/types\/product"}],"replies":[{"embeddable":true,"href":"https:\/\/amrtop.net\/de\/wp-json\/wp\/v2\/comments?post=30828"}],"wp:featuredmedia":[{"embeddable":true,"href":"https:\/\/amrtop.net\/de\/wp-json\/wp\/v2\/media\/33516"}],"wp:attachment":[{"href":"https:\/\/amrtop.net\/de\/wp-json\/wp\/v2\/media?parent=30828"}],"wp:term":[{"taxonomy":"product_brand","embeddable":true,"href":"https:\/\/amrtop.net\/de\/wp-json\/wp\/v2\/product_brand?post=30828"},{"taxonomy":"product_cat","embeddable":true,"href":"https:\/\/amrtop.net\/de\/wp-json\/wp\/v2\/product_cat?post=30828"},{"taxonomy":"product_tag","embeddable":true,"href":"https:\/\/amrtop.net\/de\/wp-json\/wp\/v2\/product_tag?post=30828"}],"curies":[{"name":"wp","href":"https:\/\/api.w.org\/{rel}","templated":true}]}}