{"id":30993,"date":"2022-06-08T15:40:23","date_gmt":"2022-06-08T15:40:23","guid":{"rendered":"https:\/\/amrtop.com\/B2B\/?post_type=product&#038;p=30993"},"modified":"2023-06-13T14:16:27","modified_gmt":"2023-06-13T14:16:27","slug":"cbtf01-collier-de-blocage-pour-plaque-detancheite-terminale-flexible","status":"publish","type":"product","link":"https:\/\/amrtop.net\/de\/produit\/cbtf01-collier-de-blocage-pour-plaque-detancheite-terminale-flexible\/","title":{"rendered":"CBTF01... - Sperrschelle f\u00fcr flexible Enddichtungsplatte"},"content":{"rendered":"<h3>Collier de blocage pour plaque d\u2019\u00e9tanch\u00e9it\u00e9 terminale flexible<\/h3>\n<p>Les syst\u00e8mes TOP FLEX concernant les accessoires servent \u00e0 compl\u00e9ter les conduits de chemin\u00e9e qui, normalement, assainissent des caveaux et des compartiments techniques difficiles \u00e0 traiter avec d\u2019autres syst\u00e8mes. Les accessoires pour tuyaux flexibles sont compatibles avec toute la gamme TOP FLEX<\/p>\n<p>Verweis auf Rechtsvorschriften und Bezeichnung<\/p>\n<p>Produktkennzeichnung gem\u00e4\u00df der Europ\u00e4ischen Norm: EN 1856-2.<\/p>\n<h3>Utilisation Collier de blocage pour plaque d\u2019\u00e9tanch\u00e9it\u00e9 terminale flexible<\/h3>\n<p>Syst\u00e8mes de fum\u00e9e m\u00e9talliques flexibles, chemin\u00e9es m\u00e9talliques flexibles, vapeurs d\u2019air, asservis aux g\u00e9n\u00e9rateurs de chaleur de type atmosph\u00e9rique, pressuris\u00e9, \u00e0 air souffl\u00e9, traditionnels, hottes de cuisine pour usage industriel ou domestique, po\u00eales \u00e0 bois, chemin\u00e9es, po\u00eales \u00e0 pellets<\/p>\n<h3>H\u00e4uslich<\/h3>\n<p>po\u00eales, cuisini\u00e8res et radiateurs \u00e0 bois &#8211; chemin\u00e9es, po\u00eales, radiateurs et chaudi\u00e8res \u00e0 pellets.<\/p>\n<p>Application Collier de serrage de plaque d\u2019\u00e9tanch\u00e9it\u00e9<\/p>\n<h3>Installation interne.<\/h3>\n<p>Liste des accessoires de tuyau<\/p>\n<p>Joint flex &#8211; rigide m\u00e2le, Accouplement flex &#8211; rigide femelle, Accouplement flex &#8211; flex, Accouplement flex &#8211; flex avec invitation interne anticondense, Accouplement flex &#8211; rigide avec invitation interne anticondensa, Plaque d\u2019\u00e9tanch\u00e9it\u00e9 terminale flexible, Collier de serrage pour plaque d\u2019\u00e9tanch\u00e9it\u00e9 d\u2019extr\u00e9mit\u00e9 flexible, Joint m\u00e9canique \u00e0 serrage manuel flex \/ rigide 200 Pa, Joint m\u00e9canique \u00e0 serrage manuel flex \/flex anticondensa 200 Pa, Joint m\u00e9canique \u00e0 serrage manuel flex \/ rigide femelle 200 Pa, Plaque d\u2019extr\u00e9mit\u00e9 d\u2019\u00e9tanch\u00e9it\u00e9 (\u00e0 utiliser avec CCF01&#8230;), Chapeau chinois pour flex (\u00e0 utiliser avec PTT01&#8230;), Borne anti-intemp\u00e9ries inspectable, Banderole anti-intemp\u00e9ries inclin\u00e9e \u00e0 30 nm, Plaque d\u2019extr\u00e9mit\u00e9 d\u2019\u00e9tanch\u00e9it\u00e9 pour rigide \/ flex avec syst\u00e8me de serrage par boulon, Kit intubation avec flexible inox 316L de 9 m, Kit intubation inox.<\/p>\n<p>Auf Anfrage f\u00fcr alle Durchmesser erh\u00e4ltlich 0,12 mm dick f\u00fcr 20% mehr<\/p>\n<h3><strong>Sortiment an Rauchsystemen von AMR TOP\u00a0\u00a0\u00a0\u00a0\u00a0\u00a0<\/strong><\/h3>\n<p><a href=\"https:\/\/amrtop.net\/de\/produktkategorie\/rauchkanale-2\/tuyaux-flexibles-en-acier-inoxydable\/\"><strong>TOP FLEX SP - Flexible Rohre aus gewelltem Edelstahl, ein- und doppelwandig<\/strong><\/a><\/p>\n<p><a href=\"https:\/\/amrtop.net\/de\/produktkategorie\/rauchkanale-2\/tube-rigide-monoparete-en-acier-inoxydable\/\"><strong>SP - Einwandiges starres Rohr aus Edelstahl AISI 316L<\/strong><\/a><\/p>\n<p><a href=\"https:\/\/amrtop.net\/de\/produktkategorie\/rauchkanale-2\/tube-flexible-inox-aisi-316-l-interieur-lisse-isole\/\"><strong>ISOTOP FLEX - Flexibles Rohr aus Edelstahl AISI 316L innen glatt isoliert \u00a0<\/strong><\/a><\/p>\n<p><a href=\"https:\/\/amrtop.net\/de\/produktkategorie\/rauchkanale-2\/dp-air-tube-double-paroi-inox-a-chambre-dair\/\"><strong>DP AIR - Doppelwandiges Edelstahlrohr mit Luftkammern<\/strong><\/a><\/p>\n<p><a href=\"https:\/\/amrtop.net\/de\/produktkategorie\/rauchkanale-2\/tube-coaxial-inox\/\"><strong>DP - Isoliertes doppelwandiges Rohr 10 mm - 25 mm<\/strong><\/a><\/p>\n<p><a href=\"https:\/\/amrtop.net\/de\/produktkategorie\/rauchkanale-2\/tube-coaxial-inox\/\"><strong>COAX TOP - Koaxialrohr aus Edelstahl aus PPS und PPS\/Edelstahl<\/strong><\/a><\/p>\n<p><a href=\"https:\/\/amrtop.net\/de\/produktkategorie\/rauchkanale-2\/tuyau-coaxial-inox-inox-black\/\"><strong>COAX PELLET - Koaxialrohr aus rostfreiem Stahl<\/strong><\/a><\/p>\n<p><strong><a href=\"https:\/\/amrtop.net\/de\/produktkategorie\/rauchkanale-2\/conduits-de-fumee-des-appareils-a-biomasse\/\">BIOM TOP - Rohre f\u00fcr Pellet- und Holz\u00f6fen<\/a><\/strong><\/p>","protected":false},"excerpt":{"rendered":"<p>Collier de blocage pour plaque d\u2019\u00e9tanch\u00e9it\u00e9 terminale flexible Les syst\u00e8mes TOP FLEX concernant les accessoires servent \u00e0 compl\u00e9ter les conduits de chemin\u00e9e qui, normalement, assainissent des caveaux et des compartiments techniques difficiles \u00e0 traiter avec d\u2019autres syst\u00e8mes. Les accessoires pour tuyaux flexibles sont compatibles avec toute la gamme TOP FLEX R\u00e9f\u00e9rence r\u00e9glementaire et d\u00e9signation Marquage [&hellip;]<\/p>\n","protected":false},"featured_media":32771,"comment_status":"open","ping_status":"closed","template":"","meta":[],"product_brand":[],"product_cat":[1530,1524],"product_tag":[],"class_list":{"0":"post-30993","1":"product","2":"type-product","3":"status-publish","4":"has-post-thumbnail","6":"product_cat-accessori-per-tubo-flessibile","7":"product_cat-tuyaux-flexibles-en-acier-inoxydable","9":"first","10":"instock","11":"shipping-taxable","12":"purchasable","13":"product-type-variable"},"yoast_head":"<!-- This site is optimized with the Yoast SEO plugin v27.4 - https:\/\/yoast.com\/product\/yoast-seo-wordpress\/ -->\n<title>Collier de blocage pour plaque d\u2019\u00e9tanch\u00e9it\u00e9 terminale flexible<\/title>\n<meta name=\"description\" content=\"Collier de blocage pour plaque d\u2019\u00e9tanch\u00e9it\u00e9 terminale flexible Tubes - Conduits de fum\u00e9e - Chemin\u00e9es - Syst\u00e8mes d\u2019extraction et accessoires de l\u2019air et des fum\u00e9es en mono et double paroi interne lisses ondul\u00e9s et flexibles dans divers diam\u00e8tres vendus au m\u00e8tre et en rouleaux avec bo\u00eetes am\u00e9ricaines et dispencer avec \u00e9paisseur minimum de 0.10 mm en aciaio inox aisi 316L 304L - 904L\" \/>\n<meta name=\"robots\" content=\"index, follow, max-snippet:-1, max-image-preview:large, max-video-preview:-1\" \/>\n<link rel=\"canonical\" href=\"https:\/\/amrtop.net\/de\/produkt\/cbtf01-collier-de-blocage-pour-plaque-detancheite-terminale-flexible\/\" \/>\n<meta property=\"og:locale\" content=\"de_DE\" \/>\n<meta property=\"og:type\" content=\"article\" \/>\n<meta property=\"og:title\" content=\"Collier de blocage pour plaque d\u2019\u00e9tanch\u00e9it\u00e9 terminale flexible\" \/>\n<meta property=\"og:description\" content=\"Collier de blocage pour plaque d\u2019\u00e9tanch\u00e9it\u00e9 terminale flexible Tubes - Conduits de fum\u00e9e - Chemin\u00e9es - Syst\u00e8mes d\u2019extraction et accessoires de l\u2019air et des fum\u00e9es en mono et double paroi interne lisses ondul\u00e9s et flexibles dans divers diam\u00e8tres vendus au m\u00e8tre et en rouleaux avec bo\u00eetes am\u00e9ricaines et dispencer avec \u00e9paisseur minimum de 0.10 mm en aciaio inox aisi 316L 304L - 904L\" \/>\n<meta property=\"og:url\" content=\"https:\/\/amrtop.net\/de\/produkt\/cbtf01-collier-de-blocage-pour-plaque-detancheite-terminale-flexible\/\" \/>\n<meta property=\"og:site_name\" content=\"AMRTOP B2B \u00c9tranger - Achats r\u00e9serv\u00e9s au professionnel\" \/>\n<meta property=\"article:modified_time\" content=\"2023-06-13T14:16:27+00:00\" \/>\n<meta property=\"og:image\" content=\"https:\/\/amrtop.net\/wp-content\/uploads\/2022\/06\/cbtf01.jpg\" \/>\n\t<meta property=\"og:image:width\" content=\"640\" \/>\n\t<meta property=\"og:image:height\" content=\"640\" \/>\n\t<meta property=\"og:image:type\" content=\"image\/jpeg\" \/>\n<meta name=\"twitter:card\" content=\"summary_large_image\" \/>\n<meta name=\"twitter:label1\" content=\"Gesch\u00e4tzte Lesezeit\" \/>\n\t<meta name=\"twitter:data1\" content=\"2\u00a0Minuten\" \/>\n<script type=\"application\/ld+json\" class=\"yoast-schema-graph\">{\"@context\":\"https:\\\/\\\/schema.org\",\"@graph\":[{\"@type\":\"WebPage\",\"@id\":\"https:\\\/\\\/amrtop.net\\\/produit\\\/cbtf01-collier-de-blocage-pour-plaque-detancheite-terminale-flexible\\\/\",\"url\":\"https:\\\/\\\/amrtop.net\\\/produit\\\/cbtf01-collier-de-blocage-pour-plaque-detancheite-terminale-flexible\\\/\",\"name\":\"Collier de blocage pour plaque d\u2019\u00e9tanch\u00e9it\u00e9 terminale flexible\",\"isPartOf\":{\"@id\":\"https:\\\/\\\/amrtop.net\\\/#website\"},\"primaryImageOfPage\":{\"@id\":\"https:\\\/\\\/amrtop.net\\\/produit\\\/cbtf01-collier-de-blocage-pour-plaque-detancheite-terminale-flexible\\\/#primaryimage\"},\"image\":{\"@id\":\"https:\\\/\\\/amrtop.net\\\/produit\\\/cbtf01-collier-de-blocage-pour-plaque-detancheite-terminale-flexible\\\/#primaryimage\"},\"thumbnailUrl\":\"https:\\\/\\\/amrtop.net\\\/wp-content\\\/uploads\\\/2022\\\/06\\\/cbtf01.jpg\",\"datePublished\":\"2022-06-08T15:40:23+00:00\",\"dateModified\":\"2023-06-13T14:16:27+00:00\",\"description\":\"Collier de blocage pour plaque d\u2019\u00e9tanch\u00e9it\u00e9 terminale flexible Tubes - Conduits de fum\u00e9e - Chemin\u00e9es - Syst\u00e8mes d\u2019extraction et accessoires de l\u2019air et des fum\u00e9es en mono et double paroi interne lisses ondul\u00e9s et flexibles dans divers diam\u00e8tres vendus au m\u00e8tre et en rouleaux avec bo\u00eetes am\u00e9ricaines et dispencer avec \u00e9paisseur minimum de 0.10 mm en aciaio inox aisi 316L 304L - 904L\",\"breadcrumb\":{\"@id\":\"https:\\\/\\\/amrtop.net\\\/produit\\\/cbtf01-collier-de-blocage-pour-plaque-detancheite-terminale-flexible\\\/#breadcrumb\"},\"inLanguage\":\"de\",\"potentialAction\":[{\"@type\":\"ReadAction\",\"target\":[\"https:\\\/\\\/amrtop.net\\\/produit\\\/cbtf01-collier-de-blocage-pour-plaque-detancheite-terminale-flexible\\\/\"]}]},{\"@type\":\"ImageObject\",\"inLanguage\":\"de\",\"@id\":\"https:\\\/\\\/amrtop.net\\\/produit\\\/cbtf01-collier-de-blocage-pour-plaque-detancheite-terminale-flexible\\\/#primaryimage\",\"url\":\"https:\\\/\\\/amrtop.net\\\/wp-content\\\/uploads\\\/2022\\\/06\\\/cbtf01.jpg\",\"contentUrl\":\"https:\\\/\\\/amrtop.net\\\/wp-content\\\/uploads\\\/2022\\\/06\\\/cbtf01.jpg\",\"width\":640,\"height\":640,\"caption\":\"Collare bloccaggio piastra tenuta\"},{\"@type\":\"BreadcrumbList\",\"@id\":\"https:\\\/\\\/amrtop.net\\\/produit\\\/cbtf01-collier-de-blocage-pour-plaque-detancheite-terminale-flexible\\\/#breadcrumb\",\"itemListElement\":[{\"@type\":\"ListItem\",\"position\":1,\"name\":\"Home\",\"item\":\"https:\\\/\\\/amrtop.net\\\/\"},{\"@type\":\"ListItem\",\"position\":2,\"name\":\"Shop\",\"item\":\"https:\\\/\\\/amrtop.net\\\/negozio\\\/\"},{\"@type\":\"ListItem\",\"position\":3,\"name\":\"CBTF01&#8230; &#8211; Collier de blocage pour plaque d\u2019\u00e9tanch\u00e9it\u00e9 terminale flexible\"}]},{\"@type\":\"WebSite\",\"@id\":\"https:\\\/\\\/amrtop.net\\\/#website\",\"url\":\"https:\\\/\\\/amrtop.net\\\/\",\"name\":\"AMRTOP B2B \u00c9tranger - Achats r\u00e9serv\u00e9s au professionnel\",\"description\":\"Pi\u00e8ces de rechange et accessoires pour po\u00eales et chaudi\u00e8res - eCommerce B2B pour Clients Professionnels\",\"potentialAction\":[{\"@type\":\"SearchAction\",\"target\":{\"@type\":\"EntryPoint\",\"urlTemplate\":\"https:\\\/\\\/amrtop.net\\\/?s={search_term_string}\"},\"query-input\":{\"@type\":\"PropertyValueSpecification\",\"valueRequired\":true,\"valueName\":\"search_term_string\"}}],\"inLanguage\":\"de\"}]}<\/script>\n<!-- \/ Yoast SEO plugin. -->","yoast_head_json":{"title":"Collier de blocage pour plaque d\u2019\u00e9tanch\u00e9it\u00e9 terminale flexible","description":"Collier de blocage pour plaque d\u2019\u00e9tanch\u00e9it\u00e9 terminale flexible Tubes - Conduits de fum\u00e9e - Chemin\u00e9es - Syst\u00e8mes d\u2019extraction et accessoires de l\u2019air et des fum\u00e9es en mono et double paroi interne lisses ondul\u00e9s et flexibles dans divers diam\u00e8tres vendus au m\u00e8tre et en rouleaux avec bo\u00eetes am\u00e9ricaines et dispencer avec \u00e9paisseur minimum de 0.10 mm en aciaio inox aisi 316L 304L - 904L","robots":{"index":"index","follow":"follow","max-snippet":"max-snippet:-1","max-image-preview":"max-image-preview:large","max-video-preview":"max-video-preview:-1"},"canonical":"https:\/\/amrtop.net\/de\/produkt\/cbtf01-collier-de-blocage-pour-plaque-detancheite-terminale-flexible\/","og_locale":"de_DE","og_type":"article","og_title":"Collier de blocage pour plaque d\u2019\u00e9tanch\u00e9it\u00e9 terminale flexible","og_description":"Collier de blocage pour plaque d\u2019\u00e9tanch\u00e9it\u00e9 terminale flexible Tubes - Conduits de fum\u00e9e - Chemin\u00e9es - Syst\u00e8mes d\u2019extraction et accessoires de l\u2019air et des fum\u00e9es en mono et double paroi interne lisses ondul\u00e9s et flexibles dans divers diam\u00e8tres vendus au m\u00e8tre et en rouleaux avec bo\u00eetes am\u00e9ricaines et dispencer avec \u00e9paisseur minimum de 0.10 mm en aciaio inox aisi 316L 304L - 904L","og_url":"https:\/\/amrtop.net\/de\/produkt\/cbtf01-collier-de-blocage-pour-plaque-detancheite-terminale-flexible\/","og_site_name":"AMRTOP B2B \u00c9tranger - Achats r\u00e9serv\u00e9s au professionnel","article_modified_time":"2023-06-13T14:16:27+00:00","og_image":[{"width":640,"height":640,"url":"https:\/\/amrtop.net\/wp-content\/uploads\/2022\/06\/cbtf01.jpg","type":"image\/jpeg"}],"twitter_card":"summary_large_image","twitter_misc":{"Gesch\u00e4tzte Lesezeit":"2\u00a0Minuten"},"schema":{"@context":"https:\/\/schema.org","@graph":[{"@type":"WebPage","@id":"https:\/\/amrtop.net\/produit\/cbtf01-collier-de-blocage-pour-plaque-detancheite-terminale-flexible\/","url":"https:\/\/amrtop.net\/produit\/cbtf01-collier-de-blocage-pour-plaque-detancheite-terminale-flexible\/","name":"Collier de blocage pour plaque d\u2019\u00e9tanch\u00e9it\u00e9 terminale flexible","isPartOf":{"@id":"https:\/\/amrtop.net\/#website"},"primaryImageOfPage":{"@id":"https:\/\/amrtop.net\/produit\/cbtf01-collier-de-blocage-pour-plaque-detancheite-terminale-flexible\/#primaryimage"},"image":{"@id":"https:\/\/amrtop.net\/produit\/cbtf01-collier-de-blocage-pour-plaque-detancheite-terminale-flexible\/#primaryimage"},"thumbnailUrl":"https:\/\/amrtop.net\/wp-content\/uploads\/2022\/06\/cbtf01.jpg","datePublished":"2022-06-08T15:40:23+00:00","dateModified":"2023-06-13T14:16:27+00:00","description":"Collier de blocage pour plaque d\u2019\u00e9tanch\u00e9it\u00e9 terminale flexible Tubes - Conduits de fum\u00e9e - Chemin\u00e9es - Syst\u00e8mes d\u2019extraction et accessoires de l\u2019air et des fum\u00e9es en mono et double paroi interne lisses ondul\u00e9s et flexibles dans divers diam\u00e8tres vendus au m\u00e8tre et en rouleaux avec bo\u00eetes am\u00e9ricaines et dispencer avec \u00e9paisseur minimum de 0.10 mm en aciaio inox aisi 316L 304L - 904L","breadcrumb":{"@id":"https:\/\/amrtop.net\/produit\/cbtf01-collier-de-blocage-pour-plaque-detancheite-terminale-flexible\/#breadcrumb"},"inLanguage":"de","potentialAction":[{"@type":"ReadAction","target":["https:\/\/amrtop.net\/produit\/cbtf01-collier-de-blocage-pour-plaque-detancheite-terminale-flexible\/"]}]},{"@type":"ImageObject","inLanguage":"de","@id":"https:\/\/amrtop.net\/produit\/cbtf01-collier-de-blocage-pour-plaque-detancheite-terminale-flexible\/#primaryimage","url":"https:\/\/amrtop.net\/wp-content\/uploads\/2022\/06\/cbtf01.jpg","contentUrl":"https:\/\/amrtop.net\/wp-content\/uploads\/2022\/06\/cbtf01.jpg","width":640,"height":640,"caption":"Collare bloccaggio piastra tenuta"},{"@type":"BreadcrumbList","@id":"https:\/\/amrtop.net\/produit\/cbtf01-collier-de-blocage-pour-plaque-detancheite-terminale-flexible\/#breadcrumb","itemListElement":[{"@type":"ListItem","position":1,"name":"Home","item":"https:\/\/amrtop.net\/"},{"@type":"ListItem","position":2,"name":"Shop","item":"https:\/\/amrtop.net\/negozio\/"},{"@type":"ListItem","position":3,"name":"CBTF01&#8230; &#8211; Collier de blocage pour plaque d\u2019\u00e9tanch\u00e9it\u00e9 terminale flexible"}]},{"@type":"WebSite","@id":"https:\/\/amrtop.net\/#website","url":"https:\/\/amrtop.net\/","name":"AMRTOP B2B Ausland - Einkaufen nur f\u00fcr Fachleute","description":"Ersatzteile und Zubeh\u00f6r f\u00fcr \u00d6fen und Heizkessel - B2B eCommerce f\u00fcr Gesch\u00e4ftskunden","potentialAction":[{"@type":"SearchAction","target":{"@type":"EntryPoint","urlTemplate":"https:\/\/amrtop.net\/?s={search_term_string}"},"query-input":{"@type":"PropertyValueSpecification","valueRequired":true,"valueName":"search_term_string"}}],"inLanguage":"de"}]}},"_links":{"self":[{"href":"https:\/\/amrtop.net\/de\/wp-json\/wp\/v2\/product\/30993","targetHints":{"allow":["GET"]}}],"collection":[{"href":"https:\/\/amrtop.net\/de\/wp-json\/wp\/v2\/product"}],"about":[{"href":"https:\/\/amrtop.net\/de\/wp-json\/wp\/v2\/types\/product"}],"replies":[{"embeddable":true,"href":"https:\/\/amrtop.net\/de\/wp-json\/wp\/v2\/comments?post=30993"}],"wp:featuredmedia":[{"embeddable":true,"href":"https:\/\/amrtop.net\/de\/wp-json\/wp\/v2\/media\/32771"}],"wp:attachment":[{"href":"https:\/\/amrtop.net\/de\/wp-json\/wp\/v2\/media?parent=30993"}],"wp:term":[{"taxonomy":"product_brand","embeddable":true,"href":"https:\/\/amrtop.net\/de\/wp-json\/wp\/v2\/product_brand?post=30993"},{"taxonomy":"product_cat","embeddable":true,"href":"https:\/\/amrtop.net\/de\/wp-json\/wp\/v2\/product_cat?post=30993"},{"taxonomy":"product_tag","embeddable":true,"href":"https:\/\/amrtop.net\/de\/wp-json\/wp\/v2\/product_tag?post=30993"}],"curies":[{"name":"wp","href":"https:\/\/api.w.org\/{rel}","templated":true}]}}