{"id":31020,"date":"2022-06-08T15:50:24","date_gmt":"2022-06-08T15:50:24","guid":{"rendered":"https:\/\/amrtop.com\/B2B\/?post_type=product&#038;p=31020"},"modified":"2023-06-14T12:41:17","modified_gmt":"2023-06-14T12:41:17","slug":"gmfr01-manchon-mecanique-a-serrage-manuel-flex-rigide-200-pa","status":"publish","type":"product","link":"https:\/\/amrtop.net\/de\/produit\/gmfr01-manchon-mecanique-a-serrage-manuel-flex-rigide-200-pa\/","title":{"rendered":"GMFR01&#8230; &#8211; Manchon m\u00e9canique \u00e0 serrage manuel flex \/ rigide 200 Pa"},"content":{"rendered":"<h3>Manchon m\u00e9canique \u00e0 serrage manuel flex \/ rigide 200 Pa<\/h3>\n<p>Das Zubeh\u00f6r f\u00fcr flexible Schl\u00e4uche ist mit dem gesamten TOP FLEX-Sortiment kompatibel.<\/p>\n<h3>Flexible Schl\u00e4uche aus rostfreiem Stahl<\/h3>\n<p>Das TOP FLEX-System ist ideal f\u00fcr die Sanierung von Kellern und technischen Abteilungen, die mit anderen Systemen nur schwer zu behandeln sind. Es ist ein doppelwandiges, flexibles System mit glatter Innenseite aus austenitischem Edelstahl AISI 316L BA (1.4404) mit einer Mindestdicke von 0,10 mm, das den Normen entspricht, die durch die europ\u00e4ische Kennzeichnung gem\u00e4\u00df EN 1856-2 vorgesehen sind. TOP FLEX ist dank einer breiten Palette von Verbindungsst\u00fccken f\u00fcr jede Baustellenanforderung mit allen Produkten kompatibel.<\/p>\n<h3>Verweis auf Rechtsvorschriften und Bezeichnung<\/h3>\n<p>Produktkennzeichnung gem\u00e4\u00df der Europ\u00e4ischen Norm: EN 1856-2.<\/p>\n<h3>Utilisation de Manchon m\u00e9canique \u00e0 serrage manuel flex \/ rigide 200 Pa<\/h3>\n<p>Flexible Metallabgassysteme, flexible Metallschornsteine, Luftd\u00e4mpfe, gesteuert von atmosph\u00e4rischen, Druck-, Gebl\u00e4se- und herk\u00f6mmlichen W\u00e4rmeerzeugern, Abzugshauben f\u00fcr den industriellen oder h\u00e4uslichen Gebrauch, Holz\u00f6fen, Kamine, Pellet\u00f6fen.<\/p>\n<h3>Verf\u00fcgbare Durchmesser - mm<\/h3>\n<p>50 - 60 - 80 - 100 - 110 - 120 - 125 - 130 - 140 - 150 - 155 - 160 - 175 - 180 - 200 - 220 - 225 - 230 - 250 - 280 - 300 - 350 - 400<br \/>\nDie Serien SP TOP FLEX 316, DP TOP FLEX 904, SP TOP FLEX 304, DP TOP FLEX 304 sind nur auf Anfrage erh\u00e4ltlich.<\/p>\n<h3>Verpackung:<\/h3>\n<p>Glatte, innen doppelwandige Edelstahlschl\u00e4uche aus AISI 316L sind als Rollenware, amerikanische Box, Spender und Meterware erh\u00e4ltlich.<br \/>\nAuf Anfrage f\u00fcr alle Durchmesser erh\u00e4ltlich 0,12 mm dick f\u00fcr 20% mehr<\/p>\n<h3><strong>Innen<\/strong><\/h3>\n<p><a href=\"https:\/\/wekos.it\/\">\u00d6fen, Herde und Holzherde<\/a>\u00a0-\u00a0<a href=\"https:\/\/www.greenpuros.com\/\">Kamine, \u00d6fen und Pelletkessel.<\/a><\/p>\n<p><strong>Sortiment an Rauchsystemen von AMR TOP\u00a0\u00a0\u00a0\u00a0\u00a0\u00a0<\/strong><\/p>\n<p><a href=\"https:\/\/amrtop.net\/de\/produktkategorie\/rauchkanale-2\/tuyaux-flexibles-en-acier-inoxydable\/\"><strong>TOP FLEX SP - Flexible Rohre aus gewelltem Edelstahl, ein- und doppelwandig<\/strong><\/a><\/p>\n<p><a href=\"https:\/\/amrtop.net\/de\/produktkategorie\/rauchkanale-2\/tube-rigide-monoparete-en-acier-inoxydable\/\"><strong>SP - Einwandiges starres Rohr aus Edelstahl AISI 316L<\/strong><\/a><\/p>\n<p><strong><u><a href=\"https:\/\/amrtop.net\/de\/produktkategorie\/rauchkanale-2\/tube-flexible-inox-aisi-316-l-interieur-lisse-isole\/\">ISOTOP FLEX - Flexibles Rohr aus Edelstahl AISI 316L innen glatt isoliert \u00a0<\/a><\/u><\/strong><\/p>\n<p><strong><u><a href=\"https:\/\/amrtop.net\/de\/produktkategorie\/rauchkanale-2\/dp-air-tube-double-paroi-inox-a-chambre-dair\/\">DP AIR - Doppelwandiges Edelstahlrohr mit Luftkammern<\/a><\/u><\/strong><\/p>\n<p><strong><u><a href=\"https:\/\/amrtop.net\/de\/produktkategorie\/rauchkanale-2\/tube-coaxial-inox\/\">DP - Isoliertes doppelwandiges Rohr 10 mm - 25 mm<\/a><\/u><\/strong><\/p>\n<p><strong><a href=\"https:\/\/amrtop.net\/de\/produktkategorie\/rauchkanale-2\/tube-coaxial-inox\/\">COAX TOP - Koaxialrohr aus Edelstahl aus PPS und PPS\/Edelstahl<\/a><\/strong><\/p>\n<p><strong><u><a href=\"https:\/\/amrtop.net\/de\/produktkategorie\/rauchkanale-2\/tuyau-coaxial-inox-inox-black\/\">COAX PELLET - Koaxialrohr aus rostfreiem Stahl<\/a><\/u><\/strong><\/p>\n<p><strong><u><a href=\"https:\/\/amrtop.net\/de\/produktkategorie\/rauchkanale-2\/conduits-de-fumee-des-appareils-a-biomasse\/\">BIOM TOP - Rohre f\u00fcr Pellet- und Holz\u00f6fen<\/a><\/u><\/strong><\/p>\n<p><strong><u><a href=\"https:\/\/amrtop.net\/de\/produktkategorie\/rauchkanale-2\/alutop-tube-en-aluminium-flexible-extensible\/\">ALU TOP - Flexibles, ausziehbares Aluminiumrohr<\/a><\/u><\/strong><strong>\u00a0 \u00a0 \u00a0 \u00a0 \u00a0\u00a0<\/strong><\/p>","protected":false},"excerpt":{"rendered":"<p>Manchon m\u00e9canique \u00e0 serrage manuel flex \/ rigide 200 Pa Les accessoires pour tuyaux flexibles sont compatibles avec toute la gamme TOP FLEX. Tuyaux flexibles en acier inoxydable Le syst\u00e8me TOP FLEX est id\u00e9al pour les assainisseurs de caves et de compartiments techniques difficiles \u00e0 traiter avec d\u2019autres syst\u00e8mes. C\u2019est un syst\u00e8me flexible \u00e0 double [&hellip;]<\/p>\n","protected":false},"featured_media":32569,"comment_status":"open","ping_status":"closed","template":"","meta":[],"product_brand":[],"product_cat":[1530,1524],"product_tag":[],"class_list":{"0":"post-31020","1":"product","2":"type-product","3":"status-publish","4":"has-post-thumbnail","6":"product_cat-accessori-per-tubo-flessibile","7":"product_cat-tuyaux-flexibles-en-acier-inoxydable","9":"first","10":"instock","11":"shipping-taxable","12":"purchasable","13":"product-type-variable"},"yoast_head":"<!-- This site is optimized with the Yoast SEO plugin v27.4 - https:\/\/yoast.com\/product\/yoast-seo-wordpress\/ -->\n<title>Manchon m\u00e9canique \u00e0 serrage manuel flex \/ rigide 200 Pa<\/title>\n<meta name=\"description\" content=\"Manchon m\u00e9canique \u00e0 serrage manuel flex \/ rigide 200 Pa Tubes - Conduits de fum\u00e9e - Chemin\u00e9es - Syst\u00e8mes d\u2019extraction et accessoires de l\u2019air et des fum\u00e9es en mono et double paroi interne lisses ondul\u00e9s et flexibles dans divers diam\u00e8tres vendus au m\u00e8tre et en rouleaux avec bo\u00eetes am\u00e9ricaines et dispencer avec \u00e9paisseur minimum de 0.10 mm en aciaio inox aisi 316L 304L - 904L\" \/>\n<meta name=\"robots\" content=\"index, follow, max-snippet:-1, max-image-preview:large, max-video-preview:-1\" \/>\n<link rel=\"canonical\" href=\"https:\/\/amrtop.net\/de\/produkt\/gmfr01-manchon-mecanique-a-serrage-manuel-flex-rigide-200-pa\/\" \/>\n<meta property=\"og:locale\" content=\"de_DE\" \/>\n<meta property=\"og:type\" content=\"article\" \/>\n<meta property=\"og:title\" content=\"Manchon m\u00e9canique \u00e0 serrage manuel flex \/ rigide 200 Pa\" \/>\n<meta property=\"og:description\" content=\"Manchon m\u00e9canique \u00e0 serrage manuel flex \/ rigide 200 Pa Tubes - Conduits de fum\u00e9e - Chemin\u00e9es - Syst\u00e8mes d\u2019extraction et accessoires de l\u2019air et des fum\u00e9es en mono et double paroi interne lisses ondul\u00e9s et flexibles dans divers diam\u00e8tres vendus au m\u00e8tre et en rouleaux avec bo\u00eetes am\u00e9ricaines et dispencer avec \u00e9paisseur minimum de 0.10 mm en aciaio inox aisi 316L 304L - 904L\" \/>\n<meta property=\"og:url\" content=\"https:\/\/amrtop.net\/de\/produkt\/gmfr01-manchon-mecanique-a-serrage-manuel-flex-rigide-200-pa\/\" \/>\n<meta property=\"og:site_name\" content=\"AMRTOP B2B \u00c9tranger - Achats r\u00e9serv\u00e9s au professionnel\" \/>\n<meta property=\"article:modified_time\" content=\"2023-06-14T12:41:17+00:00\" \/>\n<meta property=\"og:image\" content=\"https:\/\/amrtop.net\/wp-content\/uploads\/2022\/06\/gmfr01.jpg\" \/>\n\t<meta property=\"og:image:width\" content=\"640\" \/>\n\t<meta property=\"og:image:height\" content=\"640\" \/>\n\t<meta property=\"og:image:type\" content=\"image\/jpeg\" \/>\n<meta name=\"twitter:card\" content=\"summary_large_image\" \/>\n<meta name=\"twitter:label1\" content=\"Gesch\u00e4tzte Lesezeit\" \/>\n\t<meta name=\"twitter:data1\" content=\"2\u00a0Minuten\" \/>\n<script type=\"application\/ld+json\" class=\"yoast-schema-graph\">{\"@context\":\"https:\\\/\\\/schema.org\",\"@graph\":[{\"@type\":\"WebPage\",\"@id\":\"https:\\\/\\\/amrtop.net\\\/produit\\\/gmfr01-manchon-mecanique-a-serrage-manuel-flex-rigide-200-pa\\\/\",\"url\":\"https:\\\/\\\/amrtop.net\\\/produit\\\/gmfr01-manchon-mecanique-a-serrage-manuel-flex-rigide-200-pa\\\/\",\"name\":\"Manchon m\u00e9canique \u00e0 serrage manuel flex \\\/ rigide 200 Pa\",\"isPartOf\":{\"@id\":\"https:\\\/\\\/amrtop.net\\\/#website\"},\"primaryImageOfPage\":{\"@id\":\"https:\\\/\\\/amrtop.net\\\/produit\\\/gmfr01-manchon-mecanique-a-serrage-manuel-flex-rigide-200-pa\\\/#primaryimage\"},\"image\":{\"@id\":\"https:\\\/\\\/amrtop.net\\\/produit\\\/gmfr01-manchon-mecanique-a-serrage-manuel-flex-rigide-200-pa\\\/#primaryimage\"},\"thumbnailUrl\":\"https:\\\/\\\/amrtop.net\\\/wp-content\\\/uploads\\\/2022\\\/06\\\/gmfr01.jpg\",\"datePublished\":\"2022-06-08T15:50:24+00:00\",\"dateModified\":\"2023-06-14T12:41:17+00:00\",\"description\":\"Manchon m\u00e9canique \u00e0 serrage manuel flex \\\/ rigide 200 Pa Tubes - Conduits de fum\u00e9e - Chemin\u00e9es - Syst\u00e8mes d\u2019extraction et accessoires de l\u2019air et des fum\u00e9es en mono et double paroi interne lisses ondul\u00e9s et flexibles dans divers diam\u00e8tres vendus au m\u00e8tre et en rouleaux avec bo\u00eetes am\u00e9ricaines et dispencer avec \u00e9paisseur minimum de 0.10 mm en aciaio inox aisi 316L 304L - 904L\",\"breadcrumb\":{\"@id\":\"https:\\\/\\\/amrtop.net\\\/produit\\\/gmfr01-manchon-mecanique-a-serrage-manuel-flex-rigide-200-pa\\\/#breadcrumb\"},\"inLanguage\":\"de\",\"potentialAction\":[{\"@type\":\"ReadAction\",\"target\":[\"https:\\\/\\\/amrtop.net\\\/produit\\\/gmfr01-manchon-mecanique-a-serrage-manuel-flex-rigide-200-pa\\\/\"]}]},{\"@type\":\"ImageObject\",\"inLanguage\":\"de\",\"@id\":\"https:\\\/\\\/amrtop.net\\\/produit\\\/gmfr01-manchon-mecanique-a-serrage-manuel-flex-rigide-200-pa\\\/#primaryimage\",\"url\":\"https:\\\/\\\/amrtop.net\\\/wp-content\\\/uploads\\\/2022\\\/06\\\/gmfr01.jpg\",\"contentUrl\":\"https:\\\/\\\/amrtop.net\\\/wp-content\\\/uploads\\\/2022\\\/06\\\/gmfr01.jpg\",\"width\":640,\"height\":640,\"caption\":\"Giunto meccanico serraggio manuale\"},{\"@type\":\"BreadcrumbList\",\"@id\":\"https:\\\/\\\/amrtop.net\\\/produit\\\/gmfr01-manchon-mecanique-a-serrage-manuel-flex-rigide-200-pa\\\/#breadcrumb\",\"itemListElement\":[{\"@type\":\"ListItem\",\"position\":1,\"name\":\"Home\",\"item\":\"https:\\\/\\\/amrtop.net\\\/\"},{\"@type\":\"ListItem\",\"position\":2,\"name\":\"Shop\",\"item\":\"https:\\\/\\\/amrtop.net\\\/negozio\\\/\"},{\"@type\":\"ListItem\",\"position\":3,\"name\":\"GMFR01&#8230; &#8211; Manchon m\u00e9canique \u00e0 serrage manuel flex \\\/ rigide 200 Pa\"}]},{\"@type\":\"WebSite\",\"@id\":\"https:\\\/\\\/amrtop.net\\\/#website\",\"url\":\"https:\\\/\\\/amrtop.net\\\/\",\"name\":\"AMRTOP B2B \u00c9tranger - Achats r\u00e9serv\u00e9s au professionnel\",\"description\":\"Pi\u00e8ces de rechange et accessoires pour po\u00eales et chaudi\u00e8res - eCommerce B2B pour Clients Professionnels\",\"potentialAction\":[{\"@type\":\"SearchAction\",\"target\":{\"@type\":\"EntryPoint\",\"urlTemplate\":\"https:\\\/\\\/amrtop.net\\\/?s={search_term_string}\"},\"query-input\":{\"@type\":\"PropertyValueSpecification\",\"valueRequired\":true,\"valueName\":\"search_term_string\"}}],\"inLanguage\":\"de\"}]}<\/script>\n<!-- \/ Yoast SEO plugin. -->","yoast_head_json":{"title":"Manchon m\u00e9canique \u00e0 serrage manuel flex \/ rigide 200 Pa","description":"Manchon m\u00e9canique \u00e0 serrage manuel flex \/ rigide 200 Pa Tubes - Conduits de fum\u00e9e - Chemin\u00e9es - Syst\u00e8mes d\u2019extraction et accessoires de l\u2019air et des fum\u00e9es en mono et double paroi interne lisses ondul\u00e9s et flexibles dans divers diam\u00e8tres vendus au m\u00e8tre et en rouleaux avec bo\u00eetes am\u00e9ricaines et dispencer avec \u00e9paisseur minimum de 0.10 mm en aciaio inox aisi 316L 304L - 904L","robots":{"index":"index","follow":"follow","max-snippet":"max-snippet:-1","max-image-preview":"max-image-preview:large","max-video-preview":"max-video-preview:-1"},"canonical":"https:\/\/amrtop.net\/de\/produkt\/gmfr01-manchon-mecanique-a-serrage-manuel-flex-rigide-200-pa\/","og_locale":"de_DE","og_type":"article","og_title":"Manchon m\u00e9canique \u00e0 serrage manuel flex \/ rigide 200 Pa","og_description":"Manchon m\u00e9canique \u00e0 serrage manuel flex \/ rigide 200 Pa Tubes - Conduits de fum\u00e9e - Chemin\u00e9es - Syst\u00e8mes d\u2019extraction et accessoires de l\u2019air et des fum\u00e9es en mono et double paroi interne lisses ondul\u00e9s et flexibles dans divers diam\u00e8tres vendus au m\u00e8tre et en rouleaux avec bo\u00eetes am\u00e9ricaines et dispencer avec \u00e9paisseur minimum de 0.10 mm en aciaio inox aisi 316L 304L - 904L","og_url":"https:\/\/amrtop.net\/de\/produkt\/gmfr01-manchon-mecanique-a-serrage-manuel-flex-rigide-200-pa\/","og_site_name":"AMRTOP B2B \u00c9tranger - Achats r\u00e9serv\u00e9s au professionnel","article_modified_time":"2023-06-14T12:41:17+00:00","og_image":[{"width":640,"height":640,"url":"https:\/\/amrtop.net\/wp-content\/uploads\/2022\/06\/gmfr01.jpg","type":"image\/jpeg"}],"twitter_card":"summary_large_image","twitter_misc":{"Gesch\u00e4tzte Lesezeit":"2\u00a0Minuten"},"schema":{"@context":"https:\/\/schema.org","@graph":[{"@type":"WebPage","@id":"https:\/\/amrtop.net\/produit\/gmfr01-manchon-mecanique-a-serrage-manuel-flex-rigide-200-pa\/","url":"https:\/\/amrtop.net\/produit\/gmfr01-manchon-mecanique-a-serrage-manuel-flex-rigide-200-pa\/","name":"Manchon m\u00e9canique \u00e0 serrage manuel flex \/ rigide 200 Pa","isPartOf":{"@id":"https:\/\/amrtop.net\/#website"},"primaryImageOfPage":{"@id":"https:\/\/amrtop.net\/produit\/gmfr01-manchon-mecanique-a-serrage-manuel-flex-rigide-200-pa\/#primaryimage"},"image":{"@id":"https:\/\/amrtop.net\/produit\/gmfr01-manchon-mecanique-a-serrage-manuel-flex-rigide-200-pa\/#primaryimage"},"thumbnailUrl":"https:\/\/amrtop.net\/wp-content\/uploads\/2022\/06\/gmfr01.jpg","datePublished":"2022-06-08T15:50:24+00:00","dateModified":"2023-06-14T12:41:17+00:00","description":"Manchon m\u00e9canique \u00e0 serrage manuel flex \/ rigide 200 Pa Tubes - Conduits de fum\u00e9e - Chemin\u00e9es - Syst\u00e8mes d\u2019extraction et accessoires de l\u2019air et des fum\u00e9es en mono et double paroi interne lisses ondul\u00e9s et flexibles dans divers diam\u00e8tres vendus au m\u00e8tre et en rouleaux avec bo\u00eetes am\u00e9ricaines et dispencer avec \u00e9paisseur minimum de 0.10 mm en aciaio inox aisi 316L 304L - 904L","breadcrumb":{"@id":"https:\/\/amrtop.net\/produit\/gmfr01-manchon-mecanique-a-serrage-manuel-flex-rigide-200-pa\/#breadcrumb"},"inLanguage":"de","potentialAction":[{"@type":"ReadAction","target":["https:\/\/amrtop.net\/produit\/gmfr01-manchon-mecanique-a-serrage-manuel-flex-rigide-200-pa\/"]}]},{"@type":"ImageObject","inLanguage":"de","@id":"https:\/\/amrtop.net\/produit\/gmfr01-manchon-mecanique-a-serrage-manuel-flex-rigide-200-pa\/#primaryimage","url":"https:\/\/amrtop.net\/wp-content\/uploads\/2022\/06\/gmfr01.jpg","contentUrl":"https:\/\/amrtop.net\/wp-content\/uploads\/2022\/06\/gmfr01.jpg","width":640,"height":640,"caption":"Giunto meccanico serraggio manuale"},{"@type":"BreadcrumbList","@id":"https:\/\/amrtop.net\/produit\/gmfr01-manchon-mecanique-a-serrage-manuel-flex-rigide-200-pa\/#breadcrumb","itemListElement":[{"@type":"ListItem","position":1,"name":"Home","item":"https:\/\/amrtop.net\/"},{"@type":"ListItem","position":2,"name":"Shop","item":"https:\/\/amrtop.net\/negozio\/"},{"@type":"ListItem","position":3,"name":"GMFR01&#8230; &#8211; Manchon m\u00e9canique \u00e0 serrage manuel flex \/ rigide 200 Pa"}]},{"@type":"WebSite","@id":"https:\/\/amrtop.net\/#website","url":"https:\/\/amrtop.net\/","name":"AMRTOP B2B Ausland - Einkaufen nur f\u00fcr Fachleute","description":"Ersatzteile und Zubeh\u00f6r f\u00fcr \u00d6fen und Heizkessel - B2B eCommerce f\u00fcr Gesch\u00e4ftskunden","potentialAction":[{"@type":"SearchAction","target":{"@type":"EntryPoint","urlTemplate":"https:\/\/amrtop.net\/?s={search_term_string}"},"query-input":{"@type":"PropertyValueSpecification","valueRequired":true,"valueName":"search_term_string"}}],"inLanguage":"de"}]}},"_links":{"self":[{"href":"https:\/\/amrtop.net\/de\/wp-json\/wp\/v2\/product\/31020","targetHints":{"allow":["GET"]}}],"collection":[{"href":"https:\/\/amrtop.net\/de\/wp-json\/wp\/v2\/product"}],"about":[{"href":"https:\/\/amrtop.net\/de\/wp-json\/wp\/v2\/types\/product"}],"replies":[{"embeddable":true,"href":"https:\/\/amrtop.net\/de\/wp-json\/wp\/v2\/comments?post=31020"}],"wp:featuredmedia":[{"embeddable":true,"href":"https:\/\/amrtop.net\/de\/wp-json\/wp\/v2\/media\/32569"}],"wp:attachment":[{"href":"https:\/\/amrtop.net\/de\/wp-json\/wp\/v2\/media?parent=31020"}],"wp:term":[{"taxonomy":"product_brand","embeddable":true,"href":"https:\/\/amrtop.net\/de\/wp-json\/wp\/v2\/product_brand?post=31020"},{"taxonomy":"product_cat","embeddable":true,"href":"https:\/\/amrtop.net\/de\/wp-json\/wp\/v2\/product_cat?post=31020"},{"taxonomy":"product_tag","embeddable":true,"href":"https:\/\/amrtop.net\/de\/wp-json\/wp\/v2\/product_tag?post=31020"}],"curies":[{"name":"wp","href":"https:\/\/api.w.org\/{rel}","templated":true}]}}