{"id":31206,"date":"2022-06-09T09:57:25","date_gmt":"2022-06-09T09:57:25","guid":{"rendered":"https:\/\/amrtop.com\/B2B\/?post_type=product&#038;p=31206"},"modified":"2023-06-08T08:23:08","modified_gmt":"2023-06-08T08:23:08","slug":"konzentrischer-puffer-koassial-edelstahl","status":"publish","type":"product","link":"https:\/\/amrtop.net\/de\/produit\/tampon-concentrique-coassiale-inox\/","title":{"rendered":"CXPI13... - Konzentrischer Puffer"},"content":{"rendered":"<h3>Konzentrischer koassialer Puffer aus Edelstahl<\/h3>\n<p>Innen: Edelstahl 316L - Au\u00dfen: Edelstahl 304<br \/>\nAlle Teile werden mit der bereits montierten Dichtung Innenwand geliefert.<br \/>\nBei einem Dach\u00fcberstand muss unbedingt eine Dichtung im weiblichen Teil hinzugef\u00fcgt werden.<br \/>\nder Au\u00dfenwand des COAX sowie einen Sicherheitsflansch.<\/p>\n<h3>Schmieren Sie die Dichtung vor der Montage<\/h3>\n<h3>Markierung<\/h3>\n<p>CE nach NF EN 14989-2 T600 N1 W V2 L50040 G100<\/p>\n<h3>Verwendung von konzentrischen koassialen Edelstahlpuffern<\/h3>\n<p>Verwendung des Koaxialrohrs aus Edelstahl aisi 316 und au\u00dfen 304 aus dem Sortiment\u00a0<strong>CXP INOX INOX<\/strong>\u00a0von\u00a0<strong>Amrtop<\/strong>\u00a0besteht aus zwei ineinander liegenden Rohren, die eine doppelte Luftkammer bilden: Das innere Rohr dient dem Abzug der Rauchgase, w\u00e4hrend das \u00e4u\u00dfere Rohr f\u00fcr die Zufuhr von Luft verwendet wird, die dem Ofen als Oxidationsmittel dient. Die Luft wird so beim Kontakt mit dem Innenrohr erhitzt und erh\u00f6ht den Wirkungsgrad um fast 10 %<\/p>\n<h3>Anwendung Installation<\/h3>\n<p>Intern oder extern.<\/p>\n<h3>H\u00e4uslich<\/h3>\n<p><a href=\"https:\/\/wekos.it\/\">stufe, cucine e termocucine a legna<\/a>\u00a0-\u00a0<a href=\"https:\/\/www.greenpuros.com\/\">caminetti, stufe, termostufe und caldaie a pellet.<\/a><\/p>\n<h3><strong>Sortiment an Rauchsystemen von AMR TOP \u00a0\u00a0\u00a0\u00a0\u00a0\u00a0\u00a0\u00a0\u00a0\u00a0\u00a0\u00a0\u00a0\u00a0\u00a0\u00a0\u00a0\u00a0\u00a0\u00a0\u00a0\u00a0\u00a0\u00a0\u00a0\u00a0\u00a0\u00a0\u00a0\u00a0\u00a0\u00a0\u00a0\u00a0\u00a0\u00a0\u00a0\u00a0\u00a0\u00a0\u00a0\u00a0\u00a0\u00a0\u00a0\u00a0\u00a0 \u00a0\u00a0\u00a0\u00a0\u00a0\u00a0\u00a0\u00a0\u00a0\u00a0\u00a0\u00a0\u00a0\u00a0\u00a0\u00a0\u00a0\u00a0\u00a0\u00a0\u00a0\u00a0\u00a0\u00a0\u00a0\u00a0\u00a0\u00a0\u00a0\u00a0\u00a0\u00a0\u00a0\u00a0\u00a0\u00a0\u00a0\u00a0\u00a0\u00a0\u00a0\u00a0\u00a0\u00a0\u00a0\u00a0\u00a0\u00a0\u00a0\u00a0\u00a0\u00a0\u00a0\u00a0\u00a0\u00a0\u00a0\u00a0\u00a0\u00a0\u00a0\u00a0\u00a0\u00a0\u00a0\u00a0<\/strong><\/h3>\n<p><a href=\"https:\/\/amrtop.com\/B2B\/fr\/categorie-produit\/canne-fumarie\/tubi-flessibili-inox\/\"><strong>Top flex SP - Tubi flessibili inox corrugati mono e doppia parete<\/strong><\/a><\/p>\n<p><a href=\"https:\/\/amrtop.com\/B2B\/categoria-prodotto\/canne-fumarie\/tubo-monoparete-acciaio-inox\/\"><strong>Sp - Tubo rigido mono parete inox aisi 316L<\/strong><\/a><\/p>\n<p><a href=\"https:\/\/amrtop.com\/B2B\/categoria-prodotto\/canne-fumarie\/isotop-flex-flessibile-coibentato\/\"><strong>Iso top flex - Tubo flessisbile doppia parete interno liscio coibentato<\/strong><\/a><\/p>\n<p><a href=\"https:\/\/amrtop.com\/B2B\/categoria-prodotto\/canne-fumarie\/dp-aria-doppia-parete-aria\/\"><strong>Dp air - Tubo doppia parete inox a camera d'aria<\/strong><\/a><\/p>\n<p><a href=\"https:\/\/amrtop.com\/B2B\/categoria-prodotto\/canne-fumarie\/dp-doppia-parete\/\"><strong>Dp - Tubo doppia parete inox coibentati 10 mm - 25 mm<\/strong><\/a><\/p>\n<p><a href=\"https:\/\/amrtop.com\/B2B\/categoria-prodotto\/canne-fumarie\/coax-top-coassiale\/\"><strong>Coax top - Tubo coassiale inox<\/strong><\/a><\/p>\n<p><a href=\"https:\/\/amrtop.com\/B2B\/categoria-prodotto\/canne-fumarie\/coax-pellet-tubo-coassiale-inox\/\"><strong>Coax pellet - Koaxialrohr aus rostfreiem Stahl<\/strong><\/a><\/p>\n<p><a href=\"https:\/\/amrtop.com\/B2B\/categoria-prodotto\/canne-fumarie\/biom-top\/\"><strong>Biom top - Tubi per stufe a pellet<\/strong><\/a><\/p>\n<p><a href=\"https:\/\/amrtop.com\/B2B\/categoria-prodotto\/canne-fumarie\/alutop-alluminio-estensibile\/\"><strong>Alu top - Tubo alluminio flessibile estensibile<\/strong><\/a><\/p>","protected":false},"excerpt":{"rendered":"<p>Tampon concentrique coassiale inox Int\u00e9rieur : Inox 316L \u2013 Ext\u00e9rieur : Inox 304 Toutes les pi\u00e8ces sont livr\u00e9es avec le joint d\u2019\u00e9tanch\u00e9it\u00e9 d\u00e9j\u00e0 mont\u00e9 paroi int\u00e9rieure. En cas de d\u00e9passement de toiture, il faut imp\u00e9rativement ajouter un joint dans la partie femelle de la paroi ext\u00e9rieure du COAX ainsi qu\u2019une bride de s\u00e9curit\u00e9. Lubrifier le [&hellip;]<\/p>\n","protected":false},"featured_media":32842,"comment_status":"open","ping_status":"closed","template":"","meta":[],"product_brand":[],"product_cat":[1555,1544],"product_tag":[],"class_list":{"0":"post-31206","1":"product","2":"type-product","3":"status-publish","4":"has-post-thumbnail","6":"product_cat-tuyau-coaxial-inox-inox-black","7":"product_cat-conduit-etanche-concentrique-inox","9":"first","10":"instock","11":"shipping-taxable","12":"purchasable","13":"product-type-variable"},"yoast_head":"<!-- This site is optimized with the Yoast SEO plugin v27.4 - https:\/\/yoast.com\/product\/yoast-seo-wordpress\/ -->\n<title>Tampon concentrique coassiale inox<\/title>\n<meta name=\"description\" content=\"Tampon concentrique coassiale inox Utilisation du tuyau coaxial inox aisi 316 et\u00a0 l\u2019ext\u00e9rieur 304\u00a0 de la gamme\u00a0CXP INOX INOX\u00a0de\u00a0Amrtop\" \/>\n<meta name=\"robots\" content=\"index, follow, max-snippet:-1, max-image-preview:large, max-video-preview:-1\" \/>\n<link rel=\"canonical\" href=\"https:\/\/amrtop.net\/de\/produkt\/konzentrischer-puffer-koassial-edelstahl\/\" \/>\n<meta property=\"og:locale\" content=\"de_DE\" \/>\n<meta property=\"og:type\" content=\"article\" \/>\n<meta property=\"og:title\" content=\"Tampon concentrique coassiale inox\" \/>\n<meta property=\"og:description\" content=\"Tampon concentrique coassiale inox Utilisation du tuyau coaxial inox aisi 316 et\u00a0 l\u2019ext\u00e9rieur 304\u00a0 de la gamme\u00a0CXP INOX INOX\u00a0de\u00a0Amrtop\" \/>\n<meta property=\"og:url\" content=\"https:\/\/amrtop.net\/de\/produkt\/konzentrischer-puffer-koassial-edelstahl\/\" \/>\n<meta property=\"og:site_name\" content=\"AMRTOP B2B \u00c9tranger - Achats r\u00e9serv\u00e9s au professionnel\" \/>\n<meta property=\"article:modified_time\" content=\"2023-06-08T08:23:08+00:00\" \/>\n<meta property=\"og:image\" content=\"https:\/\/amrtop.net\/wp-content\/uploads\/2022\/06\/cxpi13.jpg\" \/>\n\t<meta property=\"og:image:width\" content=\"640\" \/>\n\t<meta property=\"og:image:height\" content=\"640\" \/>\n\t<meta property=\"og:image:type\" content=\"image\/jpeg\" \/>\n<meta name=\"twitter:card\" content=\"summary_large_image\" \/>\n<meta name=\"twitter:label1\" content=\"Gesch\u00e4tzte Lesezeit\" \/>\n\t<meta name=\"twitter:data1\" content=\"2\u00a0Minuten\" \/>\n<script type=\"application\/ld+json\" class=\"yoast-schema-graph\">{\"@context\":\"https:\\\/\\\/schema.org\",\"@graph\":[{\"@type\":\"WebPage\",\"@id\":\"https:\\\/\\\/amrtop.net\\\/produit\\\/tampon-concentrique-coassiale-inox\\\/\",\"url\":\"https:\\\/\\\/amrtop.net\\\/produit\\\/tampon-concentrique-coassiale-inox\\\/\",\"name\":\"Tampon concentrique coassiale inox\",\"isPartOf\":{\"@id\":\"https:\\\/\\\/amrtop.net\\\/#website\"},\"primaryImageOfPage\":{\"@id\":\"https:\\\/\\\/amrtop.net\\\/produit\\\/tampon-concentrique-coassiale-inox\\\/#primaryimage\"},\"image\":{\"@id\":\"https:\\\/\\\/amrtop.net\\\/produit\\\/tampon-concentrique-coassiale-inox\\\/#primaryimage\"},\"thumbnailUrl\":\"https:\\\/\\\/amrtop.net\\\/wp-content\\\/uploads\\\/2022\\\/06\\\/cxpi13.jpg\",\"datePublished\":\"2022-06-09T09:57:25+00:00\",\"dateModified\":\"2023-06-08T08:23:08+00:00\",\"description\":\"Tampon concentrique coassiale inox Utilisation du tuyau coaxial inox aisi 316 et\u00a0 l\u2019ext\u00e9rieur 304\u00a0 de la gamme\u00a0CXP INOX INOX\u00a0de\u00a0Amrtop\",\"breadcrumb\":{\"@id\":\"https:\\\/\\\/amrtop.net\\\/produit\\\/tampon-concentrique-coassiale-inox\\\/#breadcrumb\"},\"inLanguage\":\"de\",\"potentialAction\":[{\"@type\":\"ReadAction\",\"target\":[\"https:\\\/\\\/amrtop.net\\\/produit\\\/tampon-concentrique-coassiale-inox\\\/\"]}]},{\"@type\":\"ImageObject\",\"inLanguage\":\"de\",\"@id\":\"https:\\\/\\\/amrtop.net\\\/produit\\\/tampon-concentrique-coassiale-inox\\\/#primaryimage\",\"url\":\"https:\\\/\\\/amrtop.net\\\/wp-content\\\/uploads\\\/2022\\\/06\\\/cxpi13.jpg\",\"contentUrl\":\"https:\\\/\\\/amrtop.net\\\/wp-content\\\/uploads\\\/2022\\\/06\\\/cxpi13.jpg\",\"width\":640,\"height\":640,\"caption\":\"Tampon concentrique coassiale inox\"},{\"@type\":\"BreadcrumbList\",\"@id\":\"https:\\\/\\\/amrtop.net\\\/produit\\\/tampon-concentrique-coassiale-inox\\\/#breadcrumb\",\"itemListElement\":[{\"@type\":\"ListItem\",\"position\":1,\"name\":\"Home\",\"item\":\"https:\\\/\\\/amrtop.net\\\/\"},{\"@type\":\"ListItem\",\"position\":2,\"name\":\"Shop\",\"item\":\"https:\\\/\\\/amrtop.net\\\/negozio\\\/\"},{\"@type\":\"ListItem\",\"position\":3,\"name\":\"CXPI13&#8230; &#8211; Tampon concentrique\"}]},{\"@type\":\"WebSite\",\"@id\":\"https:\\\/\\\/amrtop.net\\\/#website\",\"url\":\"https:\\\/\\\/amrtop.net\\\/\",\"name\":\"AMRTOP B2B \u00c9tranger - Achats r\u00e9serv\u00e9s au professionnel\",\"description\":\"Pi\u00e8ces de rechange et accessoires pour po\u00eales et chaudi\u00e8res - eCommerce B2B pour Clients Professionnels\",\"potentialAction\":[{\"@type\":\"SearchAction\",\"target\":{\"@type\":\"EntryPoint\",\"urlTemplate\":\"https:\\\/\\\/amrtop.net\\\/?s={search_term_string}\"},\"query-input\":{\"@type\":\"PropertyValueSpecification\",\"valueRequired\":true,\"valueName\":\"search_term_string\"}}],\"inLanguage\":\"de\"}]}<\/script>\n<!-- \/ Yoast SEO plugin. -->","yoast_head_json":{"title":"Konzentrischer koassialer Puffer aus Edelstahl","description":"Konzentrischer Koaxialpuffer aus Edelstahl Verwendung des Koaxialrohrs aus Edelstahl aisi 316 und au\u00dfen 304 aus dem Sortiment CXP INOX INOX von Amrtop","robots":{"index":"index","follow":"follow","max-snippet":"max-snippet:-1","max-image-preview":"max-image-preview:large","max-video-preview":"max-video-preview:-1"},"canonical":"https:\/\/amrtop.net\/de\/produkt\/konzentrischer-puffer-koassial-edelstahl\/","og_locale":"de_DE","og_type":"article","og_title":"Tampon concentrique coassiale inox","og_description":"Tampon concentrique coassiale inox Utilisation du tuyau coaxial inox aisi 316 et\u00a0 l\u2019ext\u00e9rieur 304\u00a0 de la gamme\u00a0CXP INOX INOX\u00a0de\u00a0Amrtop","og_url":"https:\/\/amrtop.net\/de\/produkt\/konzentrischer-puffer-koassial-edelstahl\/","og_site_name":"AMRTOP B2B \u00c9tranger - Achats r\u00e9serv\u00e9s au professionnel","article_modified_time":"2023-06-08T08:23:08+00:00","og_image":[{"width":640,"height":640,"url":"https:\/\/amrtop.net\/wp-content\/uploads\/2022\/06\/cxpi13.jpg","type":"image\/jpeg"}],"twitter_card":"summary_large_image","twitter_misc":{"Gesch\u00e4tzte Lesezeit":"2\u00a0Minuten"},"schema":{"@context":"https:\/\/schema.org","@graph":[{"@type":"WebPage","@id":"https:\/\/amrtop.net\/produit\/tampon-concentrique-coassiale-inox\/","url":"https:\/\/amrtop.net\/produit\/tampon-concentrique-coassiale-inox\/","name":"Konzentrischer koassialer Puffer aus Edelstahl","isPartOf":{"@id":"https:\/\/amrtop.net\/#website"},"primaryImageOfPage":{"@id":"https:\/\/amrtop.net\/produit\/tampon-concentrique-coassiale-inox\/#primaryimage"},"image":{"@id":"https:\/\/amrtop.net\/produit\/tampon-concentrique-coassiale-inox\/#primaryimage"},"thumbnailUrl":"https:\/\/amrtop.net\/wp-content\/uploads\/2022\/06\/cxpi13.jpg","datePublished":"2022-06-09T09:57:25+00:00","dateModified":"2023-06-08T08:23:08+00:00","description":"Konzentrischer Koaxialpuffer aus Edelstahl Verwendung des Koaxialrohrs aus Edelstahl aisi 316 und au\u00dfen 304 aus dem Sortiment CXP INOX INOX von Amrtop","breadcrumb":{"@id":"https:\/\/amrtop.net\/produit\/tampon-concentrique-coassiale-inox\/#breadcrumb"},"inLanguage":"de","potentialAction":[{"@type":"ReadAction","target":["https:\/\/amrtop.net\/produit\/tampon-concentrique-coassiale-inox\/"]}]},{"@type":"ImageObject","inLanguage":"de","@id":"https:\/\/amrtop.net\/produit\/tampon-concentrique-coassiale-inox\/#primaryimage","url":"https:\/\/amrtop.net\/wp-content\/uploads\/2022\/06\/cxpi13.jpg","contentUrl":"https:\/\/amrtop.net\/wp-content\/uploads\/2022\/06\/cxpi13.jpg","width":640,"height":640,"caption":"Tampon concentrique coassiale inox"},{"@type":"BreadcrumbList","@id":"https:\/\/amrtop.net\/produit\/tampon-concentrique-coassiale-inox\/#breadcrumb","itemListElement":[{"@type":"ListItem","position":1,"name":"Home","item":"https:\/\/amrtop.net\/"},{"@type":"ListItem","position":2,"name":"Shop","item":"https:\/\/amrtop.net\/negozio\/"},{"@type":"ListItem","position":3,"name":"CXPI13&#8230; &#8211; Tampon concentrique"}]},{"@type":"WebSite","@id":"https:\/\/amrtop.net\/#website","url":"https:\/\/amrtop.net\/","name":"AMRTOP B2B Ausland - Einkaufen nur f\u00fcr Fachleute","description":"Ersatzteile und Zubeh\u00f6r f\u00fcr \u00d6fen und Heizkessel - B2B eCommerce f\u00fcr Gesch\u00e4ftskunden","potentialAction":[{"@type":"SearchAction","target":{"@type":"EntryPoint","urlTemplate":"https:\/\/amrtop.net\/?s={search_term_string}"},"query-input":{"@type":"PropertyValueSpecification","valueRequired":true,"valueName":"search_term_string"}}],"inLanguage":"de"}]}},"_links":{"self":[{"href":"https:\/\/amrtop.net\/de\/wp-json\/wp\/v2\/product\/31206","targetHints":{"allow":["GET"]}}],"collection":[{"href":"https:\/\/amrtop.net\/de\/wp-json\/wp\/v2\/product"}],"about":[{"href":"https:\/\/amrtop.net\/de\/wp-json\/wp\/v2\/types\/product"}],"replies":[{"embeddable":true,"href":"https:\/\/amrtop.net\/de\/wp-json\/wp\/v2\/comments?post=31206"}],"wp:featuredmedia":[{"embeddable":true,"href":"https:\/\/amrtop.net\/de\/wp-json\/wp\/v2\/media\/32842"}],"wp:attachment":[{"href":"https:\/\/amrtop.net\/de\/wp-json\/wp\/v2\/media?parent=31206"}],"wp:term":[{"taxonomy":"product_brand","embeddable":true,"href":"https:\/\/amrtop.net\/de\/wp-json\/wp\/v2\/product_brand?post=31206"},{"taxonomy":"product_cat","embeddable":true,"href":"https:\/\/amrtop.net\/de\/wp-json\/wp\/v2\/product_cat?post=31206"},{"taxonomy":"product_tag","embeddable":true,"href":"https:\/\/amrtop.net\/de\/wp-json\/wp\/v2\/product_tag?post=31206"}],"curies":[{"name":"wp","href":"https:\/\/api.w.org\/{rel}","templated":true}]}}