{"id":33207,"date":"2022-06-16T13:11:37","date_gmt":"2022-06-16T13:11:37","guid":{"rendered":"https:\/\/amrtop.com\/B2B\/?post_type=product&#038;p=33207"},"modified":"2023-06-08T08:14:20","modified_gmt":"2023-06-08T08:14:20","slug":"plaque-proprete-inclinable-inox","status":"publish","type":"product","link":"https:\/\/amrtop.net\/de\/produit\/plaque-proprete-inclinable-inox\/","title":{"rendered":"Neigbare Sauberkeitsplatte aus Edelstahl"},"content":{"rendered":"<h3>Neigbare Sauberkeitsplatte aus Edelstahl<\/h3>\n<p>Das Zubeh\u00f6r f\u00fcr das Koaxialrohr ist wie folgt: Vertikales Renovierungs-Terminal - Hohe Abschlussplatte 400 x 400 - Zwischenplatte - T-St\u00fcck 90\u00b0 DP isoliert - COAX-Element mit Luftanschluss \u00d8 60 - COAX-Element mit Luftanschluss \u00d8 60 - Verstellbare Verl\u00e4ngerung 0,25 mm - Konzentrischer Sicherheitsflansch - Rundes schwarzes und wei\u00dfes Abschlussgeh\u00e4use - Neigbare Sauberkeitsplatte Edelstahl - wei\u00df - schwarz 0\u00b0 bis 10\u00b0 oder 10\u00b0 bis 30\u00b0 oder 30\u00b0 bis 40\u00b0 oder 40\u00b0 bis 50\u00b0 - Aluminium-Flex d. 0,12 mm - Flex Aluminium St. 0,6 mm - Flex Glasgewebe schwarz mit Armatur 4 m - Flex Glasgewebe schwarz mit Armatur 1 m - Edelstahlklemme - Durchmesservergr\u00f6\u00dferung Alu m\u00e4nnlich oder Alu schwarz m\u00e4nnlich - Wandluftzufuhr schwarz oder Edelstahl - Konzentrisches Element Edelstahl Horizontale Luftzufuhr mit Rauchabzug - Niedrige wei\u00dfe Abschlussplatte Saugnapf Typ C9 f\u00fcr Koax und vieles mehr ....<\/p>\n<p><strong>Schmieren Sie die Dichtung vor der Montage<\/strong><\/p>\n<h3><strong>Markierung<\/strong><\/h3>\n<p>CE nach NF EN 14989-2 T600 N1 W V2 L50040 G100<\/p>\n<h3><strong>Verwendung von les p<\/strong>lackierung sauberkeit neigbar edelstahl<\/h3>\n<p>Zubeh\u00f6r f\u00fcr die Reihe\u00a0<strong>CXP KOAXIAL PELLET EDELSTAHL - EDELSTAHL UND EDELSTAHL- EDELSTAHL BLACK<\/strong>\u00a0erm\u00f6glicht es Ihnen, Ihren Rauchabzug zu vervollst\u00e4ndigen, indem Sie L\u00f6sungen anbieten, die die Arbeit f\u00fcr den Monteur vereinfachen und ein gutes \u00e4sthetisches Ergebnis erzielen, indem Sie die von Amrtop angebotenen Spezial- und Endst\u00fccke verwenden.<\/p>\n<h3><strong>Anwendung Installation<\/strong><\/h3>\n<p>Intern oder extern.<\/p>\n<h3><strong>H\u00e4uslich<\/strong><\/h3>\n<p><a href=\"https:\/\/wekos.it\/\">stufe, cucine e termocucine a legna<\/a>\u00a0-\u00a0<a href=\"https:\/\/www.greenpuros.com\/\">caminetti, stufe, termostufe und caldaie a pellet.<\/a><\/p>\n<h3><strong>Sortiment an Rauchsystemen von AMR TOP \u00a0\u00a0\u00a0\u00a0\u00a0\u00a0\u00a0\u00a0\u00a0\u00a0\u00a0\u00a0\u00a0\u00a0\u00a0\u00a0\u00a0\u00a0\u00a0\u00a0\u00a0\u00a0\u00a0\u00a0\u00a0\u00a0\u00a0\u00a0\u00a0\u00a0\u00a0\u00a0\u00a0\u00a0\u00a0\u00a0\u00a0\u00a0\u00a0\u00a0\u00a0\u00a0\u00a0\u00a0\u00a0\u00a0\u00a0 \u00a0\u00a0\u00a0\u00a0\u00a0\u00a0\u00a0\u00a0\u00a0\u00a0\u00a0\u00a0\u00a0\u00a0\u00a0\u00a0\u00a0\u00a0\u00a0\u00a0\u00a0\u00a0\u00a0\u00a0\u00a0\u00a0\u00a0\u00a0\u00a0\u00a0\u00a0\u00a0\u00a0\u00a0\u00a0\u00a0\u00a0\u00a0\u00a0\u00a0\u00a0\u00a0\u00a0\u00a0\u00a0\u00a0\u00a0\u00a0\u00a0\u00a0\u00a0\u00a0\u00a0\u00a0\u00a0\u00a0\u00a0\u00a0\u00a0\u00a0\u00a0\u00a0\u00a0\u00a0\u00a0\u00a0<\/strong><\/h3>\n<p><a href=\"https:\/\/amrtop.com\/B2B\/categoria-prodotto\/canne-fumarie\/top-flex-sp-tubi-flessibili-inox\/\"><strong>Top flex SP - Tubi flessibili inox corrugati mono e doppia parete<\/strong><\/a><\/p>\n<p><a href=\"https:\/\/amrtop.com\/B2B\/categoria-prodotto\/canne-fumarie\/tubo-monoparete-acciaio-inox\/\"><strong>Sp - Tubo rigido mono parete inox aisi 316L<\/strong><\/a><\/p>\n<p><a href=\"https:\/\/amrtop.com\/B2B\/categoria-prodotto\/canne-fumarie\/isotop-flex-flessibile-coibentato\/\"><strong>Iso top flex - Tubo flessisbile doppia parete interno liscio coibentato<\/strong><\/a><\/p>\n<p><a href=\"https:\/\/amrtop.com\/B2B\/categoria-prodotto\/canne-fumarie\/dp-aria-doppia-parete-aria\/\"><strong>Dp air - Tubo doppia parete inox a camera d'aria<\/strong><\/a><\/p>\n<p><a href=\"https:\/\/amrtop.com\/B2B\/categoria-prodotto\/canne-fumarie\/dp-doppia-parete\/\"><strong>Dp - Tubo doppia parete inox coibentati 10 mm - 25 mm<\/strong><\/a><\/p>\n<p><a href=\"https:\/\/amrtop.com\/B2B\/categoria-prodotto\/canne-fumarie\/coax-top-coassiale\/\"><strong>Coax top - Tubo coassiale inox<\/strong><\/a><\/p>\n<p><a href=\"https:\/\/amrtop.com\/B2B\/categoria-prodotto\/canne-fumarie\/coax-pellet-tubo-coassiale-inox\/\"><strong>Coax pellet - Koaxialrohr aus rostfreiem Stahl<\/strong><\/a><\/p>\n<p><a href=\"https:\/\/amrtop.com\/B2B\/categoria-prodotto\/canne-fumarie\/biom-top\/\"><strong>Biom top - Tubi per stufe a pellet<\/strong><\/a><\/p>\n<p><a href=\"https:\/\/amrtop.com\/B2B\/categoria-prodotto\/canne-fumarie\/alutop-alluminio-estensibile\/\"><strong>Alu top - Tubo alluminio flessibile estensibile<\/strong><\/a><\/p>","protected":false},"excerpt":{"rendered":"<p>Plaque propret\u00e9 inclinable inox Les accessoires pour le tuyau coaxial sont les suivants: Terminal vertical r\u00e9novation \u2013 Plaque de finition haute 400 x 400 \u2013 Plaque interm\u00e9diaire \u2013 T\u00e9 \u00e0 90\u00b0 DP isol\u00e9 \u2013 \u00a0El\u00e9ment COAX avec prise d\u2019air \u00d8 60 \u2013 El\u00e9ment COAX avec prise d\u2019air \u00d8 60 \u2013 Rallonge ajustable 0,25 mm \u2013 [&hellip;]<\/p>\n","protected":false},"featured_media":33101,"comment_status":"open","ping_status":"closed","template":"","meta":[],"product_brand":[],"product_cat":[1558,1555,1560],"product_tag":[],"class_list":{"0":"post-33207","1":"product","2":"type-product","3":"status-publish","4":"has-post-thumbnail","6":"product_cat-accessoires-finition-coaxiale-inox","7":"product_cat-tuyau-coaxial-inox-inox-black","8":"product_cat-conduits-de-fumee","10":"first","11":"instock","12":"shipping-taxable","13":"purchasable","14":"product-type-variable"},"yoast_head":"<!-- This site is optimized with the Yoast SEO plugin v27.4 - https:\/\/yoast.com\/product\/yoast-seo-wordpress\/ -->\n<title>Plaque propret\u00e9 inclinable inox<\/title>\n<meta name=\"description\" content=\"Plaque propret\u00e9 inclinable inox les accessoires pour la gamme\u00a0CXP COAXIAL PELLET INOX \u2013 INOX ET INOX- INOX BLACK\" \/>\n<meta name=\"robots\" content=\"index, follow, max-snippet:-1, max-image-preview:large, max-video-preview:-1\" \/>\n<link rel=\"canonical\" href=\"https:\/\/amrtop.net\/de\/produkt\/plaque-proprete-inclinable-inox\/\" \/>\n<meta property=\"og:locale\" content=\"de_DE\" \/>\n<meta property=\"og:type\" content=\"article\" \/>\n<meta property=\"og:title\" content=\"Plaque propret\u00e9 inclinable inox\" \/>\n<meta property=\"og:description\" content=\"Plaque propret\u00e9 inclinable inox les accessoires pour la gamme\u00a0CXP COAXIAL PELLET INOX \u2013 INOX ET INOX- INOX BLACK\" \/>\n<meta property=\"og:url\" content=\"https:\/\/amrtop.net\/de\/produkt\/plaque-proprete-inclinable-inox\/\" \/>\n<meta property=\"og:site_name\" content=\"AMRTOP B2B \u00c9tranger - Achats r\u00e9serv\u00e9s au professionnel\" \/>\n<meta property=\"article:modified_time\" content=\"2023-06-08T08:14:20+00:00\" \/>\n<meta property=\"og:image\" content=\"https:\/\/amrtop.net\/wp-content\/uploads\/2022\/06\/Plaque-de-proprete-inclinable-inox-pente.jpg\" \/>\n\t<meta property=\"og:image:width\" content=\"640\" \/>\n\t<meta property=\"og:image:height\" content=\"640\" \/>\n\t<meta property=\"og:image:type\" content=\"image\/jpeg\" \/>\n<meta name=\"twitter:card\" content=\"summary_large_image\" \/>\n<meta name=\"twitter:label1\" content=\"Gesch\u00e4tzte Lesezeit\" \/>\n\t<meta name=\"twitter:data1\" content=\"2\u00a0Minuten\" \/>\n<script type=\"application\/ld+json\" class=\"yoast-schema-graph\">{\"@context\":\"https:\\\/\\\/schema.org\",\"@graph\":[{\"@type\":\"WebPage\",\"@id\":\"https:\\\/\\\/amrtop.net\\\/produit\\\/plaque-proprete-inclinable-inox\\\/\",\"url\":\"https:\\\/\\\/amrtop.net\\\/produit\\\/plaque-proprete-inclinable-inox\\\/\",\"name\":\"Plaque propret\u00e9 inclinable inox\",\"isPartOf\":{\"@id\":\"https:\\\/\\\/amrtop.net\\\/#website\"},\"primaryImageOfPage\":{\"@id\":\"https:\\\/\\\/amrtop.net\\\/produit\\\/plaque-proprete-inclinable-inox\\\/#primaryimage\"},\"image\":{\"@id\":\"https:\\\/\\\/amrtop.net\\\/produit\\\/plaque-proprete-inclinable-inox\\\/#primaryimage\"},\"thumbnailUrl\":\"https:\\\/\\\/amrtop.net\\\/wp-content\\\/uploads\\\/2022\\\/06\\\/Plaque-de-proprete-inclinable-inox-pente.jpg\",\"datePublished\":\"2022-06-16T13:11:37+00:00\",\"dateModified\":\"2023-06-08T08:14:20+00:00\",\"description\":\"Plaque propret\u00e9 inclinable inox les accessoires pour la gamme\u00a0CXP COAXIAL PELLET INOX \u2013 INOX ET INOX- INOX BLACK\",\"breadcrumb\":{\"@id\":\"https:\\\/\\\/amrtop.net\\\/produit\\\/plaque-proprete-inclinable-inox\\\/#breadcrumb\"},\"inLanguage\":\"de\",\"potentialAction\":[{\"@type\":\"ReadAction\",\"target\":[\"https:\\\/\\\/amrtop.net\\\/produit\\\/plaque-proprete-inclinable-inox\\\/\"]}]},{\"@type\":\"ImageObject\",\"inLanguage\":\"de\",\"@id\":\"https:\\\/\\\/amrtop.net\\\/produit\\\/plaque-proprete-inclinable-inox\\\/#primaryimage\",\"url\":\"https:\\\/\\\/amrtop.net\\\/wp-content\\\/uploads\\\/2022\\\/06\\\/Plaque-de-proprete-inclinable-inox-pente.jpg\",\"contentUrl\":\"https:\\\/\\\/amrtop.net\\\/wp-content\\\/uploads\\\/2022\\\/06\\\/Plaque-de-proprete-inclinable-inox-pente.jpg\",\"width\":640,\"height\":640,\"caption\":\"Plaque propret\u00e9 inclinable inox\"},{\"@type\":\"BreadcrumbList\",\"@id\":\"https:\\\/\\\/amrtop.net\\\/produit\\\/plaque-proprete-inclinable-inox\\\/#breadcrumb\",\"itemListElement\":[{\"@type\":\"ListItem\",\"position\":1,\"name\":\"Home\",\"item\":\"https:\\\/\\\/amrtop.net\\\/\"},{\"@type\":\"ListItem\",\"position\":2,\"name\":\"Shop\",\"item\":\"https:\\\/\\\/amrtop.net\\\/negozio\\\/\"},{\"@type\":\"ListItem\",\"position\":3,\"name\":\"Plaque de propret\u00e9 inclinable inox\"}]},{\"@type\":\"WebSite\",\"@id\":\"https:\\\/\\\/amrtop.net\\\/#website\",\"url\":\"https:\\\/\\\/amrtop.net\\\/\",\"name\":\"AMRTOP B2B \u00c9tranger - Achats r\u00e9serv\u00e9s au professionnel\",\"description\":\"Pi\u00e8ces de rechange et accessoires pour po\u00eales et chaudi\u00e8res - eCommerce B2B pour Clients Professionnels\",\"potentialAction\":[{\"@type\":\"SearchAction\",\"target\":{\"@type\":\"EntryPoint\",\"urlTemplate\":\"https:\\\/\\\/amrtop.net\\\/?s={search_term_string}\"},\"query-input\":{\"@type\":\"PropertyValueSpecification\",\"valueRequired\":true,\"valueName\":\"search_term_string\"}}],\"inLanguage\":\"de\"}]}<\/script>\n<!-- \/ Yoast SEO plugin. -->","yoast_head_json":{"title":"Neigbare Sauberkeitsplatte aus Edelstahl","description":"Plaque propret\u00e9 inclinable inox les accessoires pour la gamme\u00a0CXP COAXIAL PELLET INOX \u2013 INOX ET INOX- INOX BLACK","robots":{"index":"index","follow":"follow","max-snippet":"max-snippet:-1","max-image-preview":"max-image-preview:large","max-video-preview":"max-video-preview:-1"},"canonical":"https:\/\/amrtop.net\/de\/produkt\/plaque-proprete-inclinable-inox\/","og_locale":"de_DE","og_type":"article","og_title":"Plaque propret\u00e9 inclinable inox","og_description":"Plaque propret\u00e9 inclinable inox les accessoires pour la gamme\u00a0CXP COAXIAL PELLET INOX \u2013 INOX ET INOX- INOX BLACK","og_url":"https:\/\/amrtop.net\/de\/produkt\/plaque-proprete-inclinable-inox\/","og_site_name":"AMRTOP B2B \u00c9tranger - Achats r\u00e9serv\u00e9s au professionnel","article_modified_time":"2023-06-08T08:14:20+00:00","og_image":[{"width":640,"height":640,"url":"https:\/\/amrtop.net\/wp-content\/uploads\/2022\/06\/Plaque-de-proprete-inclinable-inox-pente.jpg","type":"image\/jpeg"}],"twitter_card":"summary_large_image","twitter_misc":{"Gesch\u00e4tzte Lesezeit":"2\u00a0Minuten"},"schema":{"@context":"https:\/\/schema.org","@graph":[{"@type":"WebPage","@id":"https:\/\/amrtop.net\/produit\/plaque-proprete-inclinable-inox\/","url":"https:\/\/amrtop.net\/produit\/plaque-proprete-inclinable-inox\/","name":"Neigbare Sauberkeitsplatte aus Edelstahl","isPartOf":{"@id":"https:\/\/amrtop.net\/#website"},"primaryImageOfPage":{"@id":"https:\/\/amrtop.net\/produit\/plaque-proprete-inclinable-inox\/#primaryimage"},"image":{"@id":"https:\/\/amrtop.net\/produit\/plaque-proprete-inclinable-inox\/#primaryimage"},"thumbnailUrl":"https:\/\/amrtop.net\/wp-content\/uploads\/2022\/06\/Plaque-de-proprete-inclinable-inox-pente.jpg","datePublished":"2022-06-16T13:11:37+00:00","dateModified":"2023-06-08T08:14:20+00:00","description":"Plaque propret\u00e9 inclinable inox les accessoires pour la gamme\u00a0CXP COAXIAL PELLET INOX \u2013 INOX ET INOX- INOX BLACK","breadcrumb":{"@id":"https:\/\/amrtop.net\/produit\/plaque-proprete-inclinable-inox\/#breadcrumb"},"inLanguage":"de","potentialAction":[{"@type":"ReadAction","target":["https:\/\/amrtop.net\/produit\/plaque-proprete-inclinable-inox\/"]}]},{"@type":"ImageObject","inLanguage":"de","@id":"https:\/\/amrtop.net\/produit\/plaque-proprete-inclinable-inox\/#primaryimage","url":"https:\/\/amrtop.net\/wp-content\/uploads\/2022\/06\/Plaque-de-proprete-inclinable-inox-pente.jpg","contentUrl":"https:\/\/amrtop.net\/wp-content\/uploads\/2022\/06\/Plaque-de-proprete-inclinable-inox-pente.jpg","width":640,"height":640,"caption":"Plaque propret\u00e9 inclinable inox"},{"@type":"BreadcrumbList","@id":"https:\/\/amrtop.net\/produit\/plaque-proprete-inclinable-inox\/#breadcrumb","itemListElement":[{"@type":"ListItem","position":1,"name":"Home","item":"https:\/\/amrtop.net\/"},{"@type":"ListItem","position":2,"name":"Shop","item":"https:\/\/amrtop.net\/negozio\/"},{"@type":"ListItem","position":3,"name":"Plaque de propret\u00e9 inclinable inox"}]},{"@type":"WebSite","@id":"https:\/\/amrtop.net\/#website","url":"https:\/\/amrtop.net\/","name":"AMRTOP B2B Ausland - Einkaufen nur f\u00fcr Fachleute","description":"Ersatzteile und Zubeh\u00f6r f\u00fcr \u00d6fen und Heizkessel - B2B eCommerce f\u00fcr Gesch\u00e4ftskunden","potentialAction":[{"@type":"SearchAction","target":{"@type":"EntryPoint","urlTemplate":"https:\/\/amrtop.net\/?s={search_term_string}"},"query-input":{"@type":"PropertyValueSpecification","valueRequired":true,"valueName":"search_term_string"}}],"inLanguage":"de"}]}},"_links":{"self":[{"href":"https:\/\/amrtop.net\/de\/wp-json\/wp\/v2\/product\/33207","targetHints":{"allow":["GET"]}}],"collection":[{"href":"https:\/\/amrtop.net\/de\/wp-json\/wp\/v2\/product"}],"about":[{"href":"https:\/\/amrtop.net\/de\/wp-json\/wp\/v2\/types\/product"}],"replies":[{"embeddable":true,"href":"https:\/\/amrtop.net\/de\/wp-json\/wp\/v2\/comments?post=33207"}],"wp:featuredmedia":[{"embeddable":true,"href":"https:\/\/amrtop.net\/de\/wp-json\/wp\/v2\/media\/33101"}],"wp:attachment":[{"href":"https:\/\/amrtop.net\/de\/wp-json\/wp\/v2\/media?parent=33207"}],"wp:term":[{"taxonomy":"product_brand","embeddable":true,"href":"https:\/\/amrtop.net\/de\/wp-json\/wp\/v2\/product_brand?post=33207"},{"taxonomy":"product_cat","embeddable":true,"href":"https:\/\/amrtop.net\/de\/wp-json\/wp\/v2\/product_cat?post=33207"},{"taxonomy":"product_tag","embeddable":true,"href":"https:\/\/amrtop.net\/de\/wp-json\/wp\/v2\/product_tag?post=33207"}],"curies":[{"name":"wp","href":"https:\/\/api.w.org\/{rel}","templated":true}]}}