{"id":3572,"date":"2020-01-10T00:00:00","date_gmt":"2020-01-10T00:00:00","guid":{"rendered":"https:\/\/amrtop.com\/B2B\/?post_type=product&#038;p=3572"},"modified":"2023-06-23T08:18:39","modified_gmt":"2023-06-23T08:18:39","slug":"kerze-mit-anschluss-3-8%e2%80%b3-o-99-mm-300-watt-gesamtlange-148-mm-code-eld60022","status":"publish","type":"product","link":"https:\/\/amrtop.net\/de\/produit\/bougie-avec-raccord-3-8%e2%80%b3-o-99-mm-300-watt-longueur-totale-148-mm-code-eld60022\/","title":{"rendered":"Kerze mit 3\/8\u2033-Anschluss \u00f8 9,9 mm - 300 Watt - Gesamtl\u00e4nge 148 mm - Code ELD60022"},"content":{"rendered":"<hr \/>\n<h1><strong>Z\u00fcndkerze mit 3\/8\u2033-Anschluss L.148<\/strong><\/h1>\n<p><strong>Amrtop<\/strong>\u00a0bietet 12 Typen von Z\u00fcndkerzen mit 3\/8\u2033-Anschluss \u00f8 9,9 mm in verschiedenen L\u00e4ngen sind vom Typ\u00a0<strong>hohe Leistungsdichte mit der Ultramax SC400-Technologie\u00a0<\/strong>Sie geh\u00f6ren zur neuen Generation von elektrischen Heizelementen, da sie hohe Wattlasten in sehr konzentrierten R\u00e4umen erm\u00f6glichen. Sie garantieren eine hohe Zuverl\u00e4ssigkeit auch unter sehr schwierigen Arbeitsbedingungen. Dies wird durch die besondere Konstruktionstechnologie erm\u00f6glicht, die diese Ger\u00e4te zum fortschrittlichsten Ausdruck unter den Heizelementen macht.<\/p>\n<h3>Verwendung der Kerze mit 3\/8\u2033-Anschluss 300w<\/h3>\n<p>Die Kerze mit Anschluss 300w commercializzata da <strong>Amrtop<\/strong> f\u00fcr angeschlossene Pellet\u00f6fen und -kessel 3\/8\u2033 \u00f8 9,9 mm - 300 Watt - Gesamtl\u00e4nge 148 mm - Code ELD60022 wird im Heizungsbereich f\u00fcr Biomasse Pellets, Sp\u00e4ne und andere ... werden in Pellet\u00f6fen und -kesseln eingebaut, um die Entz\u00fcndung des Brennstoffs indirekt \u00fcber die Luft oder direkt zu erzeugen.<\/p>\n<h3><strong>Vorteile :<\/strong><\/h3>\n<p>Was sind die Vorteile von Z\u00fcndkerzen, Widerst\u00e4nden oder Z\u00fcndpatronen :<\/p>\n<ul>\n<li>Maximale Sicherheit (keine Gefahr von \u00dcberhitzung, Kurzschluss oder Feuer)<\/li>\n<li>Nutzung der gesamten L\u00e4nge als Heizteil.<\/li>\n<li>Bessere Zirkulation und k\u00fcrzere Zeit bis zum Erreichen der Betriebstemperatur, daher geringerer Stromverbrauch.<\/li>\n<\/ul>\n<h3><strong>Innen<\/strong><\/h3>\n<p><a href=\"https:\/\/wekos.it\/\">\u00d6fen, Herde und Holzherde<\/a>\u00a0-\u00a0<a href=\"https:\/\/www.greenpuros.com\/\">Kamine, \u00d6fen und Pelletkessel.<\/a><\/p>\n<h3><strong>Amrtop Ersatzteile und Zubeh\u00f6r Sortiment<\/strong><\/h3>\n<p><a href=\"https:\/\/amrtop.net\/de\/produktkategorie\/ersatzteile-diverse-ofen-und-kocher-2\/bougies-dallumage-pour-poeles-et-chaudieres-a-pellets\/\">Gl\u00fchkerzen<\/a><\/p>\n<p><a href=\"https:\/\/amrtop.net\/de\/produktkategorie\/ersatzteile-diverse-ofen-und-kocher-2\/electronique\/\">Elektronik<\/a><\/p>\n<p><a href=\"https:\/\/amrtop.net\/de\/produktkategorie\/ersatzteile-diverse-ofen-und-kocher-2\/extracteurs-de-fumee\/\">Rauchabzug<\/a><\/p>\n<p><a href=\"https:\/\/amrtop.net\/de\/produktkategorie\/ersatzteile-diverse-ofen-und-kocher-2\/gaines-cable-connecteurs\/\">Kabelh\u00fcllen Verbinder<\/a><\/p>\n<p><a href=\"https:\/\/amrtop.net\/de\/produktkategorie\/ersatzteile-diverse-ofen-und-kocher-2\/joints-de-silicone\/\">Silikondichtungen<\/a><\/p>\n<p><a href=\"https:\/\/amrtop.net\/de\/produktkategorie\/ersatzteile-diverse-ofen-und-kocher-2\/motoreducteurs\/\">Getriebemotoren<\/a><\/p>\n<p><a href=\"https:\/\/amrtop.net\/de\/produktkategorie\/ersatzteile-diverse-ofen-und-kocher-2\/pressostats-et-transducteurs\/\">Druckschalter und Wandler<\/a><\/p>\n<p><a href=\"https:\/\/amrtop.com\/B2B\/fr\/categorie-produit\/ricambi-vari-stufe-e-caldaie\/sonde-termostati-manometri-termometri\/\">Sonden Thermostate Manometer Thermometer<\/a><\/p>\n<p><a href=\"https:\/\/amrtop.net\/de\/produktkategorie\/ersatzteile-diverse-ofen-und-kocher-2\/joints-detancheite\/\">Dichtgeflechte<\/a><\/p>\n<p><a href=\"https:\/\/amrtop.net\/de\/produktkategorie\/ersatzteile-diverse-ofen-und-kocher-2\/ventilateurs-centrifuges-pour-poeles-a-pellets\/\">Zentrifugalventilatoren<\/a><\/p>\n<p><a href=\"https:\/\/amrtop.net\/de\/produktkategorie\/ersatzteile-diverse-ofen-und-kocher-2\/ventilateurs-tangentiels-flux-transversal\/\">Tangentiale Ventilatoren<\/a><\/p>\n<p><a href=\"https:\/\/amrtop.net\/de\/produktkategorie\/ersatzteile-diverse-ofen-und-kocher-2\/adhesifs-et-produits-detancheite\/\">Klebstoffe und Kitt<\/a><\/p>\n<p>&nbsp;<\/p>","protected":false},"excerpt":{"rendered":"<hr \/>\n<h2><span style=\"color: #008000\">Verf\u00fcgbar<\/span><\/h2>\n<hr \/>\n<h3>Candeletta con raccordo 3\/8\u2033 L.148mm<\/h3>\n<p>Code ELD60022<\/p>\n<p>\u00f8 9.9 mm<br \/>\nGesamtl\u00e4nge: 148 mm<br \/>\nL\u00e4nge Untermutter: 138 mm<br \/>\nLeistung: 300 W<br \/>\nKabell\u00e4nge: 500 mm<\/p>\n<h3>Kompatibilit\u00e4t<\/h3>\n<hr \/>\n<h3>Z\u00fcndkerze-Widerstand-Z\u00fcndkerze kompatibel mit den folgenden Marken von Pellet\u00f6fen<\/h3>\n<p>Arce, Austropell, Bosch stove 51, Brisack, Calux, Cadel, Cs thermos, Deville, Dielle, Maflam, Karmek one, Kausiflam, Mcz,Paterno, Piazzetta, Red, Richard le droff, Qlima, Ungaro, Superior ,Supra, Tectro ,Wamsler ,Westminster<\/p>\n<hr \/>\n<h3>Austauschbar mit den folgenden Modellen von Z\u00fcndkerzen-Widerst\u00e4nden-Z\u00fcndpatronen :<\/h3>\n<p>HT62652, HT65012, ELD60023, ELD60024, SATZ 2<\/p>","protected":false},"featured_media":34616,"comment_status":"open","ping_status":"closed","template":"","meta":[],"product_brand":[],"product_cat":[842,840,839],"product_tag":[25,26,56,30,60,65,37],"class_list":{"0":"post-3572","1":"product","2":"type-product","3":"status-publish","4":"has-post-thumbnail","6":"product_cat-bougies-avec-raccord-3-8-o-9-9-mm","7":"product_cat-bougies-dallumage-pour-poeles-et-chaudieres-a-pellets","8":"product_cat-pieces-de-rechange-divers-poeles-et-chaudieres","9":"product_tag-ambiente-calore","10":"product_tag-amg","11":"product_tag-cadel","12":"product_tag-cs-thermos","13":"product_tag-dielle","14":"product_tag-good-fire","15":"product_tag-kalon","16":"product_shipping_class-classe-di-spedizione-01","18":"first","19":"instock","20":"shipping-taxable","21":"purchasable","22":"product-type-simple"},"yoast_head":"<!-- This site is optimized with the Yoast SEO plugin v27.5 - https:\/\/yoast.com\/product\/yoast-seo-wordpress\/ -->\n<title>Bougie avec raccord 3\/8&quot; L.148<\/title>\n<meta name=\"description\" content=\"Bougie avec raccord 3\/8&quot; L.148\u00a0 - r\u00e9sistance \u00e0 l\u2019allumage avec raccord 3\/8&quot; de 9,9 mm - cartouche \u00e0 allumage raccord 3\/8&quot; de 9,9 mm\" \/>\n<meta name=\"robots\" content=\"index, follow, max-snippet:-1, max-image-preview:large, max-video-preview:-1\" \/>\n<link rel=\"canonical\" href=\"https:\/\/amrtop.net\/de\/produkt\/kerze-mit-anschluss-3-8\u2033-o-99-mm-300-watt-gesamtlange-148-mm-code-eld60022\/\" \/>\n<meta property=\"og:locale\" content=\"de_DE\" \/>\n<meta property=\"og:type\" content=\"article\" \/>\n<meta property=\"og:title\" content=\"Bougie avec raccord 3\/8&quot; L.148\" \/>\n<meta property=\"og:description\" content=\"Bougie avec raccord 3\/8&quot; L.148\u00a0 - r\u00e9sistance \u00e0 l\u2019allumage avec raccord 3\/8&quot; de 9,9 mm - cartouche \u00e0 allumage raccord 3\/8&quot; de 9,9 mm\" \/>\n<meta property=\"og:url\" content=\"https:\/\/amrtop.net\/de\/produkt\/kerze-mit-anschluss-3-8\u2033-o-99-mm-300-watt-gesamtlange-148-mm-code-eld60022\/\" \/>\n<meta property=\"og:site_name\" content=\"AMRTOP B2B \u00c9tranger - Achats r\u00e9serv\u00e9s au professionnel\" \/>\n<meta property=\"article:modified_time\" content=\"2023-06-23T08:18:39+00:00\" \/>\n<meta property=\"og:image\" content=\"https:\/\/amrtop.net\/wp-content\/uploads\/2020\/01\/eld60022-1.jpg\" \/>\n\t<meta property=\"og:image:width\" content=\"960\" \/>\n\t<meta property=\"og:image:height\" content=\"960\" \/>\n\t<meta property=\"og:image:type\" content=\"image\/jpeg\" \/>\n<meta name=\"twitter:card\" content=\"summary_large_image\" \/>\n<meta name=\"twitter:label1\" content=\"Gesch\u00e4tzte Lesezeit\" \/>\n\t<meta name=\"twitter:data1\" content=\"3\u00a0Minuten\" \/>\n<script type=\"application\/ld+json\" class=\"yoast-schema-graph\">{\"@context\":\"https:\\\/\\\/schema.org\",\"@graph\":[{\"@type\":\"WebPage\",\"@id\":\"https:\\\/\\\/amrtop.net\\\/produit\\\/bougie-avec-raccord-3-8%e2%80%b3-o-99-mm-300-watt-longueur-totale-148-mm-code-eld60022\\\/\",\"url\":\"https:\\\/\\\/amrtop.net\\\/produit\\\/bougie-avec-raccord-3-8%e2%80%b3-o-99-mm-300-watt-longueur-totale-148-mm-code-eld60022\\\/\",\"name\":\"Bougie avec raccord 3\\\/8\\\" L.148\",\"isPartOf\":{\"@id\":\"https:\\\/\\\/amrtop.net\\\/#website\"},\"primaryImageOfPage\":{\"@id\":\"https:\\\/\\\/amrtop.net\\\/produit\\\/bougie-avec-raccord-3-8%e2%80%b3-o-99-mm-300-watt-longueur-totale-148-mm-code-eld60022\\\/#primaryimage\"},\"image\":{\"@id\":\"https:\\\/\\\/amrtop.net\\\/produit\\\/bougie-avec-raccord-3-8%e2%80%b3-o-99-mm-300-watt-longueur-totale-148-mm-code-eld60022\\\/#primaryimage\"},\"thumbnailUrl\":\"https:\\\/\\\/amrtop.net\\\/wp-content\\\/uploads\\\/2020\\\/01\\\/eld60022-1.jpg\",\"datePublished\":\"2020-01-10T00:00:00+00:00\",\"dateModified\":\"2023-06-23T08:18:39+00:00\",\"description\":\"Bougie avec raccord 3\\\/8\\\" L.148\u00a0 - r\u00e9sistance \u00e0 l\u2019allumage avec raccord 3\\\/8\\\" de 9,9 mm - cartouche \u00e0 allumage raccord 3\\\/8\\\" de 9,9 mm\",\"breadcrumb\":{\"@id\":\"https:\\\/\\\/amrtop.net\\\/produit\\\/bougie-avec-raccord-3-8%e2%80%b3-o-99-mm-300-watt-longueur-totale-148-mm-code-eld60022\\\/#breadcrumb\"},\"inLanguage\":\"de\",\"potentialAction\":[{\"@type\":\"ReadAction\",\"target\":[\"https:\\\/\\\/amrtop.net\\\/produit\\\/bougie-avec-raccord-3-8%e2%80%b3-o-99-mm-300-watt-longueur-totale-148-mm-code-eld60022\\\/\"]}]},{\"@type\":\"ImageObject\",\"inLanguage\":\"de\",\"@id\":\"https:\\\/\\\/amrtop.net\\\/produit\\\/bougie-avec-raccord-3-8%e2%80%b3-o-99-mm-300-watt-longueur-totale-148-mm-code-eld60022\\\/#primaryimage\",\"url\":\"https:\\\/\\\/amrtop.net\\\/wp-content\\\/uploads\\\/2020\\\/01\\\/eld60022-1.jpg\",\"contentUrl\":\"https:\\\/\\\/amrtop.net\\\/wp-content\\\/uploads\\\/2020\\\/01\\\/eld60022-1.jpg\",\"width\":960,\"height\":960,\"caption\":\"Bougie avec raccord 3\\\/8\\\" L.300\u00a0 - r\u00e9sistance \u00e0 l\u2019allumage avec raccord 3\\\/8\\\" de 9,9 mm - cartouche \u00e0 allumage raccord 3\\\/8\\\" de 9,9 mm\"},{\"@type\":\"BreadcrumbList\",\"@id\":\"https:\\\/\\\/amrtop.net\\\/produit\\\/bougie-avec-raccord-3-8%e2%80%b3-o-99-mm-300-watt-longueur-totale-148-mm-code-eld60022\\\/#breadcrumb\",\"itemListElement\":[{\"@type\":\"ListItem\",\"position\":1,\"name\":\"Home\",\"item\":\"https:\\\/\\\/amrtop.net\\\/\"},{\"@type\":\"ListItem\",\"position\":2,\"name\":\"Shop\",\"item\":\"https:\\\/\\\/amrtop.net\\\/negozio\\\/\"},{\"@type\":\"ListItem\",\"position\":3,\"name\":\"Bougie avec raccord 3\\\/8\u2033 \u00f8 9,9 mm \u2013 300 Watt \u2013 longueur totale 148 mm \u2013 Code ELD60022\"}]},{\"@type\":\"WebSite\",\"@id\":\"https:\\\/\\\/amrtop.net\\\/#website\",\"url\":\"https:\\\/\\\/amrtop.net\\\/\",\"name\":\"AMRTOP B2B \u00c9tranger - Achats r\u00e9serv\u00e9s au professionnel\",\"description\":\"Pi\u00e8ces de rechange et accessoires pour po\u00eales et chaudi\u00e8res - eCommerce B2B pour Clients Professionnels\",\"potentialAction\":[{\"@type\":\"SearchAction\",\"target\":{\"@type\":\"EntryPoint\",\"urlTemplate\":\"https:\\\/\\\/amrtop.net\\\/?s={search_term_string}\"},\"query-input\":{\"@type\":\"PropertyValueSpecification\",\"valueRequired\":true,\"valueName\":\"search_term_string\"}}],\"inLanguage\":\"de\"}]}<\/script>\n<!-- \/ Yoast SEO plugin. -->","yoast_head_json":{"title":"Z\u00fcndkerze mit 3\/8\"-Anschluss L.148","description":"Z\u00fcndkerze mit 3\/8\"-Anschluss L.148 - Z\u00fcndwiderstand mit 3\/8\"-Anschluss 9,9 mm - Z\u00fcndkerzenpatrone 3\/8\"-Anschluss 9,9 mm","robots":{"index":"index","follow":"follow","max-snippet":"max-snippet:-1","max-image-preview":"max-image-preview:large","max-video-preview":"max-video-preview:-1"},"canonical":"https:\/\/amrtop.net\/de\/produkt\/kerze-mit-anschluss-3-8\u2033-o-99-mm-300-watt-gesamtlange-148-mm-code-eld60022\/","og_locale":"de_DE","og_type":"article","og_title":"Bougie avec raccord 3\/8\" L.148","og_description":"Bougie avec raccord 3\/8\" L.148\u00a0 - r\u00e9sistance \u00e0 l\u2019allumage avec raccord 3\/8\" de 9,9 mm - cartouche \u00e0 allumage raccord 3\/8\" de 9,9 mm","og_url":"https:\/\/amrtop.net\/de\/produkt\/kerze-mit-anschluss-3-8\u2033-o-99-mm-300-watt-gesamtlange-148-mm-code-eld60022\/","og_site_name":"AMRTOP B2B \u00c9tranger - Achats r\u00e9serv\u00e9s au professionnel","article_modified_time":"2023-06-23T08:18:39+00:00","og_image":[{"width":960,"height":960,"url":"https:\/\/amrtop.net\/wp-content\/uploads\/2020\/01\/eld60022-1.jpg","type":"image\/jpeg"}],"twitter_card":"summary_large_image","twitter_misc":{"Gesch\u00e4tzte Lesezeit":"3\u00a0Minuten"},"schema":{"@context":"https:\/\/schema.org","@graph":[{"@type":"WebPage","@id":"https:\/\/amrtop.net\/produit\/bougie-avec-raccord-3-8%e2%80%b3-o-99-mm-300-watt-longueur-totale-148-mm-code-eld60022\/","url":"https:\/\/amrtop.net\/produit\/bougie-avec-raccord-3-8%e2%80%b3-o-99-mm-300-watt-longueur-totale-148-mm-code-eld60022\/","name":"Z\u00fcndkerze mit 3\/8\"-Anschluss L.148","isPartOf":{"@id":"https:\/\/amrtop.net\/#website"},"primaryImageOfPage":{"@id":"https:\/\/amrtop.net\/produit\/bougie-avec-raccord-3-8%e2%80%b3-o-99-mm-300-watt-longueur-totale-148-mm-code-eld60022\/#primaryimage"},"image":{"@id":"https:\/\/amrtop.net\/produit\/bougie-avec-raccord-3-8%e2%80%b3-o-99-mm-300-watt-longueur-totale-148-mm-code-eld60022\/#primaryimage"},"thumbnailUrl":"https:\/\/amrtop.net\/wp-content\/uploads\/2020\/01\/eld60022-1.jpg","datePublished":"2020-01-10T00:00:00+00:00","dateModified":"2023-06-23T08:18:39+00:00","description":"Z\u00fcndkerze mit 3\/8\"-Anschluss L.148 - Z\u00fcndwiderstand mit 3\/8\"-Anschluss 9,9 mm - Z\u00fcndkerzenpatrone 3\/8\"-Anschluss 9,9 mm","breadcrumb":{"@id":"https:\/\/amrtop.net\/produit\/bougie-avec-raccord-3-8%e2%80%b3-o-99-mm-300-watt-longueur-totale-148-mm-code-eld60022\/#breadcrumb"},"inLanguage":"de","potentialAction":[{"@type":"ReadAction","target":["https:\/\/amrtop.net\/produit\/bougie-avec-raccord-3-8%e2%80%b3-o-99-mm-300-watt-longueur-totale-148-mm-code-eld60022\/"]}]},{"@type":"ImageObject","inLanguage":"de","@id":"https:\/\/amrtop.net\/produit\/bougie-avec-raccord-3-8%e2%80%b3-o-99-mm-300-watt-longueur-totale-148-mm-code-eld60022\/#primaryimage","url":"https:\/\/amrtop.net\/wp-content\/uploads\/2020\/01\/eld60022-1.jpg","contentUrl":"https:\/\/amrtop.net\/wp-content\/uploads\/2020\/01\/eld60022-1.jpg","width":960,"height":960,"caption":"Bougie avec raccord 3\/8\" L.300\u00a0 - r\u00e9sistance \u00e0 l\u2019allumage avec raccord 3\/8\" de 9,9 mm - cartouche \u00e0 allumage raccord 3\/8\" de 9,9 mm"},{"@type":"BreadcrumbList","@id":"https:\/\/amrtop.net\/produit\/bougie-avec-raccord-3-8%e2%80%b3-o-99-mm-300-watt-longueur-totale-148-mm-code-eld60022\/#breadcrumb","itemListElement":[{"@type":"ListItem","position":1,"name":"Home","item":"https:\/\/amrtop.net\/"},{"@type":"ListItem","position":2,"name":"Shop","item":"https:\/\/amrtop.net\/negozio\/"},{"@type":"ListItem","position":3,"name":"Bougie avec raccord 3\/8\u2033 \u00f8 9,9 mm \u2013 300 Watt \u2013 longueur totale 148 mm \u2013 Code ELD60022"}]},{"@type":"WebSite","@id":"https:\/\/amrtop.net\/#website","url":"https:\/\/amrtop.net\/","name":"AMRTOP B2B Ausland - Einkaufen nur f\u00fcr Fachleute","description":"Ersatzteile und Zubeh\u00f6r f\u00fcr \u00d6fen und Heizkessel - B2B eCommerce f\u00fcr Gesch\u00e4ftskunden","potentialAction":[{"@type":"SearchAction","target":{"@type":"EntryPoint","urlTemplate":"https:\/\/amrtop.net\/?s={search_term_string}"},"query-input":{"@type":"PropertyValueSpecification","valueRequired":true,"valueName":"search_term_string"}}],"inLanguage":"de"}]}},"_links":{"self":[{"href":"https:\/\/amrtop.net\/de\/wp-json\/wp\/v2\/product\/3572","targetHints":{"allow":["GET"]}}],"collection":[{"href":"https:\/\/amrtop.net\/de\/wp-json\/wp\/v2\/product"}],"about":[{"href":"https:\/\/amrtop.net\/de\/wp-json\/wp\/v2\/types\/product"}],"replies":[{"embeddable":true,"href":"https:\/\/amrtop.net\/de\/wp-json\/wp\/v2\/comments?post=3572"}],"wp:featuredmedia":[{"embeddable":true,"href":"https:\/\/amrtop.net\/de\/wp-json\/wp\/v2\/media\/34616"}],"wp:attachment":[{"href":"https:\/\/amrtop.net\/de\/wp-json\/wp\/v2\/media?parent=3572"}],"wp:term":[{"taxonomy":"product_brand","embeddable":true,"href":"https:\/\/amrtop.net\/de\/wp-json\/wp\/v2\/product_brand?post=3572"},{"taxonomy":"product_cat","embeddable":true,"href":"https:\/\/amrtop.net\/de\/wp-json\/wp\/v2\/product_cat?post=3572"},{"taxonomy":"product_tag","embeddable":true,"href":"https:\/\/amrtop.net\/de\/wp-json\/wp\/v2\/product_tag?post=3572"}],"curies":[{"name":"wp","href":"https:\/\/api.w.org\/{rel}","templated":true}]}}