{"id":3574,"date":"2020-01-10T00:00:00","date_gmt":"2020-01-10T00:00:00","guid":{"rendered":"https:\/\/amrtop.com\/B2B\/?post_type=product&#038;p=3574"},"modified":"2024-05-22T07:04:24","modified_gmt":"2024-05-22T07:04:24","slug":"kerze-mit-anschluss-3-8-l-150-mm","status":"publish","type":"product","link":"https:\/\/amrtop.net\/de\/produit\/bougie-avec-raccord-3-8-l-150-mm\/","title":{"rendered":"Kerze mit 3\/8\u2033-Anschluss \u00f8 9,9 mm - 280 Watt - Gesamtl\u00e4nge 150 mm - Code ELD60024"},"content":{"rendered":"<h3>Kompatibilit\u00e4t<\/h3>\n<h3>Austauschbar mit den folgenden Modellen von Z\u00fcndkerzen-Widerst\u00e4nden-Z\u00fcndpatronen :<\/h3>\n<p>HT62651, HT56124, HT55726, ELD60023, ELD60025, SET 2<\/p>\n<p><strong><br \/>\nF\u00fcr die folgenden Modelle von Deville Pellet\u00f6fen und -kesseln:<\/strong><\/p>\n<p>AILLY<br \/>\nARMEN<br \/>\nCORDOUAN<br \/>\nFARAMAN<br \/>\nFREHEL<br \/>\nKEREON<br \/>\nKEREON 2<br \/>\nKERMOVAN<br \/>\nPENLAN<br \/>\nPENMEN<br \/>\nSAMBRO<br \/>\nKERDONIS<br \/>\nRITTIUM<br \/>\nKERDONIS<br \/>\nLOHIC<br \/>\nLILIA<br \/>\nVESTALIS<\/p>\n<p><strong><br \/>\nF\u00fcr die folgenden Modelle von Pegaso-Pellet\u00f6fen und -Kesseln:<\/strong><\/p>\n<p>Kostenlos<\/p>\n<p>Luna<\/p>\n<p>Saba 14<\/p>\n<p>Mira 16<\/p>\n<p>Mira 22<\/p>\n<p>Spark 11<\/p>\n<p><strong><br \/>\nF\u00fcr die folgenden Modelle von Supra-Pellet\u00f6fen und -kesseln:<\/strong><\/p>\n<p>NEON<br \/>\nALTAI<br \/>\nAZURIA<br \/>\nNIMOS<br \/>\nTHERA<br \/>\nTILOS<\/p>\n<p><strong><br \/>\nF\u00fcr die folgenden Modelle von Caminetti Montegrappa Pellet\u00f6fen und -kesseln:<\/strong><\/p>\n<p>Adrano 7<\/p>\n<p>Bassano 5<\/p>\n<p>Magda<\/p>\n<p>Mirano<\/p>\n<p>Nodo<\/p>\n<p>Serino 7<\/p>\n<p>Thera<\/p>\n<p>Vieste 7<\/p>\n<p><strong><br \/>\nF\u00fcr die folgenden Modelle von Pellet\u00f6fen und -kesseln Italiana Camini<\/strong><\/p>\n<p>Alina<br \/>\nAlina E<br \/>\nDisk E<br \/>\nDore160H<br \/>\nRolli E-SP<br \/>\nRolli E<\/p>\n<p><strong><br \/>\nF\u00fcr die folgenden Modelle von Qlima-Pellet\u00f6fen und -Kesseln:<\/strong><\/p>\n<p>Adina<br \/>\nAid0193<br \/>\nAida<br \/>\nCar0193<br \/>\nCarmen<br \/>\nMirtilla<\/p>\n<p><strong><br \/>\nF\u00fcr die folgenden Modelle von Pellet\u00f6fen und -kesseln <\/strong><b>Supra<\/b><\/p>\n<p>ANAIS<br \/>\nANNA<br \/>\nALIX<br \/>\nNIMOS<br \/>\nTHERA<br \/>\nTILOS<\/p>\n<p><strong>F\u00fcr die folgenden Modelle von Arce Pellet\u00f6fen und -kesseln :<\/strong><\/p>\n<p>CIRCLE CANALIZZATA<br \/>\nIDROKREIS BREIT<br \/>\nCIRCLE IDRO MEDIUM<br \/>\nCIRCLE IDRO SMALL<br \/>\nCIRCLE IDRO XL<br \/>\nCIRCLE JR<br \/>\nCIRCLE JR. PLUS<br \/>\nCIRCLE PLUS<br \/>\nKREIS PLUS CANALIZZATA<br \/>\nHETNA<br \/>\nHETNA JR<br \/>\nHETNA JR PLUS<br \/>\nHETNA PLUS<br \/>\nLEXIA<br \/>\nLEXIA JR<br \/>\nLEXIA JR PLUS<br \/>\nLEXIA PLUS<br \/>\nMIKR\u00d2<br \/>\nMIKR\u00d2 JR.<br \/>\nSMART ARIA<br \/>\nSMART JR<\/p>\n<p><strong>F\u00fcr die folgenden Modelle von Eva Calor Pellet\u00f6fen und -kesseln:<\/strong><\/p>\n<p>Alice<br \/>\nAnita<br \/>\nAsia<br \/>\nBetty<br \/>\nCamilla<br \/>\nCecilia<br \/>\nCerino<br \/>\nCloe<br \/>\nDado<br \/>\nDiva<br \/>\nDora<br \/>\nDuna<br \/>\nElena<br \/>\nEv 14<br \/>\nEv 20<br \/>\nEv 24<br \/>\nEv 34<br \/>\nFlora<br \/>\nFrida<br \/>\nGaia<br \/>\nGenerator 30 kW<br \/>\nGenerator 50kW<br \/>\nGiotto<br \/>\nHermes<br \/>\nEinsatz<br \/>\nKaren<br \/>\nLicia<br \/>\nLinda<br \/>\nLory<br \/>\nMara<br \/>\nMatilde<br \/>\nNadia<br \/>\nNaomi<br \/>\nNicole<br \/>\nNina<br \/>\nPerla<br \/>\nRaffaello<br \/>\nRita<br \/>\nStille 11 kW ERMETICA<br \/>\nSilence 9 kW ERMETICA<br \/>\nSole<br \/>\nSusy<\/p>\n<p><strong>F\u00fcr die folgenden Modelle von Klover-Pellet\u00f6fen und -Kesseln:<\/strong><\/p>\n<p>Aura<br \/>\nIntensivstation<br \/>\nKlasse<br \/>\nSoft<br \/>\nDea eco<br \/>\nDiva<\/p>\n<p><strong>F\u00fcr die folgenden Modelle von Pellet\u00f6fen und -kesselnFreepoint :<\/strong><\/p>\n<p>ADINA<br \/>\nAIDA<br \/>\nCHANTAL<br \/>\nCRISTAL<br \/>\nALESSIA<br \/>\nCOMFORT 80<br \/>\nDUKE 12 AT BI-FLUX<br \/>\nDUKE 14 AT BI-FLUX<br \/>\nDUKE 12 AIRTIGHT<br \/>\nDUKE 14 AIRTIGHT<br \/>\nEASY<br \/>\nELAN EVO<br \/>\nELAN EVIO<br \/>\nFLUTE<br \/>\nGIOIA<br \/>\nGLASS<br \/>\nGLOBE<br \/>\nGLOBE AIRTIGHT<br \/>\nJOY AIRTIGHT<br \/>\nJOY AIRTIGHT<br \/>\nKAMI EVO<br \/>\nKAMI EVO<br \/>\nMARY<br \/>\nMIKA<br \/>\nMIKA EVO<br \/>\nMIRIAM<br \/>\nPRETTY<br \/>\nSMALL<br \/>\nSQUARE<br \/>\nSTYLE<br \/>\nTREND<br \/>\nVEGA<br \/>\nVEGA GH<br \/>\nVEGA SL AT<br \/>\nVEGA AIRTIGHT<br \/>\nVERVE<br \/>\nVERVE AIRTIGHT<\/p>\n<p><strong>F\u00fcr die folgenden Modelle von Cadel Pellet\u00f6fen und -kesseln :<\/strong><\/p>\n<p>Atena Plus 12<br \/>\nAtena3 Plus 12kW<br \/>\nAtena3 Plus 14kW<br \/>\nAtena Plus 14<br \/>\nBistro3<br \/>\nBistro 3 Lounge<br \/>\nCloe<br \/>\nCloe 3<br \/>\nCristal 7 Kw<br \/>\nCristal 8,5 Kw<br \/>\nDiana<br \/>\nDoge Plus<br \/>\nDOGE 3 PLUS<br \/>\nElis 3 Plus<br \/>\nElise 3<br \/>\nElise 3 Plus<br \/>\nEolo<br \/>\nEvo<br \/>\nEvo 3 - 7KW<br \/>\nEvo 3 - 8,5KW<br \/>\nHorizont PLUS<br \/>\nKriss<br \/>\nKriss 3 - 7KW<br \/>\nKriss 3 - 8,5KW<br \/>\nLean Plus<br \/>\nLean 3 Plus<br \/>\nMartina<br \/>\nMithos Plus 12 PS<br \/>\nMithos Plus 14 PS<br \/>\nMithos3 Plus 12 UP<br \/>\nMithos3 Plus 14 UP<br \/>\nNizza<br \/>\nPrinz 3<br \/>\nPrinz 3 Plus<br \/>\nRond\u00f2<br \/>\nRond\u00f2 3<br \/>\nRond\u00f2 3<br \/>\nSfera<br \/>\nSfera 3<br \/>\nSfera GLASS<br \/>\nSfera Plus<br \/>\nSfera 3 Plus<br \/>\nSfera Plus GLASS<br \/>\nShell 3 Metallo\/Stell\/Stahl<br \/>\nShell 3 Natural Acrylic Stone<br \/>\nSire Plus<br \/>\nSire 3 Plus<br \/>\nSolaris<br \/>\nSweet<br \/>\nSweet 3<br \/>\nTecna<br \/>\nTecna 3<br \/>\nVanessa<br \/>\nVenus<br \/>\nVenus 3 Plus<br \/>\nWall<br \/>\nWall 3 Plus<br \/>\nWall3 Plus 10 kW WiFi<br \/>\nWall Plus 10<\/p>\n<p align=\"center\">","protected":false},"excerpt":{"rendered":"<h2><span style=\"color: #008000\">Verf\u00fcgbar<\/span><\/h2>\n<hr \/>\n<h3>Z\u00fcndkerze mit 3\/8\u2033-Anschluss<\/h3>\n<p>Code.ELD60024<\/p>\n<p>\u00f8 9.9 mm<br \/>\nGesamtl\u00e4nge: 150 mm<br \/>\nL\u00e4nge Untermutter: 140 mm<br \/>\nLeistung: 280 W<br \/>\nKabell\u00e4nge: 500 mm<\/p>\n<p>&nbsp;<\/p>","protected":false},"featured_media":34618,"comment_status":"open","ping_status":"closed","template":"","meta":[],"product_brand":[],"product_cat":[842,840,839],"product_tag":[24,49,50,52,54,56,57,109,60,32,62,64,68,72,73,74,110,83,86,39,40,88,89,94,43,45,99,100,101],"class_list":{"0":"post-3574","1":"product","2":"type-product","3":"status-publish","4":"has-post-thumbnail","6":"product_cat-bougies-avec-raccord-3-8-o-9-9-mm","7":"product_cat-bougies-dallumage-pour-poeles-et-chaudieres-a-pellets","8":"product_cat-pieces-de-rechange-divers-poeles-et-chaudieres","9":"product_tag-adler","10":"product_tag-arce","11":"product_tag-austropell","12":"product_tag-bosch-stove-51","13":"product_tag-brisack","14":"product_tag-cadel","15":"product_tag-calux","16":"product_tag-csthermos","17":"product_tag-dielle","18":"product_tag-emaflam","19":"product_tag-evacalor","20":"product_tag-freepoint","21":"product_tag-interstoves","22":"product_tag-jollymec","23":"product_tag-kalor","24":"product_tag-karmek-one","25":"product_tag-lineavz","26":"product_tag-origine-design-concept","27":"product_tag-paterno","28":"product_tag-piazzetta","29":"product_tag-qlima","30":"product_tag-red","31":"product_tag-richard-le-droff","32":"product_tag-superior","33":"product_tag-supra","34":"product_tag-tectro","35":"product_tag-vulcania","36":"product_tag-wamsler","37":"product_tag-westminster","38":"product_shipping_class-classe-di-spedizione-01","40":"first","41":"instock","42":"shipping-taxable","43":"purchasable","44":"product-type-simple"},"yoast_head":"<!-- This site is optimized with the Yoast SEO plugin v27.5 - https:\/\/yoast.com\/product\/yoast-seo-wordpress\/ -->\n<title>Bougie avec raccord 3\/8&quot; L.150 mm<\/title>\n<meta name=\"description\" content=\"Bougie avec raccord 3\/8&quot; L.150 mm - r\u00e9sistance \u00e0 l\u2019allumage avec raccord 3\/8&quot; de 9,9 mm - cartouche \u00e0 allumage raccord 3\/8&quot; de 9,9 mm\" \/>\n<meta name=\"robots\" content=\"index, follow, max-snippet:-1, max-image-preview:large, max-video-preview:-1\" \/>\n<link rel=\"canonical\" href=\"https:\/\/amrtop.net\/de\/produkt\/kerze-mit-anschluss-3-8-l-150-mm\/\" \/>\n<meta property=\"og:locale\" content=\"de_DE\" \/>\n<meta property=\"og:type\" content=\"article\" \/>\n<meta property=\"og:title\" content=\"Bougie avec raccord 3\/8&quot; L.150 mm\" \/>\n<meta property=\"og:description\" content=\"Bougie avec raccord 3\/8&quot; L.150 mm - r\u00e9sistance \u00e0 l\u2019allumage avec raccord 3\/8&quot; de 9,9 mm - cartouche \u00e0 allumage raccord 3\/8&quot; de 9,9 mm\" \/>\n<meta property=\"og:url\" content=\"https:\/\/amrtop.net\/de\/produkt\/kerze-mit-anschluss-3-8-l-150-mm\/\" \/>\n<meta property=\"og:site_name\" content=\"AMRTOP B2B \u00c9tranger - Achats r\u00e9serv\u00e9s au professionnel\" \/>\n<meta property=\"article:modified_time\" content=\"2024-05-22T07:04:24+00:00\" \/>\n<meta property=\"og:image\" content=\"https:\/\/amrtop.net\/wp-content\/uploads\/2020\/01\/eld60024-1.jpg\" \/>\n\t<meta property=\"og:image:width\" content=\"960\" \/>\n\t<meta property=\"og:image:height\" content=\"960\" \/>\n\t<meta property=\"og:image:type\" content=\"image\/jpeg\" \/>\n<meta name=\"twitter:card\" content=\"summary_large_image\" \/>\n<meta name=\"twitter:label1\" content=\"Gesch\u00e4tzte Lesezeit\" \/>\n\t<meta name=\"twitter:data1\" content=\"3\u00a0Minuten\" \/>\n<script type=\"application\/ld+json\" class=\"yoast-schema-graph\">{\"@context\":\"https:\\\/\\\/schema.org\",\"@graph\":[{\"@type\":\"WebPage\",\"@id\":\"https:\\\/\\\/amrtop.net\\\/produit\\\/bougie-avec-raccord-3-8-l-150-mm\\\/\",\"url\":\"https:\\\/\\\/amrtop.net\\\/produit\\\/bougie-avec-raccord-3-8-l-150-mm\\\/\",\"name\":\"Bougie avec raccord 3\\\/8\\\" L.150 mm\",\"isPartOf\":{\"@id\":\"https:\\\/\\\/amrtop.net\\\/#website\"},\"primaryImageOfPage\":{\"@id\":\"https:\\\/\\\/amrtop.net\\\/produit\\\/bougie-avec-raccord-3-8-l-150-mm\\\/#primaryimage\"},\"image\":{\"@id\":\"https:\\\/\\\/amrtop.net\\\/produit\\\/bougie-avec-raccord-3-8-l-150-mm\\\/#primaryimage\"},\"thumbnailUrl\":\"https:\\\/\\\/amrtop.net\\\/wp-content\\\/uploads\\\/2020\\\/01\\\/eld60024-1.jpg\",\"datePublished\":\"2020-01-10T00:00:00+00:00\",\"dateModified\":\"2024-05-22T07:04:24+00:00\",\"description\":\"Bougie avec raccord 3\\\/8\\\" L.150 mm - r\u00e9sistance \u00e0 l\u2019allumage avec raccord 3\\\/8\\\" de 9,9 mm - cartouche \u00e0 allumage raccord 3\\\/8\\\" de 9,9 mm\",\"breadcrumb\":{\"@id\":\"https:\\\/\\\/amrtop.net\\\/produit\\\/bougie-avec-raccord-3-8-l-150-mm\\\/#breadcrumb\"},\"inLanguage\":\"de\",\"potentialAction\":[{\"@type\":\"ReadAction\",\"target\":[\"https:\\\/\\\/amrtop.net\\\/produit\\\/bougie-avec-raccord-3-8-l-150-mm\\\/\"]}]},{\"@type\":\"ImageObject\",\"inLanguage\":\"de\",\"@id\":\"https:\\\/\\\/amrtop.net\\\/produit\\\/bougie-avec-raccord-3-8-l-150-mm\\\/#primaryimage\",\"url\":\"https:\\\/\\\/amrtop.net\\\/wp-content\\\/uploads\\\/2020\\\/01\\\/eld60024-1.jpg\",\"contentUrl\":\"https:\\\/\\\/amrtop.net\\\/wp-content\\\/uploads\\\/2020\\\/01\\\/eld60024-1.jpg\",\"width\":960,\"height\":960,\"caption\":\"Bougie avec raccord 3\\\/8\\\" L.150 mm - r\u00e9sistance \u00e0 l\u2019allumage avec raccord 3\\\/8\\\" de 9,9 mm - cartouche \u00e0 allumage raccord 3\\\/8\\\" de 9,9 mm\"},{\"@type\":\"BreadcrumbList\",\"@id\":\"https:\\\/\\\/amrtop.net\\\/produit\\\/bougie-avec-raccord-3-8-l-150-mm\\\/#breadcrumb\",\"itemListElement\":[{\"@type\":\"ListItem\",\"position\":1,\"name\":\"Home\",\"item\":\"https:\\\/\\\/amrtop.net\\\/\"},{\"@type\":\"ListItem\",\"position\":2,\"name\":\"Shop\",\"item\":\"https:\\\/\\\/amrtop.net\\\/negozio\\\/\"},{\"@type\":\"ListItem\",\"position\":3,\"name\":\"Bougie avec raccord 3\\\/8\u2033 \u00f8 9,9 mm \u2013 280 Watt \u2013 longueur totale 150 mm \u2013 Code ELD60024\"}]},{\"@type\":\"WebSite\",\"@id\":\"https:\\\/\\\/amrtop.net\\\/#website\",\"url\":\"https:\\\/\\\/amrtop.net\\\/\",\"name\":\"AMRTOP B2B \u00c9tranger - Achats r\u00e9serv\u00e9s au professionnel\",\"description\":\"Pi\u00e8ces de rechange et accessoires pour po\u00eales et chaudi\u00e8res - eCommerce B2B pour Clients Professionnels\",\"potentialAction\":[{\"@type\":\"SearchAction\",\"target\":{\"@type\":\"EntryPoint\",\"urlTemplate\":\"https:\\\/\\\/amrtop.net\\\/?s={search_term_string}\"},\"query-input\":{\"@type\":\"PropertyValueSpecification\",\"valueRequired\":true,\"valueName\":\"search_term_string\"}}],\"inLanguage\":\"de\"}]}<\/script>\n<!-- \/ Yoast SEO plugin. -->","yoast_head_json":{"title":"Z\u00fcndkerze mit 3\/8\"-Anschluss L.150 mm","description":"Z\u00fcndkerze mit 3\/8\"-Anschluss L.150 mm - Z\u00fcndwiderstand mit 3\/8\"-Anschluss 9,9 mm - Z\u00fcndkartusche 3\/8\"-Anschluss 9,9 mm","robots":{"index":"index","follow":"follow","max-snippet":"max-snippet:-1","max-image-preview":"max-image-preview:large","max-video-preview":"max-video-preview:-1"},"canonical":"https:\/\/amrtop.net\/de\/produkt\/kerze-mit-anschluss-3-8-l-150-mm\/","og_locale":"de_DE","og_type":"article","og_title":"Bougie avec raccord 3\/8\" L.150 mm","og_description":"Bougie avec raccord 3\/8\" L.150 mm - r\u00e9sistance \u00e0 l\u2019allumage avec raccord 3\/8\" de 9,9 mm - cartouche \u00e0 allumage raccord 3\/8\" de 9,9 mm","og_url":"https:\/\/amrtop.net\/de\/produkt\/kerze-mit-anschluss-3-8-l-150-mm\/","og_site_name":"AMRTOP B2B \u00c9tranger - Achats r\u00e9serv\u00e9s au professionnel","article_modified_time":"2024-05-22T07:04:24+00:00","og_image":[{"width":960,"height":960,"url":"https:\/\/amrtop.net\/wp-content\/uploads\/2020\/01\/eld60024-1.jpg","type":"image\/jpeg"}],"twitter_card":"summary_large_image","twitter_misc":{"Gesch\u00e4tzte Lesezeit":"3\u00a0Minuten"},"schema":{"@context":"https:\/\/schema.org","@graph":[{"@type":"WebPage","@id":"https:\/\/amrtop.net\/produit\/bougie-avec-raccord-3-8-l-150-mm\/","url":"https:\/\/amrtop.net\/produit\/bougie-avec-raccord-3-8-l-150-mm\/","name":"Z\u00fcndkerze mit 3\/8\"-Anschluss L.150 mm","isPartOf":{"@id":"https:\/\/amrtop.net\/#website"},"primaryImageOfPage":{"@id":"https:\/\/amrtop.net\/produit\/bougie-avec-raccord-3-8-l-150-mm\/#primaryimage"},"image":{"@id":"https:\/\/amrtop.net\/produit\/bougie-avec-raccord-3-8-l-150-mm\/#primaryimage"},"thumbnailUrl":"https:\/\/amrtop.net\/wp-content\/uploads\/2020\/01\/eld60024-1.jpg","datePublished":"2020-01-10T00:00:00+00:00","dateModified":"2024-05-22T07:04:24+00:00","description":"Z\u00fcndkerze mit 3\/8\"-Anschluss L.150 mm - Z\u00fcndwiderstand mit 3\/8\"-Anschluss 9,9 mm - Z\u00fcndkartusche 3\/8\"-Anschluss 9,9 mm","breadcrumb":{"@id":"https:\/\/amrtop.net\/produit\/bougie-avec-raccord-3-8-l-150-mm\/#breadcrumb"},"inLanguage":"de","potentialAction":[{"@type":"ReadAction","target":["https:\/\/amrtop.net\/produit\/bougie-avec-raccord-3-8-l-150-mm\/"]}]},{"@type":"ImageObject","inLanguage":"de","@id":"https:\/\/amrtop.net\/produit\/bougie-avec-raccord-3-8-l-150-mm\/#primaryimage","url":"https:\/\/amrtop.net\/wp-content\/uploads\/2020\/01\/eld60024-1.jpg","contentUrl":"https:\/\/amrtop.net\/wp-content\/uploads\/2020\/01\/eld60024-1.jpg","width":960,"height":960,"caption":"Bougie avec raccord 3\/8\" L.150 mm - r\u00e9sistance \u00e0 l\u2019allumage avec raccord 3\/8\" de 9,9 mm - cartouche \u00e0 allumage raccord 3\/8\" de 9,9 mm"},{"@type":"BreadcrumbList","@id":"https:\/\/amrtop.net\/produit\/bougie-avec-raccord-3-8-l-150-mm\/#breadcrumb","itemListElement":[{"@type":"ListItem","position":1,"name":"Home","item":"https:\/\/amrtop.net\/"},{"@type":"ListItem","position":2,"name":"Shop","item":"https:\/\/amrtop.net\/negozio\/"},{"@type":"ListItem","position":3,"name":"Bougie avec raccord 3\/8\u2033 \u00f8 9,9 mm \u2013 280 Watt \u2013 longueur totale 150 mm \u2013 Code ELD60024"}]},{"@type":"WebSite","@id":"https:\/\/amrtop.net\/#website","url":"https:\/\/amrtop.net\/","name":"AMRTOP B2B Ausland - Einkaufen nur f\u00fcr Fachleute","description":"Ersatzteile und Zubeh\u00f6r f\u00fcr \u00d6fen und Heizkessel - B2B eCommerce f\u00fcr Gesch\u00e4ftskunden","potentialAction":[{"@type":"SearchAction","target":{"@type":"EntryPoint","urlTemplate":"https:\/\/amrtop.net\/?s={search_term_string}"},"query-input":{"@type":"PropertyValueSpecification","valueRequired":true,"valueName":"search_term_string"}}],"inLanguage":"de"}]}},"_links":{"self":[{"href":"https:\/\/amrtop.net\/de\/wp-json\/wp\/v2\/product\/3574","targetHints":{"allow":["GET"]}}],"collection":[{"href":"https:\/\/amrtop.net\/de\/wp-json\/wp\/v2\/product"}],"about":[{"href":"https:\/\/amrtop.net\/de\/wp-json\/wp\/v2\/types\/product"}],"replies":[{"embeddable":true,"href":"https:\/\/amrtop.net\/de\/wp-json\/wp\/v2\/comments?post=3574"}],"wp:featuredmedia":[{"embeddable":true,"href":"https:\/\/amrtop.net\/de\/wp-json\/wp\/v2\/media\/34618"}],"wp:attachment":[{"href":"https:\/\/amrtop.net\/de\/wp-json\/wp\/v2\/media?parent=3574"}],"wp:term":[{"taxonomy":"product_brand","embeddable":true,"href":"https:\/\/amrtop.net\/de\/wp-json\/wp\/v2\/product_brand?post=3574"},{"taxonomy":"product_cat","embeddable":true,"href":"https:\/\/amrtop.net\/de\/wp-json\/wp\/v2\/product_cat?post=3574"},{"taxonomy":"product_tag","embeddable":true,"href":"https:\/\/amrtop.net\/de\/wp-json\/wp\/v2\/product_tag?post=3574"}],"curies":[{"name":"wp","href":"https:\/\/api.w.org\/{rel}","templated":true}]}}