{"id":3578,"date":"2020-01-10T00:00:00","date_gmt":"2020-01-10T00:00:00","guid":{"rendered":"https:\/\/amrtop.com\/B2B\/?post_type=product&#038;p=3578"},"modified":"2024-05-22T07:38:34","modified_gmt":"2024-05-22T07:38:34","slug":"bougie-avec-raccord-3-8-l-160mm-280w","status":"publish","type":"product","link":"https:\/\/amrtop.net\/de\/produit\/bougie-avec-raccord-3-8-l-160mm-280w\/","title":{"rendered":"Kerze mit 3\/8\u2033-Anschluss \u00f8 9,9 mm - 280 Watt - Gesamtl\u00e4nge 160 mm - Code ELD60028"},"content":{"rendered":"<h3>Kompatibilit\u00e4t<\/h3>\n<h3>Austauschbar mit den folgenden Modellen von Z\u00fcndkerzen-Widerst\u00e4nden-Z\u00fcndpatronen :<\/h3>\n<p>HT62655, ELD60027, UTXS024336, UTXS024642, KIT 2<\/p>\n<p><strong><br \/>\nF\u00fcr die folgenden Modelle von Deville Pellet\u00f6fen und -kesseln:<\/strong><\/p>\n<p>AMBRA AIR<br \/>\nISIS<br \/>\nONYX<br \/>\nPEGASE<br \/>\nSIRIUS<br \/>\nSTIFF<br \/>\nVENUS<\/p>\n<p>&nbsp;<\/p>","protected":false},"excerpt":{"rendered":"<hr \/>\n<h2><span style=\"color: #008000\">Verf\u00fcgbar<\/span><\/h2>\n<hr \/>\n<h3><strong>Bougies d\u2019allumage raccord 3\/8&#8243; L.160mm-280w<\/strong><\/h3>\n<p>Code.ELD60028<\/p>\n<p>\u00f8 9.9 mm<br \/>\nLongueur totale : 160 mm<br \/>\nLongueur sous-\u00e9crou : 150 mm<br \/>\nLeistung: 280 W<br \/>\nKabell\u00e4nge: 500 mm<\/p>\n<p>&nbsp;<\/p>","protected":false},"featured_media":34622,"comment_status":"open","ping_status":"closed","template":"","meta":[],"product_brand":[],"product_cat":[842,840,839],"product_tag":[1350,36,74,77,80,87,43,97,98],"class_list":{"0":"post-3578","1":"product","2":"type-product","3":"status-publish","4":"has-post-thumbnail","6":"product_cat-bougies-avec-raccord-3-8-o-9-9-mm","7":"product_cat-bougies-dallumage-pour-poeles-et-chaudieres-a-pellets","8":"product_cat-pieces-de-rechange-divers-poeles-et-chaudieres","9":"product_tag-greenpuros","10":"product_tag-kalideal","11":"product_tag-karmek-one","12":"product_tag-lincar","13":"product_tag-lms","14":"product_tag-puros","15":"product_tag-supra","16":"product_tag-ungaro","17":"product_tag-vibrok","18":"product_shipping_class-classe-di-spedizione-01","20":"first","21":"instock","22":"shipping-taxable","23":"purchasable","24":"product-type-simple"},"yoast_head":"<!-- This site is optimized with the Yoast SEO plugin v27.4 - https:\/\/yoast.com\/product\/yoast-seo-wordpress\/ -->\n<title>Bougie avec raccord 3\/8&quot; L.160mm 280w<\/title>\n<meta name=\"description\" content=\"Bougie avec raccord 3\/8&quot; L.160mm 280w - r\u00e9sistance \u00e0 l\u2019allumage avec raccord 3\/8&quot; de 9,9 mm - cartouche \u00e0 allumage raccord 3\/8&quot; de 9,9 mm\" \/>\n<meta name=\"robots\" content=\"index, follow, max-snippet:-1, max-image-preview:large, max-video-preview:-1\" \/>\n<link rel=\"canonical\" href=\"https:\/\/amrtop.net\/de\/produkt\/bougie-avec-raccord-3-8-l-160mm-280w\/\" \/>\n<meta property=\"og:locale\" content=\"de_DE\" \/>\n<meta property=\"og:type\" content=\"article\" \/>\n<meta property=\"og:title\" content=\"Bougie avec raccord 3\/8&quot; L.160mm 280w\" \/>\n<meta property=\"og:description\" content=\"Bougie avec raccord 3\/8&quot; L.160mm 280w - r\u00e9sistance \u00e0 l\u2019allumage avec raccord 3\/8&quot; de 9,9 mm - cartouche \u00e0 allumage raccord 3\/8&quot; de 9,9 mm\" \/>\n<meta property=\"og:url\" content=\"https:\/\/amrtop.net\/de\/produkt\/bougie-avec-raccord-3-8-l-160mm-280w\/\" \/>\n<meta property=\"og:site_name\" content=\"AMRTOP B2B \u00c9tranger - Achats r\u00e9serv\u00e9s au professionnel\" \/>\n<meta property=\"article:modified_time\" content=\"2024-05-22T07:38:34+00:00\" \/>\n<meta property=\"og:image\" content=\"https:\/\/amrtop.net\/wp-content\/uploads\/2020\/01\/eld60028-1.jpg\" \/>\n\t<meta property=\"og:image:width\" content=\"960\" \/>\n\t<meta property=\"og:image:height\" content=\"960\" \/>\n\t<meta property=\"og:image:type\" content=\"image\/jpeg\" \/>\n<meta name=\"twitter:card\" content=\"summary_large_image\" \/>\n<meta name=\"twitter:label1\" content=\"Gesch\u00e4tzte Lesezeit\" \/>\n\t<meta name=\"twitter:data1\" content=\"3\u00a0Minuten\" \/>\n<script type=\"application\/ld+json\" class=\"yoast-schema-graph\">{\"@context\":\"https:\\\/\\\/schema.org\",\"@graph\":[{\"@type\":\"WebPage\",\"@id\":\"https:\\\/\\\/amrtop.net\\\/produit\\\/bougie-avec-raccord-3-8-l-160mm-280w\\\/\",\"url\":\"https:\\\/\\\/amrtop.net\\\/produit\\\/bougie-avec-raccord-3-8-l-160mm-280w\\\/\",\"name\":\"Bougie avec raccord 3\\\/8\\\" L.160mm 280w\",\"isPartOf\":{\"@id\":\"https:\\\/\\\/amrtop.net\\\/#website\"},\"primaryImageOfPage\":{\"@id\":\"https:\\\/\\\/amrtop.net\\\/produit\\\/bougie-avec-raccord-3-8-l-160mm-280w\\\/#primaryimage\"},\"image\":{\"@id\":\"https:\\\/\\\/amrtop.net\\\/produit\\\/bougie-avec-raccord-3-8-l-160mm-280w\\\/#primaryimage\"},\"thumbnailUrl\":\"https:\\\/\\\/amrtop.net\\\/wp-content\\\/uploads\\\/2020\\\/01\\\/eld60028-1.jpg\",\"datePublished\":\"2020-01-10T00:00:00+00:00\",\"dateModified\":\"2024-05-22T07:38:34+00:00\",\"description\":\"Bougie avec raccord 3\\\/8\\\" L.160mm 280w - r\u00e9sistance \u00e0 l\u2019allumage avec raccord 3\\\/8\\\" de 9,9 mm - cartouche \u00e0 allumage raccord 3\\\/8\\\" de 9,9 mm\",\"breadcrumb\":{\"@id\":\"https:\\\/\\\/amrtop.net\\\/produit\\\/bougie-avec-raccord-3-8-l-160mm-280w\\\/#breadcrumb\"},\"inLanguage\":\"de\",\"potentialAction\":[{\"@type\":\"ReadAction\",\"target\":[\"https:\\\/\\\/amrtop.net\\\/produit\\\/bougie-avec-raccord-3-8-l-160mm-280w\\\/\"]}]},{\"@type\":\"ImageObject\",\"inLanguage\":\"de\",\"@id\":\"https:\\\/\\\/amrtop.net\\\/produit\\\/bougie-avec-raccord-3-8-l-160mm-280w\\\/#primaryimage\",\"url\":\"https:\\\/\\\/amrtop.net\\\/wp-content\\\/uploads\\\/2020\\\/01\\\/eld60028-1.jpg\",\"contentUrl\":\"https:\\\/\\\/amrtop.net\\\/wp-content\\\/uploads\\\/2020\\\/01\\\/eld60028-1.jpg\",\"width\":960,\"height\":960,\"caption\":\"Bougie avec raccord 3\\\/8\\\" L.160mm 280w - r\u00e9sistance \u00e0 l\u2019allumage avec raccord 3\\\/8\\\" de 9,9 mm - cartouche \u00e0 allumage raccord 3\\\/8\\\" de 9,9 mm\"},{\"@type\":\"BreadcrumbList\",\"@id\":\"https:\\\/\\\/amrtop.net\\\/produit\\\/bougie-avec-raccord-3-8-l-160mm-280w\\\/#breadcrumb\",\"itemListElement\":[{\"@type\":\"ListItem\",\"position\":1,\"name\":\"Home\",\"item\":\"https:\\\/\\\/amrtop.net\\\/\"},{\"@type\":\"ListItem\",\"position\":2,\"name\":\"Shop\",\"item\":\"https:\\\/\\\/amrtop.net\\\/negozio\\\/\"},{\"@type\":\"ListItem\",\"position\":3,\"name\":\"Bougie avec raccord 3\\\/8\u2033 \u00f8 9,9 mm \u2013 280 Watt \u2013 longueur totale 160 mm \u2013 Code ELD60028\"}]},{\"@type\":\"WebSite\",\"@id\":\"https:\\\/\\\/amrtop.net\\\/#website\",\"url\":\"https:\\\/\\\/amrtop.net\\\/\",\"name\":\"AMRTOP B2B \u00c9tranger - Achats r\u00e9serv\u00e9s au professionnel\",\"description\":\"Pi\u00e8ces de rechange et accessoires pour po\u00eales et chaudi\u00e8res - eCommerce B2B pour Clients Professionnels\",\"potentialAction\":[{\"@type\":\"SearchAction\",\"target\":{\"@type\":\"EntryPoint\",\"urlTemplate\":\"https:\\\/\\\/amrtop.net\\\/?s={search_term_string}\"},\"query-input\":{\"@type\":\"PropertyValueSpecification\",\"valueRequired\":true,\"valueName\":\"search_term_string\"}}],\"inLanguage\":\"de\"}]}<\/script>\n<!-- \/ Yoast SEO plugin. -->","yoast_head_json":{"title":"Bougie avec raccord 3\/8\" L.160mm 280w","description":"Z\u00fcndkerze mit 3\/8\"-Anschluss L.160mm 280w - Z\u00fcndwiderstand mit 3\/8\"-Anschluss 9,9 mm - Z\u00fcndkartusche 3\/8\"-Anschluss 9,9 mm","robots":{"index":"index","follow":"follow","max-snippet":"max-snippet:-1","max-image-preview":"max-image-preview:large","max-video-preview":"max-video-preview:-1"},"canonical":"https:\/\/amrtop.net\/de\/produkt\/bougie-avec-raccord-3-8-l-160mm-280w\/","og_locale":"de_DE","og_type":"article","og_title":"Bougie avec raccord 3\/8\" L.160mm 280w","og_description":"Bougie avec raccord 3\/8\" L.160mm 280w - r\u00e9sistance \u00e0 l\u2019allumage avec raccord 3\/8\" de 9,9 mm - cartouche \u00e0 allumage raccord 3\/8\" de 9,9 mm","og_url":"https:\/\/amrtop.net\/de\/produkt\/bougie-avec-raccord-3-8-l-160mm-280w\/","og_site_name":"AMRTOP B2B \u00c9tranger - Achats r\u00e9serv\u00e9s au professionnel","article_modified_time":"2024-05-22T07:38:34+00:00","og_image":[{"width":960,"height":960,"url":"https:\/\/amrtop.net\/wp-content\/uploads\/2020\/01\/eld60028-1.jpg","type":"image\/jpeg"}],"twitter_card":"summary_large_image","twitter_misc":{"Gesch\u00e4tzte Lesezeit":"3\u00a0Minuten"},"schema":{"@context":"https:\/\/schema.org","@graph":[{"@type":"WebPage","@id":"https:\/\/amrtop.net\/produit\/bougie-avec-raccord-3-8-l-160mm-280w\/","url":"https:\/\/amrtop.net\/produit\/bougie-avec-raccord-3-8-l-160mm-280w\/","name":"Bougie avec raccord 3\/8\" L.160mm 280w","isPartOf":{"@id":"https:\/\/amrtop.net\/#website"},"primaryImageOfPage":{"@id":"https:\/\/amrtop.net\/produit\/bougie-avec-raccord-3-8-l-160mm-280w\/#primaryimage"},"image":{"@id":"https:\/\/amrtop.net\/produit\/bougie-avec-raccord-3-8-l-160mm-280w\/#primaryimage"},"thumbnailUrl":"https:\/\/amrtop.net\/wp-content\/uploads\/2020\/01\/eld60028-1.jpg","datePublished":"2020-01-10T00:00:00+00:00","dateModified":"2024-05-22T07:38:34+00:00","description":"Z\u00fcndkerze mit 3\/8\"-Anschluss L.160mm 280w - Z\u00fcndwiderstand mit 3\/8\"-Anschluss 9,9 mm - Z\u00fcndkartusche 3\/8\"-Anschluss 9,9 mm","breadcrumb":{"@id":"https:\/\/amrtop.net\/produit\/bougie-avec-raccord-3-8-l-160mm-280w\/#breadcrumb"},"inLanguage":"de","potentialAction":[{"@type":"ReadAction","target":["https:\/\/amrtop.net\/produit\/bougie-avec-raccord-3-8-l-160mm-280w\/"]}]},{"@type":"ImageObject","inLanguage":"de","@id":"https:\/\/amrtop.net\/produit\/bougie-avec-raccord-3-8-l-160mm-280w\/#primaryimage","url":"https:\/\/amrtop.net\/wp-content\/uploads\/2020\/01\/eld60028-1.jpg","contentUrl":"https:\/\/amrtop.net\/wp-content\/uploads\/2020\/01\/eld60028-1.jpg","width":960,"height":960,"caption":"Bougie avec raccord 3\/8\" L.160mm 280w - r\u00e9sistance \u00e0 l\u2019allumage avec raccord 3\/8\" de 9,9 mm - cartouche \u00e0 allumage raccord 3\/8\" de 9,9 mm"},{"@type":"BreadcrumbList","@id":"https:\/\/amrtop.net\/produit\/bougie-avec-raccord-3-8-l-160mm-280w\/#breadcrumb","itemListElement":[{"@type":"ListItem","position":1,"name":"Home","item":"https:\/\/amrtop.net\/"},{"@type":"ListItem","position":2,"name":"Shop","item":"https:\/\/amrtop.net\/negozio\/"},{"@type":"ListItem","position":3,"name":"Bougie avec raccord 3\/8\u2033 \u00f8 9,9 mm \u2013 280 Watt \u2013 longueur totale 160 mm \u2013 Code ELD60028"}]},{"@type":"WebSite","@id":"https:\/\/amrtop.net\/#website","url":"https:\/\/amrtop.net\/","name":"AMRTOP B2B Ausland - Einkaufen nur f\u00fcr Fachleute","description":"Ersatzteile und Zubeh\u00f6r f\u00fcr \u00d6fen und Heizkessel - B2B eCommerce f\u00fcr Gesch\u00e4ftskunden","potentialAction":[{"@type":"SearchAction","target":{"@type":"EntryPoint","urlTemplate":"https:\/\/amrtop.net\/?s={search_term_string}"},"query-input":{"@type":"PropertyValueSpecification","valueRequired":true,"valueName":"search_term_string"}}],"inLanguage":"de"}]}},"_links":{"self":[{"href":"https:\/\/amrtop.net\/de\/wp-json\/wp\/v2\/product\/3578","targetHints":{"allow":["GET"]}}],"collection":[{"href":"https:\/\/amrtop.net\/de\/wp-json\/wp\/v2\/product"}],"about":[{"href":"https:\/\/amrtop.net\/de\/wp-json\/wp\/v2\/types\/product"}],"replies":[{"embeddable":true,"href":"https:\/\/amrtop.net\/de\/wp-json\/wp\/v2\/comments?post=3578"}],"wp:featuredmedia":[{"embeddable":true,"href":"https:\/\/amrtop.net\/de\/wp-json\/wp\/v2\/media\/34622"}],"wp:attachment":[{"href":"https:\/\/amrtop.net\/de\/wp-json\/wp\/v2\/media?parent=3578"}],"wp:term":[{"taxonomy":"product_brand","embeddable":true,"href":"https:\/\/amrtop.net\/de\/wp-json\/wp\/v2\/product_brand?post=3578"},{"taxonomy":"product_cat","embeddable":true,"href":"https:\/\/amrtop.net\/de\/wp-json\/wp\/v2\/product_cat?post=3578"},{"taxonomy":"product_tag","embeddable":true,"href":"https:\/\/amrtop.net\/de\/wp-json\/wp\/v2\/product_tag?post=3578"}],"curies":[{"name":"wp","href":"https:\/\/api.w.org\/{rel}","templated":true}]}}