{"id":3579,"date":"2020-01-10T00:00:00","date_gmt":"2020-01-10T00:00:00","guid":{"rendered":"https:\/\/amrtop.com\/B2B\/?post_type=product&#038;p=3579"},"modified":"2023-05-26T13:45:52","modified_gmt":"2023-05-26T13:45:52","slug":"bougie-dallumage-raccord-3-8-l-173-mm-300-w","status":"publish","type":"product","link":"https:\/\/amrtop.net\/de\/produit\/bougie-dallumage-raccord-3-8-l-173-mm-300-w\/","title":{"rendered":"Z\u00fcndkerze mit Anschluss 3\/8 bis 9,9 mm - 300 Watt - Gesamtl\u00e4nge 173 mm - Code ELD60029"},"content":{"rendered":"<hr \/>\n<h3><strong>Bougie d\u2019allumage raccord 3\/8 L.173 mm 300 w<\/strong><\/h3>\n<p><strong>Amrtop<\/strong>\u00a0bietet 12 Typen von Z\u00fcndkerzen mit 3\/8\u2033-Anschluss \u00f8 9,9 mm in verschiedenen L\u00e4ngen sind vom Typ\u00a0<strong>hohe Leistungsdichte mit der Ultramax SC400-Technologie\u00a0<\/strong>Sie geh\u00f6ren zur neuen Generation von elektrischen Heizelementen, da sie hohe Wattlasten in sehr konzentrierten R\u00e4umen erm\u00f6glichen. Sie garantieren eine hohe Zuverl\u00e4ssigkeit auch unter sehr schwierigen Arbeitsbedingungen. Dies wird durch die besondere Konstruktionstechnologie erm\u00f6glicht, die diese Ger\u00e4te zum fortschrittlichsten Ausdruck unter den Heizelementen macht.<\/p>\n<h3>Utilisation de la bougie de raccordement 3\/8 L.173 mm 300 w<\/h3>\n<p>Die Gl\u00fchkerze, der Widerstand oder die Z\u00fcndkassette, die vertrieben werden von\u00a0<strong>Amrtop<\/strong>\u00a0pour les po\u00eales et chaudi\u00e8res \u00e0 pellets raccord\u00e9s 3\/8&#8243; \u00f8 9,9 mm &#8211; 300 Watt &#8211; Longueur totale 180 mm &#8211; Code ELD60029 est utilis\u00e9 dans le secteur du chauffage \u00e0 biomasse pellets, copeaux et autres &#8230; sont mont\u00e9es dans les po\u00eales et chaudi\u00e8res \u00e0 pellets pour cr\u00e9er l\u2019inflammation du combustible indirectement par l\u2019air ou directement.<\/p>\n<h3><strong>Vorteile :<\/strong><\/h3>\n<p>Was sind die Vorteile von Z\u00fcndkerzen, Widerst\u00e4nden oder Z\u00fcndpatronen :<\/p>\n<ul>\n<li>Maximale Sicherheit (keine Gefahr von \u00dcberhitzung, Kurzschluss oder Feuer)<\/li>\n<li>Nutzung der gesamten L\u00e4nge als Heizteil.<\/li>\n<li>Bessere Zirkulation und k\u00fcrzere Zeit bis zum Erreichen der Betriebstemperatur, daher geringerer Stromverbrauch.<\/li>\n<\/ul>\n<h3><strong>Innen<\/strong><\/h3>\n<p><a href=\"https:\/\/wekos.it\/\">\u00d6fen, Herde und Holzherde<\/a>\u00a0-\u00a0<a href=\"https:\/\/www.greenpuros.com\/\">Kamine, \u00d6fen und Pelletkessel.<\/a><\/p>\n<h3><strong>Amrtop Ersatzteile und Zubeh\u00f6r Sortiment<\/strong><\/h3>\n<p><a href=\"https:\/\/amrtop.net\/de\/produktkategorie\/ersatzteile-diverse-ofen-und-kocher-2\/bougies-dallumage-pour-poeles-et-chaudieres-a-pellets\/\">Gl\u00fchkerzen<\/a><\/p>\n<p><a href=\"https:\/\/amrtop.net\/de\/produktkategorie\/ersatzteile-diverse-ofen-und-kocher-2\/electronique\/\">Elektronik<\/a><\/p>\n<p><a href=\"https:\/\/amrtop.net\/de\/produktkategorie\/ersatzteile-diverse-ofen-und-kocher-2\/extracteurs-de-fumee\/\">Rauchabzug<\/a><\/p>\n<p><a href=\"https:\/\/amrtop.net\/de\/produktkategorie\/ersatzteile-diverse-ofen-und-kocher-2\/gaines-cable-connecteurs\/\">Kabelh\u00fcllen Verbinder<\/a><\/p>\n<p><a href=\"https:\/\/amrtop.net\/de\/produktkategorie\/ersatzteile-diverse-ofen-und-kocher-2\/joints-de-silicone\/\">Silikondichtungen<\/a><\/p>\n<p><a href=\"https:\/\/amrtop.net\/de\/produktkategorie\/ersatzteile-diverse-ofen-und-kocher-2\/motoreducteurs\/\">Getriebemotoren<\/a><\/p>\n<p><a href=\"https:\/\/amrtop.net\/de\/produktkategorie\/ersatzteile-diverse-ofen-und-kocher-2\/pressostats-et-transducteurs\/\">Druckschalter und Wandler<\/a><\/p>\n<p><a href=\"https:\/\/amrtop.com\/B2B\/fr\/categorie-produit\/ricambi-vari-stufe-e-caldaie\/sonde-termostati-manometri-termometri\/\">Sonden Thermostate Manometer Thermometer<\/a><\/p>\n<p><a href=\"https:\/\/amrtop.net\/de\/produktkategorie\/ersatzteile-diverse-ofen-und-kocher-2\/joints-detancheite\/\">Dichtgeflechte<\/a><\/p>\n<p><a href=\"https:\/\/amrtop.net\/de\/produktkategorie\/ersatzteile-diverse-ofen-und-kocher-2\/ventilateurs-centrifuges-pour-poeles-a-pellets\/\">Zentrifugalventilatoren<\/a><\/p>\n<p><a href=\"https:\/\/amrtop.net\/de\/produktkategorie\/ersatzteile-diverse-ofen-und-kocher-2\/ventilateurs-tangentiels-flux-transversal\/\">Tangentiale Ventilatoren<\/a><\/p>\n<p><a href=\"https:\/\/amrtop.net\/de\/produktkategorie\/ersatzteile-diverse-ofen-und-kocher-2\/adhesifs-et-produits-detancheite\/\">Klebstoffe und Kitt<\/a><\/p>\n<p>&nbsp;<\/p>","protected":false},"excerpt":{"rendered":"<hr \/>\n<h2><span style=\"color: #008000\">Verf\u00fcgbar<\/span><\/h2>\n<hr \/>\n<h3>Z\u00fcndkerze mit 3\/8\u2033-Anschluss<\/h3>\n<p>Code.ELD60029<\/p>\n<p>\u00f8 9.9 mm<br \/>\nLongueur totale : 180 mm<br \/>\nLongueur sous-\u00e9crou : 170 mm<br \/>\nLeistung: 300 W<br \/>\nKabell\u00e4nge: 500 mm<\/p>\n<h3>Kompatibilit\u00e4t<\/h3>\n<hr \/>\n<p><strong>Z\u00fcndkerze-Widerstand-Z\u00fcndkerze kompatibel mit den folgenden Marken von Pellet\u00f6fen<\/strong><\/p>\n<p><strong>Chazelles ist mit den folgenden Ofenmodellen kompatibel:\u00a0<\/strong>A8,\u00a0Amandine, Alessia,\u00a0Aleyna,\u00a0T Bice,\u00a0T Barbara,\u00a0Elance,\u00a0Facel 1000,\u00a0Tetra<\/p>\n<p><strong>Dargemont compatible avec les mod\u00e8les de po\u00eales suivants:\u00a0<\/strong>Murat, Aubrac,\u00a0 Balmet, Mauriac, Flame 6, Flame 9<\/p>\n<p><strong>De dietrich compatible avec les mod\u00e8les de po\u00eales suivants:\u00a0<\/strong>Floralis, Ppa 8bc, Quadralis<\/p>\n<p><strong>Emaflam Mod:\u00a0<\/strong>Flora<\/p>\n<p><b>Laminox Mod:\u00a0<\/b>Margherita, Valentina, Ambra, Clara, Greta, Ester, Tina, Carlotta, Victoria<\/p>\n<p><b>Lincar, Nature line by Paterno, Paterno,\u00a0<strong>Piazzetta,\u00a0<\/strong>Pirosi, Oliveri, Whitfield,\u00a0<\/b><\/p>\n<hr \/>\n<h3>Austauschbar mit den folgenden Modellen von Z\u00fcndkerzen-Widerst\u00e4nden-Z\u00fcndpatronen :<\/h3>\n<p>HT62656, KIT 3,<\/p>","protected":false},"featured_media":37266,"comment_status":"open","ping_status":"closed","template":"","meta":[],"product_brand":[],"product_cat":[842,840,839],"product_tag":[73,76,1351,39],"class_list":{"0":"post-3579","1":"product","2":"type-product","3":"status-publish","4":"has-post-thumbnail","6":"product_cat-bougies-avec-raccord-3-8-o-9-9-mm","7":"product_cat-bougies-dallumage-pour-poeles-et-chaudieres-a-pellets","8":"product_cat-pieces-de-rechange-divers-poeles-et-chaudieres","9":"product_tag-kalor","10":"product_tag-laminox","11":"product_tag-oliveri","12":"product_tag-piazzetta","13":"product_shipping_class-classe-di-spedizione-01","15":"first","16":"instock","17":"shipping-taxable","18":"purchasable","19":"product-type-simple"},"yoast_head":"<!-- This site is optimized with the Yoast SEO plugin v27.5 - https:\/\/yoast.com\/product\/yoast-seo-wordpress\/ -->\n<title>Bougie d\u2019allumage raccord 3\/8 L.173 mm 300 w<\/title>\n<meta name=\"description\" content=\"Bougie d\u2019allumage raccord 3\/8 L.173 mm 300 w - r\u00e9sistance \u00e0 l\u2019allumage avec raccord 3\/8&quot; de 9,9 mm - cartouche \u00e0 allumage raccord 3\/8&quot; de 9,9 mm\" \/>\n<meta name=\"robots\" content=\"index, follow, max-snippet:-1, max-image-preview:large, max-video-preview:-1\" \/>\n<link rel=\"canonical\" href=\"https:\/\/amrtop.net\/de\/produkt\/bougie-dallumage-raccord-3-8-l-173-mm-300-w\/\" \/>\n<meta property=\"og:locale\" content=\"de_DE\" \/>\n<meta property=\"og:type\" content=\"article\" \/>\n<meta property=\"og:title\" content=\"Bougie d\u2019allumage raccord 3\/8 L.173 mm 300 w\" \/>\n<meta property=\"og:description\" content=\"Bougie d\u2019allumage raccord 3\/8 L.173 mm 300 w - r\u00e9sistance \u00e0 l\u2019allumage avec raccord 3\/8&quot; de 9,9 mm - cartouche \u00e0 allumage raccord 3\/8&quot; de 9,9 mm\" \/>\n<meta property=\"og:url\" content=\"https:\/\/amrtop.net\/de\/produkt\/bougie-dallumage-raccord-3-8-l-173-mm-300-w\/\" \/>\n<meta property=\"og:site_name\" content=\"AMRTOP B2B \u00c9tranger - Achats r\u00e9serv\u00e9s au professionnel\" \/>\n<meta property=\"article:modified_time\" content=\"2023-05-26T13:45:52+00:00\" \/>\n<meta property=\"og:image\" content=\"https:\/\/amrtop.net\/wp-content\/uploads\/2020\/01\/ELD60029-AMR-TOP.jpg\" \/>\n\t<meta property=\"og:image:width\" content=\"960\" \/>\n\t<meta property=\"og:image:height\" content=\"960\" \/>\n\t<meta property=\"og:image:type\" content=\"image\/jpeg\" \/>\n<meta name=\"twitter:card\" content=\"summary_large_image\" \/>\n<meta name=\"twitter:label1\" content=\"Gesch\u00e4tzte Lesezeit\" \/>\n\t<meta name=\"twitter:data1\" content=\"3\u00a0Minuten\" \/>\n<script type=\"application\/ld+json\" class=\"yoast-schema-graph\">{\"@context\":\"https:\\\/\\\/schema.org\",\"@graph\":[{\"@type\":\"WebPage\",\"@id\":\"https:\\\/\\\/amrtop.net\\\/produit\\\/bougie-dallumage-raccord-3-8-l-173-mm-300-w\\\/\",\"url\":\"https:\\\/\\\/amrtop.net\\\/produit\\\/bougie-dallumage-raccord-3-8-l-173-mm-300-w\\\/\",\"name\":\"Bougie d\u2019allumage raccord 3\\\/8 L.173 mm 300 w\",\"isPartOf\":{\"@id\":\"https:\\\/\\\/amrtop.net\\\/#website\"},\"primaryImageOfPage\":{\"@id\":\"https:\\\/\\\/amrtop.net\\\/produit\\\/bougie-dallumage-raccord-3-8-l-173-mm-300-w\\\/#primaryimage\"},\"image\":{\"@id\":\"https:\\\/\\\/amrtop.net\\\/produit\\\/bougie-dallumage-raccord-3-8-l-173-mm-300-w\\\/#primaryimage\"},\"thumbnailUrl\":\"https:\\\/\\\/amrtop.net\\\/wp-content\\\/uploads\\\/2020\\\/01\\\/ELD60029-AMR-TOP.jpg\",\"datePublished\":\"2020-01-10T00:00:00+00:00\",\"dateModified\":\"2023-05-26T13:45:52+00:00\",\"description\":\"Bougie d\u2019allumage raccord 3\\\/8 L.173 mm 300 w - r\u00e9sistance \u00e0 l\u2019allumage avec raccord 3\\\/8\\\" de 9,9 mm - cartouche \u00e0 allumage raccord 3\\\/8\\\" de 9,9 mm\",\"breadcrumb\":{\"@id\":\"https:\\\/\\\/amrtop.net\\\/produit\\\/bougie-dallumage-raccord-3-8-l-173-mm-300-w\\\/#breadcrumb\"},\"inLanguage\":\"de\",\"potentialAction\":[{\"@type\":\"ReadAction\",\"target\":[\"https:\\\/\\\/amrtop.net\\\/produit\\\/bougie-dallumage-raccord-3-8-l-173-mm-300-w\\\/\"]}]},{\"@type\":\"ImageObject\",\"inLanguage\":\"de\",\"@id\":\"https:\\\/\\\/amrtop.net\\\/produit\\\/bougie-dallumage-raccord-3-8-l-173-mm-300-w\\\/#primaryimage\",\"url\":\"https:\\\/\\\/amrtop.net\\\/wp-content\\\/uploads\\\/2020\\\/01\\\/ELD60029-AMR-TOP.jpg\",\"contentUrl\":\"https:\\\/\\\/amrtop.net\\\/wp-content\\\/uploads\\\/2020\\\/01\\\/ELD60029-AMR-TOP.jpg\",\"width\":960,\"height\":960,\"caption\":\"Bougie d\u2019allumage raccord 3\\\/8 L.173 mm 300 w - r\u00e9sistance \u00e0 l\u2019allumage avec raccord 3\\\/8\\\" de 9,9 mm - cartouche \u00e0 allumage raccord 3\\\/8\\\" de 9,9 mm\"},{\"@type\":\"BreadcrumbList\",\"@id\":\"https:\\\/\\\/amrtop.net\\\/produit\\\/bougie-dallumage-raccord-3-8-l-173-mm-300-w\\\/#breadcrumb\",\"itemListElement\":[{\"@type\":\"ListItem\",\"position\":1,\"name\":\"Home\",\"item\":\"https:\\\/\\\/amrtop.net\\\/\"},{\"@type\":\"ListItem\",\"position\":2,\"name\":\"Shop\",\"item\":\"https:\\\/\\\/amrtop.net\\\/negozio\\\/\"},{\"@type\":\"ListItem\",\"position\":3,\"name\":\"Bougie d\u2019allumage avec raccord 3\\\/8 \u00e0 9,9 mm &#8211; 300 Watt &#8211; Longueur totale 173 mm &#8211; Code ELD60029\"}]},{\"@type\":\"WebSite\",\"@id\":\"https:\\\/\\\/amrtop.net\\\/#website\",\"url\":\"https:\\\/\\\/amrtop.net\\\/\",\"name\":\"AMRTOP B2B \u00c9tranger - Achats r\u00e9serv\u00e9s au professionnel\",\"description\":\"Pi\u00e8ces de rechange et accessoires pour po\u00eales et chaudi\u00e8res - eCommerce B2B pour Clients Professionnels\",\"potentialAction\":[{\"@type\":\"SearchAction\",\"target\":{\"@type\":\"EntryPoint\",\"urlTemplate\":\"https:\\\/\\\/amrtop.net\\\/?s={search_term_string}\"},\"query-input\":{\"@type\":\"PropertyValueSpecification\",\"valueRequired\":true,\"valueName\":\"search_term_string\"}}],\"inLanguage\":\"de\"}]}<\/script>\n<!-- \/ Yoast SEO plugin. -->","yoast_head_json":{"title":"Bougie d\u2019allumage raccord 3\/8 L.173 mm 300 w","description":"Z\u00fcndkerze 3\/8-Anschluss L.173 mm 300 w - Z\u00fcndwiderstand mit 3\/8\"-Anschluss 9,9 mm - Z\u00fcndkartusche 3\/8\"-Anschluss 9,9 mm","robots":{"index":"index","follow":"follow","max-snippet":"max-snippet:-1","max-image-preview":"max-image-preview:large","max-video-preview":"max-video-preview:-1"},"canonical":"https:\/\/amrtop.net\/de\/produkt\/bougie-dallumage-raccord-3-8-l-173-mm-300-w\/","og_locale":"de_DE","og_type":"article","og_title":"Bougie d\u2019allumage raccord 3\/8 L.173 mm 300 w","og_description":"Bougie d\u2019allumage raccord 3\/8 L.173 mm 300 w - r\u00e9sistance \u00e0 l\u2019allumage avec raccord 3\/8\" de 9,9 mm - cartouche \u00e0 allumage raccord 3\/8\" de 9,9 mm","og_url":"https:\/\/amrtop.net\/de\/produkt\/bougie-dallumage-raccord-3-8-l-173-mm-300-w\/","og_site_name":"AMRTOP B2B \u00c9tranger - Achats r\u00e9serv\u00e9s au professionnel","article_modified_time":"2023-05-26T13:45:52+00:00","og_image":[{"width":960,"height":960,"url":"https:\/\/amrtop.net\/wp-content\/uploads\/2020\/01\/ELD60029-AMR-TOP.jpg","type":"image\/jpeg"}],"twitter_card":"summary_large_image","twitter_misc":{"Gesch\u00e4tzte Lesezeit":"3\u00a0Minuten"},"schema":{"@context":"https:\/\/schema.org","@graph":[{"@type":"WebPage","@id":"https:\/\/amrtop.net\/produit\/bougie-dallumage-raccord-3-8-l-173-mm-300-w\/","url":"https:\/\/amrtop.net\/produit\/bougie-dallumage-raccord-3-8-l-173-mm-300-w\/","name":"Bougie d\u2019allumage raccord 3\/8 L.173 mm 300 w","isPartOf":{"@id":"https:\/\/amrtop.net\/#website"},"primaryImageOfPage":{"@id":"https:\/\/amrtop.net\/produit\/bougie-dallumage-raccord-3-8-l-173-mm-300-w\/#primaryimage"},"image":{"@id":"https:\/\/amrtop.net\/produit\/bougie-dallumage-raccord-3-8-l-173-mm-300-w\/#primaryimage"},"thumbnailUrl":"https:\/\/amrtop.net\/wp-content\/uploads\/2020\/01\/ELD60029-AMR-TOP.jpg","datePublished":"2020-01-10T00:00:00+00:00","dateModified":"2023-05-26T13:45:52+00:00","description":"Z\u00fcndkerze 3\/8-Anschluss L.173 mm 300 w - Z\u00fcndwiderstand mit 3\/8\"-Anschluss 9,9 mm - Z\u00fcndkartusche 3\/8\"-Anschluss 9,9 mm","breadcrumb":{"@id":"https:\/\/amrtop.net\/produit\/bougie-dallumage-raccord-3-8-l-173-mm-300-w\/#breadcrumb"},"inLanguage":"de","potentialAction":[{"@type":"ReadAction","target":["https:\/\/amrtop.net\/produit\/bougie-dallumage-raccord-3-8-l-173-mm-300-w\/"]}]},{"@type":"ImageObject","inLanguage":"de","@id":"https:\/\/amrtop.net\/produit\/bougie-dallumage-raccord-3-8-l-173-mm-300-w\/#primaryimage","url":"https:\/\/amrtop.net\/wp-content\/uploads\/2020\/01\/ELD60029-AMR-TOP.jpg","contentUrl":"https:\/\/amrtop.net\/wp-content\/uploads\/2020\/01\/ELD60029-AMR-TOP.jpg","width":960,"height":960,"caption":"Bougie d\u2019allumage raccord 3\/8 L.173 mm 300 w - r\u00e9sistance \u00e0 l\u2019allumage avec raccord 3\/8\" de 9,9 mm - cartouche \u00e0 allumage raccord 3\/8\" de 9,9 mm"},{"@type":"BreadcrumbList","@id":"https:\/\/amrtop.net\/produit\/bougie-dallumage-raccord-3-8-l-173-mm-300-w\/#breadcrumb","itemListElement":[{"@type":"ListItem","position":1,"name":"Home","item":"https:\/\/amrtop.net\/"},{"@type":"ListItem","position":2,"name":"Shop","item":"https:\/\/amrtop.net\/negozio\/"},{"@type":"ListItem","position":3,"name":"Bougie d\u2019allumage avec raccord 3\/8 \u00e0 9,9 mm &#8211; 300 Watt &#8211; Longueur totale 173 mm &#8211; Code ELD60029"}]},{"@type":"WebSite","@id":"https:\/\/amrtop.net\/#website","url":"https:\/\/amrtop.net\/","name":"AMRTOP B2B Ausland - Einkaufen nur f\u00fcr Fachleute","description":"Ersatzteile und Zubeh\u00f6r f\u00fcr \u00d6fen und Heizkessel - B2B eCommerce f\u00fcr Gesch\u00e4ftskunden","potentialAction":[{"@type":"SearchAction","target":{"@type":"EntryPoint","urlTemplate":"https:\/\/amrtop.net\/?s={search_term_string}"},"query-input":{"@type":"PropertyValueSpecification","valueRequired":true,"valueName":"search_term_string"}}],"inLanguage":"de"}]}},"_links":{"self":[{"href":"https:\/\/amrtop.net\/de\/wp-json\/wp\/v2\/product\/3579","targetHints":{"allow":["GET"]}}],"collection":[{"href":"https:\/\/amrtop.net\/de\/wp-json\/wp\/v2\/product"}],"about":[{"href":"https:\/\/amrtop.net\/de\/wp-json\/wp\/v2\/types\/product"}],"replies":[{"embeddable":true,"href":"https:\/\/amrtop.net\/de\/wp-json\/wp\/v2\/comments?post=3579"}],"wp:featuredmedia":[{"embeddable":true,"href":"https:\/\/amrtop.net\/de\/wp-json\/wp\/v2\/media\/37266"}],"wp:attachment":[{"href":"https:\/\/amrtop.net\/de\/wp-json\/wp\/v2\/media?parent=3579"}],"wp:term":[{"taxonomy":"product_brand","embeddable":true,"href":"https:\/\/amrtop.net\/de\/wp-json\/wp\/v2\/product_brand?post=3579"},{"taxonomy":"product_cat","embeddable":true,"href":"https:\/\/amrtop.net\/de\/wp-json\/wp\/v2\/product_cat?post=3579"},{"taxonomy":"product_tag","embeddable":true,"href":"https:\/\/amrtop.net\/de\/wp-json\/wp\/v2\/product_tag?post=3579"}],"curies":[{"name":"wp","href":"https:\/\/api.w.org\/{rel}","templated":true}]}}