{"id":3584,"date":"2020-01-10T00:00:00","date_gmt":"2020-01-10T00:00:00","guid":{"rendered":"https:\/\/amrtop.com\/B2B\/?post_type=product&#038;p=3584"},"modified":"2023-05-26T12:27:38","modified_gmt":"2023-05-26T12:27:38","slug":"zundkerze-mit-anschluss-1-2%e2%80%b3-l-188-mm","status":"publish","type":"product","link":"https:\/\/amrtop.net\/de\/produit\/bougie-avec-raccord-1-2%e2%80%b3-l-188-mm\/","title":{"rendered":"Kerze mit 1\/2\u2033-Anschluss \u00f8 12,5 mm - 350 Watt - Gesamtl\u00e4nge 188 mm - Code ELD60035"},"content":{"rendered":"<hr \/>\n<h1>Kerze mit 1\/2\u2033-Anschluss L.188 mm<\/h1>\n<p><strong>Amrtop<\/strong>\u00a0bietet 4 Typen von Gl\u00fchkerzen mit 1\/2\u2033-Anschluss \u00f8 12,5 mm und \u00f8 16 mm in verschiedenen L\u00e4ngen sind vom Typ\u00a0<strong>hohe Leistungsdichte mit der Ultramax SC400-Technologie\u00a0<\/strong>Sie geh\u00f6ren zur neuen Generation elektrischer Heizelemente, da sie hohe Wattlasten in sehr konzentrierten R\u00e4umen erm\u00f6glichen. viel niedriger im Vergleich zu anderen Heizger\u00e4ten, bei denen sich der Draht in einer tieferen Position befindet.<\/p>\n<h3><strong>Verwendung der Kerze mit Anschluss 1\/2 L.188 mm<\/strong><\/h3>\n<p>Die Gl\u00fchkerze mit 1\/2\u2033-Anschluss L.188mm - Code ELD60035 wird im Bereich der Biomasse-Heizung mit Pellets, Sp\u00e4nen und Co. verwendet... Sie werden in Pellet\u00f6fen und -kesseln eingebaut, um die Entz\u00fcndung des Brennstoffs indirekt \u00fcber die Luft oder direkt zu erzeugen.<\/p>\n<h3><strong>Ultramax SC400<\/strong><\/h3>\n<p><strong>Ultramax SC 400<\/strong>ist eine Patrone mit einer absolut dichten, hochtemperaturtauglichen Versiegelung in einem zyklusgesteuerten Prozess, die im Heizerkopf geschmolzen wird, um eine koh\u00e4rente Versiegelung der Metalloberfl\u00e4chen auf molekularer Ebene zu bilden. Die Verwendung von ULTRAMAX SC400-Patronen wird in allen F\u00e4llen unverzichtbar, egal ob es um hohe Sicherheit und Zuverl\u00e4ssigkeit geht, wie bei der Verwendung in elektromedizinischen Ger\u00e4ten, Handwerkszeugen, Anwendungen in der Luft- und Raumfahrt, in der Atomindustrie, in der Chirurgie oder im Milit\u00e4r.<\/p>\n<h3><strong>Innen<\/strong><\/h3>\n<p><a href=\"https:\/\/wekos.it\/\">\u00d6fen, Herde und Holzherde<\/a>\u00a0-\u00a0<a href=\"https:\/\/www.greenpuros.com\/\">Kamine, \u00d6fen und Pelletkessel.<\/a><\/p>\n<h3><strong>Amrtop Ersatzteile und Zubeh\u00f6r Sortiment<\/strong><\/h3>\n<p><a href=\"https:\/\/amrtop.net\/de\/produktkategorie\/ersatzteile-diverse-ofen-und-kocher-2\/bougies-dallumage-pour-poeles-et-chaudieres-a-pellets\/\">Gl\u00fchkerzen<\/a><\/p>\n<p><a href=\"https:\/\/amrtop.net\/de\/produktkategorie\/ersatzteile-diverse-ofen-und-kocher-2\/electronique\/\">Elektronik<\/a><\/p>\n<p><a href=\"https:\/\/amrtop.net\/de\/produktkategorie\/ersatzteile-diverse-ofen-und-kocher-2\/extracteurs-de-fumee\/\">Rauchabzug<\/a><\/p>\n<p><a href=\"https:\/\/amrtop.net\/de\/produktkategorie\/ersatzteile-diverse-ofen-und-kocher-2\/gaines-cable-connecteurs\/\">Kabelh\u00fcllen Verbinder<\/a><\/p>\n<p><a href=\"https:\/\/amrtop.net\/de\/produktkategorie\/ersatzteile-diverse-ofen-und-kocher-2\/joints-de-silicone\/\">Silikondichtungen<\/a><\/p>\n<p><a href=\"https:\/\/amrtop.net\/de\/produktkategorie\/ersatzteile-diverse-ofen-und-kocher-2\/motoreducteurs\/\">Getriebemotoren<\/a><\/p>\n<p><a href=\"https:\/\/amrtop.net\/de\/produktkategorie\/ersatzteile-diverse-ofen-und-kocher-2\/pressostats-et-transducteurs\/\">Druckschalter und Wandler<\/a><\/p>\n<p><a href=\"https:\/\/amrtop.com\/B2B\/fr\/categorie-produit\/ricambi-vari-stufe-e-caldaie\/sonde-termostati-manometri-termometri\/\">Sonden Thermostate Manometer Thermometer<\/a><\/p>\n<p><a href=\"https:\/\/amrtop.net\/de\/produktkategorie\/ersatzteile-diverse-ofen-und-kocher-2\/joints-detancheite\/\">Dichtgeflechte<\/a><\/p>\n<p><a href=\"https:\/\/amrtop.net\/de\/produktkategorie\/ersatzteile-diverse-ofen-und-kocher-2\/ventilateurs-centrifuges-pour-poeles-a-pellets\/\">Zentrifugalventilatoren<\/a><\/p>\n<p><a href=\"https:\/\/amrtop.net\/de\/produktkategorie\/ersatzteile-diverse-ofen-und-kocher-2\/ventilateurs-tangentiels-flux-transversal\/\">Tangentiale Ventilatoren<\/a><\/p>\n<p><a href=\"https:\/\/amrtop.net\/de\/produktkategorie\/ersatzteile-diverse-ofen-und-kocher-2\/adhesifs-et-produits-detancheite\/\">Klebstoffe und Kitt<\/a><\/p>","protected":false},"excerpt":{"rendered":"<hr \/>\n<h2><span style=\"color: #008000\">Disponibile<\/span><\/h2>\n<hr \/>\n<h3>Z\u00fcndkerze mit 1\/2\u2033-Anschluss<\/h3>\n<p>Code.ELD60035<\/p>\n<p>\u00f8 12,5 mm<br \/>\nGesamtl\u00e4nge: 188 mm<br \/>\nL\u00e4nge der Untermutter: 180 mm<br \/>\nLeistung: 350 W<br \/>\nKabell\u00e4nge: 500 mm<\/p>\n<h3>Kompatibilit\u00e4t<\/h3>\n<hr \/>\n<h3>Z\u00fcndkerze-Widerstand-Z\u00fcndkerze kompatibel mit den folgenden Marken von Pellet\u00f6fen<\/h3>\n<p><strong>Jotul Mod:\u00a0<\/strong>PF 730<\/p>\n<p><strong>Palazzetti Mod:\u00a0<\/strong>Allegro, Ermione, Ermione A, Olga, Olga Idro 26kW, Olga Idro 26kW A, Sabina, Sabina A<\/p>\n<p>&nbsp;<\/p>\n<hr \/>\n<h3>Austauschbar mit den folgenden Modellen von Z\u00fcndkerzen-Widerst\u00e4nden-Z\u00fcndpatronen :<\/h3>\n<p>UTXS02330, UTXS025889<\/p>","protected":false},"featured_media":34592,"comment_status":"open","ping_status":"closed","template":"","meta":[],"product_brand":[],"product_cat":[845,840,839],"product_tag":[124,84,41],"class_list":{"0":"post-3584","1":"product","2":"type-product","3":"status-publish","4":"has-post-thumbnail","6":"product_cat-bougies-dallumage-avec-raccord-1-2-en-12-5-mm-o-16-mm","7":"product_cat-bougies-dallumage-pour-poeles-et-chaudieres-a-pellets","8":"product_cat-pieces-de-rechange-divers-poeles-et-chaudieres","9":"product_tag-jotul","10":"product_tag-palazzetti","11":"product_tag-ravelli","12":"product_shipping_class-classe-di-spedizione-01","14":"first","15":"instock","16":"shipping-taxable","17":"purchasable","18":"product-type-simple"},"yoast_head":"<!-- This site is optimized with the Yoast SEO plugin v27.5 - https:\/\/yoast.com\/product\/yoast-seo-wordpress\/ -->\n<title>Bougie avec raccord 1\/2\u2033 L.188 mm<\/title>\n<meta name=\"description\" content=\"Bougie avec raccord 1\/2\u2033 L.188 mm - r\u00e9sistance l\u2019allumage avec raccord 1\/2&quot; - cartouche d\u2019allumage raccord 1\/2&quot; - Bougie allumage avec raccord 1\/2\u2033 L.188 mm\" \/>\n<meta name=\"robots\" content=\"index, follow, max-snippet:-1, max-image-preview:large, max-video-preview:-1\" \/>\n<link rel=\"canonical\" href=\"https:\/\/amrtop.net\/de\/produkt\/zundkerze-mit-anschluss-1-2\u2033-l-188-mm\/\" \/>\n<meta property=\"og:locale\" content=\"de_DE\" \/>\n<meta property=\"og:type\" content=\"article\" \/>\n<meta property=\"og:title\" content=\"Bougie avec raccord 1\/2\u2033 L.188 mm\" \/>\n<meta property=\"og:description\" content=\"Bougie avec raccord 1\/2\u2033 L.188 mm - r\u00e9sistance l\u2019allumage avec raccord 1\/2&quot; - cartouche d\u2019allumage raccord 1\/2&quot; - Bougie allumage avec raccord 1\/2\u2033 L.188 mm\" \/>\n<meta property=\"og:url\" content=\"https:\/\/amrtop.net\/de\/produkt\/zundkerze-mit-anschluss-1-2\u2033-l-188-mm\/\" \/>\n<meta property=\"og:site_name\" content=\"AMRTOP B2B \u00c9tranger - Achats r\u00e9serv\u00e9s au professionnel\" \/>\n<meta property=\"article:modified_time\" content=\"2023-05-26T12:27:38+00:00\" \/>\n<meta property=\"og:image\" content=\"https:\/\/amrtop.net\/wp-content\/uploads\/2020\/01\/eld60035-1.jpg\" \/>\n\t<meta property=\"og:image:width\" content=\"960\" \/>\n\t<meta property=\"og:image:height\" content=\"960\" \/>\n\t<meta property=\"og:image:type\" content=\"image\/jpeg\" \/>\n<meta name=\"twitter:card\" content=\"summary_large_image\" \/>\n<meta name=\"twitter:label1\" content=\"Gesch\u00e4tzte Lesezeit\" \/>\n\t<meta name=\"twitter:data1\" content=\"2\u00a0Minuten\" \/>\n<script type=\"application\/ld+json\" class=\"yoast-schema-graph\">{\"@context\":\"https:\\\/\\\/schema.org\",\"@graph\":[{\"@type\":\"WebPage\",\"@id\":\"https:\\\/\\\/amrtop.net\\\/produit\\\/bougie-avec-raccord-1-2%e2%80%b3-l-188-mm\\\/\",\"url\":\"https:\\\/\\\/amrtop.net\\\/produit\\\/bougie-avec-raccord-1-2%e2%80%b3-l-188-mm\\\/\",\"name\":\"Bougie avec raccord 1\\\/2\u2033 L.188 mm\",\"isPartOf\":{\"@id\":\"https:\\\/\\\/amrtop.net\\\/#website\"},\"primaryImageOfPage\":{\"@id\":\"https:\\\/\\\/amrtop.net\\\/produit\\\/bougie-avec-raccord-1-2%e2%80%b3-l-188-mm\\\/#primaryimage\"},\"image\":{\"@id\":\"https:\\\/\\\/amrtop.net\\\/produit\\\/bougie-avec-raccord-1-2%e2%80%b3-l-188-mm\\\/#primaryimage\"},\"thumbnailUrl\":\"https:\\\/\\\/amrtop.net\\\/wp-content\\\/uploads\\\/2020\\\/01\\\/eld60035-1.jpg\",\"datePublished\":\"2020-01-10T00:00:00+00:00\",\"dateModified\":\"2023-05-26T12:27:38+00:00\",\"description\":\"Bougie avec raccord 1\\\/2\u2033 L.188 mm - r\u00e9sistance l\u2019allumage avec raccord 1\\\/2\\\" - cartouche d\u2019allumage raccord 1\\\/2\\\" - Bougie allumage avec raccord 1\\\/2\u2033 L.188 mm\",\"breadcrumb\":{\"@id\":\"https:\\\/\\\/amrtop.net\\\/produit\\\/bougie-avec-raccord-1-2%e2%80%b3-l-188-mm\\\/#breadcrumb\"},\"inLanguage\":\"de\",\"potentialAction\":[{\"@type\":\"ReadAction\",\"target\":[\"https:\\\/\\\/amrtop.net\\\/produit\\\/bougie-avec-raccord-1-2%e2%80%b3-l-188-mm\\\/\"]}]},{\"@type\":\"ImageObject\",\"inLanguage\":\"de\",\"@id\":\"https:\\\/\\\/amrtop.net\\\/produit\\\/bougie-avec-raccord-1-2%e2%80%b3-l-188-mm\\\/#primaryimage\",\"url\":\"https:\\\/\\\/amrtop.net\\\/wp-content\\\/uploads\\\/2020\\\/01\\\/eld60035-1.jpg\",\"contentUrl\":\"https:\\\/\\\/amrtop.net\\\/wp-content\\\/uploads\\\/2020\\\/01\\\/eld60035-1.jpg\",\"width\":960,\"height\":960,\"caption\":\"Bougie avec raccord 1\\\/2\u2033 L.188 mm - r\u00e9sistance l\u2019allumage avec raccord 1\\\/2\\\" - cartouche d\u2019allumage raccord 1\\\/2\\\" - Bougie allumage avec raccord 1\\\/2\u2033 L.188 mm\"},{\"@type\":\"BreadcrumbList\",\"@id\":\"https:\\\/\\\/amrtop.net\\\/produit\\\/bougie-avec-raccord-1-2%e2%80%b3-l-188-mm\\\/#breadcrumb\",\"itemListElement\":[{\"@type\":\"ListItem\",\"position\":1,\"name\":\"Home\",\"item\":\"https:\\\/\\\/amrtop.net\\\/\"},{\"@type\":\"ListItem\",\"position\":2,\"name\":\"Shop\",\"item\":\"https:\\\/\\\/amrtop.net\\\/negozio\\\/\"},{\"@type\":\"ListItem\",\"position\":3,\"name\":\"Bougie avec raccord 1\\\/2\u2033 \u00f8 12,5 mm \u2013 350 Watt \u2013 Longueur totale 188 mm &#8211; Code ELD60035\"}]},{\"@type\":\"WebSite\",\"@id\":\"https:\\\/\\\/amrtop.net\\\/#website\",\"url\":\"https:\\\/\\\/amrtop.net\\\/\",\"name\":\"AMRTOP B2B \u00c9tranger - Achats r\u00e9serv\u00e9s au professionnel\",\"description\":\"Pi\u00e8ces de rechange et accessoires pour po\u00eales et chaudi\u00e8res - eCommerce B2B pour Clients Professionnels\",\"potentialAction\":[{\"@type\":\"SearchAction\",\"target\":{\"@type\":\"EntryPoint\",\"urlTemplate\":\"https:\\\/\\\/amrtop.net\\\/?s={search_term_string}\"},\"query-input\":{\"@type\":\"PropertyValueSpecification\",\"valueRequired\":true,\"valueName\":\"search_term_string\"}}],\"inLanguage\":\"de\"}]}<\/script>\n<!-- \/ Yoast SEO plugin. -->","yoast_head_json":{"title":"Kerze mit 1\/2\u2033-Anschluss L.188 mm","description":"Z\u00fcndkerze mit Anschluss 1\/2\u2033 L.188 mm - Z\u00fcndwiderstand mit Anschluss 1\/2\" - Z\u00fcndkartusche Anschluss 1\/2\" - Z\u00fcndkerze mit Anschluss 1\/2\u2033 L.188 mm","robots":{"index":"index","follow":"follow","max-snippet":"max-snippet:-1","max-image-preview":"max-image-preview:large","max-video-preview":"max-video-preview:-1"},"canonical":"https:\/\/amrtop.net\/de\/produkt\/zundkerze-mit-anschluss-1-2\u2033-l-188-mm\/","og_locale":"de_DE","og_type":"article","og_title":"Bougie avec raccord 1\/2\u2033 L.188 mm","og_description":"Bougie avec raccord 1\/2\u2033 L.188 mm - r\u00e9sistance l\u2019allumage avec raccord 1\/2\" - cartouche d\u2019allumage raccord 1\/2\" - Bougie allumage avec raccord 1\/2\u2033 L.188 mm","og_url":"https:\/\/amrtop.net\/de\/produkt\/zundkerze-mit-anschluss-1-2\u2033-l-188-mm\/","og_site_name":"AMRTOP B2B \u00c9tranger - Achats r\u00e9serv\u00e9s au professionnel","article_modified_time":"2023-05-26T12:27:38+00:00","og_image":[{"width":960,"height":960,"url":"https:\/\/amrtop.net\/wp-content\/uploads\/2020\/01\/eld60035-1.jpg","type":"image\/jpeg"}],"twitter_card":"summary_large_image","twitter_misc":{"Gesch\u00e4tzte Lesezeit":"2\u00a0Minuten"},"schema":{"@context":"https:\/\/schema.org","@graph":[{"@type":"WebPage","@id":"https:\/\/amrtop.net\/produit\/bougie-avec-raccord-1-2%e2%80%b3-l-188-mm\/","url":"https:\/\/amrtop.net\/produit\/bougie-avec-raccord-1-2%e2%80%b3-l-188-mm\/","name":"Kerze mit 1\/2\u2033-Anschluss L.188 mm","isPartOf":{"@id":"https:\/\/amrtop.net\/#website"},"primaryImageOfPage":{"@id":"https:\/\/amrtop.net\/produit\/bougie-avec-raccord-1-2%e2%80%b3-l-188-mm\/#primaryimage"},"image":{"@id":"https:\/\/amrtop.net\/produit\/bougie-avec-raccord-1-2%e2%80%b3-l-188-mm\/#primaryimage"},"thumbnailUrl":"https:\/\/amrtop.net\/wp-content\/uploads\/2020\/01\/eld60035-1.jpg","datePublished":"2020-01-10T00:00:00+00:00","dateModified":"2023-05-26T12:27:38+00:00","description":"Z\u00fcndkerze mit Anschluss 1\/2\u2033 L.188 mm - Z\u00fcndwiderstand mit Anschluss 1\/2\" - Z\u00fcndkartusche Anschluss 1\/2\" - Z\u00fcndkerze mit Anschluss 1\/2\u2033 L.188 mm","breadcrumb":{"@id":"https:\/\/amrtop.net\/produit\/bougie-avec-raccord-1-2%e2%80%b3-l-188-mm\/#breadcrumb"},"inLanguage":"de","potentialAction":[{"@type":"ReadAction","target":["https:\/\/amrtop.net\/produit\/bougie-avec-raccord-1-2%e2%80%b3-l-188-mm\/"]}]},{"@type":"ImageObject","inLanguage":"de","@id":"https:\/\/amrtop.net\/produit\/bougie-avec-raccord-1-2%e2%80%b3-l-188-mm\/#primaryimage","url":"https:\/\/amrtop.net\/wp-content\/uploads\/2020\/01\/eld60035-1.jpg","contentUrl":"https:\/\/amrtop.net\/wp-content\/uploads\/2020\/01\/eld60035-1.jpg","width":960,"height":960,"caption":"Bougie avec raccord 1\/2\u2033 L.188 mm - r\u00e9sistance l\u2019allumage avec raccord 1\/2\" - cartouche d\u2019allumage raccord 1\/2\" - Bougie allumage avec raccord 1\/2\u2033 L.188 mm"},{"@type":"BreadcrumbList","@id":"https:\/\/amrtop.net\/produit\/bougie-avec-raccord-1-2%e2%80%b3-l-188-mm\/#breadcrumb","itemListElement":[{"@type":"ListItem","position":1,"name":"Home","item":"https:\/\/amrtop.net\/"},{"@type":"ListItem","position":2,"name":"Shop","item":"https:\/\/amrtop.net\/negozio\/"},{"@type":"ListItem","position":3,"name":"Bougie avec raccord 1\/2\u2033 \u00f8 12,5 mm \u2013 350 Watt \u2013 Longueur totale 188 mm &#8211; Code ELD60035"}]},{"@type":"WebSite","@id":"https:\/\/amrtop.net\/#website","url":"https:\/\/amrtop.net\/","name":"AMRTOP B2B Ausland - Einkaufen nur f\u00fcr Fachleute","description":"Ersatzteile und Zubeh\u00f6r f\u00fcr \u00d6fen und Heizkessel - B2B eCommerce f\u00fcr Gesch\u00e4ftskunden","potentialAction":[{"@type":"SearchAction","target":{"@type":"EntryPoint","urlTemplate":"https:\/\/amrtop.net\/?s={search_term_string}"},"query-input":{"@type":"PropertyValueSpecification","valueRequired":true,"valueName":"search_term_string"}}],"inLanguage":"de"}]}},"_links":{"self":[{"href":"https:\/\/amrtop.net\/de\/wp-json\/wp\/v2\/product\/3584","targetHints":{"allow":["GET"]}}],"collection":[{"href":"https:\/\/amrtop.net\/de\/wp-json\/wp\/v2\/product"}],"about":[{"href":"https:\/\/amrtop.net\/de\/wp-json\/wp\/v2\/types\/product"}],"replies":[{"embeddable":true,"href":"https:\/\/amrtop.net\/de\/wp-json\/wp\/v2\/comments?post=3584"}],"wp:featuredmedia":[{"embeddable":true,"href":"https:\/\/amrtop.net\/de\/wp-json\/wp\/v2\/media\/34592"}],"wp:attachment":[{"href":"https:\/\/amrtop.net\/de\/wp-json\/wp\/v2\/media?parent=3584"}],"wp:term":[{"taxonomy":"product_brand","embeddable":true,"href":"https:\/\/amrtop.net\/de\/wp-json\/wp\/v2\/product_brand?post=3584"},{"taxonomy":"product_cat","embeddable":true,"href":"https:\/\/amrtop.net\/de\/wp-json\/wp\/v2\/product_cat?post=3584"},{"taxonomy":"product_tag","embeddable":true,"href":"https:\/\/amrtop.net\/de\/wp-json\/wp\/v2\/product_tag?post=3584"}],"curies":[{"name":"wp","href":"https:\/\/api.w.org\/{rel}","templated":true}]}}