{"id":3596,"date":"2020-01-10T00:00:00","date_gmt":"2020-01-10T00:00:00","guid":{"rendered":"https:\/\/amrtop.com\/B2B\/?post_type=product&#038;p=3596"},"modified":"2023-05-28T09:44:00","modified_gmt":"2023-05-28T09:44:00","slug":"bougie-lineaire-o-9-9-mm-l-150-mm","status":"publish","type":"product","link":"https:\/\/amrtop.net\/de\/produit\/bougie-lineaire-o-9-9-mm-l-150-mm\/","title":{"rendered":"Lineare Kerze \u00f8 9,9 mm - 250 Watt - Gesamtl\u00e4nge 150 mm - Code ELT60021"},"content":{"rendered":"<hr \/>\n<h3>Lineare Kerze \u00f8 9.9 mm L.150 mm<\/h3>\n<p>Sie sind mit der Ultramax SC400-Technologie ausgestattet und geh\u00f6ren zu einer neuen Generation von elektrischen Heizelementen, da sie hohe Wattleistungen in sehr konzentrierten R\u00e4umen erm\u00f6glichen. Sie garantieren eine hohe Zuverl\u00e4ssigkeit auch unter sehr schwierigen Arbeitsbedingungen. Dies wird durch die besondere Konstruktionstechnologie erm\u00f6glicht, die diese Ger\u00e4te zum fortschrittlichsten Ausdruck unter den Heizelementen macht.<\/p>\n<p>Der Draht, der um einen Magnesiumoxidkern gewickelt ist, befindet sich w\u00e4hrend seiner gesamten Entwicklung in einer peripheren Position sehr nahe an der Metallh\u00fclle. Eine sehr d\u00fcnne, stark komprimierte Isolierwand erzielt so einen sehr effizienten W\u00e4rmeaustausch, der die Temperatur des Widerstandsdrahts im Vergleich zu anderen Heizger\u00e4ten, bei denen sich der Draht in einer tieferen Position befindet, auf einem viel niedrigeren Wert h\u00e4lt.<\/p>\n<h3>Verwendung der linearen Kerze \u00f8 9.9 mm L.150 mm<\/h3>\n<p>Die von Amrtop vertriebene lineare Beschleunigerleiste \u00f8 9,9 mm - 250 Watt - Gesamtl\u00e4nge 150 mm - Codice ELT60021 dient dazu, die Beschleunigung des Brennstoffs Pellet, Cippato, Nocciolino \u00fcber die Luft einzuschalten, der in Biomasse-Klimaanlagen vorhanden ist.<\/p>\n<h3>Vorteile :<\/h3>\n<p>Was sind die Vorteile von Z\u00fcndkerzen, Widerst\u00e4nden oder Z\u00fcndpatronen :<\/p>\n<ul>\n<li>Maximale Sicherheit (keine Gefahr von \u00dcberhitzung, Kurzschluss oder Feuer)<\/li>\n<li>Nutzung der gesamten L\u00e4nge als Heizteil.<\/li>\n<li>Bessere Zirkulation und k\u00fcrzere Zeit bis zum Erreichen der Betriebstemperatur, daher geringerer Stromverbrauch.<\/li>\n<\/ul>\n<h3>Ultramax-Technologie SC400<\/h3>\n<p>Ultramax SC 400 ist eine Kartusche mit einer absolut dichten, hochtemperaturtauglichen Versiegelung in einem zyklusgesteuerten Prozess, die im Heizerkopf geschmolzen wird, um eine koh\u00e4rente Versiegelung der Metalloberfl\u00e4chen auf molekularer Ebene zu bilden. Die Verwendung von ULTRAMAX SC400-Patronen wird in allen F\u00e4llen unverzichtbar, egal ob es um hohe Sicherheit und Zuverl\u00e4ssigkeit geht, wie bei der Verwendung in elektromedizinischen Ger\u00e4ten, Handwerkszeugen, Anwendungen in der Luft- und Raumfahrt, im atomaren Bereich, in der Chirurgie oder im Milit\u00e4r.<\/p>\n<h3>Innen<\/h3>\n<p><a href=\"https:\/\/wekos.it\/\">\u00d6fen, Herde und Holzherde<\/a>\u00a0-\u00a0<a href=\"https:\/\/www.greenpuros.com\/\">Kamine, \u00d6fen und Pelletkessel.<\/a><\/p>\n<h3>Amrtop Ersatzteile und Zubeh\u00f6r Sortiment<\/h3>\n<p><a href=\"https:\/\/amrtop.net\/de\/produktkategorie\/ersatzteile-diverse-ofen-und-kocher-2\/bougies-dallumage-pour-poeles-et-chaudieres-a-pellets\/\">Gl\u00fchkerzen<\/a><\/p>\n<p><a href=\"https:\/\/amrtop.net\/de\/produktkategorie\/ersatzteile-diverse-ofen-und-kocher-2\/electronique\/\">Elektronik<\/a><\/p>\n<p><a href=\"https:\/\/amrtop.net\/de\/produktkategorie\/ersatzteile-diverse-ofen-und-kocher-2\/extracteurs-de-fumee\/\">Rauchabzug<\/a><\/p>\n<p><a href=\"https:\/\/amrtop.net\/de\/produktkategorie\/ersatzteile-diverse-ofen-und-kocher-2\/gaines-cable-connecteurs\/\">Kabelh\u00fcllen Verbinder<\/a><\/p>\n<p><a href=\"https:\/\/amrtop.net\/de\/produktkategorie\/ersatzteile-diverse-ofen-und-kocher-2\/joints-de-silicone\/\">Silikondichtungen<\/a><\/p>\n<p><a href=\"https:\/\/amrtop.net\/de\/produktkategorie\/ersatzteile-diverse-ofen-und-kocher-2\/motoreducteurs\/\">Getriebemotoren<\/a><\/p>\n<p><a href=\"https:\/\/amrtop.net\/de\/produktkategorie\/ersatzteile-diverse-ofen-und-kocher-2\/pressostats-et-transducteurs\/\">Druckschalter und Wandler<\/a><\/p>\n<p><a href=\"https:\/\/amrtop.net\/de\/produktkategorie\/ersatzteile-diverse-ofen-und-kocher-2\/sondes-thermostats-manometres-thermometres\/\">Sonden Thermostate Manometer Thermometer<\/a><\/p>\n<p><a href=\"https:\/\/amrtop.net\/de\/produktkategorie\/ersatzteile-diverse-ofen-und-kocher-2\/joints-detancheite\/\">Dichtgeflechte<\/a><\/p>\n<p><a href=\"https:\/\/amrtop.net\/de\/produktkategorie\/ersatzteile-diverse-ofen-und-kocher-2\/ventilateurs-centrifuges-pour-poeles-a-pellets\/\">Zentrifugalventilatoren<\/a><\/p>\n<p><a href=\"https:\/\/amrtop.net\/de\/produktkategorie\/ersatzteile-diverse-ofen-und-kocher-2\/ventilateurs-tangentiels-flux-transversal\/\">Tangentiale Ventilatoren<\/a><\/p>\n<p><a href=\"https:\/\/amrtop.net\/de\/produktkategorie\/ersatzteile-diverse-ofen-und-kocher-2\/adhesifs-et-produits-detancheite\/\">Klebstoffe und Kitt<\/a><\/p>","protected":false},"excerpt":{"rendered":"<hr \/>\n<h2><span style=\"color: #008000\">Verf\u00fcgbar<\/span><\/h2>\n<hr \/>\n<h3>Lineare Kerze \u00f8 9,9 mm - 250 Watt<\/h3>\n<p>Code ELT60021<\/p>\n<p>Z\u00fcndkerze: \u00f8 9,9 mm<br \/>\nLongueur totale :150 mm<br \/>\nLeistung: 250 W<br \/>\nKabell\u00e4nge: 500 mm<\/p>\n<h3>Kompatibilit\u00e4t<\/h3>\n<hr \/>\n<h3>Z\u00fcndkerze-Widerstand-Z\u00fcndkerze kompatibel mit den folgenden Marken von Pellet\u00f6fen<\/h3>\n<p>Gp termocamini, Tatano<\/p>\n<hr \/>\n<h3>Austauschbar mit den folgenden Modellen von Z\u00fcndkerzen-Widerst\u00e4nden-Z\u00fcndpatronen :<\/h3>\n<p>HT62684, KIT 1<\/p>","protected":false},"featured_media":34676,"comment_status":"open","ping_status":"closed","template":"","meta":[],"product_brand":[],"product_cat":[840,848,839],"product_tag":[35,44],"class_list":{"0":"post-3596","1":"product","2":"type-product","3":"status-publish","4":"has-post-thumbnail","6":"product_cat-bougies-dallumage-pour-poeles-et-chaudieres-a-pellets","7":"product_cat-bougies-dallumage-lineaires-o-9-9-mm","8":"product_cat-pieces-de-rechange-divers-poeles-et-chaudieres","9":"product_tag-gp-termocamini","10":"product_tag-tatano","11":"product_shipping_class-classe-di-spedizione-01","13":"first","14":"instock","15":"shipping-taxable","16":"purchasable","17":"product-type-simple"},"yoast_head":"<!-- This site is optimized with the Yoast SEO plugin v27.5 - https:\/\/yoast.com\/product\/yoast-seo-wordpress\/ -->\n<title>Bougie lin\u00e9aire \u00f8 9.9 mm L.150 mm<\/title>\n<meta name=\"description\" content=\"Bougie lin\u00e9aire \u00f8 9.9 mm L.150 mm - r\u00e9sistance \u00e0 l\u2019allumage lisse sans raccord du po\u00eale \u00e0 pellets -syst\u00e8me d\u2019allumage pour appareils \u00e0 pellets\" \/>\n<meta name=\"robots\" content=\"index, follow, max-snippet:-1, max-image-preview:large, max-video-preview:-1\" \/>\n<link rel=\"canonical\" href=\"https:\/\/amrtop.net\/de\/produkt\/bougie-lineaire-o-9-9-mm-l-150-mm\/\" \/>\n<meta property=\"og:locale\" content=\"de_DE\" \/>\n<meta property=\"og:type\" content=\"article\" \/>\n<meta property=\"og:title\" content=\"Bougie lin\u00e9aire \u00f8 9.9 mm L.150 mm\" \/>\n<meta property=\"og:description\" content=\"Bougie lin\u00e9aire \u00f8 9.9 mm L.150 mm - r\u00e9sistance \u00e0 l\u2019allumage lisse sans raccord du po\u00eale \u00e0 pellets -syst\u00e8me d\u2019allumage pour appareils \u00e0 pellets\" \/>\n<meta property=\"og:url\" content=\"https:\/\/amrtop.net\/de\/produkt\/bougie-lineaire-o-9-9-mm-l-150-mm\/\" \/>\n<meta property=\"og:site_name\" content=\"AMRTOP B2B \u00c9tranger - Achats r\u00e9serv\u00e9s au professionnel\" \/>\n<meta property=\"article:modified_time\" content=\"2023-05-28T09:44:00+00:00\" \/>\n<meta property=\"og:image\" content=\"https:\/\/amrtop.net\/wp-content\/uploads\/2020\/01\/elt60021.jpg\" \/>\n\t<meta property=\"og:image:width\" content=\"960\" \/>\n\t<meta property=\"og:image:height\" content=\"960\" \/>\n\t<meta property=\"og:image:type\" content=\"image\/jpeg\" \/>\n<meta name=\"twitter:card\" content=\"summary_large_image\" \/>\n<meta name=\"twitter:label1\" content=\"Gesch\u00e4tzte Lesezeit\" \/>\n\t<meta name=\"twitter:data1\" content=\"3\u00a0Minuten\" \/>\n<script type=\"application\/ld+json\" class=\"yoast-schema-graph\">{\"@context\":\"https:\\\/\\\/schema.org\",\"@graph\":[{\"@type\":\"WebPage\",\"@id\":\"https:\\\/\\\/amrtop.net\\\/produit\\\/bougie-lineaire-o-9-9-mm-l-150-mm\\\/\",\"url\":\"https:\\\/\\\/amrtop.net\\\/produit\\\/bougie-lineaire-o-9-9-mm-l-150-mm\\\/\",\"name\":\"Bougie lin\u00e9aire \u00f8 9.9 mm L.150 mm\",\"isPartOf\":{\"@id\":\"https:\\\/\\\/amrtop.net\\\/#website\"},\"primaryImageOfPage\":{\"@id\":\"https:\\\/\\\/amrtop.net\\\/produit\\\/bougie-lineaire-o-9-9-mm-l-150-mm\\\/#primaryimage\"},\"image\":{\"@id\":\"https:\\\/\\\/amrtop.net\\\/produit\\\/bougie-lineaire-o-9-9-mm-l-150-mm\\\/#primaryimage\"},\"thumbnailUrl\":\"https:\\\/\\\/amrtop.net\\\/wp-content\\\/uploads\\\/2020\\\/01\\\/elt60021.jpg\",\"datePublished\":\"2020-01-10T00:00:00+00:00\",\"dateModified\":\"2023-05-28T09:44:00+00:00\",\"description\":\"Bougie lin\u00e9aire \u00f8 9.9 mm L.150 mm - r\u00e9sistance \u00e0 l\u2019allumage lisse sans raccord du po\u00eale \u00e0 pellets -syst\u00e8me d\u2019allumage pour appareils \u00e0 pellets\",\"breadcrumb\":{\"@id\":\"https:\\\/\\\/amrtop.net\\\/produit\\\/bougie-lineaire-o-9-9-mm-l-150-mm\\\/#breadcrumb\"},\"inLanguage\":\"de\",\"potentialAction\":[{\"@type\":\"ReadAction\",\"target\":[\"https:\\\/\\\/amrtop.net\\\/produit\\\/bougie-lineaire-o-9-9-mm-l-150-mm\\\/\"]}]},{\"@type\":\"ImageObject\",\"inLanguage\":\"de\",\"@id\":\"https:\\\/\\\/amrtop.net\\\/produit\\\/bougie-lineaire-o-9-9-mm-l-150-mm\\\/#primaryimage\",\"url\":\"https:\\\/\\\/amrtop.net\\\/wp-content\\\/uploads\\\/2020\\\/01\\\/elt60021.jpg\",\"contentUrl\":\"https:\\\/\\\/amrtop.net\\\/wp-content\\\/uploads\\\/2020\\\/01\\\/elt60021.jpg\",\"width\":960,\"height\":960,\"caption\":\"Bougie lin\u00e9aire \u00f8 9.9 mm L.150 mm - r\u00e9sistance \u00e0 l\u2019allumage lisse sans raccord du po\u00eale \u00e0 pellets -syst\u00e8me d\u2019allumage pour appareils \u00e0 pellets\"},{\"@type\":\"BreadcrumbList\",\"@id\":\"https:\\\/\\\/amrtop.net\\\/produit\\\/bougie-lineaire-o-9-9-mm-l-150-mm\\\/#breadcrumb\",\"itemListElement\":[{\"@type\":\"ListItem\",\"position\":1,\"name\":\"Home\",\"item\":\"https:\\\/\\\/amrtop.net\\\/\"},{\"@type\":\"ListItem\",\"position\":2,\"name\":\"Shop\",\"item\":\"https:\\\/\\\/amrtop.net\\\/negozio\\\/\"},{\"@type\":\"ListItem\",\"position\":3,\"name\":\"Bougie lin\u00e9aire \u00f8 9,9 mm \u2013 250 Watt \u2013 longueur totale 150 mm \u2013 Code ELT60021\"}]},{\"@type\":\"WebSite\",\"@id\":\"https:\\\/\\\/amrtop.net\\\/#website\",\"url\":\"https:\\\/\\\/amrtop.net\\\/\",\"name\":\"AMRTOP B2B \u00c9tranger - Achats r\u00e9serv\u00e9s au professionnel\",\"description\":\"Pi\u00e8ces de rechange et accessoires pour po\u00eales et chaudi\u00e8res - eCommerce B2B pour Clients Professionnels\",\"potentialAction\":[{\"@type\":\"SearchAction\",\"target\":{\"@type\":\"EntryPoint\",\"urlTemplate\":\"https:\\\/\\\/amrtop.net\\\/?s={search_term_string}\"},\"query-input\":{\"@type\":\"PropertyValueSpecification\",\"valueRequired\":true,\"valueName\":\"search_term_string\"}}],\"inLanguage\":\"de\"}]}<\/script>\n<!-- \/ Yoast SEO plugin. -->","yoast_head_json":{"title":"Lineare Kerze \u00f8 9.9 mm L.150 mm","description":"Lineare Kerze \u00f8 9.9 mm L.150 mm - glatter Z\u00fcndwiderstand ohne Anschluss des Pelletofens -Z\u00fcndsystem f\u00fcr Pelletger\u00e4te","robots":{"index":"index","follow":"follow","max-snippet":"max-snippet:-1","max-image-preview":"max-image-preview:large","max-video-preview":"max-video-preview:-1"},"canonical":"https:\/\/amrtop.net\/de\/produkt\/bougie-lineaire-o-9-9-mm-l-150-mm\/","og_locale":"de_DE","og_type":"article","og_title":"Bougie lin\u00e9aire \u00f8 9.9 mm L.150 mm","og_description":"Bougie lin\u00e9aire \u00f8 9.9 mm L.150 mm - r\u00e9sistance \u00e0 l\u2019allumage lisse sans raccord du po\u00eale \u00e0 pellets -syst\u00e8me d\u2019allumage pour appareils \u00e0 pellets","og_url":"https:\/\/amrtop.net\/de\/produkt\/bougie-lineaire-o-9-9-mm-l-150-mm\/","og_site_name":"AMRTOP B2B \u00c9tranger - Achats r\u00e9serv\u00e9s au professionnel","article_modified_time":"2023-05-28T09:44:00+00:00","og_image":[{"width":960,"height":960,"url":"https:\/\/amrtop.net\/wp-content\/uploads\/2020\/01\/elt60021.jpg","type":"image\/jpeg"}],"twitter_card":"summary_large_image","twitter_misc":{"Gesch\u00e4tzte Lesezeit":"3\u00a0Minuten"},"schema":{"@context":"https:\/\/schema.org","@graph":[{"@type":"WebPage","@id":"https:\/\/amrtop.net\/produit\/bougie-lineaire-o-9-9-mm-l-150-mm\/","url":"https:\/\/amrtop.net\/produit\/bougie-lineaire-o-9-9-mm-l-150-mm\/","name":"Lineare Kerze \u00f8 9.9 mm L.150 mm","isPartOf":{"@id":"https:\/\/amrtop.net\/#website"},"primaryImageOfPage":{"@id":"https:\/\/amrtop.net\/produit\/bougie-lineaire-o-9-9-mm-l-150-mm\/#primaryimage"},"image":{"@id":"https:\/\/amrtop.net\/produit\/bougie-lineaire-o-9-9-mm-l-150-mm\/#primaryimage"},"thumbnailUrl":"https:\/\/amrtop.net\/wp-content\/uploads\/2020\/01\/elt60021.jpg","datePublished":"2020-01-10T00:00:00+00:00","dateModified":"2023-05-28T09:44:00+00:00","description":"Lineare Kerze \u00f8 9.9 mm L.150 mm - glatter Z\u00fcndwiderstand ohne Anschluss des Pelletofens -Z\u00fcndsystem f\u00fcr Pelletger\u00e4te","breadcrumb":{"@id":"https:\/\/amrtop.net\/produit\/bougie-lineaire-o-9-9-mm-l-150-mm\/#breadcrumb"},"inLanguage":"de","potentialAction":[{"@type":"ReadAction","target":["https:\/\/amrtop.net\/produit\/bougie-lineaire-o-9-9-mm-l-150-mm\/"]}]},{"@type":"ImageObject","inLanguage":"de","@id":"https:\/\/amrtop.net\/produit\/bougie-lineaire-o-9-9-mm-l-150-mm\/#primaryimage","url":"https:\/\/amrtop.net\/wp-content\/uploads\/2020\/01\/elt60021.jpg","contentUrl":"https:\/\/amrtop.net\/wp-content\/uploads\/2020\/01\/elt60021.jpg","width":960,"height":960,"caption":"Bougie lin\u00e9aire \u00f8 9.9 mm L.150 mm - r\u00e9sistance \u00e0 l\u2019allumage lisse sans raccord du po\u00eale \u00e0 pellets -syst\u00e8me d\u2019allumage pour appareils \u00e0 pellets"},{"@type":"BreadcrumbList","@id":"https:\/\/amrtop.net\/produit\/bougie-lineaire-o-9-9-mm-l-150-mm\/#breadcrumb","itemListElement":[{"@type":"ListItem","position":1,"name":"Home","item":"https:\/\/amrtop.net\/"},{"@type":"ListItem","position":2,"name":"Shop","item":"https:\/\/amrtop.net\/negozio\/"},{"@type":"ListItem","position":3,"name":"Bougie lin\u00e9aire \u00f8 9,9 mm \u2013 250 Watt \u2013 longueur totale 150 mm \u2013 Code ELT60021"}]},{"@type":"WebSite","@id":"https:\/\/amrtop.net\/#website","url":"https:\/\/amrtop.net\/","name":"AMRTOP B2B Ausland - Einkaufen nur f\u00fcr Fachleute","description":"Ersatzteile und Zubeh\u00f6r f\u00fcr \u00d6fen und Heizkessel - B2B eCommerce f\u00fcr Gesch\u00e4ftskunden","potentialAction":[{"@type":"SearchAction","target":{"@type":"EntryPoint","urlTemplate":"https:\/\/amrtop.net\/?s={search_term_string}"},"query-input":{"@type":"PropertyValueSpecification","valueRequired":true,"valueName":"search_term_string"}}],"inLanguage":"de"}]}},"_links":{"self":[{"href":"https:\/\/amrtop.net\/de\/wp-json\/wp\/v2\/product\/3596","targetHints":{"allow":["GET"]}}],"collection":[{"href":"https:\/\/amrtop.net\/de\/wp-json\/wp\/v2\/product"}],"about":[{"href":"https:\/\/amrtop.net\/de\/wp-json\/wp\/v2\/types\/product"}],"replies":[{"embeddable":true,"href":"https:\/\/amrtop.net\/de\/wp-json\/wp\/v2\/comments?post=3596"}],"wp:featuredmedia":[{"embeddable":true,"href":"https:\/\/amrtop.net\/de\/wp-json\/wp\/v2\/media\/34676"}],"wp:attachment":[{"href":"https:\/\/amrtop.net\/de\/wp-json\/wp\/v2\/media?parent=3596"}],"wp:term":[{"taxonomy":"product_brand","embeddable":true,"href":"https:\/\/amrtop.net\/de\/wp-json\/wp\/v2\/product_brand?post=3596"},{"taxonomy":"product_cat","embeddable":true,"href":"https:\/\/amrtop.net\/de\/wp-json\/wp\/v2\/product_cat?post=3596"},{"taxonomy":"product_tag","embeddable":true,"href":"https:\/\/amrtop.net\/de\/wp-json\/wp\/v2\/product_tag?post=3596"}],"curies":[{"name":"wp","href":"https:\/\/api.w.org\/{rel}","templated":true}]}}