{"id":3629,"date":"2020-10-01T00:00:00","date_gmt":"2020-10-01T00:00:00","guid":{"rendered":"https:\/\/amrtop.com\/B2B\/?post_type=product&#038;p=3629"},"modified":"2023-11-09T09:50:02","modified_gmt":"2023-11-09T09:50:02","slug":"motoreducteur-mellor-2-rpm-code-fb1187-arbre-o-85-mm-toles-feuilletees-25-mm","status":"publish","type":"product","link":"https:\/\/amrtop.net\/de\/produit\/motoreducteur-mellor-2-rpm-code-fb1187-arbre-o-85-mm-toles-feuilletees-25-mm\/","title":{"rendered":"Mellor-Getriebemotor 2 rpm Code FB1187 - Welle \u00f8 8,5 mm - 25 mm laminierte Bleche"},"content":{"rendered":"<hr \/>\n<h3>Getriebemotor Mellor 2 rpm Welle \u00f8 8.5 FB1187<\/h3>\n<p>Le motor\u00e9ducteur Mellor 2 rpm Code FB1187 &#8211; Arbre 8,5 mm &#8211; Paquet lamellaire 25 mm disponible avec moteur AC \u00e0 poly-blind\u00e9s s\u00e9rie T14 propos\u00e9 par Amrtop, sont fabriqu\u00e9s par une entreprise leader dans ce secteur avec plus de 35 ans d\u2019exp\u00e9rience.<\/p>\n<p>Sie entwerfen und importieren Motoren und Getriebemotoren f\u00fcr die Realisierung verschiedener Anwendungen mit besonderer Kompetenz in b\u00fcrstenlosen AC- und DC-Technologien mit Induktion und abgeschirmten Polen.<\/p>\n<p>Verschiedene Untersetzungsverh\u00e4ltnisse erh\u00e4ltlich. Sie zeichnen sich dadurch aus, dass sie sich leicht in Spezialanwendungen wie Granulatoren und Eiscrememaschinen integrieren lassen.<\/p>\n<p>Motor\u00e9ducteurs synchrones disponibles avec moteur 220vac, taille 64mm de 18W<\/p>\n<h3>Caratteristiche principali dei Getriebemotor Mellor 2 rpm Welle \u00f8 8.5 FB1187:<\/h3>\n<ul>\n<li>Nenndrehmoment: von 2,5 bis 35nm, abh\u00e4ngig vom \u00dcbersetzungsverh\u00e4ltnis<\/li>\n<li>Verf\u00fcgbare Geschwindigkeit: 0,3 bis 11rpm<\/li>\n<li>Typische Anwendungen: alle, die bidirektionale Rotationen mit einer niedrigen, pr\u00e4zisen Geschwindigkeit, einem hohen Drehmoment und einer sehr hohen Laufruhe erfordern.<\/li>\n<li>Entwickelt f\u00fcr Anwendungen in Pellet\u00f6fen, Boilern und Kaminen<\/li>\n<\/ul>\n<h3>Utilizzo des Getriebemotors Mellor 2 rpm Welle \u00f8 8.5 FB1187<\/h3>\n<p>Le motor\u00e9ducteur Mellor 2 rpm Code FB1187 &#8211; Arbre 8,5 mm &#8211; Paquet lamellaire 25 mm propos\u00e9 par Amrtop et install\u00e9 sur les appareils \u00e0 pellets ont pour t\u00e2che de faire tourner la vis dans le r\u00e9servoir du pellet en le transportant dans le creuset pour \u00eatre br\u00fbl\u00e9, ou encore les syst\u00e8mes de nettoyage automatique du brasier pr\u00e9sent sur de nombreux po\u00eales et chaudi\u00e8res \u00e0 biomasse.<\/p>\n<p>An der Spitze der Cochlea angekommen, f\u00e4llt das Pellet auf nat\u00fcrliche Weise in das Innere einer Rutsche, die es in das Innere des Brenners bef\u00f6rdert.<\/p>\n<p><strong>In typischen Ger\u00e4ten vorhanden<\/strong>\u00a0Pelletofen - Pelletkessel - Pelletbrenner - Pellets BBQ\/grill Biomassekessel - Biomassebrenner - Und viele andere Brenner<\/p>\n<h3><strong>Innen<\/strong><\/h3>\n<p><a href=\"https:\/\/wekos.it\/\">\u00d6fen, Herde und Holzherde<\/a>\u00a0-\u00a0<a href=\"https:\/\/www.greenpuros.com\/\">Kamine, \u00d6fen und Pelletkessel.<\/a><\/p>\n<h3><strong>Amrtop Ersatzteile und Zubeh\u00f6r Sortiment<\/strong><\/h3>\n<p><a href=\"https:\/\/amrtop.net\/de\/produktkategorie\/ersatzteile-diverse-ofen-und-kocher-2\/bougies-dallumage-pour-poeles-et-chaudieres-a-pellets\/\">Gl\u00fchkerzen<\/a><\/p>\n<p><a href=\"https:\/\/amrtop.net\/de\/produktkategorie\/ersatzteile-diverse-ofen-und-kocher-2\/electronique\/\">Elektronik<\/a><\/p>\n<p><a href=\"https:\/\/amrtop.net\/de\/produktkategorie\/ersatzteile-diverse-ofen-und-kocher-2\/extracteurs-de-fumee\/\">Rauchabzug<\/a><\/p>\n<p><a href=\"https:\/\/amrtop.net\/de\/produktkategorie\/ersatzteile-diverse-ofen-und-kocher-2\/gaines-cable-connecteurs\/\">Kabelh\u00fcllen Verbinder<\/a><\/p>\n<p><a href=\"https:\/\/amrtop.net\/de\/produktkategorie\/ersatzteile-diverse-ofen-und-kocher-2\/joints-de-silicone\/\">Silikondichtungen<\/a><\/p>\n<p><a href=\"https:\/\/amrtop.net\/de\/produktkategorie\/ersatzteile-diverse-ofen-und-kocher-2\/motoreducteurs\/\">Getriebemotoren<\/a><\/p>\n<p><a href=\"https:\/\/amrtop.net\/de\/produktkategorie\/ersatzteile-diverse-ofen-und-kocher-2\/pressostats-et-transducteurs\/\">Druckschalter und Wandler<\/a><\/p>\n<p><a href=\"https:\/\/amrtop.net\/de\/produktkategorie\/ersatzteile-diverse-ofen-und-kocher-2\/sondes-thermostats-manometres-thermometres\/\">Sonden Thermostate Manometer Thermometer<\/a><\/p>\n<p><a href=\"https:\/\/amrtop.net\/de\/produktkategorie\/ersatzteile-diverse-ofen-und-kocher-2\/joints-detancheite\/\">Dichtgeflechte<\/a><\/p>\n<p><a href=\"https:\/\/amrtop.net\/de\/produktkategorie\/ersatzteile-diverse-ofen-und-kocher-2\/ventilateurs-centrifuges-pour-poeles-a-pellets\/\">Zentrifugalventilatoren<\/a><\/p>\n<p><a href=\"https:\/\/amrtop.net\/de\/produktkategorie\/ersatzteile-diverse-ofen-und-kocher-2\/ventilateurs-tangentiels-flux-transversal\/\">Tangentiale Ventilatoren<\/a><\/p>\n<p><a href=\"https:\/\/amrtop.net\/de\/produktkategorie\/ersatzteile-diverse-ofen-und-kocher-2\/adhesifs-et-produits-detancheite\/\">Klebstoffe und Kitt<\/a><\/p>\n<p>&nbsp;<\/p>","protected":false},"excerpt":{"rendered":"<hr \/>\n<h2><span style=\"color: #008000\">Verf\u00fcgbar<\/span><\/h2>\n<hr \/>\n<h3>Mellor-Getriebemotor 2 rpm<\/h3>\n<p>Code FB1187<\/p>\n<p>Welle \u00f8: 8.5 mm<br \/>\nGeschwindigkeit: 2 rpm<br \/>\nLamellenpaket: 25 mm<br \/>\nAbflachung: einfach<br \/>\nDrehrichtung: im Uhrzeigersinn<br \/>\nNenndrehmoment: 23 Nm<\/p>\n<h3>Kompatibilit\u00e4t<\/h3>\n<hr \/>\n<h3>Austauschbar mit den folgenden Modellen von Schneckengetriebemotoren Pelletladung :<\/h3>\n<p>Mellor: FB1193, FB1074, FB1054, FB1184, FB1274<\/p>\n<p>Kenta: K9115062<\/p>\n<p>Merkle &amp; Korff: GM-S4471<\/p>\n<p>Spg: ISG3230D005<\/p>\n<p>Bcz AM5042085<\/p>\n<h3>Schneckengetriebemotor installiert und kompatibel mit den folgenden Marken und Modellen von Pellet\u00f6fen:<\/h3>\n<p>Adler,Amg,Anselmo Cola,Arce,Artel<\/p>\n<p><strong>Bestove<\/strong>\u00a0<strong>Mod:\u00a0<\/strong>Atout, Boheme, Bravo, Brio, Confort, Confort Plus, Domino, E-Brio, Ideal chic, Iflam 175, Iflam 177, K-Domino, Max, Milo, Minimax, Nemo, Pop, Uno<\/p>\n<p><strong>Burnit<\/strong><\/p>\n<p><strong>Calecosol Mod:\u00a0<\/strong>Zhana<\/p>\n<p><strong>Caminetti montegrappa,Clam,Cola,Ecospar,Edilkamin,Euroalpi, Foko<\/strong><\/p>\n<p><strong>Euroalpi Mod:<\/strong>\u00a0Marmolada, Pasubio, Vezzana<\/p>\n<p><strong>Lincar<\/strong><\/p>\n<p><strong>Moretti designed Mod:\u00a0<\/strong>A5 Compact, A6 Iron, A7 Globe, A7 Globe Glass, C7 Globe, C7 Globe Glass, A8 Compact, C8 Compact, A9 Iron, A9 Stone, C9 Iron, C9 Stone, A10 Compact, A10 Slot, A10 Style, C10 Compact, C10 Slot, C10 Style, A10 Retro, A12 Retro, A11 Glass, A11 Iron, A11 Stone, C11 Glass, C11 Iron, C11 Stone, Ergonomic, A12 Style, A12 Classic Style, A12 All Style, C12 Style, C12 Classic Style, C12 All Style, A13 Style, A13 All Style, C13 Style, C13 All Style, Clessidra, Relax Bis 6 Iron, Relax Bis 8 Iron, Venere S, Oldy 9, Ramses, Pretty Plus, Virgo, Pretty<\/p>\n<p><strong>Mcz<\/strong><\/p>\n<p><strong>Nordica Extraflame Mod:\u00a0<\/strong>Baby fiamma, Bella, Clementina, Comfort idro, Comfort Plus, Comfort MAXI, Comfort MINI, Comfort P80, Contessa, Delizia, Divina, Divina Plus, Divina Steel, Duchessa, Duchessa Idro, Duchessa Steel, Eco Fiamma, Ecologica, Ecologica Idro, Ecologica Idro Steel, Emma, Emma Plus, Esmeralda, Fal\u00f2, Graziosa, Graziosa Lux, Graziosa Lux Plus, Graziosa Steel, Graziosa Steel Plus, Irina, Karolina, Karolina Steel, LP20, Lucrezia Idro, Lucrezia Steel, Preziosa, Preziosa Steel, Tosca Plus, Confort P70, Dorina, Elisir, Elisir Crystal, Elisir Idro, Giusy, Isabella, Melinda Steel, Rosy, Teodora, Viviana, Viviana Plus.<\/p>\n<p><strong>Palazzetti<\/strong><\/p>\n<p><strong>Qlima Mod:<\/strong>\u00a0Delmara 88 S-line, Delmara 125 S-line, Diandra 60 S-line, Diandra 90 S-line, Ref. 410006 Mod. Delfina III 90 M-line, Fiorina 103 S-line, Fiorina 74 S-line, Fiorina 90 S-line, Tectro TBH 558, Tectro TBH 564, Tectro TBH 565, Tectro TBH 570, Ronda 100 S-line, Ronda 80 glass, Ronda 80 S-line<\/p>\n<p><strong>Ravelli, Wood, Xiang, Wood, Xiang<\/strong><\/p>","protected":false},"featured_media":34764,"comment_status":"open","ping_status":"closed","template":"","meta":[],"product_brand":[],"product_cat":[861,862,863],"product_tag":[24,26,160,49,161,51,162,28,102,125,143,163,61,33,164,77,81,154,193,84,40,41,166,47],"class_list":{"0":"post-3629","1":"product","2":"type-product","3":"status-publish","4":"has-post-thumbnail","6":"product_cat-motoreducteurs","7":"product_cat-motoreducteurs-mellor","8":"product_cat-motoreducteurs-mellor-arbre-o-8-5","9":"product_tag-adler","10":"product_tag-amg","11":"product_tag-anselmo-cola","12":"product_tag-arce","13":"product_tag-artel","14":"product_tag-bestove","15":"product_tag-burnit","16":"product_tag-calecosol","17":"product_tag-caminetti-montegrappa","18":"product_tag-clam","19":"product_tag-cola","20":"product_tag-ecospar","21":"product_tag-edilkamin","22":"product_tag-euroalpi","23":"product_tag-foko","24":"product_tag-lincar","25":"product_tag-mcz","26":"product_tag-moretti-design","27":"product_tag-nordica-extraflam","28":"product_tag-palazzetti","29":"product_tag-qlima","30":"product_tag-ravelli","31":"product_tag-wood","32":"product_tag-xiang","33":"product_shipping_class-classe-di-spedizione-02","35":"first","36":"instock","37":"shipping-taxable","38":"purchasable","39":"product-type-simple"},"yoast_head":"<!-- This site is optimized with the Yoast SEO plugin v27.4 - https:\/\/yoast.com\/product\/yoast-seo-wordpress\/ -->\n<title>Motor\u00e9ducteur Mellor 2 rpm arbre \u00f8 8.5 FB1187<\/title>\n<meta name=\"description\" content=\"Motor\u00e9ducteur Mellor 2 rpm arbre \u00f8 8.5 FB1187-Motor\u00e9ducteur Mellor pour vis de po\u00eale \u00e0 granul\u00e9s d\u2019arbre 9.5-Motor\u00e9ducteur Mellor pour po\u00eales et chaudi\u00e8res\" \/>\n<meta name=\"robots\" content=\"index, follow, max-snippet:-1, max-image-preview:large, max-video-preview:-1\" \/>\n<link rel=\"canonical\" href=\"https:\/\/amrtop.net\/de\/produkt\/motoreducteur-mellor-2-rpm-code-fb1187-arbre-o-85-mm-toles-feuilletees-25-mm\/\" \/>\n<meta property=\"og:locale\" content=\"de_DE\" \/>\n<meta property=\"og:type\" content=\"article\" \/>\n<meta property=\"og:title\" content=\"Motor\u00e9ducteur Mellor 2 rpm arbre \u00f8 8.5 FB1187\" \/>\n<meta property=\"og:description\" content=\"Motor\u00e9ducteur Mellor 2 rpm arbre \u00f8 8.5 FB1187-Motor\u00e9ducteur Mellor pour vis de po\u00eale \u00e0 granul\u00e9s d\u2019arbre 9.5-Motor\u00e9ducteur Mellor pour po\u00eales et chaudi\u00e8res\" \/>\n<meta property=\"og:url\" content=\"https:\/\/amrtop.net\/de\/produkt\/motoreducteur-mellor-2-rpm-code-fb1187-arbre-o-85-mm-toles-feuilletees-25-mm\/\" \/>\n<meta property=\"og:site_name\" content=\"AMRTOP B2B \u00c9tranger - Achats r\u00e9serv\u00e9s au professionnel\" \/>\n<meta property=\"article:modified_time\" content=\"2023-11-09T09:50:02+00:00\" \/>\n<meta property=\"og:image\" content=\"https:\/\/amrtop.net\/wp-content\/uploads\/2020\/10\/fb1187.jpg\" \/>\n\t<meta property=\"og:image:width\" content=\"960\" \/>\n\t<meta property=\"og:image:height\" content=\"960\" \/>\n\t<meta property=\"og:image:type\" content=\"image\/jpeg\" \/>\n<meta name=\"twitter:card\" content=\"summary_large_image\" \/>\n<meta name=\"twitter:label1\" content=\"Gesch\u00e4tzte Lesezeit\" \/>\n\t<meta name=\"twitter:data1\" content=\"1\u00a0Minute\" \/>\n<script type=\"application\/ld+json\" class=\"yoast-schema-graph\">{\"@context\":\"https:\\\/\\\/schema.org\",\"@graph\":[{\"@type\":\"WebPage\",\"@id\":\"https:\\\/\\\/amrtop.net\\\/produit\\\/motoreducteur-mellor-2-rpm-code-fb1187-arbre-o-85-mm-toles-feuilletees-25-mm\\\/\",\"url\":\"https:\\\/\\\/amrtop.net\\\/produit\\\/motoreducteur-mellor-2-rpm-code-fb1187-arbre-o-85-mm-toles-feuilletees-25-mm\\\/\",\"name\":\"Motor\u00e9ducteur Mellor 2 rpm arbre \u00f8 8.5 FB1187\",\"isPartOf\":{\"@id\":\"https:\\\/\\\/amrtop.net\\\/#website\"},\"primaryImageOfPage\":{\"@id\":\"https:\\\/\\\/amrtop.net\\\/produit\\\/motoreducteur-mellor-2-rpm-code-fb1187-arbre-o-85-mm-toles-feuilletees-25-mm\\\/#primaryimage\"},\"image\":{\"@id\":\"https:\\\/\\\/amrtop.net\\\/produit\\\/motoreducteur-mellor-2-rpm-code-fb1187-arbre-o-85-mm-toles-feuilletees-25-mm\\\/#primaryimage\"},\"thumbnailUrl\":\"https:\\\/\\\/amrtop.net\\\/wp-content\\\/uploads\\\/2020\\\/10\\\/fb1187.jpg\",\"datePublished\":\"2020-10-01T00:00:00+00:00\",\"dateModified\":\"2023-11-09T09:50:02+00:00\",\"description\":\"Motor\u00e9ducteur Mellor 2 rpm arbre \u00f8 8.5 FB1187-Motor\u00e9ducteur Mellor pour vis de po\u00eale \u00e0 granul\u00e9s d\u2019arbre 9.5-Motor\u00e9ducteur Mellor pour po\u00eales et chaudi\u00e8res\",\"breadcrumb\":{\"@id\":\"https:\\\/\\\/amrtop.net\\\/produit\\\/motoreducteur-mellor-2-rpm-code-fb1187-arbre-o-85-mm-toles-feuilletees-25-mm\\\/#breadcrumb\"},\"inLanguage\":\"de\",\"potentialAction\":[{\"@type\":\"ReadAction\",\"target\":[\"https:\\\/\\\/amrtop.net\\\/produit\\\/motoreducteur-mellor-2-rpm-code-fb1187-arbre-o-85-mm-toles-feuilletees-25-mm\\\/\"]}]},{\"@type\":\"ImageObject\",\"inLanguage\":\"de\",\"@id\":\"https:\\\/\\\/amrtop.net\\\/produit\\\/motoreducteur-mellor-2-rpm-code-fb1187-arbre-o-85-mm-toles-feuilletees-25-mm\\\/#primaryimage\",\"url\":\"https:\\\/\\\/amrtop.net\\\/wp-content\\\/uploads\\\/2020\\\/10\\\/fb1187.jpg\",\"contentUrl\":\"https:\\\/\\\/amrtop.net\\\/wp-content\\\/uploads\\\/2020\\\/10\\\/fb1187.jpg\",\"width\":960,\"height\":960,\"caption\":\"Motor\u00e9ducteur Mellor 2 rpm arbre \u00f8 8.5 FB1187-Motor\u00e9ducteur Mellor pour vis de po\u00eale \u00e0 granul\u00e9s d\u2019arbre 9.5-Motor\u00e9ducteur Mellor pour po\u00eales et chaudi\u00e8res\"},{\"@type\":\"BreadcrumbList\",\"@id\":\"https:\\\/\\\/amrtop.net\\\/produit\\\/motoreducteur-mellor-2-rpm-code-fb1187-arbre-o-85-mm-toles-feuilletees-25-mm\\\/#breadcrumb\",\"itemListElement\":[{\"@type\":\"ListItem\",\"position\":1,\"name\":\"Home\",\"item\":\"https:\\\/\\\/amrtop.net\\\/\"},{\"@type\":\"ListItem\",\"position\":2,\"name\":\"Shop\",\"item\":\"https:\\\/\\\/amrtop.net\\\/negozio\\\/\"},{\"@type\":\"ListItem\",\"position\":3,\"name\":\"Motor\u00e9ducteur Mellor 2 rpm Code FB1187 \u2013 Arbre \u00f8 8,5 mm \u2013 T\u00f4les feuillet\u00e9es 25 mm\"}]},{\"@type\":\"WebSite\",\"@id\":\"https:\\\/\\\/amrtop.net\\\/#website\",\"url\":\"https:\\\/\\\/amrtop.net\\\/\",\"name\":\"AMRTOP B2B \u00c9tranger - Achats r\u00e9serv\u00e9s au professionnel\",\"description\":\"Pi\u00e8ces de rechange et accessoires pour po\u00eales et chaudi\u00e8res - eCommerce B2B pour Clients Professionnels\",\"potentialAction\":[{\"@type\":\"SearchAction\",\"target\":{\"@type\":\"EntryPoint\",\"urlTemplate\":\"https:\\\/\\\/amrtop.net\\\/?s={search_term_string}\"},\"query-input\":{\"@type\":\"PropertyValueSpecification\",\"valueRequired\":true,\"valueName\":\"search_term_string\"}}],\"inLanguage\":\"de\"}]}<\/script>\n<!-- \/ Yoast SEO plugin. -->","yoast_head_json":{"title":"Getriebemotor Mellor 2 rpm Welle \u00f8 8.5 FB1187","description":"Mellor-Getriebemotor 2 rpm Welle \u00f8 8.5 FB1187-Mellor-Getriebemotor f\u00fcr Pelletofen-Schnecke Welle 9.5-Mellor-Getriebemotor f\u00fcr \u00d6fen und Kessel","robots":{"index":"index","follow":"follow","max-snippet":"max-snippet:-1","max-image-preview":"max-image-preview:large","max-video-preview":"max-video-preview:-1"},"canonical":"https:\/\/amrtop.net\/de\/produkt\/motoreducteur-mellor-2-rpm-code-fb1187-arbre-o-85-mm-toles-feuilletees-25-mm\/","og_locale":"de_DE","og_type":"article","og_title":"Motor\u00e9ducteur Mellor 2 rpm arbre \u00f8 8.5 FB1187","og_description":"Motor\u00e9ducteur Mellor 2 rpm arbre \u00f8 8.5 FB1187-Motor\u00e9ducteur Mellor pour vis de po\u00eale \u00e0 granul\u00e9s d\u2019arbre 9.5-Motor\u00e9ducteur Mellor pour po\u00eales et chaudi\u00e8res","og_url":"https:\/\/amrtop.net\/de\/produkt\/motoreducteur-mellor-2-rpm-code-fb1187-arbre-o-85-mm-toles-feuilletees-25-mm\/","og_site_name":"AMRTOP B2B \u00c9tranger - Achats r\u00e9serv\u00e9s au professionnel","article_modified_time":"2023-11-09T09:50:02+00:00","og_image":[{"width":960,"height":960,"url":"https:\/\/amrtop.net\/wp-content\/uploads\/2020\/10\/fb1187.jpg","type":"image\/jpeg"}],"twitter_card":"summary_large_image","twitter_misc":{"Gesch\u00e4tzte Lesezeit":"1\u00a0Minute"},"schema":{"@context":"https:\/\/schema.org","@graph":[{"@type":"WebPage","@id":"https:\/\/amrtop.net\/produit\/motoreducteur-mellor-2-rpm-code-fb1187-arbre-o-85-mm-toles-feuilletees-25-mm\/","url":"https:\/\/amrtop.net\/produit\/motoreducteur-mellor-2-rpm-code-fb1187-arbre-o-85-mm-toles-feuilletees-25-mm\/","name":"Getriebemotor Mellor 2 rpm Welle \u00f8 8.5 FB1187","isPartOf":{"@id":"https:\/\/amrtop.net\/#website"},"primaryImageOfPage":{"@id":"https:\/\/amrtop.net\/produit\/motoreducteur-mellor-2-rpm-code-fb1187-arbre-o-85-mm-toles-feuilletees-25-mm\/#primaryimage"},"image":{"@id":"https:\/\/amrtop.net\/produit\/motoreducteur-mellor-2-rpm-code-fb1187-arbre-o-85-mm-toles-feuilletees-25-mm\/#primaryimage"},"thumbnailUrl":"https:\/\/amrtop.net\/wp-content\/uploads\/2020\/10\/fb1187.jpg","datePublished":"2020-10-01T00:00:00+00:00","dateModified":"2023-11-09T09:50:02+00:00","description":"Mellor-Getriebemotor 2 rpm Welle \u00f8 8.5 FB1187-Mellor-Getriebemotor f\u00fcr Pelletofen-Schnecke Welle 9.5-Mellor-Getriebemotor f\u00fcr \u00d6fen und Kessel","breadcrumb":{"@id":"https:\/\/amrtop.net\/produit\/motoreducteur-mellor-2-rpm-code-fb1187-arbre-o-85-mm-toles-feuilletees-25-mm\/#breadcrumb"},"inLanguage":"de","potentialAction":[{"@type":"ReadAction","target":["https:\/\/amrtop.net\/produit\/motoreducteur-mellor-2-rpm-code-fb1187-arbre-o-85-mm-toles-feuilletees-25-mm\/"]}]},{"@type":"ImageObject","inLanguage":"de","@id":"https:\/\/amrtop.net\/produit\/motoreducteur-mellor-2-rpm-code-fb1187-arbre-o-85-mm-toles-feuilletees-25-mm\/#primaryimage","url":"https:\/\/amrtop.net\/wp-content\/uploads\/2020\/10\/fb1187.jpg","contentUrl":"https:\/\/amrtop.net\/wp-content\/uploads\/2020\/10\/fb1187.jpg","width":960,"height":960,"caption":"Motor\u00e9ducteur Mellor 2 rpm arbre \u00f8 8.5 FB1187-Motor\u00e9ducteur Mellor pour vis de po\u00eale \u00e0 granul\u00e9s d\u2019arbre 9.5-Motor\u00e9ducteur Mellor pour po\u00eales et chaudi\u00e8res"},{"@type":"BreadcrumbList","@id":"https:\/\/amrtop.net\/produit\/motoreducteur-mellor-2-rpm-code-fb1187-arbre-o-85-mm-toles-feuilletees-25-mm\/#breadcrumb","itemListElement":[{"@type":"ListItem","position":1,"name":"Home","item":"https:\/\/amrtop.net\/"},{"@type":"ListItem","position":2,"name":"Shop","item":"https:\/\/amrtop.net\/negozio\/"},{"@type":"ListItem","position":3,"name":"Motor\u00e9ducteur Mellor 2 rpm Code FB1187 \u2013 Arbre \u00f8 8,5 mm \u2013 T\u00f4les feuillet\u00e9es 25 mm"}]},{"@type":"WebSite","@id":"https:\/\/amrtop.net\/#website","url":"https:\/\/amrtop.net\/","name":"AMRTOP B2B Ausland - Einkaufen nur f\u00fcr Fachleute","description":"Ersatzteile und Zubeh\u00f6r f\u00fcr \u00d6fen und Heizkessel - B2B eCommerce f\u00fcr Gesch\u00e4ftskunden","potentialAction":[{"@type":"SearchAction","target":{"@type":"EntryPoint","urlTemplate":"https:\/\/amrtop.net\/?s={search_term_string}"},"query-input":{"@type":"PropertyValueSpecification","valueRequired":true,"valueName":"search_term_string"}}],"inLanguage":"de"}]}},"_links":{"self":[{"href":"https:\/\/amrtop.net\/de\/wp-json\/wp\/v2\/product\/3629","targetHints":{"allow":["GET"]}}],"collection":[{"href":"https:\/\/amrtop.net\/de\/wp-json\/wp\/v2\/product"}],"about":[{"href":"https:\/\/amrtop.net\/de\/wp-json\/wp\/v2\/types\/product"}],"replies":[{"embeddable":true,"href":"https:\/\/amrtop.net\/de\/wp-json\/wp\/v2\/comments?post=3629"}],"wp:featuredmedia":[{"embeddable":true,"href":"https:\/\/amrtop.net\/de\/wp-json\/wp\/v2\/media\/34764"}],"wp:attachment":[{"href":"https:\/\/amrtop.net\/de\/wp-json\/wp\/v2\/media?parent=3629"}],"wp:term":[{"taxonomy":"product_brand","embeddable":true,"href":"https:\/\/amrtop.net\/de\/wp-json\/wp\/v2\/product_brand?post=3629"},{"taxonomy":"product_cat","embeddable":true,"href":"https:\/\/amrtop.net\/de\/wp-json\/wp\/v2\/product_cat?post=3629"},{"taxonomy":"product_tag","embeddable":true,"href":"https:\/\/amrtop.net\/de\/wp-json\/wp\/v2\/product_tag?post=3629"}],"curies":[{"name":"wp","href":"https:\/\/api.w.org\/{rel}","templated":true}]}}