{"id":3636,"date":"2020-10-01T00:00:00","date_gmt":"2020-10-01T00:00:00","guid":{"rendered":"https:\/\/amrtop.com\/B2B\/?post_type=product&#038;p=3636"},"modified":"2023-11-09T09:51:55","modified_gmt":"2023-11-09T09:51:55","slug":"motoreducteur-mellor-475-rpm-code-fb1137-arbre-o-85-mm-toles-feuilletees-38-mm","status":"publish","type":"product","link":"https:\/\/amrtop.net\/de\/produit\/motoreducteur-mellor-475-rpm-code-fb1137-arbre-o-85-mm-toles-feuilletees-38-mm\/","title":{"rendered":"Mellor-Getriebemotor 4,75 rpm Code FB1137- Welle \u00f8 8,5 mm - laminierte Bleche 38 mm"},"content":{"rendered":"<hr \/>\n<h3>Motor\u00e9ducteurs Mellor 4.75 rpm arbre \u00f8 8.5 FB1137<\/h3>\n<p>Der von Amrtop angebotene Mellor-Getriebemotor, der mit einem AC-Motor mit abgeschirmten Polen der Serie T14 erh\u00e4ltlich ist, wird von einem f\u00fchrenden Unternehmen mit \u00fcber 35 Jahren Erfahrung in diesem Bereich hergestellt.<\/p>\n<p>Sie entwerfen und importieren Motoren und Getriebemotoren f\u00fcr die Realisierung verschiedener Anwendungen mit besonderer Kompetenz in b\u00fcrstenlosen AC- und DC-Technologien mit Induktion und abgeschirmten Polen.<\/p>\n<p>Verschiedene Untersetzungsverh\u00e4ltnisse erh\u00e4ltlich. Sie zeichnen sich dadurch aus, dass sie sich leicht in Spezialanwendungen wie Granulatoren und Eiscrememaschinen integrieren lassen.<\/p>\n<p>Synchrone Getriebemotoren sind mit einem 220vac-Motor, Gr\u00f6\u00dfe 64mm und 18W erh\u00e4ltlich.<\/p>\n<h3><strong>Hauptmerkmale der Mellor-Getriebemotoren :<\/strong><\/h3>\n<ul>\n<li>Nenndrehmoment: von 2,5 bis 35nm, abh\u00e4ngig vom \u00dcbersetzungsverh\u00e4ltnis<\/li>\n<li>Verf\u00fcgbare Geschwindigkeit: 0,3 bis 11rpm<\/li>\n<li>Typische Anwendungen: alle, die bidirektionale Rotationen mit einer niedrigen, pr\u00e4zisen Geschwindigkeit, einem hohen Drehmoment und einer sehr hohen Laufruhe erfordern.<\/li>\n<li>Entwickelt f\u00fcr Anwendungen in Pellet\u00f6fen, Boilern und Kaminen<\/li>\n<\/ul>\n<h3>Utilisation des motor\u00e9ducteurs Mellor 4.75 rpm arbre \u00f8 8.5 FB1137<\/h3>\n<p>An der Spitze der Cochlea angekommen, f\u00e4llt das Pellet auf nat\u00fcrliche Weise in das Innere einer Rutsche, die es in das Innere des Brenners bef\u00f6rdert.<\/p>\n<p><strong>In typischen Ger\u00e4ten vorhanden<\/strong>\u00a0Pelletofen - Pelletkessel - Pelletbrenner - Pellets BBQ\/grill Biomassekessel - Biomassebrenner - Und viele andere Brenner<\/p>\n<h3><strong>Innen<\/strong><\/h3>\n<p><a href=\"https:\/\/wekos.it\/\">\u00d6fen, Herde und Holzherde<\/a>\u00a0-\u00a0<a href=\"https:\/\/www.greenpuros.com\/\">Kamine, \u00d6fen und Pelletkessel.<\/a><\/p>\n<h3><strong>Amrtop Ersatzteile und Zubeh\u00f6r Sortiment<\/strong><\/h3>\n<p><a href=\"https:\/\/amrtop.net\/de\/produktkategorie\/ersatzteile-diverse-ofen-und-kocher-2\/bougies-dallumage-pour-poeles-et-chaudieres-a-pellets\/\">Gl\u00fchkerzen<\/a><\/p>\n<p><a href=\"https:\/\/amrtop.net\/de\/produktkategorie\/ersatzteile-diverse-ofen-und-kocher-2\/electronique\/\">Elektronik<\/a><\/p>\n<p><a href=\"https:\/\/amrtop.net\/de\/produktkategorie\/ersatzteile-diverse-ofen-und-kocher-2\/extracteurs-de-fumee\/\">Rauchabzug<\/a><\/p>\n<p><a href=\"https:\/\/amrtop.net\/de\/produktkategorie\/ersatzteile-diverse-ofen-und-kocher-2\/gaines-cable-connecteurs\/\">Kabelh\u00fcllen Verbinder<\/a><\/p>\n<p><a href=\"https:\/\/amrtop.net\/de\/produktkategorie\/ersatzteile-diverse-ofen-und-kocher-2\/joints-de-silicone\/\">Silikondichtungen<\/a><\/p>\n<p><a href=\"https:\/\/amrtop.net\/de\/produktkategorie\/ersatzteile-diverse-ofen-und-kocher-2\/motoreducteurs\/\">Getriebemotoren<\/a><\/p>\n<p><a href=\"https:\/\/amrtop.net\/de\/produktkategorie\/ersatzteile-diverse-ofen-und-kocher-2\/pressostats-et-transducteurs\/\">Druckschalter und Wandler<\/a><\/p>\n<p><a href=\"https:\/\/amrtop.net\/de\/produktkategorie\/ersatzteile-diverse-ofen-und-kocher-2\/sondes-thermostats-manometres-thermometres\/\">Sonden Thermostate Manometer Thermometer<\/a><\/p>\n<p><a href=\"https:\/\/amrtop.net\/de\/produktkategorie\/ersatzteile-diverse-ofen-und-kocher-2\/joints-detancheite\/\">Dichtgeflechte<\/a><\/p>\n<p><a href=\"https:\/\/amrtop.net\/de\/produktkategorie\/ersatzteile-diverse-ofen-und-kocher-2\/ventilateurs-centrifuges-pour-poeles-a-pellets\/\">Zentrifugalventilatoren<\/a><\/p>\n<p><a href=\"https:\/\/amrtop.net\/de\/produktkategorie\/ersatzteile-diverse-ofen-und-kocher-2\/ventilateurs-tangentiels-flux-transversal\/\">Tangentiale Ventilatoren<\/a><\/p>\n<p><a href=\"https:\/\/amrtop.net\/de\/produktkategorie\/ersatzteile-diverse-ofen-und-kocher-2\/adhesifs-et-produits-detancheite\/\">Klebstoffe und Kitt<\/a><\/p>","protected":false},"excerpt":{"rendered":"<hr \/>\n<h2><span style=\"color: #008000\">Verf\u00fcgbar<\/span><\/h2>\n<hr \/>\n<h3>Motor\u00e9ducteur Mellor 4,75 rpm<\/h3>\n<p>Code FB1137<\/p>\n<p>Welle \u00f8: 8.5 mm<br \/>\nVitesse : 4.75 rpm<br \/>\nVerbundbleche: 38 mm<br \/>\nAbflachung: einfach<br \/>\nDrehrichtung: im Uhrzeigersinn<br \/>\nCouple nominal : 27 Nm<\/p>\n<h3>Kompatibilit\u00e4t<\/h3>\n<hr \/>\n<h3>Austauschbar mit den folgenden Modellen von Schneckengetriebemotoren Pelletladung :<\/h3>\n<p>Mellor : FB1079, FB1225<br \/>\nSpg : ISG3230D071<br \/>\nKenta: K9117156<\/p>\n<h3>Schneckengetriebemotor installiert und kompatibel mit den folgenden Marken und Modellen von Pellet\u00f6fen:<\/h3>\n<p><strong>Arce Mod:<\/strong>\u00a0Cicle idro XL<\/p>\n<p><strong>Ecoteck, Emaflam, Nordica Extraflam, Ravelli<\/strong><\/p>","protected":false},"featured_media":34758,"comment_status":"open","ping_status":"closed","template":"","meta":[],"product_brand":[],"product_cat":[861,862,863],"product_tag":[49,31,32,193,41],"class_list":{"0":"post-3636","1":"product","2":"type-product","3":"status-publish","4":"has-post-thumbnail","6":"product_cat-motoreducteurs","7":"product_cat-motoreducteurs-mellor","8":"product_cat-motoreducteurs-mellor-arbre-o-8-5","9":"product_tag-arce","10":"product_tag-ecoteck","11":"product_tag-emaflam","12":"product_tag-nordica-extraflam","13":"product_tag-ravelli","14":"product_shipping_class-classe-di-spedizione-02","16":"first","17":"instock","18":"shipping-taxable","19":"purchasable","20":"product-type-simple"},"yoast_head":"<!-- This site is optimized with the Yoast SEO plugin v27.4 - https:\/\/yoast.com\/product\/yoast-seo-wordpress\/ -->\n<title>Motor\u00e9ducteurs Mellor 4.75 rpm arbre \u00f8 8.5 FB1137<\/title>\n<meta name=\"description\" content=\"Motor\u00e9ducteurs Mellor 4.75 rpm arbre \u00f8 8.5 FB1137-Motor\u00e9ducteur Mellor pour vis de po\u00eale \u00e0 granul\u00e9s d\u2019arbre 9.5-Motor\u00e9ducteur Mellor pour po\u00eales et chaudi\u00e8res\" \/>\n<meta name=\"robots\" content=\"index, follow, max-snippet:-1, max-image-preview:large, max-video-preview:-1\" \/>\n<link rel=\"canonical\" href=\"https:\/\/amrtop.net\/de\/produkt\/motoreducteur-mellor-475-rpm-code-fb1137-arbre-o-85-mm-toles-feuilletees-38-mm\/\" \/>\n<meta property=\"og:locale\" content=\"de_DE\" \/>\n<meta property=\"og:type\" content=\"article\" \/>\n<meta property=\"og:title\" content=\"Motor\u00e9ducteurs Mellor 4.75 rpm arbre \u00f8 8.5 FB1137\" \/>\n<meta property=\"og:description\" content=\"Motor\u00e9ducteurs Mellor 4.75 rpm arbre \u00f8 8.5 FB1137-Motor\u00e9ducteur Mellor pour vis de po\u00eale \u00e0 granul\u00e9s d\u2019arbre 9.5-Motor\u00e9ducteur Mellor pour po\u00eales et chaudi\u00e8res\" \/>\n<meta property=\"og:url\" content=\"https:\/\/amrtop.net\/de\/produkt\/motoreducteur-mellor-475-rpm-code-fb1137-arbre-o-85-mm-toles-feuilletees-38-mm\/\" \/>\n<meta property=\"og:site_name\" content=\"AMRTOP B2B \u00c9tranger - Achats r\u00e9serv\u00e9s au professionnel\" \/>\n<meta property=\"article:modified_time\" content=\"2023-11-09T09:51:55+00:00\" \/>\n<meta property=\"og:image\" content=\"https:\/\/amrtop.net\/wp-content\/uploads\/2020\/10\/fb1137.jpg\" \/>\n\t<meta property=\"og:image:width\" content=\"960\" \/>\n\t<meta property=\"og:image:height\" content=\"960\" \/>\n\t<meta property=\"og:image:type\" content=\"image\/jpeg\" \/>\n<meta name=\"twitter:card\" content=\"summary_large_image\" \/>\n<meta name=\"twitter:label1\" content=\"Gesch\u00e4tzte Lesezeit\" \/>\n\t<meta name=\"twitter:data1\" content=\"1\u00a0Minute\" \/>\n<script type=\"application\/ld+json\" class=\"yoast-schema-graph\">{\"@context\":\"https:\\\/\\\/schema.org\",\"@graph\":[{\"@type\":\"WebPage\",\"@id\":\"https:\\\/\\\/amrtop.net\\\/produit\\\/motoreducteur-mellor-475-rpm-code-fb1137-arbre-o-85-mm-toles-feuilletees-38-mm\\\/\",\"url\":\"https:\\\/\\\/amrtop.net\\\/produit\\\/motoreducteur-mellor-475-rpm-code-fb1137-arbre-o-85-mm-toles-feuilletees-38-mm\\\/\",\"name\":\"Motor\u00e9ducteurs Mellor 4.75 rpm arbre \u00f8 8.5 FB1137\",\"isPartOf\":{\"@id\":\"https:\\\/\\\/amrtop.net\\\/#website\"},\"primaryImageOfPage\":{\"@id\":\"https:\\\/\\\/amrtop.net\\\/produit\\\/motoreducteur-mellor-475-rpm-code-fb1137-arbre-o-85-mm-toles-feuilletees-38-mm\\\/#primaryimage\"},\"image\":{\"@id\":\"https:\\\/\\\/amrtop.net\\\/produit\\\/motoreducteur-mellor-475-rpm-code-fb1137-arbre-o-85-mm-toles-feuilletees-38-mm\\\/#primaryimage\"},\"thumbnailUrl\":\"https:\\\/\\\/amrtop.net\\\/wp-content\\\/uploads\\\/2020\\\/10\\\/fb1137.jpg\",\"datePublished\":\"2020-10-01T00:00:00+00:00\",\"dateModified\":\"2023-11-09T09:51:55+00:00\",\"description\":\"Motor\u00e9ducteurs Mellor 4.75 rpm arbre \u00f8 8.5 FB1137-Motor\u00e9ducteur Mellor pour vis de po\u00eale \u00e0 granul\u00e9s d\u2019arbre 9.5-Motor\u00e9ducteur Mellor pour po\u00eales et chaudi\u00e8res\",\"breadcrumb\":{\"@id\":\"https:\\\/\\\/amrtop.net\\\/produit\\\/motoreducteur-mellor-475-rpm-code-fb1137-arbre-o-85-mm-toles-feuilletees-38-mm\\\/#breadcrumb\"},\"inLanguage\":\"de\",\"potentialAction\":[{\"@type\":\"ReadAction\",\"target\":[\"https:\\\/\\\/amrtop.net\\\/produit\\\/motoreducteur-mellor-475-rpm-code-fb1137-arbre-o-85-mm-toles-feuilletees-38-mm\\\/\"]}]},{\"@type\":\"ImageObject\",\"inLanguage\":\"de\",\"@id\":\"https:\\\/\\\/amrtop.net\\\/produit\\\/motoreducteur-mellor-475-rpm-code-fb1137-arbre-o-85-mm-toles-feuilletees-38-mm\\\/#primaryimage\",\"url\":\"https:\\\/\\\/amrtop.net\\\/wp-content\\\/uploads\\\/2020\\\/10\\\/fb1137.jpg\",\"contentUrl\":\"https:\\\/\\\/amrtop.net\\\/wp-content\\\/uploads\\\/2020\\\/10\\\/fb1137.jpg\",\"width\":960,\"height\":960,\"caption\":\"Motor\u00e9ducteurs Mellor 4.75 rpm arbre \u00f8 8.5 FB1137-Motor\u00e9ducteur Mellor pour vis de po\u00eale \u00e0 granul\u00e9s d\u2019arbre 9.5-Motor\u00e9ducteur Mellor pour po\u00eales et chaudi\u00e8res\"},{\"@type\":\"BreadcrumbList\",\"@id\":\"https:\\\/\\\/amrtop.net\\\/produit\\\/motoreducteur-mellor-475-rpm-code-fb1137-arbre-o-85-mm-toles-feuilletees-38-mm\\\/#breadcrumb\",\"itemListElement\":[{\"@type\":\"ListItem\",\"position\":1,\"name\":\"Home\",\"item\":\"https:\\\/\\\/amrtop.net\\\/\"},{\"@type\":\"ListItem\",\"position\":2,\"name\":\"Shop\",\"item\":\"https:\\\/\\\/amrtop.net\\\/negozio\\\/\"},{\"@type\":\"ListItem\",\"position\":3,\"name\":\"Motor\u00e9ducteur Mellor 4,75 rpm Code FB1137- Arbre \u00f8 8,5 mm \u2013 T\u00f4les feuillet\u00e9es 38 mm\"}]},{\"@type\":\"WebSite\",\"@id\":\"https:\\\/\\\/amrtop.net\\\/#website\",\"url\":\"https:\\\/\\\/amrtop.net\\\/\",\"name\":\"AMRTOP B2B \u00c9tranger - Achats r\u00e9serv\u00e9s au professionnel\",\"description\":\"Pi\u00e8ces de rechange et accessoires pour po\u00eales et chaudi\u00e8res - eCommerce B2B pour Clients Professionnels\",\"potentialAction\":[{\"@type\":\"SearchAction\",\"target\":{\"@type\":\"EntryPoint\",\"urlTemplate\":\"https:\\\/\\\/amrtop.net\\\/?s={search_term_string}\"},\"query-input\":{\"@type\":\"PropertyValueSpecification\",\"valueRequired\":true,\"valueName\":\"search_term_string\"}}],\"inLanguage\":\"de\"}]}<\/script>\n<!-- \/ Yoast SEO plugin. -->","yoast_head_json":{"title":"Motor\u00e9ducteurs Mellor 4.75 rpm arbre \u00f8 8.5 FB1137","description":"Mellor-Getriebemotoren 4.75 rpm Welle \u00f8 8.5 FB1137-Mellor-Getriebemotor f\u00fcr Pelletofen-Schnecke Welle 9.5-Mellor-Getriebemotor f\u00fcr \u00d6fen und Kessel","robots":{"index":"index","follow":"follow","max-snippet":"max-snippet:-1","max-image-preview":"max-image-preview:large","max-video-preview":"max-video-preview:-1"},"canonical":"https:\/\/amrtop.net\/de\/produkt\/motoreducteur-mellor-475-rpm-code-fb1137-arbre-o-85-mm-toles-feuilletees-38-mm\/","og_locale":"de_DE","og_type":"article","og_title":"Motor\u00e9ducteurs Mellor 4.75 rpm arbre \u00f8 8.5 FB1137","og_description":"Motor\u00e9ducteurs Mellor 4.75 rpm arbre \u00f8 8.5 FB1137-Motor\u00e9ducteur Mellor pour vis de po\u00eale \u00e0 granul\u00e9s d\u2019arbre 9.5-Motor\u00e9ducteur Mellor pour po\u00eales et chaudi\u00e8res","og_url":"https:\/\/amrtop.net\/de\/produkt\/motoreducteur-mellor-475-rpm-code-fb1137-arbre-o-85-mm-toles-feuilletees-38-mm\/","og_site_name":"AMRTOP B2B \u00c9tranger - Achats r\u00e9serv\u00e9s au professionnel","article_modified_time":"2023-11-09T09:51:55+00:00","og_image":[{"width":960,"height":960,"url":"https:\/\/amrtop.net\/wp-content\/uploads\/2020\/10\/fb1137.jpg","type":"image\/jpeg"}],"twitter_card":"summary_large_image","twitter_misc":{"Gesch\u00e4tzte Lesezeit":"1\u00a0Minute"},"schema":{"@context":"https:\/\/schema.org","@graph":[{"@type":"WebPage","@id":"https:\/\/amrtop.net\/produit\/motoreducteur-mellor-475-rpm-code-fb1137-arbre-o-85-mm-toles-feuilletees-38-mm\/","url":"https:\/\/amrtop.net\/produit\/motoreducteur-mellor-475-rpm-code-fb1137-arbre-o-85-mm-toles-feuilletees-38-mm\/","name":"Motor\u00e9ducteurs Mellor 4.75 rpm arbre \u00f8 8.5 FB1137","isPartOf":{"@id":"https:\/\/amrtop.net\/#website"},"primaryImageOfPage":{"@id":"https:\/\/amrtop.net\/produit\/motoreducteur-mellor-475-rpm-code-fb1137-arbre-o-85-mm-toles-feuilletees-38-mm\/#primaryimage"},"image":{"@id":"https:\/\/amrtop.net\/produit\/motoreducteur-mellor-475-rpm-code-fb1137-arbre-o-85-mm-toles-feuilletees-38-mm\/#primaryimage"},"thumbnailUrl":"https:\/\/amrtop.net\/wp-content\/uploads\/2020\/10\/fb1137.jpg","datePublished":"2020-10-01T00:00:00+00:00","dateModified":"2023-11-09T09:51:55+00:00","description":"Mellor-Getriebemotoren 4.75 rpm Welle \u00f8 8.5 FB1137-Mellor-Getriebemotor f\u00fcr Pelletofen-Schnecke Welle 9.5-Mellor-Getriebemotor f\u00fcr \u00d6fen und Kessel","breadcrumb":{"@id":"https:\/\/amrtop.net\/produit\/motoreducteur-mellor-475-rpm-code-fb1137-arbre-o-85-mm-toles-feuilletees-38-mm\/#breadcrumb"},"inLanguage":"de","potentialAction":[{"@type":"ReadAction","target":["https:\/\/amrtop.net\/produit\/motoreducteur-mellor-475-rpm-code-fb1137-arbre-o-85-mm-toles-feuilletees-38-mm\/"]}]},{"@type":"ImageObject","inLanguage":"de","@id":"https:\/\/amrtop.net\/produit\/motoreducteur-mellor-475-rpm-code-fb1137-arbre-o-85-mm-toles-feuilletees-38-mm\/#primaryimage","url":"https:\/\/amrtop.net\/wp-content\/uploads\/2020\/10\/fb1137.jpg","contentUrl":"https:\/\/amrtop.net\/wp-content\/uploads\/2020\/10\/fb1137.jpg","width":960,"height":960,"caption":"Motor\u00e9ducteurs Mellor 4.75 rpm arbre \u00f8 8.5 FB1137-Motor\u00e9ducteur Mellor pour vis de po\u00eale \u00e0 granul\u00e9s d\u2019arbre 9.5-Motor\u00e9ducteur Mellor pour po\u00eales et chaudi\u00e8res"},{"@type":"BreadcrumbList","@id":"https:\/\/amrtop.net\/produit\/motoreducteur-mellor-475-rpm-code-fb1137-arbre-o-85-mm-toles-feuilletees-38-mm\/#breadcrumb","itemListElement":[{"@type":"ListItem","position":1,"name":"Home","item":"https:\/\/amrtop.net\/"},{"@type":"ListItem","position":2,"name":"Shop","item":"https:\/\/amrtop.net\/negozio\/"},{"@type":"ListItem","position":3,"name":"Motor\u00e9ducteur Mellor 4,75 rpm Code FB1137- Arbre \u00f8 8,5 mm \u2013 T\u00f4les feuillet\u00e9es 38 mm"}]},{"@type":"WebSite","@id":"https:\/\/amrtop.net\/#website","url":"https:\/\/amrtop.net\/","name":"AMRTOP B2B Ausland - Einkaufen nur f\u00fcr Fachleute","description":"Ersatzteile und Zubeh\u00f6r f\u00fcr \u00d6fen und Heizkessel - B2B eCommerce f\u00fcr Gesch\u00e4ftskunden","potentialAction":[{"@type":"SearchAction","target":{"@type":"EntryPoint","urlTemplate":"https:\/\/amrtop.net\/?s={search_term_string}"},"query-input":{"@type":"PropertyValueSpecification","valueRequired":true,"valueName":"search_term_string"}}],"inLanguage":"de"}]}},"_links":{"self":[{"href":"https:\/\/amrtop.net\/de\/wp-json\/wp\/v2\/product\/3636","targetHints":{"allow":["GET"]}}],"collection":[{"href":"https:\/\/amrtop.net\/de\/wp-json\/wp\/v2\/product"}],"about":[{"href":"https:\/\/amrtop.net\/de\/wp-json\/wp\/v2\/types\/product"}],"replies":[{"embeddable":true,"href":"https:\/\/amrtop.net\/de\/wp-json\/wp\/v2\/comments?post=3636"}],"wp:featuredmedia":[{"embeddable":true,"href":"https:\/\/amrtop.net\/de\/wp-json\/wp\/v2\/media\/34758"}],"wp:attachment":[{"href":"https:\/\/amrtop.net\/de\/wp-json\/wp\/v2\/media?parent=3636"}],"wp:term":[{"taxonomy":"product_brand","embeddable":true,"href":"https:\/\/amrtop.net\/de\/wp-json\/wp\/v2\/product_brand?post=3636"},{"taxonomy":"product_cat","embeddable":true,"href":"https:\/\/amrtop.net\/de\/wp-json\/wp\/v2\/product_cat?post=3636"},{"taxonomy":"product_tag","embeddable":true,"href":"https:\/\/amrtop.net\/de\/wp-json\/wp\/v2\/product_tag?post=3636"}],"curies":[{"name":"wp","href":"https:\/\/api.w.org\/{rel}","templated":true}]}}