{"id":3639,"date":"2020-10-01T00:00:00","date_gmt":"2020-10-01T00:00:00","guid":{"rendered":"https:\/\/amrtop.com\/B2B\/?post_type=product&#038;p=3639"},"modified":"2023-11-09T09:52:32","modified_gmt":"2023-11-09T09:52:32","slug":"motoreducteur-mellor-15-rpm-code-fb1204-arbre-o-85-mm-toles-feuilletees-25-mm","status":"publish","type":"product","link":"https:\/\/amrtop.net\/de\/produit\/motoreducteur-mellor-15-rpm-code-fb1204-arbre-o-85-mm-toles-feuilletees-25-mm\/","title":{"rendered":"Mellor-Getriebemotor 1,5 rpm Code FB1204 - Welle \u00f8 8,5 mm - 25 mm laminierte Bleche"},"content":{"rendered":"<hr \/>\n<h3 class=\"product_title entry-title\">Motor\u00e9ducteur Mellor 1,5 rpm arbre \u00f8 8.5 FB1204<\/h3>\n<p>Le motor\u00e9ducteur Mellor \u00e0 arbre creux disponible avec moteur AC \u00e0 p\u00f4les blind\u00e9s s\u00e9rie T14 propos\u00e9 par Amrtop, sont fabriqu\u00e9s par une entreprise leader dans ce secteur avec plus de 35 ans d\u2019exp\u00e9rience.<\/p>\n<p>Sie entwerfen und importieren Motoren und Getriebemotoren f\u00fcr die Realisierung verschiedener Anwendungen mit besonderer Kompetenz in b\u00fcrstenlosen AC- und DC-Technologien mit Induktion und abgeschirmten Polen.<\/p>\n<p>Verschiedene Untersetzungsverh\u00e4ltnisse erh\u00e4ltlich. Sie zeichnen sich dadurch aus, dass sie sich leicht in Spezialanwendungen wie Granulatoren und Eiscrememaschinen integrieren lassen.<\/p>\n<p>Synchrone Getriebemotoren sind mit einem 220vac-Motor, Gr\u00f6\u00dfe 64mm und 18W erh\u00e4ltlich.<\/p>\n<h3><strong>Hauptmerkmale der Mellor-Getriebemotoren :<\/strong><\/h3>\n<ul>\n<li>Nenndrehmoment: von 2,5 bis 35nm, abh\u00e4ngig vom \u00dcbersetzungsverh\u00e4ltnis<\/li>\n<li>Verf\u00fcgbare Geschwindigkeit: 0,3 bis 11rpm<\/li>\n<li>Typische Anwendungen: alle, die bidirektionale Rotationen mit einer niedrigen, pr\u00e4zisen Geschwindigkeit, einem hohen Drehmoment und einer sehr hohen Laufruhe erfordern.<\/li>\n<li>Entwickelt f\u00fcr Anwendungen in Pellet\u00f6fen, Boilern und Kaminen<\/li>\n<\/ul>\n<h3>Utilisation du motor\u00e9ducteur Mellor 1.5 rpm arbre \u00f8 8.5 FB1204<\/h3>\n<p>An der Spitze der Cochlea angekommen, f\u00e4llt das Pellet auf nat\u00fcrliche Weise in das Innere einer Rutsche, die es in das Innere des Brenners bef\u00f6rdert.<\/p>\n<p><strong>In typischen Ger\u00e4ten vorhanden<\/strong>\u00a0Pelletofen - Pelletkessel - Pelletbrenner - Pellets BBQ\/grill Biomassekessel - Biomassebrenner - Und viele andere Brenner<\/p>\n<h3><strong>Innen<\/strong><\/h3>\n<p><a href=\"https:\/\/wekos.it\/\">\u00d6fen, Herde und Holzherde<\/a>\u00a0-\u00a0<a href=\"https:\/\/www.greenpuros.com\/\">Kamine, \u00d6fen und Pelletkessel.<\/a><\/p>\n<h3><strong>Amrtop Ersatzteile und Zubeh\u00f6r Sortiment<\/strong><\/h3>\n<p><a href=\"https:\/\/amrtop.net\/de\/produktkategorie\/ersatzteile-diverse-ofen-und-kocher-2\/bougies-dallumage-pour-poeles-et-chaudieres-a-pellets\/\">Gl\u00fchkerzen<\/a><\/p>\n<p><a href=\"https:\/\/amrtop.net\/de\/produktkategorie\/ersatzteile-diverse-ofen-und-kocher-2\/electronique\/\">Elektronik<\/a><\/p>\n<p><a href=\"https:\/\/amrtop.net\/de\/produktkategorie\/ersatzteile-diverse-ofen-und-kocher-2\/extracteurs-de-fumee\/\">Rauchabzug<\/a><\/p>\n<p><a href=\"https:\/\/amrtop.net\/de\/produktkategorie\/ersatzteile-diverse-ofen-und-kocher-2\/gaines-cable-connecteurs\/\">Kabelh\u00fcllen Verbinder<\/a><\/p>\n<p><a href=\"https:\/\/amrtop.net\/de\/produktkategorie\/ersatzteile-diverse-ofen-und-kocher-2\/joints-de-silicone\/\">Silikondichtungen<\/a><\/p>\n<p><a href=\"https:\/\/amrtop.net\/de\/produktkategorie\/ersatzteile-diverse-ofen-und-kocher-2\/motoreducteurs\/\">Getriebemotoren<\/a><\/p>\n<p><a href=\"https:\/\/amrtop.net\/de\/produktkategorie\/ersatzteile-diverse-ofen-und-kocher-2\/pressostats-et-transducteurs\/\">Druckschalter und Wandler<\/a><\/p>\n<p><a href=\"https:\/\/amrtop.net\/de\/produktkategorie\/ersatzteile-diverse-ofen-und-kocher-2\/sondes-thermostats-manometres-thermometres\/\">Sonden Thermostate Manometer Thermometer<\/a><\/p>\n<p><a href=\"https:\/\/amrtop.net\/de\/produktkategorie\/ersatzteile-diverse-ofen-und-kocher-2\/joints-detancheite\/\">Dichtgeflechte<\/a><\/p>\n<p><a href=\"https:\/\/amrtop.net\/de\/produktkategorie\/ersatzteile-diverse-ofen-und-kocher-2\/ventilateurs-centrifuges-pour-poeles-a-pellets\/\">Zentrifugalventilatoren<\/a><\/p>\n<p><a href=\"https:\/\/amrtop.net\/de\/produktkategorie\/ersatzteile-diverse-ofen-und-kocher-2\/ventilateurs-tangentiels-flux-transversal\/\">Tangentiale Ventilatoren<\/a><\/p>\n<p><a href=\"https:\/\/amrtop.net\/de\/produktkategorie\/ersatzteile-diverse-ofen-und-kocher-2\/adhesifs-et-produits-detancheite\/\">Klebstoffe und Kitt<\/a><\/p>\n<hr \/>\n<div class=\"avia-builder-widget-area clearfix\">\n<div id=\"pektsekye_productcategorydropdowns_selector-2\" class=\"widget clearfix widget_pektsekye_productcategorydropdowns_selector\">\n<div class=\"widget-text wp_widget_plugin_box\">\n<div id=\"pcd_pektsekye_productcategorydropdowns_selector-2\" class=\"pcd-selector-box\">\n<div class=\"block-content\"><\/div>\n<\/div>\n<\/div>\n<\/div>\n<\/div>","protected":false},"excerpt":{"rendered":"<hr \/>\n<h2><span style=\"color: #008000\">Verf\u00fcgbar<\/span><\/h2>\n<hr \/>\n<h3>Mellor-Getriebemotor 1,5 rpm<\/h3>\n<p>Code FB1204<\/p>\n<p>Welle \u00f8: 8.5 mm<br \/>\nGeschwindigkeit: 1.5 rpm<br \/>\nLamellenpaket: 25 mm<br \/>\nAbflachung: einfach<br \/>\nDrehrichtung: im Uhrzeigersinn<br \/>\nDrehmoment: 24 Nm<\/p>\n<h3>Kompatibilit\u00e4t<\/h3>\n<hr \/>\n<h3>Austauschbar mit den folgenden Modellen von Schneckengetriebemotoren Pelletladung :<\/h3>\n<p>Kenta : K9113004, K9115000, K9113004, K9115005<br \/>\nSpg: ISG3230D059<br \/>\nMerkle &amp; Korff: MKSF1585<\/p>\n<h3>Schneckengetriebemotor installiert und kompatibel mit den folgenden Marken und Modellen von Pellet\u00f6fen:<\/h3>\n<p>Adler,Arce,Caminetti montegrappa,Clam,Deville,Edilkamin,Envirofire,Green Puros,Italiana camini,Kausiflam,Palladio,Puros,<br \/>\nVulcania<\/p>","protected":false},"featured_media":34766,"comment_status":"open","ping_status":"closed","template":"","meta":[],"product_brand":[],"product_cat":[861,862,863],"product_tag":[24,170,102,125,61,145,67,71,171,87,99],"class_list":{"0":"post-3639","1":"product","2":"type-product","3":"status-publish","4":"has-post-thumbnail","6":"product_cat-motoreducteurs","7":"product_cat-motoreducteurs-mellor","8":"product_cat-motoreducteurs-mellor-arbre-o-8-5","9":"product_tag-adler","10":"product_tag-arc","11":"product_tag-caminetti-montegrappa","12":"product_tag-clam","13":"product_tag-edilkamin","14":"product_tag-envirofire","15":"product_tag-green-puros","16":"product_tag-italiana-camini","17":"product_tag-palladio","18":"product_tag-puros","19":"product_tag-vulcania","20":"product_shipping_class-classe-di-spedizione-02","22":"first","23":"instock","24":"shipping-taxable","25":"purchasable","26":"product-type-simple"},"yoast_head":"<!-- This site is optimized with the Yoast SEO plugin v27.4 - https:\/\/yoast.com\/product\/yoast-seo-wordpress\/ -->\n<title>Motor\u00e9ducteur Mellor 1.5 rpm arbre\u00f8 8.5 FB1204<\/title>\n<meta name=\"description\" content=\"Motor\u00e9ducteur Mellor 1.5 rpm arbre\u00f8 8.5 FB1204-Motor\u00e9ducteur Mellor pour vis de po\u00eale \u00e0 granul\u00e9s d\u2019arbre 8.5-Motor\u00e9ducteur Mellor pour po\u00eales et chaudi\u00e8res\" \/>\n<meta name=\"robots\" content=\"index, follow, max-snippet:-1, max-image-preview:large, max-video-preview:-1\" \/>\n<link rel=\"canonical\" href=\"https:\/\/amrtop.net\/de\/produkt\/motoreducteur-mellor-15-rpm-code-fb1204-arbre-o-85-mm-toles-feuilletees-25-mm\/\" \/>\n<meta property=\"og:locale\" content=\"de_DE\" \/>\n<meta property=\"og:type\" content=\"article\" \/>\n<meta property=\"og:title\" content=\"Motor\u00e9ducteur Mellor 1.5 rpm arbre\u00f8 8.5 FB1204\" \/>\n<meta property=\"og:description\" content=\"Motor\u00e9ducteur Mellor 1.5 rpm arbre\u00f8 8.5 FB1204-Motor\u00e9ducteur Mellor pour vis de po\u00eale \u00e0 granul\u00e9s d\u2019arbre 8.5-Motor\u00e9ducteur Mellor pour po\u00eales et chaudi\u00e8res\" \/>\n<meta property=\"og:url\" content=\"https:\/\/amrtop.net\/de\/produkt\/motoreducteur-mellor-15-rpm-code-fb1204-arbre-o-85-mm-toles-feuilletees-25-mm\/\" \/>\n<meta property=\"og:site_name\" content=\"AMRTOP B2B \u00c9tranger - Achats r\u00e9serv\u00e9s au professionnel\" \/>\n<meta property=\"article:modified_time\" content=\"2023-11-09T09:52:32+00:00\" \/>\n<meta property=\"og:image\" content=\"https:\/\/amrtop.net\/wp-content\/uploads\/2020\/10\/fb1204.jpg\" \/>\n\t<meta property=\"og:image:width\" content=\"960\" \/>\n\t<meta property=\"og:image:height\" content=\"960\" \/>\n\t<meta property=\"og:image:type\" content=\"image\/jpeg\" \/>\n<meta name=\"twitter:card\" content=\"summary_large_image\" \/>\n<meta name=\"twitter:label1\" content=\"Gesch\u00e4tzte Lesezeit\" \/>\n\t<meta name=\"twitter:data1\" content=\"1\u00a0Minute\" \/>\n<script type=\"application\/ld+json\" class=\"yoast-schema-graph\">{\"@context\":\"https:\\\/\\\/schema.org\",\"@graph\":[{\"@type\":\"WebPage\",\"@id\":\"https:\\\/\\\/amrtop.net\\\/produit\\\/motoreducteur-mellor-15-rpm-code-fb1204-arbre-o-85-mm-toles-feuilletees-25-mm\\\/\",\"url\":\"https:\\\/\\\/amrtop.net\\\/produit\\\/motoreducteur-mellor-15-rpm-code-fb1204-arbre-o-85-mm-toles-feuilletees-25-mm\\\/\",\"name\":\"Motor\u00e9ducteur Mellor 1.5 rpm arbre\u00f8 8.5 FB1204\",\"isPartOf\":{\"@id\":\"https:\\\/\\\/amrtop.net\\\/#website\"},\"primaryImageOfPage\":{\"@id\":\"https:\\\/\\\/amrtop.net\\\/produit\\\/motoreducteur-mellor-15-rpm-code-fb1204-arbre-o-85-mm-toles-feuilletees-25-mm\\\/#primaryimage\"},\"image\":{\"@id\":\"https:\\\/\\\/amrtop.net\\\/produit\\\/motoreducteur-mellor-15-rpm-code-fb1204-arbre-o-85-mm-toles-feuilletees-25-mm\\\/#primaryimage\"},\"thumbnailUrl\":\"https:\\\/\\\/amrtop.net\\\/wp-content\\\/uploads\\\/2020\\\/10\\\/fb1204.jpg\",\"datePublished\":\"2020-10-01T00:00:00+00:00\",\"dateModified\":\"2023-11-09T09:52:32+00:00\",\"description\":\"Motor\u00e9ducteur Mellor 1.5 rpm arbre\u00f8 8.5 FB1204-Motor\u00e9ducteur Mellor pour vis de po\u00eale \u00e0 granul\u00e9s d\u2019arbre 8.5-Motor\u00e9ducteur Mellor pour po\u00eales et chaudi\u00e8res\",\"breadcrumb\":{\"@id\":\"https:\\\/\\\/amrtop.net\\\/produit\\\/motoreducteur-mellor-15-rpm-code-fb1204-arbre-o-85-mm-toles-feuilletees-25-mm\\\/#breadcrumb\"},\"inLanguage\":\"de\",\"potentialAction\":[{\"@type\":\"ReadAction\",\"target\":[\"https:\\\/\\\/amrtop.net\\\/produit\\\/motoreducteur-mellor-15-rpm-code-fb1204-arbre-o-85-mm-toles-feuilletees-25-mm\\\/\"]}]},{\"@type\":\"ImageObject\",\"inLanguage\":\"de\",\"@id\":\"https:\\\/\\\/amrtop.net\\\/produit\\\/motoreducteur-mellor-15-rpm-code-fb1204-arbre-o-85-mm-toles-feuilletees-25-mm\\\/#primaryimage\",\"url\":\"https:\\\/\\\/amrtop.net\\\/wp-content\\\/uploads\\\/2020\\\/10\\\/fb1204.jpg\",\"contentUrl\":\"https:\\\/\\\/amrtop.net\\\/wp-content\\\/uploads\\\/2020\\\/10\\\/fb1204.jpg\",\"width\":960,\"height\":960,\"caption\":\"Motor\u00e9ducteur Mellor 1.5 rpm arbre\u00f8 8.5 FB1204-Motor\u00e9ducteur Mellor pour vis de po\u00eale \u00e0 granul\u00e9s d\u2019arbre 8.5-Motor\u00e9ducteur Mellor pour po\u00eales et chaudi\u00e8res\"},{\"@type\":\"BreadcrumbList\",\"@id\":\"https:\\\/\\\/amrtop.net\\\/produit\\\/motoreducteur-mellor-15-rpm-code-fb1204-arbre-o-85-mm-toles-feuilletees-25-mm\\\/#breadcrumb\",\"itemListElement\":[{\"@type\":\"ListItem\",\"position\":1,\"name\":\"Home\",\"item\":\"https:\\\/\\\/amrtop.net\\\/\"},{\"@type\":\"ListItem\",\"position\":2,\"name\":\"Shop\",\"item\":\"https:\\\/\\\/amrtop.net\\\/negozio\\\/\"},{\"@type\":\"ListItem\",\"position\":3,\"name\":\"Motor\u00e9ducteur Mellor 1,5 rpm Code FB1204 \u2013 Arbre \u00f8 8,5 mm \u2013 T\u00f4les feuillet\u00e9es 25 mm\"}]},{\"@type\":\"WebSite\",\"@id\":\"https:\\\/\\\/amrtop.net\\\/#website\",\"url\":\"https:\\\/\\\/amrtop.net\\\/\",\"name\":\"AMRTOP B2B \u00c9tranger - Achats r\u00e9serv\u00e9s au professionnel\",\"description\":\"Pi\u00e8ces de rechange et accessoires pour po\u00eales et chaudi\u00e8res - eCommerce B2B pour Clients Professionnels\",\"potentialAction\":[{\"@type\":\"SearchAction\",\"target\":{\"@type\":\"EntryPoint\",\"urlTemplate\":\"https:\\\/\\\/amrtop.net\\\/?s={search_term_string}\"},\"query-input\":{\"@type\":\"PropertyValueSpecification\",\"valueRequired\":true,\"valueName\":\"search_term_string\"}}],\"inLanguage\":\"de\"}]}<\/script>\n<!-- \/ Yoast SEO plugin. -->","yoast_head_json":{"title":"Motor\u00e9ducteur Mellor 1.5 rpm arbre\u00f8 8.5 FB1204","description":"Mellor-Getriebemotor 1.5 rpm Welle\u00f8 8.5 FB1204-Mellor-Getriebemotor f\u00fcr Pelletofen-Schnecke Welle\u00f8 8.5-Mellor-Getriebemotor f\u00fcr \u00d6fen und Kessel","robots":{"index":"index","follow":"follow","max-snippet":"max-snippet:-1","max-image-preview":"max-image-preview:large","max-video-preview":"max-video-preview:-1"},"canonical":"https:\/\/amrtop.net\/de\/produkt\/motoreducteur-mellor-15-rpm-code-fb1204-arbre-o-85-mm-toles-feuilletees-25-mm\/","og_locale":"de_DE","og_type":"article","og_title":"Motor\u00e9ducteur Mellor 1.5 rpm arbre\u00f8 8.5 FB1204","og_description":"Motor\u00e9ducteur Mellor 1.5 rpm arbre\u00f8 8.5 FB1204-Motor\u00e9ducteur Mellor pour vis de po\u00eale \u00e0 granul\u00e9s d\u2019arbre 8.5-Motor\u00e9ducteur Mellor pour po\u00eales et chaudi\u00e8res","og_url":"https:\/\/amrtop.net\/de\/produkt\/motoreducteur-mellor-15-rpm-code-fb1204-arbre-o-85-mm-toles-feuilletees-25-mm\/","og_site_name":"AMRTOP B2B \u00c9tranger - Achats r\u00e9serv\u00e9s au professionnel","article_modified_time":"2023-11-09T09:52:32+00:00","og_image":[{"width":960,"height":960,"url":"https:\/\/amrtop.net\/wp-content\/uploads\/2020\/10\/fb1204.jpg","type":"image\/jpeg"}],"twitter_card":"summary_large_image","twitter_misc":{"Gesch\u00e4tzte Lesezeit":"1\u00a0Minute"},"schema":{"@context":"https:\/\/schema.org","@graph":[{"@type":"WebPage","@id":"https:\/\/amrtop.net\/produit\/motoreducteur-mellor-15-rpm-code-fb1204-arbre-o-85-mm-toles-feuilletees-25-mm\/","url":"https:\/\/amrtop.net\/produit\/motoreducteur-mellor-15-rpm-code-fb1204-arbre-o-85-mm-toles-feuilletees-25-mm\/","name":"Motor\u00e9ducteur Mellor 1.5 rpm arbre\u00f8 8.5 FB1204","isPartOf":{"@id":"https:\/\/amrtop.net\/#website"},"primaryImageOfPage":{"@id":"https:\/\/amrtop.net\/produit\/motoreducteur-mellor-15-rpm-code-fb1204-arbre-o-85-mm-toles-feuilletees-25-mm\/#primaryimage"},"image":{"@id":"https:\/\/amrtop.net\/produit\/motoreducteur-mellor-15-rpm-code-fb1204-arbre-o-85-mm-toles-feuilletees-25-mm\/#primaryimage"},"thumbnailUrl":"https:\/\/amrtop.net\/wp-content\/uploads\/2020\/10\/fb1204.jpg","datePublished":"2020-10-01T00:00:00+00:00","dateModified":"2023-11-09T09:52:32+00:00","description":"Mellor-Getriebemotor 1.5 rpm Welle\u00f8 8.5 FB1204-Mellor-Getriebemotor f\u00fcr Pelletofen-Schnecke Welle\u00f8 8.5-Mellor-Getriebemotor f\u00fcr \u00d6fen und Kessel","breadcrumb":{"@id":"https:\/\/amrtop.net\/produit\/motoreducteur-mellor-15-rpm-code-fb1204-arbre-o-85-mm-toles-feuilletees-25-mm\/#breadcrumb"},"inLanguage":"de","potentialAction":[{"@type":"ReadAction","target":["https:\/\/amrtop.net\/produit\/motoreducteur-mellor-15-rpm-code-fb1204-arbre-o-85-mm-toles-feuilletees-25-mm\/"]}]},{"@type":"ImageObject","inLanguage":"de","@id":"https:\/\/amrtop.net\/produit\/motoreducteur-mellor-15-rpm-code-fb1204-arbre-o-85-mm-toles-feuilletees-25-mm\/#primaryimage","url":"https:\/\/amrtop.net\/wp-content\/uploads\/2020\/10\/fb1204.jpg","contentUrl":"https:\/\/amrtop.net\/wp-content\/uploads\/2020\/10\/fb1204.jpg","width":960,"height":960,"caption":"Motor\u00e9ducteur Mellor 1.5 rpm arbre\u00f8 8.5 FB1204-Motor\u00e9ducteur Mellor pour vis de po\u00eale \u00e0 granul\u00e9s d\u2019arbre 8.5-Motor\u00e9ducteur Mellor pour po\u00eales et chaudi\u00e8res"},{"@type":"BreadcrumbList","@id":"https:\/\/amrtop.net\/produit\/motoreducteur-mellor-15-rpm-code-fb1204-arbre-o-85-mm-toles-feuilletees-25-mm\/#breadcrumb","itemListElement":[{"@type":"ListItem","position":1,"name":"Home","item":"https:\/\/amrtop.net\/"},{"@type":"ListItem","position":2,"name":"Shop","item":"https:\/\/amrtop.net\/negozio\/"},{"@type":"ListItem","position":3,"name":"Motor\u00e9ducteur Mellor 1,5 rpm Code FB1204 \u2013 Arbre \u00f8 8,5 mm \u2013 T\u00f4les feuillet\u00e9es 25 mm"}]},{"@type":"WebSite","@id":"https:\/\/amrtop.net\/#website","url":"https:\/\/amrtop.net\/","name":"AMRTOP B2B Ausland - Einkaufen nur f\u00fcr Fachleute","description":"Ersatzteile und Zubeh\u00f6r f\u00fcr \u00d6fen und Heizkessel - B2B eCommerce f\u00fcr Gesch\u00e4ftskunden","potentialAction":[{"@type":"SearchAction","target":{"@type":"EntryPoint","urlTemplate":"https:\/\/amrtop.net\/?s={search_term_string}"},"query-input":{"@type":"PropertyValueSpecification","valueRequired":true,"valueName":"search_term_string"}}],"inLanguage":"de"}]}},"_links":{"self":[{"href":"https:\/\/amrtop.net\/de\/wp-json\/wp\/v2\/product\/3639","targetHints":{"allow":["GET"]}}],"collection":[{"href":"https:\/\/amrtop.net\/de\/wp-json\/wp\/v2\/product"}],"about":[{"href":"https:\/\/amrtop.net\/de\/wp-json\/wp\/v2\/types\/product"}],"replies":[{"embeddable":true,"href":"https:\/\/amrtop.net\/de\/wp-json\/wp\/v2\/comments?post=3639"}],"wp:featuredmedia":[{"embeddable":true,"href":"https:\/\/amrtop.net\/de\/wp-json\/wp\/v2\/media\/34766"}],"wp:attachment":[{"href":"https:\/\/amrtop.net\/de\/wp-json\/wp\/v2\/media?parent=3639"}],"wp:term":[{"taxonomy":"product_brand","embeddable":true,"href":"https:\/\/amrtop.net\/de\/wp-json\/wp\/v2\/product_brand?post=3639"},{"taxonomy":"product_cat","embeddable":true,"href":"https:\/\/amrtop.net\/de\/wp-json\/wp\/v2\/product_cat?post=3639"},{"taxonomy":"product_tag","embeddable":true,"href":"https:\/\/amrtop.net\/de\/wp-json\/wp\/v2\/product_tag?post=3639"}],"curies":[{"name":"wp","href":"https:\/\/api.w.org\/{rel}","templated":true}]}}