{"id":3641,"date":"2020-10-01T00:00:00","date_gmt":"2020-10-01T00:00:00","guid":{"rendered":"https:\/\/amrtop.com\/B2B\/?post_type=product&#038;p=3641"},"modified":"2024-05-27T13:47:37","modified_gmt":"2024-05-27T13:47:37","slug":"motoreducteur-mellor-5-rpm-code-kb1008-arbre-o-creux-85-mm-toles-feuilletees-20-mm","status":"publish","type":"product","link":"https:\/\/amrtop.net\/de\/produit\/motoreducteur-mellor-5-rpm-code-kb1008-arbre-o-creux-85-mm-toles-feuilletees-20-mm\/","title":{"rendered":"Getriebemotor Mellor 5 rpm Code KB1008 - Welle \u00f8 hohl 8,5 mm - Laminierte Bleche 32 mm"},"content":{"rendered":"<hr \/>\n<div class=\"avia-builder-widget-area clearfix\">\n<div id=\"pektsekye_productcategorydropdowns_selector-2\" class=\"widget clearfix widget_pektsekye_productcategorydropdowns_selector\">\n<div class=\"widget-text wp_widget_plugin_box\">\n<div id=\"pcd_pektsekye_productcategorydropdowns_selector-2\" class=\"pcd-selector-box\">\n<div class=\"block-content\">\n<h3>Mellor Getriebemotor 5 rpm Hohlwelle KB1008<\/h3>\n<p>Der von Amrtop angebotene Mellor-Getriebemotor, der mit einem AC-Motor mit abgeschirmten Polen der Serie T14 erh\u00e4ltlich ist, wird von einem f\u00fchrenden Unternehmen mit \u00fcber 35 Jahren Erfahrung in diesem Bereich hergestellt.<\/p>\n<p>Sie entwerfen und importieren Motoren und Getriebemotoren f\u00fcr die Realisierung verschiedener Anwendungen mit besonderer Kompetenz in b\u00fcrstenlosen AC- und DC-Technologien mit Induktion und abgeschirmten Polen.<\/p>\n<p>Verschiedene Untersetzungsverh\u00e4ltnisse verf\u00fcgbar.<\/p>\n<p>Synchrone Getriebemotoren sind mit einem 220vac-Motor, Gr\u00f6\u00dfe 64mm und 18W erh\u00e4ltlich.<\/p>\n<h3><strong>Hauptmerkmale der Mellor-Getriebemotoren :<\/strong><\/h3>\n<ul>\n<li>Nenndrehmoment: von 2,5 bis 35nm, abh\u00e4ngig vom \u00dcbersetzungsverh\u00e4ltnis<\/li>\n<li>Verf\u00fcgbare Geschwindigkeit: 0,3 bis 11rpm<\/li>\n<li>Typische Anwendungen: alle, die bidirektionale Rotationen mit einer niedrigen, pr\u00e4zisen Geschwindigkeit, einem hohen Drehmoment und einer sehr hohen Laufruhe erfordern.<\/li>\n<li>Entwickelt f\u00fcr Anwendungen in Pellet\u00f6fen, Boilern und Kaminen<\/li>\n<\/ul>\n<h3><strong>Verwendung von<\/strong>otoriduttore Mellor 5 rpm albero cavo kb1008<\/h3>\n<p>I Motoriduttori Mellor 5 rpm Codice KB1008 - Albero \u00f8 cavo 8,5 mm - Pacco lamellare 32 mm proposti da\u00a0<strong>Amrtop<\/strong>\u00a0Sie sind in Pelletger\u00e4ten eingebaut und haben die Aufgabe, die Schnecke im Pelletbeh\u00e4lter zu drehen und das Pellet in den Tiegel zu bef\u00f6rdern, wo es verbrannt wird, oder die immer h\u00e4ufiger verwendeten Systeme zur automatischen Reinigung der Glut, die in vielen Biomasse\u00f6fen und -kesseln vorhanden sind.<\/p>\n<p>An der Spitze der Cochlea angekommen, f\u00e4llt das Pellet auf nat\u00fcrliche Weise in das Innere einer Rutsche, die es in das Innere des Brenners bef\u00f6rdert.<\/p>\n<p><strong>In typischen Ger\u00e4ten vorhanden<\/strong>\u00a0Pelletofen - Pelletkessel - Pelletbrenner - Pellets BBQ\/grill Biomassekessel - Biomassebrenner - Und viele andere Brenner<\/p>\n<h3><strong>Innen<\/strong><\/h3>\n<p><a href=\"https:\/\/wekos.it\/\">\u00d6fen, Herde und Holzherde<\/a>\u00a0-\u00a0<a href=\"https:\/\/www.greenpuros.com\/\">Kamine, \u00d6fen und Pelletkessel.<\/a><\/p>\n<h3><strong>Amrtop Ersatzteile und Zubeh\u00f6r Sortiment<\/strong><\/h3>\n<p>&nbsp;<\/p>\n<p><a href=\"https:\/\/amrtop.net\/de\/produktkategorie\/ersatzteile-diverse-ofen-und-kocher-2\/bougies-dallumage-pour-poeles-et-chaudieres-a-pellets\/\">Gl\u00fchkerzen<\/a><\/p>\n<p><a href=\"https:\/\/amrtop.net\/de\/produktkategorie\/ersatzteile-diverse-ofen-und-kocher-2\/electronique\/\">Elektronik<\/a><\/p>\n<p><a href=\"https:\/\/amrtop.net\/de\/produktkategorie\/ersatzteile-diverse-ofen-und-kocher-2\/extracteurs-de-fumee\/\">Rauchabzug<\/a><\/p>\n<p><a href=\"https:\/\/amrtop.net\/de\/produktkategorie\/ersatzteile-diverse-ofen-und-kocher-2\/gaines-cable-connecteurs\/\">Kabelh\u00fcllen Verbinder<\/a><\/p>\n<p><a href=\"https:\/\/amrtop.net\/de\/produktkategorie\/ersatzteile-diverse-ofen-und-kocher-2\/joints-de-silicone\/\">Silikondichtungen<\/a><\/p>\n<p><a href=\"https:\/\/amrtop.net\/de\/produktkategorie\/ersatzteile-diverse-ofen-und-kocher-2\/motoreducteurs\/\">Getriebemotoren<\/a><\/p>\n<p><a href=\"https:\/\/amrtop.net\/de\/produktkategorie\/ersatzteile-diverse-ofen-und-kocher-2\/pressostats-et-transducteurs\/\">Druckschalter und Wandler<\/a><\/p>\n<p><a href=\"https:\/\/amrtop.net\/de\/produktkategorie\/ersatzteile-diverse-ofen-und-kocher-2\/sondes-thermostats-manometres-thermometres\/\">Sonden Thermostate Manometer Thermometer<\/a><\/p>\n<p><a href=\"https:\/\/amrtop.net\/de\/produktkategorie\/ersatzteile-diverse-ofen-und-kocher-2\/joints-detancheite\/\">Dichtgeflechte<\/a><\/p>\n<p><a href=\"https:\/\/amrtop.net\/de\/produktkategorie\/ersatzteile-diverse-ofen-und-kocher-2\/ventilateurs-centrifuges-pour-poeles-a-pellets\/\">Zentrifugalventilatoren<\/a><\/p>\n<p><a href=\"https:\/\/amrtop.net\/de\/produktkategorie\/ersatzteile-diverse-ofen-und-kocher-2\/ventilateurs-tangentiels-flux-transversal\/\">Tangentiale Ventilatoren<\/a><\/p>\n<p><a href=\"https:\/\/amrtop.net\/de\/produktkategorie\/ersatzteile-diverse-ofen-und-kocher-2\/adhesifs-et-produits-detancheite\/\">Klebstoffe und Kitt<\/a><\/p>\n<p><a href=\"https:\/\/amrtop.com\/B2B\/categoria-prodotto\/ricambi-vari-stufe-e-caldaie\/candelette\/\"><strong>\u00a0<\/strong><\/a><\/p>\n<hr \/>\n<div class=\"avia-builder-widget-area clearfix\">\n<div id=\"pektsekye_productcategorydropdowns_selector-2\" class=\"widget clearfix widget_pektsekye_productcategorydropdowns_selector\">\n<div class=\"widget-text wp_widget_plugin_box\">\n<div id=\"pcd_pektsekye_productcategorydropdowns_selector-2\" class=\"pcd-selector-box\">\n<div class=\"block-content\"><\/div>\n<\/div>\n<\/div>\n<\/div>\n<\/div>\n<\/div>\n<\/div>\n<\/div>\n<\/div>\n<\/div>","protected":false},"excerpt":{"rendered":"<hr \/>\n<h2><span style=\"color: #008000\">Verf\u00fcgbar<\/span><\/h2>\n<hr \/>\n<h3>Mellor-Getriebemotor 5 rpm<\/h3>\n<p>Code KB1008<\/p>\n<p>Arbre \u00f8 creux : 8,5 mm<br \/>\nGeschwindigkeit: 5 rpm<br \/>\nVerbundbleche: 32 mm<br \/>\nAbflachung : Doppelte<br \/>\nDrehrichtung: im Uhrzeigersinn<br \/>\nCouple de serrage : 16 Nm<\/p>\n<h3>Kompatibilit\u00e4t<\/h3>\n<hr \/>\n<h3>Austauschbar mit den folgenden Modellen von Schneckengetriebemotoren Pelletladung :<\/h3>\n<p>Kenta: K9117169, K9117153, K9117155, K9117157, K9117163, K9117164<\/p>\n<h3>Schneckengetriebemotor installiert und kompatibel mit den folgenden Marken und Modellen von Pellet\u00f6fen:<\/h3>\n<p>Ambiente calore,Bestfire,Cadel,Cs thermos,Deville,Edilkamin,Eurofiamma,Eurostek,Fair,Freepoint,Italflame,Italiana camini<br \/>\nIsoKalor,Karmek one,King fire,Mecateck,Mg,Puros,Qlima,Tecnoflam,Tmc,Zibro<\/p>","protected":false},"featured_media":34757,"comment_status":"open","ping_status":"closed","template":"","meta":[],"product_brand":[],"product_cat":[861,862,865],"product_tag":[25,173,56,30,61,139,174,175,64,176,177,71,74,178,179,180,87,40,181,132,48],"class_list":{"0":"post-3641","1":"product","2":"type-product","3":"status-publish","4":"has-post-thumbnail","6":"product_cat-motoreducteurs","7":"product_cat-motoreducteurs-mellor","8":"product_cat-motoriduttori-mellor-albero-cavo","9":"product_tag-ambiente-calore","10":"product_tag-bestfire","11":"product_tag-cadel","12":"product_tag-cs-thermos","13":"product_tag-edilkamin","14":"product_tag-eurofiamma","15":"product_tag-eurostek","16":"product_tag-fair","17":"product_tag-freepoint","18":"product_tag-isokalor","19":"product_tag-italflame","20":"product_tag-italiana-camini","21":"product_tag-karmek-one","22":"product_tag-king-fire","23":"product_tag-mecateck","24":"product_tag-mg","25":"product_tag-puros","26":"product_tag-qlima","27":"product_tag-tecnoflam","28":"product_tag-tmc","29":"product_tag-zibro","30":"product_shipping_class-classe-di-spedizione-02","32":"first","33":"instock","34":"shipping-taxable","35":"purchasable","36":"product-type-simple"},"yoast_head":"<!-- This site is optimized with the Yoast SEO plugin v27.5 - https:\/\/yoast.com\/product\/yoast-seo-wordpress\/ -->\n<title>Motor\u00e9ducteur Mellor 5 rpm arbre creux KB1008<\/title>\n<meta name=\"description\" content=\"Motor\u00e9ducteur Mellor 5 rpm arbre creux KB1008-Motor\u00e9ducteur Mellor arbre creux-Motor\u00e9ducteur Mellor pour coclea po\u00eale \u00e0 granul\u00e9s arbre creux-Moteur Mellor\" \/>\n<meta name=\"robots\" content=\"index, follow, max-snippet:-1, max-image-preview:large, max-video-preview:-1\" \/>\n<link rel=\"canonical\" href=\"https:\/\/amrtop.net\/de\/produkt\/motoreducteur-mellor-5-rpm-code-kb1008-arbre-o-creux-85-mm-toles-feuilletees-20-mm\/\" \/>\n<meta property=\"og:locale\" content=\"de_DE\" \/>\n<meta property=\"og:type\" content=\"article\" \/>\n<meta property=\"og:title\" content=\"Motor\u00e9ducteur Mellor 5 rpm arbre creux KB1008\" \/>\n<meta property=\"og:description\" content=\"Motor\u00e9ducteur Mellor 5 rpm arbre creux KB1008-Motor\u00e9ducteur Mellor arbre creux-Motor\u00e9ducteur Mellor pour coclea po\u00eale \u00e0 granul\u00e9s arbre creux-Moteur Mellor\" \/>\n<meta property=\"og:url\" content=\"https:\/\/amrtop.net\/de\/produkt\/motoreducteur-mellor-5-rpm-code-kb1008-arbre-o-creux-85-mm-toles-feuilletees-20-mm\/\" \/>\n<meta property=\"og:site_name\" content=\"AMRTOP B2B \u00c9tranger - Achats r\u00e9serv\u00e9s au professionnel\" \/>\n<meta property=\"article:modified_time\" content=\"2024-05-27T13:47:37+00:00\" \/>\n<meta property=\"og:image\" content=\"https:\/\/amrtop.net\/wp-content\/uploads\/2022\/07\/kb1008.jpg\" \/>\n\t<meta property=\"og:image:width\" content=\"960\" \/>\n\t<meta property=\"og:image:height\" content=\"960\" \/>\n\t<meta property=\"og:image:type\" content=\"image\/jpeg\" \/>\n<meta name=\"twitter:card\" content=\"summary_large_image\" \/>\n<meta name=\"twitter:label1\" content=\"Gesch\u00e4tzte Lesezeit\" \/>\n\t<meta name=\"twitter:data1\" content=\"1\u00a0Minute\" \/>\n<script type=\"application\/ld+json\" class=\"yoast-schema-graph\">{\"@context\":\"https:\\\/\\\/schema.org\",\"@graph\":[{\"@type\":\"WebPage\",\"@id\":\"https:\\\/\\\/amrtop.net\\\/produit\\\/motoreducteur-mellor-5-rpm-code-kb1008-arbre-o-creux-85-mm-toles-feuilletees-20-mm\\\/\",\"url\":\"https:\\\/\\\/amrtop.net\\\/produit\\\/motoreducteur-mellor-5-rpm-code-kb1008-arbre-o-creux-85-mm-toles-feuilletees-20-mm\\\/\",\"name\":\"Motor\u00e9ducteur Mellor 5 rpm arbre creux KB1008\",\"isPartOf\":{\"@id\":\"https:\\\/\\\/amrtop.net\\\/#website\"},\"primaryImageOfPage\":{\"@id\":\"https:\\\/\\\/amrtop.net\\\/produit\\\/motoreducteur-mellor-5-rpm-code-kb1008-arbre-o-creux-85-mm-toles-feuilletees-20-mm\\\/#primaryimage\"},\"image\":{\"@id\":\"https:\\\/\\\/amrtop.net\\\/produit\\\/motoreducteur-mellor-5-rpm-code-kb1008-arbre-o-creux-85-mm-toles-feuilletees-20-mm\\\/#primaryimage\"},\"thumbnailUrl\":\"https:\\\/\\\/amrtop.net\\\/wp-content\\\/uploads\\\/2022\\\/07\\\/kb1008.jpg\",\"datePublished\":\"2020-10-01T00:00:00+00:00\",\"dateModified\":\"2024-05-27T13:47:37+00:00\",\"description\":\"Motor\u00e9ducteur Mellor 5 rpm arbre creux KB1008-Motor\u00e9ducteur Mellor arbre creux-Motor\u00e9ducteur Mellor pour coclea po\u00eale \u00e0 granul\u00e9s arbre creux-Moteur Mellor\",\"breadcrumb\":{\"@id\":\"https:\\\/\\\/amrtop.net\\\/produit\\\/motoreducteur-mellor-5-rpm-code-kb1008-arbre-o-creux-85-mm-toles-feuilletees-20-mm\\\/#breadcrumb\"},\"inLanguage\":\"de\",\"potentialAction\":[{\"@type\":\"ReadAction\",\"target\":[\"https:\\\/\\\/amrtop.net\\\/produit\\\/motoreducteur-mellor-5-rpm-code-kb1008-arbre-o-creux-85-mm-toles-feuilletees-20-mm\\\/\"]}]},{\"@type\":\"ImageObject\",\"inLanguage\":\"de\",\"@id\":\"https:\\\/\\\/amrtop.net\\\/produit\\\/motoreducteur-mellor-5-rpm-code-kb1008-arbre-o-creux-85-mm-toles-feuilletees-20-mm\\\/#primaryimage\",\"url\":\"https:\\\/\\\/amrtop.net\\\/wp-content\\\/uploads\\\/2022\\\/07\\\/kb1008.jpg\",\"contentUrl\":\"https:\\\/\\\/amrtop.net\\\/wp-content\\\/uploads\\\/2022\\\/07\\\/kb1008.jpg\",\"width\":960,\"height\":960,\"caption\":\"Motor\u00e9ducteur Mellor 5 rpm arbre creux KB1008-Motor\u00e9ducteur Mellor arbre creux-Motor\u00e9ducteur Mellor pour coclea po\u00eale \u00e0 granul\u00e9s arbre creux-Moteur Mellor\"},{\"@type\":\"BreadcrumbList\",\"@id\":\"https:\\\/\\\/amrtop.net\\\/produit\\\/motoreducteur-mellor-5-rpm-code-kb1008-arbre-o-creux-85-mm-toles-feuilletees-20-mm\\\/#breadcrumb\",\"itemListElement\":[{\"@type\":\"ListItem\",\"position\":1,\"name\":\"Home\",\"item\":\"https:\\\/\\\/amrtop.net\\\/\"},{\"@type\":\"ListItem\",\"position\":2,\"name\":\"Shop\",\"item\":\"https:\\\/\\\/amrtop.net\\\/negozio\\\/\"},{\"@type\":\"ListItem\",\"position\":3,\"name\":\"Motor\u00e9ducteur Mellor 5 rpm Code KB1008 \u2013 Arbre \u00f8 creux 8,5 mm \u2013 T\u00f4les feuillet\u00e9es 32 mm\"}]},{\"@type\":\"WebSite\",\"@id\":\"https:\\\/\\\/amrtop.net\\\/#website\",\"url\":\"https:\\\/\\\/amrtop.net\\\/\",\"name\":\"AMRTOP B2B \u00c9tranger - Achats r\u00e9serv\u00e9s au professionnel\",\"description\":\"Pi\u00e8ces de rechange et accessoires pour po\u00eales et chaudi\u00e8res - eCommerce B2B pour Clients Professionnels\",\"potentialAction\":[{\"@type\":\"SearchAction\",\"target\":{\"@type\":\"EntryPoint\",\"urlTemplate\":\"https:\\\/\\\/amrtop.net\\\/?s={search_term_string}\"},\"query-input\":{\"@type\":\"PropertyValueSpecification\",\"valueRequired\":true,\"valueName\":\"search_term_string\"}}],\"inLanguage\":\"de\"}]}<\/script>\n<!-- \/ Yoast SEO plugin. -->","yoast_head_json":{"title":"Mellor Getriebemotor 5 rpm Hohlwelle KB1008","description":"Mellor Getriebemotor 5 rpm Hohlwelle KB1008-Mellor Getriebemotor Hohlwelle-Mellor Getriebemotor f\u00fcr coclea Pelletofen Hohlwelle-Mellor Motor","robots":{"index":"index","follow":"follow","max-snippet":"max-snippet:-1","max-image-preview":"max-image-preview:large","max-video-preview":"max-video-preview:-1"},"canonical":"https:\/\/amrtop.net\/de\/produkt\/motoreducteur-mellor-5-rpm-code-kb1008-arbre-o-creux-85-mm-toles-feuilletees-20-mm\/","og_locale":"de_DE","og_type":"article","og_title":"Motor\u00e9ducteur Mellor 5 rpm arbre creux KB1008","og_description":"Motor\u00e9ducteur Mellor 5 rpm arbre creux KB1008-Motor\u00e9ducteur Mellor arbre creux-Motor\u00e9ducteur Mellor pour coclea po\u00eale \u00e0 granul\u00e9s arbre creux-Moteur Mellor","og_url":"https:\/\/amrtop.net\/de\/produkt\/motoreducteur-mellor-5-rpm-code-kb1008-arbre-o-creux-85-mm-toles-feuilletees-20-mm\/","og_site_name":"AMRTOP B2B \u00c9tranger - Achats r\u00e9serv\u00e9s au professionnel","article_modified_time":"2024-05-27T13:47:37+00:00","og_image":[{"width":960,"height":960,"url":"https:\/\/amrtop.net\/wp-content\/uploads\/2022\/07\/kb1008.jpg","type":"image\/jpeg"}],"twitter_card":"summary_large_image","twitter_misc":{"Gesch\u00e4tzte Lesezeit":"1\u00a0Minute"},"schema":{"@context":"https:\/\/schema.org","@graph":[{"@type":"WebPage","@id":"https:\/\/amrtop.net\/produit\/motoreducteur-mellor-5-rpm-code-kb1008-arbre-o-creux-85-mm-toles-feuilletees-20-mm\/","url":"https:\/\/amrtop.net\/produit\/motoreducteur-mellor-5-rpm-code-kb1008-arbre-o-creux-85-mm-toles-feuilletees-20-mm\/","name":"Mellor Getriebemotor 5 rpm Hohlwelle KB1008","isPartOf":{"@id":"https:\/\/amrtop.net\/#website"},"primaryImageOfPage":{"@id":"https:\/\/amrtop.net\/produit\/motoreducteur-mellor-5-rpm-code-kb1008-arbre-o-creux-85-mm-toles-feuilletees-20-mm\/#primaryimage"},"image":{"@id":"https:\/\/amrtop.net\/produit\/motoreducteur-mellor-5-rpm-code-kb1008-arbre-o-creux-85-mm-toles-feuilletees-20-mm\/#primaryimage"},"thumbnailUrl":"https:\/\/amrtop.net\/wp-content\/uploads\/2022\/07\/kb1008.jpg","datePublished":"2020-10-01T00:00:00+00:00","dateModified":"2024-05-27T13:47:37+00:00","description":"Mellor Getriebemotor 5 rpm Hohlwelle KB1008-Mellor Getriebemotor Hohlwelle-Mellor Getriebemotor f\u00fcr coclea Pelletofen Hohlwelle-Mellor Motor","breadcrumb":{"@id":"https:\/\/amrtop.net\/produit\/motoreducteur-mellor-5-rpm-code-kb1008-arbre-o-creux-85-mm-toles-feuilletees-20-mm\/#breadcrumb"},"inLanguage":"de","potentialAction":[{"@type":"ReadAction","target":["https:\/\/amrtop.net\/produit\/motoreducteur-mellor-5-rpm-code-kb1008-arbre-o-creux-85-mm-toles-feuilletees-20-mm\/"]}]},{"@type":"ImageObject","inLanguage":"de","@id":"https:\/\/amrtop.net\/produit\/motoreducteur-mellor-5-rpm-code-kb1008-arbre-o-creux-85-mm-toles-feuilletees-20-mm\/#primaryimage","url":"https:\/\/amrtop.net\/wp-content\/uploads\/2022\/07\/kb1008.jpg","contentUrl":"https:\/\/amrtop.net\/wp-content\/uploads\/2022\/07\/kb1008.jpg","width":960,"height":960,"caption":"Motor\u00e9ducteur Mellor 5 rpm arbre creux KB1008-Motor\u00e9ducteur Mellor arbre creux-Motor\u00e9ducteur Mellor pour coclea po\u00eale \u00e0 granul\u00e9s arbre creux-Moteur Mellor"},{"@type":"BreadcrumbList","@id":"https:\/\/amrtop.net\/produit\/motoreducteur-mellor-5-rpm-code-kb1008-arbre-o-creux-85-mm-toles-feuilletees-20-mm\/#breadcrumb","itemListElement":[{"@type":"ListItem","position":1,"name":"Home","item":"https:\/\/amrtop.net\/"},{"@type":"ListItem","position":2,"name":"Shop","item":"https:\/\/amrtop.net\/negozio\/"},{"@type":"ListItem","position":3,"name":"Motor\u00e9ducteur Mellor 5 rpm Code KB1008 \u2013 Arbre \u00f8 creux 8,5 mm \u2013 T\u00f4les feuillet\u00e9es 32 mm"}]},{"@type":"WebSite","@id":"https:\/\/amrtop.net\/#website","url":"https:\/\/amrtop.net\/","name":"AMRTOP B2B Ausland - Einkaufen nur f\u00fcr Fachleute","description":"Ersatzteile und Zubeh\u00f6r f\u00fcr \u00d6fen und Heizkessel - B2B eCommerce f\u00fcr Gesch\u00e4ftskunden","potentialAction":[{"@type":"SearchAction","target":{"@type":"EntryPoint","urlTemplate":"https:\/\/amrtop.net\/?s={search_term_string}"},"query-input":{"@type":"PropertyValueSpecification","valueRequired":true,"valueName":"search_term_string"}}],"inLanguage":"de"}]}},"_links":{"self":[{"href":"https:\/\/amrtop.net\/de\/wp-json\/wp\/v2\/product\/3641","targetHints":{"allow":["GET"]}}],"collection":[{"href":"https:\/\/amrtop.net\/de\/wp-json\/wp\/v2\/product"}],"about":[{"href":"https:\/\/amrtop.net\/de\/wp-json\/wp\/v2\/types\/product"}],"replies":[{"embeddable":true,"href":"https:\/\/amrtop.net\/de\/wp-json\/wp\/v2\/comments?post=3641"}],"wp:featuredmedia":[{"embeddable":true,"href":"https:\/\/amrtop.net\/de\/wp-json\/wp\/v2\/media\/34757"}],"wp:attachment":[{"href":"https:\/\/amrtop.net\/de\/wp-json\/wp\/v2\/media?parent=3641"}],"wp:term":[{"taxonomy":"product_brand","embeddable":true,"href":"https:\/\/amrtop.net\/de\/wp-json\/wp\/v2\/product_brand?post=3641"},{"taxonomy":"product_cat","embeddable":true,"href":"https:\/\/amrtop.net\/de\/wp-json\/wp\/v2\/product_cat?post=3641"},{"taxonomy":"product_tag","embeddable":true,"href":"https:\/\/amrtop.net\/de\/wp-json\/wp\/v2\/product_tag?post=3641"}],"curies":[{"name":"wp","href":"https:\/\/api.w.org\/{rel}","templated":true}]}}