{"id":36623,"date":"2023-01-05T08:55:35","date_gmt":"2023-01-05T08:55:35","guid":{"rendered":"https:\/\/amrtop.com\/B2B\/?post_type=product&#038;p=36623"},"modified":"2023-06-07T11:53:20","modified_gmt":"2023-06-07T11:53:20","slug":"thermostat-caem-avec-ampoule-cuivre-pour-poeles-palazzetti","status":"publish","type":"product","link":"https:\/\/amrtop.net\/de\/produit\/thermostat-caem-avec-ampoule-cuivre-pour-poeles-palazzetti\/","title":{"rendered":"Caem Thermostat mit Zwiebel mit manueller R\u00fcckstellung 88\u1ed9 Caem f\u00fcr Palazzetti \u00d6fen Code LP4377C"},"content":{"rendered":"<h3>Caem-Thermostat mit kupferfarbener Gl\u00fchbirne f\u00fcr Palazzetti-Heiz\u00f6fen<\/h3>\n<p>Amrtop vermarktet diese Komponenten bei einem Unternehmen, das \u00fcber 100 Jahre Erfahrung im Bereich der Temperaturregelung verf\u00fcgt.<\/p>\n<p>Eine lange Tradition, die bis in die sp\u00e4ten 1960er Jahre (1966) zur\u00fcckreicht, als CAEM bereits auf die Entwicklung von Temperatursensoren f\u00fcr Kugel- und Kapillarthermostate (Diastate) f\u00fcr gasbetriebene Kochherde spezialisiert war.<\/p>\n<p>Und die sich seit 1970 in den Werken in Almese (Provinz Turin) mit elektrischen Thermostaten entwickelt hat, durch st\u00e4ndige Innovation und technologische Forschung, die immer mit der Sicherheit von analogen Ger\u00e4ten verbunden ist.<\/p>\n<p>Die St\u00e4rke einer Komponente, die alle Facetten annimmt, die notwendig sind, um einen komplexen Markt zu befriedigen, Versionen von Thermostaten mit Kolben und Kapillaren aus Kupfer, Edelstahl, isoliert, Stopfbuchsen.<\/p>\n<h3>Verwendung des Caem-Thermostats mit Kupferbirne f\u00fcr Palazzetti-\u00d6fen<\/h3>\n<p>Wie funktioniert der Thermostat mit Kupferbirne?<\/p>\n<p>Der R\u00fcckstellthermostat ist eine mechanische Sicherung, die die Funktion eines Schalters hat. Er liest die Temperatur des Kessels durch die Gl\u00fchbirne, die normalerweise in den speziellen Schacht eingesetzt wird.<\/p>\n<p>Vorhanden in typischen Ger\u00e4ten - Pelletofen - Pelletkessel - Pelletbrenner - Pellets BBQ\/Grill Biomassekessel - Biomassebrenner - Und viele andere Brenner<\/p>\n<h3>Innen<\/h3>\n<p><a href=\"https:\/\/wekos.it\/\">\u00d6fen, Herde und Holzherde<\/a>\u00a0-\u00a0<a href=\"https:\/\/www.greenpuros.com\/\">Kamine, \u00d6fen und Pelletkessel.<\/a><\/p>\n<h3>Amrtop Ersatzteile und Zubeh\u00f6r Sortiment<\/h3>\n<p><a href=\"https:\/\/amrtop.net\/de\/produktkategorie\/ersatzteile-diverse-ofen-und-kocher-2\/bougies-dallumage-pour-poeles-et-chaudieres-a-pellets\/\">Gl\u00fchkerzen<\/a><\/p>\n<p><a href=\"https:\/\/amrtop.net\/de\/produktkategorie\/ersatzteile-diverse-ofen-und-kocher-2\/electronique\/\">Elektronik<\/a><\/p>\n<p><a href=\"https:\/\/amrtop.net\/de\/produktkategorie\/ersatzteile-diverse-ofen-und-kocher-2\/extracteurs-de-fumee\/\">Rauchabzug<\/a><\/p>\n<p><a href=\"https:\/\/amrtop.net\/de\/produktkategorie\/ersatzteile-diverse-ofen-und-kocher-2\/gaines-cable-connecteurs\/\">Kabelh\u00fcllen Verbinder<\/a><\/p>\n<p><a href=\"https:\/\/amrtop.net\/de\/produktkategorie\/ersatzteile-diverse-ofen-und-kocher-2\/joints-de-silicone\/\">Silikondichtungen<\/a><\/p>\n<p><a href=\"https:\/\/amrtop.net\/de\/produktkategorie\/ersatzteile-diverse-ofen-und-kocher-2\/motoreducteurs\/\">Getriebemotoren<\/a><\/p>\n<p><a href=\"https:\/\/amrtop.net\/de\/produktkategorie\/ersatzteile-diverse-ofen-und-kocher-2\/pressostats-et-transducteurs\/\">Druckschalter und Wandler<\/a><\/p>\n<p><a href=\"https:\/\/amrtop.net\/de\/produktkategorie\/ersatzteile-diverse-ofen-und-kocher-2\/sondes-thermostats-manometres-thermometres\/\">Sonden Thermostate Manometer Thermometer<\/a><\/p>\n<p><a href=\"https:\/\/amrtop.net\/de\/produktkategorie\/ersatzteile-diverse-ofen-und-kocher-2\/joints-detancheite\/\">Dichtgeflechte<\/a><\/p>\n<p><a href=\"https:\/\/amrtop.net\/de\/produktkategorie\/ersatzteile-diverse-ofen-und-kocher-2\/ventilateurs-centrifuges-pour-poeles-a-pellets\/\">Zentrifugalventilatoren<\/a><\/p>\n<p><a href=\"https:\/\/amrtop.net\/de\/produktkategorie\/ersatzteile-diverse-ofen-und-kocher-2\/ventilateurs-tangentiels-flux-transversal\/\">Tangentiale Ventilatoren<\/a><\/p>\n<p><a href=\"https:\/\/amrtop.net\/de\/produktkategorie\/ersatzteile-diverse-ofen-und-kocher-2\/adhesifs-et-produits-detancheite\/\">Klebstoffe und Kitt<\/a><\/p>\n<p>&nbsp;<\/p>\n<p>&nbsp;<\/p>\n<p>&nbsp;<\/p>\n<p>&nbsp;<\/p>\n<p>&nbsp;<\/p>\n<p>&nbsp;<\/p>","protected":false},"excerpt":{"rendered":"<hr \/>\n<h2><span style=\"color: #008000\">Verf\u00fcgbar<\/span><\/h2>\n<hr \/>\n<p>Code LP4377C<\/p>\n<p>Sicherheitsthermostat Caem<\/p>\n<p>R\u00e9armement\u00a0: Manuel<br \/>\nTemp\u00e9rature\u00a0: Fix 88\u00b0C<br \/>\nCapillaire\u00a0: recouvert de PVC blanc L.1500 mm<br \/>\nAmpoule\u00a0: cuivre diam\u00e8tre 6 X 80 mm<br \/>\nENEC: 16 (5) A \u2013 250 Volt<br \/>\nCSA: 16A -250V<\/p>","protected":false},"featured_media":36608,"comment_status":"open","ping_status":"closed","template":"","meta":[],"product_brand":[],"product_cat":[1339,1342],"product_tag":[],"class_list":{"0":"post-36623","1":"product","2":"type-product","3":"status-publish","4":"has-post-thumbnail","6":"product_cat-sondes-thermostats-manometres-thermometres-pour-poeles-et-chaudieres","7":"product_cat-thermostats-et-manometres-pour-poeles-et-chaudieres-a-pellets","8":"product_shipping_class-classe-di-spedizione-01","10":"first","11":"instock","12":"shipping-taxable","13":"purchasable","14":"product-type-simple"},"yoast_head":"<!-- This site is optimized with the Yoast SEO plugin v27.4 - https:\/\/yoast.com\/product\/yoast-seo-wordpress\/ -->\n<title>Thermostat Caem avec ampoule cuivre pour po\u00eales Palazzetti<\/title>\n<meta name=\"description\" content=\"Thermostat Caem avec ampoule cuivre pour po\u00eales Palazzetti - Thermostat et manom\u00e8tre pour po\u00eale et chaudi\u00e8re \u00e0 pellets - D\u00e9tecteur de pression avec r\u00e9armement manuel ou automatique pour po\u00eale et chaudi\u00e8re \u00e0 pellets - Thermostat \u00e0 r\u00e9armement manuel ou automatique pour po\u00eale et chaudi\u00e8re \u00e0 pellets - Relais avec r\u00e9armement manuel ou automatique pour po\u00eale et chaudi\u00e8re \u00e0 pellets - R\u00e9gulateur de temp\u00e9rature avec r\u00e9armement manuel ou automatique pour po\u00eale et chaudi\u00e8res \u00e0 pellets -\" \/>\n<meta name=\"robots\" content=\"index, follow, max-snippet:-1, max-image-preview:large, max-video-preview:-1\" \/>\n<link rel=\"canonical\" href=\"https:\/\/amrtop.net\/de\/produkt\/thermostat-caem-avec-ampoule-cuivre-pour-poeles-palazzetti\/\" \/>\n<meta property=\"og:locale\" content=\"de_DE\" \/>\n<meta property=\"og:type\" content=\"article\" \/>\n<meta property=\"og:title\" content=\"Thermostat Caem avec ampoule cuivre pour po\u00eales Palazzetti\" \/>\n<meta property=\"og:description\" content=\"Thermostat Caem avec ampoule cuivre pour po\u00eales Palazzetti - Thermostat et manom\u00e8tre pour po\u00eale et chaudi\u00e8re \u00e0 pellets - D\u00e9tecteur de pression avec r\u00e9armement manuel ou automatique pour po\u00eale et chaudi\u00e8re \u00e0 pellets - Thermostat \u00e0 r\u00e9armement manuel ou automatique pour po\u00eale et chaudi\u00e8re \u00e0 pellets - Relais avec r\u00e9armement manuel ou automatique pour po\u00eale et chaudi\u00e8re \u00e0 pellets - R\u00e9gulateur de temp\u00e9rature avec r\u00e9armement manuel ou automatique pour po\u00eale et chaudi\u00e8res \u00e0 pellets -\" \/>\n<meta property=\"og:url\" content=\"https:\/\/amrtop.net\/de\/produkt\/thermostat-caem-avec-ampoule-cuivre-pour-poeles-palazzetti\/\" \/>\n<meta property=\"og:site_name\" content=\"AMRTOP B2B \u00c9tranger - Achats r\u00e9serv\u00e9s au professionnel\" \/>\n<meta property=\"article:modified_time\" content=\"2023-06-07T11:53:20+00:00\" \/>\n<meta property=\"og:image\" content=\"https:\/\/amrtop.net\/wp-content\/uploads\/2023\/01\/LP4377C.jpg\" \/>\n\t<meta property=\"og:image:width\" content=\"960\" \/>\n\t<meta property=\"og:image:height\" content=\"960\" \/>\n\t<meta property=\"og:image:type\" content=\"image\/jpeg\" \/>\n<meta name=\"twitter:card\" content=\"summary_large_image\" \/>\n<meta name=\"twitter:label1\" content=\"Gesch\u00e4tzte Lesezeit\" \/>\n\t<meta name=\"twitter:data1\" content=\"2\u00a0Minuten\" \/>\n<script type=\"application\/ld+json\" class=\"yoast-schema-graph\">{\"@context\":\"https:\\\/\\\/schema.org\",\"@graph\":[{\"@type\":\"WebPage\",\"@id\":\"https:\\\/\\\/amrtop.net\\\/produit\\\/thermostat-caem-avec-ampoule-cuivre-pour-poeles-palazzetti\\\/\",\"url\":\"https:\\\/\\\/amrtop.net\\\/produit\\\/thermostat-caem-avec-ampoule-cuivre-pour-poeles-palazzetti\\\/\",\"name\":\"Thermostat Caem avec ampoule cuivre pour po\u00eales Palazzetti\",\"isPartOf\":{\"@id\":\"https:\\\/\\\/amrtop.net\\\/#website\"},\"primaryImageOfPage\":{\"@id\":\"https:\\\/\\\/amrtop.net\\\/produit\\\/thermostat-caem-avec-ampoule-cuivre-pour-poeles-palazzetti\\\/#primaryimage\"},\"image\":{\"@id\":\"https:\\\/\\\/amrtop.net\\\/produit\\\/thermostat-caem-avec-ampoule-cuivre-pour-poeles-palazzetti\\\/#primaryimage\"},\"thumbnailUrl\":\"https:\\\/\\\/amrtop.net\\\/wp-content\\\/uploads\\\/2023\\\/01\\\/LP4377C.jpg\",\"datePublished\":\"2023-01-05T08:55:35+00:00\",\"dateModified\":\"2023-06-07T11:53:20+00:00\",\"description\":\"Thermostat Caem avec ampoule cuivre pour po\u00eales Palazzetti - Thermostat et manom\u00e8tre pour po\u00eale et chaudi\u00e8re \u00e0 pellets - D\u00e9tecteur de pression avec r\u00e9armement manuel ou automatique pour po\u00eale et chaudi\u00e8re \u00e0 pellets - Thermostat \u00e0 r\u00e9armement manuel ou automatique pour po\u00eale et chaudi\u00e8re \u00e0 pellets - Relais avec r\u00e9armement manuel ou automatique pour po\u00eale et chaudi\u00e8re \u00e0 pellets - R\u00e9gulateur de temp\u00e9rature avec r\u00e9armement manuel ou automatique pour po\u00eale et chaudi\u00e8res \u00e0 pellets -\",\"breadcrumb\":{\"@id\":\"https:\\\/\\\/amrtop.net\\\/produit\\\/thermostat-caem-avec-ampoule-cuivre-pour-poeles-palazzetti\\\/#breadcrumb\"},\"inLanguage\":\"de\",\"potentialAction\":[{\"@type\":\"ReadAction\",\"target\":[\"https:\\\/\\\/amrtop.net\\\/produit\\\/thermostat-caem-avec-ampoule-cuivre-pour-poeles-palazzetti\\\/\"]}]},{\"@type\":\"ImageObject\",\"inLanguage\":\"de\",\"@id\":\"https:\\\/\\\/amrtop.net\\\/produit\\\/thermostat-caem-avec-ampoule-cuivre-pour-poeles-palazzetti\\\/#primaryimage\",\"url\":\"https:\\\/\\\/amrtop.net\\\/wp-content\\\/uploads\\\/2023\\\/01\\\/LP4377C.jpg\",\"contentUrl\":\"https:\\\/\\\/amrtop.net\\\/wp-content\\\/uploads\\\/2023\\\/01\\\/LP4377C.jpg\",\"width\":960,\"height\":960,\"caption\":\"Thermostat Caem avec ampoule cuivre pour po\u00eales Palazzetti - Thermostat et manom\u00e8tre pour po\u00eale et chaudi\u00e8re \u00e0 pellets - D\u00e9tecteur de pression avec r\u00e9armement manuel ou automatique pour po\u00eale et chaudi\u00e8re \u00e0 pellets - Thermostat \u00e0 r\u00e9armement manuel ou automatique pour po\u00eale et chaudi\u00e8re \u00e0 pellets - Relais avec r\u00e9armement manuel ou automatique pour po\u00eale et chaudi\u00e8re \u00e0 pellets - R\u00e9gulateur de temp\u00e9rature avec r\u00e9armement manuel ou automatique pour po\u00eale et chaudi\u00e8res \u00e0 pellets -\"},{\"@type\":\"BreadcrumbList\",\"@id\":\"https:\\\/\\\/amrtop.net\\\/produit\\\/thermostat-caem-avec-ampoule-cuivre-pour-poeles-palazzetti\\\/#breadcrumb\",\"itemListElement\":[{\"@type\":\"ListItem\",\"position\":1,\"name\":\"Home\",\"item\":\"https:\\\/\\\/amrtop.net\\\/\"},{\"@type\":\"ListItem\",\"position\":2,\"name\":\"Shop\",\"item\":\"https:\\\/\\\/amrtop.net\\\/negozio\\\/\"},{\"@type\":\"ListItem\",\"position\":3,\"name\":\"Thermostat Caem avec bulbe \u00e0 r\u00e9armement manuel 88\u1ed9 Caem pour po\u00eales Palazzetti code LP4377C\"}]},{\"@type\":\"WebSite\",\"@id\":\"https:\\\/\\\/amrtop.net\\\/#website\",\"url\":\"https:\\\/\\\/amrtop.net\\\/\",\"name\":\"AMRTOP B2B \u00c9tranger - Achats r\u00e9serv\u00e9s au professionnel\",\"description\":\"Pi\u00e8ces de rechange et accessoires pour po\u00eales et chaudi\u00e8res - eCommerce B2B pour Clients Professionnels\",\"potentialAction\":[{\"@type\":\"SearchAction\",\"target\":{\"@type\":\"EntryPoint\",\"urlTemplate\":\"https:\\\/\\\/amrtop.net\\\/?s={search_term_string}\"},\"query-input\":{\"@type\":\"PropertyValueSpecification\",\"valueRequired\":true,\"valueName\":\"search_term_string\"}}],\"inLanguage\":\"de\"}]}<\/script>\n<!-- \/ Yoast SEO plugin. -->","yoast_head_json":{"title":"Caem-Thermostat mit kupferfarbener Gl\u00fchbirne f\u00fcr Palazzetti-Heiz\u00f6fen","description":"Caem-Thermostat mit Kupferbirne f\u00fcr Palazzetti-\u00d6fen - Thermostat und Manometer f\u00fcr Pellet-Ofen und -Kessel - Drucksensor mit manueller oder automatischer R\u00fcckstellung f\u00fcr Pellet-Ofen und -Kessel - Thermostat mit manueller oder automatischer R\u00fcckstellung f\u00fcr Pellet-Ofen und -Kessel - Relais mit manueller oder automatischer R\u00fcckstellung f\u00fcr Pellet-Ofen und -Kessel - Temperaturregler mit manueller oder automatischer R\u00fcckstellung f\u00fcr Pellet-Ofen und -Kessel - - - - - - - - - - - - - - - - - - - - - - - - - - - - - - - - - - - - - - - - - - - - - - - - - - - - - - - - - - - -.","robots":{"index":"index","follow":"follow","max-snippet":"max-snippet:-1","max-image-preview":"max-image-preview:large","max-video-preview":"max-video-preview:-1"},"canonical":"https:\/\/amrtop.net\/de\/produkt\/thermostat-caem-avec-ampoule-cuivre-pour-poeles-palazzetti\/","og_locale":"de_DE","og_type":"article","og_title":"Thermostat Caem avec ampoule cuivre pour po\u00eales Palazzetti","og_description":"Thermostat Caem avec ampoule cuivre pour po\u00eales Palazzetti - Thermostat et manom\u00e8tre pour po\u00eale et chaudi\u00e8re \u00e0 pellets - D\u00e9tecteur de pression avec r\u00e9armement manuel ou automatique pour po\u00eale et chaudi\u00e8re \u00e0 pellets - Thermostat \u00e0 r\u00e9armement manuel ou automatique pour po\u00eale et chaudi\u00e8re \u00e0 pellets - Relais avec r\u00e9armement manuel ou automatique pour po\u00eale et chaudi\u00e8re \u00e0 pellets - R\u00e9gulateur de temp\u00e9rature avec r\u00e9armement manuel ou automatique pour po\u00eale et chaudi\u00e8res \u00e0 pellets -","og_url":"https:\/\/amrtop.net\/de\/produkt\/thermostat-caem-avec-ampoule-cuivre-pour-poeles-palazzetti\/","og_site_name":"AMRTOP B2B \u00c9tranger - Achats r\u00e9serv\u00e9s au professionnel","article_modified_time":"2023-06-07T11:53:20+00:00","og_image":[{"width":960,"height":960,"url":"https:\/\/amrtop.net\/wp-content\/uploads\/2023\/01\/LP4377C.jpg","type":"image\/jpeg"}],"twitter_card":"summary_large_image","twitter_misc":{"Gesch\u00e4tzte Lesezeit":"2\u00a0Minuten"},"schema":{"@context":"https:\/\/schema.org","@graph":[{"@type":"WebPage","@id":"https:\/\/amrtop.net\/produit\/thermostat-caem-avec-ampoule-cuivre-pour-poeles-palazzetti\/","url":"https:\/\/amrtop.net\/produit\/thermostat-caem-avec-ampoule-cuivre-pour-poeles-palazzetti\/","name":"Caem-Thermostat mit kupferfarbener Gl\u00fchbirne f\u00fcr Palazzetti-Heiz\u00f6fen","isPartOf":{"@id":"https:\/\/amrtop.net\/#website"},"primaryImageOfPage":{"@id":"https:\/\/amrtop.net\/produit\/thermostat-caem-avec-ampoule-cuivre-pour-poeles-palazzetti\/#primaryimage"},"image":{"@id":"https:\/\/amrtop.net\/produit\/thermostat-caem-avec-ampoule-cuivre-pour-poeles-palazzetti\/#primaryimage"},"thumbnailUrl":"https:\/\/amrtop.net\/wp-content\/uploads\/2023\/01\/LP4377C.jpg","datePublished":"2023-01-05T08:55:35+00:00","dateModified":"2023-06-07T11:53:20+00:00","description":"Caem-Thermostat mit Kupferbirne f\u00fcr Palazzetti-\u00d6fen - Thermostat und Manometer f\u00fcr Pellet-Ofen und -Kessel - Drucksensor mit manueller oder automatischer R\u00fcckstellung f\u00fcr Pellet-Ofen und -Kessel - Thermostat mit manueller oder automatischer R\u00fcckstellung f\u00fcr Pellet-Ofen und -Kessel - Relais mit manueller oder automatischer R\u00fcckstellung f\u00fcr Pellet-Ofen und -Kessel - Temperaturregler mit manueller oder automatischer R\u00fcckstellung f\u00fcr Pellet-Ofen und -Kessel - - - - - - - - - - - - - - - - - - - - - - - - - - - - - - - - - - - - - - - - - - - - - - - - - - - - - - - - - - - -.","breadcrumb":{"@id":"https:\/\/amrtop.net\/produit\/thermostat-caem-avec-ampoule-cuivre-pour-poeles-palazzetti\/#breadcrumb"},"inLanguage":"de","potentialAction":[{"@type":"ReadAction","target":["https:\/\/amrtop.net\/produit\/thermostat-caem-avec-ampoule-cuivre-pour-poeles-palazzetti\/"]}]},{"@type":"ImageObject","inLanguage":"de","@id":"https:\/\/amrtop.net\/produit\/thermostat-caem-avec-ampoule-cuivre-pour-poeles-palazzetti\/#primaryimage","url":"https:\/\/amrtop.net\/wp-content\/uploads\/2023\/01\/LP4377C.jpg","contentUrl":"https:\/\/amrtop.net\/wp-content\/uploads\/2023\/01\/LP4377C.jpg","width":960,"height":960,"caption":"Thermostat Caem avec ampoule cuivre pour po\u00eales Palazzetti - Thermostat et manom\u00e8tre pour po\u00eale et chaudi\u00e8re \u00e0 pellets - D\u00e9tecteur de pression avec r\u00e9armement manuel ou automatique pour po\u00eale et chaudi\u00e8re \u00e0 pellets - Thermostat \u00e0 r\u00e9armement manuel ou automatique pour po\u00eale et chaudi\u00e8re \u00e0 pellets - Relais avec r\u00e9armement manuel ou automatique pour po\u00eale et chaudi\u00e8re \u00e0 pellets - R\u00e9gulateur de temp\u00e9rature avec r\u00e9armement manuel ou automatique pour po\u00eale et chaudi\u00e8res \u00e0 pellets -"},{"@type":"BreadcrumbList","@id":"https:\/\/amrtop.net\/produit\/thermostat-caem-avec-ampoule-cuivre-pour-poeles-palazzetti\/#breadcrumb","itemListElement":[{"@type":"ListItem","position":1,"name":"Home","item":"https:\/\/amrtop.net\/"},{"@type":"ListItem","position":2,"name":"Shop","item":"https:\/\/amrtop.net\/negozio\/"},{"@type":"ListItem","position":3,"name":"Thermostat Caem avec bulbe \u00e0 r\u00e9armement manuel 88\u1ed9 Caem pour po\u00eales Palazzetti code LP4377C"}]},{"@type":"WebSite","@id":"https:\/\/amrtop.net\/#website","url":"https:\/\/amrtop.net\/","name":"AMRTOP B2B Ausland - Einkaufen nur f\u00fcr Fachleute","description":"Ersatzteile und Zubeh\u00f6r f\u00fcr \u00d6fen und Heizkessel - B2B eCommerce f\u00fcr Gesch\u00e4ftskunden","potentialAction":[{"@type":"SearchAction","target":{"@type":"EntryPoint","urlTemplate":"https:\/\/amrtop.net\/?s={search_term_string}"},"query-input":{"@type":"PropertyValueSpecification","valueRequired":true,"valueName":"search_term_string"}}],"inLanguage":"de"}]}},"_links":{"self":[{"href":"https:\/\/amrtop.net\/de\/wp-json\/wp\/v2\/product\/36623","targetHints":{"allow":["GET"]}}],"collection":[{"href":"https:\/\/amrtop.net\/de\/wp-json\/wp\/v2\/product"}],"about":[{"href":"https:\/\/amrtop.net\/de\/wp-json\/wp\/v2\/types\/product"}],"replies":[{"embeddable":true,"href":"https:\/\/amrtop.net\/de\/wp-json\/wp\/v2\/comments?post=36623"}],"wp:featuredmedia":[{"embeddable":true,"href":"https:\/\/amrtop.net\/de\/wp-json\/wp\/v2\/media\/36608"}],"wp:attachment":[{"href":"https:\/\/amrtop.net\/de\/wp-json\/wp\/v2\/media?parent=36623"}],"wp:term":[{"taxonomy":"product_brand","embeddable":true,"href":"https:\/\/amrtop.net\/de\/wp-json\/wp\/v2\/product_brand?post=36623"},{"taxonomy":"product_cat","embeddable":true,"href":"https:\/\/amrtop.net\/de\/wp-json\/wp\/v2\/product_cat?post=36623"},{"taxonomy":"product_tag","embeddable":true,"href":"https:\/\/amrtop.net\/de\/wp-json\/wp\/v2\/product_tag?post=36623"}],"curies":[{"name":"wp","href":"https:\/\/api.w.org\/{rel}","templated":true}]}}