{"id":3664,"date":"2020-01-10T00:00:00","date_gmt":"2020-01-10T00:00:00","guid":{"rendered":"https:\/\/amrtop.com\/B2B\/?post_type=product&#038;p=3664"},"modified":"2025-02-12T12:33:17","modified_gmt":"2025-02-12T12:33:17","slug":"motoreducteur-merkle-korff-2-rpm-code-mkdf20-arbre-o-95-mm-toles-feuilletees-24-mm","status":"publish","type":"product","link":"https:\/\/amrtop.net\/de\/produit\/motoreducteur-merkle-korff-2-rpm-code-mkdf20-arbre-o-95-mm-toles-feuilletees-24-mm\/","title":{"rendered":"Motor\u00e9ducteur Merkle &amp; Korff 2 rpm Code MKDF20 \u2013 Arbre \u00f8 9,5 mm \u2013 T\u00f4les feuillet\u00e9es 24 mm"},"content":{"rendered":"<hr \/>\n<h3>Getriebemotor Merkle&amp;Korff 2 rpm Welle \u00f8 9.5<\/h3>\n<p>Merkle Korff Industries stellt seit \u00fcber 100 Jahren Wechselstrom-Getriebemotoren her, darunter auch solche f\u00fcr den Einsatz in Pellet\u00f6fen und -kesseln.<\/p>\n<p>Der Getriebemotor ist n\u00e4mlich f\u00fcr die effiziente Steuerung der Brennstoffzufuhr im Inneren des Brenners und damit f\u00fcr die W\u00e4rmeleistung des Ofens selbst verantwortlich.<\/p>\n<p>Die Forschung und Produktion von Nidec\/Merkle Korff Industries, das seit \u00fcber 35 Jahren ausschlie\u00dflich in S\u00fcdeuropa von Autom vertrieben wird, konzentriert sich auf diesen Aspekt.<\/p>\n<p><strong>\u00a0<\/strong><strong>Von Pfannengr\u00f6\u00dfe<\/strong><\/p>\n<p>Der neue Getriebemotor wurde v\u00f6llig neu konzipiert und verwendet einen der effizientesten b\u00fcrstenlosen Motoren, der bereits in zig Millionen St\u00fcck von der Nidec Corporation gebaut wurde.<\/p>\n<p>Die besondere Konstruktionsform sorgt daf\u00fcr, dass das Schmierfett immer in seiner spezifischen Position bleibt, in engem Kontakt mit den Z\u00e4hnen der Zahnr\u00e4der, was eine hohe Lebensdauer ohne jegliche Wartung garantiert.<\/p>\n<p>Diese Motoren erm\u00f6glichen eine doppelte Rotation<\/p>\n<h3>Verwendung des Merkle&amp;Korff-Getriebemotors 2 rpm Welle \u00f8 9.5<\/h3>\n<p>An der Spitze der Cochlea angekommen, f\u00e4llt das Pellet auf nat\u00fcrliche Weise in das Innere einer Rutsche, die es in das Innere des Brenners bef\u00f6rdert.<\/p>\n<h3><strong>Innen<\/strong><\/h3>\n<p><a href=\"https:\/\/wekos.it\/\">\u00d6fen, Herde und Holzherde<\/a>\u00a0-\u00a0<a href=\"https:\/\/www.greenpuros.com\/\">Kamine, \u00d6fen und Pelletkessel.<\/a><\/p>\n<h3><strong>Amrtop Ersatzteile und Zubeh\u00f6r Sortiment<\/strong><\/h3>\n<p><a href=\"https:\/\/amrtop.net\/de\/produktkategorie\/ersatzteile-diverse-ofen-und-kocher-2\/bougies-dallumage-pour-poeles-et-chaudieres-a-pellets\/\">Gl\u00fchkerzen<\/a><\/p>\n<p><a href=\"https:\/\/amrtop.net\/de\/produktkategorie\/ersatzteile-diverse-ofen-und-kocher-2\/electronique\/\">Elektronik<\/a><\/p>\n<p><a href=\"https:\/\/amrtop.net\/de\/produktkategorie\/ersatzteile-diverse-ofen-und-kocher-2\/extracteurs-de-fumee\/\">Rauchabzug<\/a><\/p>\n<p><a href=\"https:\/\/amrtop.net\/de\/produktkategorie\/ersatzteile-diverse-ofen-und-kocher-2\/gaines-cable-connecteurs\/\">Kabelh\u00fcllen Verbinder<\/a><\/p>\n<p><a href=\"https:\/\/amrtop.net\/de\/produktkategorie\/ersatzteile-diverse-ofen-und-kocher-2\/joints-de-silicone\/\">Silikondichtungen<\/a><\/p>\n<p><a href=\"https:\/\/amrtop.net\/de\/produktkategorie\/ersatzteile-diverse-ofen-und-kocher-2\/motoreducteurs\/\">Getriebemotoren<\/a><\/p>\n<p><a href=\"https:\/\/amrtop.net\/de\/produktkategorie\/ersatzteile-diverse-ofen-und-kocher-2\/pressostats-et-transducteurs\/\">Druckschalter und Wandler<\/a><\/p>\n<p><a href=\"https:\/\/amrtop.net\/de\/produktkategorie\/ersatzteile-diverse-ofen-und-kocher-2\/sondes-thermostats-manometres-thermometres\/\">Sonden Thermostate Manometer Thermometer<\/a><\/p>\n<p><a href=\"https:\/\/amrtop.net\/de\/produktkategorie\/ersatzteile-diverse-ofen-und-kocher-2\/joints-detancheite\/\">Dichtgeflechte<\/a><\/p>\n<p><a href=\"https:\/\/amrtop.net\/de\/produktkategorie\/ersatzteile-diverse-ofen-und-kocher-2\/ventilateurs-centrifuges-pour-poeles-a-pellets\/\">Zentrifugalventilatoren<\/a><\/p>\n<p><a href=\"https:\/\/amrtop.net\/de\/produktkategorie\/ersatzteile-diverse-ofen-und-kocher-2\/ventilateurs-tangentiels-flux-transversal\/\">Tangentiale Ventilatoren<\/a><\/p>\n<p><a href=\"https:\/\/amrtop.net\/de\/produktkategorie\/ersatzteile-diverse-ofen-und-kocher-2\/adhesifs-et-produits-detancheite\/\">Klebstoffe und Kitt<\/a><\/p>\n<p>&nbsp;<\/p>","protected":false},"excerpt":{"rendered":"<hr \/>\n<h2><span style=\"color: #008000\">Verf\u00fcgbar<\/span><\/h2>\n<hr \/>\n<h3>Merkle &amp; Korff Getriebemotor 2 rpm<\/h3>\n<p>Code MKDF20<br \/>\nWelle \u00f8 9.5 mm<br \/>\nGeschwindigkeit: 2 rpm<br \/>\nVerbundbleche: 24 mm<br \/>\nAbflachung : Doppelte<br \/>\nDrehrichtung: im Uhrzeigersinn<\/p>\n<h3>Kompatibilit\u00e4t<\/h3>\n<hr \/>\n<h3>Schneckengetriebemotor installiert und kompatibel mit den folgenden Marken und Modellen von Pellet\u00f6fen:<\/h3>\n<p>Anselmo Cola,Cola<\/p>","protected":false},"featured_media":34711,"comment_status":"open","ping_status":"closed","template":"","meta":[],"product_brand":[],"product_cat":[861,868,869],"product_tag":[160,143],"class_list":{"0":"post-3664","1":"product","2":"type-product","3":"status-publish","4":"has-post-thumbnail","6":"product_cat-motoreducteurs","7":"product_cat-motoreducteurs-merkle-korff","8":"product_cat-motoriduttori-merkle-korff-albero-o-95-mm","9":"product_tag-anselmo-cola","10":"product_tag-cola","11":"product_shipping_class-classe-di-spedizione-02","13":"first","14":"instock","15":"shipping-taxable","16":"purchasable","17":"product-type-simple"},"yoast_head":"<!-- This site is optimized with the Yoast SEO plugin v27.5 - https:\/\/yoast.com\/product\/yoast-seo-wordpress\/ -->\n<title>Motor\u00e9ducteur Merkle&amp;Korff 2 rpm arbre \u00f8 9.5<\/title>\n<meta name=\"description\" content=\"Motor\u00e9ducteur Merkle&amp;Korff 2 rpm arbre \u00f8 9.5-Motor\u00e9ducteur Merkle&amp;Korff pour vis de po\u00eale \u00e0 granul\u00e9s m\u00e2ts 9.5-Motor\u00e9ducteur Merkle&amp;Korff pour po\u00eales\" \/>\n<meta name=\"robots\" content=\"index, follow, max-snippet:-1, max-image-preview:large, max-video-preview:-1\" \/>\n<link rel=\"canonical\" href=\"https:\/\/amrtop.net\/de\/produkt\/motoreducteur-merkle-korff-2-rpm-code-mkdf20-arbre-o-95-mm-toles-feuilletees-24-mm\/\" \/>\n<meta property=\"og:locale\" content=\"de_DE\" \/>\n<meta property=\"og:type\" content=\"article\" \/>\n<meta property=\"og:title\" content=\"Motor\u00e9ducteur Merkle&amp;Korff 2 rpm arbre \u00f8 9.5\" \/>\n<meta property=\"og:description\" content=\"Motor\u00e9ducteur Merkle&amp;Korff 2 rpm arbre \u00f8 9.5-Motor\u00e9ducteur Merkle&amp;Korff pour vis de po\u00eale \u00e0 granul\u00e9s m\u00e2ts 9.5-Motor\u00e9ducteur Merkle&amp;Korff pour po\u00eales\" \/>\n<meta property=\"og:url\" content=\"https:\/\/amrtop.net\/de\/produkt\/motoreducteur-merkle-korff-2-rpm-code-mkdf20-arbre-o-95-mm-toles-feuilletees-24-mm\/\" \/>\n<meta property=\"og:site_name\" content=\"AMRTOP B2B \u00c9tranger - Achats r\u00e9serv\u00e9s au professionnel\" \/>\n<meta property=\"article:modified_time\" content=\"2025-02-12T12:33:17+00:00\" \/>\n<meta property=\"og:image\" content=\"https:\/\/amrtop.net\/wp-content\/uploads\/2022\/07\/mkdf20.jpg\" \/>\n\t<meta property=\"og:image:width\" content=\"960\" \/>\n\t<meta property=\"og:image:height\" content=\"960\" \/>\n\t<meta property=\"og:image:type\" content=\"image\/jpeg\" \/>\n<meta name=\"twitter:card\" content=\"summary_large_image\" \/>\n<meta name=\"twitter:label1\" content=\"Gesch\u00e4tzte Lesezeit\" \/>\n\t<meta name=\"twitter:data1\" content=\"1\u00a0Minute\" \/>\n<script type=\"application\/ld+json\" class=\"yoast-schema-graph\">{\"@context\":\"https:\\\/\\\/schema.org\",\"@graph\":[{\"@type\":\"WebPage\",\"@id\":\"https:\\\/\\\/amrtop.net\\\/produit\\\/motoreducteur-merkle-korff-2-rpm-code-mkdf20-arbre-o-95-mm-toles-feuilletees-24-mm\\\/\",\"url\":\"https:\\\/\\\/amrtop.net\\\/produit\\\/motoreducteur-merkle-korff-2-rpm-code-mkdf20-arbre-o-95-mm-toles-feuilletees-24-mm\\\/\",\"name\":\"Motor\u00e9ducteur Merkle&Korff 2 rpm arbre \u00f8 9.5\",\"isPartOf\":{\"@id\":\"https:\\\/\\\/amrtop.net\\\/#website\"},\"primaryImageOfPage\":{\"@id\":\"https:\\\/\\\/amrtop.net\\\/produit\\\/motoreducteur-merkle-korff-2-rpm-code-mkdf20-arbre-o-95-mm-toles-feuilletees-24-mm\\\/#primaryimage\"},\"image\":{\"@id\":\"https:\\\/\\\/amrtop.net\\\/produit\\\/motoreducteur-merkle-korff-2-rpm-code-mkdf20-arbre-o-95-mm-toles-feuilletees-24-mm\\\/#primaryimage\"},\"thumbnailUrl\":\"https:\\\/\\\/amrtop.net\\\/wp-content\\\/uploads\\\/2022\\\/07\\\/mkdf20.jpg\",\"datePublished\":\"2020-01-10T00:00:00+00:00\",\"dateModified\":\"2025-02-12T12:33:17+00:00\",\"description\":\"Motor\u00e9ducteur Merkle&Korff 2 rpm arbre \u00f8 9.5-Motor\u00e9ducteur Merkle&Korff pour vis de po\u00eale \u00e0 granul\u00e9s m\u00e2ts 9.5-Motor\u00e9ducteur Merkle&Korff pour po\u00eales\",\"breadcrumb\":{\"@id\":\"https:\\\/\\\/amrtop.net\\\/produit\\\/motoreducteur-merkle-korff-2-rpm-code-mkdf20-arbre-o-95-mm-toles-feuilletees-24-mm\\\/#breadcrumb\"},\"inLanguage\":\"de\",\"potentialAction\":[{\"@type\":\"ReadAction\",\"target\":[\"https:\\\/\\\/amrtop.net\\\/produit\\\/motoreducteur-merkle-korff-2-rpm-code-mkdf20-arbre-o-95-mm-toles-feuilletees-24-mm\\\/\"]}]},{\"@type\":\"ImageObject\",\"inLanguage\":\"de\",\"@id\":\"https:\\\/\\\/amrtop.net\\\/produit\\\/motoreducteur-merkle-korff-2-rpm-code-mkdf20-arbre-o-95-mm-toles-feuilletees-24-mm\\\/#primaryimage\",\"url\":\"https:\\\/\\\/amrtop.net\\\/wp-content\\\/uploads\\\/2022\\\/07\\\/mkdf20.jpg\",\"contentUrl\":\"https:\\\/\\\/amrtop.net\\\/wp-content\\\/uploads\\\/2022\\\/07\\\/mkdf20.jpg\",\"width\":960,\"height\":960,\"caption\":\"Motoriduttore Merkle&Korff 2 rpm albero \u00f8 9.5 MKDF20\"},{\"@type\":\"BreadcrumbList\",\"@id\":\"https:\\\/\\\/amrtop.net\\\/produit\\\/motoreducteur-merkle-korff-2-rpm-code-mkdf20-arbre-o-95-mm-toles-feuilletees-24-mm\\\/#breadcrumb\",\"itemListElement\":[{\"@type\":\"ListItem\",\"position\":1,\"name\":\"Home\",\"item\":\"https:\\\/\\\/amrtop.net\\\/\"},{\"@type\":\"ListItem\",\"position\":2,\"name\":\"Shop\",\"item\":\"https:\\\/\\\/amrtop.net\\\/negozio\\\/\"},{\"@type\":\"ListItem\",\"position\":3,\"name\":\"Motor\u00e9ducteur Merkle &amp; Korff 2 rpm Code MKDF20 \u2013 Arbre \u00f8 9,5 mm \u2013 T\u00f4les feuillet\u00e9es 24 mm\"}]},{\"@type\":\"WebSite\",\"@id\":\"https:\\\/\\\/amrtop.net\\\/#website\",\"url\":\"https:\\\/\\\/amrtop.net\\\/\",\"name\":\"AMRTOP B2B \u00c9tranger - Achats r\u00e9serv\u00e9s au professionnel\",\"description\":\"Pi\u00e8ces de rechange et accessoires pour po\u00eales et chaudi\u00e8res - eCommerce B2B pour Clients Professionnels\",\"potentialAction\":[{\"@type\":\"SearchAction\",\"target\":{\"@type\":\"EntryPoint\",\"urlTemplate\":\"https:\\\/\\\/amrtop.net\\\/?s={search_term_string}\"},\"query-input\":{\"@type\":\"PropertyValueSpecification\",\"valueRequired\":true,\"valueName\":\"search_term_string\"}}],\"inLanguage\":\"de\"}]}<\/script>\n<!-- \/ Yoast SEO plugin. -->","yoast_head_json":{"title":"Motor\u00e9ducteur Merkle&Korff 2 rpm arbre \u00f8 9.5","description":"Motor\u00e9ducteur Merkle&Korff 2 rpm arbre \u00f8 9.5-Motor\u00e9ducteur Merkle&Korff pour vis de po\u00eale \u00e0 granul\u00e9s m\u00e2ts 9.5-Motor\u00e9ducteur Merkle&Korff pour po\u00eales","robots":{"index":"index","follow":"follow","max-snippet":"max-snippet:-1","max-image-preview":"max-image-preview:large","max-video-preview":"max-video-preview:-1"},"canonical":"https:\/\/amrtop.net\/de\/produkt\/motoreducteur-merkle-korff-2-rpm-code-mkdf20-arbre-o-95-mm-toles-feuilletees-24-mm\/","og_locale":"de_DE","og_type":"article","og_title":"Motor\u00e9ducteur Merkle&Korff 2 rpm arbre \u00f8 9.5","og_description":"Motor\u00e9ducteur Merkle&Korff 2 rpm arbre \u00f8 9.5-Motor\u00e9ducteur Merkle&Korff pour vis de po\u00eale \u00e0 granul\u00e9s m\u00e2ts 9.5-Motor\u00e9ducteur Merkle&Korff pour po\u00eales","og_url":"https:\/\/amrtop.net\/de\/produkt\/motoreducteur-merkle-korff-2-rpm-code-mkdf20-arbre-o-95-mm-toles-feuilletees-24-mm\/","og_site_name":"AMRTOP B2B \u00c9tranger - Achats r\u00e9serv\u00e9s au professionnel","article_modified_time":"2025-02-12T12:33:17+00:00","og_image":[{"width":960,"height":960,"url":"https:\/\/amrtop.net\/wp-content\/uploads\/2022\/07\/mkdf20.jpg","type":"image\/jpeg"}],"twitter_card":"summary_large_image","twitter_misc":{"Gesch\u00e4tzte Lesezeit":"1\u00a0Minute"},"schema":{"@context":"https:\/\/schema.org","@graph":[{"@type":"WebPage","@id":"https:\/\/amrtop.net\/produit\/motoreducteur-merkle-korff-2-rpm-code-mkdf20-arbre-o-95-mm-toles-feuilletees-24-mm\/","url":"https:\/\/amrtop.net\/produit\/motoreducteur-merkle-korff-2-rpm-code-mkdf20-arbre-o-95-mm-toles-feuilletees-24-mm\/","name":"Motor\u00e9ducteur Merkle&Korff 2 rpm arbre \u00f8 9.5","isPartOf":{"@id":"https:\/\/amrtop.net\/#website"},"primaryImageOfPage":{"@id":"https:\/\/amrtop.net\/produit\/motoreducteur-merkle-korff-2-rpm-code-mkdf20-arbre-o-95-mm-toles-feuilletees-24-mm\/#primaryimage"},"image":{"@id":"https:\/\/amrtop.net\/produit\/motoreducteur-merkle-korff-2-rpm-code-mkdf20-arbre-o-95-mm-toles-feuilletees-24-mm\/#primaryimage"},"thumbnailUrl":"https:\/\/amrtop.net\/wp-content\/uploads\/2022\/07\/mkdf20.jpg","datePublished":"2020-01-10T00:00:00+00:00","dateModified":"2025-02-12T12:33:17+00:00","description":"Motor\u00e9ducteur Merkle&Korff 2 rpm arbre \u00f8 9.5-Motor\u00e9ducteur Merkle&Korff pour vis de po\u00eale \u00e0 granul\u00e9s m\u00e2ts 9.5-Motor\u00e9ducteur Merkle&Korff pour po\u00eales","breadcrumb":{"@id":"https:\/\/amrtop.net\/produit\/motoreducteur-merkle-korff-2-rpm-code-mkdf20-arbre-o-95-mm-toles-feuilletees-24-mm\/#breadcrumb"},"inLanguage":"de","potentialAction":[{"@type":"ReadAction","target":["https:\/\/amrtop.net\/produit\/motoreducteur-merkle-korff-2-rpm-code-mkdf20-arbre-o-95-mm-toles-feuilletees-24-mm\/"]}]},{"@type":"ImageObject","inLanguage":"de","@id":"https:\/\/amrtop.net\/produit\/motoreducteur-merkle-korff-2-rpm-code-mkdf20-arbre-o-95-mm-toles-feuilletees-24-mm\/#primaryimage","url":"https:\/\/amrtop.net\/wp-content\/uploads\/2022\/07\/mkdf20.jpg","contentUrl":"https:\/\/amrtop.net\/wp-content\/uploads\/2022\/07\/mkdf20.jpg","width":960,"height":960,"caption":"Motoriduttore Merkle&Korff 2 rpm albero \u00f8 9.5 MKDF20"},{"@type":"BreadcrumbList","@id":"https:\/\/amrtop.net\/produit\/motoreducteur-merkle-korff-2-rpm-code-mkdf20-arbre-o-95-mm-toles-feuilletees-24-mm\/#breadcrumb","itemListElement":[{"@type":"ListItem","position":1,"name":"Home","item":"https:\/\/amrtop.net\/"},{"@type":"ListItem","position":2,"name":"Shop","item":"https:\/\/amrtop.net\/negozio\/"},{"@type":"ListItem","position":3,"name":"Motor\u00e9ducteur Merkle &amp; Korff 2 rpm Code MKDF20 \u2013 Arbre \u00f8 9,5 mm \u2013 T\u00f4les feuillet\u00e9es 24 mm"}]},{"@type":"WebSite","@id":"https:\/\/amrtop.net\/#website","url":"https:\/\/amrtop.net\/","name":"AMRTOP B2B Ausland - Einkaufen nur f\u00fcr Fachleute","description":"Ersatzteile und Zubeh\u00f6r f\u00fcr \u00d6fen und Heizkessel - B2B eCommerce f\u00fcr Gesch\u00e4ftskunden","potentialAction":[{"@type":"SearchAction","target":{"@type":"EntryPoint","urlTemplate":"https:\/\/amrtop.net\/?s={search_term_string}"},"query-input":{"@type":"PropertyValueSpecification","valueRequired":true,"valueName":"search_term_string"}}],"inLanguage":"de"}]}},"_links":{"self":[{"href":"https:\/\/amrtop.net\/de\/wp-json\/wp\/v2\/product\/3664","targetHints":{"allow":["GET"]}}],"collection":[{"href":"https:\/\/amrtop.net\/de\/wp-json\/wp\/v2\/product"}],"about":[{"href":"https:\/\/amrtop.net\/de\/wp-json\/wp\/v2\/types\/product"}],"replies":[{"embeddable":true,"href":"https:\/\/amrtop.net\/de\/wp-json\/wp\/v2\/comments?post=3664"}],"wp:featuredmedia":[{"embeddable":true,"href":"https:\/\/amrtop.net\/de\/wp-json\/wp\/v2\/media\/34711"}],"wp:attachment":[{"href":"https:\/\/amrtop.net\/de\/wp-json\/wp\/v2\/media?parent=3664"}],"wp:term":[{"taxonomy":"product_brand","embeddable":true,"href":"https:\/\/amrtop.net\/de\/wp-json\/wp\/v2\/product_brand?post=3664"},{"taxonomy":"product_cat","embeddable":true,"href":"https:\/\/amrtop.net\/de\/wp-json\/wp\/v2\/product_cat?post=3664"},{"taxonomy":"product_tag","embeddable":true,"href":"https:\/\/amrtop.net\/de\/wp-json\/wp\/v2\/product_tag?post=3664"}],"curies":[{"name":"wp","href":"https:\/\/api.w.org\/{rel}","templated":true}]}}