{"id":3670,"date":"2020-01-10T00:00:00","date_gmt":"2020-01-10T00:00:00","guid":{"rendered":"https:\/\/amrtop.com\/B2B\/?post_type=product&#038;p=3670"},"modified":"2025-02-12T12:45:29","modified_gmt":"2025-02-12T12:45:29","slug":"motoriduttore-merkle-korff-35-rpm-con-encoder-codice-mksf35e-albero-o-95-mm-pacco-lamellare-24-mm","status":"publish","type":"product","link":"https:\/\/amrtop.net\/de\/produit\/motoriduttore-merkle-korff-35-rpm-con-encoder-codice-mksf35e-albero-o-95-mm-pacco-lamellare-24-mm\/","title":{"rendered":"Merkle&amp;Korff Getriebemotor 3.5 rpm mit Encoder Code MKSF35E - Welle \u00f8 9,5 mm - Verbundbleche 24 mm"},"content":{"rendered":"<hr \/>\n<h3>Merkle&amp;Korff Getriebemotor 3.5 rpm mit Encoder<\/h3>\n<p>Merkle Korff Industries stellt seit \u00fcber 100 Jahren Wechselstrom-Getriebemotoren her, darunter auch solche f\u00fcr den Einsatz in Pellet\u00f6fen und -kesseln.<\/p>\n<p>Mit mehr als 350000 St\u00fcck, die jedes Jahr an den europ\u00e4ischen Markt f\u00fcr Pelletheizungen geliefert werden, deckt die amerikanische Marke den Bedarf der meisten Hersteller dieser Artikel mit Produkten, die f\u00fcr die spezifische Anwendung optimiert sind.<\/p>\n<p>Die Forschung und Produktion von Nidec\/Merkle Korff Industries, das seit \u00fcber 35 Jahren ausschlie\u00dflich in S\u00fcdeuropa von Autom vertrieben wird, konzentriert sich auf diesen Aspekt.<\/p>\n<p><strong>\u00a0<\/strong><\/p>\n<h3><strong>Von Pfannengr\u00f6\u00dfe<\/strong><\/h3>\n<p>Der neue Getriebemotor wurde v\u00f6llig neu konzipiert und verwendet einen der effizientesten b\u00fcrstenlosen Motoren, der bereits in zig Millionen St\u00fcck von der Nidec Corporation gebaut wurde.<\/p>\n<p>Durch die Anwendung der spezifischen Erfahrung im Bereich der Pellet\u00f6fen, die wir in den letzten f\u00fcnfzig Jahren durch die Zusammenarbeit mit den meisten Herstellern auf der ganzen Welt gesammelt haben, ist es uns gelungen, einen extrem robusten, leisen und steuerbaren Getriebemotor herzustellen.<\/p>\n<p>Die besondere Konstruktionsform sorgt daf\u00fcr, dass das Schmierfett immer in seiner spezifischen Position bleibt, in engem Kontakt mit den Z\u00e4hnen der Zahnr\u00e4der, was eine hohe Lebensdauer ohne jegliche Wartung garantiert.<\/p>\n<p>Diese Motoren erm\u00f6glichen eine doppelte Rotation<\/p>\n<h3><strong>Verwendung <\/strong><strong>des m<\/strong>Merkle&amp;Korff-Getriebe 3,5 rpm mit Encoder<\/h3>\n<p>Er <strong>m<\/strong>Merkle &amp; Korff 3.5 rpm Getriebemotor mit Encoder Code MKSF35E - - - - - - - - - - - - - - - - - - - - - - - - - - - - - - - - - - - <strong>Welle \u00f8 9,5 mm Abflachung mit Zahn<\/strong> -<\/p>\n<p>An der Spitze der Cochlea angekommen, f\u00e4llt das Pellet nat\u00fcrlich in eine Rutsche, die es ins Innere des Brenners begleitet.<\/p>\n<h3><strong>Typische Anwendungen<\/strong><\/h3>\n<p>Verkaufsautomaten - Aggregate f\u00fcr Kaffeemaschinen - Vakuumverpackungsmaschinen - Gyros-Br\u00e4ter - Eismaschinen - rotierende Displays - Pellet\u00f6fen - Etikettiermaschinen - Stellantriebe f\u00fcr die Industrie.<\/p>\n<h3><strong>Innen<\/strong><\/h3>\n<p><a href=\"https:\/\/wekos.it\/\">\u00d6fen, Herde und Holzherde<\/a>\u00a0-\u00a0<a href=\"https:\/\/www.greenpuros.com\/\">Kamine, \u00d6fen und Pelletkessel.<\/a><\/p>\n<h3><strong>Amrtop Ersatzteile und Zubeh\u00f6r Sortiment<\/strong><\/h3>\n<p>&nbsp;<\/p>\n<p><a href=\"https:\/\/amrtop.net\/de\/produktkategorie\/ersatzteile-diverse-ofen-und-kocher-2\/bougies-dallumage-pour-poeles-et-chaudieres-a-pellets\/\">Gl\u00fchkerzen<\/a><\/p>\n<p><a href=\"https:\/\/amrtop.net\/de\/produktkategorie\/ersatzteile-diverse-ofen-und-kocher-2\/electronique\/\">Elektronik<\/a><\/p>\n<p><a href=\"https:\/\/amrtop.net\/de\/produktkategorie\/ersatzteile-diverse-ofen-und-kocher-2\/extracteurs-de-fumee\/\">Rauchabzug<\/a><\/p>\n<p><a href=\"https:\/\/amrtop.net\/de\/produktkategorie\/ersatzteile-diverse-ofen-und-kocher-2\/gaines-cable-connecteurs\/\">Kabelh\u00fcllen Verbinder<\/a><\/p>\n<p><a href=\"https:\/\/amrtop.net\/de\/produktkategorie\/ersatzteile-diverse-ofen-und-kocher-2\/joints-de-silicone\/\">Silikondichtungen<\/a><\/p>\n<p><a href=\"https:\/\/amrtop.net\/de\/produktkategorie\/ersatzteile-diverse-ofen-und-kocher-2\/motoreducteurs\/\">Getriebemotoren<\/a><\/p>\n<p><a href=\"https:\/\/amrtop.net\/de\/produktkategorie\/ersatzteile-diverse-ofen-und-kocher-2\/pressostats-et-transducteurs\/\">Druckschalter und Wandler<\/a><\/p>\n<p><a href=\"https:\/\/amrtop.net\/de\/produktkategorie\/ersatzteile-diverse-ofen-und-kocher-2\/sondes-thermostats-manometres-thermometres\/\">Sonden Thermostate Manometer Thermometer<\/a><\/p>\n<p><a href=\"https:\/\/amrtop.net\/de\/produktkategorie\/ersatzteile-diverse-ofen-und-kocher-2\/joints-detancheite\/\">Dichtgeflechte<\/a><\/p>\n<p><a href=\"https:\/\/amrtop.net\/de\/produktkategorie\/ersatzteile-diverse-ofen-und-kocher-2\/ventilateurs-centrifuges-pour-poeles-a-pellets\/\">Zentrifugalventilatoren<\/a><\/p>\n<p><a href=\"https:\/\/amrtop.net\/de\/produktkategorie\/ersatzteile-diverse-ofen-und-kocher-2\/ventilateurs-tangentiels-flux-transversal\/\">Tangentiale Ventilatoren<\/a><\/p>\n<p><a href=\"https:\/\/amrtop.net\/de\/produktkategorie\/ersatzteile-diverse-ofen-und-kocher-2\/adhesifs-et-produits-detancheite\/\">Klebstoffe und Kitt<\/a><\/p>\n<p>&nbsp;<\/p>","protected":false},"excerpt":{"rendered":"<hr \/>\n<h2><span style=\"color: #008000\">Verf\u00fcgbar<\/span><\/h2>\n<hr \/>\n<h3>Merkle &amp; Korff Getriebemotor 3,5 rpm mit Encoder<\/h3>\n<p>Code MKSF35E<br \/>\nWelle \u00f8 9.5 mm<br \/>\nGeschwindigkeit: 3.5 rpm<br \/>\nVerbundbleche: 24 mm<br \/>\nAbflachung: einfach<br \/>\nDrehrichtung: im Uhrzeigersinn<\/p>\n<h3>Kompatibilit\u00e4t<\/h3>\n<hr \/>\n<h3>Austauschbar mit den folgenden Modellen von Schneckengetriebemotoren Pelletladung :<\/h3>\n<p>Piazzetta,Mcz,Rot<\/p>","protected":false},"featured_media":34716,"comment_status":"open","ping_status":"closed","template":"","meta":[],"product_brand":[],"product_cat":[861,868,870],"product_tag":[81,39,88],"class_list":{"0":"post-3670","1":"product","2":"type-product","3":"status-publish","4":"has-post-thumbnail","6":"product_cat-motoreducteurs","7":"product_cat-motoreducteurs-merkle-korff","8":"product_cat-motoreducteurs-merkle-korff-arbre-o-9-5-mm-avec-encoder","9":"product_tag-mcz","10":"product_tag-piazzetta","11":"product_tag-red","12":"product_shipping_class-classe-di-spedizione-02","14":"first","15":"instock","16":"shipping-taxable","17":"purchasable","18":"product-type-simple"},"yoast_head":"<!-- This site is optimized with the Yoast SEO plugin v27.5 - https:\/\/yoast.com\/product\/yoast-seo-wordpress\/ -->\n<title>Motor\u00e9ducteur\u00a0Merkle&amp;Korff 3.5 rpm avec encodeur<\/title>\n<meta name=\"description\" content=\"Motor\u00e9ducteur\u00a0Merkle&amp;Korff 3.5 rpm avec encodeur-Motor\u00e9ducteur Merkle&amp;Korff avec encodeur pour four \u00e0 granul\u00e9s d\u2019arbre 9.5-Moteur Merkle&amp;Korff avec encodeur\" \/>\n<meta name=\"robots\" content=\"index, follow, max-snippet:-1, max-image-preview:large, max-video-preview:-1\" \/>\n<link rel=\"canonical\" href=\"https:\/\/amrtop.net\/de\/produkt\/motoriduttore-merkle-korff-35-rpm-con-encoder-codice-mksf35e-albero-o-95-mm-pacco-lamellare-24-mm\/\" \/>\n<meta property=\"og:locale\" content=\"de_DE\" \/>\n<meta property=\"og:type\" content=\"article\" \/>\n<meta property=\"og:title\" content=\"Motor\u00e9ducteur\u00a0Merkle&amp;Korff 3.5 rpm avec encodeur\" \/>\n<meta property=\"og:description\" content=\"Motor\u00e9ducteur\u00a0Merkle&amp;Korff 3.5 rpm avec encodeur-Motor\u00e9ducteur Merkle&amp;Korff avec encodeur pour four \u00e0 granul\u00e9s d\u2019arbre 9.5-Moteur Merkle&amp;Korff avec encodeur\" \/>\n<meta property=\"og:url\" content=\"https:\/\/amrtop.net\/de\/produkt\/motoriduttore-merkle-korff-35-rpm-con-encoder-codice-mksf35e-albero-o-95-mm-pacco-lamellare-24-mm\/\" \/>\n<meta property=\"og:site_name\" content=\"AMRTOP B2B \u00c9tranger - Achats r\u00e9serv\u00e9s au professionnel\" \/>\n<meta property=\"article:modified_time\" content=\"2025-02-12T12:45:29+00:00\" \/>\n<meta property=\"og:image\" content=\"https:\/\/amrtop.net\/wp-content\/uploads\/2022\/07\/mksf35e.jpg\" \/>\n\t<meta property=\"og:image:width\" content=\"960\" \/>\n\t<meta property=\"og:image:height\" content=\"960\" \/>\n\t<meta property=\"og:image:type\" content=\"image\/jpeg\" \/>\n<meta name=\"twitter:card\" content=\"summary_large_image\" \/>\n<meta name=\"twitter:label1\" content=\"Gesch\u00e4tzte Lesezeit\" \/>\n\t<meta name=\"twitter:data1\" content=\"1\u00a0Minute\" \/>\n<script type=\"application\/ld+json\" class=\"yoast-schema-graph\">{\"@context\":\"https:\\\/\\\/schema.org\",\"@graph\":[{\"@type\":\"WebPage\",\"@id\":\"https:\\\/\\\/amrtop.net\\\/produit\\\/motoriduttore-merkle-korff-35-rpm-con-encoder-codice-mksf35e-albero-o-95-mm-pacco-lamellare-24-mm\\\/\",\"url\":\"https:\\\/\\\/amrtop.net\\\/produit\\\/motoriduttore-merkle-korff-35-rpm-con-encoder-codice-mksf35e-albero-o-95-mm-pacco-lamellare-24-mm\\\/\",\"name\":\"Motor\u00e9ducteur\u00a0Merkle&Korff 3.5 rpm avec encodeur\",\"isPartOf\":{\"@id\":\"https:\\\/\\\/amrtop.net\\\/#website\"},\"primaryImageOfPage\":{\"@id\":\"https:\\\/\\\/amrtop.net\\\/produit\\\/motoriduttore-merkle-korff-35-rpm-con-encoder-codice-mksf35e-albero-o-95-mm-pacco-lamellare-24-mm\\\/#primaryimage\"},\"image\":{\"@id\":\"https:\\\/\\\/amrtop.net\\\/produit\\\/motoriduttore-merkle-korff-35-rpm-con-encoder-codice-mksf35e-albero-o-95-mm-pacco-lamellare-24-mm\\\/#primaryimage\"},\"thumbnailUrl\":\"https:\\\/\\\/amrtop.net\\\/wp-content\\\/uploads\\\/2022\\\/07\\\/mksf35e.jpg\",\"datePublished\":\"2020-01-10T00:00:00+00:00\",\"dateModified\":\"2025-02-12T12:45:29+00:00\",\"description\":\"Motor\u00e9ducteur\u00a0Merkle&Korff 3.5 rpm avec encodeur-Motor\u00e9ducteur Merkle&Korff avec encodeur pour four \u00e0 granul\u00e9s d\u2019arbre 9.5-Moteur Merkle&Korff avec encodeur\",\"breadcrumb\":{\"@id\":\"https:\\\/\\\/amrtop.net\\\/produit\\\/motoriduttore-merkle-korff-35-rpm-con-encoder-codice-mksf35e-albero-o-95-mm-pacco-lamellare-24-mm\\\/#breadcrumb\"},\"inLanguage\":\"de\",\"potentialAction\":[{\"@type\":\"ReadAction\",\"target\":[\"https:\\\/\\\/amrtop.net\\\/produit\\\/motoriduttore-merkle-korff-35-rpm-con-encoder-codice-mksf35e-albero-o-95-mm-pacco-lamellare-24-mm\\\/\"]}]},{\"@type\":\"ImageObject\",\"inLanguage\":\"de\",\"@id\":\"https:\\\/\\\/amrtop.net\\\/produit\\\/motoriduttore-merkle-korff-35-rpm-con-encoder-codice-mksf35e-albero-o-95-mm-pacco-lamellare-24-mm\\\/#primaryimage\",\"url\":\"https:\\\/\\\/amrtop.net\\\/wp-content\\\/uploads\\\/2022\\\/07\\\/mksf35e.jpg\",\"contentUrl\":\"https:\\\/\\\/amrtop.net\\\/wp-content\\\/uploads\\\/2022\\\/07\\\/mksf35e.jpg\",\"width\":960,\"height\":960,\"caption\":\"Motoriduttore Merkle&Korff 3.5 rpm con encoder\"},{\"@type\":\"BreadcrumbList\",\"@id\":\"https:\\\/\\\/amrtop.net\\\/produit\\\/motoriduttore-merkle-korff-35-rpm-con-encoder-codice-mksf35e-albero-o-95-mm-pacco-lamellare-24-mm\\\/#breadcrumb\",\"itemListElement\":[{\"@type\":\"ListItem\",\"position\":1,\"name\":\"Home\",\"item\":\"https:\\\/\\\/amrtop.net\\\/\"},{\"@type\":\"ListItem\",\"position\":2,\"name\":\"Shop\",\"item\":\"https:\\\/\\\/amrtop.net\\\/negozio\\\/\"},{\"@type\":\"ListItem\",\"position\":3,\"name\":\"Motor\u00e9ducteur\u00a0Merkle&amp;Korff 3.5 rpm avec encodeur Code MKSF35E &#8211; Arbre \u00f8 9,5 mm &#8211; T\u00f4les feuillet\u00e9es 24 mm\"}]},{\"@type\":\"WebSite\",\"@id\":\"https:\\\/\\\/amrtop.net\\\/#website\",\"url\":\"https:\\\/\\\/amrtop.net\\\/\",\"name\":\"AMRTOP B2B \u00c9tranger - Achats r\u00e9serv\u00e9s au professionnel\",\"description\":\"Pi\u00e8ces de rechange et accessoires pour po\u00eales et chaudi\u00e8res - eCommerce B2B pour Clients Professionnels\",\"potentialAction\":[{\"@type\":\"SearchAction\",\"target\":{\"@type\":\"EntryPoint\",\"urlTemplate\":\"https:\\\/\\\/amrtop.net\\\/?s={search_term_string}\"},\"query-input\":{\"@type\":\"PropertyValueSpecification\",\"valueRequired\":true,\"valueName\":\"search_term_string\"}}],\"inLanguage\":\"de\"}]}<\/script>\n<!-- \/ Yoast SEO plugin. -->","yoast_head_json":{"title":"Merkle&amp;Korff Getriebemotor 3.5 rpm mit Encoder","description":"Merkle&amp;Korff Getriebemotor 3.5 rpm mit Encoder-Merkle&amp;Korff Getriebemotor mit Encoder f\u00fcr Wellenpelletofen 9.5-Motor Merkle&amp;Korff mit Encoder","robots":{"index":"index","follow":"follow","max-snippet":"max-snippet:-1","max-image-preview":"max-image-preview:large","max-video-preview":"max-video-preview:-1"},"canonical":"https:\/\/amrtop.net\/de\/produkt\/motoriduttore-merkle-korff-35-rpm-con-encoder-codice-mksf35e-albero-o-95-mm-pacco-lamellare-24-mm\/","og_locale":"de_DE","og_type":"article","og_title":"Motor\u00e9ducteur\u00a0Merkle&Korff 3.5 rpm avec encodeur","og_description":"Motor\u00e9ducteur\u00a0Merkle&Korff 3.5 rpm avec encodeur-Motor\u00e9ducteur Merkle&Korff avec encodeur pour four \u00e0 granul\u00e9s d\u2019arbre 9.5-Moteur Merkle&Korff avec encodeur","og_url":"https:\/\/amrtop.net\/de\/produkt\/motoriduttore-merkle-korff-35-rpm-con-encoder-codice-mksf35e-albero-o-95-mm-pacco-lamellare-24-mm\/","og_site_name":"AMRTOP B2B \u00c9tranger - Achats r\u00e9serv\u00e9s au professionnel","article_modified_time":"2025-02-12T12:45:29+00:00","og_image":[{"width":960,"height":960,"url":"https:\/\/amrtop.net\/wp-content\/uploads\/2022\/07\/mksf35e.jpg","type":"image\/jpeg"}],"twitter_card":"summary_large_image","twitter_misc":{"Gesch\u00e4tzte Lesezeit":"1\u00a0Minute"},"schema":{"@context":"https:\/\/schema.org","@graph":[{"@type":"WebPage","@id":"https:\/\/amrtop.net\/produit\/motoriduttore-merkle-korff-35-rpm-con-encoder-codice-mksf35e-albero-o-95-mm-pacco-lamellare-24-mm\/","url":"https:\/\/amrtop.net\/produit\/motoriduttore-merkle-korff-35-rpm-con-encoder-codice-mksf35e-albero-o-95-mm-pacco-lamellare-24-mm\/","name":"Merkle&amp;Korff Getriebemotor 3.5 rpm mit Encoder","isPartOf":{"@id":"https:\/\/amrtop.net\/#website"},"primaryImageOfPage":{"@id":"https:\/\/amrtop.net\/produit\/motoriduttore-merkle-korff-35-rpm-con-encoder-codice-mksf35e-albero-o-95-mm-pacco-lamellare-24-mm\/#primaryimage"},"image":{"@id":"https:\/\/amrtop.net\/produit\/motoriduttore-merkle-korff-35-rpm-con-encoder-codice-mksf35e-albero-o-95-mm-pacco-lamellare-24-mm\/#primaryimage"},"thumbnailUrl":"https:\/\/amrtop.net\/wp-content\/uploads\/2022\/07\/mksf35e.jpg","datePublished":"2020-01-10T00:00:00+00:00","dateModified":"2025-02-12T12:45:29+00:00","description":"Merkle&amp;Korff Getriebemotor 3.5 rpm mit Encoder-Merkle&amp;Korff Getriebemotor mit Encoder f\u00fcr Wellenpelletofen 9.5-Motor Merkle&amp;Korff mit Encoder","breadcrumb":{"@id":"https:\/\/amrtop.net\/produit\/motoriduttore-merkle-korff-35-rpm-con-encoder-codice-mksf35e-albero-o-95-mm-pacco-lamellare-24-mm\/#breadcrumb"},"inLanguage":"de","potentialAction":[{"@type":"ReadAction","target":["https:\/\/amrtop.net\/produit\/motoriduttore-merkle-korff-35-rpm-con-encoder-codice-mksf35e-albero-o-95-mm-pacco-lamellare-24-mm\/"]}]},{"@type":"ImageObject","inLanguage":"de","@id":"https:\/\/amrtop.net\/produit\/motoriduttore-merkle-korff-35-rpm-con-encoder-codice-mksf35e-albero-o-95-mm-pacco-lamellare-24-mm\/#primaryimage","url":"https:\/\/amrtop.net\/wp-content\/uploads\/2022\/07\/mksf35e.jpg","contentUrl":"https:\/\/amrtop.net\/wp-content\/uploads\/2022\/07\/mksf35e.jpg","width":960,"height":960,"caption":"Motoriduttore Merkle&Korff 3.5 rpm con encoder"},{"@type":"BreadcrumbList","@id":"https:\/\/amrtop.net\/produit\/motoriduttore-merkle-korff-35-rpm-con-encoder-codice-mksf35e-albero-o-95-mm-pacco-lamellare-24-mm\/#breadcrumb","itemListElement":[{"@type":"ListItem","position":1,"name":"Home","item":"https:\/\/amrtop.net\/"},{"@type":"ListItem","position":2,"name":"Shop","item":"https:\/\/amrtop.net\/negozio\/"},{"@type":"ListItem","position":3,"name":"Motor\u00e9ducteur\u00a0Merkle&amp;Korff 3.5 rpm avec encodeur Code MKSF35E &#8211; Arbre \u00f8 9,5 mm &#8211; T\u00f4les feuillet\u00e9es 24 mm"}]},{"@type":"WebSite","@id":"https:\/\/amrtop.net\/#website","url":"https:\/\/amrtop.net\/","name":"AMRTOP B2B Ausland - Einkaufen nur f\u00fcr Fachleute","description":"Ersatzteile und Zubeh\u00f6r f\u00fcr \u00d6fen und Heizkessel - B2B eCommerce f\u00fcr Gesch\u00e4ftskunden","potentialAction":[{"@type":"SearchAction","target":{"@type":"EntryPoint","urlTemplate":"https:\/\/amrtop.net\/?s={search_term_string}"},"query-input":{"@type":"PropertyValueSpecification","valueRequired":true,"valueName":"search_term_string"}}],"inLanguage":"de"}]}},"_links":{"self":[{"href":"https:\/\/amrtop.net\/de\/wp-json\/wp\/v2\/product\/3670","targetHints":{"allow":["GET"]}}],"collection":[{"href":"https:\/\/amrtop.net\/de\/wp-json\/wp\/v2\/product"}],"about":[{"href":"https:\/\/amrtop.net\/de\/wp-json\/wp\/v2\/types\/product"}],"replies":[{"embeddable":true,"href":"https:\/\/amrtop.net\/de\/wp-json\/wp\/v2\/comments?post=3670"}],"wp:featuredmedia":[{"embeddable":true,"href":"https:\/\/amrtop.net\/de\/wp-json\/wp\/v2\/media\/34716"}],"wp:attachment":[{"href":"https:\/\/amrtop.net\/de\/wp-json\/wp\/v2\/media?parent=3670"}],"wp:term":[{"taxonomy":"product_brand","embeddable":true,"href":"https:\/\/amrtop.net\/de\/wp-json\/wp\/v2\/product_brand?post=3670"},{"taxonomy":"product_cat","embeddable":true,"href":"https:\/\/amrtop.net\/de\/wp-json\/wp\/v2\/product_cat?post=3670"},{"taxonomy":"product_tag","embeddable":true,"href":"https:\/\/amrtop.net\/de\/wp-json\/wp\/v2\/product_tag?post=3670"}],"curies":[{"name":"wp","href":"https:\/\/api.w.org\/{rel}","templated":true}]}}