{"id":3677,"date":"2020-10-01T00:00:00","date_gmt":"2020-10-01T00:00:00","guid":{"rendered":"https:\/\/amrtop.com\/B2B\/?post_type=product&#038;p=3677"},"modified":"2025-02-13T14:31:47","modified_gmt":"2025-02-13T14:31:47","slug":"motoreducteur-kenta-1-5-rpm-avec-encodeur-code-k9115003-arbre-o-85-mm-toles-feuilletees-30-mm","status":"publish","type":"product","link":"https:\/\/amrtop.net\/de\/produit\/motoreducteur-kenta-1-5-rpm-avec-encodeur-code-k9115003-arbre-o-85-mm-toles-feuilletees-30-mm\/","title":{"rendered":"Getriebemotor Kenta 1.5 rpm mit Encoder Code K9115003 - Welle \u00f8 8,5 mm - Verbundbleche 30 mm"},"content":{"rendered":"<hr \/>\n<h3><strong>Motor\u00e9ducteur Kenta 1.5 rpm \u00f8 8.5 K9115003<\/strong><\/h3>\n<p>In der breiten Palette der K911-Getriebemotoren gibt es Ausf\u00fchrungen mit polgebrochenen Wechselstrommotoren (AC) und Gleichstrommotoren (DC) mit Permanentmagnetmotor.<\/p>\n<p>Das innovative Projekt, die Produktionssysteme und die Kontrollen des Produktionsprozesses garantieren zuverl\u00e4ssige und leistungsf\u00e4hige Produkte.<\/p>\n<h3><strong>Hauptmerkmale der Kenta-Getriebemotoren :<\/strong><\/h3>\n<p>Das Getriebegeh\u00e4use ist aus Zamak-Druckguss gefertigt und integriert Befestigungen<br \/>\nf\u00fcr die Anwendung.<\/p>\n<p>Die kinematische Kette der Zahnr\u00e4der besteht aus: schr\u00e4gverzahnter Antriebswelle, Zahnr\u00e4dern aus speziellen thermoplastischen Materialien und Zahnr\u00e4dern aus Sinterstahl.<\/p>\n<p>Dieses System garantiert eine hohe Zuverl\u00e4ssigkeit, da die K911-Getriebemotoren sowohl in kalten (z. B. K\u00fchler) als auch in hei\u00dfen (z. B. \u00d6fen) Umgebungen eingesetzt werden k\u00f6nnen.<\/p>\n<p>Das Getriebegeh\u00e4use enth\u00e4lt 2 durchgehende Befestigungsl\u00f6cher und 5 Befestigungsl\u00f6cher mit einer max. Penetration von 4 mm.<\/p>\n<p>Die K911 AC-Getriebemotoren verwenden zweipolige Einphasen-Asynchronmotoren mit Kurzschlusswindungen und<br \/>\nvorbestimmte Drehrichtung.<\/p>\n<p>Die Wicklungen der Spulen werden von einer automatischen Anlage mit Drahtkontrolle durchgef\u00fchrt.<br \/>\nstabilisierte Spannung.<\/p>\n<p>Verf\u00fcgbare Spannungen und Frequenzen: 24 bis 240 V und 50\/60 Hz.<br \/>\nK911 DC Getriebemotoren verwenden b\u00fcrstenbehaftete Gleichstrommotoren mit Magneten<br \/>\npermanent f\u00fcr die 12- und 24-V-Versorgung.<\/p>\n<p>Diese Motoren erm\u00f6glichen eine doppelte Rotation<\/p>\n<h3><strong>Utilisation du Motor\u00e9ducteur Kenta 1.5 rpm arbre \u00f8 8.5 K9115003<\/strong><\/h3>\n<p>An der Spitze der Cochlea angekommen, f\u00e4llt das Pellet auf nat\u00fcrliche Weise in das Innere einer Rutsche, die es in das Innere des Brenners bef\u00f6rdert.<\/p>\n<h3><strong>Typische Anwendungen<\/strong><\/h3>\n<p>Verkaufsautomaten - Aggregate f\u00fcr Kaffeemaschinen - Vakuumverpackungsmaschinen - Gyros-Br\u00e4ter - Eismaschinen - rotierende Displays - Pellet\u00f6fen - Etikettiermaschinen - Stellantriebe f\u00fcr die Industrie.<\/p>\n<h3><strong>Innen<\/strong><\/h3>\n<p><a href=\"https:\/\/wekos.it\/\">\u00d6fen, Herde und Holzherde<\/a>\u00a0-\u00a0<a href=\"https:\/\/www.greenpuros.com\/\">Kamine, \u00d6fen und Pelletkessel.<\/a><\/p>\n<h3><strong>Amrtop Ersatzteile und Zubeh\u00f6r Sortiment<\/strong><\/h3>\n<p>&nbsp;<\/p>\n<p><a href=\"https:\/\/amrtop.net\/de\/produktkategorie\/ersatzteile-diverse-ofen-und-kocher-2\/bougies-dallumage-pour-poeles-et-chaudieres-a-pellets\/\">Gl\u00fchkerzen<\/a><\/p>\n<p><a href=\"https:\/\/amrtop.net\/de\/produktkategorie\/ersatzteile-diverse-ofen-und-kocher-2\/electronique\/\">Elektronik<\/a><\/p>\n<p><a href=\"https:\/\/amrtop.net\/de\/produktkategorie\/ersatzteile-diverse-ofen-und-kocher-2\/extracteurs-de-fumee\/\">Rauchabzug<\/a><\/p>\n<p><a href=\"https:\/\/amrtop.net\/de\/produktkategorie\/ersatzteile-diverse-ofen-und-kocher-2\/gaines-cable-connecteurs\/\">Kabelh\u00fcllen Verbinder<\/a><\/p>\n<p><a href=\"https:\/\/amrtop.net\/de\/produktkategorie\/ersatzteile-diverse-ofen-und-kocher-2\/joints-de-silicone\/\">Silikondichtungen<\/a><\/p>\n<p><a href=\"https:\/\/amrtop.net\/de\/produktkategorie\/ersatzteile-diverse-ofen-und-kocher-2\/motoreducteurs\/\">Getriebemotoren<\/a><\/p>\n<p><a href=\"https:\/\/amrtop.net\/de\/produktkategorie\/ersatzteile-diverse-ofen-und-kocher-2\/pressostats-et-transducteurs\/\">Druckschalter und Wandler<\/a><\/p>\n<p><a href=\"https:\/\/amrtop.net\/de\/produktkategorie\/ersatzteile-diverse-ofen-und-kocher-2\/sondes-thermostats-manometres-thermometres\/\">Sonden Thermostate Manometer Thermometer<\/a><\/p>\n<p><a href=\"https:\/\/amrtop.net\/de\/produktkategorie\/ersatzteile-diverse-ofen-und-kocher-2\/joints-detancheite\/\">Dichtgeflechte<\/a><\/p>\n<p><a href=\"https:\/\/amrtop.net\/de\/produktkategorie\/ersatzteile-diverse-ofen-und-kocher-2\/ventilateurs-centrifuges-pour-poeles-a-pellets\/\">Zentrifugalventilatoren<\/a><\/p>\n<p><a href=\"https:\/\/amrtop.net\/de\/produktkategorie\/ersatzteile-diverse-ofen-und-kocher-2\/ventilateurs-tangentiels-flux-transversal\/\">Tangentiale Ventilatoren<\/a><\/p>\n<p><a href=\"https:\/\/amrtop.net\/de\/produktkategorie\/ersatzteile-diverse-ofen-und-kocher-2\/adhesifs-et-produits-detancheite\/\">Klebstoffe und Kitt<\/a><\/p>\n<h3><\/h3>\n<p>&nbsp;<\/p>","protected":false},"excerpt":{"rendered":"<hr \/>\n<h2><span style=\"color: #008000\">Verf\u00fcgbar<\/span><\/h2>\n<hr \/>\n<p><strong>Motor\u00e9ducteur Kenta 1,5 rpm avec encodeur<\/strong><br \/>\nCode K9115003<\/p>\n<p>Welle \u00f8: 8.5 mm<br \/>\nGeschwindigkeit: 1.5 rpm<br \/>\nPaquet lamellaire : 30 mm<br \/>\nAbflachung: einfach<br \/>\nDrehrichtung: im Uhrzeigersinn<br \/>\nDrehmoment: 32 Nm<\/p>\n<p><strong>Kompatibilit\u00e4t<\/strong><br \/>\n<strong>Austauschbar mit den folgenden Modellen von Schneckengetriebemotoren Pelletladung :<\/strong><br \/>\nKenta : K9115001, K9115002, K9115006<br \/>\nMellor : FB1222<\/p>\n<p><strong>Motor\u00e9ducteur-moteur vis sans fin install\u00e9 et compatible avec les marques et mod\u00e8les de po\u00eales \u00e0 granul\u00e9s suivants :<\/strong><br \/>\nAdler,Artel,Burnit,Caminetti montegrappa,Clam,Ecospar,Mcz,Nordica Extraflam,Vulcania<\/p>","protected":false},"featured_media":34887,"comment_status":"open","ping_status":"closed","template":"","meta":[],"product_brand":[],"product_cat":[861,872,873],"product_tag":[24,211,162,212,125,163,81,193,99],"class_list":{"0":"post-3677","1":"product","2":"type-product","3":"status-publish","4":"has-post-thumbnail","6":"product_cat-motoreducteurs","7":"product_cat-motoreducteurs-kenta","8":"product_cat-motoreducteurs-kenta-arbre-o-8-5-mm-avec-encoder","9":"product_tag-adler","10":"product_tag-artele","11":"product_tag-burnit","12":"product_tag-caminetti-montegrapp","13":"product_tag-clam","14":"product_tag-ecospar","15":"product_tag-mcz","16":"product_tag-nordica-extraflam","17":"product_tag-vulcania","18":"product_shipping_class-classe-di-spedizione-02","20":"first","21":"instock","22":"shipping-taxable","23":"purchasable","24":"product-type-simple"},"yoast_head":"<!-- This site is optimized with the Yoast SEO plugin v27.5 - https:\/\/yoast.com\/product\/yoast-seo-wordpress\/ -->\n<title>Motor\u00e9ducteur Kenta 1.5 rpm \u00f8 8.5 K9115003<\/title>\n<meta name=\"description\" content=\"Motor\u00e9ducteur Kenta 1.5 rpm \u00f8 8.5 K9115003-Motor\u00e9ducteurs Kenta avec encodeur pour vis de po\u00eale \u00e0 granul\u00e9s d\u2019arbre, 8.5-Moteurs Kenta avec encodeur\" \/>\n<meta name=\"robots\" content=\"index, follow, max-snippet:-1, max-image-preview:large, max-video-preview:-1\" \/>\n<link rel=\"canonical\" href=\"https:\/\/amrtop.net\/de\/produkt\/motoreducteur-kenta-1-5-rpm-avec-encodeur-code-k9115003-arbre-o-85-mm-toles-feuilletees-30-mm\/\" \/>\n<meta property=\"og:locale\" content=\"de_DE\" \/>\n<meta property=\"og:type\" content=\"article\" \/>\n<meta property=\"og:title\" content=\"Motor\u00e9ducteur Kenta 1.5 rpm \u00f8 8.5 K9115003\" \/>\n<meta property=\"og:description\" content=\"Motor\u00e9ducteur Kenta 1.5 rpm \u00f8 8.5 K9115003-Motor\u00e9ducteurs Kenta avec encodeur pour vis de po\u00eale \u00e0 granul\u00e9s d\u2019arbre, 8.5-Moteurs Kenta avec encodeur\" \/>\n<meta property=\"og:url\" content=\"https:\/\/amrtop.net\/de\/produkt\/motoreducteur-kenta-1-5-rpm-avec-encodeur-code-k9115003-arbre-o-85-mm-toles-feuilletees-30-mm\/\" \/>\n<meta property=\"og:site_name\" content=\"AMRTOP B2B \u00c9tranger - Achats r\u00e9serv\u00e9s au professionnel\" \/>\n<meta property=\"article:modified_time\" content=\"2025-02-13T14:31:47+00:00\" \/>\n<meta property=\"og:image\" content=\"https:\/\/amrtop.net\/wp-content\/uploads\/2022\/07\/K9115003.jpg\" \/>\n\t<meta property=\"og:image:width\" content=\"960\" \/>\n\t<meta property=\"og:image:height\" content=\"960\" \/>\n\t<meta property=\"og:image:type\" content=\"image\/jpeg\" \/>\n<meta name=\"twitter:card\" content=\"summary_large_image\" \/>\n<meta name=\"twitter:label1\" content=\"Gesch\u00e4tzte Lesezeit\" \/>\n\t<meta name=\"twitter:data1\" content=\"2\u00a0Minuten\" \/>\n<script type=\"application\/ld+json\" class=\"yoast-schema-graph\">{\"@context\":\"https:\\\/\\\/schema.org\",\"@graph\":[{\"@type\":\"WebPage\",\"@id\":\"https:\\\/\\\/amrtop.net\\\/produit\\\/motoreducteur-kenta-1-5-rpm-avec-encodeur-code-k9115003-arbre-o-85-mm-toles-feuilletees-30-mm\\\/\",\"url\":\"https:\\\/\\\/amrtop.net\\\/produit\\\/motoreducteur-kenta-1-5-rpm-avec-encodeur-code-k9115003-arbre-o-85-mm-toles-feuilletees-30-mm\\\/\",\"name\":\"Motor\u00e9ducteur Kenta 1.5 rpm \u00f8 8.5 K9115003\",\"isPartOf\":{\"@id\":\"https:\\\/\\\/amrtop.net\\\/#website\"},\"primaryImageOfPage\":{\"@id\":\"https:\\\/\\\/amrtop.net\\\/produit\\\/motoreducteur-kenta-1-5-rpm-avec-encodeur-code-k9115003-arbre-o-85-mm-toles-feuilletees-30-mm\\\/#primaryimage\"},\"image\":{\"@id\":\"https:\\\/\\\/amrtop.net\\\/produit\\\/motoreducteur-kenta-1-5-rpm-avec-encodeur-code-k9115003-arbre-o-85-mm-toles-feuilletees-30-mm\\\/#primaryimage\"},\"thumbnailUrl\":\"https:\\\/\\\/amrtop.net\\\/wp-content\\\/uploads\\\/2022\\\/07\\\/K9115003.jpg\",\"datePublished\":\"2020-10-01T00:00:00+00:00\",\"dateModified\":\"2025-02-13T14:31:47+00:00\",\"description\":\"Motor\u00e9ducteur Kenta 1.5 rpm \u00f8 8.5 K9115003-Motor\u00e9ducteurs Kenta avec encodeur pour vis de po\u00eale \u00e0 granul\u00e9s d\u2019arbre, 8.5-Moteurs Kenta avec encodeur\",\"breadcrumb\":{\"@id\":\"https:\\\/\\\/amrtop.net\\\/produit\\\/motoreducteur-kenta-1-5-rpm-avec-encodeur-code-k9115003-arbre-o-85-mm-toles-feuilletees-30-mm\\\/#breadcrumb\"},\"inLanguage\":\"de\",\"potentialAction\":[{\"@type\":\"ReadAction\",\"target\":[\"https:\\\/\\\/amrtop.net\\\/produit\\\/motoreducteur-kenta-1-5-rpm-avec-encodeur-code-k9115003-arbre-o-85-mm-toles-feuilletees-30-mm\\\/\"]}]},{\"@type\":\"ImageObject\",\"inLanguage\":\"de\",\"@id\":\"https:\\\/\\\/amrtop.net\\\/produit\\\/motoreducteur-kenta-1-5-rpm-avec-encodeur-code-k9115003-arbre-o-85-mm-toles-feuilletees-30-mm\\\/#primaryimage\",\"url\":\"https:\\\/\\\/amrtop.net\\\/wp-content\\\/uploads\\\/2022\\\/07\\\/K9115003.jpg\",\"contentUrl\":\"https:\\\/\\\/amrtop.net\\\/wp-content\\\/uploads\\\/2022\\\/07\\\/K9115003.jpg\",\"width\":960,\"height\":960,\"caption\":\"Motor\u00e9ducteur Kenta 1.5 rpm \u00f8 8.5 K9115003-Motor\u00e9ducteurs Kenta avec encodeur pour vis de po\u00eale \u00e0 granul\u00e9s d\u2019arbre, 8.5-Moteurs Kenta avec encodeur\"},{\"@type\":\"BreadcrumbList\",\"@id\":\"https:\\\/\\\/amrtop.net\\\/produit\\\/motoreducteur-kenta-1-5-rpm-avec-encodeur-code-k9115003-arbre-o-85-mm-toles-feuilletees-30-mm\\\/#breadcrumb\",\"itemListElement\":[{\"@type\":\"ListItem\",\"position\":1,\"name\":\"Home\",\"item\":\"https:\\\/\\\/amrtop.net\\\/\"},{\"@type\":\"ListItem\",\"position\":2,\"name\":\"Shop\",\"item\":\"https:\\\/\\\/amrtop.net\\\/negozio\\\/\"},{\"@type\":\"ListItem\",\"position\":3,\"name\":\"Motor\u00e9ducteur Kenta 1.5 rpm avec encodeur Code K9115003 &#8211; Arbre \u00f8 8,5 mm \u2013 T\u00f4les feuillet\u00e9es 30 mm\"}]},{\"@type\":\"WebSite\",\"@id\":\"https:\\\/\\\/amrtop.net\\\/#website\",\"url\":\"https:\\\/\\\/amrtop.net\\\/\",\"name\":\"AMRTOP B2B \u00c9tranger - Achats r\u00e9serv\u00e9s au professionnel\",\"description\":\"Pi\u00e8ces de rechange et accessoires pour po\u00eales et chaudi\u00e8res - eCommerce B2B pour Clients Professionnels\",\"potentialAction\":[{\"@type\":\"SearchAction\",\"target\":{\"@type\":\"EntryPoint\",\"urlTemplate\":\"https:\\\/\\\/amrtop.net\\\/?s={search_term_string}\"},\"query-input\":{\"@type\":\"PropertyValueSpecification\",\"valueRequired\":true,\"valueName\":\"search_term_string\"}}],\"inLanguage\":\"de\"}]}<\/script>\n<!-- \/ Yoast SEO plugin. -->","yoast_head_json":{"title":"Motor\u00e9ducteur Kenta 1.5 rpm \u00f8 8.5 K9115003","description":"Kenta-Getriebemotor 1.5 rpm \u00f8 8.5 K9115003-Kenta-Getriebemotoren mit Encoder f\u00fcr Wellen-Pelletofen-Schnecke, 8.5-Kenta-Motoren mit Encoder","robots":{"index":"index","follow":"follow","max-snippet":"max-snippet:-1","max-image-preview":"max-image-preview:large","max-video-preview":"max-video-preview:-1"},"canonical":"https:\/\/amrtop.net\/de\/produkt\/motoreducteur-kenta-1-5-rpm-avec-encodeur-code-k9115003-arbre-o-85-mm-toles-feuilletees-30-mm\/","og_locale":"de_DE","og_type":"article","og_title":"Motor\u00e9ducteur Kenta 1.5 rpm \u00f8 8.5 K9115003","og_description":"Motor\u00e9ducteur Kenta 1.5 rpm \u00f8 8.5 K9115003-Motor\u00e9ducteurs Kenta avec encodeur pour vis de po\u00eale \u00e0 granul\u00e9s d\u2019arbre, 8.5-Moteurs Kenta avec encodeur","og_url":"https:\/\/amrtop.net\/de\/produkt\/motoreducteur-kenta-1-5-rpm-avec-encodeur-code-k9115003-arbre-o-85-mm-toles-feuilletees-30-mm\/","og_site_name":"AMRTOP B2B \u00c9tranger - Achats r\u00e9serv\u00e9s au professionnel","article_modified_time":"2025-02-13T14:31:47+00:00","og_image":[{"width":960,"height":960,"url":"https:\/\/amrtop.net\/wp-content\/uploads\/2022\/07\/K9115003.jpg","type":"image\/jpeg"}],"twitter_card":"summary_large_image","twitter_misc":{"Gesch\u00e4tzte Lesezeit":"2\u00a0Minuten"},"schema":{"@context":"https:\/\/schema.org","@graph":[{"@type":"WebPage","@id":"https:\/\/amrtop.net\/produit\/motoreducteur-kenta-1-5-rpm-avec-encodeur-code-k9115003-arbre-o-85-mm-toles-feuilletees-30-mm\/","url":"https:\/\/amrtop.net\/produit\/motoreducteur-kenta-1-5-rpm-avec-encodeur-code-k9115003-arbre-o-85-mm-toles-feuilletees-30-mm\/","name":"Motor\u00e9ducteur Kenta 1.5 rpm \u00f8 8.5 K9115003","isPartOf":{"@id":"https:\/\/amrtop.net\/#website"},"primaryImageOfPage":{"@id":"https:\/\/amrtop.net\/produit\/motoreducteur-kenta-1-5-rpm-avec-encodeur-code-k9115003-arbre-o-85-mm-toles-feuilletees-30-mm\/#primaryimage"},"image":{"@id":"https:\/\/amrtop.net\/produit\/motoreducteur-kenta-1-5-rpm-avec-encodeur-code-k9115003-arbre-o-85-mm-toles-feuilletees-30-mm\/#primaryimage"},"thumbnailUrl":"https:\/\/amrtop.net\/wp-content\/uploads\/2022\/07\/K9115003.jpg","datePublished":"2020-10-01T00:00:00+00:00","dateModified":"2025-02-13T14:31:47+00:00","description":"Kenta-Getriebemotor 1.5 rpm \u00f8 8.5 K9115003-Kenta-Getriebemotoren mit Encoder f\u00fcr Wellen-Pelletofen-Schnecke, 8.5-Kenta-Motoren mit Encoder","breadcrumb":{"@id":"https:\/\/amrtop.net\/produit\/motoreducteur-kenta-1-5-rpm-avec-encodeur-code-k9115003-arbre-o-85-mm-toles-feuilletees-30-mm\/#breadcrumb"},"inLanguage":"de","potentialAction":[{"@type":"ReadAction","target":["https:\/\/amrtop.net\/produit\/motoreducteur-kenta-1-5-rpm-avec-encodeur-code-k9115003-arbre-o-85-mm-toles-feuilletees-30-mm\/"]}]},{"@type":"ImageObject","inLanguage":"de","@id":"https:\/\/amrtop.net\/produit\/motoreducteur-kenta-1-5-rpm-avec-encodeur-code-k9115003-arbre-o-85-mm-toles-feuilletees-30-mm\/#primaryimage","url":"https:\/\/amrtop.net\/wp-content\/uploads\/2022\/07\/K9115003.jpg","contentUrl":"https:\/\/amrtop.net\/wp-content\/uploads\/2022\/07\/K9115003.jpg","width":960,"height":960,"caption":"Motor\u00e9ducteur Kenta 1.5 rpm \u00f8 8.5 K9115003-Motor\u00e9ducteurs Kenta avec encodeur pour vis de po\u00eale \u00e0 granul\u00e9s d\u2019arbre, 8.5-Moteurs Kenta avec encodeur"},{"@type":"BreadcrumbList","@id":"https:\/\/amrtop.net\/produit\/motoreducteur-kenta-1-5-rpm-avec-encodeur-code-k9115003-arbre-o-85-mm-toles-feuilletees-30-mm\/#breadcrumb","itemListElement":[{"@type":"ListItem","position":1,"name":"Home","item":"https:\/\/amrtop.net\/"},{"@type":"ListItem","position":2,"name":"Shop","item":"https:\/\/amrtop.net\/negozio\/"},{"@type":"ListItem","position":3,"name":"Motor\u00e9ducteur Kenta 1.5 rpm avec encodeur Code K9115003 &#8211; Arbre \u00f8 8,5 mm \u2013 T\u00f4les feuillet\u00e9es 30 mm"}]},{"@type":"WebSite","@id":"https:\/\/amrtop.net\/#website","url":"https:\/\/amrtop.net\/","name":"AMRTOP B2B Ausland - Einkaufen nur f\u00fcr Fachleute","description":"Ersatzteile und Zubeh\u00f6r f\u00fcr \u00d6fen und Heizkessel - B2B eCommerce f\u00fcr Gesch\u00e4ftskunden","potentialAction":[{"@type":"SearchAction","target":{"@type":"EntryPoint","urlTemplate":"https:\/\/amrtop.net\/?s={search_term_string}"},"query-input":{"@type":"PropertyValueSpecification","valueRequired":true,"valueName":"search_term_string"}}],"inLanguage":"de"}]}},"_links":{"self":[{"href":"https:\/\/amrtop.net\/de\/wp-json\/wp\/v2\/product\/3677","targetHints":{"allow":["GET"]}}],"collection":[{"href":"https:\/\/amrtop.net\/de\/wp-json\/wp\/v2\/product"}],"about":[{"href":"https:\/\/amrtop.net\/de\/wp-json\/wp\/v2\/types\/product"}],"replies":[{"embeddable":true,"href":"https:\/\/amrtop.net\/de\/wp-json\/wp\/v2\/comments?post=3677"}],"wp:featuredmedia":[{"embeddable":true,"href":"https:\/\/amrtop.net\/de\/wp-json\/wp\/v2\/media\/34887"}],"wp:attachment":[{"href":"https:\/\/amrtop.net\/de\/wp-json\/wp\/v2\/media?parent=3677"}],"wp:term":[{"taxonomy":"product_brand","embeddable":true,"href":"https:\/\/amrtop.net\/de\/wp-json\/wp\/v2\/product_brand?post=3677"},{"taxonomy":"product_cat","embeddable":true,"href":"https:\/\/amrtop.net\/de\/wp-json\/wp\/v2\/product_cat?post=3677"},{"taxonomy":"product_tag","embeddable":true,"href":"https:\/\/amrtop.net\/de\/wp-json\/wp\/v2\/product_tag?post=3677"}],"curies":[{"name":"wp","href":"https:\/\/api.w.org\/{rel}","templated":true}]}}