{"id":3683,"date":"2020-10-01T00:00:00","date_gmt":"2020-10-01T00:00:00","guid":{"rendered":"https:\/\/amrtop.com\/B2B\/?post_type=product&#038;p=3683"},"modified":"2023-05-29T09:19:14","modified_gmt":"2023-05-29T09:19:14","slug":"motoreducteur-kenta-1-rpm-renforce-code-k9173004-arbre-o-85-mm-toles-feuilletees-20-mm","status":"publish","type":"product","link":"https:\/\/amrtop.net\/de\/produit\/motoreducteur-kenta-1-rpm-renforce-code-k9173004-arbre-o-85-mm-toles-feuilletees-20-mm\/","title":{"rendered":"Motor\u00e9ducteur Kenta 1 rpm renforc\u00e9 Code K9173004 \u2013 Arbre \u00f8 8,5 mm \u2013 T\u00f4les feuillet\u00e9es 20 mm"},"content":{"rendered":"<hr \/>\n<h3 class=\"product_title entry-title\">Motor\u00e9ducteur Kenta 1 rpm arbre <strong>\u00f8 8.5 K9173004<\/strong><\/h3>\n<p>In der breiten Palette der K917-Getriebemotoren gibt es Versionen mit Wechselstrommotoren<br \/>\n(AC) mit gebrochenen Polen und Gleichstrom (DC) mit Permanentmagnetmotor.<\/p>\n<p>Zur Optimierung des ger\u00e4uscharmen Betriebs und der Haltbarkeit \u00fcber die Zeit.<\/p>\n<p>Das innovative Projekt, die Produktionssysteme und die Kontrollen des Produktionsprozesses garantieren zuverl\u00e4ssige und leistungsf\u00e4hige Produkte.<\/p>\n<p>\u00c4hnlich wie der Getriebemotor K911 erm\u00f6glicht durch die Dimensionierung der<br \/>\nZahnr\u00e4dern und einer verst\u00e4rkten Karkasse eine h\u00f6here Widerstandsf\u00e4higkeit gegen Belastungen.<\/p>\n<p>&nbsp;<\/p>\n<h3>Caract\u00e9ristiques de construction du moteur \u00e0 engrenages Kenta 1 rpm arbre<\/h3>\n<p><strong>Das Reduzierst\u00fcck<\/strong><br \/>\nDas Getriebegeh\u00e4use ist aus Zamak-Druckguss gefertigt und integriert Befestigungen<\/p>\n<p>Die kinematische Kette der Zahnr\u00e4der besteht aus: schr\u00e4gverzahnter Antriebswelle, Zahnr\u00e4dern aus speziellen thermoplastischen Materialien und Zahnr\u00e4dern aus Sinterstahl.<\/p>\n<p>Dieses System garantiert eine hohe Zuverl\u00e4ssigkeit, da die K911-Getriebemotoren sowohl in kalten (z. B. K\u00fchler) als auch in hei\u00dfen (z. B. \u00d6fen) Umgebungen eingesetzt werden k\u00f6nnen.<\/p>\n<h3><strong>Wechselstrommotoren (AC)<\/strong><\/h3>\n<p>Die K917 AC-Getriebemotoren verwenden zweipolige Einphasen-Asynchronmotoren mit Kurzschlusswindungen und<\/p>\n<p>Die Wicklungen der Spulen werden von einer automatischen Anlage mit Drahtkontrolle durchgef\u00fchrt.<\/p>\n<p>Verf\u00fcgbare Spannungen und Frequenzen: 24 bis 240 V und 50\/60 Hz.<\/p>\n<p>K917 DC Getriebemotoren verwenden b\u00fcrstenbehaftete Gleichstrommotoren mit Magneten<br \/>\npermanent f\u00fcr die 12- und 24-V-Versorgung.<\/p>\n<p>Diese Motoren erm\u00f6glichen eine doppelte Rotation<\/p>\n<h3>Utilisation du motor\u00e9ducteur Kenta 1 rpm arbre \u00f8 8.5 K9173004<\/h3>\n<p>Il motor\u00e9ducteur Kenta<strong>\u00a0<\/strong>verkauft von\u00a0<strong>Amrtop<\/strong>\u00a0Sie sind in Pelletger\u00e4ten eingebaut und haben die Aufgabe, die Schnecke im Pelletbeh\u00e4lter zu drehen und das Pellet in den Tiegel zu bef\u00f6rdern, wo es verbrannt wird, oder die immer h\u00e4ufiger verwendeten Systeme zur automatischen Reinigung der Glut, die in vielen Biomasse\u00f6fen und -kesseln vorhanden sind.<\/p>\n<p>An der Spitze der Cochlea angekommen, f\u00e4llt das Pellet auf nat\u00fcrliche Weise in das Innere einer Rutsche, die es in das Innere des Brenners bef\u00f6rdert.<\/p>\n<h3><strong>Typische Anwendungen<\/strong><\/h3>\n<ul>\n<li>Pellet\u00f6fen<\/li>\n<li>Kaffeemaschinen<\/li>\n<li>Br\u00e4ter<\/li>\n<li>Mischer<\/li>\n<li>Chocolatier<\/li>\n<li>Stellantriebe f\u00fcr die Industrie<\/li>\n<\/ul>\n<h3><strong>Innen<\/strong><\/h3>\n<p><a href=\"https:\/\/wekos.it\/\">\u00d6fen, Herde und Holzherde<\/a>\u00a0-\u00a0<a href=\"https:\/\/www.greenpuros.com\/\">Kamine, \u00d6fen und Pelletkessel.<\/a><\/p>\n<h3><strong>Amrtop Ersatzteile und Zubeh\u00f6r Sortiment<\/strong><\/h3>\n<p>&nbsp;<\/p>\n<p><a href=\"https:\/\/amrtop.net\/de\/produktkategorie\/ersatzteile-diverse-ofen-und-kocher-2\/bougies-dallumage-pour-poeles-et-chaudieres-a-pellets\/\">Gl\u00fchkerzen<\/a><\/p>\n<p><a href=\"https:\/\/amrtop.net\/de\/produktkategorie\/ersatzteile-diverse-ofen-und-kocher-2\/electronique\/\">Elektronik<\/a><\/p>\n<p><a href=\"https:\/\/amrtop.net\/de\/produktkategorie\/ersatzteile-diverse-ofen-und-kocher-2\/extracteurs-de-fumee\/\">Rauchabzug<\/a><\/p>\n<p><a href=\"https:\/\/amrtop.net\/de\/produktkategorie\/ersatzteile-diverse-ofen-und-kocher-2\/gaines-cable-connecteurs\/\">Kabelh\u00fcllen Verbinder<\/a><\/p>\n<p><a href=\"https:\/\/amrtop.net\/de\/produktkategorie\/ersatzteile-diverse-ofen-und-kocher-2\/joints-de-silicone\/\">Silikondichtungen<\/a><\/p>\n<p><a href=\"https:\/\/amrtop.net\/de\/produktkategorie\/ersatzteile-diverse-ofen-und-kocher-2\/motoreducteurs\/\">Getriebemotoren<\/a><\/p>\n<p><a href=\"https:\/\/amrtop.net\/de\/produktkategorie\/ersatzteile-diverse-ofen-und-kocher-2\/pressostats-et-transducteurs\/\">Druckschalter und Wandler<\/a><\/p>\n<p><a href=\"https:\/\/amrtop.net\/de\/produktkategorie\/ersatzteile-diverse-ofen-und-kocher-2\/sondes-thermostats-manometres-thermometres\/\">Sonden Thermostate Manometer Thermometer<\/a><\/p>\n<p><a href=\"https:\/\/amrtop.net\/de\/produktkategorie\/ersatzteile-diverse-ofen-und-kocher-2\/joints-detancheite\/\">Dichtgeflechte<\/a><\/p>\n<p><a href=\"https:\/\/amrtop.net\/de\/produktkategorie\/ersatzteile-diverse-ofen-und-kocher-2\/ventilateurs-centrifuges-pour-poeles-a-pellets\/\">Zentrifugalventilatoren<\/a><\/p>\n<p><a href=\"https:\/\/amrtop.net\/de\/produktkategorie\/ersatzteile-diverse-ofen-und-kocher-2\/ventilateurs-tangentiels-flux-transversal\/\">Tangentiale Ventilatoren<\/a><\/p>\n<p><a href=\"https:\/\/amrtop.net\/de\/produktkategorie\/ersatzteile-diverse-ofen-und-kocher-2\/adhesifs-et-produits-detancheite\/\">Klebstoffe und Kitt<\/a><\/p>\n<p>&nbsp;<\/p>","protected":false},"excerpt":{"rendered":"<hr \/>\n<h2><span style=\"color: #008000\">Verf\u00fcgbar<\/span><\/h2>\n<hr \/>\n<h3>Motor\u00e9ducteur Kenta 1 rpm renforc\u00e9<\/h3>\n<p>Code K9173004<br \/>\nWelle \u00f8: 8.5 mm<br \/>\nGeschwindigkeit: 1 rpm<br \/>\nLamellenpaket: 20 mm<br \/>\nAbflachung: einfach<br \/>\nDrehrichtung: im Uhrzeigersinn<br \/>\nDrehmoment: 34 Nm<\/p>\n<h3>Kompatibilit\u00e4t<\/h3>\n<hr \/>\n<h3>Schneckengetriebemotor installiert und kompatibel mit den folgenden Marken und Modellen von Pellet\u00f6fen:<\/h3>\n<p>Deville,Green Puros,Kausiflam,Puros<\/p>","protected":false},"featured_media":34884,"comment_status":"open","ping_status":"closed","template":"","meta":[],"product_brand":[],"product_cat":[861,872,874],"product_tag":[67,87],"class_list":{"0":"post-3683","1":"product","2":"type-product","3":"status-publish","4":"has-post-thumbnail","6":"product_cat-motoreducteurs","7":"product_cat-motoreducteurs-kenta","8":"product_cat-motoreducteurs-kenta-arbre-o-85-mm","9":"product_tag-green-puros","10":"product_tag-puros","11":"product_shipping_class-classe-di-spedizione-02","13":"first","14":"instock","15":"shipping-taxable","16":"purchasable","17":"product-type-simple"},"yoast_head":"<!-- This site is optimized with the Yoast SEO plugin v27.4 - https:\/\/yoast.com\/product\/yoast-seo-wordpress\/ -->\n<title>Motor\u00e9ducteur Kenta 1 rpm arbre \u00f8 8.5 K9173004<\/title>\n<meta name=\"description\" content=\"Motor\u00e9ducteur Kenta 1 rpm arbre \u00f8 8.5 K9173004-Motor\u00e9ducteurs Kenta pour vis de po\u00eale \u00e0 granul\u00e9s m\u00e2ts 8.5-Motor\u00e9ducteurs Kenta pour po\u00eales et chaudi\u00e8res\" \/>\n<meta name=\"robots\" content=\"index, follow, max-snippet:-1, max-image-preview:large, max-video-preview:-1\" \/>\n<link rel=\"canonical\" href=\"https:\/\/amrtop.net\/de\/produkt\/motoreducteur-kenta-1-rpm-renforce-code-k9173004-arbre-o-85-mm-toles-feuilletees-20-mm\/\" \/>\n<meta property=\"og:locale\" content=\"de_DE\" \/>\n<meta property=\"og:type\" content=\"article\" \/>\n<meta property=\"og:title\" content=\"Motor\u00e9ducteur Kenta 1 rpm arbre \u00f8 8.5 K9173004\" \/>\n<meta property=\"og:description\" content=\"Motor\u00e9ducteur Kenta 1 rpm arbre \u00f8 8.5 K9173004-Motor\u00e9ducteurs Kenta pour vis de po\u00eale \u00e0 granul\u00e9s m\u00e2ts 8.5-Motor\u00e9ducteurs Kenta pour po\u00eales et chaudi\u00e8res\" \/>\n<meta property=\"og:url\" content=\"https:\/\/amrtop.net\/de\/produkt\/motoreducteur-kenta-1-rpm-renforce-code-k9173004-arbre-o-85-mm-toles-feuilletees-20-mm\/\" \/>\n<meta property=\"og:site_name\" content=\"AMRTOP B2B \u00c9tranger - Achats r\u00e9serv\u00e9s au professionnel\" \/>\n<meta property=\"article:modified_time\" content=\"2023-05-29T09:19:14+00:00\" \/>\n<meta property=\"og:image\" content=\"https:\/\/amrtop.net\/wp-content\/uploads\/2022\/07\/K9173004.jpg\" \/>\n\t<meta property=\"og:image:width\" content=\"960\" \/>\n\t<meta property=\"og:image:height\" content=\"960\" \/>\n\t<meta property=\"og:image:type\" content=\"image\/jpeg\" \/>\n<meta name=\"twitter:card\" content=\"summary_large_image\" \/>\n<meta name=\"twitter:label1\" content=\"Gesch\u00e4tzte Lesezeit\" \/>\n\t<meta name=\"twitter:data1\" content=\"1\u00a0Minute\" \/>\n<script type=\"application\/ld+json\" class=\"yoast-schema-graph\">{\"@context\":\"https:\\\/\\\/schema.org\",\"@graph\":[{\"@type\":\"WebPage\",\"@id\":\"https:\\\/\\\/amrtop.net\\\/produit\\\/motoreducteur-kenta-1-rpm-renforce-code-k9173004-arbre-o-85-mm-toles-feuilletees-20-mm\\\/\",\"url\":\"https:\\\/\\\/amrtop.net\\\/produit\\\/motoreducteur-kenta-1-rpm-renforce-code-k9173004-arbre-o-85-mm-toles-feuilletees-20-mm\\\/\",\"name\":\"Motor\u00e9ducteur Kenta 1 rpm arbre \u00f8 8.5 K9173004\",\"isPartOf\":{\"@id\":\"https:\\\/\\\/amrtop.net\\\/#website\"},\"primaryImageOfPage\":{\"@id\":\"https:\\\/\\\/amrtop.net\\\/produit\\\/motoreducteur-kenta-1-rpm-renforce-code-k9173004-arbre-o-85-mm-toles-feuilletees-20-mm\\\/#primaryimage\"},\"image\":{\"@id\":\"https:\\\/\\\/amrtop.net\\\/produit\\\/motoreducteur-kenta-1-rpm-renforce-code-k9173004-arbre-o-85-mm-toles-feuilletees-20-mm\\\/#primaryimage\"},\"thumbnailUrl\":\"https:\\\/\\\/amrtop.net\\\/wp-content\\\/uploads\\\/2022\\\/07\\\/K9173004.jpg\",\"datePublished\":\"2020-10-01T00:00:00+00:00\",\"dateModified\":\"2023-05-29T09:19:14+00:00\",\"description\":\"Motor\u00e9ducteur Kenta 1 rpm arbre \u00f8 8.5 K9173004-Motor\u00e9ducteurs Kenta pour vis de po\u00eale \u00e0 granul\u00e9s m\u00e2ts 8.5-Motor\u00e9ducteurs Kenta pour po\u00eales et chaudi\u00e8res\",\"breadcrumb\":{\"@id\":\"https:\\\/\\\/amrtop.net\\\/produit\\\/motoreducteur-kenta-1-rpm-renforce-code-k9173004-arbre-o-85-mm-toles-feuilletees-20-mm\\\/#breadcrumb\"},\"inLanguage\":\"de\",\"potentialAction\":[{\"@type\":\"ReadAction\",\"target\":[\"https:\\\/\\\/amrtop.net\\\/produit\\\/motoreducteur-kenta-1-rpm-renforce-code-k9173004-arbre-o-85-mm-toles-feuilletees-20-mm\\\/\"]}]},{\"@type\":\"ImageObject\",\"inLanguage\":\"de\",\"@id\":\"https:\\\/\\\/amrtop.net\\\/produit\\\/motoreducteur-kenta-1-rpm-renforce-code-k9173004-arbre-o-85-mm-toles-feuilletees-20-mm\\\/#primaryimage\",\"url\":\"https:\\\/\\\/amrtop.net\\\/wp-content\\\/uploads\\\/2022\\\/07\\\/K9173004.jpg\",\"contentUrl\":\"https:\\\/\\\/amrtop.net\\\/wp-content\\\/uploads\\\/2022\\\/07\\\/K9173004.jpg\",\"width\":960,\"height\":960,\"caption\":\"Motor\u00e9ducteur Kenta 1 rpm arbre \u00f8 8.5 K9173004-Motor\u00e9ducteurs Kenta pour vis de po\u00eale \u00e0 granul\u00e9s m\u00e2ts 8.5-Motor\u00e9ducteurs Kenta pour po\u00eales et chaudi\u00e8res\"},{\"@type\":\"BreadcrumbList\",\"@id\":\"https:\\\/\\\/amrtop.net\\\/produit\\\/motoreducteur-kenta-1-rpm-renforce-code-k9173004-arbre-o-85-mm-toles-feuilletees-20-mm\\\/#breadcrumb\",\"itemListElement\":[{\"@type\":\"ListItem\",\"position\":1,\"name\":\"Home\",\"item\":\"https:\\\/\\\/amrtop.net\\\/\"},{\"@type\":\"ListItem\",\"position\":2,\"name\":\"Shop\",\"item\":\"https:\\\/\\\/amrtop.net\\\/negozio\\\/\"},{\"@type\":\"ListItem\",\"position\":3,\"name\":\"Motor\u00e9ducteur Kenta 1 rpm renforc\u00e9 Code K9173004 \u2013 Arbre \u00f8 8,5 mm \u2013 T\u00f4les feuillet\u00e9es 20 mm\"}]},{\"@type\":\"WebSite\",\"@id\":\"https:\\\/\\\/amrtop.net\\\/#website\",\"url\":\"https:\\\/\\\/amrtop.net\\\/\",\"name\":\"AMRTOP B2B \u00c9tranger - Achats r\u00e9serv\u00e9s au professionnel\",\"description\":\"Pi\u00e8ces de rechange et accessoires pour po\u00eales et chaudi\u00e8res - eCommerce B2B pour Clients Professionnels\",\"potentialAction\":[{\"@type\":\"SearchAction\",\"target\":{\"@type\":\"EntryPoint\",\"urlTemplate\":\"https:\\\/\\\/amrtop.net\\\/?s={search_term_string}\"},\"query-input\":{\"@type\":\"PropertyValueSpecification\",\"valueRequired\":true,\"valueName\":\"search_term_string\"}}],\"inLanguage\":\"de\"}]}<\/script>\n<!-- \/ Yoast SEO plugin. -->","yoast_head_json":{"title":"Motor\u00e9ducteur Kenta 1 rpm arbre \u00f8 8.5 K9173004","description":"Motor\u00e9ducteur Kenta 1 rpm arbre \u00f8 8.5 K9173004-Motor\u00e9ducteurs Kenta pour vis de po\u00eale \u00e0 granul\u00e9s m\u00e2ts 8.5-Motor\u00e9ducteurs Kenta pour po\u00eales et chaudi\u00e8res","robots":{"index":"index","follow":"follow","max-snippet":"max-snippet:-1","max-image-preview":"max-image-preview:large","max-video-preview":"max-video-preview:-1"},"canonical":"https:\/\/amrtop.net\/de\/produkt\/motoreducteur-kenta-1-rpm-renforce-code-k9173004-arbre-o-85-mm-toles-feuilletees-20-mm\/","og_locale":"de_DE","og_type":"article","og_title":"Motor\u00e9ducteur Kenta 1 rpm arbre \u00f8 8.5 K9173004","og_description":"Motor\u00e9ducteur Kenta 1 rpm arbre \u00f8 8.5 K9173004-Motor\u00e9ducteurs Kenta pour vis de po\u00eale \u00e0 granul\u00e9s m\u00e2ts 8.5-Motor\u00e9ducteurs Kenta pour po\u00eales et chaudi\u00e8res","og_url":"https:\/\/amrtop.net\/de\/produkt\/motoreducteur-kenta-1-rpm-renforce-code-k9173004-arbre-o-85-mm-toles-feuilletees-20-mm\/","og_site_name":"AMRTOP B2B \u00c9tranger - Achats r\u00e9serv\u00e9s au professionnel","article_modified_time":"2023-05-29T09:19:14+00:00","og_image":[{"width":960,"height":960,"url":"https:\/\/amrtop.net\/wp-content\/uploads\/2022\/07\/K9173004.jpg","type":"image\/jpeg"}],"twitter_card":"summary_large_image","twitter_misc":{"Gesch\u00e4tzte Lesezeit":"1\u00a0Minute"},"schema":{"@context":"https:\/\/schema.org","@graph":[{"@type":"WebPage","@id":"https:\/\/amrtop.net\/produit\/motoreducteur-kenta-1-rpm-renforce-code-k9173004-arbre-o-85-mm-toles-feuilletees-20-mm\/","url":"https:\/\/amrtop.net\/produit\/motoreducteur-kenta-1-rpm-renforce-code-k9173004-arbre-o-85-mm-toles-feuilletees-20-mm\/","name":"Motor\u00e9ducteur Kenta 1 rpm arbre \u00f8 8.5 K9173004","isPartOf":{"@id":"https:\/\/amrtop.net\/#website"},"primaryImageOfPage":{"@id":"https:\/\/amrtop.net\/produit\/motoreducteur-kenta-1-rpm-renforce-code-k9173004-arbre-o-85-mm-toles-feuilletees-20-mm\/#primaryimage"},"image":{"@id":"https:\/\/amrtop.net\/produit\/motoreducteur-kenta-1-rpm-renforce-code-k9173004-arbre-o-85-mm-toles-feuilletees-20-mm\/#primaryimage"},"thumbnailUrl":"https:\/\/amrtop.net\/wp-content\/uploads\/2022\/07\/K9173004.jpg","datePublished":"2020-10-01T00:00:00+00:00","dateModified":"2023-05-29T09:19:14+00:00","description":"Motor\u00e9ducteur Kenta 1 rpm arbre \u00f8 8.5 K9173004-Motor\u00e9ducteurs Kenta pour vis de po\u00eale \u00e0 granul\u00e9s m\u00e2ts 8.5-Motor\u00e9ducteurs Kenta pour po\u00eales et chaudi\u00e8res","breadcrumb":{"@id":"https:\/\/amrtop.net\/produit\/motoreducteur-kenta-1-rpm-renforce-code-k9173004-arbre-o-85-mm-toles-feuilletees-20-mm\/#breadcrumb"},"inLanguage":"de","potentialAction":[{"@type":"ReadAction","target":["https:\/\/amrtop.net\/produit\/motoreducteur-kenta-1-rpm-renforce-code-k9173004-arbre-o-85-mm-toles-feuilletees-20-mm\/"]}]},{"@type":"ImageObject","inLanguage":"de","@id":"https:\/\/amrtop.net\/produit\/motoreducteur-kenta-1-rpm-renforce-code-k9173004-arbre-o-85-mm-toles-feuilletees-20-mm\/#primaryimage","url":"https:\/\/amrtop.net\/wp-content\/uploads\/2022\/07\/K9173004.jpg","contentUrl":"https:\/\/amrtop.net\/wp-content\/uploads\/2022\/07\/K9173004.jpg","width":960,"height":960,"caption":"Motor\u00e9ducteur Kenta 1 rpm arbre \u00f8 8.5 K9173004-Motor\u00e9ducteurs Kenta pour vis de po\u00eale \u00e0 granul\u00e9s m\u00e2ts 8.5-Motor\u00e9ducteurs Kenta pour po\u00eales et chaudi\u00e8res"},{"@type":"BreadcrumbList","@id":"https:\/\/amrtop.net\/produit\/motoreducteur-kenta-1-rpm-renforce-code-k9173004-arbre-o-85-mm-toles-feuilletees-20-mm\/#breadcrumb","itemListElement":[{"@type":"ListItem","position":1,"name":"Home","item":"https:\/\/amrtop.net\/"},{"@type":"ListItem","position":2,"name":"Shop","item":"https:\/\/amrtop.net\/negozio\/"},{"@type":"ListItem","position":3,"name":"Motor\u00e9ducteur Kenta 1 rpm renforc\u00e9 Code K9173004 \u2013 Arbre \u00f8 8,5 mm \u2013 T\u00f4les feuillet\u00e9es 20 mm"}]},{"@type":"WebSite","@id":"https:\/\/amrtop.net\/#website","url":"https:\/\/amrtop.net\/","name":"AMRTOP B2B Ausland - Einkaufen nur f\u00fcr Fachleute","description":"Ersatzteile und Zubeh\u00f6r f\u00fcr \u00d6fen und Heizkessel - B2B eCommerce f\u00fcr Gesch\u00e4ftskunden","potentialAction":[{"@type":"SearchAction","target":{"@type":"EntryPoint","urlTemplate":"https:\/\/amrtop.net\/?s={search_term_string}"},"query-input":{"@type":"PropertyValueSpecification","valueRequired":true,"valueName":"search_term_string"}}],"inLanguage":"de"}]}},"_links":{"self":[{"href":"https:\/\/amrtop.net\/de\/wp-json\/wp\/v2\/product\/3683","targetHints":{"allow":["GET"]}}],"collection":[{"href":"https:\/\/amrtop.net\/de\/wp-json\/wp\/v2\/product"}],"about":[{"href":"https:\/\/amrtop.net\/de\/wp-json\/wp\/v2\/types\/product"}],"replies":[{"embeddable":true,"href":"https:\/\/amrtop.net\/de\/wp-json\/wp\/v2\/comments?post=3683"}],"wp:featuredmedia":[{"embeddable":true,"href":"https:\/\/amrtop.net\/de\/wp-json\/wp\/v2\/media\/34884"}],"wp:attachment":[{"href":"https:\/\/amrtop.net\/de\/wp-json\/wp\/v2\/media?parent=3683"}],"wp:term":[{"taxonomy":"product_brand","embeddable":true,"href":"https:\/\/amrtop.net\/de\/wp-json\/wp\/v2\/product_brand?post=3683"},{"taxonomy":"product_cat","embeddable":true,"href":"https:\/\/amrtop.net\/de\/wp-json\/wp\/v2\/product_cat?post=3683"},{"taxonomy":"product_tag","embeddable":true,"href":"https:\/\/amrtop.net\/de\/wp-json\/wp\/v2\/product_tag?post=3683"}],"curies":[{"name":"wp","href":"https:\/\/api.w.org\/{rel}","templated":true}]}}