{"id":36831,"date":"2023-02-21T13:33:57","date_gmt":"2023-02-21T13:33:57","guid":{"rendered":"https:\/\/amrtop.com\/B2B\/?post_type=product&#038;p=36831"},"modified":"2023-08-02T12:06:01","modified_gmt":"2023-08-02T12:06:01","slug":"thermocouple-tck-courben-extraflame-code-2000719-l-2000-mm","status":"publish","type":"product","link":"https:\/\/amrtop.net\/de\/produit\/thermocouple-tck-courben-extraflame-code-2000719-l-2000-mm\/","title":{"rendered":"Gebogenes TCK-Thermoelement 67 x 51 mm mit Silikonkabel L\u00e4nge 2000 mm - Kompatibel mit Extraflame-Code 2000719"},"content":{"rendered":"<h3>Thermocouple TCK courb\u00e9n Extraflame code 2000719 L.2000 mm<\/h3>\n<p>Amrtop vertreibt dieses Produkt an ISO9001-zertifizierte Unternehmen, die alle Arten von Temperatursensoren f\u00fcr die industrielle und professionelle Temperierung entwickeln und herstellen.<\/p>\n<p>Das Ziel von Amrtop ist es, Zuverl\u00e4ssigkeit zu gew\u00e4hrleisten und gleichzeitig technologisch fortschrittliche Produkte zu liefern.<\/p>\n<p>Unser Ziel ist es, einen hohen Qualit\u00e4tsstandard sowie effiziente L\u00f6sungen f\u00fcr die Temperaturmessung und -kontrolle zu bieten und dabei die Preise angemessen zu halten.<\/p>\n<p>Temperatursensoren f\u00fcr Elektroherde und Pellet\u00f6fen, die von Amrtop verarbeitet werden:<\/p>\n<ul>\n<li>Rauchabzugssonden.<\/li>\n<li>Hochtemperatursonden.<\/li>\n<li>Hochtemperatursonden, mit konischem Rohr f\u00fcr \u00d6fen<\/li>\n<li>Sonden mit Silikonkabel und Knickschutzfeder aus rostfreiem Stahl. Tropfensonde f\u00fcr Luftsysteme.<\/li>\n<li>Wasserdichte Sonden mit<br \/>\ndoppelte Isolierung<\/li>\n<\/ul>\n<h3>Utilizzo della termocoppia TCK courb\u00e9n Extraflame code 2000719 L.2000 mm<\/h3>\n<p>Rauch-, Umgebungs- und Wassersensoren werden in Ger\u00e4ten installiert, die mit festen Brennstoffen betrieben werden (Pellets, Haseln\u00fcsse , Sansa, Holz und Sp\u00e4ne).<\/p>\n<p>Ihre Aufgabe ist es, die von den Brennk\u00f6rpern, die Luft und hei\u00dfes Wasser erzeugen, erzeugten Temperaturen zu erkennen und zu steuern, indem sie die Daten an verschiedene elektronische Karten weiterleiten.<\/p>\n<p>Die Kabel aller von Amrtop angebotenen Sonden sind in verschiedenen L\u00e4ngen mit und ohne Steckverbinder erh\u00e4ltlich.<\/p>\n<p>Vorhanden in typischen Ger\u00e4ten - Pelletofen - Pelletkessel - Pelletbrenner - Pellets BBQ\/Grill Biomassekessel - Biomassebrenner - Und viele andere Brenner<\/p>\n<h3>Innen<\/h3>\n<p><a href=\"https:\/\/wekos.it\/\">\u00d6fen, Herde und Holzherde<\/a>\u00a0-\u00a0<a href=\"https:\/\/www.greenpuros.com\/\">Kamine, \u00d6fen und Pelletkessel.<\/a><\/p>\n<h3>Amrtop Ersatzteile und Zubeh\u00f6r Sortiment<\/h3>","protected":false},"excerpt":{"rendered":"<h2><span style=\"color: #008000\">Verf\u00fcgbar<\/span><\/h2>\n<hr \/>\n<p>Compatible avec le code Extraflame 2000719<\/p>\n<p>Material der Kapsel: Incoloy<\/p>\n<p>Kapselgr\u00f6\u00dfe: 67 x 51 mm<\/p>\n<p>Durchmesser der Kapsel: 3 mm<\/p>\n<p>Kabelmaterial: Silikon<\/p>\n<p>Kabell\u00e4nge: 2000 mm<\/p>","protected":false},"featured_media":36834,"comment_status":"open","ping_status":"closed","template":"","meta":[],"product_brand":[],"product_cat":[839,1577,1339],"product_tag":[],"class_list":{"0":"post-36831","1":"product","2":"type-product","3":"status-publish","4":"has-post-thumbnail","6":"product_cat-pieces-de-rechange-divers-poeles-et-chaudieres","7":"product_cat-sondes-extraflame","8":"product_cat-sondes-thermostats-manometres-thermometres-pour-poeles-et-chaudieres","9":"product_shipping_class-classe-di-spedizione-01","11":"first","12":"instock","13":"shipping-taxable","14":"purchasable","15":"product-type-simple"},"yoast_head":"<!-- This site is optimized with the Yoast SEO plugin v27.5 - https:\/\/yoast.com\/product\/yoast-seo-wordpress\/ -->\n<title>Thermocouple TCK courb\u00e9n Extraflame code 2000719 L.2000 mm\u00a0<\/title>\n<meta name=\"description\" content=\"Thermocouple TCK courb\u00e9n Extraflame code 2000719 L.2000 mm\u00a0- Thermocouple TCK avec c\u00e2ble en silicone de 2 mt - Thermocouple TCK - D\u00e9tecteur de temp\u00e9rature - Capteur de chaleur avec c\u00e2ble en silicone de 2 m\u00e8tres de long pour po\u00eales et chaudi\u00e8res \u00e0 pellets marque Extraflame\" \/>\n<meta name=\"robots\" content=\"index, follow, max-snippet:-1, max-image-preview:large, max-video-preview:-1\" \/>\n<link rel=\"canonical\" href=\"https:\/\/amrtop.net\/de\/produkt\/thermocouple-tck-courben-extraflame-code-2000719-l-2000-mm\/\" \/>\n<meta property=\"og:locale\" content=\"de_DE\" \/>\n<meta property=\"og:type\" content=\"article\" \/>\n<meta property=\"og:title\" content=\"Thermocouple TCK courb\u00e9n Extraflame code 2000719 L.2000 mm\u00a0\" \/>\n<meta property=\"og:description\" content=\"Thermocouple TCK courb\u00e9n Extraflame code 2000719 L.2000 mm\u00a0- Thermocouple TCK avec c\u00e2ble en silicone de 2 mt - Thermocouple TCK - D\u00e9tecteur de temp\u00e9rature - Capteur de chaleur avec c\u00e2ble en silicone de 2 m\u00e8tres de long pour po\u00eales et chaudi\u00e8res \u00e0 pellets marque Extraflame\" \/>\n<meta property=\"og:url\" content=\"https:\/\/amrtop.net\/de\/produkt\/thermocouple-tck-courben-extraflame-code-2000719-l-2000-mm\/\" \/>\n<meta property=\"og:site_name\" content=\"AMRTOP B2B \u00c9tranger - Achats r\u00e9serv\u00e9s au professionnel\" \/>\n<meta property=\"article:modified_time\" content=\"2023-08-02T12:06:01+00:00\" \/>\n<meta property=\"og:image\" content=\"https:\/\/amrtop.net\/wp-content\/uploads\/2023\/02\/2000719.jpg\" \/>\n\t<meta property=\"og:image:width\" content=\"390\" \/>\n\t<meta property=\"og:image:height\" content=\"390\" \/>\n\t<meta property=\"og:image:type\" content=\"image\/jpeg\" \/>\n<meta name=\"twitter:card\" content=\"summary_large_image\" \/>\n<meta name=\"twitter:label1\" content=\"Gesch\u00e4tzte Lesezeit\" \/>\n\t<meta name=\"twitter:data1\" content=\"2\u00a0Minuten\" \/>\n<script type=\"application\/ld+json\" class=\"yoast-schema-graph\">{\"@context\":\"https:\\\/\\\/schema.org\",\"@graph\":[{\"@type\":\"WebPage\",\"@id\":\"https:\\\/\\\/amrtop.net\\\/produit\\\/thermocouple-tck-courben-extraflame-code-2000719-l-2000-mm\\\/\",\"url\":\"https:\\\/\\\/amrtop.net\\\/produit\\\/thermocouple-tck-courben-extraflame-code-2000719-l-2000-mm\\\/\",\"name\":\"Thermocouple TCK courb\u00e9n Extraflame code 2000719 L.2000 mm\u00a0\",\"isPartOf\":{\"@id\":\"https:\\\/\\\/amrtop.net\\\/#website\"},\"primaryImageOfPage\":{\"@id\":\"https:\\\/\\\/amrtop.net\\\/produit\\\/thermocouple-tck-courben-extraflame-code-2000719-l-2000-mm\\\/#primaryimage\"},\"image\":{\"@id\":\"https:\\\/\\\/amrtop.net\\\/produit\\\/thermocouple-tck-courben-extraflame-code-2000719-l-2000-mm\\\/#primaryimage\"},\"thumbnailUrl\":\"https:\\\/\\\/amrtop.net\\\/wp-content\\\/uploads\\\/2023\\\/02\\\/2000719.jpg\",\"datePublished\":\"2023-02-21T13:33:57+00:00\",\"dateModified\":\"2023-08-02T12:06:01+00:00\",\"description\":\"Thermocouple TCK courb\u00e9n Extraflame code 2000719 L.2000 mm\u00a0- Thermocouple TCK avec c\u00e2ble en silicone de 2 mt - Thermocouple TCK - D\u00e9tecteur de temp\u00e9rature - Capteur de chaleur avec c\u00e2ble en silicone de 2 m\u00e8tres de long pour po\u00eales et chaudi\u00e8res \u00e0 pellets marque Extraflame\",\"breadcrumb\":{\"@id\":\"https:\\\/\\\/amrtop.net\\\/produit\\\/thermocouple-tck-courben-extraflame-code-2000719-l-2000-mm\\\/#breadcrumb\"},\"inLanguage\":\"de\",\"potentialAction\":[{\"@type\":\"ReadAction\",\"target\":[\"https:\\\/\\\/amrtop.net\\\/produit\\\/thermocouple-tck-courben-extraflame-code-2000719-l-2000-mm\\\/\"]}]},{\"@type\":\"ImageObject\",\"inLanguage\":\"de\",\"@id\":\"https:\\\/\\\/amrtop.net\\\/produit\\\/thermocouple-tck-courben-extraflame-code-2000719-l-2000-mm\\\/#primaryimage\",\"url\":\"https:\\\/\\\/amrtop.net\\\/wp-content\\\/uploads\\\/2023\\\/02\\\/2000719.jpg\",\"contentUrl\":\"https:\\\/\\\/amrtop.net\\\/wp-content\\\/uploads\\\/2023\\\/02\\\/2000719.jpg\",\"width\":390,\"height\":390,\"caption\":\"Thermocouple TCK courb\u00e9n Extraflame code 2000719 L.2000 mm\u00a0- Thermocouple TCK avec c\u00e2ble en silicone de 2 mt - Thermocouple TCK - D\u00e9tecteur de temp\u00e9rature - Capteur de chaleur avec c\u00e2ble en silicone de 2 m\u00e8tres de long pour po\u00eales et chaudi\u00e8res \u00e0 pellets marque Extraflame\"},{\"@type\":\"BreadcrumbList\",\"@id\":\"https:\\\/\\\/amrtop.net\\\/produit\\\/thermocouple-tck-courben-extraflame-code-2000719-l-2000-mm\\\/#breadcrumb\",\"itemListElement\":[{\"@type\":\"ListItem\",\"position\":1,\"name\":\"Home\",\"item\":\"https:\\\/\\\/amrtop.net\\\/\"},{\"@type\":\"ListItem\",\"position\":2,\"name\":\"Shop\",\"item\":\"https:\\\/\\\/amrtop.net\\\/negozio\\\/\"},{\"@type\":\"ListItem\",\"position\":3,\"name\":\"Thermocouple TCK courb\u00e9 67 x 51 mm avec c\u00e2ble en silicone Longueur 2000 mm &#8211; Compatible avec code Extraflame 2000719\"}]},{\"@type\":\"WebSite\",\"@id\":\"https:\\\/\\\/amrtop.net\\\/#website\",\"url\":\"https:\\\/\\\/amrtop.net\\\/\",\"name\":\"AMRTOP B2B \u00c9tranger - Achats r\u00e9serv\u00e9s au professionnel\",\"description\":\"Pi\u00e8ces de rechange et accessoires pour po\u00eales et chaudi\u00e8res - eCommerce B2B pour Clients Professionnels\",\"potentialAction\":[{\"@type\":\"SearchAction\",\"target\":{\"@type\":\"EntryPoint\",\"urlTemplate\":\"https:\\\/\\\/amrtop.net\\\/?s={search_term_string}\"},\"query-input\":{\"@type\":\"PropertyValueSpecification\",\"valueRequired\":true,\"valueName\":\"search_term_string\"}}],\"inLanguage\":\"de\"}]}<\/script>\n<!-- \/ Yoast SEO plugin. -->","yoast_head_json":{"title":"Thermocouple TCK courb\u00e9n Extraflame code 2000719 L.2000 mm\u00a0","description":"Thermoelement TCK gebogen Extraflame Code 2000719 L.2000 mm - Thermoelement TCK mit Silikonkabel 2 mt - Thermoelement TCK - Temperatursensor - W\u00e4rmesensor mit Silikonkabel 2 mt lang f\u00fcr \u00d6fen und Pelletkessel Marke Extraflame","robots":{"index":"index","follow":"follow","max-snippet":"max-snippet:-1","max-image-preview":"max-image-preview:large","max-video-preview":"max-video-preview:-1"},"canonical":"https:\/\/amrtop.net\/de\/produkt\/thermocouple-tck-courben-extraflame-code-2000719-l-2000-mm\/","og_locale":"de_DE","og_type":"article","og_title":"Thermocouple TCK courb\u00e9n Extraflame code 2000719 L.2000 mm\u00a0","og_description":"Thermocouple TCK courb\u00e9n Extraflame code 2000719 L.2000 mm\u00a0- Thermocouple TCK avec c\u00e2ble en silicone de 2 mt - Thermocouple TCK - D\u00e9tecteur de temp\u00e9rature - Capteur de chaleur avec c\u00e2ble en silicone de 2 m\u00e8tres de long pour po\u00eales et chaudi\u00e8res \u00e0 pellets marque Extraflame","og_url":"https:\/\/amrtop.net\/de\/produkt\/thermocouple-tck-courben-extraflame-code-2000719-l-2000-mm\/","og_site_name":"AMRTOP B2B \u00c9tranger - Achats r\u00e9serv\u00e9s au professionnel","article_modified_time":"2023-08-02T12:06:01+00:00","og_image":[{"width":390,"height":390,"url":"https:\/\/amrtop.net\/wp-content\/uploads\/2023\/02\/2000719.jpg","type":"image\/jpeg"}],"twitter_card":"summary_large_image","twitter_misc":{"Gesch\u00e4tzte Lesezeit":"2\u00a0Minuten"},"schema":{"@context":"https:\/\/schema.org","@graph":[{"@type":"WebPage","@id":"https:\/\/amrtop.net\/produit\/thermocouple-tck-courben-extraflame-code-2000719-l-2000-mm\/","url":"https:\/\/amrtop.net\/produit\/thermocouple-tck-courben-extraflame-code-2000719-l-2000-mm\/","name":"Thermocouple TCK courb\u00e9n Extraflame code 2000719 L.2000 mm\u00a0","isPartOf":{"@id":"https:\/\/amrtop.net\/#website"},"primaryImageOfPage":{"@id":"https:\/\/amrtop.net\/produit\/thermocouple-tck-courben-extraflame-code-2000719-l-2000-mm\/#primaryimage"},"image":{"@id":"https:\/\/amrtop.net\/produit\/thermocouple-tck-courben-extraflame-code-2000719-l-2000-mm\/#primaryimage"},"thumbnailUrl":"https:\/\/amrtop.net\/wp-content\/uploads\/2023\/02\/2000719.jpg","datePublished":"2023-02-21T13:33:57+00:00","dateModified":"2023-08-02T12:06:01+00:00","description":"Thermoelement TCK gebogen Extraflame Code 2000719 L.2000 mm - Thermoelement TCK mit Silikonkabel 2 mt - Thermoelement TCK - Temperatursensor - W\u00e4rmesensor mit Silikonkabel 2 mt lang f\u00fcr \u00d6fen und Pelletkessel Marke Extraflame","breadcrumb":{"@id":"https:\/\/amrtop.net\/produit\/thermocouple-tck-courben-extraflame-code-2000719-l-2000-mm\/#breadcrumb"},"inLanguage":"de","potentialAction":[{"@type":"ReadAction","target":["https:\/\/amrtop.net\/produit\/thermocouple-tck-courben-extraflame-code-2000719-l-2000-mm\/"]}]},{"@type":"ImageObject","inLanguage":"de","@id":"https:\/\/amrtop.net\/produit\/thermocouple-tck-courben-extraflame-code-2000719-l-2000-mm\/#primaryimage","url":"https:\/\/amrtop.net\/wp-content\/uploads\/2023\/02\/2000719.jpg","contentUrl":"https:\/\/amrtop.net\/wp-content\/uploads\/2023\/02\/2000719.jpg","width":390,"height":390,"caption":"Thermocouple TCK courb\u00e9n Extraflame code 2000719 L.2000 mm\u00a0- Thermocouple TCK avec c\u00e2ble en silicone de 2 mt - Thermocouple TCK - D\u00e9tecteur de temp\u00e9rature - Capteur de chaleur avec c\u00e2ble en silicone de 2 m\u00e8tres de long pour po\u00eales et chaudi\u00e8res \u00e0 pellets marque Extraflame"},{"@type":"BreadcrumbList","@id":"https:\/\/amrtop.net\/produit\/thermocouple-tck-courben-extraflame-code-2000719-l-2000-mm\/#breadcrumb","itemListElement":[{"@type":"ListItem","position":1,"name":"Home","item":"https:\/\/amrtop.net\/"},{"@type":"ListItem","position":2,"name":"Shop","item":"https:\/\/amrtop.net\/negozio\/"},{"@type":"ListItem","position":3,"name":"Thermocouple TCK courb\u00e9 67 x 51 mm avec c\u00e2ble en silicone Longueur 2000 mm &#8211; Compatible avec code Extraflame 2000719"}]},{"@type":"WebSite","@id":"https:\/\/amrtop.net\/#website","url":"https:\/\/amrtop.net\/","name":"AMRTOP B2B Ausland - Einkaufen nur f\u00fcr Fachleute","description":"Ersatzteile und Zubeh\u00f6r f\u00fcr \u00d6fen und Heizkessel - B2B eCommerce f\u00fcr Gesch\u00e4ftskunden","potentialAction":[{"@type":"SearchAction","target":{"@type":"EntryPoint","urlTemplate":"https:\/\/amrtop.net\/?s={search_term_string}"},"query-input":{"@type":"PropertyValueSpecification","valueRequired":true,"valueName":"search_term_string"}}],"inLanguage":"de"}]}},"_links":{"self":[{"href":"https:\/\/amrtop.net\/de\/wp-json\/wp\/v2\/product\/36831","targetHints":{"allow":["GET"]}}],"collection":[{"href":"https:\/\/amrtop.net\/de\/wp-json\/wp\/v2\/product"}],"about":[{"href":"https:\/\/amrtop.net\/de\/wp-json\/wp\/v2\/types\/product"}],"replies":[{"embeddable":true,"href":"https:\/\/amrtop.net\/de\/wp-json\/wp\/v2\/comments?post=36831"}],"wp:featuredmedia":[{"embeddable":true,"href":"https:\/\/amrtop.net\/de\/wp-json\/wp\/v2\/media\/36834"}],"wp:attachment":[{"href":"https:\/\/amrtop.net\/de\/wp-json\/wp\/v2\/media?parent=36831"}],"wp:term":[{"taxonomy":"product_brand","embeddable":true,"href":"https:\/\/amrtop.net\/de\/wp-json\/wp\/v2\/product_brand?post=36831"},{"taxonomy":"product_cat","embeddable":true,"href":"https:\/\/amrtop.net\/de\/wp-json\/wp\/v2\/product_cat?post=36831"},{"taxonomy":"product_tag","embeddable":true,"href":"https:\/\/amrtop.net\/de\/wp-json\/wp\/v2\/product_tag?post=36831"}],"curies":[{"name":"wp","href":"https:\/\/api.w.org\/{rel}","templated":true}]}}