{"id":36836,"date":"2023-02-21T14:56:28","date_gmt":"2023-02-21T14:56:28","guid":{"rendered":"https:\/\/amrtop.com\/B2B\/?post_type=product&#038;p=36836"},"modified":"2023-08-02T12:05:53","modified_gmt":"2023-08-02T12:05:53","slug":"sonde-ambiance-compatible-avec-le-code-extraflame-2272721","status":"publish","type":"product","link":"https:\/\/amrtop.net\/de\/produit\/sonde-ambiance-compatible-avec-le-code-extraflame-2272721\/","title":{"rendered":"Raumf\u00fchler mit Harzspirale PG7-Kabelverschraubung - Kompatibel mit Extraflame-Code 2272721"},"content":{"rendered":"<h3>Sonde ambiance compatible avec le code Extraflame 2272721<\/h3>\n<p>Amrtop vertreibt dieses Produkt an ISO9001-zertifizierte Unternehmen, die alle Arten von Temperatursensoren f\u00fcr die industrielle und professionelle Temperierung entwickeln und herstellen.<\/p>\n<p>Das Ziel von Amrtop ist es, Zuverl\u00e4ssigkeit zu gew\u00e4hrleisten und gleichzeitig technologisch fortschrittliche Produkte zu liefern.<\/p>\n<p>Unser Ziel ist es, einen hohen Qualit\u00e4tsstandard sowie effiziente L\u00f6sungen f\u00fcr die Temperaturmessung und -kontrolle zu bieten und dabei die Preise angemessen zu halten.<\/p>\n<p>Temperatursensoren f\u00fcr Elektroherde und Pellet\u00f6fen, die von Amrtop verarbeitet werden:<\/p>\n<ul>\n<li>Rauchabzugssonden.<\/li>\n<li>Hochtemperatursonden.<\/li>\n<li>Hochtemperatursonden, mit konischem Rohr f\u00fcr \u00d6fen<\/li>\n<li>Sonden mit Silikonkabel und Knickschutzfeder aus rostfreiem Stahl. Tropfensonde f\u00fcr Luftsysteme.<\/li>\n<li>Wasserdichte Sonden mit<br \/>\ndoppelte Isolierung<\/li>\n<\/ul>\n<h3>Utilisation de la Sonde ambiance compatible avec le code Extraflame 2272721<\/h3>\n<p>Rauch-, Umgebungs- und Wassersensoren werden in Ger\u00e4ten installiert, die mit festen Brennstoffen betrieben werden (Pellets, Haseln\u00fcsse , Sansa, Holz und Sp\u00e4ne).<\/p>\n<p>Ihre Aufgabe ist es, die von den Brennk\u00f6rpern, die Luft und hei\u00dfes Wasser erzeugen, erzeugten Temperaturen zu erkennen und zu steuern, indem sie die Daten an verschiedene elektronische Karten weiterleiten.<\/p>\n<p>Die Kabel aller von Amrtop angebotenen Sonden sind in verschiedenen L\u00e4ngen mit und ohne Steckverbinder erh\u00e4ltlich.<\/p>\n<p>Vorhanden in typischen Ger\u00e4ten - Pelletofen - Pelletkessel - Pelletbrenner - Pellets BBQ\/Grill Biomassekessel - Biomassebrenner - Und viele andere Brenner<\/p>\n<h3>Innen<\/h3>\n<p><a href=\"https:\/\/wekos.it\/\">\u00d6fen, Herde und Holzherde<\/a>\u00a0-\u00a0<a href=\"https:\/\/www.greenpuros.com\/\">Kamine, \u00d6fen und Pelletkessel.<\/a><\/p>\n<h3>Amrtop Ersatzteile und Zubeh\u00f6r Sortiment<\/h3>\n<p><a href=\"https:\/\/amrtop.net\/de\/produktkategorie\/ersatzteile-diverse-ofen-und-kocher-2\/bougies-dallumage-pour-poeles-et-chaudieres-a-pellets\/\">Gl\u00fchkerzen<\/a><\/p>\n<p><a href=\"https:\/\/amrtop.net\/de\/produktkategorie\/ersatzteile-diverse-ofen-und-kocher-2\/electronique\/\">Elektronik<\/a><\/p>\n<p><a href=\"https:\/\/amrtop.net\/de\/produktkategorie\/ersatzteile-diverse-ofen-und-kocher-2\/extracteurs-de-fumee\/\">Rauchabzug<\/a><\/p>\n<p><a href=\"https:\/\/amrtop.net\/de\/produktkategorie\/ersatzteile-diverse-ofen-und-kocher-2\/gaines-cable-connecteurs\/\">Kabelh\u00fcllen Verbinder<\/a><\/p>\n<p><a href=\"https:\/\/amrtop.net\/de\/produktkategorie\/ersatzteile-diverse-ofen-und-kocher-2\/joints-de-silicone\/\">Silikondichtungen<\/a><\/p>\n<p><a href=\"https:\/\/amrtop.net\/de\/produktkategorie\/ersatzteile-diverse-ofen-und-kocher-2\/motoreducteurs\/\">Getriebemotoren<\/a><\/p>\n<p><a href=\"https:\/\/amrtop.net\/de\/produktkategorie\/ersatzteile-diverse-ofen-und-kocher-2\/pressostats-et-transducteurs\/\">Druckschalter und Wandler<\/a><\/p>\n<p><a href=\"https:\/\/amrtop.net\/de\/produktkategorie\/ersatzteile-diverse-ofen-und-kocher-2\/sondes-thermostats-manometres-thermometres\/\">Sonden Thermostate Manometer Thermometer<\/a><\/p>\n<p><a href=\"https:\/\/amrtop.net\/de\/produktkategorie\/ersatzteile-diverse-ofen-und-kocher-2\/joints-detancheite\/\">Dichtgeflechte<\/a><\/p>\n<p><a href=\"https:\/\/amrtop.net\/de\/produktkategorie\/ersatzteile-diverse-ofen-und-kocher-2\/ventilateurs-centrifuges-pour-poeles-a-pellets\/\">Zentrifugalventilatoren<\/a><\/p>\n<p><a href=\"https:\/\/amrtop.net\/de\/produktkategorie\/ersatzteile-diverse-ofen-und-kocher-2\/ventilateurs-tangentiels-flux-transversal\/\">Tangentiale Ventilatoren<\/a><\/p>\n<p><a href=\"https:\/\/amrtop.net\/de\/produktkategorie\/ersatzteile-diverse-ofen-und-kocher-2\/adhesifs-et-produits-detancheite\/\">Klebstoffe und Kitt<\/a><\/p>\n<p>&nbsp;<\/p>\n<p>&nbsp;<\/p>\n<p>&nbsp;<\/p>\n<p>&nbsp;<\/p>","protected":false},"excerpt":{"rendered":"<h2><span style=\"color: #008000\">Verf\u00fcgbar<\/span><\/h2>\n<hr \/>\n<p>Compatible avec le code Extraflame 2272721<\/p>\n<p>Longueur presse-\u00e9toupe PG7 spirale r\u00e9sine\u00a0: 60 mm<\/p>\n<p>Longueur totale\u00a0: 260 mm<\/p>\n<p>Avec connecteur<\/p>","protected":false},"featured_media":36835,"comment_status":"open","ping_status":"closed","template":"","meta":[],"product_brand":[],"product_cat":[839,1577,1339],"product_tag":[],"class_list":{"0":"post-36836","1":"product","2":"type-product","3":"status-publish","4":"has-post-thumbnail","6":"product_cat-pieces-de-rechange-divers-poeles-et-chaudieres","7":"product_cat-sondes-extraflame","8":"product_cat-sondes-thermostats-manometres-thermometres-pour-poeles-et-chaudieres","9":"product_shipping_class-classe-di-spedizione-01","11":"first","12":"instock","13":"shipping-taxable","14":"purchasable","15":"product-type-simple"},"yoast_head":"<!-- This site is optimized with the Yoast SEO plugin v27.5 - https:\/\/yoast.com\/product\/yoast-seo-wordpress\/ -->\n<title>Sonde ambiance compatible avec le code Extraflame 2272721<\/title>\n<meta name=\"description\" content=\"Sonde ambiance compatible avec le code Extraflame 2272721 - Sonde d\u2019environnement avec spirale en r\u00e9sine presse-\u00e9toupe PG7 compatible avec le code EXTARFLAME 2272721- D\u00e9tecteur de temp\u00e9rature 10K avec spirale en r\u00e9sine de 25 cm de long\" \/>\n<meta name=\"robots\" content=\"index, follow, max-snippet:-1, max-image-preview:large, max-video-preview:-1\" \/>\n<link rel=\"canonical\" href=\"https:\/\/amrtop.net\/de\/produkt\/sonde-ambiance-compatible-avec-le-code-extraflame-2272721\/\" \/>\n<meta property=\"og:locale\" content=\"de_DE\" \/>\n<meta property=\"og:type\" content=\"article\" \/>\n<meta property=\"og:title\" content=\"Sonde ambiance compatible avec le code Extraflame 2272721\" \/>\n<meta property=\"og:description\" content=\"Sonde ambiance compatible avec le code Extraflame 2272721 - Sonde d\u2019environnement avec spirale en r\u00e9sine presse-\u00e9toupe PG7 compatible avec le code EXTARFLAME 2272721- D\u00e9tecteur de temp\u00e9rature 10K avec spirale en r\u00e9sine de 25 cm de long\" \/>\n<meta property=\"og:url\" content=\"https:\/\/amrtop.net\/de\/produkt\/sonde-ambiance-compatible-avec-le-code-extraflame-2272721\/\" \/>\n<meta property=\"og:site_name\" content=\"AMRTOP B2B \u00c9tranger - Achats r\u00e9serv\u00e9s au professionnel\" \/>\n<meta property=\"article:modified_time\" content=\"2023-08-02T12:05:53+00:00\" \/>\n<meta property=\"og:image\" content=\"https:\/\/amrtop.net\/wp-content\/uploads\/2023\/02\/2272721.jpg\" \/>\n\t<meta property=\"og:image:width\" content=\"390\" \/>\n\t<meta property=\"og:image:height\" content=\"390\" \/>\n\t<meta property=\"og:image:type\" content=\"image\/jpeg\" \/>\n<meta name=\"twitter:card\" content=\"summary_large_image\" \/>\n<meta name=\"twitter:label1\" content=\"Gesch\u00e4tzte Lesezeit\" \/>\n\t<meta name=\"twitter:data1\" content=\"2\u00a0Minuten\" \/>\n<script type=\"application\/ld+json\" class=\"yoast-schema-graph\">{\"@context\":\"https:\\\/\\\/schema.org\",\"@graph\":[{\"@type\":\"WebPage\",\"@id\":\"https:\\\/\\\/amrtop.net\\\/produit\\\/sonde-ambiance-compatible-avec-le-code-extraflame-2272721\\\/\",\"url\":\"https:\\\/\\\/amrtop.net\\\/produit\\\/sonde-ambiance-compatible-avec-le-code-extraflame-2272721\\\/\",\"name\":\"Sonde ambiance compatible avec le code Extraflame 2272721\",\"isPartOf\":{\"@id\":\"https:\\\/\\\/amrtop.net\\\/#website\"},\"primaryImageOfPage\":{\"@id\":\"https:\\\/\\\/amrtop.net\\\/produit\\\/sonde-ambiance-compatible-avec-le-code-extraflame-2272721\\\/#primaryimage\"},\"image\":{\"@id\":\"https:\\\/\\\/amrtop.net\\\/produit\\\/sonde-ambiance-compatible-avec-le-code-extraflame-2272721\\\/#primaryimage\"},\"thumbnailUrl\":\"https:\\\/\\\/amrtop.net\\\/wp-content\\\/uploads\\\/2023\\\/02\\\/2272721.jpg\",\"datePublished\":\"2023-02-21T14:56:28+00:00\",\"dateModified\":\"2023-08-02T12:05:53+00:00\",\"description\":\"Sonde ambiance compatible avec le code Extraflame 2272721 - Sonde d\u2019environnement avec spirale en r\u00e9sine presse-\u00e9toupe PG7 compatible avec le code EXTARFLAME 2272721- D\u00e9tecteur de temp\u00e9rature 10K avec spirale en r\u00e9sine de 25 cm de long\",\"breadcrumb\":{\"@id\":\"https:\\\/\\\/amrtop.net\\\/produit\\\/sonde-ambiance-compatible-avec-le-code-extraflame-2272721\\\/#breadcrumb\"},\"inLanguage\":\"de\",\"potentialAction\":[{\"@type\":\"ReadAction\",\"target\":[\"https:\\\/\\\/amrtop.net\\\/produit\\\/sonde-ambiance-compatible-avec-le-code-extraflame-2272721\\\/\"]}]},{\"@type\":\"ImageObject\",\"inLanguage\":\"de\",\"@id\":\"https:\\\/\\\/amrtop.net\\\/produit\\\/sonde-ambiance-compatible-avec-le-code-extraflame-2272721\\\/#primaryimage\",\"url\":\"https:\\\/\\\/amrtop.net\\\/wp-content\\\/uploads\\\/2023\\\/02\\\/2272721.jpg\",\"contentUrl\":\"https:\\\/\\\/amrtop.net\\\/wp-content\\\/uploads\\\/2023\\\/02\\\/2272721.jpg\",\"width\":390,\"height\":390,\"caption\":\"Sonde ambiance compatible avec le code Extraflame 2272721 - Sonde d\u2019environnement avec spirale en r\u00e9sine presse-\u00e9toupe PG7 compatible avec le code EXTARFLAME 2272721- D\u00e9tecteur de temp\u00e9rature 10K avec spirale en r\u00e9sine de 25 cm de long\"},{\"@type\":\"BreadcrumbList\",\"@id\":\"https:\\\/\\\/amrtop.net\\\/produit\\\/sonde-ambiance-compatible-avec-le-code-extraflame-2272721\\\/#breadcrumb\",\"itemListElement\":[{\"@type\":\"ListItem\",\"position\":1,\"name\":\"Home\",\"item\":\"https:\\\/\\\/amrtop.net\\\/\"},{\"@type\":\"ListItem\",\"position\":2,\"name\":\"Shop\",\"item\":\"https:\\\/\\\/amrtop.net\\\/negozio\\\/\"},{\"@type\":\"ListItem\",\"position\":3,\"name\":\"Sonde ambiance avec spirale en r\u00e9sine presse-\u00e9toupe PG7 &#8211; Compatible avec le code Extraflame 2272721\"}]},{\"@type\":\"WebSite\",\"@id\":\"https:\\\/\\\/amrtop.net\\\/#website\",\"url\":\"https:\\\/\\\/amrtop.net\\\/\",\"name\":\"AMRTOP B2B \u00c9tranger - Achats r\u00e9serv\u00e9s au professionnel\",\"description\":\"Pi\u00e8ces de rechange et accessoires pour po\u00eales et chaudi\u00e8res - eCommerce B2B pour Clients Professionnels\",\"potentialAction\":[{\"@type\":\"SearchAction\",\"target\":{\"@type\":\"EntryPoint\",\"urlTemplate\":\"https:\\\/\\\/amrtop.net\\\/?s={search_term_string}\"},\"query-input\":{\"@type\":\"PropertyValueSpecification\",\"valueRequired\":true,\"valueName\":\"search_term_string\"}}],\"inLanguage\":\"de\"}]}<\/script>\n<!-- \/ Yoast SEO plugin. -->","yoast_head_json":{"title":"Sonde ambiance compatible avec le code Extraflame 2272721","description":"Raumf\u00fchler kompatibel mit Code Extraflame 2272721 - Umgebungsf\u00fchler mit Harzspirale PG7-Kabelverschraubung kompatibel mit Code EXTARFLAME 2272721- 10K-Temperatursensor mit 25 cm langer Harzspirale","robots":{"index":"index","follow":"follow","max-snippet":"max-snippet:-1","max-image-preview":"max-image-preview:large","max-video-preview":"max-video-preview:-1"},"canonical":"https:\/\/amrtop.net\/de\/produkt\/sonde-ambiance-compatible-avec-le-code-extraflame-2272721\/","og_locale":"de_DE","og_type":"article","og_title":"Sonde ambiance compatible avec le code Extraflame 2272721","og_description":"Sonde ambiance compatible avec le code Extraflame 2272721 - Sonde d\u2019environnement avec spirale en r\u00e9sine presse-\u00e9toupe PG7 compatible avec le code EXTARFLAME 2272721- D\u00e9tecteur de temp\u00e9rature 10K avec spirale en r\u00e9sine de 25 cm de long","og_url":"https:\/\/amrtop.net\/de\/produkt\/sonde-ambiance-compatible-avec-le-code-extraflame-2272721\/","og_site_name":"AMRTOP B2B \u00c9tranger - Achats r\u00e9serv\u00e9s au professionnel","article_modified_time":"2023-08-02T12:05:53+00:00","og_image":[{"width":390,"height":390,"url":"https:\/\/amrtop.net\/wp-content\/uploads\/2023\/02\/2272721.jpg","type":"image\/jpeg"}],"twitter_card":"summary_large_image","twitter_misc":{"Gesch\u00e4tzte Lesezeit":"2\u00a0Minuten"},"schema":{"@context":"https:\/\/schema.org","@graph":[{"@type":"WebPage","@id":"https:\/\/amrtop.net\/produit\/sonde-ambiance-compatible-avec-le-code-extraflame-2272721\/","url":"https:\/\/amrtop.net\/produit\/sonde-ambiance-compatible-avec-le-code-extraflame-2272721\/","name":"Sonde ambiance compatible avec le code Extraflame 2272721","isPartOf":{"@id":"https:\/\/amrtop.net\/#website"},"primaryImageOfPage":{"@id":"https:\/\/amrtop.net\/produit\/sonde-ambiance-compatible-avec-le-code-extraflame-2272721\/#primaryimage"},"image":{"@id":"https:\/\/amrtop.net\/produit\/sonde-ambiance-compatible-avec-le-code-extraflame-2272721\/#primaryimage"},"thumbnailUrl":"https:\/\/amrtop.net\/wp-content\/uploads\/2023\/02\/2272721.jpg","datePublished":"2023-02-21T14:56:28+00:00","dateModified":"2023-08-02T12:05:53+00:00","description":"Raumf\u00fchler kompatibel mit Code Extraflame 2272721 - Umgebungsf\u00fchler mit Harzspirale PG7-Kabelverschraubung kompatibel mit Code EXTARFLAME 2272721- 10K-Temperatursensor mit 25 cm langer Harzspirale","breadcrumb":{"@id":"https:\/\/amrtop.net\/produit\/sonde-ambiance-compatible-avec-le-code-extraflame-2272721\/#breadcrumb"},"inLanguage":"de","potentialAction":[{"@type":"ReadAction","target":["https:\/\/amrtop.net\/produit\/sonde-ambiance-compatible-avec-le-code-extraflame-2272721\/"]}]},{"@type":"ImageObject","inLanguage":"de","@id":"https:\/\/amrtop.net\/produit\/sonde-ambiance-compatible-avec-le-code-extraflame-2272721\/#primaryimage","url":"https:\/\/amrtop.net\/wp-content\/uploads\/2023\/02\/2272721.jpg","contentUrl":"https:\/\/amrtop.net\/wp-content\/uploads\/2023\/02\/2272721.jpg","width":390,"height":390,"caption":"Sonde ambiance compatible avec le code Extraflame 2272721 - Sonde d\u2019environnement avec spirale en r\u00e9sine presse-\u00e9toupe PG7 compatible avec le code EXTARFLAME 2272721- D\u00e9tecteur de temp\u00e9rature 10K avec spirale en r\u00e9sine de 25 cm de long"},{"@type":"BreadcrumbList","@id":"https:\/\/amrtop.net\/produit\/sonde-ambiance-compatible-avec-le-code-extraflame-2272721\/#breadcrumb","itemListElement":[{"@type":"ListItem","position":1,"name":"Home","item":"https:\/\/amrtop.net\/"},{"@type":"ListItem","position":2,"name":"Shop","item":"https:\/\/amrtop.net\/negozio\/"},{"@type":"ListItem","position":3,"name":"Sonde ambiance avec spirale en r\u00e9sine presse-\u00e9toupe PG7 &#8211; Compatible avec le code Extraflame 2272721"}]},{"@type":"WebSite","@id":"https:\/\/amrtop.net\/#website","url":"https:\/\/amrtop.net\/","name":"AMRTOP B2B Ausland - Einkaufen nur f\u00fcr Fachleute","description":"Ersatzteile und Zubeh\u00f6r f\u00fcr \u00d6fen und Heizkessel - B2B eCommerce f\u00fcr Gesch\u00e4ftskunden","potentialAction":[{"@type":"SearchAction","target":{"@type":"EntryPoint","urlTemplate":"https:\/\/amrtop.net\/?s={search_term_string}"},"query-input":{"@type":"PropertyValueSpecification","valueRequired":true,"valueName":"search_term_string"}}],"inLanguage":"de"}]}},"_links":{"self":[{"href":"https:\/\/amrtop.net\/de\/wp-json\/wp\/v2\/product\/36836","targetHints":{"allow":["GET"]}}],"collection":[{"href":"https:\/\/amrtop.net\/de\/wp-json\/wp\/v2\/product"}],"about":[{"href":"https:\/\/amrtop.net\/de\/wp-json\/wp\/v2\/types\/product"}],"replies":[{"embeddable":true,"href":"https:\/\/amrtop.net\/de\/wp-json\/wp\/v2\/comments?post=36836"}],"wp:featuredmedia":[{"embeddable":true,"href":"https:\/\/amrtop.net\/de\/wp-json\/wp\/v2\/media\/36835"}],"wp:attachment":[{"href":"https:\/\/amrtop.net\/de\/wp-json\/wp\/v2\/media?parent=36836"}],"wp:term":[{"taxonomy":"product_brand","embeddable":true,"href":"https:\/\/amrtop.net\/de\/wp-json\/wp\/v2\/product_brand?post=36836"},{"taxonomy":"product_cat","embeddable":true,"href":"https:\/\/amrtop.net\/de\/wp-json\/wp\/v2\/product_cat?post=36836"},{"taxonomy":"product_tag","embeddable":true,"href":"https:\/\/amrtop.net\/de\/wp-json\/wp\/v2\/product_tag?post=36836"}],"curies":[{"name":"wp","href":"https:\/\/api.w.org\/{rel}","templated":true}]}}