{"id":36910,"date":"2023-03-17T10:28:41","date_gmt":"2023-03-17T10:28:41","guid":{"rendered":"https:\/\/amrtop.com\/B2B\/?post_type=product&#038;p=36910"},"modified":"2023-08-02T11:24:09","modified_gmt":"2023-08-02T11:24:09","slug":"ventilatore-tangenziale-fergas-doppia-velocita-codice-113814-lunghezza-ventola-300-mm-lunghezza-totale-381-mm","status":"publish","type":"product","link":"https:\/\/amrtop.net\/de\/produit\/ventilatore-tangenziale-fergas-doppia-velocita-codice-113814-lunghezza-ventola-300-mm-lunghezza-totale-381-mm\/","title":{"rendered":"Tangentialgebl\u00e4se Fergas DOPPELTE GESCHWINDIGKEIT Code 113814 - L\u00e4nge des Gebl\u00e4ses 300 mm - Gesamtl\u00e4nge 381 mm"},"content":{"rendered":"<h3>Ventilateur tangentiel Fergas \u00f8 60 mm L.vent 300 mm<\/h3>\n<p>Das Unternehmen wurde 1949 von unserem Gr\u00fcnder Lennart Wallman in Link\u00f6ping, Schweden, gegr\u00fcndet und befindet sich auch heute noch im Familienbesitz.<\/p>\n<p>Die von Amrtop angebotenen Fergas-Tangentialventilatoren werden in zahlreichen Anwendungen eingesetzt, z. B. in Flammherden, Geschirrsp\u00fclern, medizinischen Ger\u00e4ten und zur K\u00fchlung vieler Arten von elektronischen Ger\u00e4ten. Sie sind in verschiedenen L\u00e4ngen und Durchmessern in Einzel- und Doppelausf\u00fchrung mit einer breiten Palette von Motoren erh\u00e4ltlich.<\/p>\n<p>Sie werden in verschiedenen L\u00e4ngen und Durchmessern, einfach, doppelt oder modular mit einer gro\u00dfen Auswahl an Wechselstrommotoren angeboten.<\/p>\n<p>Amrtop bietet eine breite Palette an Fergas-Produkten f\u00fcr die Bel\u00fcftung an, die speziell f\u00fcr den Heizungs- und K\u00fchlsektor entwickelt wurden.<\/p>\n<p>Im Laufe seiner Geschichte hat Fergas den Erfolg seiner Kunden an die erste Stelle gesetzt.<\/p>\n<h3>Utilisation du ventilateur tangentiel Fergas, 60 mm L.vent 300 mm<\/h3>\n<p>Il ventilatore tangenziale Fergas Codice 50421 offerti da Amrtop si istalla negli apparecchi a biomassa per estrarre l\u2019aria calda creata dal corpo di combustione per poi diffonderla nell\u2019ambiente circostante.<\/p>\n<p><strong>In typischen Ger\u00e4ten vorhanden<\/strong>\u00a0Pelletofen - Pelletkessel - Pelletbrenner - Pellets BBQ\/grill Biomassekessel - Biomassebrenner - Und viele andere Brenner<\/p>\n<h3><strong>Innen<\/strong><\/h3>\n<p><a href=\"https:\/\/wekos.it\/\">\u00d6fen, Herde und Holzherde<\/a>\u00a0-\u00a0<a href=\"https:\/\/www.greenpuros.com\/\">Kamine, \u00d6fen und Pelletkessel.<\/a><\/p>\n<h3><strong>Amrtop Ersatzteile und Zubeh\u00f6r Sortiment<\/strong><\/h3>\n<p><a href=\"https:\/\/amrtop.net\/de\/produktkategorie\/ersatzteile-diverse-ofen-und-kocher-2\/bougies-dallumage-pour-poeles-et-chaudieres-a-pellets\/\">Gl\u00fchkerzen<\/a><\/p>\n<p><a href=\"https:\/\/amrtop.net\/de\/produktkategorie\/ersatzteile-diverse-ofen-und-kocher-2\/electronique\/\">Elektronik<\/a><\/p>\n<p><a href=\"https:\/\/amrtop.net\/de\/produktkategorie\/ersatzteile-diverse-ofen-und-kocher-2\/extracteurs-de-fumee\/\">Rauchabzug<\/a><\/p>\n<p><a href=\"https:\/\/amrtop.net\/de\/produktkategorie\/ersatzteile-diverse-ofen-und-kocher-2\/gaines-cable-connecteurs\/\">Kabelh\u00fcllen Verbinder<\/a><\/p>\n<p><a href=\"https:\/\/amrtop.net\/de\/produktkategorie\/ersatzteile-diverse-ofen-und-kocher-2\/joints-de-silicone\/\">Silikondichtungen<\/a><\/p>\n<p><a href=\"https:\/\/amrtop.net\/de\/produktkategorie\/ersatzteile-diverse-ofen-und-kocher-2\/motoreducteurs\/\">Getriebemotoren<\/a><\/p>\n<p><a href=\"https:\/\/amrtop.net\/de\/produktkategorie\/ersatzteile-diverse-ofen-und-kocher-2\/pressostats-et-transducteurs\/\">Druckschalter und Wandler<\/a><\/p>\n<p><a href=\"https:\/\/amrtop.net\/de\/produktkategorie\/ersatzteile-diverse-ofen-und-kocher-2\/sondes-thermostats-manometres-thermometres\/\">Sonden Thermostate Manometer Thermometer<\/a><\/p>\n<p><a href=\"https:\/\/amrtop.net\/de\/produktkategorie\/ersatzteile-diverse-ofen-und-kocher-2\/joints-detancheite\/\">Dichtgeflechte<\/a><\/p>\n<p><a href=\"https:\/\/amrtop.net\/de\/produktkategorie\/ersatzteile-diverse-ofen-und-kocher-2\/ventilateurs-centrifuges-pour-poeles-a-pellets\/\">Zentrifugalventilatoren<\/a><\/p>\n<p><a href=\"https:\/\/amrtop.net\/de\/produktkategorie\/ersatzteile-diverse-ofen-und-kocher-2\/ventilateurs-tangentiels-flux-transversal\/\">Tangentiale Ventilatoren<\/a><\/p>\n<p><a href=\"https:\/\/amrtop.net\/de\/produktkategorie\/ersatzteile-diverse-ofen-und-kocher-2\/adhesifs-et-produits-detancheite\/\">Klebstoffe und Kitt<\/a><\/p>\n<p>&nbsp;<\/p>","protected":false},"excerpt":{"rendered":"<h2><span style=\"color: #008000;\">Verf\u00fcgbar<\/span><\/h2>\n<hr \/>\n<p>Code 113814<\/p>\n<p>Motor rechts<br \/>\nVentilateur \u00d8 60 mm<br \/>\nL\u00e4nge des Ventilators 300 mm<br \/>\nLongueur totale\u00a0: 381 mm<br \/>\nEncombrement hauteur\u00a0: 112 mm<br \/>\nDimensions de la buse\u00a0: 40 x 302 mm<br \/>\nD\u00e9bit\u00a0: 162 m\u00b3 \/h<br \/>\nEmballage lamellaire\u00a0: 30 mm<br \/>\nPuissance\u00a0: 32 W<br \/>\nKlasse F<\/p>","protected":false},"featured_media":37004,"comment_status":"open","ping_status":"closed","template":"","meta":[],"product_brand":[],"product_cat":[839,878,1580,883],"product_tag":[],"class_list":{"0":"post-36910","1":"product","2":"type-product","3":"status-publish","4":"has-post-thumbnail","6":"product_cat-pieces-de-rechange-divers-poeles-et-chaudieres","7":"product_cat-ventilateurs-tangentiels-flux-transversal","8":"product_cat-ventilateurs-tangentiels-a-double-vitesse-fergas","9":"product_cat-ventilateurs-tangentiels-fergas-pour-poeles-et-chaudieres-a-pellets","10":"product_shipping_class-classe-di-spedizione-02","12":"first","13":"instock","14":"shipping-taxable","15":"purchasable","16":"product-type-simple"},"yoast_head":"<!-- This site is optimized with the Yoast SEO plugin v27.5 - https:\/\/yoast.com\/product\/yoast-seo-wordpress\/ -->\n<title>Ventilateur tangentiel Fergas \u00f8 60 mm L.vent 300 mm<\/title>\n<meta name=\"description\" content=\"Ventilateur tangentiel Fergas \u00f8 60 mm L.vent 300 mm - Ventilateur tangentiel Fergas DOUBLE VITESSE po\u00eales \u00e0 granul\u00e9s Caminetti Montegrappa\" \/>\n<meta name=\"robots\" content=\"index, follow, max-snippet:-1, max-image-preview:large, max-video-preview:-1\" \/>\n<link rel=\"canonical\" href=\"https:\/\/amrtop.net\/de\/produkt\/ventilatore-tangenziale-fergas-doppia-velocita-codice-113814-lunghezza-ventola-300-mm-lunghezza-totale-381-mm\/\" \/>\n<meta property=\"og:locale\" content=\"de_DE\" \/>\n<meta property=\"og:type\" content=\"article\" \/>\n<meta property=\"og:title\" content=\"Ventilateur tangentiel Fergas \u00f8 60 mm L.vent 300 mm\" \/>\n<meta property=\"og:description\" content=\"Ventilateur tangentiel Fergas \u00f8 60 mm L.vent 300 mm - Ventilateur tangentiel Fergas DOUBLE VITESSE po\u00eales \u00e0 granul\u00e9s Caminetti Montegrappa\" \/>\n<meta property=\"og:url\" content=\"https:\/\/amrtop.net\/de\/produkt\/ventilatore-tangenziale-fergas-doppia-velocita-codice-113814-lunghezza-ventola-300-mm-lunghezza-totale-381-mm\/\" \/>\n<meta property=\"og:site_name\" content=\"AMRTOP B2B \u00c9tranger - Achats r\u00e9serv\u00e9s au professionnel\" \/>\n<meta property=\"article:modified_time\" content=\"2023-08-02T11:24:09+00:00\" \/>\n<meta property=\"og:image\" content=\"https:\/\/amrtop.net\/wp-content\/uploads\/2023\/03\/113814-sfondo-amr.jpg\" \/>\n\t<meta property=\"og:image:width\" content=\"960\" \/>\n\t<meta property=\"og:image:height\" content=\"960\" \/>\n\t<meta property=\"og:image:type\" content=\"image\/jpeg\" \/>\n<meta name=\"twitter:card\" content=\"summary_large_image\" \/>\n<meta name=\"twitter:label1\" content=\"Gesch\u00e4tzte Lesezeit\" \/>\n\t<meta name=\"twitter:data1\" content=\"1\u00a0Minute\" \/>\n<script type=\"application\/ld+json\" class=\"yoast-schema-graph\">{\"@context\":\"https:\\\/\\\/schema.org\",\"@graph\":[{\"@type\":\"WebPage\",\"@id\":\"https:\\\/\\\/amrtop.net\\\/produit\\\/ventilatore-tangenziale-fergas-doppia-velocita-codice-113814-lunghezza-ventola-300-mm-lunghezza-totale-381-mm\\\/\",\"url\":\"https:\\\/\\\/amrtop.net\\\/produit\\\/ventilatore-tangenziale-fergas-doppia-velocita-codice-113814-lunghezza-ventola-300-mm-lunghezza-totale-381-mm\\\/\",\"name\":\"Ventilateur tangentiel Fergas \u00f8 60 mm L.vent 300 mm\",\"isPartOf\":{\"@id\":\"https:\\\/\\\/amrtop.net\\\/#website\"},\"primaryImageOfPage\":{\"@id\":\"https:\\\/\\\/amrtop.net\\\/produit\\\/ventilatore-tangenziale-fergas-doppia-velocita-codice-113814-lunghezza-ventola-300-mm-lunghezza-totale-381-mm\\\/#primaryimage\"},\"image\":{\"@id\":\"https:\\\/\\\/amrtop.net\\\/produit\\\/ventilatore-tangenziale-fergas-doppia-velocita-codice-113814-lunghezza-ventola-300-mm-lunghezza-totale-381-mm\\\/#primaryimage\"},\"thumbnailUrl\":\"https:\\\/\\\/amrtop.net\\\/wp-content\\\/uploads\\\/2023\\\/03\\\/113814-sfondo-amr.jpg\",\"datePublished\":\"2023-03-17T10:28:41+00:00\",\"dateModified\":\"2023-08-02T11:24:09+00:00\",\"description\":\"Ventilateur tangentiel Fergas \u00f8 60 mm L.vent 300 mm - Ventilateur tangentiel Fergas DOUBLE VITESSE po\u00eales \u00e0 granul\u00e9s Caminetti Montegrappa\",\"breadcrumb\":{\"@id\":\"https:\\\/\\\/amrtop.net\\\/produit\\\/ventilatore-tangenziale-fergas-doppia-velocita-codice-113814-lunghezza-ventola-300-mm-lunghezza-totale-381-mm\\\/#breadcrumb\"},\"inLanguage\":\"de\",\"potentialAction\":[{\"@type\":\"ReadAction\",\"target\":[\"https:\\\/\\\/amrtop.net\\\/produit\\\/ventilatore-tangenziale-fergas-doppia-velocita-codice-113814-lunghezza-ventola-300-mm-lunghezza-totale-381-mm\\\/\"]}]},{\"@type\":\"ImageObject\",\"inLanguage\":\"de\",\"@id\":\"https:\\\/\\\/amrtop.net\\\/produit\\\/ventilatore-tangenziale-fergas-doppia-velocita-codice-113814-lunghezza-ventola-300-mm-lunghezza-totale-381-mm\\\/#primaryimage\",\"url\":\"https:\\\/\\\/amrtop.net\\\/wp-content\\\/uploads\\\/2023\\\/03\\\/113814-sfondo-amr.jpg\",\"contentUrl\":\"https:\\\/\\\/amrtop.net\\\/wp-content\\\/uploads\\\/2023\\\/03\\\/113814-sfondo-amr.jpg\",\"width\":960,\"height\":960,\"caption\":\"Ventilateur tangentiel Fergas \u00f8 60 mm L.vent 300 mm - Ventilateur tangentiel Fergas DOUBLE VITESSE po\u00eales \u00e0 granul\u00e9s Caminetti Montegrappa\"},{\"@type\":\"BreadcrumbList\",\"@id\":\"https:\\\/\\\/amrtop.net\\\/produit\\\/ventilatore-tangenziale-fergas-doppia-velocita-codice-113814-lunghezza-ventola-300-mm-lunghezza-totale-381-mm\\\/#breadcrumb\",\"itemListElement\":[{\"@type\":\"ListItem\",\"position\":1,\"name\":\"Home\",\"item\":\"https:\\\/\\\/amrtop.net\\\/\"},{\"@type\":\"ListItem\",\"position\":2,\"name\":\"Shop\",\"item\":\"https:\\\/\\\/amrtop.net\\\/negozio\\\/\"},{\"@type\":\"ListItem\",\"position\":3,\"name\":\"Ventilateur tangentiel Fergas DOUBLE VITESSE Code 113814 &#8211; Longueur du ventilateur 300 mm &#8211; Longueur totale 381 mm\"}]},{\"@type\":\"WebSite\",\"@id\":\"https:\\\/\\\/amrtop.net\\\/#website\",\"url\":\"https:\\\/\\\/amrtop.net\\\/\",\"name\":\"AMRTOP B2B \u00c9tranger - Achats r\u00e9serv\u00e9s au professionnel\",\"description\":\"Pi\u00e8ces de rechange et accessoires pour po\u00eales et chaudi\u00e8res - eCommerce B2B pour Clients Professionnels\",\"potentialAction\":[{\"@type\":\"SearchAction\",\"target\":{\"@type\":\"EntryPoint\",\"urlTemplate\":\"https:\\\/\\\/amrtop.net\\\/?s={search_term_string}\"},\"query-input\":{\"@type\":\"PropertyValueSpecification\",\"valueRequired\":true,\"valueName\":\"search_term_string\"}}],\"inLanguage\":\"de\"}]}<\/script>\n<!-- \/ Yoast SEO plugin. -->","yoast_head_json":{"title":"Ventilateur tangentiel Fergas \u00f8 60 mm L.vent 300 mm","description":"Tangentialventilator Fergas \u00f8 60 mm L.vent 300 mm - Tangentialventilator Fergas DOPPELTE GESCHWINDIGKEIT Pellet\u00f6fen Caminetti Montegrappa","robots":{"index":"index","follow":"follow","max-snippet":"max-snippet:-1","max-image-preview":"max-image-preview:large","max-video-preview":"max-video-preview:-1"},"canonical":"https:\/\/amrtop.net\/de\/produkt\/ventilatore-tangenziale-fergas-doppia-velocita-codice-113814-lunghezza-ventola-300-mm-lunghezza-totale-381-mm\/","og_locale":"de_DE","og_type":"article","og_title":"Ventilateur tangentiel Fergas \u00f8 60 mm L.vent 300 mm","og_description":"Ventilateur tangentiel Fergas \u00f8 60 mm L.vent 300 mm - Ventilateur tangentiel Fergas DOUBLE VITESSE po\u00eales \u00e0 granul\u00e9s Caminetti Montegrappa","og_url":"https:\/\/amrtop.net\/de\/produkt\/ventilatore-tangenziale-fergas-doppia-velocita-codice-113814-lunghezza-ventola-300-mm-lunghezza-totale-381-mm\/","og_site_name":"AMRTOP B2B \u00c9tranger - Achats r\u00e9serv\u00e9s au professionnel","article_modified_time":"2023-08-02T11:24:09+00:00","og_image":[{"width":960,"height":960,"url":"https:\/\/amrtop.net\/wp-content\/uploads\/2023\/03\/113814-sfondo-amr.jpg","type":"image\/jpeg"}],"twitter_card":"summary_large_image","twitter_misc":{"Gesch\u00e4tzte Lesezeit":"1\u00a0Minute"},"schema":{"@context":"https:\/\/schema.org","@graph":[{"@type":"WebPage","@id":"https:\/\/amrtop.net\/produit\/ventilatore-tangenziale-fergas-doppia-velocita-codice-113814-lunghezza-ventola-300-mm-lunghezza-totale-381-mm\/","url":"https:\/\/amrtop.net\/produit\/ventilatore-tangenziale-fergas-doppia-velocita-codice-113814-lunghezza-ventola-300-mm-lunghezza-totale-381-mm\/","name":"Ventilateur tangentiel Fergas \u00f8 60 mm L.vent 300 mm","isPartOf":{"@id":"https:\/\/amrtop.net\/#website"},"primaryImageOfPage":{"@id":"https:\/\/amrtop.net\/produit\/ventilatore-tangenziale-fergas-doppia-velocita-codice-113814-lunghezza-ventola-300-mm-lunghezza-totale-381-mm\/#primaryimage"},"image":{"@id":"https:\/\/amrtop.net\/produit\/ventilatore-tangenziale-fergas-doppia-velocita-codice-113814-lunghezza-ventola-300-mm-lunghezza-totale-381-mm\/#primaryimage"},"thumbnailUrl":"https:\/\/amrtop.net\/wp-content\/uploads\/2023\/03\/113814-sfondo-amr.jpg","datePublished":"2023-03-17T10:28:41+00:00","dateModified":"2023-08-02T11:24:09+00:00","description":"Tangentialventilator Fergas \u00f8 60 mm L.vent 300 mm - Tangentialventilator Fergas DOPPELTE GESCHWINDIGKEIT Pellet\u00f6fen Caminetti Montegrappa","breadcrumb":{"@id":"https:\/\/amrtop.net\/produit\/ventilatore-tangenziale-fergas-doppia-velocita-codice-113814-lunghezza-ventola-300-mm-lunghezza-totale-381-mm\/#breadcrumb"},"inLanguage":"de","potentialAction":[{"@type":"ReadAction","target":["https:\/\/amrtop.net\/produit\/ventilatore-tangenziale-fergas-doppia-velocita-codice-113814-lunghezza-ventola-300-mm-lunghezza-totale-381-mm\/"]}]},{"@type":"ImageObject","inLanguage":"de","@id":"https:\/\/amrtop.net\/produit\/ventilatore-tangenziale-fergas-doppia-velocita-codice-113814-lunghezza-ventola-300-mm-lunghezza-totale-381-mm\/#primaryimage","url":"https:\/\/amrtop.net\/wp-content\/uploads\/2023\/03\/113814-sfondo-amr.jpg","contentUrl":"https:\/\/amrtop.net\/wp-content\/uploads\/2023\/03\/113814-sfondo-amr.jpg","width":960,"height":960,"caption":"Ventilateur tangentiel Fergas \u00f8 60 mm L.vent 300 mm - Ventilateur tangentiel Fergas DOUBLE VITESSE po\u00eales \u00e0 granul\u00e9s Caminetti Montegrappa"},{"@type":"BreadcrumbList","@id":"https:\/\/amrtop.net\/produit\/ventilatore-tangenziale-fergas-doppia-velocita-codice-113814-lunghezza-ventola-300-mm-lunghezza-totale-381-mm\/#breadcrumb","itemListElement":[{"@type":"ListItem","position":1,"name":"Home","item":"https:\/\/amrtop.net\/"},{"@type":"ListItem","position":2,"name":"Shop","item":"https:\/\/amrtop.net\/negozio\/"},{"@type":"ListItem","position":3,"name":"Ventilateur tangentiel Fergas DOUBLE VITESSE Code 113814 &#8211; Longueur du ventilateur 300 mm &#8211; Longueur totale 381 mm"}]},{"@type":"WebSite","@id":"https:\/\/amrtop.net\/#website","url":"https:\/\/amrtop.net\/","name":"AMRTOP B2B Ausland - Einkaufen nur f\u00fcr Fachleute","description":"Ersatzteile und Zubeh\u00f6r f\u00fcr \u00d6fen und Heizkessel - B2B eCommerce f\u00fcr Gesch\u00e4ftskunden","potentialAction":[{"@type":"SearchAction","target":{"@type":"EntryPoint","urlTemplate":"https:\/\/amrtop.net\/?s={search_term_string}"},"query-input":{"@type":"PropertyValueSpecification","valueRequired":true,"valueName":"search_term_string"}}],"inLanguage":"de"}]}},"_links":{"self":[{"href":"https:\/\/amrtop.net\/de\/wp-json\/wp\/v2\/product\/36910","targetHints":{"allow":["GET"]}}],"collection":[{"href":"https:\/\/amrtop.net\/de\/wp-json\/wp\/v2\/product"}],"about":[{"href":"https:\/\/amrtop.net\/de\/wp-json\/wp\/v2\/types\/product"}],"replies":[{"embeddable":true,"href":"https:\/\/amrtop.net\/de\/wp-json\/wp\/v2\/comments?post=36910"}],"wp:featuredmedia":[{"embeddable":true,"href":"https:\/\/amrtop.net\/de\/wp-json\/wp\/v2\/media\/37004"}],"wp:attachment":[{"href":"https:\/\/amrtop.net\/de\/wp-json\/wp\/v2\/media?parent=36910"}],"wp:term":[{"taxonomy":"product_brand","embeddable":true,"href":"https:\/\/amrtop.net\/de\/wp-json\/wp\/v2\/product_brand?post=36910"},{"taxonomy":"product_cat","embeddable":true,"href":"https:\/\/amrtop.net\/de\/wp-json\/wp\/v2\/product_cat?post=36910"},{"taxonomy":"product_tag","embeddable":true,"href":"https:\/\/amrtop.net\/de\/wp-json\/wp\/v2\/product_tag?post=36910"}],"curies":[{"name":"wp","href":"https:\/\/api.w.org\/{rel}","templated":true}]}}