{"id":37205,"date":"2023-04-26T07:47:37","date_gmt":"2023-04-26T07:47:37","guid":{"rendered":"https:\/\/amrtop.com\/B2B\/?post_type=product&#038;p=37205"},"modified":"2023-06-08T08:41:59","modified_gmt":"2023-06-08T08:41:59","slug":"brosse-de-rechange-pour-herisson-o-120-mm-en-nylon-code-spz1005","status":"publish","type":"product","link":"https:\/\/amrtop.net\/de\/produit\/brosse-de-rechange-pour-herisson-o-120-mm-en-nylon-code-spz1005\/","title":{"rendered":"Ersatzb\u00fcrste f\u00fcr Igel \u00f8 120 mm aus Nylon Code SPZ1005"},"content":{"rendered":"<h3>Brosse de rechange pour h\u00e9risson flex \u00f8 120 mm en nylon<\/h3>\n<p>Code SPZ1005<\/p>\n<hr \/>\n<p>H\u00e9risson en nylon \u00f8 120 mm id\u00e9al pour le nettoyage des po\u00eales et chaudi\u00e8res \u00e0 pellets et bois.<\/p>","protected":false},"excerpt":{"rendered":"<p>Brosse de rechange pour h\u00e9risson flex \u00f8 120 mm en nylon Code SPZ1005 H\u00e9risson en nylon \u00f8 120 mm id\u00e9al pour le nettoyage des po\u00eales et chaudi\u00e8res \u00e0 pellets et bois.<\/p>","protected":false},"featured_media":37207,"comment_status":"open","ping_status":"closed","template":"","meta":[],"product_brand":[],"product_cat":[1506,1505],"product_tag":[],"class_list":{"0":"post-37205","1":"product","2":"type-product","3":"status-publish","4":"has-post-thumbnail","6":"product_cat-accessoires-bois-et-pellets","7":"product_cat-produits-et-accessoires-fumisterie","8":"product_shipping_class-classe-di-spedizione-01","10":"first","11":"instock","12":"shipping-taxable","13":"purchasable","14":"product-type-simple"},"yoast_head":"<!-- This site is optimized with the Yoast SEO plugin v27.4 - https:\/\/yoast.com\/product\/yoast-seo-wordpress\/ -->\n<title>Brosse de rechange pour h\u00e9risson \u00f8 120 mm en nylon Code SPZ1005<\/title>\n<meta name=\"robots\" content=\"index, follow, max-snippet:-1, max-image-preview:large, max-video-preview:-1\" \/>\n<link rel=\"canonical\" href=\"https:\/\/amrtop.net\/de\/produkt\/brosse-de-rechange-pour-herisson-o-120-mm-en-nylon-code-spz1005\/\" \/>\n<meta property=\"og:locale\" content=\"de_DE\" \/>\n<meta property=\"og:type\" content=\"article\" \/>\n<meta property=\"og:title\" content=\"Brosse de rechange pour h\u00e9risson \u00f8 120 mm en nylon Code SPZ1005\" \/>\n<meta property=\"og:description\" content=\"Brosse de rechange pour h\u00e9risson flex \u00f8 120 mm en nylon Code SPZ1005 H\u00e9risson en nylon \u00f8 120 mm id\u00e9al pour le nettoyage des po\u00eales et chaudi\u00e8res \u00e0 pellets et bois.\" \/>\n<meta property=\"og:url\" content=\"https:\/\/amrtop.net\/de\/produkt\/brosse-de-rechange-pour-herisson-o-120-mm-en-nylon-code-spz1005\/\" \/>\n<meta property=\"og:site_name\" content=\"AMRTOP B2B \u00c9tranger - Achats r\u00e9serv\u00e9s au professionnel\" \/>\n<meta property=\"article:modified_time\" content=\"2023-06-08T08:41:59+00:00\" \/>\n<meta property=\"og:image\" content=\"https:\/\/amrtop.net\/wp-content\/uploads\/2023\/04\/spazzola-blu-1.jpeg\" \/>\n\t<meta property=\"og:image:width\" content=\"960\" \/>\n\t<meta property=\"og:image:height\" content=\"960\" \/>\n\t<meta property=\"og:image:type\" content=\"image\/jpeg\" \/>\n<meta name=\"twitter:card\" content=\"summary_large_image\" \/>\n<script type=\"application\/ld+json\" class=\"yoast-schema-graph\">{\"@context\":\"https:\\\/\\\/schema.org\",\"@graph\":[{\"@type\":\"WebPage\",\"@id\":\"https:\\\/\\\/amrtop.net\\\/produit\\\/brosse-de-rechange-pour-herisson-o-120-mm-en-nylon-code-spz1005\\\/\",\"url\":\"https:\\\/\\\/amrtop.net\\\/produit\\\/brosse-de-rechange-pour-herisson-o-120-mm-en-nylon-code-spz1005\\\/\",\"name\":\"Brosse de rechange pour h\u00e9risson \u00f8 120 mm en nylon Code SPZ1005\",\"isPartOf\":{\"@id\":\"https:\\\/\\\/amrtop.net\\\/#website\"},\"primaryImageOfPage\":{\"@id\":\"https:\\\/\\\/amrtop.net\\\/produit\\\/brosse-de-rechange-pour-herisson-o-120-mm-en-nylon-code-spz1005\\\/#primaryimage\"},\"image\":{\"@id\":\"https:\\\/\\\/amrtop.net\\\/produit\\\/brosse-de-rechange-pour-herisson-o-120-mm-en-nylon-code-spz1005\\\/#primaryimage\"},\"thumbnailUrl\":\"https:\\\/\\\/amrtop.net\\\/wp-content\\\/uploads\\\/2023\\\/04\\\/spazzola-blu-1.jpeg\",\"datePublished\":\"2023-04-26T07:47:37+00:00\",\"dateModified\":\"2023-06-08T08:41:59+00:00\",\"breadcrumb\":{\"@id\":\"https:\\\/\\\/amrtop.net\\\/produit\\\/brosse-de-rechange-pour-herisson-o-120-mm-en-nylon-code-spz1005\\\/#breadcrumb\"},\"inLanguage\":\"de\",\"potentialAction\":[{\"@type\":\"ReadAction\",\"target\":[\"https:\\\/\\\/amrtop.net\\\/produit\\\/brosse-de-rechange-pour-herisson-o-120-mm-en-nylon-code-spz1005\\\/\"]}]},{\"@type\":\"ImageObject\",\"inLanguage\":\"de\",\"@id\":\"https:\\\/\\\/amrtop.net\\\/produit\\\/brosse-de-rechange-pour-herisson-o-120-mm-en-nylon-code-spz1005\\\/#primaryimage\",\"url\":\"https:\\\/\\\/amrtop.net\\\/wp-content\\\/uploads\\\/2023\\\/04\\\/spazzola-blu-1.jpeg\",\"contentUrl\":\"https:\\\/\\\/amrtop.net\\\/wp-content\\\/uploads\\\/2023\\\/04\\\/spazzola-blu-1.jpeg\",\"width\":960,\"height\":960,\"caption\":\"Brosse de rechange pour h\u00e9risson \u00f8 120 mm en nylon Code SPZ1005\"},{\"@type\":\"BreadcrumbList\",\"@id\":\"https:\\\/\\\/amrtop.net\\\/produit\\\/brosse-de-rechange-pour-herisson-o-120-mm-en-nylon-code-spz1005\\\/#breadcrumb\",\"itemListElement\":[{\"@type\":\"ListItem\",\"position\":1,\"name\":\"Home\",\"item\":\"https:\\\/\\\/amrtop.net\\\/\"},{\"@type\":\"ListItem\",\"position\":2,\"name\":\"Shop\",\"item\":\"https:\\\/\\\/amrtop.net\\\/negozio\\\/\"},{\"@type\":\"ListItem\",\"position\":3,\"name\":\"Brosse de rechange pour h\u00e9risson \u00f8 120 mm en nylon Code SPZ1005\"}]},{\"@type\":\"WebSite\",\"@id\":\"https:\\\/\\\/amrtop.net\\\/#website\",\"url\":\"https:\\\/\\\/amrtop.net\\\/\",\"name\":\"AMRTOP B2B \u00c9tranger - Achats r\u00e9serv\u00e9s au professionnel\",\"description\":\"Pi\u00e8ces de rechange et accessoires pour po\u00eales et chaudi\u00e8res - eCommerce B2B pour Clients Professionnels\",\"potentialAction\":[{\"@type\":\"SearchAction\",\"target\":{\"@type\":\"EntryPoint\",\"urlTemplate\":\"https:\\\/\\\/amrtop.net\\\/?s={search_term_string}\"},\"query-input\":{\"@type\":\"PropertyValueSpecification\",\"valueRequired\":true,\"valueName\":\"search_term_string\"}}],\"inLanguage\":\"de\"}]}<\/script>\n<!-- \/ Yoast SEO plugin. -->","yoast_head_json":{"title":"Ersatzb\u00fcrste f\u00fcr Igel \u00f8 120 mm aus Nylon Code SPZ1005","robots":{"index":"index","follow":"follow","max-snippet":"max-snippet:-1","max-image-preview":"max-image-preview:large","max-video-preview":"max-video-preview:-1"},"canonical":"https:\/\/amrtop.net\/de\/produkt\/brosse-de-rechange-pour-herisson-o-120-mm-en-nylon-code-spz1005\/","og_locale":"de_DE","og_type":"article","og_title":"Brosse de rechange pour h\u00e9risson \u00f8 120 mm en nylon Code SPZ1005","og_description":"Brosse de rechange pour h\u00e9risson flex \u00f8 120 mm en nylon Code SPZ1005 H\u00e9risson en nylon \u00f8 120 mm id\u00e9al pour le nettoyage des po\u00eales et chaudi\u00e8res \u00e0 pellets et bois.","og_url":"https:\/\/amrtop.net\/de\/produkt\/brosse-de-rechange-pour-herisson-o-120-mm-en-nylon-code-spz1005\/","og_site_name":"AMRTOP B2B \u00c9tranger - Achats r\u00e9serv\u00e9s au professionnel","article_modified_time":"2023-06-08T08:41:59+00:00","og_image":[{"width":960,"height":960,"url":"https:\/\/amrtop.net\/wp-content\/uploads\/2023\/04\/spazzola-blu-1.jpeg","type":"image\/jpeg"}],"twitter_card":"summary_large_image","schema":{"@context":"https:\/\/schema.org","@graph":[{"@type":"WebPage","@id":"https:\/\/amrtop.net\/produit\/brosse-de-rechange-pour-herisson-o-120-mm-en-nylon-code-spz1005\/","url":"https:\/\/amrtop.net\/produit\/brosse-de-rechange-pour-herisson-o-120-mm-en-nylon-code-spz1005\/","name":"Ersatzb\u00fcrste f\u00fcr Igel \u00f8 120 mm aus Nylon Code SPZ1005","isPartOf":{"@id":"https:\/\/amrtop.net\/#website"},"primaryImageOfPage":{"@id":"https:\/\/amrtop.net\/produit\/brosse-de-rechange-pour-herisson-o-120-mm-en-nylon-code-spz1005\/#primaryimage"},"image":{"@id":"https:\/\/amrtop.net\/produit\/brosse-de-rechange-pour-herisson-o-120-mm-en-nylon-code-spz1005\/#primaryimage"},"thumbnailUrl":"https:\/\/amrtop.net\/wp-content\/uploads\/2023\/04\/spazzola-blu-1.jpeg","datePublished":"2023-04-26T07:47:37+00:00","dateModified":"2023-06-08T08:41:59+00:00","breadcrumb":{"@id":"https:\/\/amrtop.net\/produit\/brosse-de-rechange-pour-herisson-o-120-mm-en-nylon-code-spz1005\/#breadcrumb"},"inLanguage":"de","potentialAction":[{"@type":"ReadAction","target":["https:\/\/amrtop.net\/produit\/brosse-de-rechange-pour-herisson-o-120-mm-en-nylon-code-spz1005\/"]}]},{"@type":"ImageObject","inLanguage":"de","@id":"https:\/\/amrtop.net\/produit\/brosse-de-rechange-pour-herisson-o-120-mm-en-nylon-code-spz1005\/#primaryimage","url":"https:\/\/amrtop.net\/wp-content\/uploads\/2023\/04\/spazzola-blu-1.jpeg","contentUrl":"https:\/\/amrtop.net\/wp-content\/uploads\/2023\/04\/spazzola-blu-1.jpeg","width":960,"height":960,"caption":"Brosse de rechange pour h\u00e9risson \u00f8 120 mm en nylon Code SPZ1005"},{"@type":"BreadcrumbList","@id":"https:\/\/amrtop.net\/produit\/brosse-de-rechange-pour-herisson-o-120-mm-en-nylon-code-spz1005\/#breadcrumb","itemListElement":[{"@type":"ListItem","position":1,"name":"Home","item":"https:\/\/amrtop.net\/"},{"@type":"ListItem","position":2,"name":"Shop","item":"https:\/\/amrtop.net\/negozio\/"},{"@type":"ListItem","position":3,"name":"Brosse de rechange pour h\u00e9risson \u00f8 120 mm en nylon Code SPZ1005"}]},{"@type":"WebSite","@id":"https:\/\/amrtop.net\/#website","url":"https:\/\/amrtop.net\/","name":"AMRTOP B2B Ausland - Einkaufen nur f\u00fcr Fachleute","description":"Ersatzteile und Zubeh\u00f6r f\u00fcr \u00d6fen und Heizkessel - B2B eCommerce f\u00fcr Gesch\u00e4ftskunden","potentialAction":[{"@type":"SearchAction","target":{"@type":"EntryPoint","urlTemplate":"https:\/\/amrtop.net\/?s={search_term_string}"},"query-input":{"@type":"PropertyValueSpecification","valueRequired":true,"valueName":"search_term_string"}}],"inLanguage":"de"}]}},"_links":{"self":[{"href":"https:\/\/amrtop.net\/de\/wp-json\/wp\/v2\/product\/37205","targetHints":{"allow":["GET"]}}],"collection":[{"href":"https:\/\/amrtop.net\/de\/wp-json\/wp\/v2\/product"}],"about":[{"href":"https:\/\/amrtop.net\/de\/wp-json\/wp\/v2\/types\/product"}],"replies":[{"embeddable":true,"href":"https:\/\/amrtop.net\/de\/wp-json\/wp\/v2\/comments?post=37205"}],"wp:featuredmedia":[{"embeddable":true,"href":"https:\/\/amrtop.net\/de\/wp-json\/wp\/v2\/media\/37207"}],"wp:attachment":[{"href":"https:\/\/amrtop.net\/de\/wp-json\/wp\/v2\/media?parent=37205"}],"wp:term":[{"taxonomy":"product_brand","embeddable":true,"href":"https:\/\/amrtop.net\/de\/wp-json\/wp\/v2\/product_brand?post=37205"},{"taxonomy":"product_cat","embeddable":true,"href":"https:\/\/amrtop.net\/de\/wp-json\/wp\/v2\/product_cat?post=37205"},{"taxonomy":"product_tag","embeddable":true,"href":"https:\/\/amrtop.net\/de\/wp-json\/wp\/v2\/product_tag?post=37205"}],"curies":[{"name":"wp","href":"https:\/\/api.w.org\/{rel}","templated":true}]}}