{"id":40017,"date":"2024-07-11T13:04:53","date_gmt":"2024-07-11T13:04:53","guid":{"rendered":"https:\/\/amrtop.net\/?post_type=product&#038;p=40017"},"modified":"2024-07-11T13:07:15","modified_gmt":"2024-07-11T13:07:15","slug":"bougie-avec-raccord-3-8%e2%80%b3-o-99-mm-270-watt-longueur-totale-140-mm-code-eld60020q","status":"publish","type":"product","link":"https:\/\/amrtop.net\/de\/produit\/bougie-avec-raccord-3-8%e2%80%b3-o-99-mm-270-watt-longueur-totale-140-mm-code-eld60020q\/","title":{"rendered":"Kerze mit 3\/8\u2033-Anschluss \u00f8 9,9 mm - 270 Watt - Gesamtl\u00e4nge 140 mm - Code ELD60020Q"},"content":{"rendered":"<h3>Kompatibilit\u00e4t<\/h3>\n<h3>Austauschbar mit den folgenden Modellen von Z\u00fcndkerzen-Widerst\u00e4nden-Z\u00fcndpatronen :<\/h3>\n<p>HT62647, HT5100, HT62264, HT55044, HT56609, HT62649, HT56135, UTXS019837 UTXS022972, SET1<\/p>\n<p><strong>Pour les mod\u00e8les suivants de po\u00eales et chaudi\u00e8res \u00e0 pellets Ecotek\/Ravelli:<\/strong><\/p>\n<p>Anna<br \/>\nAria<br \/>\nAtena V\/C can<br \/>\nAtena V\/C vent<br \/>\nDual 7\/9\/9S 7Glass<br \/>\nDual 7\/9\/9S 9Glass<br \/>\nEva \u2013 Flavia<br \/>\nFlavia 2014<br \/>\nFrancesca<br \/>\nHR evo18<br \/>\nHR160 Snella<br \/>\nHR70<br \/>\nHRB120<br \/>\nHRV135 (ver.2)<br \/>\nHRV160 (ver.2)<br \/>\nHRV160 14<br \/>\nHRV170<br \/>\nLaura<br \/>\nLisa<br \/>\nLisa Plus<br \/>\nLisa plus 2014<br \/>\nMavi<br \/>\nMonica (modelli 2006-2007-2008)<br \/>\nNatural 7<br \/>\nNatural 9<br \/>\nOlimpia<br \/>\nR70<br \/>\nR70 can<br \/>\nRC120 Touch<br \/>\nRC70 2014<br \/>\nRV120 Touch<br \/>\nRV80<br \/>\nRV80 2015<br \/>\nSnella (ver.2)<br \/>\nVeronique<br \/>\nVittoria V\/C aircan<br \/>\nYoung 60-80-110<\/p>\n<p><strong>F\u00fcr die folgenden Modelle von Qlima-Pellet\u00f6fen und -Kesseln:<\/strong><\/p>\n<p>Diandra 60 S-line<br \/>\nDiandra 90 S-line<br \/>\nFiorina 103 S-line<br \/>\nFiorina 74 S-line<br \/>\nFiorina 90 S-line<br \/>\nTectro TBH 558<br \/>\nTectro TBH 564<br \/>\nTectro TBH 565<br \/>\nTectro TBH 570<\/p>\n<p>Delfina III 90 M-line<br \/>\nRonda 80 glass<br \/>\nRonda 80 S-line<br \/>\nRonda 100 S-Line<\/p>\n<p>Ronda 100 S-li<\/p>\n<p>Lindara 100 S-Line<br \/>\nLindara 60 S<br \/>\nViolat 100-2 S-Line<\/p>\n<p>ELEONORA<br \/>\nFIORINA<br \/>\nDONATA<br \/>\nROSADA<br \/>\nSTOVER<br \/>\nDIANDRA<br \/>\nRONDA<br \/>\nDELMARA<br \/>\nDELFINA<br \/>\nVIOLA<br \/>\nTECTRO TBH<br \/>\nSLIM<br \/>\nIDRO<\/p>\n<p>&nbsp;<\/p>","protected":false},"excerpt":{"rendered":"<hr \/>\n<h2><span style=\"color: #008000;\">Verf\u00fcgbar<\/span><\/h2>\n<hr \/>\n<h3>Z\u00fcndkerze mit 3\/8\u2033-Anschluss<\/h3>\n<p>Code.ELD60020<br \/>\n\u00f8 9.9 mm<br \/>\nLongueur totale : 140 mm<br \/>\nLongueur sous-\u00e9crou : 130 mm<br \/>\nPuissance : 270 Watt<br \/>\nKabell\u00e4nge: 500 mm<\/p>\n<p>&nbsp;<\/p>","protected":false},"featured_media":34614,"comment_status":"open","ping_status":"closed","template":"","meta":[],"product_brand":[],"product_cat":[842,840,839],"product_tag":[107,26,27,28,29,30,31,32,33,34,36,37,73,108,39,40,41,43,45,46,47,48],"class_list":{"0":"post-40017","1":"product","2":"type-product","3":"status-publish","4":"has-post-thumbnail","6":"product_cat-bougies-avec-raccord-3-8-o-9-9-mm","7":"product_cat-bougies-dallumage-pour-poeles-et-chaudieres-a-pellets","8":"product_cat-pieces-de-rechange-divers-poeles-et-chaudieres","9":"product_tag-adle","10":"product_tag-amg","11":"product_tag-bioecotermo","12":"product_tag-calecosol","13":"product_tag-calideal","14":"product_tag-cs-thermos","15":"product_tag-ecoteck","16":"product_tag-emaflam","17":"product_tag-euroalpi","18":"product_tag-extrastove","19":"product_tag-kalideal","20":"product_tag-kalon","21":"product_tag-kalor","22":"product_tag-mbzitalfuoco","23":"product_tag-piazzetta","24":"product_tag-qlima","25":"product_tag-ravelli","26":"product_tag-supra","27":"product_tag-tectro","28":"product_tag-winterofen","29":"product_tag-xiang","30":"product_tag-zibro","31":"product_shipping_class-classe-di-spedizione-01","33":"first","34":"instock","35":"shipping-taxable","36":"purchasable","37":"product-type-variable"},"yoast_head":"<!-- This site is optimized with the Yoast SEO plugin v27.5 - https:\/\/yoast.com\/product\/yoast-seo-wordpress\/ -->\n<title>Bougie allumage raccord 3\/8\u2033 L.140 mm<\/title>\n<meta name=\"description\" content=\"Bougie allumage raccord 3\/8\u2033 L.140 mm - r\u00e9sistance \u00e0 l\u2019allumage avec raccord 3\/8&quot; de 9,9 mm - cartouche \u00e0 allumage raccord 3\/8&quot; de 9,9 mm\" \/>\n<meta name=\"robots\" content=\"index, follow, max-snippet:-1, max-image-preview:large, max-video-preview:-1\" \/>\n<link rel=\"canonical\" href=\"https:\/\/amrtop.net\/de\/produkt\/bougie-avec-raccord-3-8\u2033-o-99-mm-270-watt-longueur-totale-140-mm-code-eld60020q\/\" \/>\n<meta property=\"og:locale\" content=\"de_DE\" \/>\n<meta property=\"og:type\" content=\"article\" \/>\n<meta property=\"og:title\" content=\"Bougie allumage raccord 3\/8\u2033 L.140 mm\" \/>\n<meta property=\"og:description\" content=\"Bougie allumage raccord 3\/8\u2033 L.140 mm - r\u00e9sistance \u00e0 l\u2019allumage avec raccord 3\/8&quot; de 9,9 mm - cartouche \u00e0 allumage raccord 3\/8&quot; de 9,9 mm\" \/>\n<meta property=\"og:url\" content=\"https:\/\/amrtop.net\/de\/produkt\/bougie-avec-raccord-3-8\u2033-o-99-mm-270-watt-longueur-totale-140-mm-code-eld60020q\/\" \/>\n<meta property=\"og:site_name\" content=\"AMRTOP B2B \u00c9tranger - Achats r\u00e9serv\u00e9s au professionnel\" \/>\n<meta property=\"article:modified_time\" content=\"2024-07-11T13:07:15+00:00\" \/>\n<meta property=\"og:image\" content=\"https:\/\/amrtop.net\/wp-content\/uploads\/2020\/01\/eld60020-1.jpg\" \/>\n\t<meta property=\"og:image:width\" content=\"960\" \/>\n\t<meta property=\"og:image:height\" content=\"960\" \/>\n\t<meta property=\"og:image:type\" content=\"image\/jpeg\" \/>\n<meta name=\"twitter:card\" content=\"summary_large_image\" \/>\n<meta name=\"twitter:label1\" content=\"Gesch\u00e4tzte Lesezeit\" \/>\n\t<meta name=\"twitter:data1\" content=\"3\u00a0Minuten\" \/>\n<script type=\"application\/ld+json\" class=\"yoast-schema-graph\">{\"@context\":\"https:\\\/\\\/schema.org\",\"@graph\":[{\"@type\":\"WebPage\",\"@id\":\"https:\\\/\\\/amrtop.net\\\/produit\\\/bougie-avec-raccord-3-8%e2%80%b3-o-99-mm-270-watt-longueur-totale-140-mm-code-eld60020q\\\/\",\"url\":\"https:\\\/\\\/amrtop.net\\\/produit\\\/bougie-avec-raccord-3-8%e2%80%b3-o-99-mm-270-watt-longueur-totale-140-mm-code-eld60020q\\\/\",\"name\":\"Bougie allumage raccord 3\\\/8\u2033 L.140 mm\",\"isPartOf\":{\"@id\":\"https:\\\/\\\/amrtop.net\\\/#website\"},\"primaryImageOfPage\":{\"@id\":\"https:\\\/\\\/amrtop.net\\\/produit\\\/bougie-avec-raccord-3-8%e2%80%b3-o-99-mm-270-watt-longueur-totale-140-mm-code-eld60020q\\\/#primaryimage\"},\"image\":{\"@id\":\"https:\\\/\\\/amrtop.net\\\/produit\\\/bougie-avec-raccord-3-8%e2%80%b3-o-99-mm-270-watt-longueur-totale-140-mm-code-eld60020q\\\/#primaryimage\"},\"thumbnailUrl\":\"https:\\\/\\\/amrtop.net\\\/wp-content\\\/uploads\\\/2020\\\/01\\\/eld60020-1.jpg\",\"datePublished\":\"2024-07-11T13:04:53+00:00\",\"dateModified\":\"2024-07-11T13:07:15+00:00\",\"description\":\"Bougie allumage raccord 3\\\/8\u2033 L.140 mm - r\u00e9sistance \u00e0 l\u2019allumage avec raccord 3\\\/8\\\" de 9,9 mm - cartouche \u00e0 allumage raccord 3\\\/8\\\" de 9,9 mm\",\"breadcrumb\":{\"@id\":\"https:\\\/\\\/amrtop.net\\\/produit\\\/bougie-avec-raccord-3-8%e2%80%b3-o-99-mm-270-watt-longueur-totale-140-mm-code-eld60020q\\\/#breadcrumb\"},\"inLanguage\":\"de\",\"potentialAction\":[{\"@type\":\"ReadAction\",\"target\":[\"https:\\\/\\\/amrtop.net\\\/produit\\\/bougie-avec-raccord-3-8%e2%80%b3-o-99-mm-270-watt-longueur-totale-140-mm-code-eld60020q\\\/\"]}]},{\"@type\":\"ImageObject\",\"inLanguage\":\"de\",\"@id\":\"https:\\\/\\\/amrtop.net\\\/produit\\\/bougie-avec-raccord-3-8%e2%80%b3-o-99-mm-270-watt-longueur-totale-140-mm-code-eld60020q\\\/#primaryimage\",\"url\":\"https:\\\/\\\/amrtop.net\\\/wp-content\\\/uploads\\\/2020\\\/01\\\/eld60020-1.jpg\",\"contentUrl\":\"https:\\\/\\\/amrtop.net\\\/wp-content\\\/uploads\\\/2020\\\/01\\\/eld60020-1.jpg\",\"width\":960,\"height\":960,\"caption\":\"Candeletta raccordo 3\\\/8\u2033 L.140mm\"},{\"@type\":\"BreadcrumbList\",\"@id\":\"https:\\\/\\\/amrtop.net\\\/produit\\\/bougie-avec-raccord-3-8%e2%80%b3-o-99-mm-270-watt-longueur-totale-140-mm-code-eld60020q\\\/#breadcrumb\",\"itemListElement\":[{\"@type\":\"ListItem\",\"position\":1,\"name\":\"Home\",\"item\":\"https:\\\/\\\/amrtop.net\\\/\"},{\"@type\":\"ListItem\",\"position\":2,\"name\":\"Shop\",\"item\":\"https:\\\/\\\/amrtop.net\\\/negozio\\\/\"},{\"@type\":\"ListItem\",\"position\":3,\"name\":\"Bougie avec raccord 3\\\/8\u2033 \u00f8 9,9 mm \u2013 270 Watt \u2013 longueur totale 140 mm \u2013 Code ELD60020Q\"}]},{\"@type\":\"WebSite\",\"@id\":\"https:\\\/\\\/amrtop.net\\\/#website\",\"url\":\"https:\\\/\\\/amrtop.net\\\/\",\"name\":\"AMRTOP B2B \u00c9tranger - Achats r\u00e9serv\u00e9s au professionnel\",\"description\":\"Pi\u00e8ces de rechange et accessoires pour po\u00eales et chaudi\u00e8res - eCommerce B2B pour Clients Professionnels\",\"potentialAction\":[{\"@type\":\"SearchAction\",\"target\":{\"@type\":\"EntryPoint\",\"urlTemplate\":\"https:\\\/\\\/amrtop.net\\\/?s={search_term_string}\"},\"query-input\":{\"@type\":\"PropertyValueSpecification\",\"valueRequired\":true,\"valueName\":\"search_term_string\"}}],\"inLanguage\":\"de\"}]}<\/script>\n<!-- \/ Yoast SEO plugin. -->","yoast_head_json":{"title":"Z\u00fcndkerze Anschluss 3\/8\u2033 L.140 mm","description":"Z\u00fcndkerze Anschluss 3\/8\u2033 L.140 mm - Z\u00fcndwiderstand mit Anschluss 3\/8\" von 9,9 mm - Z\u00fcndkartusche Anschluss 3\/8\" von 9,9 mm","robots":{"index":"index","follow":"follow","max-snippet":"max-snippet:-1","max-image-preview":"max-image-preview:large","max-video-preview":"max-video-preview:-1"},"canonical":"https:\/\/amrtop.net\/de\/produkt\/bougie-avec-raccord-3-8\u2033-o-99-mm-270-watt-longueur-totale-140-mm-code-eld60020q\/","og_locale":"de_DE","og_type":"article","og_title":"Bougie allumage raccord 3\/8\u2033 L.140 mm","og_description":"Bougie allumage raccord 3\/8\u2033 L.140 mm - r\u00e9sistance \u00e0 l\u2019allumage avec raccord 3\/8\" de 9,9 mm - cartouche \u00e0 allumage raccord 3\/8\" de 9,9 mm","og_url":"https:\/\/amrtop.net\/de\/produkt\/bougie-avec-raccord-3-8\u2033-o-99-mm-270-watt-longueur-totale-140-mm-code-eld60020q\/","og_site_name":"AMRTOP B2B \u00c9tranger - Achats r\u00e9serv\u00e9s au professionnel","article_modified_time":"2024-07-11T13:07:15+00:00","og_image":[{"width":960,"height":960,"url":"https:\/\/amrtop.net\/wp-content\/uploads\/2020\/01\/eld60020-1.jpg","type":"image\/jpeg"}],"twitter_card":"summary_large_image","twitter_misc":{"Gesch\u00e4tzte Lesezeit":"3\u00a0Minuten"},"schema":{"@context":"https:\/\/schema.org","@graph":[{"@type":"WebPage","@id":"https:\/\/amrtop.net\/produit\/bougie-avec-raccord-3-8%e2%80%b3-o-99-mm-270-watt-longueur-totale-140-mm-code-eld60020q\/","url":"https:\/\/amrtop.net\/produit\/bougie-avec-raccord-3-8%e2%80%b3-o-99-mm-270-watt-longueur-totale-140-mm-code-eld60020q\/","name":"Z\u00fcndkerze Anschluss 3\/8\u2033 L.140 mm","isPartOf":{"@id":"https:\/\/amrtop.net\/#website"},"primaryImageOfPage":{"@id":"https:\/\/amrtop.net\/produit\/bougie-avec-raccord-3-8%e2%80%b3-o-99-mm-270-watt-longueur-totale-140-mm-code-eld60020q\/#primaryimage"},"image":{"@id":"https:\/\/amrtop.net\/produit\/bougie-avec-raccord-3-8%e2%80%b3-o-99-mm-270-watt-longueur-totale-140-mm-code-eld60020q\/#primaryimage"},"thumbnailUrl":"https:\/\/amrtop.net\/wp-content\/uploads\/2020\/01\/eld60020-1.jpg","datePublished":"2024-07-11T13:04:53+00:00","dateModified":"2024-07-11T13:07:15+00:00","description":"Z\u00fcndkerze Anschluss 3\/8\u2033 L.140 mm - Z\u00fcndwiderstand mit Anschluss 3\/8\" von 9,9 mm - Z\u00fcndkartusche Anschluss 3\/8\" von 9,9 mm","breadcrumb":{"@id":"https:\/\/amrtop.net\/produit\/bougie-avec-raccord-3-8%e2%80%b3-o-99-mm-270-watt-longueur-totale-140-mm-code-eld60020q\/#breadcrumb"},"inLanguage":"de","potentialAction":[{"@type":"ReadAction","target":["https:\/\/amrtop.net\/produit\/bougie-avec-raccord-3-8%e2%80%b3-o-99-mm-270-watt-longueur-totale-140-mm-code-eld60020q\/"]}]},{"@type":"ImageObject","inLanguage":"de","@id":"https:\/\/amrtop.net\/produit\/bougie-avec-raccord-3-8%e2%80%b3-o-99-mm-270-watt-longueur-totale-140-mm-code-eld60020q\/#primaryimage","url":"https:\/\/amrtop.net\/wp-content\/uploads\/2020\/01\/eld60020-1.jpg","contentUrl":"https:\/\/amrtop.net\/wp-content\/uploads\/2020\/01\/eld60020-1.jpg","width":960,"height":960,"caption":"Candeletta raccordo 3\/8\u2033 L.140mm"},{"@type":"BreadcrumbList","@id":"https:\/\/amrtop.net\/produit\/bougie-avec-raccord-3-8%e2%80%b3-o-99-mm-270-watt-longueur-totale-140-mm-code-eld60020q\/#breadcrumb","itemListElement":[{"@type":"ListItem","position":1,"name":"Home","item":"https:\/\/amrtop.net\/"},{"@type":"ListItem","position":2,"name":"Shop","item":"https:\/\/amrtop.net\/negozio\/"},{"@type":"ListItem","position":3,"name":"Bougie avec raccord 3\/8\u2033 \u00f8 9,9 mm \u2013 270 Watt \u2013 longueur totale 140 mm \u2013 Code ELD60020Q"}]},{"@type":"WebSite","@id":"https:\/\/amrtop.net\/#website","url":"https:\/\/amrtop.net\/","name":"AMRTOP B2B Ausland - Einkaufen nur f\u00fcr Fachleute","description":"Ersatzteile und Zubeh\u00f6r f\u00fcr \u00d6fen und Heizkessel - B2B eCommerce f\u00fcr Gesch\u00e4ftskunden","potentialAction":[{"@type":"SearchAction","target":{"@type":"EntryPoint","urlTemplate":"https:\/\/amrtop.net\/?s={search_term_string}"},"query-input":{"@type":"PropertyValueSpecification","valueRequired":true,"valueName":"search_term_string"}}],"inLanguage":"de"}]}},"_links":{"self":[{"href":"https:\/\/amrtop.net\/de\/wp-json\/wp\/v2\/product\/40017","targetHints":{"allow":["GET"]}}],"collection":[{"href":"https:\/\/amrtop.net\/de\/wp-json\/wp\/v2\/product"}],"about":[{"href":"https:\/\/amrtop.net\/de\/wp-json\/wp\/v2\/types\/product"}],"replies":[{"embeddable":true,"href":"https:\/\/amrtop.net\/de\/wp-json\/wp\/v2\/comments?post=40017"}],"wp:featuredmedia":[{"embeddable":true,"href":"https:\/\/amrtop.net\/de\/wp-json\/wp\/v2\/media\/34614"}],"wp:attachment":[{"href":"https:\/\/amrtop.net\/de\/wp-json\/wp\/v2\/media?parent=40017"}],"wp:term":[{"taxonomy":"product_brand","embeddable":true,"href":"https:\/\/amrtop.net\/de\/wp-json\/wp\/v2\/product_brand?post=40017"},{"taxonomy":"product_cat","embeddable":true,"href":"https:\/\/amrtop.net\/de\/wp-json\/wp\/v2\/product_cat?post=40017"},{"taxonomy":"product_tag","embeddable":true,"href":"https:\/\/amrtop.net\/de\/wp-json\/wp\/v2\/product_tag?post=40017"}],"curies":[{"name":"wp","href":"https:\/\/api.w.org\/{rel}","templated":true}]}}