{"id":8895,"date":"2020-01-10T00:00:00","date_gmt":"2020-01-10T00:00:00","guid":{"rendered":"https:\/\/amrtop.com\/B2B\/?post_type=product&#038;p=8895"},"modified":"2023-05-26T12:25:52","modified_gmt":"2023-05-26T12:25:52","slug":"bougie-avec-bride-l132-mm","status":"publish","type":"product","link":"https:\/\/amrtop.net\/de\/produit\/bougie-avec-bride-l132-mm\/","title":{"rendered":"Kerze mit Flansch \u00f8 12,5 mm - 400 Watt - Gesamtl\u00e4nge 132 mm - Code ELF60023"},"content":{"rendered":"<hr \/>\n<h3><strong>Bougie avec bride L132 mm<\/strong><\/h3>\n<p><strong>Amrtop<\/strong>\u00a0offre 5 types de bougies d\u2019allumage avec bride L 160 mm 350 watts &#8211; L 170 mm 350 watts &#8211; L 132 mm 400 &#8211; L 280 mm 400 watts &#8211; L 182 mm 350 watts type\u00a0<strong>hohe Leistungsdichte mit der Ultramax SC400-Technologie.<\/strong><\/p>\n<h3><strong>Utilisation de la bougie avec bride L132mm<\/strong><\/h3>\n<p>Les bougies de pr\u00e9chauffage avec bride \u00f8 12,5 mm &#8211; 400 Watt &#8211; Longueur totale 132 mm &#8211; Code ELF60023 sont utilis\u00e9es dans le secteur du chauffage \u00e0 biomasse pellets.<\/p>\n<h3><strong>Ultramax SC400<\/strong><\/h3>\n<p>Ultramax SC 400 ist eine Kartusche mit einer absolut dichten, hochtemperaturtauglichen Versiegelung in einem zyklusgesteuerten Prozess, die im Heizerkopf geschmolzen wird, um eine koh\u00e4rente Versiegelung der Metalloberfl\u00e4chen auf molekularer Ebene zu bilden. Die Verwendung von ULTRAMAX SC400-Patronen wird in allen F\u00e4llen unverzichtbar, egal ob es um hohe Sicherheit und Zuverl\u00e4ssigkeit geht, wie bei der Verwendung in elektromedizinischen Ger\u00e4ten, Handwerkszeugen, Anwendungen in der Luft- und Raumfahrt, im atomaren Bereich, in der Chirurgie oder im Milit\u00e4r.<\/p>\n<h3><strong>Innen<\/strong><\/h3>\n<p><a href=\"https:\/\/wekos.it\/\">\u00d6fen, Herde und Holzherde<\/a>\u00a0-\u00a0<a href=\"https:\/\/www.greenpuros.com\/\">Kamine, \u00d6fen und Pelletkessel.<\/a><\/p>\n<h3><strong>Amrtop Ersatzteile und Zubeh\u00f6r Sortiment<\/strong><\/h3>\n<p><a href=\"https:\/\/amrtop.net\/de\/produktkategorie\/ersatzteile-diverse-ofen-und-kocher-2\/bougies-dallumage-pour-poeles-et-chaudieres-a-pellets\/\">Gl\u00fchkerzen<\/a><\/p>\n<p><a href=\"https:\/\/amrtop.net\/de\/produktkategorie\/ersatzteile-diverse-ofen-und-kocher-2\/electronique\/\">Elektronik<\/a><\/p>\n<p><a href=\"https:\/\/amrtop.net\/de\/produktkategorie\/ersatzteile-diverse-ofen-und-kocher-2\/extracteurs-de-fumee\/\">Rauchabzug<\/a><\/p>\n<p><a href=\"https:\/\/amrtop.net\/de\/produktkategorie\/ersatzteile-diverse-ofen-und-kocher-2\/gaines-cable-connecteurs\/\">Kabelh\u00fcllen Verbinder<\/a><\/p>\n<p><a href=\"https:\/\/amrtop.net\/de\/produktkategorie\/ersatzteile-diverse-ofen-und-kocher-2\/joints-de-silicone\/\">Silikondichtungen<\/a><\/p>\n<p><a href=\"https:\/\/amrtop.net\/de\/produktkategorie\/ersatzteile-diverse-ofen-und-kocher-2\/motoreducteurs\/\">Getriebemotoren<\/a><\/p>\n<p><a href=\"https:\/\/amrtop.net\/de\/produktkategorie\/ersatzteile-diverse-ofen-und-kocher-2\/pressostats-et-transducteurs\/\">Druckschalter und Wandler<\/a><\/p>\n<p><a href=\"https:\/\/amrtop.com\/B2B\/fr\/categorie-produit\/ricambi-vari-stufe-e-caldaie\/sonde-termostati-manometri-termometri\/\">Sonden Thermostate Manometer Thermometer<\/a><\/p>\n<p><a href=\"https:\/\/amrtop.net\/de\/produktkategorie\/ersatzteile-diverse-ofen-und-kocher-2\/joints-detancheite\/\">Dichtgeflechte<\/a><\/p>\n<p><a href=\"https:\/\/amrtop.net\/de\/produktkategorie\/ersatzteile-diverse-ofen-und-kocher-2\/ventilateurs-centrifuges-pour-poeles-a-pellets\/\">Zentrifugalventilatoren<\/a><\/p>\n<p><a href=\"https:\/\/amrtop.net\/de\/produktkategorie\/ersatzteile-diverse-ofen-und-kocher-2\/ventilateurs-tangentiels-flux-transversal\/\">Tangentiale Ventilatoren<\/a><\/p>\n<p><a href=\"https:\/\/amrtop.net\/de\/produktkategorie\/ersatzteile-diverse-ofen-und-kocher-2\/adhesifs-et-produits-detancheite\/\">Klebstoffe und Kitt<\/a><\/p>\n<p>&nbsp;<\/p>\n<h3><\/h3>\n<h3><\/h3>\n<p>&nbsp;<\/p>","protected":false},"excerpt":{"rendered":"<hr \/>\n<h2><span style=\"color: #008000\">Disponibile<\/span><\/h2>\n<hr \/>\n<h3>Z\u00fcndkerze mit Flansch<\/h3>\n<p>Code ELF60023<\/p>\n<p>\u00f8 12,5 mm<br \/>\nGesamtl\u00e4nge: 132 mm<br \/>\nLongueur sous-\u00e9crou : 103 mm<br \/>\nLeistung: 400 W<br \/>\nKabell\u00e4nge: 350 mm<\/p>\n<h3>Kompatibilit\u00e4t<\/h3>\n<hr \/>\n<h3>Z\u00fcndkerze-Widerstand-Z\u00fcndkerze kompatibel mit den folgenden Marken von Pellet\u00f6fen<\/h3>\n<p>Envirofire<\/p>\n<hr \/>\n<h3>Austauschbar mit folgendem Modell von Z\u00fcndkerze-Widerstand-Z\u00fcndkerze :<\/h3>\n<p>UTXS022576<\/p>","protected":false},"featured_media":34581,"comment_status":"open","ping_status":"closed","template":"","meta":[],"product_brand":[],"product_cat":[859,840,839],"product_tag":[145],"class_list":{"0":"post-8895","1":"product","2":"type-product","3":"status-publish","4":"has-post-thumbnail","6":"product_cat-bougies-dallumage-avec-bride-o-12-5-mm","7":"product_cat-bougies-dallumage-pour-poeles-et-chaudieres-a-pellets","8":"product_cat-pieces-de-rechange-divers-poeles-et-chaudieres","9":"product_tag-envirofire","10":"product_shipping_class-classe-di-spedizione-01","12":"first","13":"instock","14":"shipping-taxable","15":"purchasable","16":"product-type-simple"},"yoast_head":"<!-- This site is optimized with the Yoast SEO plugin v27.4 - https:\/\/yoast.com\/product\/yoast-seo-wordpress\/ -->\n<title>Bougie avec bride L132 mm<\/title>\n<meta name=\"description\" content=\"Bougie avec bride L132 mm - R\u00e9sistance \u00e0 l\u2019allumage avec bride L132 mm \u00e0 12,5 mm-cartouche \u00e0 allumage avec bride L132 mm \u00e0 12,5 mm\" \/>\n<meta name=\"robots\" content=\"index, follow, max-snippet:-1, max-image-preview:large, max-video-preview:-1\" \/>\n<link rel=\"canonical\" href=\"https:\/\/amrtop.net\/de\/produkt\/bougie-avec-bride-l132-mm\/\" \/>\n<meta property=\"og:locale\" content=\"de_DE\" \/>\n<meta property=\"og:type\" content=\"article\" \/>\n<meta property=\"og:title\" content=\"Bougie avec bride L132 mm\" \/>\n<meta property=\"og:description\" content=\"Bougie avec bride L132 mm - R\u00e9sistance \u00e0 l\u2019allumage avec bride L132 mm \u00e0 12,5 mm-cartouche \u00e0 allumage avec bride L132 mm \u00e0 12,5 mm\" \/>\n<meta property=\"og:url\" content=\"https:\/\/amrtop.net\/de\/produkt\/bougie-avec-bride-l132-mm\/\" \/>\n<meta property=\"og:site_name\" content=\"AMRTOP B2B \u00c9tranger - Achats r\u00e9serv\u00e9s au professionnel\" \/>\n<meta property=\"article:modified_time\" content=\"2023-05-26T12:25:52+00:00\" \/>\n<meta property=\"og:image\" content=\"https:\/\/amrtop.net\/wp-content\/uploads\/2022\/07\/elf60023-1.jpg\" \/>\n\t<meta property=\"og:image:width\" content=\"960\" \/>\n\t<meta property=\"og:image:height\" content=\"960\" \/>\n\t<meta property=\"og:image:type\" content=\"image\/jpeg\" \/>\n<meta name=\"twitter:card\" content=\"summary_large_image\" \/>\n<meta name=\"twitter:label1\" content=\"Gesch\u00e4tzte Lesezeit\" \/>\n\t<meta name=\"twitter:data1\" content=\"2\u00a0Minuten\" \/>\n<script type=\"application\/ld+json\" class=\"yoast-schema-graph\">{\"@context\":\"https:\\\/\\\/schema.org\",\"@graph\":[{\"@type\":\"WebPage\",\"@id\":\"https:\\\/\\\/amrtop.net\\\/produit\\\/bougie-avec-bride-l132-mm\\\/\",\"url\":\"https:\\\/\\\/amrtop.net\\\/produit\\\/bougie-avec-bride-l132-mm\\\/\",\"name\":\"Bougie avec bride L132 mm\",\"isPartOf\":{\"@id\":\"https:\\\/\\\/amrtop.net\\\/#website\"},\"primaryImageOfPage\":{\"@id\":\"https:\\\/\\\/amrtop.net\\\/produit\\\/bougie-avec-bride-l132-mm\\\/#primaryimage\"},\"image\":{\"@id\":\"https:\\\/\\\/amrtop.net\\\/produit\\\/bougie-avec-bride-l132-mm\\\/#primaryimage\"},\"thumbnailUrl\":\"https:\\\/\\\/amrtop.net\\\/wp-content\\\/uploads\\\/2022\\\/07\\\/elf60023-1.jpg\",\"datePublished\":\"2020-01-10T00:00:00+00:00\",\"dateModified\":\"2023-05-26T12:25:52+00:00\",\"description\":\"Bougie avec bride L132 mm - R\u00e9sistance \u00e0 l\u2019allumage avec bride L132 mm \u00e0 12,5 mm-cartouche \u00e0 allumage avec bride L132 mm \u00e0 12,5 mm\",\"breadcrumb\":{\"@id\":\"https:\\\/\\\/amrtop.net\\\/produit\\\/bougie-avec-bride-l132-mm\\\/#breadcrumb\"},\"inLanguage\":\"de\",\"potentialAction\":[{\"@type\":\"ReadAction\",\"target\":[\"https:\\\/\\\/amrtop.net\\\/produit\\\/bougie-avec-bride-l132-mm\\\/\"]}]},{\"@type\":\"ImageObject\",\"inLanguage\":\"de\",\"@id\":\"https:\\\/\\\/amrtop.net\\\/produit\\\/bougie-avec-bride-l132-mm\\\/#primaryimage\",\"url\":\"https:\\\/\\\/amrtop.net\\\/wp-content\\\/uploads\\\/2022\\\/07\\\/elf60023-1.jpg\",\"contentUrl\":\"https:\\\/\\\/amrtop.net\\\/wp-content\\\/uploads\\\/2022\\\/07\\\/elf60023-1.jpg\",\"width\":960,\"height\":960,\"caption\":\"Bougie avec bride L132 mm - R\u00e9sistance \u00e0 l\u2019allumage avec bride L132 mm \u00e0 12,5 mm-cartouche \u00e0 allumage avec bride L132 mm \u00e0 12,5 mm\"},{\"@type\":\"BreadcrumbList\",\"@id\":\"https:\\\/\\\/amrtop.net\\\/produit\\\/bougie-avec-bride-l132-mm\\\/#breadcrumb\",\"itemListElement\":[{\"@type\":\"ListItem\",\"position\":1,\"name\":\"Home\",\"item\":\"https:\\\/\\\/amrtop.net\\\/\"},{\"@type\":\"ListItem\",\"position\":2,\"name\":\"Shop\",\"item\":\"https:\\\/\\\/amrtop.net\\\/negozio\\\/\"},{\"@type\":\"ListItem\",\"position\":3,\"name\":\"Bougie avec bride \u00f8 12,5 mm &#8211; 400 Watt &#8211; Longueur totale 132 mm \u2013 Code ELF60023\"}]},{\"@type\":\"WebSite\",\"@id\":\"https:\\\/\\\/amrtop.net\\\/#website\",\"url\":\"https:\\\/\\\/amrtop.net\\\/\",\"name\":\"AMRTOP B2B \u00c9tranger - Achats r\u00e9serv\u00e9s au professionnel\",\"description\":\"Pi\u00e8ces de rechange et accessoires pour po\u00eales et chaudi\u00e8res - eCommerce B2B pour Clients Professionnels\",\"potentialAction\":[{\"@type\":\"SearchAction\",\"target\":{\"@type\":\"EntryPoint\",\"urlTemplate\":\"https:\\\/\\\/amrtop.net\\\/?s={search_term_string}\"},\"query-input\":{\"@type\":\"PropertyValueSpecification\",\"valueRequired\":true,\"valueName\":\"search_term_string\"}}],\"inLanguage\":\"de\"}]}<\/script>\n<!-- \/ Yoast SEO plugin. -->","yoast_head_json":{"title":"Bougie avec bride L132 mm","description":"Z\u00fcndkerze mit Flansch L132 mm - Z\u00fcndwiderstand mit Flansch L132 mm bis 12,5 mm-Z\u00fcndkerze mit Flansch L132 mm bis 12,5 mm","robots":{"index":"index","follow":"follow","max-snippet":"max-snippet:-1","max-image-preview":"max-image-preview:large","max-video-preview":"max-video-preview:-1"},"canonical":"https:\/\/amrtop.net\/de\/produkt\/bougie-avec-bride-l132-mm\/","og_locale":"de_DE","og_type":"article","og_title":"Bougie avec bride L132 mm","og_description":"Bougie avec bride L132 mm - R\u00e9sistance \u00e0 l\u2019allumage avec bride L132 mm \u00e0 12,5 mm-cartouche \u00e0 allumage avec bride L132 mm \u00e0 12,5 mm","og_url":"https:\/\/amrtop.net\/de\/produkt\/bougie-avec-bride-l132-mm\/","og_site_name":"AMRTOP B2B \u00c9tranger - Achats r\u00e9serv\u00e9s au professionnel","article_modified_time":"2023-05-26T12:25:52+00:00","og_image":[{"width":960,"height":960,"url":"https:\/\/amrtop.net\/wp-content\/uploads\/2022\/07\/elf60023-1.jpg","type":"image\/jpeg"}],"twitter_card":"summary_large_image","twitter_misc":{"Gesch\u00e4tzte Lesezeit":"2\u00a0Minuten"},"schema":{"@context":"https:\/\/schema.org","@graph":[{"@type":"WebPage","@id":"https:\/\/amrtop.net\/produit\/bougie-avec-bride-l132-mm\/","url":"https:\/\/amrtop.net\/produit\/bougie-avec-bride-l132-mm\/","name":"Bougie avec bride L132 mm","isPartOf":{"@id":"https:\/\/amrtop.net\/#website"},"primaryImageOfPage":{"@id":"https:\/\/amrtop.net\/produit\/bougie-avec-bride-l132-mm\/#primaryimage"},"image":{"@id":"https:\/\/amrtop.net\/produit\/bougie-avec-bride-l132-mm\/#primaryimage"},"thumbnailUrl":"https:\/\/amrtop.net\/wp-content\/uploads\/2022\/07\/elf60023-1.jpg","datePublished":"2020-01-10T00:00:00+00:00","dateModified":"2023-05-26T12:25:52+00:00","description":"Z\u00fcndkerze mit Flansch L132 mm - Z\u00fcndwiderstand mit Flansch L132 mm bis 12,5 mm-Z\u00fcndkerze mit Flansch L132 mm bis 12,5 mm","breadcrumb":{"@id":"https:\/\/amrtop.net\/produit\/bougie-avec-bride-l132-mm\/#breadcrumb"},"inLanguage":"de","potentialAction":[{"@type":"ReadAction","target":["https:\/\/amrtop.net\/produit\/bougie-avec-bride-l132-mm\/"]}]},{"@type":"ImageObject","inLanguage":"de","@id":"https:\/\/amrtop.net\/produit\/bougie-avec-bride-l132-mm\/#primaryimage","url":"https:\/\/amrtop.net\/wp-content\/uploads\/2022\/07\/elf60023-1.jpg","contentUrl":"https:\/\/amrtop.net\/wp-content\/uploads\/2022\/07\/elf60023-1.jpg","width":960,"height":960,"caption":"Bougie avec bride L132 mm - R\u00e9sistance \u00e0 l\u2019allumage avec bride L132 mm \u00e0 12,5 mm-cartouche \u00e0 allumage avec bride L132 mm \u00e0 12,5 mm"},{"@type":"BreadcrumbList","@id":"https:\/\/amrtop.net\/produit\/bougie-avec-bride-l132-mm\/#breadcrumb","itemListElement":[{"@type":"ListItem","position":1,"name":"Home","item":"https:\/\/amrtop.net\/"},{"@type":"ListItem","position":2,"name":"Shop","item":"https:\/\/amrtop.net\/negozio\/"},{"@type":"ListItem","position":3,"name":"Bougie avec bride \u00f8 12,5 mm &#8211; 400 Watt &#8211; Longueur totale 132 mm \u2013 Code ELF60023"}]},{"@type":"WebSite","@id":"https:\/\/amrtop.net\/#website","url":"https:\/\/amrtop.net\/","name":"AMRTOP B2B Ausland - Einkaufen nur f\u00fcr Fachleute","description":"Ersatzteile und Zubeh\u00f6r f\u00fcr \u00d6fen und Heizkessel - B2B eCommerce f\u00fcr Gesch\u00e4ftskunden","potentialAction":[{"@type":"SearchAction","target":{"@type":"EntryPoint","urlTemplate":"https:\/\/amrtop.net\/?s={search_term_string}"},"query-input":{"@type":"PropertyValueSpecification","valueRequired":true,"valueName":"search_term_string"}}],"inLanguage":"de"}]}},"_links":{"self":[{"href":"https:\/\/amrtop.net\/de\/wp-json\/wp\/v2\/product\/8895","targetHints":{"allow":["GET"]}}],"collection":[{"href":"https:\/\/amrtop.net\/de\/wp-json\/wp\/v2\/product"}],"about":[{"href":"https:\/\/amrtop.net\/de\/wp-json\/wp\/v2\/types\/product"}],"replies":[{"embeddable":true,"href":"https:\/\/amrtop.net\/de\/wp-json\/wp\/v2\/comments?post=8895"}],"wp:featuredmedia":[{"embeddable":true,"href":"https:\/\/amrtop.net\/de\/wp-json\/wp\/v2\/media\/34581"}],"wp:attachment":[{"href":"https:\/\/amrtop.net\/de\/wp-json\/wp\/v2\/media?parent=8895"}],"wp:term":[{"taxonomy":"product_brand","embeddable":true,"href":"https:\/\/amrtop.net\/de\/wp-json\/wp\/v2\/product_brand?post=8895"},{"taxonomy":"product_cat","embeddable":true,"href":"https:\/\/amrtop.net\/de\/wp-json\/wp\/v2\/product_cat?post=8895"},{"taxonomy":"product_tag","embeddable":true,"href":"https:\/\/amrtop.net\/de\/wp-json\/wp\/v2\/product_tag?post=8895"}],"curies":[{"name":"wp","href":"https:\/\/api.w.org\/{rel}","templated":true}]}}