{"id":8896,"date":"2020-01-10T00:00:00","date_gmt":"2020-01-10T00:00:00","guid":{"rendered":"https:\/\/amrtop.com\/B2B\/?post_type=product&#038;p=8896"},"modified":"2024-05-22T07:28:59","modified_gmt":"2024-05-22T07:28:59","slug":"bougie-avec-bride-l280-mm","status":"publish","type":"product","link":"https:\/\/amrtop.net\/de\/produit\/bougie-avec-bride-l280-mm\/","title":{"rendered":"Kerze mit Flansch \u00f8 12,5 mm - 470 Watt - Gesamtl\u00e4nge 280 mm - Code ELF60024"},"content":{"rendered":"<h3>Kompatibilit\u00e4t<\/h3>\n<h3>Austauschbar mit den folgenden Modellen von Z\u00fcndkerzen-Widerst\u00e4nden-Z\u00fcndpatronen :<\/h3>\n<p>UTXS010384, UTXS020198<\/p>\n<p><strong><br \/>\nF\u00fcr die folgenden Modelle von Edilkamin Pellet\u00f6fen und -kesseln<\/strong><\/p>\n<p>LBA MAREA 2003<br \/>\nALBA MAREA 2004<br \/>\nARIANNA<br \/>\nARTEMIDE<br \/>\nATENA<br \/>\nFOX 1<br \/>\nFOX 2<br \/>\nFOX 3<\/p>\n<p>&nbsp;<\/p>","protected":false},"excerpt":{"rendered":"<hr \/>\n<h2><span style=\"color: #008000\">Disponibile<\/span><\/h2>\n<hr \/>\n<h3>Z\u00fcndkerze mit Flansch<\/h3>\n<p>Code ELF60024<\/p>\n<p>\u00f8 12,5 mm<br \/>\nLongueur totale : 280 mm<br \/>\nLongueur sous-\u00e9crou : 270 mm<br \/>\nPuissance\u00a0: 470 W<br \/>\nKabell\u00e4nge: 500 mm<\/p>\n<p>&nbsp;<\/p>","protected":false},"featured_media":34582,"comment_status":"open","ping_status":"closed","template":"","meta":[],"product_brand":[],"product_cat":[859,840,839],"product_tag":[61,71],"class_list":{"0":"post-8896","1":"product","2":"type-product","3":"status-publish","4":"has-post-thumbnail","6":"product_cat-bougies-dallumage-avec-bride-o-12-5-mm","7":"product_cat-bougies-dallumage-pour-poeles-et-chaudieres-a-pellets","8":"product_cat-pieces-de-rechange-divers-poeles-et-chaudieres","9":"product_tag-edilkamin","10":"product_tag-italiana-camini","11":"product_shipping_class-classe-di-spedizione-01","13":"first","14":"instock","15":"shipping-taxable","16":"purchasable","17":"product-type-simple"},"yoast_head":"<!-- This site is optimized with the Yoast SEO plugin v27.4 - https:\/\/yoast.com\/product\/yoast-seo-wordpress\/ -->\n<title>Bougie avec bride L280 mm<\/title>\n<meta name=\"description\" content=\"Bougie avec bride L280 mm - r\u00e9sistance \u00e0 l\u2019allumage avec bride L280 mm \u00e0 12,5 mm-cartouche \u00e0 allumage avec bride L280 mm \u00e0 12,5 mm\" \/>\n<meta name=\"robots\" content=\"index, follow, max-snippet:-1, max-image-preview:large, max-video-preview:-1\" \/>\n<link rel=\"canonical\" href=\"https:\/\/amrtop.net\/de\/produkt\/bougie-avec-bride-l280-mm\/\" \/>\n<meta property=\"og:locale\" content=\"de_DE\" \/>\n<meta property=\"og:type\" content=\"article\" \/>\n<meta property=\"og:title\" content=\"Bougie avec bride L280 mm\" \/>\n<meta property=\"og:description\" content=\"Bougie avec bride L280 mm - r\u00e9sistance \u00e0 l\u2019allumage avec bride L280 mm \u00e0 12,5 mm-cartouche \u00e0 allumage avec bride L280 mm \u00e0 12,5 mm\" \/>\n<meta property=\"og:url\" content=\"https:\/\/amrtop.net\/de\/produkt\/bougie-avec-bride-l280-mm\/\" \/>\n<meta property=\"og:site_name\" content=\"AMRTOP B2B \u00c9tranger - Achats r\u00e9serv\u00e9s au professionnel\" \/>\n<meta property=\"article:modified_time\" content=\"2024-05-22T07:28:59+00:00\" \/>\n<meta property=\"og:image\" content=\"https:\/\/amrtop.net\/wp-content\/uploads\/2022\/07\/elf60024-1.jpg\" \/>\n\t<meta property=\"og:image:width\" content=\"960\" \/>\n\t<meta property=\"og:image:height\" content=\"960\" \/>\n\t<meta property=\"og:image:type\" content=\"image\/jpeg\" \/>\n<meta name=\"twitter:card\" content=\"summary_large_image\" \/>\n<meta name=\"twitter:label1\" content=\"Gesch\u00e4tzte Lesezeit\" \/>\n\t<meta name=\"twitter:data1\" content=\"2\u00a0Minuten\" \/>\n<script type=\"application\/ld+json\" class=\"yoast-schema-graph\">{\"@context\":\"https:\\\/\\\/schema.org\",\"@graph\":[{\"@type\":\"WebPage\",\"@id\":\"https:\\\/\\\/amrtop.net\\\/produit\\\/bougie-avec-bride-l280-mm\\\/\",\"url\":\"https:\\\/\\\/amrtop.net\\\/produit\\\/bougie-avec-bride-l280-mm\\\/\",\"name\":\"Bougie avec bride L280 mm\",\"isPartOf\":{\"@id\":\"https:\\\/\\\/amrtop.net\\\/#website\"},\"primaryImageOfPage\":{\"@id\":\"https:\\\/\\\/amrtop.net\\\/produit\\\/bougie-avec-bride-l280-mm\\\/#primaryimage\"},\"image\":{\"@id\":\"https:\\\/\\\/amrtop.net\\\/produit\\\/bougie-avec-bride-l280-mm\\\/#primaryimage\"},\"thumbnailUrl\":\"https:\\\/\\\/amrtop.net\\\/wp-content\\\/uploads\\\/2022\\\/07\\\/elf60024-1.jpg\",\"datePublished\":\"2020-01-10T00:00:00+00:00\",\"dateModified\":\"2024-05-22T07:28:59+00:00\",\"description\":\"Bougie avec bride L280 mm - r\u00e9sistance \u00e0 l\u2019allumage avec bride L280 mm \u00e0 12,5 mm-cartouche \u00e0 allumage avec bride L280 mm \u00e0 12,5 mm\",\"breadcrumb\":{\"@id\":\"https:\\\/\\\/amrtop.net\\\/produit\\\/bougie-avec-bride-l280-mm\\\/#breadcrumb\"},\"inLanguage\":\"de\",\"potentialAction\":[{\"@type\":\"ReadAction\",\"target\":[\"https:\\\/\\\/amrtop.net\\\/produit\\\/bougie-avec-bride-l280-mm\\\/\"]}]},{\"@type\":\"ImageObject\",\"inLanguage\":\"de\",\"@id\":\"https:\\\/\\\/amrtop.net\\\/produit\\\/bougie-avec-bride-l280-mm\\\/#primaryimage\",\"url\":\"https:\\\/\\\/amrtop.net\\\/wp-content\\\/uploads\\\/2022\\\/07\\\/elf60024-1.jpg\",\"contentUrl\":\"https:\\\/\\\/amrtop.net\\\/wp-content\\\/uploads\\\/2022\\\/07\\\/elf60024-1.jpg\",\"width\":960,\"height\":960,\"caption\":\"Bougie avec bride L280 mm - r\u00e9sistance \u00e0 l\u2019allumage avec bride L280 mm \u00e0 12,5 mm-cartouche \u00e0 allumage avec bride L280 mm \u00e0 12,5 mm\"},{\"@type\":\"BreadcrumbList\",\"@id\":\"https:\\\/\\\/amrtop.net\\\/produit\\\/bougie-avec-bride-l280-mm\\\/#breadcrumb\",\"itemListElement\":[{\"@type\":\"ListItem\",\"position\":1,\"name\":\"Home\",\"item\":\"https:\\\/\\\/amrtop.net\\\/\"},{\"@type\":\"ListItem\",\"position\":2,\"name\":\"Shop\",\"item\":\"https:\\\/\\\/amrtop.net\\\/negozio\\\/\"},{\"@type\":\"ListItem\",\"position\":3,\"name\":\"Bougie avec bride \u00f8 12,5 mm &#8211; 470 Watt &#8211; Longueur totale 280 mm &#8211; Code ELF60024\"}]},{\"@type\":\"WebSite\",\"@id\":\"https:\\\/\\\/amrtop.net\\\/#website\",\"url\":\"https:\\\/\\\/amrtop.net\\\/\",\"name\":\"AMRTOP B2B \u00c9tranger - Achats r\u00e9serv\u00e9s au professionnel\",\"description\":\"Pi\u00e8ces de rechange et accessoires pour po\u00eales et chaudi\u00e8res - eCommerce B2B pour Clients Professionnels\",\"potentialAction\":[{\"@type\":\"SearchAction\",\"target\":{\"@type\":\"EntryPoint\",\"urlTemplate\":\"https:\\\/\\\/amrtop.net\\\/?s={search_term_string}\"},\"query-input\":{\"@type\":\"PropertyValueSpecification\",\"valueRequired\":true,\"valueName\":\"search_term_string\"}}],\"inLanguage\":\"de\"}]}<\/script>\n<!-- \/ Yoast SEO plugin. -->","yoast_head_json":{"title":"Bougie avec bride L280 mm","description":"Z\u00fcndkerze mit Flansch L280 mm - Z\u00fcndwiderstand mit Flansch L280 mm auf 12,5 mm-Z\u00fcndkerze mit Flansch L280 mm auf 12,5 mm","robots":{"index":"index","follow":"follow","max-snippet":"max-snippet:-1","max-image-preview":"max-image-preview:large","max-video-preview":"max-video-preview:-1"},"canonical":"https:\/\/amrtop.net\/de\/produkt\/bougie-avec-bride-l280-mm\/","og_locale":"de_DE","og_type":"article","og_title":"Bougie avec bride L280 mm","og_description":"Bougie avec bride L280 mm - r\u00e9sistance \u00e0 l\u2019allumage avec bride L280 mm \u00e0 12,5 mm-cartouche \u00e0 allumage avec bride L280 mm \u00e0 12,5 mm","og_url":"https:\/\/amrtop.net\/de\/produkt\/bougie-avec-bride-l280-mm\/","og_site_name":"AMRTOP B2B \u00c9tranger - Achats r\u00e9serv\u00e9s au professionnel","article_modified_time":"2024-05-22T07:28:59+00:00","og_image":[{"width":960,"height":960,"url":"https:\/\/amrtop.net\/wp-content\/uploads\/2022\/07\/elf60024-1.jpg","type":"image\/jpeg"}],"twitter_card":"summary_large_image","twitter_misc":{"Gesch\u00e4tzte Lesezeit":"2\u00a0Minuten"},"schema":{"@context":"https:\/\/schema.org","@graph":[{"@type":"WebPage","@id":"https:\/\/amrtop.net\/produit\/bougie-avec-bride-l280-mm\/","url":"https:\/\/amrtop.net\/produit\/bougie-avec-bride-l280-mm\/","name":"Bougie avec bride L280 mm","isPartOf":{"@id":"https:\/\/amrtop.net\/#website"},"primaryImageOfPage":{"@id":"https:\/\/amrtop.net\/produit\/bougie-avec-bride-l280-mm\/#primaryimage"},"image":{"@id":"https:\/\/amrtop.net\/produit\/bougie-avec-bride-l280-mm\/#primaryimage"},"thumbnailUrl":"https:\/\/amrtop.net\/wp-content\/uploads\/2022\/07\/elf60024-1.jpg","datePublished":"2020-01-10T00:00:00+00:00","dateModified":"2024-05-22T07:28:59+00:00","description":"Z\u00fcndkerze mit Flansch L280 mm - Z\u00fcndwiderstand mit Flansch L280 mm auf 12,5 mm-Z\u00fcndkerze mit Flansch L280 mm auf 12,5 mm","breadcrumb":{"@id":"https:\/\/amrtop.net\/produit\/bougie-avec-bride-l280-mm\/#breadcrumb"},"inLanguage":"de","potentialAction":[{"@type":"ReadAction","target":["https:\/\/amrtop.net\/produit\/bougie-avec-bride-l280-mm\/"]}]},{"@type":"ImageObject","inLanguage":"de","@id":"https:\/\/amrtop.net\/produit\/bougie-avec-bride-l280-mm\/#primaryimage","url":"https:\/\/amrtop.net\/wp-content\/uploads\/2022\/07\/elf60024-1.jpg","contentUrl":"https:\/\/amrtop.net\/wp-content\/uploads\/2022\/07\/elf60024-1.jpg","width":960,"height":960,"caption":"Bougie avec bride L280 mm - r\u00e9sistance \u00e0 l\u2019allumage avec bride L280 mm \u00e0 12,5 mm-cartouche \u00e0 allumage avec bride L280 mm \u00e0 12,5 mm"},{"@type":"BreadcrumbList","@id":"https:\/\/amrtop.net\/produit\/bougie-avec-bride-l280-mm\/#breadcrumb","itemListElement":[{"@type":"ListItem","position":1,"name":"Home","item":"https:\/\/amrtop.net\/"},{"@type":"ListItem","position":2,"name":"Shop","item":"https:\/\/amrtop.net\/negozio\/"},{"@type":"ListItem","position":3,"name":"Bougie avec bride \u00f8 12,5 mm &#8211; 470 Watt &#8211; Longueur totale 280 mm &#8211; Code ELF60024"}]},{"@type":"WebSite","@id":"https:\/\/amrtop.net\/#website","url":"https:\/\/amrtop.net\/","name":"AMRTOP B2B Ausland - Einkaufen nur f\u00fcr Fachleute","description":"Ersatzteile und Zubeh\u00f6r f\u00fcr \u00d6fen und Heizkessel - B2B eCommerce f\u00fcr Gesch\u00e4ftskunden","potentialAction":[{"@type":"SearchAction","target":{"@type":"EntryPoint","urlTemplate":"https:\/\/amrtop.net\/?s={search_term_string}"},"query-input":{"@type":"PropertyValueSpecification","valueRequired":true,"valueName":"search_term_string"}}],"inLanguage":"de"}]}},"_links":{"self":[{"href":"https:\/\/amrtop.net\/de\/wp-json\/wp\/v2\/product\/8896","targetHints":{"allow":["GET"]}}],"collection":[{"href":"https:\/\/amrtop.net\/de\/wp-json\/wp\/v2\/product"}],"about":[{"href":"https:\/\/amrtop.net\/de\/wp-json\/wp\/v2\/types\/product"}],"replies":[{"embeddable":true,"href":"https:\/\/amrtop.net\/de\/wp-json\/wp\/v2\/comments?post=8896"}],"wp:featuredmedia":[{"embeddable":true,"href":"https:\/\/amrtop.net\/de\/wp-json\/wp\/v2\/media\/34582"}],"wp:attachment":[{"href":"https:\/\/amrtop.net\/de\/wp-json\/wp\/v2\/media?parent=8896"}],"wp:term":[{"taxonomy":"product_brand","embeddable":true,"href":"https:\/\/amrtop.net\/de\/wp-json\/wp\/v2\/product_brand?post=8896"},{"taxonomy":"product_cat","embeddable":true,"href":"https:\/\/amrtop.net\/de\/wp-json\/wp\/v2\/product_cat?post=8896"},{"taxonomy":"product_tag","embeddable":true,"href":"https:\/\/amrtop.net\/de\/wp-json\/wp\/v2\/product_tag?post=8896"}],"curies":[{"name":"wp","href":"https:\/\/api.w.org\/{rel}","templated":true}]}}