{"id":17319,"date":"2020-01-10T00:00:00","date_gmt":"2020-01-10T00:00:00","guid":{"rendered":"https:\/\/amrtop.com\/B2B\/?post_type=product&#038;p=17319"},"modified":"2023-06-05T11:13:03","modified_gmt":"2023-06-05T11:13:03","slug":"ventilateur-tangentiel-trial-o-80-mm-l-304-mm-sx-moteur-gauche","status":"publish","type":"product","link":"https:\/\/amrtop.net\/es\/produit\/ventilateur-tangentiel-trial-o-80-mm-l-304-mm-sx-moteur-gauche\/","title":{"rendered":"Ventilador tangencial de prueba C\u00f3digo 8A130B019 - Longitud del ventilador 304 mm - Longitud total 396 mm"},"content":{"rendered":"<h3>Ventilateur tangentiel Trial \u00f8 80 mm L.304 mm Sx moteur gauche<\/h3>\n<h3>Caracter\u00edsticas generales<\/h3>\n<p>Los ventiladores de flujo cruzado que ofrece Amrtop se utilizan ampliamente en aplicaciones dom\u00e9sticas e industriales, gracias a sus dimensiones radiales muy reducidas combinadas con un desarrollo axial sin restricciones.<\/p>\n<p>En estos ventiladores, el fluido es aspirado y enviado perpendicularmente al eje del rodete.<\/p>\n<p>Se genera un flujo de aire uniforme que se distribuye longitudinalmente por toda la abertura de descarga.<\/p>\n<p>Gracias a sus velocidades de aire relativamente bajas, estos ventiladores garantizan bajos niveles de ruido.<\/p>\n<p>La gama tangencial Trial incluye ventiladores con di\u00e1metros de 30, 45, 60, 65 y 80 mm y longitudes de 90 a 610 mm.<\/p>\n<h3>Caracter\u00edsticas de construcci\u00f3n :<\/h3>\n<p>La gama tangencial individual que ofrece Amrtop comprende 5 di\u00e1metros de ventilador optimizados para satisfacer requisitos de aplicaci\u00f3n espec\u00edficos:<\/p>\n<ul>\n<li>\u00d8 30 mm - Dise\u00f1o ultracompacto, ocupa poco espacio<\/li>\n<li>\u00d8 45 mm - Dise\u00f1o compacto, ocupa poco espacio<\/li>\n<li>\u00d8 60 mm - La mejor relaci\u00f3n espacio\/rendimiento<\/li>\n<li>\u00d8 65mm - Silencio m\u00e1ximo<\/li>\n<li>\u00d8 80mm - Presi\u00f3n y caudal m\u00e1ximos<\/li>\n<\/ul>\n<h3>Utilisation du ventilateur tangentiel Trial \u00e0 80 mm L.304 mm Sx moteur gauche<\/h3>\n<p>Il ventilatore tangenziale Trial Codice 8A130B019 proposti da Amrtop\u00a0si istalla negli apparecchi a biomassa per estrarre l\u2019aria calda creata dal corpo di combustione per poi diffonderla nell\u2019ambiente circostante.<\/p>\n<p>Se encuentra en aparatos t\u00edpicos - Estufa de pellets - Caldera de pellets - Quemador de pellets - Barbacoa\/parrilla de pellets Caldera de biomasa - Quemador de biomasa - Y muchos otros quemadores<\/p>\n<h3>Interior<\/h3>\n<p><a href=\"https:\/\/wekos.it\/\">Estufas, cocinas y cocinas de le\u00f1a<\/a>\u00a0-\u00a0<a href=\"https:\/\/www.greenpuros.com\/\">chimeneas, estufas y calderas de pellets.<\/a><\/p>\n<h3>Gama Amrtop de recambios y accesorios<\/h3>\n<p><a href=\"https:\/\/amrtop.net\/es\/categoria-de-productos\/recambios-miscelaneos-cocinas-y-calderas-2\/bougies-dallumage-pour-poeles-et-chaudieres-a-pellets\/\">Calentadores<\/a><\/p>\n<p><a href=\"https:\/\/amrtop.net\/es\/categoria-de-productos\/recambios-miscelaneos-cocinas-y-calderas-2\/electronique\/\">Electr\u00f3nica<\/a><\/p>\n<p><a href=\"https:\/\/amrtop.net\/es\/categoria-de-productos\/recambios-miscelaneos-cocinas-y-calderas-2\/extracteurs-de-fumee\/\">Extractores de humo<\/a><\/p>\n<p><a href=\"https:\/\/amrtop.net\/es\/categoria-de-productos\/recambios-miscelaneos-cocinas-y-calderas-2\/gaines-cable-connecteurs\/\">Fundas de cables de conexi\u00f3n<\/a><\/p>\n<p><a href=\"https:\/\/amrtop.net\/es\/categoria-de-productos\/recambios-miscelaneos-cocinas-y-calderas-2\/joints-de-silicone\/\">Juntas de silicona<\/a><\/p>\n<p><a href=\"https:\/\/amrtop.net\/es\/categoria-de-productos\/recambios-miscelaneos-cocinas-y-calderas-2\/motoreducteurs\/\">Motorreductores<\/a><\/p>\n<p><a href=\"https:\/\/amrtop.net\/es\/categoria-de-productos\/recambios-miscelaneos-cocinas-y-calderas-2\/pressostats-et-transducteurs\/\">Presostatos y transductores<\/a><\/p>\n<p><a href=\"https:\/\/amrtop.net\/es\/categoria-de-productos\/recambios-miscelaneos-cocinas-y-calderas-2\/sondes-thermostats-manometres-thermometres\/\">Sondas termostatos man\u00f3metros term\u00f3metros<\/a><\/p>\n<p><a href=\"https:\/\/amrtop.net\/es\/categoria-de-productos\/recambios-miscelaneos-cocinas-y-calderas-2\/joints-detancheite\/\">Sellado de trenzas<\/a><\/p>\n<p><a href=\"https:\/\/amrtop.net\/es\/categoria-de-productos\/recambios-miscelaneos-cocinas-y-calderas-2\/ventilateurs-centrifuges-pour-poeles-a-pellets\/\">Ventiladores centr\u00edfugos<\/a><\/p>\n<p><a href=\"https:\/\/amrtop.net\/es\/categoria-de-productos\/recambios-miscelaneos-cocinas-y-calderas-2\/ventilateurs-tangentiels-flux-transversal\/\">Ventiladores de flujo cruzado<\/a><\/p>\n<p><a href=\"https:\/\/amrtop.net\/es\/categoria-de-productos\/recambios-miscelaneos-cocinas-y-calderas-2\/adhesifs-et-produits-detancheite\/\">Colas y selladores<\/a><\/p>","protected":false},"excerpt":{"rendered":"<hr \/>\n<h2><span style=\"color: #008000\">Disponibl<\/span><\/h2>\n<hr \/>\n<p>Code 8A130B019<\/p>\n<p>Motor izquierdo<\/p>\n<p>Ventilador \u00f8 80 mm<\/p>\n<p>Longueur ventilateur 304 mm<\/p>\n<p>Longueur totale : 396 mm<\/p>\n<p>Hauteur totale : 129,3 mm<\/p>\n<p>Dimensions bouches : 51 x 307 mm<\/p>\n<p>Caudal de aire: 270 m\u00b3\/h<\/p>\n<p>Paquete lamelar: 40 mm<\/p>\n<p>Potencia: 48 W<\/p>\n<p>Clase H - Protector t\u00e9rmico 160<\/p>","protected":false},"featured_media":35141,"comment_status":"open","ping_status":"closed","template":"","meta":[],"product_brand":[],"product_cat":[878,879,1377],"product_tag":[],"class_list":{"0":"post-17319","1":"product","2":"type-product","3":"status-publish","4":"has-post-thumbnail","6":"product_cat-ventilateurs-tangentiels-flux-transversal","7":"product_cat-ventilatori-tangenziali-trial-pour-poeles-a-pellets","8":"product_cat-ventilateurs-tangentiels-trial-moteur-gauche-o-80-mm","9":"product_shipping_class-classe-di-spedizione-02","11":"first","12":"instock","13":"shipping-taxable","14":"purchasable","15":"product-type-simple"},"yoast_head":"<!-- This site is optimized with the Yoast SEO plugin v27.4 - https:\/\/yoast.com\/product\/yoast-seo-wordpress\/ -->\n<title>Ventilateur tangentiel Trial \u00f8 80 mm L.304 mm Sx moteur gauche<\/title>\n<meta name=\"description\" content=\"Ventilateur tangentiel Trial \u00f8 80 mm L.304 mm Sx moteur gauche - Extracteur d\u2019air tangentiel avec moteur gauche Trial -Syst\u00e8me d\u2019extraction d\u2019air chaud tangentiel Trial pour po\u00eales \u00e0 pellets - Ventilateur tangentiel pour l\u2019expulsion d\u2019air chaud Trial -Ventilateur horizontal air chaud ambiant Trial pour po\u00eale \u00e0 pellets\" \/>\n<meta name=\"robots\" content=\"index, follow, max-snippet:-1, max-image-preview:large, max-video-preview:-1\" \/>\n<link rel=\"canonical\" href=\"https:\/\/amrtop.net\/es\/producto\/ventilateur-tangentiel-trial-o-80-mm-l-304-mm-sx-moteur-gauche\/\" \/>\n<meta property=\"og:locale\" content=\"es_ES\" \/>\n<meta property=\"og:type\" content=\"article\" \/>\n<meta property=\"og:title\" content=\"Ventilateur tangentiel Trial \u00f8 80 mm L.304 mm Sx moteur gauche\" \/>\n<meta property=\"og:description\" content=\"Ventilateur tangentiel Trial \u00f8 80 mm L.304 mm Sx moteur gauche - Extracteur d\u2019air tangentiel avec moteur gauche Trial -Syst\u00e8me d\u2019extraction d\u2019air chaud tangentiel Trial pour po\u00eales \u00e0 pellets - Ventilateur tangentiel pour l\u2019expulsion d\u2019air chaud Trial -Ventilateur horizontal air chaud ambiant Trial pour po\u00eale \u00e0 pellets\" \/>\n<meta property=\"og:url\" content=\"https:\/\/amrtop.net\/es\/producto\/ventilateur-tangentiel-trial-o-80-mm-l-304-mm-sx-moteur-gauche\/\" \/>\n<meta property=\"og:site_name\" content=\"AMRTOP B2B \u00c9tranger - Achats r\u00e9serv\u00e9s au professionnel\" \/>\n<meta property=\"article:modified_time\" content=\"2023-06-05T11:13:03+00:00\" \/>\n<meta property=\"og:image\" content=\"https:\/\/amrtop.net\/wp-content\/uploads\/2022\/08\/8A130B019S4.jpg\" \/>\n\t<meta property=\"og:image:width\" content=\"960\" \/>\n\t<meta property=\"og:image:height\" content=\"960\" \/>\n\t<meta property=\"og:image:type\" content=\"image\/jpeg\" \/>\n<meta name=\"twitter:card\" content=\"summary_large_image\" \/>\n<meta name=\"twitter:label1\" content=\"Tiempo de lectura\" \/>\n\t<meta name=\"twitter:data1\" content=\"1 minuto\" \/>\n<script type=\"application\/ld+json\" class=\"yoast-schema-graph\">{\"@context\":\"https:\\\/\\\/schema.org\",\"@graph\":[{\"@type\":\"WebPage\",\"@id\":\"https:\\\/\\\/amrtop.net\\\/produit\\\/ventilateur-tangentiel-trial-o-80-mm-l-304-mm-sx-moteur-gauche\\\/\",\"url\":\"https:\\\/\\\/amrtop.net\\\/produit\\\/ventilateur-tangentiel-trial-o-80-mm-l-304-mm-sx-moteur-gauche\\\/\",\"name\":\"Ventilateur tangentiel Trial \u00f8 80 mm L.304 mm Sx moteur gauche\",\"isPartOf\":{\"@id\":\"https:\\\/\\\/amrtop.net\\\/#website\"},\"primaryImageOfPage\":{\"@id\":\"https:\\\/\\\/amrtop.net\\\/produit\\\/ventilateur-tangentiel-trial-o-80-mm-l-304-mm-sx-moteur-gauche\\\/#primaryimage\"},\"image\":{\"@id\":\"https:\\\/\\\/amrtop.net\\\/produit\\\/ventilateur-tangentiel-trial-o-80-mm-l-304-mm-sx-moteur-gauche\\\/#primaryimage\"},\"thumbnailUrl\":\"https:\\\/\\\/amrtop.net\\\/wp-content\\\/uploads\\\/2022\\\/08\\\/8A130B019S4.jpg\",\"datePublished\":\"2020-01-10T00:00:00+00:00\",\"dateModified\":\"2023-06-05T11:13:03+00:00\",\"description\":\"Ventilateur tangentiel Trial \u00f8 80 mm L.304 mm Sx moteur gauche - Extracteur d\u2019air tangentiel avec moteur gauche Trial -Syst\u00e8me d\u2019extraction d\u2019air chaud tangentiel Trial pour po\u00eales \u00e0 pellets - Ventilateur tangentiel pour l\u2019expulsion d\u2019air chaud Trial -Ventilateur horizontal air chaud ambiant Trial pour po\u00eale \u00e0 pellets\",\"breadcrumb\":{\"@id\":\"https:\\\/\\\/amrtop.net\\\/produit\\\/ventilateur-tangentiel-trial-o-80-mm-l-304-mm-sx-moteur-gauche\\\/#breadcrumb\"},\"inLanguage\":\"es\",\"potentialAction\":[{\"@type\":\"ReadAction\",\"target\":[\"https:\\\/\\\/amrtop.net\\\/produit\\\/ventilateur-tangentiel-trial-o-80-mm-l-304-mm-sx-moteur-gauche\\\/\"]}]},{\"@type\":\"ImageObject\",\"inLanguage\":\"es\",\"@id\":\"https:\\\/\\\/amrtop.net\\\/produit\\\/ventilateur-tangentiel-trial-o-80-mm-l-304-mm-sx-moteur-gauche\\\/#primaryimage\",\"url\":\"https:\\\/\\\/amrtop.net\\\/wp-content\\\/uploads\\\/2022\\\/08\\\/8A130B019S4.jpg\",\"contentUrl\":\"https:\\\/\\\/amrtop.net\\\/wp-content\\\/uploads\\\/2022\\\/08\\\/8A130B019S4.jpg\",\"width\":960,\"height\":960,\"caption\":\"Ventilateur tangentiel Trial \u00f8 80 mm L.304 mm Sx moteur gauche - Extracteur d\u2019air tangentiel avec moteur gauche Trial -Syst\u00e8me d\u2019extraction d\u2019air chaud tangentiel Trial pour po\u00eales \u00e0 pellets - Ventilateur tangentiel pour l\u2019expulsion d\u2019air chaud Trial -Ventilateur horizontal air chaud ambiant Trial pour po\u00eale \u00e0 pellets\"},{\"@type\":\"BreadcrumbList\",\"@id\":\"https:\\\/\\\/amrtop.net\\\/produit\\\/ventilateur-tangentiel-trial-o-80-mm-l-304-mm-sx-moteur-gauche\\\/#breadcrumb\",\"itemListElement\":[{\"@type\":\"ListItem\",\"position\":1,\"name\":\"Home\",\"item\":\"https:\\\/\\\/amrtop.net\\\/\"},{\"@type\":\"ListItem\",\"position\":2,\"name\":\"Shop\",\"item\":\"https:\\\/\\\/amrtop.net\\\/negozio\\\/\"},{\"@type\":\"ListItem\",\"position\":3,\"name\":\"Ventilateur tangentiel Trial Code 8A130B019 &#8211; Longueur ventilateur 304 mm &#8211; Longueur totale 396 mm\"}]},{\"@type\":\"WebSite\",\"@id\":\"https:\\\/\\\/amrtop.net\\\/#website\",\"url\":\"https:\\\/\\\/amrtop.net\\\/\",\"name\":\"AMRTOP B2B \u00c9tranger - Achats r\u00e9serv\u00e9s au professionnel\",\"description\":\"Pi\u00e8ces de rechange et accessoires pour po\u00eales et chaudi\u00e8res - eCommerce B2B pour Clients Professionnels\",\"potentialAction\":[{\"@type\":\"SearchAction\",\"target\":{\"@type\":\"EntryPoint\",\"urlTemplate\":\"https:\\\/\\\/amrtop.net\\\/?s={search_term_string}\"},\"query-input\":{\"@type\":\"PropertyValueSpecification\",\"valueRequired\":true,\"valueName\":\"search_term_string\"}}],\"inLanguage\":\"es\"}]}<\/script>\n<!-- \/ Yoast SEO plugin. -->","yoast_head_json":{"title":"Ventilateur tangentiel Trial \u00f8 80 mm L.304 mm Sx moteur gauche","description":"Ventilador tangencial de prueba \u00f8 80 mm L.304 mm Sx motor izquierdo -Extractor de aire tangencial de prueba con motor izquierdo -Extractor de aire caliente tangencial de prueba para estufas de pellets -Ventilador tangencial de prueba para expulsi\u00f3n de aire caliente -Ventilador de aire caliente ambiental horizontal de prueba para estufas de pellets","robots":{"index":"index","follow":"follow","max-snippet":"max-snippet:-1","max-image-preview":"max-image-preview:large","max-video-preview":"max-video-preview:-1"},"canonical":"https:\/\/amrtop.net\/es\/producto\/ventilateur-tangentiel-trial-o-80-mm-l-304-mm-sx-moteur-gauche\/","og_locale":"es_ES","og_type":"article","og_title":"Ventilateur tangentiel Trial \u00f8 80 mm L.304 mm Sx moteur gauche","og_description":"Ventilateur tangentiel Trial \u00f8 80 mm L.304 mm Sx moteur gauche - Extracteur d\u2019air tangentiel avec moteur gauche Trial -Syst\u00e8me d\u2019extraction d\u2019air chaud tangentiel Trial pour po\u00eales \u00e0 pellets - Ventilateur tangentiel pour l\u2019expulsion d\u2019air chaud Trial -Ventilateur horizontal air chaud ambiant Trial pour po\u00eale \u00e0 pellets","og_url":"https:\/\/amrtop.net\/es\/producto\/ventilateur-tangentiel-trial-o-80-mm-l-304-mm-sx-moteur-gauche\/","og_site_name":"AMRTOP B2B \u00c9tranger - Achats r\u00e9serv\u00e9s au professionnel","article_modified_time":"2023-06-05T11:13:03+00:00","og_image":[{"width":960,"height":960,"url":"https:\/\/amrtop.net\/wp-content\/uploads\/2022\/08\/8A130B019S4.jpg","type":"image\/jpeg"}],"twitter_card":"summary_large_image","twitter_misc":{"Tiempo de lectura":"1 minuto"},"schema":{"@context":"https:\/\/schema.org","@graph":[{"@type":"WebPage","@id":"https:\/\/amrtop.net\/produit\/ventilateur-tangentiel-trial-o-80-mm-l-304-mm-sx-moteur-gauche\/","url":"https:\/\/amrtop.net\/produit\/ventilateur-tangentiel-trial-o-80-mm-l-304-mm-sx-moteur-gauche\/","name":"Ventilateur tangentiel Trial \u00f8 80 mm L.304 mm Sx moteur gauche","isPartOf":{"@id":"https:\/\/amrtop.net\/#website"},"primaryImageOfPage":{"@id":"https:\/\/amrtop.net\/produit\/ventilateur-tangentiel-trial-o-80-mm-l-304-mm-sx-moteur-gauche\/#primaryimage"},"image":{"@id":"https:\/\/amrtop.net\/produit\/ventilateur-tangentiel-trial-o-80-mm-l-304-mm-sx-moteur-gauche\/#primaryimage"},"thumbnailUrl":"https:\/\/amrtop.net\/wp-content\/uploads\/2022\/08\/8A130B019S4.jpg","datePublished":"2020-01-10T00:00:00+00:00","dateModified":"2023-06-05T11:13:03+00:00","description":"Ventilador tangencial de prueba \u00f8 80 mm L.304 mm Sx motor izquierdo -Extractor de aire tangencial de prueba con motor izquierdo -Extractor de aire caliente tangencial de prueba para estufas de pellets -Ventilador tangencial de prueba para expulsi\u00f3n de aire caliente -Ventilador de aire caliente ambiental horizontal de prueba para estufas de pellets","breadcrumb":{"@id":"https:\/\/amrtop.net\/produit\/ventilateur-tangentiel-trial-o-80-mm-l-304-mm-sx-moteur-gauche\/#breadcrumb"},"inLanguage":"es","potentialAction":[{"@type":"ReadAction","target":["https:\/\/amrtop.net\/produit\/ventilateur-tangentiel-trial-o-80-mm-l-304-mm-sx-moteur-gauche\/"]}]},{"@type":"ImageObject","inLanguage":"es","@id":"https:\/\/amrtop.net\/produit\/ventilateur-tangentiel-trial-o-80-mm-l-304-mm-sx-moteur-gauche\/#primaryimage","url":"https:\/\/amrtop.net\/wp-content\/uploads\/2022\/08\/8A130B019S4.jpg","contentUrl":"https:\/\/amrtop.net\/wp-content\/uploads\/2022\/08\/8A130B019S4.jpg","width":960,"height":960,"caption":"Ventilateur tangentiel Trial \u00f8 80 mm L.304 mm Sx moteur gauche - Extracteur d\u2019air tangentiel avec moteur gauche Trial -Syst\u00e8me d\u2019extraction d\u2019air chaud tangentiel Trial pour po\u00eales \u00e0 pellets - Ventilateur tangentiel pour l\u2019expulsion d\u2019air chaud Trial -Ventilateur horizontal air chaud ambiant Trial pour po\u00eale \u00e0 pellets"},{"@type":"BreadcrumbList","@id":"https:\/\/amrtop.net\/produit\/ventilateur-tangentiel-trial-o-80-mm-l-304-mm-sx-moteur-gauche\/#breadcrumb","itemListElement":[{"@type":"ListItem","position":1,"name":"Home","item":"https:\/\/amrtop.net\/"},{"@type":"ListItem","position":2,"name":"Shop","item":"https:\/\/amrtop.net\/negozio\/"},{"@type":"ListItem","position":3,"name":"Ventilateur tangentiel Trial Code 8A130B019 &#8211; Longueur ventilateur 304 mm &#8211; Longueur totale 396 mm"}]},{"@type":"WebSite","@id":"https:\/\/amrtop.net\/#website","url":"https:\/\/amrtop.net\/","name":"AMRTOP B2B Abroad - Compras reservadas a los profesionales","description":"Recambios y accesorios para estufas y calderas - Comercio electr\u00f3nico B2B para profesionales","potentialAction":[{"@type":"SearchAction","target":{"@type":"EntryPoint","urlTemplate":"https:\/\/amrtop.net\/?s={search_term_string}"},"query-input":{"@type":"PropertyValueSpecification","valueRequired":true,"valueName":"search_term_string"}}],"inLanguage":"es"}]}},"_links":{"self":[{"href":"https:\/\/amrtop.net\/es\/wp-json\/wp\/v2\/product\/17319","targetHints":{"allow":["GET"]}}],"collection":[{"href":"https:\/\/amrtop.net\/es\/wp-json\/wp\/v2\/product"}],"about":[{"href":"https:\/\/amrtop.net\/es\/wp-json\/wp\/v2\/types\/product"}],"replies":[{"embeddable":true,"href":"https:\/\/amrtop.net\/es\/wp-json\/wp\/v2\/comments?post=17319"}],"wp:featuredmedia":[{"embeddable":true,"href":"https:\/\/amrtop.net\/es\/wp-json\/wp\/v2\/media\/35141"}],"wp:attachment":[{"href":"https:\/\/amrtop.net\/es\/wp-json\/wp\/v2\/media?parent=17319"}],"wp:term":[{"taxonomy":"product_brand","embeddable":true,"href":"https:\/\/amrtop.net\/es\/wp-json\/wp\/v2\/product_brand?post=17319"},{"taxonomy":"product_cat","embeddable":true,"href":"https:\/\/amrtop.net\/es\/wp-json\/wp\/v2\/product_cat?post=17319"},{"taxonomy":"product_tag","embeddable":true,"href":"https:\/\/amrtop.net\/es\/wp-json\/wp\/v2\/product_tag?post=17319"}],"curies":[{"name":"wp","href":"https:\/\/api.w.org\/{rel}","templated":true}]}}