{"id":17527,"date":"2020-10-01T00:00:00","date_gmt":"2020-10-01T00:00:00","guid":{"rendered":"https:\/\/amrtop.com\/B2B\/?post_type=product&#038;p=17527"},"modified":"2021-11-18T17:04:17","modified_gmt":"2021-11-18T17:04:17","slug":"creuset-kausiflam-minerakeopskeoxleakaradianaagategayabayasmalltopazejadekefrencamillacod-a06-00007-001","status":"publish","type":"product","link":"https:\/\/amrtop.net\/es\/produit\/creuset-kausiflam-minerakeopskeoxleakaradianaagategayabayasmalltopazejadekefrencamillacod-a06-00007-001\/","title":{"rendered":"Crisol de hierro fundido para estufa de pellets Kausiflam  <br> c\u00f3digo A06 00007-001"},"content":{"rendered":"<hr \/>\n<h2>Crisol de esponja para estufa de pellets Kausiflam  <\/h2>\n<p>c\u00f3digo. A06 00007-001<\/p>\n<p>Para los modelos de estufas de pellets Kausiflam: Minera, Keops, Keox, Lea, Kara, Diana, Agate, Gaya, Baya, Small, Topaze, Jade, Kefren, Camilla, Laura<\/p>\n<hr \/>\n<p>Los braseros que Amrtop suministra normalmente para las estufas y calderas de pellets Kausiflam son todos originales y de alta calidad.<br \/>\nSuministramos una amplia gama de accesorios, piezas de repuesto y componentes para todas las estufas y calderas de pellets del mercado europeo.<br \/>\nEncontrar\u00e1 todas las piezas que necesite en stock en nuestro sitio de comercio electr\u00f3nico.<br \/>\nPodemos suministrarle piezas de est\u00e9tica exterior y carpinter\u00eda, aunque los plazos de entrega pueden variar entre 30 y 60 d\u00edas laborables.<br \/>\nEl personal de Amrtop ha sido cuidadosamente formado para ayudarle a identificar cualquier pieza de recambio que deba sustituirse, y puede proporcionarle asistencia telef\u00f3nica en franc\u00e9s, ingl\u00e9s, rumano e italiano.<br \/>\nPara m\u00e1s informaci\u00f3n, no dude en ponerse en contacto con nosotros.<\/p>","protected":false},"excerpt":{"rendered":"<hr \/>\n<h2><font color=\"77a464\">Disponible en<\/font><\/h2>","protected":false},"featured_media":18553,"comment_status":"open","ping_status":"closed","template":"","meta":[],"product_brand":[],"product_cat":[1238,1239,1240,1241,1242,1243,1244,1232,1245,1246,1247,1248,1249,1234,940,1251,1252],"product_tag":[1345],"class_list":{"0":"post-17527","1":"product","2":"type-product","3":"status-publish","4":"has-post-thumbnail","6":"product_cat-agate","7":"product_cat-baya","8":"product_cat-camilla","9":"product_cat-diana","10":"product_cat-gaya-kausiflam","11":"product_cat-jade-kausiflam","12":"product_cat-kara-kausiflam","13":"product_cat-kausiflam","14":"product_cat-kefren-kausiflam","15":"product_cat-keops-kausiflam","16":"product_cat-keox-kausiflam","17":"product_cat-laura-kausiflam","18":"product_cat-lea-kausiflam","19":"product_cat-minera-kausiflam","20":"product_cat-pieces-detachees-specifiques-par-marque","21":"product_cat-small-kausiflam","22":"product_cat-topaze-kausiflam","23":"product_tag-kausiflam","24":"product_shipping_class-classe-di-spedizione-02","26":"first","27":"instock","28":"shipping-taxable","29":"purchasable","30":"product-type-simple"},"yoast_head":"<!-- This site is optimized with the Yoast SEO plugin v27.4 - https:\/\/yoast.com\/product\/yoast-seo-wordpress\/ -->\n<title>Creuset en fonte pour po\u00eale \u00e0 granul\u00e9s Kausiflam  code.A06 00007-001 - AMRTOP B2B \u00c9tranger - Achats r\u00e9serv\u00e9s au professionnel<\/title>\n<meta name=\"robots\" content=\"index, follow, max-snippet:-1, max-image-preview:large, max-video-preview:-1\" \/>\n<link rel=\"canonical\" href=\"https:\/\/amrtop.net\/es\/producto\/creuset-kausiflam-minerakeopskeoxleakaradianaagategayabayasmalltopazejadekefrencamillacod-a06-00007-001\/\" \/>\n<meta property=\"og:locale\" content=\"es_ES\" \/>\n<meta property=\"og:type\" content=\"article\" \/>\n<meta property=\"og:title\" content=\"Creuset en fonte pour po\u00eale \u00e0 granul\u00e9s Kausiflam  code.A06 00007-001 - AMRTOP B2B \u00c9tranger - Achats r\u00e9serv\u00e9s au professionnel\" \/>\n<meta property=\"og:description\" content=\"Disponible\" \/>\n<meta property=\"og:url\" content=\"https:\/\/amrtop.net\/es\/producto\/creuset-kausiflam-minerakeopskeoxleakaradianaagategayabayasmalltopazejadekefrencamillacod-a06-00007-001\/\" \/>\n<meta property=\"og:site_name\" content=\"AMRTOP B2B \u00c9tranger - Achats r\u00e9serv\u00e9s au professionnel\" \/>\n<meta property=\"article:modified_time\" content=\"2021-11-18T17:04:17+00:00\" \/>\n<meta property=\"og:image\" content=\"https:\/\/amrtop.net\/wp-content\/uploads\/2021\/08\/w-SITO-MINERA-01-1.jpg\" \/>\n\t<meta property=\"og:image:width\" content=\"960\" \/>\n\t<meta property=\"og:image:height\" content=\"960\" \/>\n\t<meta property=\"og:image:type\" content=\"image\/jpeg\" \/>\n<meta name=\"twitter:card\" content=\"summary_large_image\" \/>\n<meta name=\"twitter:label1\" content=\"Tiempo de lectura\" \/>\n\t<meta name=\"twitter:data1\" content=\"1 minuto\" \/>\n<script type=\"application\/ld+json\" class=\"yoast-schema-graph\">{\"@context\":\"https:\\\/\\\/schema.org\",\"@graph\":[{\"@type\":\"WebPage\",\"@id\":\"https:\\\/\\\/amrtop.net\\\/produit\\\/creuset-kausiflam-minerakeopskeoxleakaradianaagategayabayasmalltopazejadekefrencamillacod-a06-00007-001\\\/\",\"url\":\"https:\\\/\\\/amrtop.net\\\/produit\\\/creuset-kausiflam-minerakeopskeoxleakaradianaagategayabayasmalltopazejadekefrencamillacod-a06-00007-001\\\/\",\"name\":\"Creuset en fonte pour po\u00eale \u00e0 granul\u00e9s Kausiflam code.A06 00007-001 - AMRTOP B2B \u00c9tranger - Achats r\u00e9serv\u00e9s au professionnel\",\"isPartOf\":{\"@id\":\"https:\\\/\\\/amrtop.net\\\/#website\"},\"primaryImageOfPage\":{\"@id\":\"https:\\\/\\\/amrtop.net\\\/produit\\\/creuset-kausiflam-minerakeopskeoxleakaradianaagategayabayasmalltopazejadekefrencamillacod-a06-00007-001\\\/#primaryimage\"},\"image\":{\"@id\":\"https:\\\/\\\/amrtop.net\\\/produit\\\/creuset-kausiflam-minerakeopskeoxleakaradianaagategayabayasmalltopazejadekefrencamillacod-a06-00007-001\\\/#primaryimage\"},\"thumbnailUrl\":\"https:\\\/\\\/amrtop.net\\\/wp-content\\\/uploads\\\/2021\\\/08\\\/w-SITO-MINERA-01-1.jpg\",\"datePublished\":\"2020-10-01T00:00:00+00:00\",\"dateModified\":\"2021-11-18T17:04:17+00:00\",\"breadcrumb\":{\"@id\":\"https:\\\/\\\/amrtop.net\\\/produit\\\/creuset-kausiflam-minerakeopskeoxleakaradianaagategayabayasmalltopazejadekefrencamillacod-a06-00007-001\\\/#breadcrumb\"},\"inLanguage\":\"es\",\"potentialAction\":[{\"@type\":\"ReadAction\",\"target\":[\"https:\\\/\\\/amrtop.net\\\/produit\\\/creuset-kausiflam-minerakeopskeoxleakaradianaagategayabayasmalltopazejadekefrencamillacod-a06-00007-001\\\/\"]}]},{\"@type\":\"ImageObject\",\"inLanguage\":\"es\",\"@id\":\"https:\\\/\\\/amrtop.net\\\/produit\\\/creuset-kausiflam-minerakeopskeoxleakaradianaagategayabayasmalltopazejadekefrencamillacod-a06-00007-001\\\/#primaryimage\",\"url\":\"https:\\\/\\\/amrtop.net\\\/wp-content\\\/uploads\\\/2021\\\/08\\\/w-SITO-MINERA-01-1.jpg\",\"contentUrl\":\"https:\\\/\\\/amrtop.net\\\/wp-content\\\/uploads\\\/2021\\\/08\\\/w-SITO-MINERA-01-1.jpg\",\"width\":960,\"height\":960},{\"@type\":\"BreadcrumbList\",\"@id\":\"https:\\\/\\\/amrtop.net\\\/produit\\\/creuset-kausiflam-minerakeopskeoxleakaradianaagategayabayasmalltopazejadekefrencamillacod-a06-00007-001\\\/#breadcrumb\",\"itemListElement\":[{\"@type\":\"ListItem\",\"position\":1,\"name\":\"Home\",\"item\":\"https:\\\/\\\/amrtop.net\\\/\"},{\"@type\":\"ListItem\",\"position\":2,\"name\":\"Shop\",\"item\":\"https:\\\/\\\/amrtop.net\\\/negozio\\\/\"},{\"@type\":\"ListItem\",\"position\":3,\"name\":\"Creuset en fonte pour po\u00eale \u00e0 granul\u00e9s Kausiflam code.A06 00007-001\"}]},{\"@type\":\"WebSite\",\"@id\":\"https:\\\/\\\/amrtop.net\\\/#website\",\"url\":\"https:\\\/\\\/amrtop.net\\\/\",\"name\":\"AMRTOP B2B \u00c9tranger - Achats r\u00e9serv\u00e9s au professionnel\",\"description\":\"Pi\u00e8ces de rechange et accessoires pour po\u00eales et chaudi\u00e8res - eCommerce B2B pour Clients Professionnels\",\"potentialAction\":[{\"@type\":\"SearchAction\",\"target\":{\"@type\":\"EntryPoint\",\"urlTemplate\":\"https:\\\/\\\/amrtop.net\\\/?s={search_term_string}\"},\"query-input\":{\"@type\":\"PropertyValueSpecification\",\"valueRequired\":true,\"valueName\":\"search_term_string\"}}],\"inLanguage\":\"es\"}]}<\/script>\n<!-- \/ Yoast SEO plugin. -->","yoast_head_json":{"title":"Crisol de hierro fundido para estufa de pellets Kausiflam c\u00f3digo A06 00007-001 - AMRTOP B2B \u00c9tranger - S\u00f3lo compras profesionales","robots":{"index":"index","follow":"follow","max-snippet":"max-snippet:-1","max-image-preview":"max-image-preview:large","max-video-preview":"max-video-preview:-1"},"canonical":"https:\/\/amrtop.net\/es\/producto\/creuset-kausiflam-minerakeopskeoxleakaradianaagategayabayasmalltopazejadekefrencamillacod-a06-00007-001\/","og_locale":"es_ES","og_type":"article","og_title":"Creuset en fonte pour po\u00eale \u00e0 granul\u00e9s Kausiflam  code.A06 00007-001 - AMRTOP B2B \u00c9tranger - Achats r\u00e9serv\u00e9s au professionnel","og_description":"Disponible","og_url":"https:\/\/amrtop.net\/es\/producto\/creuset-kausiflam-minerakeopskeoxleakaradianaagategayabayasmalltopazejadekefrencamillacod-a06-00007-001\/","og_site_name":"AMRTOP B2B \u00c9tranger - Achats r\u00e9serv\u00e9s au professionnel","article_modified_time":"2021-11-18T17:04:17+00:00","og_image":[{"width":960,"height":960,"url":"https:\/\/amrtop.net\/wp-content\/uploads\/2021\/08\/w-SITO-MINERA-01-1.jpg","type":"image\/jpeg"}],"twitter_card":"summary_large_image","twitter_misc":{"Tiempo de lectura":"1 minuto"},"schema":{"@context":"https:\/\/schema.org","@graph":[{"@type":"WebPage","@id":"https:\/\/amrtop.net\/produit\/creuset-kausiflam-minerakeopskeoxleakaradianaagategayabayasmalltopazejadekefrencamillacod-a06-00007-001\/","url":"https:\/\/amrtop.net\/produit\/creuset-kausiflam-minerakeopskeoxleakaradianaagategayabayasmalltopazejadekefrencamillacod-a06-00007-001\/","name":"Crisol de hierro fundido para estufa de pellets Kausiflam c\u00f3digo A06 00007-001 - AMRTOP B2B \u00c9tranger - S\u00f3lo compras profesionales","isPartOf":{"@id":"https:\/\/amrtop.net\/#website"},"primaryImageOfPage":{"@id":"https:\/\/amrtop.net\/produit\/creuset-kausiflam-minerakeopskeoxleakaradianaagategayabayasmalltopazejadekefrencamillacod-a06-00007-001\/#primaryimage"},"image":{"@id":"https:\/\/amrtop.net\/produit\/creuset-kausiflam-minerakeopskeoxleakaradianaagategayabayasmalltopazejadekefrencamillacod-a06-00007-001\/#primaryimage"},"thumbnailUrl":"https:\/\/amrtop.net\/wp-content\/uploads\/2021\/08\/w-SITO-MINERA-01-1.jpg","datePublished":"2020-10-01T00:00:00+00:00","dateModified":"2021-11-18T17:04:17+00:00","breadcrumb":{"@id":"https:\/\/amrtop.net\/produit\/creuset-kausiflam-minerakeopskeoxleakaradianaagategayabayasmalltopazejadekefrencamillacod-a06-00007-001\/#breadcrumb"},"inLanguage":"es","potentialAction":[{"@type":"ReadAction","target":["https:\/\/amrtop.net\/produit\/creuset-kausiflam-minerakeopskeoxleakaradianaagategayabayasmalltopazejadekefrencamillacod-a06-00007-001\/"]}]},{"@type":"ImageObject","inLanguage":"es","@id":"https:\/\/amrtop.net\/produit\/creuset-kausiflam-minerakeopskeoxleakaradianaagategayabayasmalltopazejadekefrencamillacod-a06-00007-001\/#primaryimage","url":"https:\/\/amrtop.net\/wp-content\/uploads\/2021\/08\/w-SITO-MINERA-01-1.jpg","contentUrl":"https:\/\/amrtop.net\/wp-content\/uploads\/2021\/08\/w-SITO-MINERA-01-1.jpg","width":960,"height":960},{"@type":"BreadcrumbList","@id":"https:\/\/amrtop.net\/produit\/creuset-kausiflam-minerakeopskeoxleakaradianaagategayabayasmalltopazejadekefrencamillacod-a06-00007-001\/#breadcrumb","itemListElement":[{"@type":"ListItem","position":1,"name":"Home","item":"https:\/\/amrtop.net\/"},{"@type":"ListItem","position":2,"name":"Shop","item":"https:\/\/amrtop.net\/negozio\/"},{"@type":"ListItem","position":3,"name":"Creuset en fonte pour po\u00eale \u00e0 granul\u00e9s Kausiflam code.A06 00007-001"}]},{"@type":"WebSite","@id":"https:\/\/amrtop.net\/#website","url":"https:\/\/amrtop.net\/","name":"AMRTOP B2B Abroad - Compras reservadas a los profesionales","description":"Recambios y accesorios para estufas y calderas - Comercio electr\u00f3nico B2B para profesionales","potentialAction":[{"@type":"SearchAction","target":{"@type":"EntryPoint","urlTemplate":"https:\/\/amrtop.net\/?s={search_term_string}"},"query-input":{"@type":"PropertyValueSpecification","valueRequired":true,"valueName":"search_term_string"}}],"inLanguage":"es"}]}},"_links":{"self":[{"href":"https:\/\/amrtop.net\/es\/wp-json\/wp\/v2\/product\/17527","targetHints":{"allow":["GET"]}}],"collection":[{"href":"https:\/\/amrtop.net\/es\/wp-json\/wp\/v2\/product"}],"about":[{"href":"https:\/\/amrtop.net\/es\/wp-json\/wp\/v2\/types\/product"}],"replies":[{"embeddable":true,"href":"https:\/\/amrtop.net\/es\/wp-json\/wp\/v2\/comments?post=17527"}],"wp:featuredmedia":[{"embeddable":true,"href":"https:\/\/amrtop.net\/es\/wp-json\/wp\/v2\/media\/18553"}],"wp:attachment":[{"href":"https:\/\/amrtop.net\/es\/wp-json\/wp\/v2\/media?parent=17527"}],"wp:term":[{"taxonomy":"product_brand","embeddable":true,"href":"https:\/\/amrtop.net\/es\/wp-json\/wp\/v2\/product_brand?post=17527"},{"taxonomy":"product_cat","embeddable":true,"href":"https:\/\/amrtop.net\/es\/wp-json\/wp\/v2\/product_cat?post=17527"},{"taxonomy":"product_tag","embeddable":true,"href":"https:\/\/amrtop.net\/es\/wp-json\/wp\/v2\/product_tag?post=17527"}],"curies":[{"name":"wp","href":"https:\/\/api.w.org\/{rel}","templated":true}]}}