{"id":17534,"date":"2020-10-01T00:00:00","date_gmt":"2020-10-01T00:00:00","guid":{"rendered":"https:\/\/amrtop.com\/B2B\/?post_type=product&#038;p=17534"},"modified":"2021-11-18T17:04:24","modified_gmt":"2021-11-18T17:04:24","slug":"cable-plat-kausiflam-minerawindquadraambrecod-a12-00002-007","status":"publish","type":"product","link":"https:\/\/amrtop.net\/es\/produit\/cable-plat-kausiflam-minerawindquadraambrecod-a12-00002-007\/","title":{"rendered":"Cable plano para pantallas instaladas en estufas de pellets Kausiflam<br> c\u00f3digo A12 00002-007"},"content":{"rendered":"<hr \/>\n<h2> Cable plano para pantallas instaladas en estufas de pellets Kausiflam <\/h2>\n<p>code. A12 00002-007<\/p>\n<p>Pour les mod\u00e8les des po\u00eales \u00e0 granul\u00e9s Kausiflam: Minera, Wind, Quadra, Ambre, Camilla<\/p>\n<hr \/>\n<p>Les c\u00e2bles plats de diff\u00e9rentes longueurs et connecteurs que Amrtop propose et vend pour les po\u00eales et chaudi\u00e8res \u00e0 pellets Kausiflam sont toujours en livraison<br \/>\nNous fournissons une large gamme d\u2019accessoires, de pi\u00e8ces de rechange et de composants pour tous les po\u00eales et chaudi\u00e8res \u00e0 pellets pr\u00e9sents sur le march\u00e9 Italien fran\u00e7ais espagnol.<br \/>\nVous trouverez sur notre e-commerce toujours disponibles en stock toutes les pi\u00e8ces de premi\u00e8re n\u00e9cessit\u00e9 et pas seulement.<br \/>\nPodemos suministrarle piezas de est\u00e9tica exterior y carpinter\u00eda, aunque los plazos de entrega pueden variar entre 30 y 60 d\u00edas laborables.<br \/>\nEl personal de Amrtop ha sido cuidadosamente formado para ayudarle a identificar cualquier pieza de recambio que deba sustituirse, y puede proporcionarle asistencia telef\u00f3nica en franc\u00e9s, ingl\u00e9s, rumano e italiano.<br \/>\nPara m\u00e1s informaci\u00f3n, no dude en ponerse en contacto con nosotros.<\/p>","protected":false},"excerpt":{"rendered":"<hr \/>\n<h2><font color=\"77a464\">Disponible en<\/font><\/h2>","protected":false},"featured_media":19578,"comment_status":"open","ping_status":"closed","template":"","meta":[],"product_brand":[],"product_cat":[1233,1240,1232,1234,940,1236,1237],"product_tag":[1345],"class_list":{"0":"post-17534","1":"product","2":"type-product","3":"status-publish","4":"has-post-thumbnail","6":"product_cat-ambre","7":"product_cat-camilla","8":"product_cat-kausiflam","9":"product_cat-minera-kausiflam","10":"product_cat-pieces-detachees-specifiques-par-marque","11":"product_cat-quadra-kausiflam","12":"product_cat-wind-kausiflam","13":"product_tag-kausiflam","14":"product_shipping_class-classe-di-spedizione-01","16":"first","17":"instock","18":"shipping-taxable","19":"purchasable","20":"product-type-simple"},"yoast_head":"<!-- This site is optimized with the Yoast SEO plugin v27.4 - https:\/\/yoast.com\/product\/yoast-seo-wordpress\/ -->\n<title>C\u00e2ble plat pour afficheur install\u00e9es sur les po\u00eales \u00e0 granul\u00e9s Kausiflam code.A12 00002-007 - AMRTOP B2B \u00c9tranger - Achats r\u00e9serv\u00e9s au professionnel<\/title>\n<meta name=\"robots\" content=\"index, follow, max-snippet:-1, max-image-preview:large, max-video-preview:-1\" \/>\n<link rel=\"canonical\" href=\"https:\/\/amrtop.net\/es\/producto\/cable-plat-kausiflam-minerawindquadraambrecod-a12-00002-007\/\" \/>\n<meta property=\"og:locale\" content=\"es_ES\" \/>\n<meta property=\"og:type\" content=\"article\" \/>\n<meta property=\"og:title\" content=\"C\u00e2ble plat pour afficheur install\u00e9es sur les po\u00eales \u00e0 granul\u00e9s Kausiflam code.A12 00002-007 - AMRTOP B2B \u00c9tranger - Achats r\u00e9serv\u00e9s au professionnel\" \/>\n<meta property=\"og:description\" content=\"Disponible\" \/>\n<meta property=\"og:url\" content=\"https:\/\/amrtop.net\/es\/producto\/cable-plat-kausiflam-minerawindquadraambrecod-a12-00002-007\/\" \/>\n<meta property=\"og:site_name\" content=\"AMRTOP B2B \u00c9tranger - Achats r\u00e9serv\u00e9s au professionnel\" \/>\n<meta property=\"article:modified_time\" content=\"2021-11-18T17:04:24+00:00\" \/>\n<meta property=\"og:image\" content=\"https:\/\/amrtop.net\/wp-content\/uploads\/2021\/11\/w-SITO-PAG-67-B-1.jpg\" \/>\n\t<meta property=\"og:image:width\" content=\"960\" \/>\n\t<meta property=\"og:image:height\" content=\"960\" \/>\n\t<meta property=\"og:image:type\" content=\"image\/jpeg\" \/>\n<meta name=\"twitter:card\" content=\"summary_large_image\" \/>\n<meta name=\"twitter:label1\" content=\"Tiempo de lectura\" \/>\n\t<meta name=\"twitter:data1\" content=\"1 minuto\" \/>\n<script type=\"application\/ld+json\" class=\"yoast-schema-graph\">{\"@context\":\"https:\\\/\\\/schema.org\",\"@graph\":[{\"@type\":\"WebPage\",\"@id\":\"https:\\\/\\\/amrtop.net\\\/produit\\\/cable-plat-kausiflam-minerawindquadraambrecod-a12-00002-007\\\/\",\"url\":\"https:\\\/\\\/amrtop.net\\\/produit\\\/cable-plat-kausiflam-minerawindquadraambrecod-a12-00002-007\\\/\",\"name\":\"C\u00e2ble plat pour afficheur install\u00e9es sur les po\u00eales \u00e0 granul\u00e9s Kausiflam code.A12 00002-007 - AMRTOP B2B \u00c9tranger - Achats r\u00e9serv\u00e9s au professionnel\",\"isPartOf\":{\"@id\":\"https:\\\/\\\/amrtop.net\\\/#website\"},\"primaryImageOfPage\":{\"@id\":\"https:\\\/\\\/amrtop.net\\\/produit\\\/cable-plat-kausiflam-minerawindquadraambrecod-a12-00002-007\\\/#primaryimage\"},\"image\":{\"@id\":\"https:\\\/\\\/amrtop.net\\\/produit\\\/cable-plat-kausiflam-minerawindquadraambrecod-a12-00002-007\\\/#primaryimage\"},\"thumbnailUrl\":\"https:\\\/\\\/amrtop.net\\\/wp-content\\\/uploads\\\/2021\\\/11\\\/w-SITO-PAG-67-B-1.jpg\",\"datePublished\":\"2020-10-01T00:00:00+00:00\",\"dateModified\":\"2021-11-18T17:04:24+00:00\",\"breadcrumb\":{\"@id\":\"https:\\\/\\\/amrtop.net\\\/produit\\\/cable-plat-kausiflam-minerawindquadraambrecod-a12-00002-007\\\/#breadcrumb\"},\"inLanguage\":\"es\",\"potentialAction\":[{\"@type\":\"ReadAction\",\"target\":[\"https:\\\/\\\/amrtop.net\\\/produit\\\/cable-plat-kausiflam-minerawindquadraambrecod-a12-00002-007\\\/\"]}]},{\"@type\":\"ImageObject\",\"inLanguage\":\"es\",\"@id\":\"https:\\\/\\\/amrtop.net\\\/produit\\\/cable-plat-kausiflam-minerawindquadraambrecod-a12-00002-007\\\/#primaryimage\",\"url\":\"https:\\\/\\\/amrtop.net\\\/wp-content\\\/uploads\\\/2021\\\/11\\\/w-SITO-PAG-67-B-1.jpg\",\"contentUrl\":\"https:\\\/\\\/amrtop.net\\\/wp-content\\\/uploads\\\/2021\\\/11\\\/w-SITO-PAG-67-B-1.jpg\",\"width\":960,\"height\":960,\"caption\":\"Cavo flat Tiemme L 1.50 mt\"},{\"@type\":\"BreadcrumbList\",\"@id\":\"https:\\\/\\\/amrtop.net\\\/produit\\\/cable-plat-kausiflam-minerawindquadraambrecod-a12-00002-007\\\/#breadcrumb\",\"itemListElement\":[{\"@type\":\"ListItem\",\"position\":1,\"name\":\"Home\",\"item\":\"https:\\\/\\\/amrtop.net\\\/\"},{\"@type\":\"ListItem\",\"position\":2,\"name\":\"Shop\",\"item\":\"https:\\\/\\\/amrtop.net\\\/negozio\\\/\"},{\"@type\":\"ListItem\",\"position\":3,\"name\":\"C\u00e2ble plat pour afficheur install\u00e9es sur les po\u00eales \u00e0 granul\u00e9s Kausiflam code.A12 00002-007\"}]},{\"@type\":\"WebSite\",\"@id\":\"https:\\\/\\\/amrtop.net\\\/#website\",\"url\":\"https:\\\/\\\/amrtop.net\\\/\",\"name\":\"AMRTOP B2B \u00c9tranger - Achats r\u00e9serv\u00e9s au professionnel\",\"description\":\"Pi\u00e8ces de rechange et accessoires pour po\u00eales et chaudi\u00e8res - eCommerce B2B pour Clients Professionnels\",\"potentialAction\":[{\"@type\":\"SearchAction\",\"target\":{\"@type\":\"EntryPoint\",\"urlTemplate\":\"https:\\\/\\\/amrtop.net\\\/?s={search_term_string}\"},\"query-input\":{\"@type\":\"PropertyValueSpecification\",\"valueRequired\":true,\"valueName\":\"search_term_string\"}}],\"inLanguage\":\"es\"}]}<\/script>\n<!-- \/ Yoast SEO plugin. -->","yoast_head_json":{"title":"C\u00e2ble plat pour afficheur install\u00e9es sur les po\u00eales \u00e0 granul\u00e9s Kausiflam code.A12 00002-007 - AMRTOP B2B \u00c9tranger - Achats r\u00e9serv\u00e9s au professionnel","robots":{"index":"index","follow":"follow","max-snippet":"max-snippet:-1","max-image-preview":"max-image-preview:large","max-video-preview":"max-video-preview:-1"},"canonical":"https:\/\/amrtop.net\/es\/producto\/cable-plat-kausiflam-minerawindquadraambrecod-a12-00002-007\/","og_locale":"es_ES","og_type":"article","og_title":"C\u00e2ble plat pour afficheur install\u00e9es sur les po\u00eales \u00e0 granul\u00e9s Kausiflam code.A12 00002-007 - AMRTOP B2B \u00c9tranger - Achats r\u00e9serv\u00e9s au professionnel","og_description":"Disponible","og_url":"https:\/\/amrtop.net\/es\/producto\/cable-plat-kausiflam-minerawindquadraambrecod-a12-00002-007\/","og_site_name":"AMRTOP B2B \u00c9tranger - Achats r\u00e9serv\u00e9s au professionnel","article_modified_time":"2021-11-18T17:04:24+00:00","og_image":[{"width":960,"height":960,"url":"https:\/\/amrtop.net\/wp-content\/uploads\/2021\/11\/w-SITO-PAG-67-B-1.jpg","type":"image\/jpeg"}],"twitter_card":"summary_large_image","twitter_misc":{"Tiempo de lectura":"1 minuto"},"schema":{"@context":"https:\/\/schema.org","@graph":[{"@type":"WebPage","@id":"https:\/\/amrtop.net\/produit\/cable-plat-kausiflam-minerawindquadraambrecod-a12-00002-007\/","url":"https:\/\/amrtop.net\/produit\/cable-plat-kausiflam-minerawindquadraambrecod-a12-00002-007\/","name":"C\u00e2ble plat pour afficheur install\u00e9es sur les po\u00eales \u00e0 granul\u00e9s Kausiflam code.A12 00002-007 - AMRTOP B2B \u00c9tranger - Achats r\u00e9serv\u00e9s au professionnel","isPartOf":{"@id":"https:\/\/amrtop.net\/#website"},"primaryImageOfPage":{"@id":"https:\/\/amrtop.net\/produit\/cable-plat-kausiflam-minerawindquadraambrecod-a12-00002-007\/#primaryimage"},"image":{"@id":"https:\/\/amrtop.net\/produit\/cable-plat-kausiflam-minerawindquadraambrecod-a12-00002-007\/#primaryimage"},"thumbnailUrl":"https:\/\/amrtop.net\/wp-content\/uploads\/2021\/11\/w-SITO-PAG-67-B-1.jpg","datePublished":"2020-10-01T00:00:00+00:00","dateModified":"2021-11-18T17:04:24+00:00","breadcrumb":{"@id":"https:\/\/amrtop.net\/produit\/cable-plat-kausiflam-minerawindquadraambrecod-a12-00002-007\/#breadcrumb"},"inLanguage":"es","potentialAction":[{"@type":"ReadAction","target":["https:\/\/amrtop.net\/produit\/cable-plat-kausiflam-minerawindquadraambrecod-a12-00002-007\/"]}]},{"@type":"ImageObject","inLanguage":"es","@id":"https:\/\/amrtop.net\/produit\/cable-plat-kausiflam-minerawindquadraambrecod-a12-00002-007\/#primaryimage","url":"https:\/\/amrtop.net\/wp-content\/uploads\/2021\/11\/w-SITO-PAG-67-B-1.jpg","contentUrl":"https:\/\/amrtop.net\/wp-content\/uploads\/2021\/11\/w-SITO-PAG-67-B-1.jpg","width":960,"height":960,"caption":"Cavo flat Tiemme L 1.50 mt"},{"@type":"BreadcrumbList","@id":"https:\/\/amrtop.net\/produit\/cable-plat-kausiflam-minerawindquadraambrecod-a12-00002-007\/#breadcrumb","itemListElement":[{"@type":"ListItem","position":1,"name":"Home","item":"https:\/\/amrtop.net\/"},{"@type":"ListItem","position":2,"name":"Shop","item":"https:\/\/amrtop.net\/negozio\/"},{"@type":"ListItem","position":3,"name":"C\u00e2ble plat pour afficheur install\u00e9es sur les po\u00eales \u00e0 granul\u00e9s Kausiflam code.A12 00002-007"}]},{"@type":"WebSite","@id":"https:\/\/amrtop.net\/#website","url":"https:\/\/amrtop.net\/","name":"AMRTOP B2B Abroad - Compras reservadas a los profesionales","description":"Recambios y accesorios para estufas y calderas - Comercio electr\u00f3nico B2B para profesionales","potentialAction":[{"@type":"SearchAction","target":{"@type":"EntryPoint","urlTemplate":"https:\/\/amrtop.net\/?s={search_term_string}"},"query-input":{"@type":"PropertyValueSpecification","valueRequired":true,"valueName":"search_term_string"}}],"inLanguage":"es"}]}},"_links":{"self":[{"href":"https:\/\/amrtop.net\/es\/wp-json\/wp\/v2\/product\/17534","targetHints":{"allow":["GET"]}}],"collection":[{"href":"https:\/\/amrtop.net\/es\/wp-json\/wp\/v2\/product"}],"about":[{"href":"https:\/\/amrtop.net\/es\/wp-json\/wp\/v2\/types\/product"}],"replies":[{"embeddable":true,"href":"https:\/\/amrtop.net\/es\/wp-json\/wp\/v2\/comments?post=17534"}],"wp:featuredmedia":[{"embeddable":true,"href":"https:\/\/amrtop.net\/es\/wp-json\/wp\/v2\/media\/19578"}],"wp:attachment":[{"href":"https:\/\/amrtop.net\/es\/wp-json\/wp\/v2\/media?parent=17534"}],"wp:term":[{"taxonomy":"product_brand","embeddable":true,"href":"https:\/\/amrtop.net\/es\/wp-json\/wp\/v2\/product_brand?post=17534"},{"taxonomy":"product_cat","embeddable":true,"href":"https:\/\/amrtop.net\/es\/wp-json\/wp\/v2\/product_cat?post=17534"},{"taxonomy":"product_tag","embeddable":true,"href":"https:\/\/amrtop.net\/es\/wp-json\/wp\/v2\/product_tag?post=17534"}],"curies":[{"name":"wp","href":"https:\/\/api.w.org\/{rel}","templated":true}]}}