{"id":17619,"date":"2020-10-01T00:00:00","date_gmt":"2020-10-01T00:00:00","guid":{"rendered":"https:\/\/amrtop.com\/B2B\/?post_type=product&#038;p=17619"},"modified":"2021-11-18T17:05:26","modified_gmt":"2021-11-18T17:05:26","slug":"display-kausiflam-xuo-7-kwxuo-10-kweto-12-kweto-14-kwastro-10-kwnovaterra-villairiselaraxuo-luxxuo-ecostoneterra-villa-etancheterra-ecoterra-eco-etancheterra-nova-etanchethyaestianept","status":"publish","type":"product","link":"https:\/\/amrtop.net\/es\/produit\/afficheur-kausiflam-xuo-7-kwxuo-10-kweto-12-kweto-14-kwastro-10-kwnovaterra-villairiselaraxuo-luxxuo-ecostoneterra-villa-etancheterra-ecoterra-eco-etancheterra-nova-etanchethyaestianept\/","title":{"rendered":"Expositor para estufas de pellets Kausiflam  <br> c\u00f3digo. RI.02279"},"content":{"rendered":"<hr \/>\n<h2>   Expositor para estufas de pellets Kausiflam<\/h2>\n<p>c\u00f3digo. RI.02279<\/p>\n<p>Para los modelos de estufas de pellets Kausiflam: Ana, Astro 10 kw, Eto 12 kw, Eto 14 kw,Elara, Estia, Iris, Jazz,Nepto, Nova, Opale, Stone, Terra Eco, Terra Eco Etanche, Terra Nova Etanche, Terra Nova, Terra Etanche, Terra Villa, Terra Villa Etanche, Theo, Thya, Xuo 7 kw, Xuo 10 kw, Xuo Lux, Xuo Eco<\/p>\n<hr \/>\n<p>Amrtop trabaja directamente con los principales fabricantes europeos de componentes electr\u00f3nicos.<br \/>\nNuestros displays, pantallas y paneles de control son compatibles con las placas electr\u00f3nicas instaladas normalmente en las estufas de pellets Kausiflam.<br \/>\nSiempre tenemos en stock una gama de accesorios, piezas de repuesto y componentes esenciales para todas las estufas y calderas de pellets del mercado.<br \/>\nPodemos suministrar piezas de exterior, interior, est\u00e9tica y carpinter\u00eda, aunque los plazos de entrega pueden variar entre 30 y 60 d\u00edas laborables.<br \/>\nEl personal de Amrtop ha sido cuidadosamente formado para ayudarle a identificar cualquier pieza de recambio que deba sustituirse, y puede proporcionarle asistencia telef\u00f3nica en franc\u00e9s, ingl\u00e9s, rumano e italiano.<br \/>\nPara m\u00e1s informaci\u00f3n, no dude en ponerse en contacto con nosotros.<\/p>","protected":false},"excerpt":{"rendered":"<p>Afficheur pour les po\u00eales \u00e0 granul\u00e9s Kausiflam code. RI.02279 Pour les mod\u00e8les des po\u00eales \u00e0 granul\u00e9s Kausiflam: Ana, Astro 10 kw, Eto 12 kw, Eto 14 kw,Elara, Estia, Iris, Jazz,Nepto, Nova, Opale, Stone, Terra Eco, Terra Eco Etanche, Terra Nova Etanche, Terra Nova, Terra Etanche, Terra Villa, Terra Villa Etanche, Theo, Thya, Xuo 7 kw, [&hellip;]<\/p>\n","protected":false},"featured_media":19602,"comment_status":"open","ping_status":"closed","template":"","meta":[],"product_brand":[],"product_cat":[1266,1253,1258,1259,1254,1255,1260,1267,1232,1261,1268,1269,940,1262,1271,1272,1273,1274,1275,1276,1270,1263,1256,1257,1264,1265],"product_tag":[1345],"class_list":{"0":"post-17619","1":"product","2":"type-product","3":"status-publish","4":"has-post-thumbnail","6":"product_cat-ana","7":"product_cat-astro-10-kw","8":"product_cat-elara","9":"product_cat-estia","10":"product_cat-eto-12-kw","11":"product_cat-eto-14-kw","12":"product_cat-iris-kausiflam","13":"product_cat-jazz-kausiflam","14":"product_cat-kausiflam","15":"product_cat-nepto-kausiflam","16":"product_cat-nova-kausiflam","17":"product_cat-opale-kausiflam","18":"product_cat-pieces-detachees-specifiques-par-marque","19":"product_cat-stone-kausiflam","20":"product_cat-terra-eco-kausiflam","21":"product_cat-terra-eco-etanche-kausiflam","22":"product_cat-terra-etanche-kausiflam","23":"product_cat-terra-nova-etanche-kausiflam","24":"product_cat-terra-villa-kausiflam","25":"product_cat-terra-villa-etanche-kausiflam","26":"product_cat-theo-kausiflam","27":"product_cat-thya-kausiflam","28":"product_cat-xuo-10-kw-kausiflam","29":"product_cat-xuo-7-kw-kausiflam","30":"product_cat-xuo-eco-kausiflam","31":"product_cat-xuo-lux-kausiflam","32":"product_tag-kausiflam","33":"product_shipping_class-classe-di-spedizione-01","35":"first","36":"instock","37":"shipping-taxable","38":"purchasable","39":"product-type-simple"},"yoast_head":"<!-- This site is optimized with the Yoast SEO plugin v27.4 - https:\/\/yoast.com\/product\/yoast-seo-wordpress\/ -->\n<title>Afficheur pour les po\u00eales \u00e0 granul\u00e9s Kausiflam - AMRTOP B2B \u00c9tranger - Achats r\u00e9serv\u00e9s au professionnel<\/title>\n<meta name=\"description\" content=\"Logo inox pour les po\u00eales \u00e0 granul\u00e9s Kausiflam\" \/>\n<meta name=\"robots\" content=\"index, follow, max-snippet:-1, max-image-preview:large, max-video-preview:-1\" \/>\n<link rel=\"canonical\" href=\"https:\/\/amrtop.net\/es\/producto\/display-kausiflam-xuo-7-kwxuo-10-kweto-12-kweto-14-kwastro-10-kwnovaterra-villairiselaraxuo-luxxuo-ecostoneterra-villa-etancheterra-ecoterra-eco-etancheterra-nova-etanchethyaestianept\/\" \/>\n<meta property=\"og:locale\" content=\"es_ES\" \/>\n<meta property=\"og:type\" content=\"article\" \/>\n<meta property=\"og:title\" content=\"Afficheur pour les po\u00eales \u00e0 granul\u00e9s Kausiflam - AMRTOP B2B \u00c9tranger - Achats r\u00e9serv\u00e9s au professionnel\" \/>\n<meta property=\"og:description\" content=\"Logo inox pour les po\u00eales \u00e0 granul\u00e9s Kausiflam\" \/>\n<meta property=\"og:url\" content=\"https:\/\/amrtop.net\/es\/producto\/display-kausiflam-xuo-7-kwxuo-10-kweto-12-kweto-14-kwastro-10-kwnovaterra-villairiselaraxuo-luxxuo-ecostoneterra-villa-etancheterra-ecoterra-eco-etancheterra-nova-etanchethyaestianept\/\" \/>\n<meta property=\"og:site_name\" content=\"AMRTOP B2B \u00c9tranger - Achats r\u00e9serv\u00e9s au professionnel\" \/>\n<meta property=\"article:modified_time\" content=\"2021-11-18T17:05:26+00:00\" \/>\n<meta property=\"og:image\" content=\"https:\/\/amrtop.net\/wp-content\/uploads\/2021\/11\/w-SITO-PHOTO-03-B-2-2.jpg\" \/>\n\t<meta property=\"og:image:width\" content=\"960\" \/>\n\t<meta property=\"og:image:height\" content=\"960\" \/>\n\t<meta property=\"og:image:type\" content=\"image\/jpeg\" \/>\n<meta name=\"twitter:card\" content=\"summary_large_image\" \/>\n<meta name=\"twitter:label1\" content=\"Tiempo de lectura\" \/>\n\t<meta name=\"twitter:data1\" content=\"1 minuto\" \/>\n<script type=\"application\/ld+json\" class=\"yoast-schema-graph\">{\"@context\":\"https:\\\/\\\/schema.org\",\"@graph\":[{\"@type\":\"WebPage\",\"@id\":\"https:\\\/\\\/amrtop.net\\\/produit\\\/afficheur-kausiflam-xuo-7-kwxuo-10-kweto-12-kweto-14-kwastro-10-kwnovaterra-villairiselaraxuo-luxxuo-ecostoneterra-villa-etancheterra-ecoterra-eco-etancheterra-nova-etanchethyaestianept\\\/\",\"url\":\"https:\\\/\\\/amrtop.net\\\/produit\\\/afficheur-kausiflam-xuo-7-kwxuo-10-kweto-12-kweto-14-kwastro-10-kwnovaterra-villairiselaraxuo-luxxuo-ecostoneterra-villa-etancheterra-ecoterra-eco-etancheterra-nova-etanchethyaestianept\\\/\",\"name\":\"Afficheur pour les po\u00eales \u00e0 granul\u00e9s Kausiflam - AMRTOP B2B \u00c9tranger - Achats r\u00e9serv\u00e9s au professionnel\",\"isPartOf\":{\"@id\":\"https:\\\/\\\/amrtop.net\\\/#website\"},\"primaryImageOfPage\":{\"@id\":\"https:\\\/\\\/amrtop.net\\\/produit\\\/afficheur-kausiflam-xuo-7-kwxuo-10-kweto-12-kweto-14-kwastro-10-kwnovaterra-villairiselaraxuo-luxxuo-ecostoneterra-villa-etancheterra-ecoterra-eco-etancheterra-nova-etanchethyaestianept\\\/#primaryimage\"},\"image\":{\"@id\":\"https:\\\/\\\/amrtop.net\\\/produit\\\/afficheur-kausiflam-xuo-7-kwxuo-10-kweto-12-kweto-14-kwastro-10-kwnovaterra-villairiselaraxuo-luxxuo-ecostoneterra-villa-etancheterra-ecoterra-eco-etancheterra-nova-etanchethyaestianept\\\/#primaryimage\"},\"thumbnailUrl\":\"https:\\\/\\\/amrtop.net\\\/wp-content\\\/uploads\\\/2021\\\/11\\\/w-SITO-PHOTO-03-B-2-2.jpg\",\"datePublished\":\"2020-10-01T00:00:00+00:00\",\"dateModified\":\"2021-11-18T17:05:26+00:00\",\"description\":\"Logo inox pour les po\u00eales \u00e0 granul\u00e9s Kausiflam\",\"breadcrumb\":{\"@id\":\"https:\\\/\\\/amrtop.net\\\/produit\\\/afficheur-kausiflam-xuo-7-kwxuo-10-kweto-12-kweto-14-kwastro-10-kwnovaterra-villairiselaraxuo-luxxuo-ecostoneterra-villa-etancheterra-ecoterra-eco-etancheterra-nova-etanchethyaestianept\\\/#breadcrumb\"},\"inLanguage\":\"es\",\"potentialAction\":[{\"@type\":\"ReadAction\",\"target\":[\"https:\\\/\\\/amrtop.net\\\/produit\\\/afficheur-kausiflam-xuo-7-kwxuo-10-kweto-12-kweto-14-kwastro-10-kwnovaterra-villairiselaraxuo-luxxuo-ecostoneterra-villa-etancheterra-ecoterra-eco-etancheterra-nova-etanchethyaestianept\\\/\"]}]},{\"@type\":\"ImageObject\",\"inLanguage\":\"es\",\"@id\":\"https:\\\/\\\/amrtop.net\\\/produit\\\/afficheur-kausiflam-xuo-7-kwxuo-10-kweto-12-kweto-14-kwastro-10-kwnovaterra-villairiselaraxuo-luxxuo-ecostoneterra-villa-etancheterra-ecoterra-eco-etancheterra-nova-etanchethyaestianept\\\/#primaryimage\",\"url\":\"https:\\\/\\\/amrtop.net\\\/wp-content\\\/uploads\\\/2021\\\/11\\\/w-SITO-PHOTO-03-B-2-2.jpg\",\"contentUrl\":\"https:\\\/\\\/amrtop.net\\\/wp-content\\\/uploads\\\/2021\\\/11\\\/w-SITO-PHOTO-03-B-2-2.jpg\",\"width\":960,\"height\":960},{\"@type\":\"BreadcrumbList\",\"@id\":\"https:\\\/\\\/amrtop.net\\\/produit\\\/afficheur-kausiflam-xuo-7-kwxuo-10-kweto-12-kweto-14-kwastro-10-kwnovaterra-villairiselaraxuo-luxxuo-ecostoneterra-villa-etancheterra-ecoterra-eco-etancheterra-nova-etanchethyaestianept\\\/#breadcrumb\",\"itemListElement\":[{\"@type\":\"ListItem\",\"position\":1,\"name\":\"Home\",\"item\":\"https:\\\/\\\/amrtop.net\\\/\"},{\"@type\":\"ListItem\",\"position\":2,\"name\":\"Shop\",\"item\":\"https:\\\/\\\/amrtop.net\\\/negozio\\\/\"},{\"@type\":\"ListItem\",\"position\":3,\"name\":\"Afficheur pour les po\u00eales \u00e0 granul\u00e9s Kausiflam code. RI.02279\"}]},{\"@type\":\"WebSite\",\"@id\":\"https:\\\/\\\/amrtop.net\\\/#website\",\"url\":\"https:\\\/\\\/amrtop.net\\\/\",\"name\":\"AMRTOP B2B \u00c9tranger - Achats r\u00e9serv\u00e9s au professionnel\",\"description\":\"Pi\u00e8ces de rechange et accessoires pour po\u00eales et chaudi\u00e8res - eCommerce B2B pour Clients Professionnels\",\"potentialAction\":[{\"@type\":\"SearchAction\",\"target\":{\"@type\":\"EntryPoint\",\"urlTemplate\":\"https:\\\/\\\/amrtop.net\\\/?s={search_term_string}\"},\"query-input\":{\"@type\":\"PropertyValueSpecification\",\"valueRequired\":true,\"valueName\":\"search_term_string\"}}],\"inLanguage\":\"es\"}]}<\/script>\n<!-- \/ Yoast SEO plugin. -->","yoast_head_json":{"title":"Expositor para estufas de pellets Kausiflam - AMRTOP B2B \u00c9tranger - S\u00f3lo compras profesionales","description":"Logotipo de acero inoxidable para estufas de pellets Kausiflam","robots":{"index":"index","follow":"follow","max-snippet":"max-snippet:-1","max-image-preview":"max-image-preview:large","max-video-preview":"max-video-preview:-1"},"canonical":"https:\/\/amrtop.net\/es\/producto\/display-kausiflam-xuo-7-kwxuo-10-kweto-12-kweto-14-kwastro-10-kwnovaterra-villairiselaraxuo-luxxuo-ecostoneterra-villa-etancheterra-ecoterra-eco-etancheterra-nova-etanchethyaestianept\/","og_locale":"es_ES","og_type":"article","og_title":"Afficheur pour les po\u00eales \u00e0 granul\u00e9s Kausiflam - AMRTOP B2B \u00c9tranger - Achats r\u00e9serv\u00e9s au professionnel","og_description":"Logo inox pour les po\u00eales \u00e0 granul\u00e9s Kausiflam","og_url":"https:\/\/amrtop.net\/es\/producto\/display-kausiflam-xuo-7-kwxuo-10-kweto-12-kweto-14-kwastro-10-kwnovaterra-villairiselaraxuo-luxxuo-ecostoneterra-villa-etancheterra-ecoterra-eco-etancheterra-nova-etanchethyaestianept\/","og_site_name":"AMRTOP B2B \u00c9tranger - Achats r\u00e9serv\u00e9s au professionnel","article_modified_time":"2021-11-18T17:05:26+00:00","og_image":[{"width":960,"height":960,"url":"https:\/\/amrtop.net\/wp-content\/uploads\/2021\/11\/w-SITO-PHOTO-03-B-2-2.jpg","type":"image\/jpeg"}],"twitter_card":"summary_large_image","twitter_misc":{"Tiempo de lectura":"1 minuto"},"schema":{"@context":"https:\/\/schema.org","@graph":[{"@type":"WebPage","@id":"https:\/\/amrtop.net\/produit\/afficheur-kausiflam-xuo-7-kwxuo-10-kweto-12-kweto-14-kwastro-10-kwnovaterra-villairiselaraxuo-luxxuo-ecostoneterra-villa-etancheterra-ecoterra-eco-etancheterra-nova-etanchethyaestianept\/","url":"https:\/\/amrtop.net\/produit\/afficheur-kausiflam-xuo-7-kwxuo-10-kweto-12-kweto-14-kwastro-10-kwnovaterra-villairiselaraxuo-luxxuo-ecostoneterra-villa-etancheterra-ecoterra-eco-etancheterra-nova-etanchethyaestianept\/","name":"Expositor para estufas de pellets Kausiflam - AMRTOP B2B \u00c9tranger - S\u00f3lo compras profesionales","isPartOf":{"@id":"https:\/\/amrtop.net\/#website"},"primaryImageOfPage":{"@id":"https:\/\/amrtop.net\/produit\/afficheur-kausiflam-xuo-7-kwxuo-10-kweto-12-kweto-14-kwastro-10-kwnovaterra-villairiselaraxuo-luxxuo-ecostoneterra-villa-etancheterra-ecoterra-eco-etancheterra-nova-etanchethyaestianept\/#primaryimage"},"image":{"@id":"https:\/\/amrtop.net\/produit\/afficheur-kausiflam-xuo-7-kwxuo-10-kweto-12-kweto-14-kwastro-10-kwnovaterra-villairiselaraxuo-luxxuo-ecostoneterra-villa-etancheterra-ecoterra-eco-etancheterra-nova-etanchethyaestianept\/#primaryimage"},"thumbnailUrl":"https:\/\/amrtop.net\/wp-content\/uploads\/2021\/11\/w-SITO-PHOTO-03-B-2-2.jpg","datePublished":"2020-10-01T00:00:00+00:00","dateModified":"2021-11-18T17:05:26+00:00","description":"Logotipo de acero inoxidable para estufas de pellets Kausiflam","breadcrumb":{"@id":"https:\/\/amrtop.net\/produit\/afficheur-kausiflam-xuo-7-kwxuo-10-kweto-12-kweto-14-kwastro-10-kwnovaterra-villairiselaraxuo-luxxuo-ecostoneterra-villa-etancheterra-ecoterra-eco-etancheterra-nova-etanchethyaestianept\/#breadcrumb"},"inLanguage":"es","potentialAction":[{"@type":"ReadAction","target":["https:\/\/amrtop.net\/produit\/afficheur-kausiflam-xuo-7-kwxuo-10-kweto-12-kweto-14-kwastro-10-kwnovaterra-villairiselaraxuo-luxxuo-ecostoneterra-villa-etancheterra-ecoterra-eco-etancheterra-nova-etanchethyaestianept\/"]}]},{"@type":"ImageObject","inLanguage":"es","@id":"https:\/\/amrtop.net\/produit\/afficheur-kausiflam-xuo-7-kwxuo-10-kweto-12-kweto-14-kwastro-10-kwnovaterra-villairiselaraxuo-luxxuo-ecostoneterra-villa-etancheterra-ecoterra-eco-etancheterra-nova-etanchethyaestianept\/#primaryimage","url":"https:\/\/amrtop.net\/wp-content\/uploads\/2021\/11\/w-SITO-PHOTO-03-B-2-2.jpg","contentUrl":"https:\/\/amrtop.net\/wp-content\/uploads\/2021\/11\/w-SITO-PHOTO-03-B-2-2.jpg","width":960,"height":960},{"@type":"BreadcrumbList","@id":"https:\/\/amrtop.net\/produit\/afficheur-kausiflam-xuo-7-kwxuo-10-kweto-12-kweto-14-kwastro-10-kwnovaterra-villairiselaraxuo-luxxuo-ecostoneterra-villa-etancheterra-ecoterra-eco-etancheterra-nova-etanchethyaestianept\/#breadcrumb","itemListElement":[{"@type":"ListItem","position":1,"name":"Home","item":"https:\/\/amrtop.net\/"},{"@type":"ListItem","position":2,"name":"Shop","item":"https:\/\/amrtop.net\/negozio\/"},{"@type":"ListItem","position":3,"name":"Afficheur pour les po\u00eales \u00e0 granul\u00e9s Kausiflam code. RI.02279"}]},{"@type":"WebSite","@id":"https:\/\/amrtop.net\/#website","url":"https:\/\/amrtop.net\/","name":"AMRTOP B2B Abroad - Compras reservadas a los profesionales","description":"Recambios y accesorios para estufas y calderas - Comercio electr\u00f3nico B2B para profesionales","potentialAction":[{"@type":"SearchAction","target":{"@type":"EntryPoint","urlTemplate":"https:\/\/amrtop.net\/?s={search_term_string}"},"query-input":{"@type":"PropertyValueSpecification","valueRequired":true,"valueName":"search_term_string"}}],"inLanguage":"es"}]}},"_links":{"self":[{"href":"https:\/\/amrtop.net\/es\/wp-json\/wp\/v2\/product\/17619","targetHints":{"allow":["GET"]}}],"collection":[{"href":"https:\/\/amrtop.net\/es\/wp-json\/wp\/v2\/product"}],"about":[{"href":"https:\/\/amrtop.net\/es\/wp-json\/wp\/v2\/types\/product"}],"replies":[{"embeddable":true,"href":"https:\/\/amrtop.net\/es\/wp-json\/wp\/v2\/comments?post=17619"}],"wp:featuredmedia":[{"embeddable":true,"href":"https:\/\/amrtop.net\/es\/wp-json\/wp\/v2\/media\/19602"}],"wp:attachment":[{"href":"https:\/\/amrtop.net\/es\/wp-json\/wp\/v2\/media?parent=17619"}],"wp:term":[{"taxonomy":"product_brand","embeddable":true,"href":"https:\/\/amrtop.net\/es\/wp-json\/wp\/v2\/product_brand?post=17619"},{"taxonomy":"product_cat","embeddable":true,"href":"https:\/\/amrtop.net\/es\/wp-json\/wp\/v2\/product_cat?post=17619"},{"taxonomy":"product_tag","embeddable":true,"href":"https:\/\/amrtop.net\/es\/wp-json\/wp\/v2\/product_tag?post=17619"}],"curies":[{"name":"wp","href":"https:\/\/api.w.org\/{rel}","templated":true}]}}