{"id":17655,"date":"2020-10-01T00:00:00","date_gmt":"2020-10-01T00:00:00","guid":{"rendered":"https:\/\/amrtop.com\/B2B\/?post_type=product&#038;p=17655"},"modified":"2021-11-18T17:05:45","modified_gmt":"2021-11-18T17:05:45","slug":"cendrier-kausiflam-novaopalejazzcod-ri-01965","status":"publish","type":"product","link":"https:\/\/amrtop.net\/es\/produit\/cendrier-kausiflam-novaopalejazzcod-ri-01965\/","title":{"rendered":"Cenicero para estufas de pellets Kausiflam <br> c\u00f3digo.RI.01965"},"content":{"rendered":"<hr \/>\n<h2> Cenicero para estufas de pellets Kausiflam<\/h2>\n<p>c\u00f3digo.RI.01965<\/p>\n<p>Para los modelos de estufas de pellets Kausiflam: Nova, Opale, Jazz<\/p>\n<hr \/>\n<p>Encontrar\u00e1 todas las piezas que necesite en stock en nuestro sitio de comercio electr\u00f3nico.<br \/>\nAmrtop ofrece recambios est\u00e9ticos exteriores, carpinter\u00eda y vidrio cer\u00e1mico, aunque los plazos de entrega pueden variar entre 30 y 60 d\u00edas laborables.<br \/>\nSiempre tenemos en stock una gama de accesorios, piezas de repuesto y componentes esenciales para todas las estufas y calderas de pellets del mercado.<br \/>\nEl personal de Amrtop ha sido cuidadosamente formado para ayudarle a identificar cualquier pieza de recambio que deba sustituirse, y puede proporcionarle asistencia telef\u00f3nica en franc\u00e9s, ingl\u00e9s, rumano e italiano.<br \/>\nPara m\u00e1s informaci\u00f3n, no dude en ponerse en contacto con nosotros.<\/p>","protected":false},"excerpt":{"rendered":"<p>Cendrier pour les po\u00eales \u00e0 granul\u00e9s Kausiflam code.RI.01965 Pour les mod\u00e8les des po\u00eales \u00e0 granul\u00e9s Kausiflam: Nova, Opale, Jazz Vous trouverez sur notre e-commerce toujours disponibles en stock toutes les pi\u00e8ces de premi\u00e8re n\u00e9cessit\u00e9. Amrtop vous offre les pi\u00e8ces de remplacement ext\u00e9rieures esth\u00e9tiques, charpenteriesur et les verres c\u00e9ramiques,en gardant que les d\u00e9lais de livraison peuvent [&hellip;]<\/p>\n","protected":false},"featured_media":19573,"comment_status":"open","ping_status":"closed","template":"","meta":[],"product_brand":[],"product_cat":[1267,1232,1268,1269,940],"product_tag":[1345],"class_list":{"0":"post-17655","1":"product","2":"type-product","3":"status-publish","4":"has-post-thumbnail","6":"product_cat-jazz-kausiflam","7":"product_cat-kausiflam","8":"product_cat-nova-kausiflam","9":"product_cat-opale-kausiflam","10":"product_cat-pieces-detachees-specifiques-par-marque","11":"product_tag-kausiflam","12":"product_shipping_class-classe-di-spedizione-02","14":"first","15":"instock","16":"shipping-taxable","17":"purchasable","18":"product-type-simple"},"yoast_head":"<!-- This site is optimized with the Yoast SEO plugin v27.5 - https:\/\/yoast.com\/product\/yoast-seo-wordpress\/ -->\n<title>Cendrier pour les po\u00eales \u00e0 granul\u00e9s Kausiflam  code.RI.01965 - AMRTOP B2B \u00c9tranger - Achats r\u00e9serv\u00e9s au professionnel<\/title>\n<meta name=\"robots\" content=\"index, follow, max-snippet:-1, max-image-preview:large, max-video-preview:-1\" \/>\n<link rel=\"canonical\" href=\"https:\/\/amrtop.net\/es\/producto\/cendrier-kausiflam-novaopalejazzcod-ri-01965\/\" \/>\n<meta property=\"og:locale\" content=\"es_ES\" \/>\n<meta property=\"og:type\" content=\"article\" \/>\n<meta property=\"og:title\" content=\"Cendrier pour les po\u00eales \u00e0 granul\u00e9s Kausiflam  code.RI.01965 - AMRTOP B2B \u00c9tranger - Achats r\u00e9serv\u00e9s au professionnel\" \/>\n<meta property=\"og:description\" content=\"Cendrier pour les po\u00eales \u00e0 granul\u00e9s Kausiflam code.RI.01965 Pour les mod\u00e8les des po\u00eales \u00e0 granul\u00e9s Kausiflam: Nova, Opale, Jazz Vous trouverez sur notre e-commerce toujours disponibles en stock toutes les pi\u00e8ces de premi\u00e8re n\u00e9cessit\u00e9. Amrtop vous offre les pi\u00e8ces de remplacement ext\u00e9rieures esth\u00e9tiques, charpenteriesur et les verres c\u00e9ramiques,en gardant que les d\u00e9lais de livraison peuvent [&hellip;]\" \/>\n<meta property=\"og:url\" content=\"https:\/\/amrtop.net\/es\/producto\/cendrier-kausiflam-novaopalejazzcod-ri-01965\/\" \/>\n<meta property=\"og:site_name\" content=\"AMRTOP B2B \u00c9tranger - Achats r\u00e9serv\u00e9s au professionnel\" \/>\n<meta property=\"article:modified_time\" content=\"2021-11-18T17:05:45+00:00\" \/>\n<meta property=\"og:image\" content=\"https:\/\/amrtop.net\/wp-content\/uploads\/2021\/11\/KAUSIFLAM-amrtop.jpg\" \/>\n\t<meta property=\"og:image:width\" content=\"960\" \/>\n\t<meta property=\"og:image:height\" content=\"960\" \/>\n\t<meta property=\"og:image:type\" content=\"image\/jpeg\" \/>\n<meta name=\"twitter:card\" content=\"summary_large_image\" \/>\n<meta name=\"twitter:label1\" content=\"Tiempo de lectura\" \/>\n\t<meta name=\"twitter:data1\" content=\"1 minuto\" \/>\n<script type=\"application\/ld+json\" class=\"yoast-schema-graph\">{\"@context\":\"https:\\\/\\\/schema.org\",\"@graph\":[{\"@type\":\"WebPage\",\"@id\":\"https:\\\/\\\/amrtop.net\\\/produit\\\/cendrier-kausiflam-novaopalejazzcod-ri-01965\\\/\",\"url\":\"https:\\\/\\\/amrtop.net\\\/produit\\\/cendrier-kausiflam-novaopalejazzcod-ri-01965\\\/\",\"name\":\"Cendrier pour les po\u00eales \u00e0 granul\u00e9s Kausiflam code.RI.01965 - AMRTOP B2B \u00c9tranger - Achats r\u00e9serv\u00e9s au professionnel\",\"isPartOf\":{\"@id\":\"https:\\\/\\\/amrtop.net\\\/#website\"},\"primaryImageOfPage\":{\"@id\":\"https:\\\/\\\/amrtop.net\\\/produit\\\/cendrier-kausiflam-novaopalejazzcod-ri-01965\\\/#primaryimage\"},\"image\":{\"@id\":\"https:\\\/\\\/amrtop.net\\\/produit\\\/cendrier-kausiflam-novaopalejazzcod-ri-01965\\\/#primaryimage\"},\"thumbnailUrl\":\"https:\\\/\\\/amrtop.net\\\/wp-content\\\/uploads\\\/2021\\\/11\\\/KAUSIFLAM-amrtop.jpg\",\"datePublished\":\"2020-10-01T00:00:00+00:00\",\"dateModified\":\"2021-11-18T17:05:45+00:00\",\"breadcrumb\":{\"@id\":\"https:\\\/\\\/amrtop.net\\\/produit\\\/cendrier-kausiflam-novaopalejazzcod-ri-01965\\\/#breadcrumb\"},\"inLanguage\":\"es\",\"potentialAction\":[{\"@type\":\"ReadAction\",\"target\":[\"https:\\\/\\\/amrtop.net\\\/produit\\\/cendrier-kausiflam-novaopalejazzcod-ri-01965\\\/\"]}]},{\"@type\":\"ImageObject\",\"inLanguage\":\"es\",\"@id\":\"https:\\\/\\\/amrtop.net\\\/produit\\\/cendrier-kausiflam-novaopalejazzcod-ri-01965\\\/#primaryimage\",\"url\":\"https:\\\/\\\/amrtop.net\\\/wp-content\\\/uploads\\\/2021\\\/11\\\/KAUSIFLAM-amrtop.jpg\",\"contentUrl\":\"https:\\\/\\\/amrtop.net\\\/wp-content\\\/uploads\\\/2021\\\/11\\\/KAUSIFLAM-amrtop.jpg\",\"width\":960,\"height\":960},{\"@type\":\"BreadcrumbList\",\"@id\":\"https:\\\/\\\/amrtop.net\\\/produit\\\/cendrier-kausiflam-novaopalejazzcod-ri-01965\\\/#breadcrumb\",\"itemListElement\":[{\"@type\":\"ListItem\",\"position\":1,\"name\":\"Home\",\"item\":\"https:\\\/\\\/amrtop.net\\\/\"},{\"@type\":\"ListItem\",\"position\":2,\"name\":\"Shop\",\"item\":\"https:\\\/\\\/amrtop.net\\\/negozio\\\/\"},{\"@type\":\"ListItem\",\"position\":3,\"name\":\"Cendrier pour les po\u00eales \u00e0 granul\u00e9s Kausiflam code.RI.01965\"}]},{\"@type\":\"WebSite\",\"@id\":\"https:\\\/\\\/amrtop.net\\\/#website\",\"url\":\"https:\\\/\\\/amrtop.net\\\/\",\"name\":\"AMRTOP B2B \u00c9tranger - Achats r\u00e9serv\u00e9s au professionnel\",\"description\":\"Pi\u00e8ces de rechange et accessoires pour po\u00eales et chaudi\u00e8res - eCommerce B2B pour Clients Professionnels\",\"potentialAction\":[{\"@type\":\"SearchAction\",\"target\":{\"@type\":\"EntryPoint\",\"urlTemplate\":\"https:\\\/\\\/amrtop.net\\\/?s={search_term_string}\"},\"query-input\":{\"@type\":\"PropertyValueSpecification\",\"valueRequired\":true,\"valueName\":\"search_term_string\"}}],\"inLanguage\":\"es\"}]}<\/script>\n<!-- \/ Yoast SEO plugin. -->","yoast_head_json":{"title":"Cendrier pour les po\u00eales \u00e0 granul\u00e9s Kausiflam  code.RI.01965 - AMRTOP B2B \u00c9tranger - Achats r\u00e9serv\u00e9s au professionnel","robots":{"index":"index","follow":"follow","max-snippet":"max-snippet:-1","max-image-preview":"max-image-preview:large","max-video-preview":"max-video-preview:-1"},"canonical":"https:\/\/amrtop.net\/es\/producto\/cendrier-kausiflam-novaopalejazzcod-ri-01965\/","og_locale":"es_ES","og_type":"article","og_title":"Cendrier pour les po\u00eales \u00e0 granul\u00e9s Kausiflam  code.RI.01965 - AMRTOP B2B \u00c9tranger - Achats r\u00e9serv\u00e9s au professionnel","og_description":"Cendrier pour les po\u00eales \u00e0 granul\u00e9s Kausiflam code.RI.01965 Pour les mod\u00e8les des po\u00eales \u00e0 granul\u00e9s Kausiflam: Nova, Opale, Jazz Vous trouverez sur notre e-commerce toujours disponibles en stock toutes les pi\u00e8ces de premi\u00e8re n\u00e9cessit\u00e9. Amrtop vous offre les pi\u00e8ces de remplacement ext\u00e9rieures esth\u00e9tiques, charpenteriesur et les verres c\u00e9ramiques,en gardant que les d\u00e9lais de livraison peuvent [&hellip;]","og_url":"https:\/\/amrtop.net\/es\/producto\/cendrier-kausiflam-novaopalejazzcod-ri-01965\/","og_site_name":"AMRTOP B2B \u00c9tranger - Achats r\u00e9serv\u00e9s au professionnel","article_modified_time":"2021-11-18T17:05:45+00:00","og_image":[{"width":960,"height":960,"url":"https:\/\/amrtop.net\/wp-content\/uploads\/2021\/11\/KAUSIFLAM-amrtop.jpg","type":"image\/jpeg"}],"twitter_card":"summary_large_image","twitter_misc":{"Tiempo de lectura":"1 minuto"},"schema":{"@context":"https:\/\/schema.org","@graph":[{"@type":"WebPage","@id":"https:\/\/amrtop.net\/produit\/cendrier-kausiflam-novaopalejazzcod-ri-01965\/","url":"https:\/\/amrtop.net\/produit\/cendrier-kausiflam-novaopalejazzcod-ri-01965\/","name":"Cendrier pour les po\u00eales \u00e0 granul\u00e9s Kausiflam code.RI.01965 - AMRTOP B2B \u00c9tranger - Achats r\u00e9serv\u00e9s au professionnel","isPartOf":{"@id":"https:\/\/amrtop.net\/#website"},"primaryImageOfPage":{"@id":"https:\/\/amrtop.net\/produit\/cendrier-kausiflam-novaopalejazzcod-ri-01965\/#primaryimage"},"image":{"@id":"https:\/\/amrtop.net\/produit\/cendrier-kausiflam-novaopalejazzcod-ri-01965\/#primaryimage"},"thumbnailUrl":"https:\/\/amrtop.net\/wp-content\/uploads\/2021\/11\/KAUSIFLAM-amrtop.jpg","datePublished":"2020-10-01T00:00:00+00:00","dateModified":"2021-11-18T17:05:45+00:00","breadcrumb":{"@id":"https:\/\/amrtop.net\/produit\/cendrier-kausiflam-novaopalejazzcod-ri-01965\/#breadcrumb"},"inLanguage":"es","potentialAction":[{"@type":"ReadAction","target":["https:\/\/amrtop.net\/produit\/cendrier-kausiflam-novaopalejazzcod-ri-01965\/"]}]},{"@type":"ImageObject","inLanguage":"es","@id":"https:\/\/amrtop.net\/produit\/cendrier-kausiflam-novaopalejazzcod-ri-01965\/#primaryimage","url":"https:\/\/amrtop.net\/wp-content\/uploads\/2021\/11\/KAUSIFLAM-amrtop.jpg","contentUrl":"https:\/\/amrtop.net\/wp-content\/uploads\/2021\/11\/KAUSIFLAM-amrtop.jpg","width":960,"height":960},{"@type":"BreadcrumbList","@id":"https:\/\/amrtop.net\/produit\/cendrier-kausiflam-novaopalejazzcod-ri-01965\/#breadcrumb","itemListElement":[{"@type":"ListItem","position":1,"name":"Home","item":"https:\/\/amrtop.net\/"},{"@type":"ListItem","position":2,"name":"Shop","item":"https:\/\/amrtop.net\/negozio\/"},{"@type":"ListItem","position":3,"name":"Cendrier pour les po\u00eales \u00e0 granul\u00e9s Kausiflam code.RI.01965"}]},{"@type":"WebSite","@id":"https:\/\/amrtop.net\/#website","url":"https:\/\/amrtop.net\/","name":"AMRTOP B2B Abroad - Compras reservadas a los profesionales","description":"Recambios y accesorios para estufas y calderas - Comercio electr\u00f3nico B2B para profesionales","potentialAction":[{"@type":"SearchAction","target":{"@type":"EntryPoint","urlTemplate":"https:\/\/amrtop.net\/?s={search_term_string}"},"query-input":{"@type":"PropertyValueSpecification","valueRequired":true,"valueName":"search_term_string"}}],"inLanguage":"es"}]}},"_links":{"self":[{"href":"https:\/\/amrtop.net\/es\/wp-json\/wp\/v2\/product\/17655","targetHints":{"allow":["GET"]}}],"collection":[{"href":"https:\/\/amrtop.net\/es\/wp-json\/wp\/v2\/product"}],"about":[{"href":"https:\/\/amrtop.net\/es\/wp-json\/wp\/v2\/types\/product"}],"replies":[{"embeddable":true,"href":"https:\/\/amrtop.net\/es\/wp-json\/wp\/v2\/comments?post=17655"}],"wp:featuredmedia":[{"embeddable":true,"href":"https:\/\/amrtop.net\/es\/wp-json\/wp\/v2\/media\/19573"}],"wp:attachment":[{"href":"https:\/\/amrtop.net\/es\/wp-json\/wp\/v2\/media?parent=17655"}],"wp:term":[{"taxonomy":"product_brand","embeddable":true,"href":"https:\/\/amrtop.net\/es\/wp-json\/wp\/v2\/product_brand?post=17655"},{"taxonomy":"product_cat","embeddable":true,"href":"https:\/\/amrtop.net\/es\/wp-json\/wp\/v2\/product_cat?post=17655"},{"taxonomy":"product_tag","embeddable":true,"href":"https:\/\/amrtop.net\/es\/wp-json\/wp\/v2\/product_tag?post=17655"}],"curies":[{"name":"wp","href":"https:\/\/api.w.org\/{rel}","templated":true}]}}