{"id":17854,"date":"2020-10-01T00:00:00","date_gmt":"2020-10-01T00:00:00","guid":{"rendered":"https:\/\/amrtop.com\/B2B\/?post_type=product&#038;p=17854"},"modified":"2021-11-18T17:07:31","modified_gmt":"2021-11-18T17:07:31","slug":"carte-mere-i023-kausiflam-lorazayraserynotomy-cod-kevc034","status":"publish","type":"product","link":"https:\/\/amrtop.net\/es\/produit\/carte-mere-i023-kausiflam-lorazayraserynotomy-cod-kevc034\/","title":{"rendered":"Placa electr\u00f3nica programable para estufa de pellets Kausiflam  <br> c\u00f3digo.KEVC034"},"content":{"rendered":"<hr \/>\n<h2>Placa electr\u00f3nica programable para estufa de pellets Kausiflam  <\/h2>\n<p>c\u00f3digo.KEVC034<\/p>\n<p>Pour les mod\u00e8les des po\u00eales \u00e0 granul\u00e9s Kausiflam: Lora, Zayra, Seryno, Tomy<\/p>\n<hr \/>\n<p>Amrtop fournit des cartes \u00e9lectroniques pour les po\u00eales \u00e0 pellets Kausiflam d\u00e9j\u00e0 programm\u00e9s selon le mod\u00e8le de po\u00eale.<br \/>\nPodemos suministrar una amplia gama de accesorios, piezas de repuesto y componentes para todas las estufas y calderas de pellets del mercado.<br \/>\nEncontrar\u00e1 todas las piezas que necesite en stock en nuestro sitio de comercio electr\u00f3nico.<br \/>\nPodemos suministrarle piezas de est\u00e9tica exterior y carpinter\u00eda, aunque los plazos de entrega pueden variar entre 30 y 60 d\u00edas laborables.<br \/>\nEn outre, notre personnel est \u00e0 votre disposition pour vous aider \u00e0 trouver la pi\u00e8ce d\u00e9tach\u00e9e de votre po\u00eale granul\u00e9e.<\/p>","protected":false},"excerpt":{"rendered":"<p>Carte \u00e9lectronique programm\u00e9e pour po\u00eale \u00e0 granul\u00e9s Kausiflam code.KEVC034 Pour les mod\u00e8les des po\u00eales \u00e0 granul\u00e9s Kausiflam: Lora, Zayra, Seryno, Tomy Amrtop fournit des cartes \u00e9lectroniques pour les po\u00eales \u00e0 pellets Kausiflam d\u00e9j\u00e0 programm\u00e9s selon le mod\u00e8le de po\u00eale. Nous pouvons fournir une large gamme d\u2019accessoires, de pi\u00e8ces de rechange et de composants pour tous [&hellip;]<\/p>\n","protected":false},"featured_media":19572,"comment_status":"open","ping_status":"closed","template":"","meta":[],"product_brand":[],"product_cat":[1232,1281,940,1284,1287,1286],"product_tag":[1345],"class_list":{"0":"post-17854","1":"product","2":"type-product","3":"status-publish","4":"has-post-thumbnail","6":"product_cat-kausiflam","7":"product_cat-lora-kausiflam","8":"product_cat-pieces-detachees-specifiques-par-marque","9":"product_cat-seryno-kausiflam","10":"product_cat-tomy-kausiflam","11":"product_cat-zayra-kausiflam","12":"product_tag-kausiflam","13":"product_shipping_class-classe-di-spedizione-01","15":"first","16":"instock","17":"shipping-taxable","18":"purchasable","19":"product-type-simple"},"yoast_head":"<!-- This site is optimized with the Yoast SEO plugin v27.5 - https:\/\/yoast.com\/product\/yoast-seo-wordpress\/ -->\n<title>Carte \u00e9lectronique programm\u00e9e pour po\u00eale \u00e0 granul\u00e9s Kausiflam  code.KEVC034 - AMRTOP B2B \u00c9tranger - Achats r\u00e9serv\u00e9s au professionnel<\/title>\n<meta name=\"robots\" content=\"index, follow, max-snippet:-1, max-image-preview:large, max-video-preview:-1\" \/>\n<link rel=\"canonical\" href=\"https:\/\/amrtop.net\/es\/producto\/carte-mere-i023-kausiflam-lorazayraserynotomy-cod-kevc034\/\" \/>\n<meta property=\"og:locale\" content=\"es_ES\" \/>\n<meta property=\"og:type\" content=\"article\" \/>\n<meta property=\"og:title\" content=\"Carte \u00e9lectronique programm\u00e9e pour po\u00eale \u00e0 granul\u00e9s Kausiflam  code.KEVC034 - AMRTOP B2B \u00c9tranger - Achats r\u00e9serv\u00e9s au professionnel\" \/>\n<meta property=\"og:description\" content=\"Carte \u00e9lectronique programm\u00e9e pour po\u00eale \u00e0 granul\u00e9s Kausiflam code.KEVC034 Pour les mod\u00e8les des po\u00eales \u00e0 granul\u00e9s Kausiflam: Lora, Zayra, Seryno, Tomy Amrtop fournit des cartes \u00e9lectroniques pour les po\u00eales \u00e0 pellets Kausiflam d\u00e9j\u00e0 programm\u00e9s selon le mod\u00e8le de po\u00eale. Nous pouvons fournir une large gamme d\u2019accessoires, de pi\u00e8ces de rechange et de composants pour tous [&hellip;]\" \/>\n<meta property=\"og:url\" content=\"https:\/\/amrtop.net\/es\/producto\/carte-mere-i023-kausiflam-lorazayraserynotomy-cod-kevc034\/\" \/>\n<meta property=\"og:site_name\" content=\"AMRTOP B2B \u00c9tranger - Achats r\u00e9serv\u00e9s au professionnel\" \/>\n<meta property=\"article:modified_time\" content=\"2021-11-18T17:07:31+00:00\" \/>\n<meta property=\"og:image\" content=\"https:\/\/amrtop.net\/wp-content\/uploads\/2021\/11\/w-SITO-PAG-72-B.jpg\" \/>\n\t<meta property=\"og:image:width\" content=\"960\" \/>\n\t<meta property=\"og:image:height\" content=\"960\" \/>\n\t<meta property=\"og:image:type\" content=\"image\/jpeg\" \/>\n<meta name=\"twitter:card\" content=\"summary_large_image\" \/>\n<meta name=\"twitter:label1\" content=\"Tiempo de lectura\" \/>\n\t<meta name=\"twitter:data1\" content=\"1 minuto\" \/>\n<script type=\"application\/ld+json\" class=\"yoast-schema-graph\">{\"@context\":\"https:\\\/\\\/schema.org\",\"@graph\":[{\"@type\":\"WebPage\",\"@id\":\"https:\\\/\\\/amrtop.net\\\/produit\\\/carte-mere-i023-kausiflam-lorazayraserynotomy-cod-kevc034\\\/\",\"url\":\"https:\\\/\\\/amrtop.net\\\/produit\\\/carte-mere-i023-kausiflam-lorazayraserynotomy-cod-kevc034\\\/\",\"name\":\"Carte \u00e9lectronique programm\u00e9e pour po\u00eale \u00e0 granul\u00e9s Kausiflam code.KEVC034 - AMRTOP B2B \u00c9tranger - Achats r\u00e9serv\u00e9s au professionnel\",\"isPartOf\":{\"@id\":\"https:\\\/\\\/amrtop.net\\\/#website\"},\"primaryImageOfPage\":{\"@id\":\"https:\\\/\\\/amrtop.net\\\/produit\\\/carte-mere-i023-kausiflam-lorazayraserynotomy-cod-kevc034\\\/#primaryimage\"},\"image\":{\"@id\":\"https:\\\/\\\/amrtop.net\\\/produit\\\/carte-mere-i023-kausiflam-lorazayraserynotomy-cod-kevc034\\\/#primaryimage\"},\"thumbnailUrl\":\"https:\\\/\\\/amrtop.net\\\/wp-content\\\/uploads\\\/2021\\\/11\\\/w-SITO-PAG-72-B.jpg\",\"datePublished\":\"2020-10-01T00:00:00+00:00\",\"dateModified\":\"2021-11-18T17:07:31+00:00\",\"breadcrumb\":{\"@id\":\"https:\\\/\\\/amrtop.net\\\/produit\\\/carte-mere-i023-kausiflam-lorazayraserynotomy-cod-kevc034\\\/#breadcrumb\"},\"inLanguage\":\"es\",\"potentialAction\":[{\"@type\":\"ReadAction\",\"target\":[\"https:\\\/\\\/amrtop.net\\\/produit\\\/carte-mere-i023-kausiflam-lorazayraserynotomy-cod-kevc034\\\/\"]}]},{\"@type\":\"ImageObject\",\"inLanguage\":\"es\",\"@id\":\"https:\\\/\\\/amrtop.net\\\/produit\\\/carte-mere-i023-kausiflam-lorazayraserynotomy-cod-kevc034\\\/#primaryimage\",\"url\":\"https:\\\/\\\/amrtop.net\\\/wp-content\\\/uploads\\\/2021\\\/11\\\/w-SITO-PAG-72-B.jpg\",\"contentUrl\":\"https:\\\/\\\/amrtop.net\\\/wp-content\\\/uploads\\\/2021\\\/11\\\/w-SITO-PAG-72-B.jpg\",\"width\":960,\"height\":960},{\"@type\":\"BreadcrumbList\",\"@id\":\"https:\\\/\\\/amrtop.net\\\/produit\\\/carte-mere-i023-kausiflam-lorazayraserynotomy-cod-kevc034\\\/#breadcrumb\",\"itemListElement\":[{\"@type\":\"ListItem\",\"position\":1,\"name\":\"Home\",\"item\":\"https:\\\/\\\/amrtop.net\\\/\"},{\"@type\":\"ListItem\",\"position\":2,\"name\":\"Shop\",\"item\":\"https:\\\/\\\/amrtop.net\\\/negozio\\\/\"},{\"@type\":\"ListItem\",\"position\":3,\"name\":\"Carte \u00e9lectronique programm\u00e9e pour po\u00eale \u00e0 granul\u00e9s Kausiflam code.KEVC034\"}]},{\"@type\":\"WebSite\",\"@id\":\"https:\\\/\\\/amrtop.net\\\/#website\",\"url\":\"https:\\\/\\\/amrtop.net\\\/\",\"name\":\"AMRTOP B2B \u00c9tranger - Achats r\u00e9serv\u00e9s au professionnel\",\"description\":\"Pi\u00e8ces de rechange et accessoires pour po\u00eales et chaudi\u00e8res - eCommerce B2B pour Clients Professionnels\",\"potentialAction\":[{\"@type\":\"SearchAction\",\"target\":{\"@type\":\"EntryPoint\",\"urlTemplate\":\"https:\\\/\\\/amrtop.net\\\/?s={search_term_string}\"},\"query-input\":{\"@type\":\"PropertyValueSpecification\",\"valueRequired\":true,\"valueName\":\"search_term_string\"}}],\"inLanguage\":\"es\"}]}<\/script>\n<!-- \/ Yoast SEO plugin. -->","yoast_head_json":{"title":"Carte \u00e9lectronique programm\u00e9e pour po\u00eale \u00e0 granul\u00e9s Kausiflam  code.KEVC034 - AMRTOP B2B \u00c9tranger - Achats r\u00e9serv\u00e9s au professionnel","robots":{"index":"index","follow":"follow","max-snippet":"max-snippet:-1","max-image-preview":"max-image-preview:large","max-video-preview":"max-video-preview:-1"},"canonical":"https:\/\/amrtop.net\/es\/producto\/carte-mere-i023-kausiflam-lorazayraserynotomy-cod-kevc034\/","og_locale":"es_ES","og_type":"article","og_title":"Carte \u00e9lectronique programm\u00e9e pour po\u00eale \u00e0 granul\u00e9s Kausiflam  code.KEVC034 - AMRTOP B2B \u00c9tranger - Achats r\u00e9serv\u00e9s au professionnel","og_description":"Carte \u00e9lectronique programm\u00e9e pour po\u00eale \u00e0 granul\u00e9s Kausiflam code.KEVC034 Pour les mod\u00e8les des po\u00eales \u00e0 granul\u00e9s Kausiflam: Lora, Zayra, Seryno, Tomy Amrtop fournit des cartes \u00e9lectroniques pour les po\u00eales \u00e0 pellets Kausiflam d\u00e9j\u00e0 programm\u00e9s selon le mod\u00e8le de po\u00eale. Nous pouvons fournir une large gamme d\u2019accessoires, de pi\u00e8ces de rechange et de composants pour tous [&hellip;]","og_url":"https:\/\/amrtop.net\/es\/producto\/carte-mere-i023-kausiflam-lorazayraserynotomy-cod-kevc034\/","og_site_name":"AMRTOP B2B \u00c9tranger - Achats r\u00e9serv\u00e9s au professionnel","article_modified_time":"2021-11-18T17:07:31+00:00","og_image":[{"width":960,"height":960,"url":"https:\/\/amrtop.net\/wp-content\/uploads\/2021\/11\/w-SITO-PAG-72-B.jpg","type":"image\/jpeg"}],"twitter_card":"summary_large_image","twitter_misc":{"Tiempo de lectura":"1 minuto"},"schema":{"@context":"https:\/\/schema.org","@graph":[{"@type":"WebPage","@id":"https:\/\/amrtop.net\/produit\/carte-mere-i023-kausiflam-lorazayraserynotomy-cod-kevc034\/","url":"https:\/\/amrtop.net\/produit\/carte-mere-i023-kausiflam-lorazayraserynotomy-cod-kevc034\/","name":"Carte \u00e9lectronique programm\u00e9e pour po\u00eale \u00e0 granul\u00e9s Kausiflam code.KEVC034 - AMRTOP B2B \u00c9tranger - Achats r\u00e9serv\u00e9s au professionnel","isPartOf":{"@id":"https:\/\/amrtop.net\/#website"},"primaryImageOfPage":{"@id":"https:\/\/amrtop.net\/produit\/carte-mere-i023-kausiflam-lorazayraserynotomy-cod-kevc034\/#primaryimage"},"image":{"@id":"https:\/\/amrtop.net\/produit\/carte-mere-i023-kausiflam-lorazayraserynotomy-cod-kevc034\/#primaryimage"},"thumbnailUrl":"https:\/\/amrtop.net\/wp-content\/uploads\/2021\/11\/w-SITO-PAG-72-B.jpg","datePublished":"2020-10-01T00:00:00+00:00","dateModified":"2021-11-18T17:07:31+00:00","breadcrumb":{"@id":"https:\/\/amrtop.net\/produit\/carte-mere-i023-kausiflam-lorazayraserynotomy-cod-kevc034\/#breadcrumb"},"inLanguage":"es","potentialAction":[{"@type":"ReadAction","target":["https:\/\/amrtop.net\/produit\/carte-mere-i023-kausiflam-lorazayraserynotomy-cod-kevc034\/"]}]},{"@type":"ImageObject","inLanguage":"es","@id":"https:\/\/amrtop.net\/produit\/carte-mere-i023-kausiflam-lorazayraserynotomy-cod-kevc034\/#primaryimage","url":"https:\/\/amrtop.net\/wp-content\/uploads\/2021\/11\/w-SITO-PAG-72-B.jpg","contentUrl":"https:\/\/amrtop.net\/wp-content\/uploads\/2021\/11\/w-SITO-PAG-72-B.jpg","width":960,"height":960},{"@type":"BreadcrumbList","@id":"https:\/\/amrtop.net\/produit\/carte-mere-i023-kausiflam-lorazayraserynotomy-cod-kevc034\/#breadcrumb","itemListElement":[{"@type":"ListItem","position":1,"name":"Home","item":"https:\/\/amrtop.net\/"},{"@type":"ListItem","position":2,"name":"Shop","item":"https:\/\/amrtop.net\/negozio\/"},{"@type":"ListItem","position":3,"name":"Carte \u00e9lectronique programm\u00e9e pour po\u00eale \u00e0 granul\u00e9s Kausiflam code.KEVC034"}]},{"@type":"WebSite","@id":"https:\/\/amrtop.net\/#website","url":"https:\/\/amrtop.net\/","name":"AMRTOP B2B Abroad - Compras reservadas a los profesionales","description":"Recambios y accesorios para estufas y calderas - Comercio electr\u00f3nico B2B para profesionales","potentialAction":[{"@type":"SearchAction","target":{"@type":"EntryPoint","urlTemplate":"https:\/\/amrtop.net\/?s={search_term_string}"},"query-input":{"@type":"PropertyValueSpecification","valueRequired":true,"valueName":"search_term_string"}}],"inLanguage":"es"}]}},"_links":{"self":[{"href":"https:\/\/amrtop.net\/es\/wp-json\/wp\/v2\/product\/17854","targetHints":{"allow":["GET"]}}],"collection":[{"href":"https:\/\/amrtop.net\/es\/wp-json\/wp\/v2\/product"}],"about":[{"href":"https:\/\/amrtop.net\/es\/wp-json\/wp\/v2\/types\/product"}],"replies":[{"embeddable":true,"href":"https:\/\/amrtop.net\/es\/wp-json\/wp\/v2\/comments?post=17854"}],"wp:featuredmedia":[{"embeddable":true,"href":"https:\/\/amrtop.net\/es\/wp-json\/wp\/v2\/media\/19572"}],"wp:attachment":[{"href":"https:\/\/amrtop.net\/es\/wp-json\/wp\/v2\/media?parent=17854"}],"wp:term":[{"taxonomy":"product_brand","embeddable":true,"href":"https:\/\/amrtop.net\/es\/wp-json\/wp\/v2\/product_brand?post=17854"},{"taxonomy":"product_cat","embeddable":true,"href":"https:\/\/amrtop.net\/es\/wp-json\/wp\/v2\/product_cat?post=17854"},{"taxonomy":"product_tag","embeddable":true,"href":"https:\/\/amrtop.net\/es\/wp-json\/wp\/v2\/product_tag?post=17854"}],"curies":[{"name":"wp","href":"https:\/\/api.w.org\/{rel}","templated":true}]}}