{"id":17906,"date":"2020-10-01T00:00:00","date_gmt":"2020-10-01T00:00:00","guid":{"rendered":"https:\/\/amrtop.com\/B2B\/?post_type=product&#038;p=17906"},"modified":"2021-11-18T17:08:08","modified_gmt":"2021-11-18T17:08:08","slug":"vis-sans-fin-kausiflam-cod-kevc022-pour-les-modeles-lorry-sophia-tomy","status":"publish","type":"product","link":"https:\/\/amrtop.net\/es\/produit\/vis-sans-fin-kausiflam-cod-kevc022-pour-les-modeles-lorry-sophia-tomy\/","title":{"rendered":"Engranaje helicoidal <br> c\u00f3digo.KEVC022"},"content":{"rendered":"<hr \/>\n<h2>   Engranaje helicoidal  <\/h2>\n<p>c\u00f3digo.KEVC022<\/p>\n<p>Pour les mod\u00e8les des po\u00eales \u00e0 granul\u00e9s Kausiflam: Lorry, Sophia, Tomy<\/p>","protected":false},"excerpt":{"rendered":"<p>Vis sans fin code.KEVC022 Pour les mod\u00e8les des po\u00eales \u00e0 granul\u00e9s Kausiflam: Lorry, Sophia, Tomy<\/p>","protected":false},"featured_media":19573,"comment_status":"open","ping_status":"closed","template":"","meta":[],"product_brand":[],"product_cat":[1232,1282,940,1285,1287],"product_tag":[1345],"class_list":{"0":"post-17906","1":"product","2":"type-product","3":"status-publish","4":"has-post-thumbnail","6":"product_cat-kausiflam","7":"product_cat-lorry-kausiflam","8":"product_cat-pieces-detachees-specifiques-par-marque","9":"product_cat-sophia-kausiflam","10":"product_cat-tomy-kausiflam","11":"product_tag-kausiflam","12":"product_shipping_class-classe-di-spedizione-02","14":"first","15":"instock","16":"shipping-taxable","17":"purchasable","18":"product-type-simple"},"yoast_head":"<!-- This site is optimized with the Yoast SEO plugin v27.4 - https:\/\/yoast.com\/product\/yoast-seo-wordpress\/ -->\n<title>Vis sans fin  code.KEVC022 - AMRTOP B2B \u00c9tranger - Achats r\u00e9serv\u00e9s au professionnel<\/title>\n<meta name=\"robots\" content=\"index, follow, max-snippet:-1, max-image-preview:large, max-video-preview:-1\" \/>\n<link rel=\"canonical\" href=\"https:\/\/amrtop.net\/es\/producto\/vis-sans-fin-kausiflam-cod-kevc022-pour-les-modeles-lorry-sophia-tomy\/\" \/>\n<meta property=\"og:locale\" content=\"es_ES\" \/>\n<meta property=\"og:type\" content=\"article\" \/>\n<meta property=\"og:title\" content=\"Vis sans fin  code.KEVC022 - AMRTOP B2B \u00c9tranger - Achats r\u00e9serv\u00e9s au professionnel\" \/>\n<meta property=\"og:description\" content=\"Vis sans fin code.KEVC022 Pour les mod\u00e8les des po\u00eales \u00e0 granul\u00e9s Kausiflam: Lorry, Sophia, Tomy\" \/>\n<meta property=\"og:url\" content=\"https:\/\/amrtop.net\/es\/producto\/vis-sans-fin-kausiflam-cod-kevc022-pour-les-modeles-lorry-sophia-tomy\/\" \/>\n<meta property=\"og:site_name\" content=\"AMRTOP B2B \u00c9tranger - Achats r\u00e9serv\u00e9s au professionnel\" \/>\n<meta property=\"article:modified_time\" content=\"2021-11-18T17:08:08+00:00\" \/>\n<meta property=\"og:image\" content=\"https:\/\/amrtop.net\/wp-content\/uploads\/2021\/11\/KAUSIFLAM-amrtop.jpg\" \/>\n\t<meta property=\"og:image:width\" content=\"960\" \/>\n\t<meta property=\"og:image:height\" content=\"960\" \/>\n\t<meta property=\"og:image:type\" content=\"image\/jpeg\" \/>\n<meta name=\"twitter:card\" content=\"summary_large_image\" \/>\n<script type=\"application\/ld+json\" class=\"yoast-schema-graph\">{\"@context\":\"https:\\\/\\\/schema.org\",\"@graph\":[{\"@type\":\"WebPage\",\"@id\":\"https:\\\/\\\/amrtop.net\\\/produit\\\/vis-sans-fin-kausiflam-cod-kevc022-pour-les-modeles-lorry-sophia-tomy\\\/\",\"url\":\"https:\\\/\\\/amrtop.net\\\/produit\\\/vis-sans-fin-kausiflam-cod-kevc022-pour-les-modeles-lorry-sophia-tomy\\\/\",\"name\":\"Vis sans fin code.KEVC022 - AMRTOP B2B \u00c9tranger - Achats r\u00e9serv\u00e9s au professionnel\",\"isPartOf\":{\"@id\":\"https:\\\/\\\/amrtop.net\\\/#website\"},\"primaryImageOfPage\":{\"@id\":\"https:\\\/\\\/amrtop.net\\\/produit\\\/vis-sans-fin-kausiflam-cod-kevc022-pour-les-modeles-lorry-sophia-tomy\\\/#primaryimage\"},\"image\":{\"@id\":\"https:\\\/\\\/amrtop.net\\\/produit\\\/vis-sans-fin-kausiflam-cod-kevc022-pour-les-modeles-lorry-sophia-tomy\\\/#primaryimage\"},\"thumbnailUrl\":\"https:\\\/\\\/amrtop.net\\\/wp-content\\\/uploads\\\/2021\\\/11\\\/KAUSIFLAM-amrtop.jpg\",\"datePublished\":\"2020-10-01T00:00:00+00:00\",\"dateModified\":\"2021-11-18T17:08:08+00:00\",\"breadcrumb\":{\"@id\":\"https:\\\/\\\/amrtop.net\\\/produit\\\/vis-sans-fin-kausiflam-cod-kevc022-pour-les-modeles-lorry-sophia-tomy\\\/#breadcrumb\"},\"inLanguage\":\"es\",\"potentialAction\":[{\"@type\":\"ReadAction\",\"target\":[\"https:\\\/\\\/amrtop.net\\\/produit\\\/vis-sans-fin-kausiflam-cod-kevc022-pour-les-modeles-lorry-sophia-tomy\\\/\"]}]},{\"@type\":\"ImageObject\",\"inLanguage\":\"es\",\"@id\":\"https:\\\/\\\/amrtop.net\\\/produit\\\/vis-sans-fin-kausiflam-cod-kevc022-pour-les-modeles-lorry-sophia-tomy\\\/#primaryimage\",\"url\":\"https:\\\/\\\/amrtop.net\\\/wp-content\\\/uploads\\\/2021\\\/11\\\/KAUSIFLAM-amrtop.jpg\",\"contentUrl\":\"https:\\\/\\\/amrtop.net\\\/wp-content\\\/uploads\\\/2021\\\/11\\\/KAUSIFLAM-amrtop.jpg\",\"width\":960,\"height\":960},{\"@type\":\"BreadcrumbList\",\"@id\":\"https:\\\/\\\/amrtop.net\\\/produit\\\/vis-sans-fin-kausiflam-cod-kevc022-pour-les-modeles-lorry-sophia-tomy\\\/#breadcrumb\",\"itemListElement\":[{\"@type\":\"ListItem\",\"position\":1,\"name\":\"Home\",\"item\":\"https:\\\/\\\/amrtop.net\\\/\"},{\"@type\":\"ListItem\",\"position\":2,\"name\":\"Shop\",\"item\":\"https:\\\/\\\/amrtop.net\\\/negozio\\\/\"},{\"@type\":\"ListItem\",\"position\":3,\"name\":\"Vis sans fin code.KEVC022\"}]},{\"@type\":\"WebSite\",\"@id\":\"https:\\\/\\\/amrtop.net\\\/#website\",\"url\":\"https:\\\/\\\/amrtop.net\\\/\",\"name\":\"AMRTOP B2B \u00c9tranger - Achats r\u00e9serv\u00e9s au professionnel\",\"description\":\"Pi\u00e8ces de rechange et accessoires pour po\u00eales et chaudi\u00e8res - eCommerce B2B pour Clients Professionnels\",\"potentialAction\":[{\"@type\":\"SearchAction\",\"target\":{\"@type\":\"EntryPoint\",\"urlTemplate\":\"https:\\\/\\\/amrtop.net\\\/?s={search_term_string}\"},\"query-input\":{\"@type\":\"PropertyValueSpecification\",\"valueRequired\":true,\"valueName\":\"search_term_string\"}}],\"inLanguage\":\"es\"}]}<\/script>\n<!-- \/ Yoast SEO plugin. -->","yoast_head_json":{"title":"Vis sans fin  code.KEVC022 - AMRTOP B2B \u00c9tranger - Achats r\u00e9serv\u00e9s au professionnel","robots":{"index":"index","follow":"follow","max-snippet":"max-snippet:-1","max-image-preview":"max-image-preview:large","max-video-preview":"max-video-preview:-1"},"canonical":"https:\/\/amrtop.net\/es\/producto\/vis-sans-fin-kausiflam-cod-kevc022-pour-les-modeles-lorry-sophia-tomy\/","og_locale":"es_ES","og_type":"article","og_title":"Vis sans fin  code.KEVC022 - AMRTOP B2B \u00c9tranger - Achats r\u00e9serv\u00e9s au professionnel","og_description":"Vis sans fin code.KEVC022 Pour les mod\u00e8les des po\u00eales \u00e0 granul\u00e9s Kausiflam: Lorry, Sophia, Tomy","og_url":"https:\/\/amrtop.net\/es\/producto\/vis-sans-fin-kausiflam-cod-kevc022-pour-les-modeles-lorry-sophia-tomy\/","og_site_name":"AMRTOP B2B \u00c9tranger - Achats r\u00e9serv\u00e9s au professionnel","article_modified_time":"2021-11-18T17:08:08+00:00","og_image":[{"width":960,"height":960,"url":"https:\/\/amrtop.net\/wp-content\/uploads\/2021\/11\/KAUSIFLAM-amrtop.jpg","type":"image\/jpeg"}],"twitter_card":"summary_large_image","schema":{"@context":"https:\/\/schema.org","@graph":[{"@type":"WebPage","@id":"https:\/\/amrtop.net\/produit\/vis-sans-fin-kausiflam-cod-kevc022-pour-les-modeles-lorry-sophia-tomy\/","url":"https:\/\/amrtop.net\/produit\/vis-sans-fin-kausiflam-cod-kevc022-pour-les-modeles-lorry-sophia-tomy\/","name":"Vis sans fin code.KEVC022 - AMRTOP B2B \u00c9tranger - Achats r\u00e9serv\u00e9s au professionnel","isPartOf":{"@id":"https:\/\/amrtop.net\/#website"},"primaryImageOfPage":{"@id":"https:\/\/amrtop.net\/produit\/vis-sans-fin-kausiflam-cod-kevc022-pour-les-modeles-lorry-sophia-tomy\/#primaryimage"},"image":{"@id":"https:\/\/amrtop.net\/produit\/vis-sans-fin-kausiflam-cod-kevc022-pour-les-modeles-lorry-sophia-tomy\/#primaryimage"},"thumbnailUrl":"https:\/\/amrtop.net\/wp-content\/uploads\/2021\/11\/KAUSIFLAM-amrtop.jpg","datePublished":"2020-10-01T00:00:00+00:00","dateModified":"2021-11-18T17:08:08+00:00","breadcrumb":{"@id":"https:\/\/amrtop.net\/produit\/vis-sans-fin-kausiflam-cod-kevc022-pour-les-modeles-lorry-sophia-tomy\/#breadcrumb"},"inLanguage":"es","potentialAction":[{"@type":"ReadAction","target":["https:\/\/amrtop.net\/produit\/vis-sans-fin-kausiflam-cod-kevc022-pour-les-modeles-lorry-sophia-tomy\/"]}]},{"@type":"ImageObject","inLanguage":"es","@id":"https:\/\/amrtop.net\/produit\/vis-sans-fin-kausiflam-cod-kevc022-pour-les-modeles-lorry-sophia-tomy\/#primaryimage","url":"https:\/\/amrtop.net\/wp-content\/uploads\/2021\/11\/KAUSIFLAM-amrtop.jpg","contentUrl":"https:\/\/amrtop.net\/wp-content\/uploads\/2021\/11\/KAUSIFLAM-amrtop.jpg","width":960,"height":960},{"@type":"BreadcrumbList","@id":"https:\/\/amrtop.net\/produit\/vis-sans-fin-kausiflam-cod-kevc022-pour-les-modeles-lorry-sophia-tomy\/#breadcrumb","itemListElement":[{"@type":"ListItem","position":1,"name":"Home","item":"https:\/\/amrtop.net\/"},{"@type":"ListItem","position":2,"name":"Shop","item":"https:\/\/amrtop.net\/negozio\/"},{"@type":"ListItem","position":3,"name":"Vis sans fin code.KEVC022"}]},{"@type":"WebSite","@id":"https:\/\/amrtop.net\/#website","url":"https:\/\/amrtop.net\/","name":"AMRTOP B2B Abroad - Compras reservadas a los profesionales","description":"Recambios y accesorios para estufas y calderas - Comercio electr\u00f3nico B2B para profesionales","potentialAction":[{"@type":"SearchAction","target":{"@type":"EntryPoint","urlTemplate":"https:\/\/amrtop.net\/?s={search_term_string}"},"query-input":{"@type":"PropertyValueSpecification","valueRequired":true,"valueName":"search_term_string"}}],"inLanguage":"es"}]}},"_links":{"self":[{"href":"https:\/\/amrtop.net\/es\/wp-json\/wp\/v2\/product\/17906","targetHints":{"allow":["GET"]}}],"collection":[{"href":"https:\/\/amrtop.net\/es\/wp-json\/wp\/v2\/product"}],"about":[{"href":"https:\/\/amrtop.net\/es\/wp-json\/wp\/v2\/types\/product"}],"replies":[{"embeddable":true,"href":"https:\/\/amrtop.net\/es\/wp-json\/wp\/v2\/comments?post=17906"}],"wp:featuredmedia":[{"embeddable":true,"href":"https:\/\/amrtop.net\/es\/wp-json\/wp\/v2\/media\/19573"}],"wp:attachment":[{"href":"https:\/\/amrtop.net\/es\/wp-json\/wp\/v2\/media?parent=17906"}],"wp:term":[{"taxonomy":"product_brand","embeddable":true,"href":"https:\/\/amrtop.net\/es\/wp-json\/wp\/v2\/product_brand?post=17906"},{"taxonomy":"product_cat","embeddable":true,"href":"https:\/\/amrtop.net\/es\/wp-json\/wp\/v2\/product_cat?post=17906"},{"taxonomy":"product_tag","embeddable":true,"href":"https:\/\/amrtop.net\/es\/wp-json\/wp\/v2\/product_tag?post=17906"}],"curies":[{"name":"wp","href":"https:\/\/api.w.org\/{rel}","templated":true}]}}