{"id":18606,"date":"2020-10-01T00:00:00","date_gmt":"2020-10-01T00:00:00","guid":{"rendered":"https:\/\/amrtop.com\/B2B\/?post_type=product&#038;p=18606"},"modified":"2022-01-03T11:00:59","modified_gmt":"2022-01-03T11:00:59","slug":"ventilatore-centrifugo-sit-cod-%c2%b5gt400-o-ventola-n-d-ingombro-lunghezza-180-mm-ingombro-altezza-188-mm-ingombro-profondita-163-mm-dimensioni-bochetta-63-x-146-mm-portata","status":"publish","type":"product","link":"https:\/\/amrtop.net\/es\/produit\/ventilatore-centrifugo-sit-cod-%c2%b5gt400-o-ventola-n-d-ingombro-lunghezza-180-mm-ingombro-altezza-188-mm-ingombro-profondita-163-mm-dimensioni-bochetta-63-x-146-mm-portata\/","title":{"rendered":"<span style=\"font-size:18px\">Ventilatore centrifugo Sit  <br>\nCod.\u00b5gt400 <br>\n<hr>\nVentola \u00f8  n.d <br>\nIngombro lunghezza : 180 mm <br>\nIngombro altezza: 188 mm <br>\nIngombro profondit\u00e0\u00a0 : 163 mm <br>\nDimensioni bochetta : 63 x 146 mm <br>\nPortata : 420 m\u00b3\/h <br>"},"content":{"rendered":"<hr \/>\n<h2>Ventilatore centrifugo Sit &#8211; Natalini <\/h2>\n<p>cod. \u00b5GT400<\/p>\n<p>Ventola \u00f8  n.d<\/p>\n<p>Ingombro lunghezza : 180 mm<\/p>\n<p>Ingombro altezza: 188 mm<\/p>\n<p>Ingombro profondit\u00e0\u00a0 : 163 mm<\/p>\n<p>Dimensioni bochetta : 63 x 146 mm<\/p>\n<p>Portata : 420 m\u00b3\/h<\/p>\n<p>Potenza : 100 W<\/p>\n<p>Classe F &#8211;  Protettore termico 160\u00c2\u00b0<\/p>","protected":false},"excerpt":{"rendered":"<hr \/>\n<h2><font color=\"FF2600\">In arrivo<\/font><\/h2>","protected":false},"featured_media":18921,"comment_status":"open","ping_status":"closed","template":"","meta":[],"product_brand":[],"product_cat":[1300],"product_tag":[],"class_list":{"0":"post-18606","1":"product","2":"type-product","3":"status-publish","4":"has-post-thumbnail","6":"product_cat-ventilateurs-centrifuges-pour-poeles-a-pellets","7":"product_shipping_class-classe-di-spedizione-02","9":"first","10":"instock","11":"shipping-taxable","12":"purchasable","13":"product-type-simple"},"yoast_head":"<!-- This site is optimized with the Yoast SEO plugin v27.5 - https:\/\/yoast.com\/product\/yoast-seo-wordpress\/ -->\n<title>Ventilatore centrifugo Sit  Cod.\u00b5gt400   Ventola \u00f8 n.d  Ingombro lunghezza : 180 mm  Ingombro altezza: 188 mm  Ingombro profondit\u00e0\u00a0 : 163 mm  Dimensioni bochetta : 63 x 146 mm  Portata : 420 m\u00b3\/h  - AMRTOP B2B \u00c9tranger - Achats r\u00e9serv\u00e9s au professionnel<\/title>\n<meta name=\"robots\" content=\"index, follow, max-snippet:-1, max-image-preview:large, max-video-preview:-1\" \/>\n<link rel=\"canonical\" href=\"https:\/\/amrtop.net\/es\/producto\/ventilatore-centrifugo-sit-cod-\u00b5gt400-o-ventola-n-d-ingombro-lunghezza-180-mm-ingombro-altezza-188-mm-ingombro-profondita-163-mm-dimensioni-bochetta-63-x-146-mm-portata\/\" \/>\n<meta property=\"og:locale\" content=\"es_ES\" \/>\n<meta property=\"og:type\" content=\"article\" \/>\n<meta property=\"og:title\" content=\"Ventilatore centrifugo Sit  Cod.\u00b5gt400   Ventola \u00f8 n.d  Ingombro lunghezza : 180 mm  Ingombro altezza: 188 mm  Ingombro profondit\u00e0\u00a0 : 163 mm  Dimensioni bochetta : 63 x 146 mm  Portata : 420 m\u00b3\/h  - AMRTOP B2B \u00c9tranger - Achats r\u00e9serv\u00e9s au professionnel\" \/>\n<meta property=\"og:description\" content=\"In arrivo\" \/>\n<meta property=\"og:url\" content=\"https:\/\/amrtop.net\/es\/producto\/ventilatore-centrifugo-sit-cod-\u00b5gt400-o-ventola-n-d-ingombro-lunghezza-180-mm-ingombro-altezza-188-mm-ingombro-profondita-163-mm-dimensioni-bochetta-63-x-146-mm-portata\/\" \/>\n<meta property=\"og:site_name\" content=\"AMRTOP B2B \u00c9tranger - Achats r\u00e9serv\u00e9s au professionnel\" \/>\n<meta property=\"article:modified_time\" content=\"2022-01-03T11:00:59+00:00\" \/>\n<meta property=\"og:image\" content=\"https:\/\/amrtop.net\/wp-content\/uploads\/2021\/09\/w-SITO-PAG-24-B-1.jpg\" \/>\n\t<meta property=\"og:image:width\" content=\"960\" \/>\n\t<meta property=\"og:image:height\" content=\"960\" \/>\n\t<meta property=\"og:image:type\" content=\"image\/jpeg\" \/>\n<meta name=\"twitter:card\" content=\"summary_large_image\" \/>\n<script type=\"application\/ld+json\" class=\"yoast-schema-graph\">{\"@context\":\"https:\\\/\\\/schema.org\",\"@graph\":[{\"@type\":\"WebPage\",\"@id\":\"https:\\\/\\\/amrtop.net\\\/produit\\\/ventilatore-centrifugo-sit-cod-%c2%b5gt400-o-ventola-n-d-ingombro-lunghezza-180-mm-ingombro-altezza-188-mm-ingombro-profondita-163-mm-dimensioni-bochetta-63-x-146-mm-portata\\\/\",\"url\":\"https:\\\/\\\/amrtop.net\\\/produit\\\/ventilatore-centrifugo-sit-cod-%c2%b5gt400-o-ventola-n-d-ingombro-lunghezza-180-mm-ingombro-altezza-188-mm-ingombro-profondita-163-mm-dimensioni-bochetta-63-x-146-mm-portata\\\/\",\"name\":\"Ventilatore centrifugo Sit Cod.\u00b5gt400 Ventola \u00f8 n.d Ingombro lunghezza : 180 mm Ingombro altezza: 188 mm Ingombro profondit\u00e0\u00a0 : 163 mm Dimensioni bochetta : 63 x 146 mm Portata : 420 m\u00b3\\\/h - AMRTOP B2B \u00c9tranger - Achats r\u00e9serv\u00e9s au professionnel\",\"isPartOf\":{\"@id\":\"https:\\\/\\\/amrtop.net\\\/#website\"},\"primaryImageOfPage\":{\"@id\":\"https:\\\/\\\/amrtop.net\\\/produit\\\/ventilatore-centrifugo-sit-cod-%c2%b5gt400-o-ventola-n-d-ingombro-lunghezza-180-mm-ingombro-altezza-188-mm-ingombro-profondita-163-mm-dimensioni-bochetta-63-x-146-mm-portata\\\/#primaryimage\"},\"image\":{\"@id\":\"https:\\\/\\\/amrtop.net\\\/produit\\\/ventilatore-centrifugo-sit-cod-%c2%b5gt400-o-ventola-n-d-ingombro-lunghezza-180-mm-ingombro-altezza-188-mm-ingombro-profondita-163-mm-dimensioni-bochetta-63-x-146-mm-portata\\\/#primaryimage\"},\"thumbnailUrl\":\"https:\\\/\\\/amrtop.net\\\/wp-content\\\/uploads\\\/2021\\\/09\\\/w-SITO-PAG-24-B-1.jpg\",\"datePublished\":\"2020-10-01T00:00:00+00:00\",\"dateModified\":\"2022-01-03T11:00:59+00:00\",\"breadcrumb\":{\"@id\":\"https:\\\/\\\/amrtop.net\\\/produit\\\/ventilatore-centrifugo-sit-cod-%c2%b5gt400-o-ventola-n-d-ingombro-lunghezza-180-mm-ingombro-altezza-188-mm-ingombro-profondita-163-mm-dimensioni-bochetta-63-x-146-mm-portata\\\/#breadcrumb\"},\"inLanguage\":\"es\",\"potentialAction\":[{\"@type\":\"ReadAction\",\"target\":[\"https:\\\/\\\/amrtop.net\\\/produit\\\/ventilatore-centrifugo-sit-cod-%c2%b5gt400-o-ventola-n-d-ingombro-lunghezza-180-mm-ingombro-altezza-188-mm-ingombro-profondita-163-mm-dimensioni-bochetta-63-x-146-mm-portata\\\/\"]}]},{\"@type\":\"ImageObject\",\"inLanguage\":\"es\",\"@id\":\"https:\\\/\\\/amrtop.net\\\/produit\\\/ventilatore-centrifugo-sit-cod-%c2%b5gt400-o-ventola-n-d-ingombro-lunghezza-180-mm-ingombro-altezza-188-mm-ingombro-profondita-163-mm-dimensioni-bochetta-63-x-146-mm-portata\\\/#primaryimage\",\"url\":\"https:\\\/\\\/amrtop.net\\\/wp-content\\\/uploads\\\/2021\\\/09\\\/w-SITO-PAG-24-B-1.jpg\",\"contentUrl\":\"https:\\\/\\\/amrtop.net\\\/wp-content\\\/uploads\\\/2021\\\/09\\\/w-SITO-PAG-24-B-1.jpg\",\"width\":960,\"height\":960},{\"@type\":\"BreadcrumbList\",\"@id\":\"https:\\\/\\\/amrtop.net\\\/produit\\\/ventilatore-centrifugo-sit-cod-%c2%b5gt400-o-ventola-n-d-ingombro-lunghezza-180-mm-ingombro-altezza-188-mm-ingombro-profondita-163-mm-dimensioni-bochetta-63-x-146-mm-portata\\\/#breadcrumb\",\"itemListElement\":[{\"@type\":\"ListItem\",\"position\":1,\"name\":\"Home\",\"item\":\"https:\\\/\\\/amrtop.net\\\/\"},{\"@type\":\"ListItem\",\"position\":2,\"name\":\"Shop\",\"item\":\"https:\\\/\\\/amrtop.net\\\/negozio\\\/\"},{\"@type\":\"ListItem\",\"position\":3,\"name\":\"Ventilatore centrifugo Sit Cod.\u00b5gt400 Ventola \u00f8 n.d Ingombro lunghezza : 180 mm Ingombro altezza: 188 mm Ingombro profondit\u00e0\u00a0 : 163 mm Dimensioni bochetta : 63 x 146 mm Portata : 420 m\u00b3\\\/h\"}]},{\"@type\":\"WebSite\",\"@id\":\"https:\\\/\\\/amrtop.net\\\/#website\",\"url\":\"https:\\\/\\\/amrtop.net\\\/\",\"name\":\"AMRTOP B2B \u00c9tranger - Achats r\u00e9serv\u00e9s au professionnel\",\"description\":\"Pi\u00e8ces de rechange et accessoires pour po\u00eales et chaudi\u00e8res - eCommerce B2B pour Clients Professionnels\",\"potentialAction\":[{\"@type\":\"SearchAction\",\"target\":{\"@type\":\"EntryPoint\",\"urlTemplate\":\"https:\\\/\\\/amrtop.net\\\/?s={search_term_string}\"},\"query-input\":{\"@type\":\"PropertyValueSpecification\",\"valueRequired\":true,\"valueName\":\"search_term_string\"}}],\"inLanguage\":\"es\"}]}<\/script>\n<!-- \/ Yoast SEO plugin. -->","yoast_head_json":{"title":"Ventilatore centrifugo Sit  Cod.\u00b5gt400   Ventola \u00f8 n.d  Ingombro lunghezza : 180 mm  Ingombro altezza: 188 mm  Ingombro profondit\u00e0\u00a0 : 163 mm  Dimensioni bochetta : 63 x 146 mm  Portata : 420 m\u00b3\/h  - AMRTOP B2B \u00c9tranger - Achats r\u00e9serv\u00e9s au professionnel","robots":{"index":"index","follow":"follow","max-snippet":"max-snippet:-1","max-image-preview":"max-image-preview:large","max-video-preview":"max-video-preview:-1"},"canonical":"https:\/\/amrtop.net\/es\/producto\/ventilatore-centrifugo-sit-cod-\u00b5gt400-o-ventola-n-d-ingombro-lunghezza-180-mm-ingombro-altezza-188-mm-ingombro-profondita-163-mm-dimensioni-bochetta-63-x-146-mm-portata\/","og_locale":"es_ES","og_type":"article","og_title":"Ventilatore centrifugo Sit  Cod.\u00b5gt400   Ventola \u00f8 n.d  Ingombro lunghezza : 180 mm  Ingombro altezza: 188 mm  Ingombro profondit\u00e0\u00a0 : 163 mm  Dimensioni bochetta : 63 x 146 mm  Portata : 420 m\u00b3\/h  - AMRTOP B2B \u00c9tranger - Achats r\u00e9serv\u00e9s au professionnel","og_description":"In arrivo","og_url":"https:\/\/amrtop.net\/es\/producto\/ventilatore-centrifugo-sit-cod-\u00b5gt400-o-ventola-n-d-ingombro-lunghezza-180-mm-ingombro-altezza-188-mm-ingombro-profondita-163-mm-dimensioni-bochetta-63-x-146-mm-portata\/","og_site_name":"AMRTOP B2B \u00c9tranger - Achats r\u00e9serv\u00e9s au professionnel","article_modified_time":"2022-01-03T11:00:59+00:00","og_image":[{"width":960,"height":960,"url":"https:\/\/amrtop.net\/wp-content\/uploads\/2021\/09\/w-SITO-PAG-24-B-1.jpg","type":"image\/jpeg"}],"twitter_card":"summary_large_image","schema":{"@context":"https:\/\/schema.org","@graph":[{"@type":"WebPage","@id":"https:\/\/amrtop.net\/produit\/ventilatore-centrifugo-sit-cod-%c2%b5gt400-o-ventola-n-d-ingombro-lunghezza-180-mm-ingombro-altezza-188-mm-ingombro-profondita-163-mm-dimensioni-bochetta-63-x-146-mm-portata\/","url":"https:\/\/amrtop.net\/produit\/ventilatore-centrifugo-sit-cod-%c2%b5gt400-o-ventola-n-d-ingombro-lunghezza-180-mm-ingombro-altezza-188-mm-ingombro-profondita-163-mm-dimensioni-bochetta-63-x-146-mm-portata\/","name":"Ventilatore centrifugo Sit Cod.\u00b5gt400 Ventola \u00f8 n.d Ingombro lunghezza : 180 mm Ingombro altezza: 188 mm Ingombro profondit\u00e0\u00a0 : 163 mm Dimensioni bochetta : 63 x 146 mm Portata : 420 m\u00b3\/h - AMRTOP B2B \u00c9tranger - Achats r\u00e9serv\u00e9s au professionnel","isPartOf":{"@id":"https:\/\/amrtop.net\/#website"},"primaryImageOfPage":{"@id":"https:\/\/amrtop.net\/produit\/ventilatore-centrifugo-sit-cod-%c2%b5gt400-o-ventola-n-d-ingombro-lunghezza-180-mm-ingombro-altezza-188-mm-ingombro-profondita-163-mm-dimensioni-bochetta-63-x-146-mm-portata\/#primaryimage"},"image":{"@id":"https:\/\/amrtop.net\/produit\/ventilatore-centrifugo-sit-cod-%c2%b5gt400-o-ventola-n-d-ingombro-lunghezza-180-mm-ingombro-altezza-188-mm-ingombro-profondita-163-mm-dimensioni-bochetta-63-x-146-mm-portata\/#primaryimage"},"thumbnailUrl":"https:\/\/amrtop.net\/wp-content\/uploads\/2021\/09\/w-SITO-PAG-24-B-1.jpg","datePublished":"2020-10-01T00:00:00+00:00","dateModified":"2022-01-03T11:00:59+00:00","breadcrumb":{"@id":"https:\/\/amrtop.net\/produit\/ventilatore-centrifugo-sit-cod-%c2%b5gt400-o-ventola-n-d-ingombro-lunghezza-180-mm-ingombro-altezza-188-mm-ingombro-profondita-163-mm-dimensioni-bochetta-63-x-146-mm-portata\/#breadcrumb"},"inLanguage":"es","potentialAction":[{"@type":"ReadAction","target":["https:\/\/amrtop.net\/produit\/ventilatore-centrifugo-sit-cod-%c2%b5gt400-o-ventola-n-d-ingombro-lunghezza-180-mm-ingombro-altezza-188-mm-ingombro-profondita-163-mm-dimensioni-bochetta-63-x-146-mm-portata\/"]}]},{"@type":"ImageObject","inLanguage":"es","@id":"https:\/\/amrtop.net\/produit\/ventilatore-centrifugo-sit-cod-%c2%b5gt400-o-ventola-n-d-ingombro-lunghezza-180-mm-ingombro-altezza-188-mm-ingombro-profondita-163-mm-dimensioni-bochetta-63-x-146-mm-portata\/#primaryimage","url":"https:\/\/amrtop.net\/wp-content\/uploads\/2021\/09\/w-SITO-PAG-24-B-1.jpg","contentUrl":"https:\/\/amrtop.net\/wp-content\/uploads\/2021\/09\/w-SITO-PAG-24-B-1.jpg","width":960,"height":960},{"@type":"BreadcrumbList","@id":"https:\/\/amrtop.net\/produit\/ventilatore-centrifugo-sit-cod-%c2%b5gt400-o-ventola-n-d-ingombro-lunghezza-180-mm-ingombro-altezza-188-mm-ingombro-profondita-163-mm-dimensioni-bochetta-63-x-146-mm-portata\/#breadcrumb","itemListElement":[{"@type":"ListItem","position":1,"name":"Home","item":"https:\/\/amrtop.net\/"},{"@type":"ListItem","position":2,"name":"Shop","item":"https:\/\/amrtop.net\/negozio\/"},{"@type":"ListItem","position":3,"name":"Ventilatore centrifugo Sit Cod.\u00b5gt400 Ventola \u00f8 n.d Ingombro lunghezza : 180 mm Ingombro altezza: 188 mm Ingombro profondit\u00e0\u00a0 : 163 mm Dimensioni bochetta : 63 x 146 mm Portata : 420 m\u00b3\/h"}]},{"@type":"WebSite","@id":"https:\/\/amrtop.net\/#website","url":"https:\/\/amrtop.net\/","name":"AMRTOP B2B Abroad - Compras reservadas a los profesionales","description":"Recambios y accesorios para estufas y calderas - Comercio electr\u00f3nico B2B para profesionales","potentialAction":[{"@type":"SearchAction","target":{"@type":"EntryPoint","urlTemplate":"https:\/\/amrtop.net\/?s={search_term_string}"},"query-input":{"@type":"PropertyValueSpecification","valueRequired":true,"valueName":"search_term_string"}}],"inLanguage":"es"}]}},"_links":{"self":[{"href":"https:\/\/amrtop.net\/es\/wp-json\/wp\/v2\/product\/18606","targetHints":{"allow":["GET"]}}],"collection":[{"href":"https:\/\/amrtop.net\/es\/wp-json\/wp\/v2\/product"}],"about":[{"href":"https:\/\/amrtop.net\/es\/wp-json\/wp\/v2\/types\/product"}],"replies":[{"embeddable":true,"href":"https:\/\/amrtop.net\/es\/wp-json\/wp\/v2\/comments?post=18606"}],"wp:featuredmedia":[{"embeddable":true,"href":"https:\/\/amrtop.net\/es\/wp-json\/wp\/v2\/media\/18921"}],"wp:attachment":[{"href":"https:\/\/amrtop.net\/es\/wp-json\/wp\/v2\/media?parent=18606"}],"wp:term":[{"taxonomy":"product_brand","embeddable":true,"href":"https:\/\/amrtop.net\/es\/wp-json\/wp\/v2\/product_brand?post=18606"},{"taxonomy":"product_cat","embeddable":true,"href":"https:\/\/amrtop.net\/es\/wp-json\/wp\/v2\/product_cat?post=18606"},{"taxonomy":"product_tag","embeddable":true,"href":"https:\/\/amrtop.net\/es\/wp-json\/wp\/v2\/product_tag?post=18606"}],"curies":[{"name":"wp","href":"https:\/\/api.w.org\/{rel}","templated":true}]}}