{"id":18627,"date":"1970-01-01T00:00:00","date_gmt":"1970-01-01T00:00:00","guid":{"rendered":"https:\/\/amrtop.com\/B2B\/?post_type=product&#038;p=18627"},"modified":"2023-08-02T11:53:02","modified_gmt":"2023-08-02T11:53:02","slug":"ventilador-para-extractor-de-humos-fandis-codigo-vntf040-altura-40-mm","status":"publish","type":"product","link":"https:\/\/amrtop.net\/es\/produit\/ventilateur-pour-extracteur-de-fumee-fandis-code-vntf040-hauteur-40-mm\/","title":{"rendered":"Ventilador para extractor de humos Fandis C\u00f3digo VNTF040 altura 40 mm"},"content":{"rendered":"<hr \/>\n<h3>Ventilador para extractor de humos Fandis, altura 40 mm<\/h3>\n<p>Amrtop ofrece el extractor de humos Fandis con rotor externo por su solidez y fiabilidad.<\/p>\n<p>Fandis es una marca reconocida internacionalmente por sus conocimientos t\u00e9cnicos y comerciales y por la experiencia que ha adquirido en diversos mercados.<\/p>\n<p>A ello se a\u00f1ade la experiencia adquirida en el campo de la ventilaci\u00f3n aplicada en los sectores de la refrigeraci\u00f3n, la calefacci\u00f3n y la electr\u00f3nica.<\/p>\n<p>Los extractores de humo Fandis ofrecidos por Amrtop han sido dise\u00f1ados para su uso en estufas de pellets y calderas de biomasa. Se suministran con caracol de aluminio fundido a presi\u00f3n y ventilador de aluminio fundido a presi\u00f3n.<\/p>\n<h3>\u00bfPara qu\u00e9 sirve el extractor de humos?<\/h3>\n<p>La extracci\u00f3n y eliminaci\u00f3n de los gases de escape es una aplicaci\u00f3n vital en el sistema de calefacci\u00f3n por pellets, ya que un mal funcionamiento del sistema podr\u00eda provocar la liberaci\u00f3n de sustancias nocivas al medio ambiente.<br \/>\nEl extractor de humos es el componente m\u00e1s importante porque est\u00e1 activo a 100% durante todas las fases de funcionamiento de la estufa.<\/p>\n<h3>Utilizaci\u00f3n del extractor de humos Fandis, altura 40 mm<\/h3>\n<p>El extractor de humos Fandis que ofrece Amrtop se instala en aparatos de biomasa para expulsar el humo creado por la combusti\u00f3n de estufas y calderas de pellets, Nocciolino, Sansa y Cippato.<\/p>\n<p><strong>Presente en aparatos t\u00edpicos<\/strong>\u00a0Estufa de pellets - Caldera de pellets - Quemador de pellets - Barbacoa\/parrilla de pellets Caldera de biomasa - Quemador de biomasa - Y muchos otros quemadores<\/p>\n<h3><strong>Interior<\/strong><\/h3>\n<p><a href=\"https:\/\/wekos.it\/\">Estufas, cocinas y cocinas de le\u00f1a<\/a>\u00a0-\u00a0<a href=\"https:\/\/www.greenpuros.com\/\">chimeneas, estufas y calderas de pellets.<\/a><\/p>\n<h3><strong>Gama Amrtop de recambios y accesorios<\/strong><\/h3>\n<p><a href=\"https:\/\/amrtop.net\/es\/categoria-de-productos\/recambios-miscelaneos-cocinas-y-calderas-2\/bougies-dallumage-pour-poeles-et-chaudieres-a-pellets\/\">Calentadores<\/a><\/p>\n<p><a href=\"https:\/\/amrtop.net\/es\/categoria-de-productos\/recambios-miscelaneos-cocinas-y-calderas-2\/electronique\/\">Electr\u00f3nica<\/a><\/p>\n<p><a href=\"https:\/\/amrtop.net\/es\/categoria-de-productos\/recambios-miscelaneos-cocinas-y-calderas-2\/extracteurs-de-fumee\/\">Extractores de humo<\/a><\/p>\n<p><a href=\"https:\/\/amrtop.net\/es\/categoria-de-productos\/recambios-miscelaneos-cocinas-y-calderas-2\/gaines-cable-connecteurs\/\">Fundas de cables de conexi\u00f3n<\/a><\/p>\n<p><a href=\"https:\/\/amrtop.net\/es\/categoria-de-productos\/recambios-miscelaneos-cocinas-y-calderas-2\/joints-de-silicone\/\">Juntas de silicona<\/a><\/p>\n<p><a href=\"https:\/\/amrtop.net\/es\/categoria-de-productos\/recambios-miscelaneos-cocinas-y-calderas-2\/motoreducteurs\/\">Motorreductores<\/a><\/p>\n<p><a href=\"https:\/\/amrtop.net\/es\/categoria-de-productos\/recambios-miscelaneos-cocinas-y-calderas-2\/pressostats-et-transducteurs\/\">Presostatos y transductores<\/a><\/p>\n<p><a href=\"https:\/\/amrtop.com\/B2B\/fr\/categorie-produit\/ricambi-vari-stufe-e-caldaie\/sonde-termostati-manometri-termometri\/\">Sondas termostatos man\u00f3metros term\u00f3metros<\/a><\/p>\n<p><a href=\"https:\/\/amrtop.net\/es\/categoria-de-productos\/recambios-miscelaneos-cocinas-y-calderas-2\/joints-detancheite\/\">Sellado de trenzas<\/a><\/p>\n<p><a href=\"https:\/\/amrtop.net\/es\/categoria-de-productos\/recambios-miscelaneos-cocinas-y-calderas-2\/ventilateurs-centrifuges-pour-poeles-a-pellets\/\">Ventiladores centr\u00edfugos<\/a><\/p>\n<p><a href=\"https:\/\/amrtop.net\/es\/categoria-de-productos\/recambios-miscelaneos-cocinas-y-calderas-2\/ventilateurs-tangentiels-flux-transversal\/\">Ventiladores de flujo cruzado<\/a><\/p>\n<p><a href=\"https:\/\/amrtop.net\/es\/categoria-de-productos\/recambios-miscelaneos-cocinas-y-calderas-2\/adhesifs-et-produits-detancheite\/\">Colas y selladores<\/a><\/p>\n<p><a href=\"https:\/\/amrtop.com\/B2B\/categoria-prodotto\/ricambi-vari-stufe-e-caldaie\/candelette\/\"><strong>\u00a0<\/strong><\/a><\/p>\n<p>El personal de\u00a0<strong>Amrtop<\/strong>\u00a0ha sido cuidadosamente formado para ayudarle a identificar las piezas de repuesto que necesite sustituir, con asistencia telef\u00f3nica disponible en ingl\u00e9s, franc\u00e9s, rumano e italiano.<br \/>\nNo dude en ponerse en contacto con nosotros<\/p>\n<p>&nbsp;<\/p>","protected":false},"excerpt":{"rendered":"<hr \/>\n<h2><span style=\"color: #008000\">Disponible en<\/span><\/h2>\n<p>C\u00f3digo VNTF040<\/p>\n<p>Altezza : 40 mm<\/p>\n<p>Di\u00e1metro : 150 mm<\/p>","protected":false},"featured_media":35194,"comment_status":"closed","ping_status":"closed","template":"","meta":[],"product_brand":[],"product_cat":[1305,1308,839],"product_tag":[],"class_list":{"0":"post-18627","1":"product","2":"type-product","3":"status-publish","4":"has-post-thumbnail","6":"product_cat-extracteurs-de-fumee","7":"product_cat-extracteurs-de-fumee-fandis","8":"product_cat-pieces-de-rechange-divers-poeles-et-chaudieres","9":"product_shipping_class-classe-di-spedizione-01","11":"first","12":"instock","13":"shipping-taxable","14":"purchasable","15":"product-type-simple"},"yoast_head":"<!-- This site is optimized with the Yoast SEO plugin v27.4 - https:\/\/yoast.com\/product\/yoast-seo-wordpress\/ -->\n<title>Ventilateur pour extracteur de fum\u00e9e Fandis hauteur 40 mm<\/title>\n<meta name=\"description\" content=\"Ventilateur extracteur de fum\u00e9e Fandis hauteur 40 mm-Ventilateur extracteur de fum\u00e9e Fandis rotor externe-Ventilateur extracteur de fum\u00e9e Fandis pour po\u00eales\" \/>\n<meta name=\"robots\" content=\"index, follow, max-snippet:-1, max-image-preview:large, max-video-preview:-1\" \/>\n<link rel=\"canonical\" href=\"https:\/\/amrtop.net\/es\/producto\/ventilador-para-extractor-de-humos-fandis-codigo-vntf040-altura-40-mm\/\" \/>\n<meta property=\"og:locale\" content=\"es_ES\" \/>\n<meta property=\"og:type\" content=\"article\" \/>\n<meta property=\"og:title\" content=\"Ventilateur pour extracteur de fum\u00e9e Fandis hauteur 40 mm\" \/>\n<meta property=\"og:description\" content=\"Ventilateur extracteur de fum\u00e9e Fandis hauteur 40 mm-Ventilateur extracteur de fum\u00e9e Fandis rotor externe-Ventilateur extracteur de fum\u00e9e Fandis pour po\u00eales\" \/>\n<meta property=\"og:url\" content=\"https:\/\/amrtop.net\/es\/producto\/ventilador-para-extractor-de-humos-fandis-codigo-vntf040-altura-40-mm\/\" \/>\n<meta property=\"og:site_name\" content=\"AMRTOP B2B \u00c9tranger - Achats r\u00e9serv\u00e9s au professionnel\" \/>\n<meta property=\"article:modified_time\" content=\"2023-08-02T11:53:02+00:00\" \/>\n<meta property=\"og:image\" content=\"https:\/\/amrtop.net\/wp-content\/uploads\/1970\/01\/VNTF040.jpg\" \/>\n\t<meta property=\"og:image:width\" content=\"960\" \/>\n\t<meta property=\"og:image:height\" content=\"960\" \/>\n\t<meta property=\"og:image:type\" content=\"image\/jpeg\" \/>\n<meta name=\"twitter:card\" content=\"summary_large_image\" \/>\n<meta name=\"twitter:label1\" content=\"Tiempo de lectura\" \/>\n\t<meta name=\"twitter:data1\" content=\"1 minuto\" \/>\n<script type=\"application\/ld+json\" class=\"yoast-schema-graph\">{\"@context\":\"https:\\\/\\\/schema.org\",\"@graph\":[{\"@type\":\"WebPage\",\"@id\":\"https:\\\/\\\/amrtop.net\\\/produit\\\/ventilateur-pour-extracteur-de-fumee-fandis-code-vntf040-hauteur-40-mm\\\/\",\"url\":\"https:\\\/\\\/amrtop.net\\\/produit\\\/ventilateur-pour-extracteur-de-fumee-fandis-code-vntf040-hauteur-40-mm\\\/\",\"name\":\"Ventilateur pour extracteur de fum\u00e9e Fandis hauteur 40 mm\",\"isPartOf\":{\"@id\":\"https:\\\/\\\/amrtop.net\\\/#website\"},\"primaryImageOfPage\":{\"@id\":\"https:\\\/\\\/amrtop.net\\\/produit\\\/ventilateur-pour-extracteur-de-fumee-fandis-code-vntf040-hauteur-40-mm\\\/#primaryimage\"},\"image\":{\"@id\":\"https:\\\/\\\/amrtop.net\\\/produit\\\/ventilateur-pour-extracteur-de-fumee-fandis-code-vntf040-hauteur-40-mm\\\/#primaryimage\"},\"thumbnailUrl\":\"https:\\\/\\\/amrtop.net\\\/wp-content\\\/uploads\\\/1970\\\/01\\\/VNTF040.jpg\",\"datePublished\":\"1970-01-01T00:00:00+00:00\",\"dateModified\":\"2023-08-02T11:53:02+00:00\",\"description\":\"Ventilateur extracteur de fum\u00e9e Fandis hauteur 40 mm-Ventilateur extracteur de fum\u00e9e Fandis rotor externe-Ventilateur extracteur de fum\u00e9e Fandis pour po\u00eales\",\"breadcrumb\":{\"@id\":\"https:\\\/\\\/amrtop.net\\\/produit\\\/ventilateur-pour-extracteur-de-fumee-fandis-code-vntf040-hauteur-40-mm\\\/#breadcrumb\"},\"inLanguage\":\"es\",\"potentialAction\":[{\"@type\":\"ReadAction\",\"target\":[\"https:\\\/\\\/amrtop.net\\\/produit\\\/ventilateur-pour-extracteur-de-fumee-fandis-code-vntf040-hauteur-40-mm\\\/\"]}]},{\"@type\":\"ImageObject\",\"inLanguage\":\"es\",\"@id\":\"https:\\\/\\\/amrtop.net\\\/produit\\\/ventilateur-pour-extracteur-de-fumee-fandis-code-vntf040-hauteur-40-mm\\\/#primaryimage\",\"url\":\"https:\\\/\\\/amrtop.net\\\/wp-content\\\/uploads\\\/1970\\\/01\\\/VNTF040.jpg\",\"contentUrl\":\"https:\\\/\\\/amrtop.net\\\/wp-content\\\/uploads\\\/1970\\\/01\\\/VNTF040.jpg\",\"width\":960,\"height\":960,\"caption\":\"Ventilateur extracteur de fum\u00e9e Fandis hauteur 40 mm-Ventilateur extracteur de fum\u00e9e Fandis rotor externe-Ventilateur extracteur de fum\u00e9e Fandis pour po\u00eales\"},{\"@type\":\"BreadcrumbList\",\"@id\":\"https:\\\/\\\/amrtop.net\\\/produit\\\/ventilateur-pour-extracteur-de-fumee-fandis-code-vntf040-hauteur-40-mm\\\/#breadcrumb\",\"itemListElement\":[{\"@type\":\"ListItem\",\"position\":1,\"name\":\"Home\",\"item\":\"https:\\\/\\\/amrtop.net\\\/\"},{\"@type\":\"ListItem\",\"position\":2,\"name\":\"Shop\",\"item\":\"https:\\\/\\\/amrtop.net\\\/negozio\\\/\"},{\"@type\":\"ListItem\",\"position\":3,\"name\":\"Ventilateur pour extracteur de fum\u00e9e Fandis Code VNTF040 hauteur 40 mm\"}]},{\"@type\":\"WebSite\",\"@id\":\"https:\\\/\\\/amrtop.net\\\/#website\",\"url\":\"https:\\\/\\\/amrtop.net\\\/\",\"name\":\"AMRTOP B2B \u00c9tranger - Achats r\u00e9serv\u00e9s au professionnel\",\"description\":\"Pi\u00e8ces de rechange et accessoires pour po\u00eales et chaudi\u00e8res - eCommerce B2B pour Clients Professionnels\",\"potentialAction\":[{\"@type\":\"SearchAction\",\"target\":{\"@type\":\"EntryPoint\",\"urlTemplate\":\"https:\\\/\\\/amrtop.net\\\/?s={search_term_string}\"},\"query-input\":{\"@type\":\"PropertyValueSpecification\",\"valueRequired\":true,\"valueName\":\"search_term_string\"}}],\"inLanguage\":\"es\"}]}<\/script>\n<!-- \/ Yoast SEO plugin. -->","yoast_head_json":{"title":"Ventilador para extractor de humos Fandis, altura 40 mm","description":"Extractor de humos Fandis altura 40 mm-Extractor de humos Fandis rotor exterior-Extractor de humos Fandis para estufas","robots":{"index":"index","follow":"follow","max-snippet":"max-snippet:-1","max-image-preview":"max-image-preview:large","max-video-preview":"max-video-preview:-1"},"canonical":"https:\/\/amrtop.net\/es\/producto\/ventilador-para-extractor-de-humos-fandis-codigo-vntf040-altura-40-mm\/","og_locale":"es_ES","og_type":"article","og_title":"Ventilateur pour extracteur de fum\u00e9e Fandis hauteur 40 mm","og_description":"Ventilateur extracteur de fum\u00e9e Fandis hauteur 40 mm-Ventilateur extracteur de fum\u00e9e Fandis rotor externe-Ventilateur extracteur de fum\u00e9e Fandis pour po\u00eales","og_url":"https:\/\/amrtop.net\/es\/producto\/ventilador-para-extractor-de-humos-fandis-codigo-vntf040-altura-40-mm\/","og_site_name":"AMRTOP B2B \u00c9tranger - Achats r\u00e9serv\u00e9s au professionnel","article_modified_time":"2023-08-02T11:53:02+00:00","og_image":[{"width":960,"height":960,"url":"https:\/\/amrtop.net\/wp-content\/uploads\/1970\/01\/VNTF040.jpg","type":"image\/jpeg"}],"twitter_card":"summary_large_image","twitter_misc":{"Tiempo de lectura":"1 minuto"},"schema":{"@context":"https:\/\/schema.org","@graph":[{"@type":"WebPage","@id":"https:\/\/amrtop.net\/produit\/ventilateur-pour-extracteur-de-fumee-fandis-code-vntf040-hauteur-40-mm\/","url":"https:\/\/amrtop.net\/produit\/ventilateur-pour-extracteur-de-fumee-fandis-code-vntf040-hauteur-40-mm\/","name":"Ventilador para extractor de humos Fandis, altura 40 mm","isPartOf":{"@id":"https:\/\/amrtop.net\/#website"},"primaryImageOfPage":{"@id":"https:\/\/amrtop.net\/produit\/ventilateur-pour-extracteur-de-fumee-fandis-code-vntf040-hauteur-40-mm\/#primaryimage"},"image":{"@id":"https:\/\/amrtop.net\/produit\/ventilateur-pour-extracteur-de-fumee-fandis-code-vntf040-hauteur-40-mm\/#primaryimage"},"thumbnailUrl":"https:\/\/amrtop.net\/wp-content\/uploads\/1970\/01\/VNTF040.jpg","datePublished":"1970-01-01T00:00:00+00:00","dateModified":"2023-08-02T11:53:02+00:00","description":"Extractor de humos Fandis altura 40 mm-Extractor de humos Fandis rotor exterior-Extractor de humos Fandis para estufas","breadcrumb":{"@id":"https:\/\/amrtop.net\/produit\/ventilateur-pour-extracteur-de-fumee-fandis-code-vntf040-hauteur-40-mm\/#breadcrumb"},"inLanguage":"es","potentialAction":[{"@type":"ReadAction","target":["https:\/\/amrtop.net\/produit\/ventilateur-pour-extracteur-de-fumee-fandis-code-vntf040-hauteur-40-mm\/"]}]},{"@type":"ImageObject","inLanguage":"es","@id":"https:\/\/amrtop.net\/produit\/ventilateur-pour-extracteur-de-fumee-fandis-code-vntf040-hauteur-40-mm\/#primaryimage","url":"https:\/\/amrtop.net\/wp-content\/uploads\/1970\/01\/VNTF040.jpg","contentUrl":"https:\/\/amrtop.net\/wp-content\/uploads\/1970\/01\/VNTF040.jpg","width":960,"height":960,"caption":"Ventilateur extracteur de fum\u00e9e Fandis hauteur 40 mm-Ventilateur extracteur de fum\u00e9e Fandis rotor externe-Ventilateur extracteur de fum\u00e9e Fandis pour po\u00eales"},{"@type":"BreadcrumbList","@id":"https:\/\/amrtop.net\/produit\/ventilateur-pour-extracteur-de-fumee-fandis-code-vntf040-hauteur-40-mm\/#breadcrumb","itemListElement":[{"@type":"ListItem","position":1,"name":"Home","item":"https:\/\/amrtop.net\/"},{"@type":"ListItem","position":2,"name":"Shop","item":"https:\/\/amrtop.net\/negozio\/"},{"@type":"ListItem","position":3,"name":"Ventilateur pour extracteur de fum\u00e9e Fandis Code VNTF040 hauteur 40 mm"}]},{"@type":"WebSite","@id":"https:\/\/amrtop.net\/#website","url":"https:\/\/amrtop.net\/","name":"AMRTOP B2B Abroad - Compras reservadas a los profesionales","description":"Recambios y accesorios para estufas y calderas - Comercio electr\u00f3nico B2B para profesionales","potentialAction":[{"@type":"SearchAction","target":{"@type":"EntryPoint","urlTemplate":"https:\/\/amrtop.net\/?s={search_term_string}"},"query-input":{"@type":"PropertyValueSpecification","valueRequired":true,"valueName":"search_term_string"}}],"inLanguage":"es"}]}},"_links":{"self":[{"href":"https:\/\/amrtop.net\/es\/wp-json\/wp\/v2\/product\/18627","targetHints":{"allow":["GET"]}}],"collection":[{"href":"https:\/\/amrtop.net\/es\/wp-json\/wp\/v2\/product"}],"about":[{"href":"https:\/\/amrtop.net\/es\/wp-json\/wp\/v2\/types\/product"}],"replies":[{"embeddable":true,"href":"https:\/\/amrtop.net\/es\/wp-json\/wp\/v2\/comments?post=18627"}],"wp:featuredmedia":[{"embeddable":true,"href":"https:\/\/amrtop.net\/es\/wp-json\/wp\/v2\/media\/35194"}],"wp:attachment":[{"href":"https:\/\/amrtop.net\/es\/wp-json\/wp\/v2\/media?parent=18627"}],"wp:term":[{"taxonomy":"product_brand","embeddable":true,"href":"https:\/\/amrtop.net\/es\/wp-json\/wp\/v2\/product_brand?post=18627"},{"taxonomy":"product_cat","embeddable":true,"href":"https:\/\/amrtop.net\/es\/wp-json\/wp\/v2\/product_cat?post=18627"},{"taxonomy":"product_tag","embeddable":true,"href":"https:\/\/amrtop.net\/es\/wp-json\/wp\/v2\/product_tag?post=18627"}],"curies":[{"name":"wp","href":"https:\/\/api.w.org\/{rel}","templated":true}]}}